{"id":9738,"date":"2021-06-22T17:27:27","date_gmt":"2021-06-22T20:27:27","guid":{"rendered":"https:\/\/site.redlearning.cl\/?page_id=9738"},"modified":"2025-06-11T19:49:43","modified_gmt":"2025-06-11T22:49:43","slug":"blog","status":"publish","type":"page","link":"https:\/\/site.redlearning.cl\/?page_id=9738","title":{"rendered":"BLOG"},"content":{"rendered":"\t\t<div data-elementor-type=\"wp-page\" data-elementor-id=\"9738\" class=\"elementor elementor-9738\" data-elementor-post-type=\"page\">\n\t\t\t\t\t\t<section class=\"elementor-section elementor-top-section elementor-element elementor-element-56e735e elementor-section-boxed elementor-section-height-default elementor-section-height-default\" data-id=\"56e735e\" data-element_type=\"section\" data-e-type=\"section\">\n\t\t\t\t\t\t<div class=\"elementor-container elementor-column-gap-default\">\n\t\t\t\t\t<div class=\"elementor-column elementor-col-66 elementor-top-column elementor-element elementor-element-f17df18\" data-id=\"f17df18\" data-element_type=\"column\" data-e-type=\"column\">\n\t\t\t<div class=\"elementor-widget-wrap elementor-element-populated\">\n\t\t\t\t\t\t<div class=\"elementor-element elementor-element-2298c18 elementor-widget elementor-widget-heading\" data-id=\"2298c18\" data-element_type=\"widget\" data-e-type=\"widget\" data-widget_type=\"heading.default\">\n\t\t\t\t<div class=\"elementor-widget-container\">\n\t\t\t\t\t<h1 class=\"elementor-heading-title elementor-size-default\">Blog<\/h1>\t\t\t\t<\/div>\n\t\t\t\t<\/div>\n\t\t\t\t\t<\/div>\n\t\t<\/div>\n\t\t\t\t<div class=\"elementor-column elementor-col-33 elementor-top-column elementor-element elementor-element-4b6955d\" data-id=\"4b6955d\" data-element_type=\"column\" data-e-type=\"column\">\n\t\t\t<div class=\"elementor-widget-wrap\">\n\t\t\t\t\t\t\t<\/div>\n\t\t<\/div>\n\t\t\t\t\t<\/div>\n\t\t<\/section>\n\t\t\t\t<section class=\"elementor-section elementor-top-section elementor-element elementor-element-42e351f elementor-section-boxed elementor-section-height-default elementor-section-height-default\" data-id=\"42e351f\" data-element_type=\"section\" data-e-type=\"section\">\n\t\t\t\t\t\t<div class=\"elementor-container elementor-column-gap-default\">\n\t\t\t\t\t<div class=\"elementor-column elementor-col-100 elementor-top-column elementor-element elementor-element-a0197f5\" data-id=\"a0197f5\" data-element_type=\"column\" data-e-type=\"column\">\n\t\t\t<div class=\"elementor-widget-wrap elementor-element-populated\">\n\t\t\t\t\t\t<div class=\"elementor-element elementor-element-82d91d7 elementor-grid-3 elementor-grid-tablet-2 elementor-grid-mobile-1 elementor-posts--thumbnail-top elementor-card-shadow-yes elementor-posts__hover-gradient elementor-widget elementor-widget-posts\" data-id=\"82d91d7\" data-element_type=\"widget\" data-e-type=\"widget\" data-settings=\"{&quot;pagination_type&quot;:&quot;numbers&quot;,&quot;cards_columns&quot;:&quot;3&quot;,&quot;cards_columns_tablet&quot;:&quot;2&quot;,&quot;cards_columns_mobile&quot;:&quot;1&quot;,&quot;cards_row_gap&quot;:{&quot;unit&quot;:&quot;px&quot;,&quot;size&quot;:35,&quot;sizes&quot;:[]},&quot;cards_row_gap_tablet&quot;:{&quot;unit&quot;:&quot;px&quot;,&quot;size&quot;:&quot;&quot;,&quot;sizes&quot;:[]},&quot;cards_row_gap_mobile&quot;:{&quot;unit&quot;:&quot;px&quot;,&quot;size&quot;:&quot;&quot;,&quot;sizes&quot;:[]}}\" data-widget_type=\"posts.cards\">\n\t\t\t\t<div class=\"elementor-widget-container\">\n\t\t\t\t\t\t\t<div class=\"elementor-posts-container elementor-posts elementor-posts--skin-cards elementor-grid\" role=\"list\">\n\t\t\t\t<article class=\"elementor-post elementor-grid-item post-12781 post type-post status-publish format-standard has-post-thumbnail hentry category-comunidad category-salud tag-chile tag-diabetes tag-e-learning tag-formacion-online tag-ges tag-redlearning tag-salud\" role=\"listitem\">\n\t\t\t<div class=\"elementor-post__card\">\n\t\t\t\t<a class=\"elementor-post__thumbnail__link\" href=\"https:\/\/site.redlearning.cl\/?p=12781\" tabindex=\"-1\" ><div class=\"elementor-post__thumbnail\"><img fetchpriority=\"high\" decoding=\"async\" width=\"300\" height=\"200\" src=\"https:\/\/site.redlearning.cl\/wp-content\/uploads\/2022\/11\/nurse-measuring-blood-sugar-of-elderly-woman-at-home-doctor-checking-elderly-woman-s-blood-sugar-1-300x200.jpg\" class=\"attachment-medium size-medium wp-image-12782\" alt=\"\" srcset=\"https:\/\/site.redlearning.cl\/wp-content\/uploads\/2022\/11\/nurse-measuring-blood-sugar-of-elderly-woman-at-home-doctor-checking-elderly-woman-s-blood-sugar-1-300x200.jpg 300w, https:\/\/site.redlearning.cl\/wp-content\/uploads\/2022\/11\/nurse-measuring-blood-sugar-of-elderly-woman-at-home-doctor-checking-elderly-woman-s-blood-sugar-1-1024x683.jpg 1024w, https:\/\/site.redlearning.cl\/wp-content\/uploads\/2022\/11\/nurse-measuring-blood-sugar-of-elderly-woman-at-home-doctor-checking-elderly-woman-s-blood-sugar-1-768x512.jpg 768w, https:\/\/site.redlearning.cl\/wp-content\/uploads\/2022\/11\/nurse-measuring-blood-sugar-of-elderly-woman-at-home-doctor-checking-elderly-woman-s-blood-sugar-1-1536x1024.jpg 1536w, https:\/\/site.redlearning.cl\/wp-content\/uploads\/2022\/11\/nurse-measuring-blood-sugar-of-elderly-woman-at-home-doctor-checking-elderly-woman-s-blood-sugar-1-2048x1365.jpg 2048w, https:\/\/site.redlearning.cl\/wp-content\/uploads\/2022\/11\/nurse-measuring-blood-sugar-of-elderly-woman-at-home-doctor-checking-elderly-woman-s-blood-sugar-1-600x400.jpg 600w, https:\/\/site.redlearning.cl\/wp-content\/uploads\/2022\/11\/nurse-measuring-blood-sugar-of-elderly-woman-at-home-doctor-checking-elderly-woman-s-blood-sugar-1-64x43.jpg 64w\" sizes=\"(max-width: 300px) 100vw, 300px\" \/><\/div><\/a>\n\t\t\t\t<div class=\"elementor-post__badge\">Comunidad<\/div>\n\t\t\t\t<div class=\"elementor-post__text\">\n\t\t\t\t<h3 class=\"elementor-post__title\">\n\t\t\t<a href=\"https:\/\/site.redlearning.cl\/?p=12781\" >\n\t\t\t\tConoce la cobertura GES de la Diabetes en Chile\t\t\t<\/a>\n\t\t<\/h3>\n\t\t\t\t<div class=\"elementor-post__excerpt\">\n\t\t\t<p>A partir del 1 de Octubre del presente a\u00f1o se han realizado mejoras en la canasta de prestaciones de las Garant\u00edas Expl\u00edcitas en Salud. Contin\u00faa<\/p>\n\t\t<\/div>\n\t\t\n\t\t<a class=\"elementor-post__read-more\" href=\"https:\/\/site.redlearning.cl\/?p=12781\" aria-label=\"M\u00e1s informaci\u00f3n sobre Conoce la cobertura GES de la Diabetes en Chile\" tabindex=\"-1\" >\n\t\t\tLeer m\u00e1s \u00bb\t\t<\/a>\n\n\t\t\t\t<\/div>\n\t\t\t\t<div class=\"elementor-post__meta-data\">\n\t\t\t\t\t<span class=\"elementor-post-avatar\">\n\t\t\t11 comentarios\t\t<\/span>\n\t\t\t\t<\/div>\n\t\t\t\t\t<\/div>\n\t\t<\/article>\n\t\t\t\t<article class=\"elementor-post elementor-grid-item post-13860 post type-post status-publish format-standard has-post-thumbnail hentry category-comunidad\" role=\"listitem\">\n\t\t\t<div class=\"elementor-post__card\">\n\t\t\t\t<a class=\"elementor-post__thumbnail__link\" href=\"https:\/\/site.redlearning.cl\/?p=13860\" tabindex=\"-1\" ><div class=\"elementor-post__thumbnail\"><img decoding=\"async\" width=\"300\" height=\"200\" src=\"https:\/\/site.redlearning.cl\/wp-content\/uploads\/2023\/02\/mental-health-day-man-holding-brain-illustration-on-gray-wall-300x200.jpg\" class=\"attachment-medium size-medium wp-image-13862\" alt=\"\" srcset=\"https:\/\/site.redlearning.cl\/wp-content\/uploads\/2023\/02\/mental-health-day-man-holding-brain-illustration-on-gray-wall-300x200.jpg 300w, https:\/\/site.redlearning.cl\/wp-content\/uploads\/2023\/02\/mental-health-day-man-holding-brain-illustration-on-gray-wall-1024x683.jpg 1024w, https:\/\/site.redlearning.cl\/wp-content\/uploads\/2023\/02\/mental-health-day-man-holding-brain-illustration-on-gray-wall-768x512.jpg 768w, https:\/\/site.redlearning.cl\/wp-content\/uploads\/2023\/02\/mental-health-day-man-holding-brain-illustration-on-gray-wall-1536x1024.jpg 1536w, https:\/\/site.redlearning.cl\/wp-content\/uploads\/2023\/02\/mental-health-day-man-holding-brain-illustration-on-gray-wall-2048x1365.jpg 2048w, https:\/\/site.redlearning.cl\/wp-content\/uploads\/2023\/02\/mental-health-day-man-holding-brain-illustration-on-gray-wall-600x400.jpg 600w, https:\/\/site.redlearning.cl\/wp-content\/uploads\/2023\/02\/mental-health-day-man-holding-brain-illustration-on-gray-wall-64x43.jpg 64w\" sizes=\"(max-width: 300px) 100vw, 300px\" \/><\/div><\/a>\n\t\t\t\t<div class=\"elementor-post__badge\">Comunidad<\/div>\n\t\t\t\t<div class=\"elementor-post__text\">\n\t\t\t\t<h3 class=\"elementor-post__title\">\n\t\t\t<a href=\"https:\/\/site.redlearning.cl\/?p=13860\" >\n\t\t\t\t\u00bfCu\u00e1l es la principal preocupaci\u00f3n sanitaria en Chile?\t\t\t<\/a>\n\t\t<\/h3>\n\t\t\t\t<div class=\"elementor-post__excerpt\">\n\t\t\t<p>Cerca de un 42% de nuestra poblaci\u00f3n cree que el sistema de salud considera m\u00e1s importante la bienestar f\u00edsico que el mental Sin embargo, en<\/p>\n\t\t<\/div>\n\t\t\n\t\t<a class=\"elementor-post__read-more\" href=\"https:\/\/site.redlearning.cl\/?p=13860\" aria-label=\"M\u00e1s informaci\u00f3n sobre \u00bfCu\u00e1l es la principal preocupaci\u00f3n sanitaria en Chile?\" tabindex=\"-1\" >\n\t\t\tLeer m\u00e1s \u00bb\t\t<\/a>\n\n\t\t\t\t<\/div>\n\t\t\t\t<div class=\"elementor-post__meta-data\">\n\t\t\t\t\t<span class=\"elementor-post-avatar\">\n\t\t\tNo hay comentarios\t\t<\/span>\n\t\t\t\t<\/div>\n\t\t\t\t\t<\/div>\n\t\t<\/article>\n\t\t\t\t<article class=\"elementor-post elementor-grid-item post-13760 post type-post status-publish format-standard has-post-thumbnail hentry category-comunidad\" role=\"listitem\">\n\t\t\t<div class=\"elementor-post__card\">\n\t\t\t\t<a class=\"elementor-post__thumbnail__link\" href=\"https:\/\/site.redlearning.cl\/?p=13760\" tabindex=\"-1\" ><div class=\"elementor-post__thumbnail\"><img decoding=\"async\" width=\"300\" height=\"300\" src=\"https:\/\/site.redlearning.cl\/wp-content\/uploads\/2023\/01\/pataletas-300x300.png\" class=\"attachment-medium size-medium wp-image-13761\" alt=\"\" srcset=\"https:\/\/site.redlearning.cl\/wp-content\/uploads\/2023\/01\/pataletas-300x300.png 300w, https:\/\/site.redlearning.cl\/wp-content\/uploads\/2023\/01\/pataletas-1024x1024.png 1024w, https:\/\/site.redlearning.cl\/wp-content\/uploads\/2023\/01\/pataletas-150x150.png 150w, https:\/\/site.redlearning.cl\/wp-content\/uploads\/2023\/01\/pataletas-768x768.png 768w, https:\/\/site.redlearning.cl\/wp-content\/uploads\/2023\/01\/pataletas-600x600.png 600w, https:\/\/site.redlearning.cl\/wp-content\/uploads\/2023\/01\/pataletas-100x100.png 100w, https:\/\/site.redlearning.cl\/wp-content\/uploads\/2023\/01\/pataletas-64x64.png 64w, https:\/\/site.redlearning.cl\/wp-content\/uploads\/2023\/01\/pataletas.png 1080w\" sizes=\"(max-width: 300px) 100vw, 300px\" \/><\/div><\/a>\n\t\t\t\t<div class=\"elementor-post__badge\">Comunidad<\/div>\n\t\t\t\t<div class=\"elementor-post__text\">\n\t\t\t\t<h3 class=\"elementor-post__title\">\n\t\t\t<a href=\"https:\/\/site.redlearning.cl\/?p=13760\" >\n\t\t\t\t\u00bf Existe una f\u00f3rmula para evitar las pataletas?\t\t\t<\/a>\n\t\t<\/h3>\n\t\t\t\t<div class=\"elementor-post__excerpt\">\n\t\t\t<p>Es normal que cualquier persona se enoje o\u00a0se frustre cuando algo no resulta. Nos ocurre a los adultos y con mayor frecuencia a los ni\u00f1os<\/p>\n\t\t<\/div>\n\t\t\n\t\t<a class=\"elementor-post__read-more\" href=\"https:\/\/site.redlearning.cl\/?p=13760\" aria-label=\"M\u00e1s informaci\u00f3n sobre \u00bf Existe una f\u00f3rmula para evitar las pataletas?\" tabindex=\"-1\" >\n\t\t\tLeer m\u00e1s \u00bb\t\t<\/a>\n\n\t\t\t\t<\/div>\n\t\t\t\t<div class=\"elementor-post__meta-data\">\n\t\t\t\t\t<span class=\"elementor-post-avatar\">\n\t\t\t1 comentario\t\t<\/span>\n\t\t\t\t<\/div>\n\t\t\t\t\t<\/div>\n\t\t<\/article>\n\t\t\t\t<article class=\"elementor-post elementor-grid-item post-13716 post type-post status-publish format-standard has-post-thumbnail hentry category-comunidad\" role=\"listitem\">\n\t\t\t<div class=\"elementor-post__card\">\n\t\t\t\t<a class=\"elementor-post__thumbnail__link\" href=\"https:\/\/site.redlearning.cl\/?p=13716\" tabindex=\"-1\" ><div class=\"elementor-post__thumbnail\"><img loading=\"lazy\" decoding=\"async\" width=\"300\" height=\"205\" src=\"https:\/\/site.redlearning.cl\/wp-content\/uploads\/2023\/01\/popular-colorful-anti-stress-touch-toy-dragon-shaped-fidgets-push-pop-it-in-the-hands-of-child-1-300x205.jpg\" class=\"attachment-medium size-medium wp-image-13719\" alt=\"\" srcset=\"https:\/\/site.redlearning.cl\/wp-content\/uploads\/2023\/01\/popular-colorful-anti-stress-touch-toy-dragon-shaped-fidgets-push-pop-it-in-the-hands-of-child-1-300x205.jpg 300w, https:\/\/site.redlearning.cl\/wp-content\/uploads\/2023\/01\/popular-colorful-anti-stress-touch-toy-dragon-shaped-fidgets-push-pop-it-in-the-hands-of-child-1-1024x700.jpg 1024w, https:\/\/site.redlearning.cl\/wp-content\/uploads\/2023\/01\/popular-colorful-anti-stress-touch-toy-dragon-shaped-fidgets-push-pop-it-in-the-hands-of-child-1-768x525.jpg 768w, https:\/\/site.redlearning.cl\/wp-content\/uploads\/2023\/01\/popular-colorful-anti-stress-touch-toy-dragon-shaped-fidgets-push-pop-it-in-the-hands-of-child-1-1536x1051.jpg 1536w, https:\/\/site.redlearning.cl\/wp-content\/uploads\/2023\/01\/popular-colorful-anti-stress-touch-toy-dragon-shaped-fidgets-push-pop-it-in-the-hands-of-child-1-2048x1401.jpg 2048w, https:\/\/site.redlearning.cl\/wp-content\/uploads\/2023\/01\/popular-colorful-anti-stress-touch-toy-dragon-shaped-fidgets-push-pop-it-in-the-hands-of-child-1-600x410.jpg 600w, https:\/\/site.redlearning.cl\/wp-content\/uploads\/2023\/01\/popular-colorful-anti-stress-touch-toy-dragon-shaped-fidgets-push-pop-it-in-the-hands-of-child-1-64x44.jpg 64w\" sizes=\"(max-width: 300px) 100vw, 300px\" \/><\/div><\/a>\n\t\t\t\t<div class=\"elementor-post__badge\">Comunidad<\/div>\n\t\t\t\t<div class=\"elementor-post__text\">\n\t\t\t\t<h3 class=\"elementor-post__title\">\n\t\t\t<a href=\"https:\/\/site.redlearning.cl\/?p=13716\" >\n\t\t\t\t\u00bfQu\u00e9 promueve el proyecto de Ley TEA y en qu\u00e9 etapa se encuentra?\t\t\t<\/a>\n\t\t<\/h3>\n\t\t\t\t<div class=\"elementor-post__excerpt\">\n\t\t\t<p>El Senado despach\u00f3 a tercer tr\u00e1mite la Ley TEA, proyecto que propone un nuevo marco legal para promover la inclusi\u00f3n y el desarrollo social. Ahora,<\/p>\n\t\t<\/div>\n\t\t\n\t\t<a class=\"elementor-post__read-more\" href=\"https:\/\/site.redlearning.cl\/?p=13716\" aria-label=\"M\u00e1s informaci\u00f3n sobre \u00bfQu\u00e9 promueve el proyecto de Ley TEA y en qu\u00e9 etapa se encuentra?\" tabindex=\"-1\" >\n\t\t\tLeer m\u00e1s \u00bb\t\t<\/a>\n\n\t\t\t\t<\/div>\n\t\t\t\t<div class=\"elementor-post__meta-data\">\n\t\t\t\t\t<span class=\"elementor-post-avatar\">\n\t\t\t1 comentario\t\t<\/span>\n\t\t\t\t<\/div>\n\t\t\t\t\t<\/div>\n\t\t<\/article>\n\t\t\t\t<article class=\"elementor-post elementor-grid-item post-13673 post type-post status-publish format-standard has-post-thumbnail hentry category-comunidad category-cultura category-salud category-sin-categoria tag-chile tag-covid-19 tag-profesionales-de-la-salud tag-redlearning tag-salud tag-vacuna-bivalente\" role=\"listitem\">\n\t\t\t<div class=\"elementor-post__card\">\n\t\t\t\t<a class=\"elementor-post__thumbnail__link\" href=\"https:\/\/site.redlearning.cl\/?p=13673\" tabindex=\"-1\" ><div class=\"elementor-post__thumbnail\"><img loading=\"lazy\" decoding=\"async\" width=\"300\" height=\"169\" src=\"https:\/\/site.redlearning.cl\/wp-content\/uploads\/2023\/01\/doctor-with-gloves-vaccinating-patient-300x169.jpg\" class=\"attachment-medium size-medium wp-image-13674\" alt=\"\" srcset=\"https:\/\/site.redlearning.cl\/wp-content\/uploads\/2023\/01\/doctor-with-gloves-vaccinating-patient-300x169.jpg 300w, https:\/\/site.redlearning.cl\/wp-content\/uploads\/2023\/01\/doctor-with-gloves-vaccinating-patient-1024x576.jpg 1024w, https:\/\/site.redlearning.cl\/wp-content\/uploads\/2023\/01\/doctor-with-gloves-vaccinating-patient-768x432.jpg 768w, https:\/\/site.redlearning.cl\/wp-content\/uploads\/2023\/01\/doctor-with-gloves-vaccinating-patient-1536x864.jpg 1536w, https:\/\/site.redlearning.cl\/wp-content\/uploads\/2023\/01\/doctor-with-gloves-vaccinating-patient-2048x1152.jpg 2048w, https:\/\/site.redlearning.cl\/wp-content\/uploads\/2023\/01\/doctor-with-gloves-vaccinating-patient-600x338.jpg 600w, https:\/\/site.redlearning.cl\/wp-content\/uploads\/2023\/01\/doctor-with-gloves-vaccinating-patient-64x36.jpg 64w\" sizes=\"(max-width: 300px) 100vw, 300px\" \/><\/div><\/a>\n\t\t\t\t<div class=\"elementor-post__badge\">Comunidad<\/div>\n\t\t\t\t<div class=\"elementor-post__text\">\n\t\t\t\t<h3 class=\"elementor-post__title\">\n\t\t\t<a href=\"https:\/\/site.redlearning.cl\/?p=13673\" >\n\t\t\t\t\u00bfC\u00d3MO FUNCIONA LA VACUNA BIVALENTE CONTRA EL COVID-19?\t\t\t<\/a>\n\t\t<\/h3>\n\t\t\t\t<div class=\"elementor-post__excerpt\">\n\t\t\t<p>Chile es el primer pa\u00eds de Latinoam\u00e9rica en tener la vacuna bivalente del laboratorio Pfizer-BioNTech.\u00a0El primer env\u00edo de vacunas consiste en 334.800 dosis. Durante el<\/p>\n\t\t<\/div>\n\t\t\n\t\t<a class=\"elementor-post__read-more\" href=\"https:\/\/site.redlearning.cl\/?p=13673\" aria-label=\"M\u00e1s informaci\u00f3n sobre \u00bfC\u00d3MO FUNCIONA LA VACUNA BIVALENTE CONTRA EL COVID-19?\" tabindex=\"-1\" >\n\t\t\tLeer m\u00e1s \u00bb\t\t<\/a>\n\n\t\t\t\t<\/div>\n\t\t\t\t<div class=\"elementor-post__meta-data\">\n\t\t\t\t\t<span class=\"elementor-post-avatar\">\n\t\t\tNo hay comentarios\t\t<\/span>\n\t\t\t\t<\/div>\n\t\t\t\t\t<\/div>\n\t\t<\/article>\n\t\t\t\t<article class=\"elementor-post elementor-grid-item post-13516 post type-post status-publish format-standard has-post-thumbnail hentry category-comunidad category-salud tag-capacitacion tag-chile tag-elearning tag-formacion-online tag-profesionales-de-la-salud tag-redlearning tag-salud tag-sifilis\" role=\"listitem\">\n\t\t\t<div class=\"elementor-post__card\">\n\t\t\t\t<a class=\"elementor-post__thumbnail__link\" href=\"https:\/\/site.redlearning.cl\/?p=13516\" tabindex=\"-1\" ><div class=\"elementor-post__thumbnail\"><img loading=\"lazy\" decoding=\"async\" width=\"300\" height=\"200\" src=\"https:\/\/site.redlearning.cl\/wp-content\/uploads\/2023\/01\/medical-equipment-condom-in-pack-doctor-stethoscope-and-male-and-female-gender-signs-300x200.jpg\" class=\"attachment-medium size-medium wp-image-13522\" alt=\"\" srcset=\"https:\/\/site.redlearning.cl\/wp-content\/uploads\/2023\/01\/medical-equipment-condom-in-pack-doctor-stethoscope-and-male-and-female-gender-signs-300x200.jpg 300w, https:\/\/site.redlearning.cl\/wp-content\/uploads\/2023\/01\/medical-equipment-condom-in-pack-doctor-stethoscope-and-male-and-female-gender-signs-1024x683.jpg 1024w, https:\/\/site.redlearning.cl\/wp-content\/uploads\/2023\/01\/medical-equipment-condom-in-pack-doctor-stethoscope-and-male-and-female-gender-signs-768x513.jpg 768w, https:\/\/site.redlearning.cl\/wp-content\/uploads\/2023\/01\/medical-equipment-condom-in-pack-doctor-stethoscope-and-male-and-female-gender-signs-1536x1025.jpg 1536w, https:\/\/site.redlearning.cl\/wp-content\/uploads\/2023\/01\/medical-equipment-condom-in-pack-doctor-stethoscope-and-male-and-female-gender-signs-2048x1367.jpg 2048w, https:\/\/site.redlearning.cl\/wp-content\/uploads\/2023\/01\/medical-equipment-condom-in-pack-doctor-stethoscope-and-male-and-female-gender-signs-600x400.jpg 600w, https:\/\/site.redlearning.cl\/wp-content\/uploads\/2023\/01\/medical-equipment-condom-in-pack-doctor-stethoscope-and-male-and-female-gender-signs-64x43.jpg 64w\" sizes=\"(max-width: 300px) 100vw, 300px\" \/><\/div><\/a>\n\t\t\t\t<div class=\"elementor-post__badge\">Comunidad<\/div>\n\t\t\t\t<div class=\"elementor-post__text\">\n\t\t\t\t<h3 class=\"elementor-post__title\">\n\t\t\t<a href=\"https:\/\/site.redlearning.cl\/?p=13516\" >\n\t\t\t\tSIFILIS: La Enfermedad de Transmisi\u00f3n Sexual mas predominante en Chile\t\t\t<\/a>\n\t\t<\/h3>\n\t\t\t\t<div class=\"elementor-post__excerpt\">\n\t\t\t<p>El Ministerio de Salud dio a conocer su diagn\u00f3stico \u201cVIH, Sida e Infecciones de Transmisi\u00f3n Sexual (ITS) en los territorios del pa\u00eds\u201d, revelando que la<\/p>\n\t\t<\/div>\n\t\t\n\t\t<a class=\"elementor-post__read-more\" href=\"https:\/\/site.redlearning.cl\/?p=13516\" aria-label=\"M\u00e1s informaci\u00f3n sobre SIFILIS: La Enfermedad de Transmisi\u00f3n Sexual mas predominante en Chile\" tabindex=\"-1\" >\n\t\t\tLeer m\u00e1s \u00bb\t\t<\/a>\n\n\t\t\t\t<\/div>\n\t\t\t\t<div class=\"elementor-post__meta-data\">\n\t\t\t\t\t<span class=\"elementor-post-avatar\">\n\t\t\t1 comentario\t\t<\/span>\n\t\t\t\t<\/div>\n\t\t\t\t\t<\/div>\n\t\t<\/article>\n\t\t\t\t<\/div>\n\t\t\n\t\t\t\t<div class=\"e-load-more-anchor\" data-page=\"1\" data-max-page=\"12\" data-next-page=\"https:\/\/site.redlearning.cl\/index.php?rest_route=%2Fwp%2Fv2%2Fpages%2F9738&#038;paged=2\"><\/div>\n\t\t\t\t<nav class=\"elementor-pagination\" aria-label=\"Paginaci\u00f3n\">\n\t\t\t<span aria-current=\"page\" class=\"page-numbers current\"><span class=\"elementor-screen-only\">P\u00e1gina<\/span>1<\/span>\n<a class=\"page-numbers\" href=\"https:\/\/site.redlearning.cl\/index.php\/?paged=2\"><span class=\"elementor-screen-only\">P\u00e1gina<\/span>2<\/a>\n<a class=\"page-numbers\" href=\"https:\/\/site.redlearning.cl\/index.php\/?paged=3\"><span class=\"elementor-screen-only\">P\u00e1gina<\/span>3<\/a>\n<a class=\"page-numbers\" href=\"https:\/\/site.redlearning.cl\/index.php\/?paged=4\"><span class=\"elementor-screen-only\">P\u00e1gina<\/span>4<\/a>\n<a class=\"page-numbers\" href=\"https:\/\/site.redlearning.cl\/index.php\/?paged=5\"><span class=\"elementor-screen-only\">P\u00e1gina<\/span>5<\/a>\t\t<\/nav>\n\t\t\t\t\t\t<\/div>\n\t\t\t\t<\/div>\n\t\t\t\t\t<\/div>\n\t\t<\/div>\n\t\t\t\t\t<\/div>\n\t\t<\/section>\n\t\t\t\t<\/div>\n\t\t","protected":false},"excerpt":{"rendered":"<p>Blog<\/p>\n","protected":false},"author":1,"featured_media":0,"parent":0,"menu_order":0,"comment_status":"closed","ping_status":"closed","template":"","meta":{"site-sidebar-layout":"no-sidebar","site-content-layout":"page-builder","ast-site-content-layout":"default","site-content-style":"default","site-sidebar-style":"default","ast-global-header-display":"","ast-banner-title-visibility":"","ast-main-header-display":"","ast-hfb-above-header-display":"","ast-hfb-below-header-display":"","ast-hfb-mobile-header-display":"","site-post-title":"disabled","ast-breadcrumbs-content":"","ast-featured-img":"disabled","footer-sml-layout":"","ast-disable-related-posts":"","theme-transparent-header-meta":"default","adv-header-id-meta":"","stick-header-meta":"","header-above-stick-meta":"","header-main-stick-meta":"","header-below-stick-meta":"","astra-migrate-meta-layouts":"default","ast-page-background-enabled":"default","ast-page-background-meta":{"desktop":{"background-color":"","background-image":"","background-repeat":"repeat","background-position":"center center","background-size":"auto","background-attachment":"scroll","background-type":"","background-media":"","overlay-type":"","overlay-color":"","overlay-opacity":"","overlay-gradient":""},"tablet":{"background-color":"","background-image":"","background-repeat":"repeat","background-position":"center center","background-size":"auto","background-attachment":"scroll","background-type":"","background-media":"","overlay-type":"","overlay-color":"","overlay-opacity":"","overlay-gradient":""},"mobile":{"background-color":"","background-image":"","background-repeat":"repeat","background-position":"center center","background-size":"auto","background-attachment":"scroll","background-type":"","background-media":"","overlay-type":"","overlay-color":"","overlay-opacity":"","overlay-gradient":""}},"ast-content-background-meta":{"desktop":{"background-color":"var(--ast-global-color-5)","background-image":"","background-repeat":"repeat","background-position":"center center","background-size":"auto","background-attachment":"scroll","background-type":"","background-media":"","overlay-type":"","overlay-color":"","overlay-opacity":"","overlay-gradient":""},"tablet":{"background-color":"var(--ast-global-color-5)","background-image":"","background-repeat":"repeat","background-position":"center center","background-size":"auto","background-attachment":"scroll","background-type":"","background-media":"","overlay-type":"","overlay-color":"","overlay-opacity":"","overlay-gradient":""},"mobile":{"background-color":"var(--ast-global-color-5)","background-image":"","background-repeat":"repeat","background-position":"center center","background-size":"auto","background-attachment":"scroll","background-type":"","background-media":"","overlay-type":"","overlay-color":"","overlay-opacity":"","overlay-gradient":""}},"courseId":0,"_joinchat":[],"footnotes":""},"class_list":["post-9738","page","type-page","status-publish","hentry"],"_links":{"self":[{"href":"https:\/\/site.redlearning.cl\/index.php?rest_route=\/wp\/v2\/pages\/9738","targetHints":{"allow":["GET"]}}],"collection":[{"href":"https:\/\/site.redlearning.cl\/index.php?rest_route=\/wp\/v2\/pages"}],"about":[{"href":"https:\/\/site.redlearning.cl\/index.php?rest_route=\/wp\/v2\/types\/page"}],"author":[{"embeddable":true,"href":"https:\/\/site.redlearning.cl\/index.php?rest_route=\/wp\/v2\/users\/1"}],"replies":[{"embeddable":true,"href":"https:\/\/site.redlearning.cl\/index.php?rest_route=%2Fwp%2Fv2%2Fcomments&post=9738"}],"version-history":[{"count":16,"href":"https:\/\/site.redlearning.cl\/index.php?rest_route=\/wp\/v2\/pages\/9738\/revisions"}],"predecessor-version":[{"id":19482,"href":"https:\/\/site.redlearning.cl\/index.php?rest_route=\/wp\/v2\/pages\/9738\/revisions\/19482"}],"wp:attachment":[{"href":"https:\/\/site.redlearning.cl\/index.php?rest_route=%2Fwp%2Fv2%2Fmedia&parent=9738"}],"curies":[{"name":"wp","href":"https:\/\/api.w.org\/{rel}","templated":true}]}}