{"id":10592,"date":"2021-12-09T11:33:28","date_gmt":"2021-12-09T14:33:28","guid":{"rendered":"https:\/\/site.redlearning.cl\/?post_type=product&#038;p=10592"},"modified":"2025-11-07T12:01:06","modified_gmt":"2025-11-07T15:01:06","slug":"diplomado-desafios-actuales-sobre-nutricion-vegana-y-vegetariana","status":"publish","type":"product","link":"https:\/\/site.redlearning.cl\/?product=diplomado-desafios-actuales-sobre-nutricion-vegana-y-vegetariana","title":{"rendered":"Curso Desaf\u00edos Actuales sobre Nutrici\u00f3n Vegana y Vegetariana"},"content":{"rendered":"<p>Alimentarse, es incorporar energ\u00eda y nutrientes al organismo, siendo una necesidad que poseen todas y todos los seres vivos. La alimentaci\u00f3n vegana y vegetariana, es aquella alimentaci\u00f3n en la cual persona se alimenta de productos de no origen animal, como la carne o productos que la contengan, sustent\u00e1ndose m\u00e1s bien en alimentos naturales y vivos nutricionalmente. En la actualidad, ambos modelos de alimentaci\u00f3n saludable no est\u00e1n estandarizados, debido a que se nutren de diferentes corrientes. Por lo mismo, las personas tienen la libertad de elegir qu\u00e9 tipo de Dieta es m\u00e1s conveniente para su organismo, considerando sus diferentes motivaciones fisiol\u00f3gicas, \u00e9tico-filos\u00f3ficas o econ\u00f3micas.<\/p>\n<p>Con el inter\u00e9s de ser un aporte a la sociedad para la correcta pr\u00e1ctica de una dieta vegana o vegetariana se dise\u00f1a este curso. En el cual se examinar\u00e1n los diferentes alimentos que componen ambas dietas, sus propiedades nutricionales, ingredientes, agregados, as\u00ed como la biodisponibilidad de los variados nutrientes cr\u00edticos necesarios para el organismo.<\/p>\n<p>El presente curso buscar integrar saberes \u00fatiles para comprender y valorar el modelo de alimentaci\u00f3n vegana y vegetariana, a fin de construir planes de alimentaci\u00f3n, de acuerdo a las propiedades nutricionales de los alimentos y a los actuales desaf\u00edos que enfrentan ambos tipos de dieta de alimentaci\u00f3n saludable.<\/p>\n<h2><span style=\"color: #0099cd;\">Objetivo General<\/span><\/h2>\n<hr \/>\n<p>Valorar el modelo de alimentaci\u00f3n vegana y vegetariana, a fin de construir planes de alimentaci\u00f3n, de acuerdo a las propiedades nutricionales de los alimentos y a los actuales desaf\u00edos que enfrentan ambos tipos de dieta de alimentaci\u00f3n saludable.<\/p>\n<h2><span style=\"color: #0099cd;\">Metodolog\u00eda<\/span><\/h2>\n<hr \/>\n<p>Modalidad 100% Online, asincr\u00f3nico y a tu ritmo. Contar\u00e1s con tutores desde el principio al fin de tu formaci\u00f3n, nunca estar\u00e1s sol@.<\/p>\n<h2><span style=\"color: #0099cd;\">Temario<\/span><\/h2>\n<hr \/>\n<div class=\"lightweight-accordion bordered has-text-color has-background\"><details><summary class=\"lightweight-accordion-title\" style=\"color:#ffffff;background:#0099cd;\"><span>M\u00f3dulo I - Veganismo y vegetarismo \u00bfQu\u00e9 son?<\/span><\/summary><div class=\"lightweight-accordion-body\" style=\"border-color:#0099cd;\"><h6><span style=\"color: #0099cd;\">Objetivos espec\u00edficos: <\/span>Reconocer los principios y tipos de veganismo y vegetarianismo existente, buscando comprender las particularidades relacionadas a la elecci\u00f3n de los modelos de alimentaci\u00f3n vegana y vegetariana.<\/h6>\n<h6><span style=\"color: #0099cd;\">Duraci\u00f3n: <\/span>30 horas<\/h6>\n<h6><span style=\"color: #0099cd;\">Contenidos:<\/span><\/h6>\n<ul>\n<li>Vegetarianismo y veganismo: \u00bfQu\u00e9 es?<\/li>\n<li>Los principios de una alimentaci\u00f3n saludable.<\/li>\n<li>Los macronutrientes y micronutrientes.<\/li>\n<li>Tiempos y leyes de Nutrici\u00f3n.<\/li>\n<li>Los nutrientes cr\u00edticos: Vitamina B12<\/li>\n<li>Calcio<\/li>\n<li>Yodo<\/li>\n<li>Zinc<\/li>\n<li>Conclusiones<\/li>\n<\/ul>\n<\/div><\/details><\/div>\n<div class=\"lightweight-accordion bordered has-text-color has-background\"><details><summary class=\"lightweight-accordion-title\" style=\"color:#ffffff;background:#0099cd;\"><span>M\u00f3dulo II - Alimentos de Consumo Frecuente<\/span><\/summary><div class=\"lightweight-accordion-body\" style=\"border-color:#0099cd;\"><h6><span style=\"color: #0099cd;\">Objetivos espec\u00edficos: <\/span>Identificar los alimentos de consumo frecuente para veganos y vegetarianos, a fin de realizar planes alimentarios acorde a las necesidades nutricionales de la poblaci\u00f3n vegana y vegetariana.<\/h6>\n<h6><span style=\"color: #0099cd;\">Duraci\u00f3n: <\/span>30 horas<\/h6>\n<h6><span style=\"color: #0099cd;\">Contenidos:<\/span><\/h6>\n<ul>\n<li>Alimentaci\u00f3n vegana y medio ambiente.<\/li>\n<li>Alimentos de consumo frecuente.<\/li>\n<li>Otros alimentos de consumo frecuente<\/li>\n<li>Aditivos de origen animal y conservantes aptos.<\/li>\n<li>Modelos de planes alimentarios.<\/li>\n<li>Planificaci\u00f3n de un Men\u00fa semanal<\/li>\n<li>Transici\u00f3n de comer carne a vegetariano<\/li>\n<li>Conclusiones<\/li>\n<\/ul>\n<\/div><\/details><\/div>\n<div class=\"lightweight-accordion bordered has-text-color has-background\"><details><summary class=\"lightweight-accordion-title\" style=\"color:#ffffff;background:#0099cd;\"><span>M\u00f3dulo III - Los Nutrientes Cr\u00edticos <\/span><\/summary><div class=\"lightweight-accordion-body\" style=\"border-color:#0099cd;\"><h6><span style=\"color: #0099cd;\">Objetivos espec\u00edficos: <\/span>Emplear los diversos Nutrientes Cr\u00edticos que componen las dietas vegana y vegetariana, a fin de manipular los requerimientos m\u00ednimos de la ingesta diaria de personas veganas y vegetarianas.<\/h6>\n<h6><span style=\"color: #0099cd;\">Duraci\u00f3n: <\/span>30 horas<\/h6>\n<h6><span style=\"color: #0099cd;\">Contenidos:<\/span><\/h6>\n<ul>\n<li>Los nutrientes cr\u00edticos: Hierro, Calcio, Vitamina D, Zinc, Vitamina B12,<\/li>\n<li>Los nutrientes cr\u00edticos: Prote\u00ednas, \u00e1cidos grasos Omega 3, Yodo.<\/li>\n<li>Tablas de composici\u00f3n qu\u00edmica de alimentos veganos y vegetarianos.<\/li>\n<li>Pir\u00e1mides y platos<\/li>\n<li>Conclusiones<\/li>\n<\/ul>\n<\/div><\/details><\/div>\n<div class=\"lightweight-accordion bordered has-text-color has-background\"><details><summary class=\"lightweight-accordion-title\" style=\"color:#ffffff;background:#0099cd;\"><span>M\u00f3dulo IV - Alimentaci\u00f3n Vegana en cada Etapa Biol\u00f3gica <\/span><\/summary><div class=\"lightweight-accordion-body\" style=\"border-color:#0099cd;\"><h6><span style=\"color: #0099cd;\">Objetivos espec\u00edficos: <\/span>Analizar las particularidades de la alimentaci\u00f3n vegana y vegetariana en cada una de las etapas de la vida, buscando discernir los mitos y verdades asociadas a ambos modelos de nutrici\u00f3n.<\/h6>\n<h6><span style=\"color: #0099cd;\">Duraci\u00f3n: <\/span>30 horas<\/h6>\n<h6><span style=\"color: #0099cd;\">Contenidos:<\/span><\/h6>\n<ul>\n<li>Organismos oficiales que avalan la Nutrici\u00f3n vegana y vegetariana.<\/li>\n<li>Mitos y verdades en este campo<\/li>\n<li>Nutrici\u00f3n vegetariana y vegana en distintas etapas biol\u00f3gicas.<\/li>\n<li>Nutrici\u00f3n vegetariana y vegana en situaciones particulares.<\/li>\n<li>Requerimientos de ingesta diaria (IDR).<\/li>\n<li>Conclusiones<\/li>\n<\/ul>\n<\/div><\/details><\/div>\n<div class=\"lightweight-accordion bordered has-text-color has-background\"><details><summary class=\"lightweight-accordion-title\" style=\"color:#ffffff;background:#0099cd;\"><span>M\u00f3dulo V - Planes de Modelo de Alimentaci\u00f3n Vegana<\/span><\/summary><div class=\"lightweight-accordion-body\" style=\"border-color:#0099cd;\"><h6><span style=\"color: #0099cd;\">Objetivos espec\u00edficos: <\/span>Construir planes de modelos de alimentaci\u00f3n vegana y vegetariana, de acuerdo a las propiedades nutricionales de los alimentos que componen ambos tipos de Dieta de alimentaci\u00f3n saludable.<\/h6>\n<h6><span style=\"color: #0099cd;\">Duraci\u00f3n: <\/span>30 horas<\/h6>\n<h6><span style=\"color: #0099cd;\">Contenidos:<\/span><\/h6>\n<ul>\n<li>Distintos modelos de alimentaci\u00f3n vegana.<\/li>\n<li>Alimentaci\u00f3n viva.<\/li>\n<li>Alimentaci\u00f3n crudivegana.<\/li>\n<li>Alimentaci\u00f3n hol\u00edstica.<\/li>\n<li>Alimentaci\u00f3n ayurveda.<\/li>\n<li>Alimentaci\u00f3n macrobi\u00f3tica.<\/li>\n<li>Modelos de planes de alimentaci\u00f3n.<\/li>\n<li>Conclusiones.<\/li>\n<\/ul>\n<\/div><\/details><\/div>\n<div class=\"lightweight-accordion bordered has-text-color has-background\"><details><summary class=\"lightweight-accordion-title\" style=\"color:#ffffff;background:#0099cd;\"><span>M\u00f3dulo Final: Estudio de Casos<\/span><\/summary><div class=\"lightweight-accordion-body\" style=\"border-color:#0099cd;\"><h6><span style=\"color: #0099cd;\">TEST FINAL<br \/>\nTABAJO TE\u00d3RICO PR\u00c1CTICO<\/span><\/h6>\n<h6><span style=\"color: #0099cd;\">Duraci\u00f3n: <\/span>20 horas<\/h6>\n<h6><span style=\"color: #0099cd;\">Objetivo:<\/span><\/h6>\n<ul>\n<li>Evaluar los conocimientos te\u00f3rico pr\u00e1cticos entregados, mediante evaluaciones y el estudio de casos cl\u00ednicos orientados a abordar los desaf\u00edos actuales de la alimentaci\u00f3n vegana y vegetariana.<\/li>\n<\/ul>\n<\/div><\/details><\/div>\n","protected":false},"excerpt":{"rendered":"<h2><span style=\"color: #0099cd;\">Resumen del Curso<\/span><\/h2>\n<hr \/>\n<p><img decoding=\"async\" class=\"alignnone size-full wp-image-333\" style=\"font-weight: inherit;\" src=\"https:\/\/linketeach.cl\/wp-content\/uploads\/2021\/07\/education_computer_school_graduate_cap_monitor_icon_149680.png\" alt=\"\" width=\"48\" height=\"48\" \/>170 horas &#8211; 6 m\u00f3dulos<\/p>\n<p><img decoding=\"async\" class=\"alignnone size-full wp-image-332\" src=\"https:\/\/linketeach.cl\/wp-content\/uploads\/2021\/07\/education_book_learn_learning_icon_149694.png\" alt=\"\" width=\"48\" height=\"48\" \/><a href=\"https:\/\/site.redlearning.cl\/wp-content\/uploads\/2021\/06\/Vegana.pdf\" target=\"_blank\" rel=\"noopener\">Programa del Curso<\/a><\/p>\n<p><img decoding=\"async\" class=\"alignnone size-medium wp-image-335\" src=\"https:\/\/linketeach.cl\/wp-content\/uploads\/2021\/07\/notes_clipboard_icon_149712-1.png\" alt=\"\" width=\"48\" height=\"48\" \/>Evaluaci\u00f3n Final<\/p>\n<p><img loading=\"lazy\" decoding=\"async\" class=\"alignnone size-medium wp-image-334\" style=\"font-weight: inherit;\" src=\"https:\/\/linketeach.cl\/wp-content\/uploads\/2021\/07\/education_diploma_award_icon_149701.png\" alt=\"\" width=\"48\" height=\"48\" \/>Certificaci\u00f3n<\/p>\n","protected":false},"featured_media":10130,"template":"","meta":{"site-sidebar-layout":"no-sidebar","site-content-layout":"default","ast-site-content-layout":"default","site-content-style":"default","site-sidebar-style":"default","ast-global-header-display":"","ast-banner-title-visibility":"","ast-main-header-display":"","ast-hfb-above-header-display":"","ast-hfb-below-header-display":"","ast-hfb-mobile-header-display":"","site-post-title":"","ast-breadcrumbs-content":"","ast-featured-img":"","footer-sml-layout":"","ast-disable-related-posts":"","theme-transparent-header-meta":"default","adv-header-id-meta":"","stick-header-meta":"","header-above-stick-meta":"","header-main-stick-meta":"","header-below-stick-meta":"","astra-migrate-meta-layouts":"set","ast-page-background-enabled":"default","ast-page-background-meta":{"desktop":{"background-color":"","background-image":"","background-repeat":"repeat","background-position":"center center","background-size":"auto","background-attachment":"scroll","background-type":"","background-media":"","overlay-type":"","overlay-color":"","overlay-opacity":"","overlay-gradient":""},"tablet":{"background-color":"","background-image":"","background-repeat":"repeat","background-position":"center center","background-size":"auto","background-attachment":"scroll","background-type":"","background-media":"","overlay-type":"","overlay-color":"","overlay-opacity":"","overlay-gradient":""},"mobile":{"background-color":"","background-image":"","background-repeat":"repeat","background-position":"center center","background-size":"auto","background-attachment":"scroll","background-type":"","background-media":"","overlay-type":"","overlay-color":"","overlay-opacity":"","overlay-gradient":""}},"ast-content-background-meta":{"desktop":{"background-color":"var(--ast-global-color-5)","background-image":"","background-repeat":"repeat","background-position":"center center","background-size":"auto","background-attachment":"scroll","background-type":"","background-media":"","overlay-type":"","overlay-color":"","overlay-opacity":"","overlay-gradient":""},"tablet":{"background-color":"var(--ast-global-color-5)","background-image":"","background-repeat":"repeat","background-position":"center center","background-size":"auto","background-attachment":"scroll","background-type":"","background-media":"","overlay-type":"","overlay-color":"","overlay-opacity":"","overlay-gradient":""},"mobile":{"background-color":"var(--ast-global-color-5)","background-image":"","background-repeat":"repeat","background-position":"center center","background-size":"auto","background-attachment":"scroll","background-type":"","background-media":"","overlay-type":"","overlay-color":"","overlay-opacity":"","overlay-gradient":""}},"_joinchat":[]},"product_brand":[],"product_cat":[425,288],"product_tag":[],"class_list":{"0":"post-10592","1":"product","2":"type-product","3":"status-publish","4":"has-post-thumbnail","6":"product_cat-cursos","7":"product_cat-cursos-nutricion","8":"desktop-align-left","9":"tablet-align-left","10":"mobile-align-left","12":"first","13":"instock","14":"sale","15":"downloadable","16":"virtual","17":"sold-individually","18":"purchasable","19":"product-type-simple"},"_links":{"self":[{"href":"https:\/\/site.redlearning.cl\/index.php?rest_route=\/wp\/v2\/product\/10592","targetHints":{"allow":["GET"]}}],"collection":[{"href":"https:\/\/site.redlearning.cl\/index.php?rest_route=\/wp\/v2\/product"}],"about":[{"href":"https:\/\/site.redlearning.cl\/index.php?rest_route=\/wp\/v2\/types\/product"}],"wp:featuredmedia":[{"embeddable":true,"href":"https:\/\/site.redlearning.cl\/index.php?rest_route=\/wp\/v2\/media\/10130"}],"wp:attachment":[{"href":"https:\/\/site.redlearning.cl\/index.php?rest_route=%2Fwp%2Fv2%2Fmedia&parent=10592"}],"wp:term":[{"taxonomy":"product_brand","embeddable":true,"href":"https:\/\/site.redlearning.cl\/index.php?rest_route=%2Fwp%2Fv2%2Fproduct_brand&post=10592"},{"taxonomy":"product_cat","embeddable":true,"href":"https:\/\/site.redlearning.cl\/index.php?rest_route=%2Fwp%2Fv2%2Fproduct_cat&post=10592"},{"taxonomy":"product_tag","embeddable":true,"href":"https:\/\/site.redlearning.cl\/index.php?rest_route=%2Fwp%2Fv2%2Fproduct_tag&post=10592"}],"curies":[{"name":"wp","href":"https:\/\/api.w.org\/{rel}","templated":true}]}}