{"id":10757,"date":"2021-12-21T10:40:54","date_gmt":"2021-12-21T13:40:54","guid":{"rendered":"https:\/\/site.redlearning.cl\/?post_type=product&#038;p=10757"},"modified":"2025-11-03T17:41:28","modified_gmt":"2025-11-03T20:41:28","slug":"curso-metodologia-de-educacion-de-adultos-en-aps","status":"publish","type":"product","link":"https:\/\/site.redlearning.cl\/?product=curso-metodologia-de-educacion-de-adultos-en-aps","title":{"rendered":"Curso Metodolog\u00eda de Educaci\u00f3n de Adultos en APS"},"content":{"rendered":"<p>El modelo de atenci\u00f3n integral de la salud familiar considera como uno de sus principios irrenunciables la centralidad en las personas, Dicho fundamento implica la consideraci\u00f3n de las necesidades y expectativas de las personas y sus familias desde la definici\u00f3n a la priorizaci\u00f3n realizada por ellas. Para esto debe establecerse un modelo de relaci\u00f3n, entre el equipo de salud, las personas, sus familias y la comunidad que est\u00e9 basado en la corresponsabilidad del cuidado de la salud y enfatizando en los derechos y deberes de las personas, tanto del equipo de salud como de los usuarios.<\/p>\n<p>Dentro de los m\u00faltiples desaf\u00edos que el modelo de atenci\u00f3n nos propone est\u00e1 el de generar cambios en la vida de las personas y sus comunidades, dirigidos al desarrollo local con equidad, respecto por la naturaleza, la diversidad y el bienestar. Estos procesos de cambio requieren de la participaci\u00f3n de las personas, de desarrollar organizaciones y movilizaci\u00f3n fruto de la reflexi\u00f3n de sus derechos y de la b\u00fasqueda de soluciones a sus problem\u00e1ticas particulares. La educaci\u00f3n popular se constituye en la metodolog\u00eda que permite constituir espacios de encuentro, di\u00e1logo y reflexi\u00f3n que ayuden en la generaci\u00f3n de mejoras sociales, culturales, econ\u00f3micas y de salud en las comunidades.<\/p>\n<h2><span style=\"color: #0099cd;\">Objetivo General<\/span><\/h2>\n<hr \/>\n<p>Reforzar conocimientos y competencias en equipos de APS para la intervenci\u00f3n comunitaria en salud, para que estos adquieran las herramientas necesarias para el trabajo comunitario eficaz, vinculante y que responda a los requerimientos de sus comunidades.<\/p>\n<h2><span style=\"color: #0099cd;\">Metodolog\u00eda<\/span><\/h2>\n<hr \/>\n<p>Modalidad 100% Online, asincr\u00f3nico y a tu ritmo. Contar\u00e1s con tutores desde el principio al fin de tu formaci\u00f3n, nunca estar\u00e1s sol@.<\/p>\n<h2><span style=\"color: #0099cd;\">Temario<\/span><\/h2>\n<hr \/>\n<div class=\"lightweight-accordion bordered has-text-color has-background\"><details><summary class=\"lightweight-accordion-title\" style=\"color:#ffffff;background:#0099cd;\"><span>M\u00f3dulo I - La educaci\u00f3n popular en la educaci\u00f3n para la salud<\/span><\/summary><div class=\"lightweight-accordion-body\" style=\"border-color:#0099cd;\"><h6><span style=\"color: #0099cd;\">Objetivos espec\u00edficos: <\/span>Comparar diferentes herramientas de la EP para su aplicaci\u00f3n en los centros de salud.<\/h6>\n<h6><span style=\"color: #0099cd;\">Duraci\u00f3n: <\/span>25 horas<\/h6>\n<h6><span style=\"color: #0099cd;\">Contenidos:<\/span><\/h6>\n<ul>\n<li>Modelo de atenci\u00f3n Integral con enfoque familiar y comunitario.<\/li>\n<li>Principios, metodolog\u00eda e historia de la EP como herramienta en la educaci\u00f3n de adultos.<\/li>\n<\/ul>\n<\/div><\/details><\/div>\n<div class=\"lightweight-accordion bordered has-text-color has-background\"><details><summary class=\"lightweight-accordion-title\" style=\"color:#ffffff;background:#0099cd;\"><span>M\u00f3dulo II - Determinantes sociales de la salud<\/span><\/summary><div class=\"lightweight-accordion-body\" style=\"border-color:#0099cd;\"><h6><span style=\"color: #0099cd;\">Objetivos espec\u00edficos: <\/span>Diferenciar las variables g\u00e9nero, diversidad cultural e inmigraci\u00f3n ya que cruzan el \u00e1mbito de la salud y la educaci\u00f3n.<\/h6>\n<h6><span style=\"color: #0099cd;\">Duraci\u00f3n: <\/span>25 horas<\/h6>\n<h6><span style=\"color: #0099cd;\">Contenidos:<\/span><\/h6>\n<ul>\n<li>Determinantes sociales de la salud: su relevancia<\/li>\n<li>Marco conceptual del enfoque de g\u00e9nero. El concepto g\u00e9nero. Micromachismos.<\/li>\n<li>El fen\u00f3meno de la inmigraci\u00f3n. Los flujos migratorios en nuestro pa\u00eds.<\/li>\n<li>La interculturalidad en Am\u00e9rica Latina y al an\u00e1lisis espec\u00edfico del caso chileno, enfocado en el \u00e1mbito de la salud.<\/li>\n<li>La situaci\u00f3n actual de los pueblos ind\u00edgenas y sus principales demandas en materias de salud.<\/li>\n<\/ul>\n<\/div><\/details><\/div>\n<div class=\"lightweight-accordion bordered has-text-color has-background\"><details><summary class=\"lightweight-accordion-title\" style=\"color:#ffffff;background:#0099cd;\"><span>M\u00f3dulo III - Metodolog\u00eda de educaci\u00f3n de adultos<\/span><\/summary><div class=\"lightweight-accordion-body\" style=\"border-color:#0099cd;\"><h6><span style=\"color: #0099cd;\">Objetivos espec\u00edficos: <\/span>Aplicar el marco conceptual, integr\u00e1ndolo en el dise\u00f1o de intervenciones eficaces.<\/h6>\n<h6><span style=\"color: #0099cd;\">Duraci\u00f3n: <\/span>25 horas<\/h6>\n<h6><span style=\"color: #0099cd;\">Contenidos:<\/span><\/h6>\n<ul>\n<li>T\u00e9cnicas de trabajo de grupo; Liderazgo.<\/li>\n<li>Estrategias comunicacionales.<\/li>\n<li>Diagn\u00f3sticos participativos: Concepto, t\u00e9cnicas e instrumentos.<\/li>\n<li>Di\u00e1logo y salud. Grupos y poder<\/li>\n<\/ul>\n<\/div><\/details><\/div>\n<div class=\"lightweight-accordion bordered has-text-color has-background\"><details><summary class=\"lightweight-accordion-title\" style=\"color:#ffffff;background:#0099cd;\"><span>M\u00f3dulo IV - Promoci\u00f3n de la salud y participaci\u00f3n social<\/span><\/summary><div class=\"lightweight-accordion-body\" style=\"border-color:#0099cd;\"><h6><span style=\"color: #0099cd;\">Objetivos espec\u00edficos: <\/span>Dise\u00f1ar oportunidades de participaci\u00f3n social y de promoci\u00f3n de la salud.<\/h6>\n<h6><span style=\"color: #0099cd;\">Duraci\u00f3n: <\/span>25 horas<\/h6>\n<h6><span style=\"color: #0099cd;\">Contenidos:<\/span><\/h6>\n<ul>\n<li>Reconocimiento de las formas de organizaci\u00f3n comunitarias.<\/li>\n<li>Propuesta de ASIS, su enfoque, herramientas y finalidad.<\/li>\n<li>T\u00e9cnicas de observaci\u00f3n, entrevistas, recolecci\u00f3n de datos.<\/li>\n<li>Priorizaci\u00f3n de problemas, variables.<\/li>\n<li>\u00c1rbol del problema, causalidad.<\/li>\n<li>Elaboraci\u00f3n y planificaci\u00f3n de proyectos comunitarios.<\/li>\n<li>An\u00e1lisis de viabilidad. matriz FODA.<\/li>\n<\/ul>\n<\/div><\/details><\/div>\n<div class=\"lightweight-accordion bordered has-text-color has-background\"><details><summary class=\"lightweight-accordion-title\" style=\"color:#ffffff;background:#0099cd;\"><span>M\u00f3dulo Final<\/span><\/summary><div class=\"lightweight-accordion-body\" style=\"border-color:#0099cd;\"><h6><span style=\"color: #0099cd;\">EVALUACI\u00d3N FINAL<br \/>\n<\/span><\/h6>\n<h6><span style=\"color: #0099cd;\">Duraci\u00f3n: <\/span>20 horas<\/h6>\n<h6><span style=\"color: #0099cd;\">Objetivo:<\/span><\/h6>\n<ul>\n<li>Aplicar los conceptos aprendidos en la realidad laboral del alumno.<\/li>\n<\/ul>\n<\/div><\/details><\/div>\n","protected":false},"excerpt":{"rendered":"<h2><span style=\"color: #0099cd;\">Resumen del Curso<\/span><\/h2>\n<hr \/>\n<p><img decoding=\"async\" class=\"alignnone size-full wp-image-333\" style=\"font-weight: inherit;\" src=\"https:\/\/linketeach.cl\/wp-content\/uploads\/2021\/07\/education_computer_school_graduate_cap_monitor_icon_149680.png\" alt=\"\" width=\"48\" height=\"48\" \/>120 horas &#8211; 5 m\u00f3dulos<\/p>\n<p><img decoding=\"async\" class=\"alignnone size-full wp-image-332\" src=\"https:\/\/linketeach.cl\/wp-content\/uploads\/2021\/07\/education_book_learn_learning_icon_149694.png\" alt=\"\" width=\"48\" height=\"48\" \/><a href=\"https:\/\/site.redlearning.cl\/wp-content\/uploads\/2021\/01\/C-Educacion-Adulto.pdf\" target=\"_blank\" rel=\"noopener\">Programa del Curso<\/a><\/p>\n<p><img decoding=\"async\" class=\"alignnone size-medium wp-image-335\" src=\"https:\/\/linketeach.cl\/wp-content\/uploads\/2021\/07\/notes_clipboard_icon_149712-1.png\" alt=\"\" width=\"48\" height=\"48\" \/>Evaluaci\u00f3n Final<\/p>\n<p><img loading=\"lazy\" decoding=\"async\" class=\"alignnone size-medium wp-image-334\" style=\"font-weight: inherit;\" src=\"https:\/\/linketeach.cl\/wp-content\/uploads\/2021\/07\/education_diploma_award_icon_149701.png\" alt=\"\" width=\"48\" height=\"48\" \/>Certificaci\u00f3n<\/p>\n","protected":false},"featured_media":10065,"template":"","meta":{"site-sidebar-layout":"no-sidebar","site-content-layout":"default","ast-site-content-layout":"default","site-content-style":"default","site-sidebar-style":"default","ast-global-header-display":"","ast-banner-title-visibility":"","ast-main-header-display":"","ast-hfb-above-header-display":"","ast-hfb-below-header-display":"","ast-hfb-mobile-header-display":"","site-post-title":"","ast-breadcrumbs-content":"","ast-featured-img":"","footer-sml-layout":"","ast-disable-related-posts":"","theme-transparent-header-meta":"default","adv-header-id-meta":"","stick-header-meta":"","header-above-stick-meta":"","header-main-stick-meta":"","header-below-stick-meta":"","astra-migrate-meta-layouts":"set","ast-page-background-enabled":"default","ast-page-background-meta":{"desktop":{"background-color":"","background-image":"","background-repeat":"repeat","background-position":"center center","background-size":"auto","background-attachment":"scroll","background-type":"","background-media":"","overlay-type":"","overlay-color":"","overlay-opacity":"","overlay-gradient":""},"tablet":{"background-color":"","background-image":"","background-repeat":"repeat","background-position":"center center","background-size":"auto","background-attachment":"scroll","background-type":"","background-media":"","overlay-type":"","overlay-color":"","overlay-opacity":"","overlay-gradient":""},"mobile":{"background-color":"","background-image":"","background-repeat":"repeat","background-position":"center center","background-size":"auto","background-attachment":"scroll","background-type":"","background-media":"","overlay-type":"","overlay-color":"","overlay-opacity":"","overlay-gradient":""}},"ast-content-background-meta":{"desktop":{"background-color":"var(--ast-global-color-5)","background-image":"","background-repeat":"repeat","background-position":"center center","background-size":"auto","background-attachment":"scroll","background-type":"","background-media":"","overlay-type":"","overlay-color":"","overlay-opacity":"","overlay-gradient":""},"tablet":{"background-color":"var(--ast-global-color-5)","background-image":"","background-repeat":"repeat","background-position":"center center","background-size":"auto","background-attachment":"scroll","background-type":"","background-media":"","overlay-type":"","overlay-color":"","overlay-opacity":"","overlay-gradient":""},"mobile":{"background-color":"var(--ast-global-color-5)","background-image":"","background-repeat":"repeat","background-position":"center center","background-size":"auto","background-attachment":"scroll","background-type":"","background-media":"","overlay-type":"","overlay-color":"","overlay-opacity":"","overlay-gradient":""}},"_joinchat":[]},"product_brand":[],"product_cat":[425],"product_tag":[],"class_list":{"0":"post-10757","1":"product","2":"type-product","3":"status-publish","4":"has-post-thumbnail","6":"product_cat-cursos","7":"desktop-align-left","8":"tablet-align-left","9":"mobile-align-left","11":"first","12":"instock","13":"sale","14":"downloadable","15":"virtual","16":"sold-individually","17":"purchasable","18":"product-type-simple"},"_links":{"self":[{"href":"https:\/\/site.redlearning.cl\/index.php?rest_route=\/wp\/v2\/product\/10757","targetHints":{"allow":["GET"]}}],"collection":[{"href":"https:\/\/site.redlearning.cl\/index.php?rest_route=\/wp\/v2\/product"}],"about":[{"href":"https:\/\/site.redlearning.cl\/index.php?rest_route=\/wp\/v2\/types\/product"}],"wp:featuredmedia":[{"embeddable":true,"href":"https:\/\/site.redlearning.cl\/index.php?rest_route=\/wp\/v2\/media\/10065"}],"wp:attachment":[{"href":"https:\/\/site.redlearning.cl\/index.php?rest_route=%2Fwp%2Fv2%2Fmedia&parent=10757"}],"wp:term":[{"taxonomy":"product_brand","embeddable":true,"href":"https:\/\/site.redlearning.cl\/index.php?rest_route=%2Fwp%2Fv2%2Fproduct_brand&post=10757"},{"taxonomy":"product_cat","embeddable":true,"href":"https:\/\/site.redlearning.cl\/index.php?rest_route=%2Fwp%2Fv2%2Fproduct_cat&post=10757"},{"taxonomy":"product_tag","embeddable":true,"href":"https:\/\/site.redlearning.cl\/index.php?rest_route=%2Fwp%2Fv2%2Fproduct_tag&post=10757"}],"curies":[{"name":"wp","href":"https:\/\/api.w.org\/{rel}","templated":true}]}}