{"id":10782,"date":"2021-12-27T16:05:42","date_gmt":"2021-12-27T19:05:42","guid":{"rendered":"https:\/\/site.redlearning.cl\/?post_type=product&#038;p=10782"},"modified":"2025-11-03T17:41:28","modified_gmt":"2025-11-03T20:41:28","slug":"curso-gestion-y-administracion-aps","status":"publish","type":"product","link":"https:\/\/site.redlearning.cl\/?product=curso-gestion-y-administracion-aps","title":{"rendered":"Curso Gesti\u00f3n y Administraci\u00f3n APS"},"content":{"rendered":"<p>Este desarrollo temprano en el tema de la seguridad social en salud &#8211; en el a\u00f1o 1924 se dict\u00f3 la Ley de Seguro Obrero Obligatorio (Ley N\u00ba 4.054), por la cual empleadores y obreros deb\u00edan imponer mensualmente a un fondo solidario o seguro de enfermedad e invalidez-, llev\u00f3 a los m\u00e9dicos chilenos a realizar propuestas relacionadas con lo que posteriormente ser\u00eda definido como atenci\u00f3n primaria de salud.<\/p>\n<p>Bajo este marco, el modelo de Salud Familiar se ha construido para las APS, con el prop\u00f3sito de lograr algunos desaf\u00edos en salud de Chile. Este modelo, centrado en las personas, requiere que los profesionales adquieran competencias, y as\u00ed, alcanzar dichas metas. Bien pudieran ser lograr el equilibrio entre la necesidad de acercar la atenci\u00f3n a la poblaci\u00f3n beneficiaria, aumentar la satisfacci\u00f3n del usuario, controlar los costos de operaci\u00f3n del sistema; favorecer, mediante sistemas eficaces de participaci\u00f3n, que el usuario y la comunidad asuman un rol activo como agentes de cambio en su propia situaci\u00f3n de salud. T\u00f3picos que ser\u00e1n abordados en la siguiente formaci\u00f3n.<\/p>\n<p>Uno de los objetivos que tiene esta formaci\u00f3n es entregar las competencias y\/o herramientas a los participantes para el desarrollo de estrategias de gesti\u00f3n que se integran en los centros de atenci\u00f3n primaria. Lo cual, sin lugar a dudas, contribuye a fortalecer la mirada territorial y construcci\u00f3n colectiva de la salud; sobre todo centrada en las personas. Por ello, es importante que el profesional de la salud visibilice sus fortalezas y oportunidades de mejoras dentro de los centros de salud.<\/p>\n<h2><span style=\"color: #0099cd;\">Objetivo General<\/span><\/h2>\n<hr \/>\n<p>Proporcionar las herramientas y fundamentos id\u00f3neos para el desarrollo de estrategias de gesti\u00f3n y planificaci\u00f3n que se integren en establecimientos APS, contribuyendo a la participaci\u00f3n activa de los diversos actores de dichos entornos sanitarios.<\/p>\n<h2><span style=\"color: #0099cd;\">Metodolog\u00eda<\/span><\/h2>\n<hr \/>\n<p>Modalidad 100% Online, asincr\u00f3nico y a tu ritmo. Contar\u00e1s con tutores desde el principio al fin de tu formaci\u00f3n, nunca estar\u00e1s sol@.<\/p>\n<h2><span style=\"color: #0099cd;\">Temario<\/span><\/h2>\n<hr \/>\n<div class=\"lightweight-accordion bordered has-text-color has-background\"><details><summary class=\"lightweight-accordion-title\" style=\"color:#ffffff;background:#0099cd;\"><span>M\u00f3dulo I - Rol del Gestor y Desarrollo Organizacional<\/span><\/summary><div class=\"lightweight-accordion-body\" style=\"border-color:#0099cd;\"><h6><span style=\"color: #0099cd;\">Objetivos espec\u00edficos: <\/span>Caracterizar las acciones y\/o responsabilidades de las \u00e1reas en relaci\u00f3n al rol gestor, identificando los elementos conceptuales del cambio del modelo de Salud Familiar y los beneficios de la planificaci\u00f3n estrat\u00e9gica.<\/h6>\n<h6><span style=\"color: #0099cd;\">Contenidos:<\/span><\/h6>\n<ul>\n<li>Sistema de salud en Chile y atenci\u00f3n primeria de salud.<\/li>\n<li>Generalidades del Modelo de Salud Familiar.<\/li>\n<li>Caracter\u00edsticas del rol gestor en APS.<\/li>\n<li>Herramientas de Gesti\u00f3n para la Atenci\u00f3n Primaria.<\/li>\n<li>Desarrollo y cambio organizacional.<\/li>\n<li>Organizacional actual de los establecimientos de atenci\u00f3n primaria.<\/li>\n<li>Planificaci\u00f3n Estrat\u00e9gica.<\/li>\n<li>Cambio al Modelo de Salud Familiar.<\/li>\n<\/ul>\n<\/div><\/details><\/div>\n<div class=\"lightweight-accordion bordered has-text-color has-background\"><details><summary class=\"lightweight-accordion-title\" style=\"color:#ffffff;background:#0099cd;\"><span>M\u00f3dulo II - Gesti\u00f3n Estrat\u00e9gica, del Liderazgo y de RRHH en la APS<\/span><\/summary><div class=\"lightweight-accordion-body\" style=\"border-color:#0099cd;\"><h6><span style=\"color: #0099cd;\">Objetivos espec\u00edficos: <\/span>Conocer el marco de referencia desde el cual revisar la gesti\u00f3n de recursos humanos, identificando los elementos aptos que ponen en funcionamiento eficaz a una instituci\u00f3n sanitaria.<\/h6>\n<h6><span style=\"color: #0099cd;\">Contenidos:<\/span><\/h6>\n<ul>\n<li>Fundamentos de los Recursos Humanos<\/li>\n<li>Caracterizaci\u00f3n de la gesti\u00f3n estrat\u00e9gica de RRHH en APS<\/li>\n<li>Los nuevos desaf\u00edos en Salud<\/li>\n<li>Caracter\u00edsticas de la Gesti\u00f3n en Salud<\/li>\n<li>Gesti\u00f3n Estrat\u00e9gica en la APS<\/li>\n<li>Evaluaci\u00f3n del Desempe\u00f1o en Salud<\/li>\n<li>Herramientas para la Evaluaci\u00f3n del Desempe\u00f1o en Salud<\/li>\n<li>Habilidades directivas: trabajo en organizaciones de Salud, liderazgo de equipos, comunicaci\u00f3n efectiva, resoluci\u00f3n eficiente de conflictos, motivaci\u00f3n y compromiso en APS.<\/li>\n<\/ul>\n<\/div><\/details><\/div>\n<div class=\"lightweight-accordion bordered has-text-color has-background\"><details><summary class=\"lightweight-accordion-title\" style=\"color:#ffffff;background:#0099cd;\"><span>M\u00f3dulo III - Gesti\u00f3n de Calidad y Acreditaci\u00f3n y Administrativo Financiera<\/span><\/summary><div class=\"lightweight-accordion-body\" style=\"border-color:#0099cd;\"><h6><span style=\"color: #0099cd;\">Objetivos espec\u00edficos: <\/span>Conocer el marco general de la Gesti\u00f3n de Calidad en APS en relaci\u00f3n a los \u00e1mbitos exigidos en la acreditaci\u00f3n que aplican a un CESFAM.<\/h6>\n<h6><span style=\"color: #0099cd;\">Contenidos:<\/span><\/h6>\n<ul>\n<li>Generalidades de Calidad y Gesti\u00f3n en Salud.<\/li>\n<li>Modelos de Gesti\u00f3n de Calidad.<\/li>\n<li>Modelos de Acreditaci\u00f3n.<\/li>\n<li>Calidad, Acreditaci\u00f3n y mejoramiento de la Atenci\u00f3n en APS.<\/li>\n<li>Marco Legal de la acreditaci\u00f3n y calidad en APS.<\/li>\n<li>Gesti\u00f3n financiera en APS.<\/li>\n<li>T\u00e9cnicas de presupuesto y control presupuestario.<\/li>\n<li>Marco legal presupuestario en APS.<\/li>\n<\/ul>\n<\/div><\/details><\/div>\n<div class=\"lightweight-accordion bordered has-text-color has-background\"><details><summary class=\"lightweight-accordion-title\" style=\"color:#ffffff;background:#0099cd;\"><span>M\u00f3dulo Final<\/span><\/summary><div class=\"lightweight-accordion-body\" style=\"border-color:#0099cd;\"><h6><span style=\"color: #0099cd;\">TEST GLOBAL<br \/>\nTRABAJO PR\u00c1CTICO<\/span><\/h6>\n<\/div><\/details><\/div>\n","protected":false},"excerpt":{"rendered":"<h2><span style=\"color: #0099cd;\">Resumen del Curso:<\/span><\/h2>\n<h2><span style=\"color: #0099cd;\">Comienza el 31 de mayo.<\/span><\/h2>\n<hr \/>\n<p><img decoding=\"async\" class=\"alignnone size-full wp-image-333\" style=\"font-weight: inherit;\" src=\"https:\/\/linketeach.cl\/wp-content\/uploads\/2021\/07\/education_computer_school_graduate_cap_monitor_icon_149680.png\" alt=\"\" width=\"48\" height=\"48\" \/>80 horas &#8211; 4 m\u00f3dulos<\/p>\n<p><img decoding=\"async\" class=\"alignnone size-full wp-image-332\" src=\"https:\/\/linketeach.cl\/wp-content\/uploads\/2021\/07\/education_book_learn_learning_icon_149694.png\" alt=\"\" width=\"48\" height=\"48\" \/><a href=\"https:\/\/site.redlearning.cl\/wp-content\/uploads\/2021\/03\/19.programa-c-gestion-y-adm.pdf\" target=\"_blank\" rel=\"noopener\">Programa del Curso<\/a><\/p>\n<p><img decoding=\"async\" class=\"alignnone size-medium wp-image-335\" src=\"https:\/\/linketeach.cl\/wp-content\/uploads\/2021\/07\/notes_clipboard_icon_149712-1.png\" alt=\"\" width=\"48\" height=\"48\" \/>Evaluaci\u00f3n Final<\/p>\n<p><img loading=\"lazy\" decoding=\"async\" class=\"alignnone size-medium wp-image-334\" style=\"font-weight: inherit;\" src=\"https:\/\/linketeach.cl\/wp-content\/uploads\/2021\/07\/education_diploma_award_icon_149701.png\" alt=\"\" width=\"48\" height=\"48\" \/>Certificaci\u00f3n<\/p>\n","protected":false},"featured_media":10058,"template":"","meta":{"site-sidebar-layout":"no-sidebar","site-content-layout":"default","ast-site-content-layout":"default","site-content-style":"default","site-sidebar-style":"default","ast-global-header-display":"","ast-banner-title-visibility":"","ast-main-header-display":"","ast-hfb-above-header-display":"","ast-hfb-below-header-display":"","ast-hfb-mobile-header-display":"","site-post-title":"","ast-breadcrumbs-content":"","ast-featured-img":"","footer-sml-layout":"","ast-disable-related-posts":"","theme-transparent-header-meta":"default","adv-header-id-meta":"","stick-header-meta":"","header-above-stick-meta":"","header-main-stick-meta":"","header-below-stick-meta":"","astra-migrate-meta-layouts":"set","ast-page-background-enabled":"default","ast-page-background-meta":{"desktop":{"background-color":"","background-image":"","background-repeat":"repeat","background-position":"center center","background-size":"auto","background-attachment":"scroll","background-type":"","background-media":"","overlay-type":"","overlay-color":"","overlay-opacity":"","overlay-gradient":""},"tablet":{"background-color":"","background-image":"","background-repeat":"repeat","background-position":"center center","background-size":"auto","background-attachment":"scroll","background-type":"","background-media":"","overlay-type":"","overlay-color":"","overlay-opacity":"","overlay-gradient":""},"mobile":{"background-color":"","background-image":"","background-repeat":"repeat","background-position":"center center","background-size":"auto","background-attachment":"scroll","background-type":"","background-media":"","overlay-type":"","overlay-color":"","overlay-opacity":"","overlay-gradient":""}},"ast-content-background-meta":{"desktop":{"background-color":"var(--ast-global-color-5)","background-image":"","background-repeat":"repeat","background-position":"center center","background-size":"auto","background-attachment":"scroll","background-type":"","background-media":"","overlay-type":"","overlay-color":"","overlay-opacity":"","overlay-gradient":""},"tablet":{"background-color":"var(--ast-global-color-5)","background-image":"","background-repeat":"repeat","background-position":"center center","background-size":"auto","background-attachment":"scroll","background-type":"","background-media":"","overlay-type":"","overlay-color":"","overlay-opacity":"","overlay-gradient":""},"mobile":{"background-color":"var(--ast-global-color-5)","background-image":"","background-repeat":"repeat","background-position":"center center","background-size":"auto","background-attachment":"scroll","background-type":"","background-media":"","overlay-type":"","overlay-color":"","overlay-opacity":"","overlay-gradient":""}},"_joinchat":[]},"product_brand":[],"product_cat":[425],"product_tag":[],"class_list":{"0":"post-10782","1":"product","2":"type-product","3":"status-publish","4":"has-post-thumbnail","6":"product_cat-cursos","7":"desktop-align-left","8":"tablet-align-left","9":"mobile-align-left","11":"first","12":"instock","13":"sale","14":"downloadable","15":"virtual","16":"sold-individually","17":"purchasable","18":"product-type-simple"},"_links":{"self":[{"href":"https:\/\/site.redlearning.cl\/index.php?rest_route=\/wp\/v2\/product\/10782","targetHints":{"allow":["GET"]}}],"collection":[{"href":"https:\/\/site.redlearning.cl\/index.php?rest_route=\/wp\/v2\/product"}],"about":[{"href":"https:\/\/site.redlearning.cl\/index.php?rest_route=\/wp\/v2\/types\/product"}],"wp:featuredmedia":[{"embeddable":true,"href":"https:\/\/site.redlearning.cl\/index.php?rest_route=\/wp\/v2\/media\/10058"}],"wp:attachment":[{"href":"https:\/\/site.redlearning.cl\/index.php?rest_route=%2Fwp%2Fv2%2Fmedia&parent=10782"}],"wp:term":[{"taxonomy":"product_brand","embeddable":true,"href":"https:\/\/site.redlearning.cl\/index.php?rest_route=%2Fwp%2Fv2%2Fproduct_brand&post=10782"},{"taxonomy":"product_cat","embeddable":true,"href":"https:\/\/site.redlearning.cl\/index.php?rest_route=%2Fwp%2Fv2%2Fproduct_cat&post=10782"},{"taxonomy":"product_tag","embeddable":true,"href":"https:\/\/site.redlearning.cl\/index.php?rest_route=%2Fwp%2Fv2%2Fproduct_tag&post=10782"}],"curies":[{"name":"wp","href":"https:\/\/api.w.org\/{rel}","templated":true}]}}