{"id":11814,"date":"2023-01-12T14:02:03","date_gmt":"2023-01-12T17:02:03","guid":{"rendered":"https:\/\/site.redlearning.cl\/?post_type=product&#038;p=11814"},"modified":"2025-11-03T17:41:28","modified_gmt":"2025-11-03T20:41:28","slug":"curso-proteccion-radiologica-2","status":"publish","type":"product","link":"https:\/\/site.redlearning.cl\/?product=curso-proteccion-radiologica-2","title":{"rendered":"Curso Protecci\u00f3n Radiol\u00f3gica"},"content":{"rendered":"<p>El aprendizaje en el campo de la de seguridad y protecci\u00f3n radiol\u00f3gica ha ido en un aumento progresivo en el \u00faltimo tiempo, debido a los efectos nocivos a los cuales est\u00e1n expuestos los profesionales de la salud que en su pr\u00e1ctica manejan sistemas, equipos y mecanismos de medici\u00f3n radiol\u00f3gica.<\/p>\n<p>El curso quiere servir de gu\u00eda y orientaci\u00f3n en el campo de la Seguridad y Protecci\u00f3n Radiol\u00f3gica, ya que busca entregar herramientas y t\u00e9cnicas de manejo y Protecci\u00f3n Radiol\u00f3gica a sus participantes, a fin de integrar los principios de resguardo radiol\u00f3gico en los ambientes expuestos a radiaciones ionizantes.<\/p>\n<h2><span style=\"color: #0099cd;\">Objetivo General<\/span><\/h2>\n<hr \/>\n<p>Manejar herramientas y t\u00e9cnicas de Protecci\u00f3n Radiol\u00f3gica, a fin de integrar los principios de resguardo radiol\u00f3gico en los distintos ambientes de trabajo.<\/p>\n<h2><span style=\"color: #0099cd;\">Metodolog\u00eda<\/span><\/h2>\n<hr \/>\n<p>Modalidad 100% Online y a tu ritmo.\u00a0Comienza de inmediato, completa todas las actividades y descarga tu certificado.<\/p>\n<h2><span style=\"color: #0099cd;\">Temario<\/span><\/h2>\n<hr \/>\n<div class=\"lightweight-accordion bordered has-text-color has-background\"><details><summary class=\"lightweight-accordion-title\" style=\"color:#ffffff;background:#0099cd;\"><span>M\u00f3dulo I - Conceptos b\u00e1sicos de Radiaci\u00f3n <\/span><\/summary><div class=\"lightweight-accordion-body\" style=\"border-color:#0099cd;\"><h6><span style=\"color: #0099cd;\">Objetivos espec\u00edficos: <\/span>Describir los diversos conceptos, t\u00e9cnicas y equipos detectores de radiaciones asociadas al funcionamiento y protecci\u00f3n de los equipos radiol\u00f3gicos.<\/h6>\n<h6><span style=\"color: #0099cd;\">Duraci\u00f3n: <\/span>10 horas<\/h6>\n<h6><span style=\"color: #0099cd;\">Contenidos:<\/span><\/h6>\n<ul>\n<li>Tipos de radiaciones.<\/li>\n<li>Fundamentos b\u00e1sicos de la f\u00edsica nuclear.<\/li>\n<li>Radioactividad natural y artificial.<\/li>\n<li>Unidades y magnitudes usadas en Protecci\u00f3n radiol\u00f3gica.<\/li>\n<li>Equipos detectores de radiaciones.<\/li>\n<li>Sistema de transporte seguro.<\/li>\n<\/ul>\n<\/div><\/details><\/div>\n<div class=\"lightweight-accordion bordered has-text-color has-background\"><details><summary class=\"lightweight-accordion-title\" style=\"color:#ffffff;background:#0099cd;\"><span>M\u00f3dulo II - Protecci\u00f3n en el Ambiente de Trabajo <\/span><\/summary><div class=\"lightweight-accordion-body\" style=\"border-color:#0099cd;\"><h6><span style=\"color: #0099cd;\">Objetivos espec\u00edficos: <\/span>Usar los principios y t\u00e9cnicas de protecci\u00f3n radiol\u00f3gica, considerando la legislaci\u00f3n vigente y los efectos biol\u00f3gicos nocivos de las radiaciones y sus sistemas de equipo.<\/h6>\n<h6><span style=\"color: #0099cd;\">Duraci\u00f3n: <\/span>10 horas<\/h6>\n<h6><span style=\"color: #0099cd;\">Contenidos:<\/span><\/h6>\n<ul>\n<li>Principios de protecci\u00f3n radiol\u00f3gica.<\/li>\n<li>Protecci\u00f3n radiol\u00f3gica operacional.<\/li>\n<li>Efectos biol\u00f3gicos nocivos, de las radiaciones.<\/li>\n<li>Dosimetr\u00eda de las radiaciones ionizantes, equipos y operaci\u00f3n.<\/li>\n<li>Legislaci\u00f3n vigente sobre Seguridad laboral.<\/li>\n<li>Cuantificaci\u00f3n y medici\u00f3n de radiaciones.<\/li>\n<\/ul>\n<\/div><\/details><\/div>\n<div class=\"lightweight-accordion bordered has-text-color has-background\"><details><summary class=\"lightweight-accordion-title\" style=\"color:#ffffff;background:#0099cd;\"><span>M\u00f3dulo Final - Estudio de casos<\/span><\/summary><div class=\"lightweight-accordion-body\" style=\"border-color:#0099cd;\"><h6><span style=\"color: #0099cd;\">Test Final<br \/>\nTrabajo Te\u00f3rico-Pr\u00e1ctico<\/span><\/h6>\n<h6><span style=\"color: #0099cd;\">Objetivos espec\u00edficos: <\/span>Evaluar los conocimientos entregados, mediante el estudio de casos orientados a abordar la protecci\u00f3n radiol\u00f3gica en los distintos ambientes de trabajo.<\/h6>\n<h6><span style=\"color: #0099cd;\">Duraci\u00f3n: <\/span>04 horas<\/h6>\n<\/div><\/details><\/div>\n","protected":false},"excerpt":{"rendered":"<p><span style=\"color: #0099cd;\">Resumen del Curso<\/span><\/p>\n<hr \/>\n<p><img decoding=\"async\" class=\"alignnone size-full wp-image-333\" style=\"font-weight: inherit;\" src=\"https:\/\/linketeach.cl\/wp-content\/uploads\/2021\/07\/education_computer_school_graduate_cap_monitor_icon_149680.png\" alt=\"\" width=\"48\" height=\"48\" \/>24 horas &#8211; 3 m\u00f3dulos<\/p>\n<p><img decoding=\"async\" class=\"alignnone size-full wp-image-332\" src=\"https:\/\/linketeach.cl\/wp-content\/uploads\/2021\/07\/education_book_learn_learning_icon_149694.png\" alt=\"\" width=\"48\" height=\"48\" \/><a href=\"https:\/\/site.redlearning.cl\/wp-content\/uploads\/2021\/12\/Curso-Proteccion-Radiologica.pdf\" target=\"_blank\" rel=\"noopener\">Programa del Curso<\/a><\/p>\n<p><img decoding=\"async\" class=\"alignnone size-medium wp-image-335\" src=\"https:\/\/linketeach.cl\/wp-content\/uploads\/2021\/07\/notes_clipboard_icon_149712-1.png\" alt=\"\" width=\"48\" height=\"48\" \/>Evaluaci\u00f3n Final<\/p>\n<p><img loading=\"lazy\" decoding=\"async\" class=\"alignnone size-medium wp-image-334\" style=\"font-weight: inherit;\" src=\"https:\/\/linketeach.cl\/wp-content\/uploads\/2021\/07\/education_diploma_award_icon_149701.png\" alt=\"\" width=\"48\" height=\"48\" \/>Certificaci\u00f3n<\/p>\n","protected":false},"featured_media":11815,"template":"","meta":{"site-sidebar-layout":"no-sidebar","site-content-layout":"default","ast-site-content-layout":"default","site-content-style":"default","site-sidebar-style":"default","ast-global-header-display":"","ast-banner-title-visibility":"","ast-main-header-display":"","ast-hfb-above-header-display":"","ast-hfb-below-header-display":"","ast-hfb-mobile-header-display":"","site-post-title":"","ast-breadcrumbs-content":"","ast-featured-img":"","footer-sml-layout":"","ast-disable-related-posts":"","theme-transparent-header-meta":"default","adv-header-id-meta":"","stick-header-meta":"","header-above-stick-meta":"","header-main-stick-meta":"","header-below-stick-meta":"","astra-migrate-meta-layouts":"set","ast-page-background-enabled":"default","ast-page-background-meta":{"desktop":{"background-color":"","background-image":"","background-repeat":"repeat","background-position":"center center","background-size":"auto","background-attachment":"scroll","background-type":"","background-media":"","overlay-type":"","overlay-color":"","overlay-opacity":"","overlay-gradient":""},"tablet":{"background-color":"","background-image":"","background-repeat":"repeat","background-position":"center center","background-size":"auto","background-attachment":"scroll","background-type":"","background-media":"","overlay-type":"","overlay-color":"","overlay-opacity":"","overlay-gradient":""},"mobile":{"background-color":"","background-image":"","background-repeat":"repeat","background-position":"center center","background-size":"auto","background-attachment":"scroll","background-type":"","background-media":"","overlay-type":"","overlay-color":"","overlay-opacity":"","overlay-gradient":""}},"ast-content-background-meta":{"desktop":{"background-color":"var(--ast-global-color-5)","background-image":"","background-repeat":"repeat","background-position":"center center","background-size":"auto","background-attachment":"scroll","background-type":"","background-media":"","overlay-type":"","overlay-color":"","overlay-opacity":"","overlay-gradient":""},"tablet":{"background-color":"var(--ast-global-color-5)","background-image":"","background-repeat":"repeat","background-position":"center center","background-size":"auto","background-attachment":"scroll","background-type":"","background-media":"","overlay-type":"","overlay-color":"","overlay-opacity":"","overlay-gradient":""},"mobile":{"background-color":"var(--ast-global-color-5)","background-image":"","background-repeat":"repeat","background-position":"center center","background-size":"auto","background-attachment":"scroll","background-type":"","background-media":"","overlay-type":"","overlay-color":"","overlay-opacity":"","overlay-gradient":""}},"_joinchat":[]},"product_brand":[],"product_cat":[425],"product_tag":[],"class_list":{"0":"post-11814","1":"product","2":"type-product","3":"status-publish","4":"has-post-thumbnail","6":"product_cat-cursos","7":"desktop-align-left","8":"tablet-align-left","9":"mobile-align-left","11":"first","12":"instock","13":"sale","14":"downloadable","15":"virtual","16":"sold-individually","17":"purchasable","18":"product-type-simple"},"_links":{"self":[{"href":"https:\/\/site.redlearning.cl\/index.php?rest_route=\/wp\/v2\/product\/11814","targetHints":{"allow":["GET"]}}],"collection":[{"href":"https:\/\/site.redlearning.cl\/index.php?rest_route=\/wp\/v2\/product"}],"about":[{"href":"https:\/\/site.redlearning.cl\/index.php?rest_route=\/wp\/v2\/types\/product"}],"wp:featuredmedia":[{"embeddable":true,"href":"https:\/\/site.redlearning.cl\/index.php?rest_route=\/wp\/v2\/media\/11815"}],"wp:attachment":[{"href":"https:\/\/site.redlearning.cl\/index.php?rest_route=%2Fwp%2Fv2%2Fmedia&parent=11814"}],"wp:term":[{"taxonomy":"product_brand","embeddable":true,"href":"https:\/\/site.redlearning.cl\/index.php?rest_route=%2Fwp%2Fv2%2Fproduct_brand&post=11814"},{"taxonomy":"product_cat","embeddable":true,"href":"https:\/\/site.redlearning.cl\/index.php?rest_route=%2Fwp%2Fv2%2Fproduct_cat&post=11814"},{"taxonomy":"product_tag","embeddable":true,"href":"https:\/\/site.redlearning.cl\/index.php?rest_route=%2Fwp%2Fv2%2Fproduct_tag&post=11814"}],"curies":[{"name":"wp","href":"https:\/\/api.w.org\/{rel}","templated":true}]}}