{"id":11829,"date":"2024-04-22T23:53:27","date_gmt":"2024-04-23T02:53:27","guid":{"rendered":"https:\/\/site.redlearning.cl\/?post_type=product&#038;p=11829"},"modified":"2025-11-03T17:36:40","modified_gmt":"2025-11-03T20:36:40","slug":"curso-salud-mental-en-aps","status":"publish","type":"product","link":"https:\/\/site.redlearning.cl\/?product=curso-salud-mental-en-aps","title":{"rendered":"Curso Salud Mental en APS"},"content":{"rendered":"<p>En Chile, tras la incorporaci\u00f3n de la tem\u00e1tica de salud mental en los programas gubernamentales se han producido importantes avances en la salud mental. La creaci\u00f3n de documentos y orientaciones t\u00e9cnicas afines al tema y en particular los Planes de Salud Mental de los a\u00f1os 1993, 2000 y 2017 constituyen la manifestaci\u00f3n concreta de esta incorporaci\u00f3n, lo que se ha traducido en el fortalecimiento de la atenci\u00f3n en unidades de psiquiatr\u00eda dentro de hospitales generales en todo el pa\u00eds, y la paralela potenciaci\u00f3n de la atenci\u00f3n ambulatoria de las personas con enfermedad mental. Instal\u00e1ndose progresivamente el Modelo Comunitario de Atenci\u00f3n en Salud Mental, que tiene como elemento cardinal el equipo de salud mental y psiquiatr\u00eda comunitaria.<\/p>\n<p>Resulta obligatorio para el buen desarrollo de la atenci\u00f3n de salud mental en la Atenci\u00f3n Primaria de Salud, contar con el recurso humano con las competencias necesarias para desempe\u00f1arse, seg\u00fan los Modelos Comunitario de Atenci\u00f3n en Salud Mental y de Salud Familiar; por lo que la capacitaci\u00f3n continua en temas y contenidos de la salud mental, que incluya no solo a los profesionales de la salud mental; sino tambi\u00e9n a los equipos de Atenci\u00f3n Primaria de Salud, lo que se constituye como indispensable.<\/p>\n<p>Considerando estos requerimientos y con la finalidad de aportar nuevos conocimientos y habilidades a los profesionales de la atenci\u00f3n primaria de salud en materia de Salud mental comunitaria en la APS, presentamos este curso.<\/p>\n<h2><span style=\"color: #0099cd;\">Objetivo General<\/span><\/h2>\n<hr \/>\n<p>Analizar el abordaje preventivo, diagn\u00f3stico, terap\u00e9utico y rehabilitatorio de las principales patolog\u00edas psiqui\u00e1tricas que se presentan en APS, mediante las herramientas de prevenci\u00f3n y promoci\u00f3n de salud, desde un enfoque hol\u00edstico e integrador, cuyo l\u00edder es el equipo de salud mental en la comunidad.<\/p>\n<h2><span style=\"color: #0099cd;\">Metodolog\u00eda<\/span><\/h2>\n<hr \/>\n<p>Modalidad 100% Online, asincr\u00f3nico y a tu ritmo. Contar\u00e1s con tutores desde el principio al fin de tu formaci\u00f3n, nunca estar\u00e1s sol@.<\/p>\n<h2><span style=\"color: #0099cd;\">Temario<\/span><\/h2>\n<hr \/>\n<div class=\"lightweight-accordion bordered has-text-color has-background\"><details><summary class=\"lightweight-accordion-title\" style=\"color:#ffffff;background:#0099cd;\"><span>M\u00f3dulo I - Salud Mental Comunitaria: definici\u00f3n y antecedentes <\/span><\/summary><div class=\"lightweight-accordion-body\" style=\"border-color:#0099cd;\"><h6><span style=\"color: #0099cd;\">Objetivos espec\u00edficos: <\/span>Analizar los antecedentes, concepto de Salud Mental comunitaria, objetivos mediante el abordaje de sus proyecciones y perspectivas de paradigma.<\/h6>\n<h6><span style=\"color: #0099cd;\">Duraci\u00f3n: <\/span>15 horas<\/h6>\n<h6><span style=\"color: #0099cd;\">Contenidos:<\/span><\/h6>\n<ul>\n<li>Antipsiquiatr\u00eda, movimiento antipsiqui\u00e1trico y crisis de la Psiquiatr\u00eda tradicional.<\/li>\n<li>Psiquiatr\u00eda comunitaria: definici\u00f3n y perspectivas.<\/li>\n<li>Salud Mental como paradigma hol\u00edstico e integrador. Modelo Comunitario de Atenci\u00f3n en Salud Mental: Red sanitaria, Red social, Recursos socio-familiares<\/li>\n<\/ul>\n<\/div><\/details><\/div>\n<div class=\"lightweight-accordion bordered has-text-color has-background\"><details><summary class=\"lightweight-accordion-title\" style=\"color:#ffffff;background:#0099cd;\"><span>M\u00f3dulo II - Psicopatolog\u00eda y nosolog\u00eda psiqui\u00e1trica. Abordaje de los trastornos mentales en Atenci\u00f3n Primaria de Salud <\/span><\/summary><div class=\"lightweight-accordion-body\" style=\"border-color:#0099cd;\"><h6><span style=\"color: #0099cd;\">Objetivos espec\u00edficos: <\/span>Analizar el abordaje preventivo, terap\u00e9utico y rehabilitatorio de las patolog\u00edas psiqui\u00e1tricas que con mayor frecuencia se presentan en la comunidad.<\/h6>\n<h6><span style=\"color: #0099cd;\">Duraci\u00f3n: <\/span>25 horas<\/h6>\n<h6><span style=\"color: #0099cd;\">Contenidos:<\/span><\/h6>\n<ul>\n<li>Cuadro cl\u00ednico, criterios diagn\u00f3sticos (seg\u00fan CIE 11 y DSM V) y abordaje de las principales patolog\u00edas que se presentan en atenci\u00f3n primaria: Trastornos depresivos, Psicosis, Trastornos del desarrollo, conducta suicida, adicciones y consumo de sustancias psicoactivas, demencias, trastornos neur\u00f3ticos y somatomorfos.<\/li>\n<li>Rehabilitaci\u00f3n y reinserci\u00f3n sociofamiliar en personas con enfermedades mentales.<\/li>\n<li>Psiquiatr\u00eda transcultural. Atenci\u00f3n a poblaciones ind\u00edgenas, migrantes y minor\u00edas.<\/li>\n<\/ul>\n<\/div><\/details><\/div>\n<div class=\"lightweight-accordion bordered has-text-color has-background\"><details><summary class=\"lightweight-accordion-title\" style=\"color:#ffffff;background:#0099cd;\"><span>M\u00f3dulo III - Salud Mental Comunitaria en situaciones de Desastres<\/span><\/summary><div class=\"lightweight-accordion-body\" style=\"border-color:#0099cd;\"><h6><span style=\"color: #0099cd;\">Objetivos espec\u00edficos: <\/span>Analizar las manifestaciones piscopatol\u00f3gicas y trastornos mentales que se producen a punto de partida de las situaciones de desastres, mediante las herramientas de prevenci\u00f3n y organizaci\u00f3n dispuestos en los Servicios de Salud mental para estos contextos.<\/h6>\n<h6><span style=\"color: #0099cd;\">Duraci\u00f3n: <\/span>25 horas<\/h6>\n<h6><span style=\"color: #0099cd;\">Contenidos:<\/span><\/h6>\n<ul>\n<li>Desastres: definici\u00f3n, tipos, alcance. Fen\u00f3meno del segundo desastre.<\/li>\n<li>\u00a0Experiencias internacionales, regionales y nacionales en la organizaci\u00f3n de los servicios de atenci\u00f3n de salud mental en situaciones de desastres. Sistema de alerta temprana.<\/li>\n<li>Reacciones de estr\u00e9s agudo y Trastorno por estr\u00e9s postraum\u00e1tico.<\/li>\n<li>Manejo de las situaciones de duelo en la comunidad.<\/li>\n<li>Atenci\u00f3n al personal sanitario y rescatistas.<\/li>\n<li>Actividades de prevenci\u00f3n y preparaci\u00f3n comunitaria para las situaciones de desastres. Minimizaci\u00f3n de riesgos. Potenciaci\u00f3n de los recursos locales. Participaci\u00f3n comunitaria.<\/li>\n<\/ul>\n<\/div><\/details><\/div>\n<div class=\"lightweight-accordion bordered has-text-color has-background\"><details><summary class=\"lightweight-accordion-title\" style=\"color:#ffffff;background:#0099cd;\"><span>M\u00f3dulo IV - Organizaci\u00f3n de los servicios en Salud Mental Comunitaria: prevenci\u00f3n y promoci\u00f3n de Salud Mental<\/span><\/summary><div class=\"lightweight-accordion-body\" style=\"border-color:#0099cd;\"><h6><span style=\"color: #0099cd;\">Objetivos espec\u00edficos: <\/span><\/h6>\n<ul>\n<li>Analizar los componentes funciones y misi\u00f3n del equipo de salud mental encauzado por los programas y planes de atenci\u00f3n en salud mental comunitaria en el plano nacional e internacional.<\/li>\n<li>Conocer las herramientas para el desarrollo de acciones de prevenci\u00f3n y detecci\u00f3n de trastornos mentales en la APS, as\u00ed como para las acciones de promoci\u00f3n de salud mental.<\/li>\n<\/ul>\n<h6><span style=\"color: #0099cd;\">Duraci\u00f3n: <\/span>40 horas<\/h6>\n<h6><span style=\"color: #0099cd;\">Contenidos:<\/span><\/h6>\n<ul>\n<li>Proyecciones de Salud mental en organismos internacionales: OMS, OPS.<\/li>\n<li>Planes y programas de Salud mental en Chile.<\/li>\n<li>Concepto de equipo comunitario, perspectivas te\u00f3ricas principales, la interdisciplinariedad como fundamento matriz del equipo.<\/li>\n<li>La din\u00e1mica interna del equipo: el \u00e1mbito relacional, la creatividad, las decisiones.<\/li>\n<li>Liderazgo y desempe\u00f1o de tareas: rendimiento individual y colectivo; la equidad en el trabajo; el manejo del conflicto; tipolog\u00edas del liderazgo y patrones de influencia en el grupo.<\/li>\n<li>Equipo comunitario y trabajo en red: la red interna de salud; el trabajo con la comunidad; el trabajo intersectorial. Limitaciones.<\/li>\n<li>El da\u00f1o vicario (Burnout Syndrome): concepto y formas de expresi\u00f3n; la salud mental del equipo; t\u00e9cnicas de intervenci\u00f3n preventivas y en crisis; autocuidado del equipo; la supervisi\u00f3n interna y externa.<\/li>\n<li>An\u00e1lisis de la Situaci\u00f3n de Salud como herramienta diagn\u00f3stica y de trabajo.<\/li>\n<li>Dilemas \u00e9ticos en la atenci\u00f3n en salud mental. C\u00f3digos \u00e9ticos y deontol\u00f3gicos.<\/li>\n<li>Determinantes sociales en salud mental.<\/li>\n<li>Factores de riesgo y protecci\u00f3n en la comunidad.<\/li>\n<li>Violencia, inequidad y \u00e1mbito social de la salud mental.<\/li>\n<li>Estrategias e intervenciones en la comunidad como instrumentos de promoci\u00f3n de salud mental.<\/li>\n<\/ul>\n<\/div><\/details><\/div>\n<div class=\"lightweight-accordion bordered has-text-color has-background\"><details><summary class=\"lightweight-accordion-title\" style=\"color:#ffffff;background:#0099cd;\"><span>M\u00f3dulo Final - Evaluaci\u00f3n e Integraci\u00f3n del contenido<\/span><\/summary><div class=\"lightweight-accordion-body\" style=\"border-color:#0099cd;\"><h6><span style=\"color: #0099cd;\">Objetivos espec\u00edficos: <\/span>Aplicar las diferentes herramientas de prevenci\u00f3n y promoci\u00f3n de salud mental de acuerdo al contexto del participante.<\/h6>\n<h6><span style=\"color: #0099cd;\">Duraci\u00f3n: <\/span>15 horas<\/h6>\n<\/div><\/details><\/div>\n","protected":false},"excerpt":{"rendered":"<p><span style=\"color: #0099cd;\">Resumen del Curso<\/span><\/p>\n<hr \/>\n<p><img decoding=\"async\" class=\"alignnone size-full wp-image-333\" style=\"font-weight: inherit;\" src=\"https:\/\/linketeach.cl\/wp-content\/uploads\/2021\/07\/education_computer_school_graduate_cap_monitor_icon_149680.png\" alt=\"\" width=\"48\" height=\"48\" \/>120 horas &#8211; 5 m\u00f3dulos<\/p>\n<p><img decoding=\"async\" class=\"alignnone size-full wp-image-332\" src=\"https:\/\/linketeach.cl\/wp-content\/uploads\/2021\/07\/education_book_learn_learning_icon_149694.png\" alt=\"\" width=\"48\" height=\"48\" \/><a href=\"https:\/\/site.redlearning.cl\/wp-content\/uploads\/2022\/05\/Programa-C-Salud-Mental-en-APS.pdf\" target=\"_blank\" rel=\"noopener\">Programa del Curso<\/a><\/p>\n<p><img decoding=\"async\" class=\"alignnone size-medium wp-image-335\" src=\"https:\/\/linketeach.cl\/wp-content\/uploads\/2021\/07\/notes_clipboard_icon_149712-1.png\" alt=\"\" width=\"48\" height=\"48\" \/>Evaluaci\u00f3n Final<\/p>\n<p><img loading=\"lazy\" decoding=\"async\" class=\"alignnone size-medium wp-image-334\" style=\"font-weight: inherit;\" src=\"https:\/\/linketeach.cl\/wp-content\/uploads\/2021\/07\/education_diploma_award_icon_149701.png\" alt=\"\" width=\"48\" height=\"48\" \/>Certificaci\u00f3n<\/p>\n","protected":false},"featured_media":11830,"template":"","meta":{"site-sidebar-layout":"no-sidebar","site-content-layout":"default","ast-site-content-layout":"default","site-content-style":"default","site-sidebar-style":"default","ast-global-header-display":"","ast-banner-title-visibility":"","ast-main-header-display":"","ast-hfb-above-header-display":"","ast-hfb-below-header-display":"","ast-hfb-mobile-header-display":"","site-post-title":"","ast-breadcrumbs-content":"","ast-featured-img":"","footer-sml-layout":"","ast-disable-related-posts":"","theme-transparent-header-meta":"default","adv-header-id-meta":"","stick-header-meta":"","header-above-stick-meta":"","header-main-stick-meta":"","header-below-stick-meta":"","astra-migrate-meta-layouts":"set","ast-page-background-enabled":"default","ast-page-background-meta":{"desktop":{"background-color":"","background-image":"","background-repeat":"repeat","background-position":"center center","background-size":"auto","background-attachment":"scroll","background-type":"","background-media":"","overlay-type":"","overlay-color":"","overlay-opacity":"","overlay-gradient":""},"tablet":{"background-color":"","background-image":"","background-repeat":"repeat","background-position":"center center","background-size":"auto","background-attachment":"scroll","background-type":"","background-media":"","overlay-type":"","overlay-color":"","overlay-opacity":"","overlay-gradient":""},"mobile":{"background-color":"","background-image":"","background-repeat":"repeat","background-position":"center center","background-size":"auto","background-attachment":"scroll","background-type":"","background-media":"","overlay-type":"","overlay-color":"","overlay-opacity":"","overlay-gradient":""}},"ast-content-background-meta":{"desktop":{"background-color":"var(--ast-global-color-5)","background-image":"","background-repeat":"repeat","background-position":"center center","background-size":"auto","background-attachment":"scroll","background-type":"","background-media":"","overlay-type":"","overlay-color":"","overlay-opacity":"","overlay-gradient":""},"tablet":{"background-color":"var(--ast-global-color-5)","background-image":"","background-repeat":"repeat","background-position":"center center","background-size":"auto","background-attachment":"scroll","background-type":"","background-media":"","overlay-type":"","overlay-color":"","overlay-opacity":"","overlay-gradient":""},"mobile":{"background-color":"var(--ast-global-color-5)","background-image":"","background-repeat":"repeat","background-position":"center center","background-size":"auto","background-attachment":"scroll","background-type":"","background-media":"","overlay-type":"","overlay-color":"","overlay-opacity":"","overlay-gradient":""}},"_joinchat":[]},"product_brand":[],"product_cat":[425,291],"product_tag":[],"class_list":{"0":"post-11829","1":"product","2":"type-product","3":"status-publish","4":"has-post-thumbnail","6":"product_cat-cursos","7":"product_cat-cursos-salud-mental","8":"desktop-align-left","9":"tablet-align-left","10":"mobile-align-left","12":"first","13":"instock","14":"sale","15":"downloadable","16":"virtual","17":"sold-individually","18":"purchasable","19":"product-type-simple"},"_links":{"self":[{"href":"https:\/\/site.redlearning.cl\/index.php?rest_route=\/wp\/v2\/product\/11829","targetHints":{"allow":["GET"]}}],"collection":[{"href":"https:\/\/site.redlearning.cl\/index.php?rest_route=\/wp\/v2\/product"}],"about":[{"href":"https:\/\/site.redlearning.cl\/index.php?rest_route=\/wp\/v2\/types\/product"}],"wp:featuredmedia":[{"embeddable":true,"href":"https:\/\/site.redlearning.cl\/index.php?rest_route=\/wp\/v2\/media\/11830"}],"wp:attachment":[{"href":"https:\/\/site.redlearning.cl\/index.php?rest_route=%2Fwp%2Fv2%2Fmedia&parent=11829"}],"wp:term":[{"taxonomy":"product_brand","embeddable":true,"href":"https:\/\/site.redlearning.cl\/index.php?rest_route=%2Fwp%2Fv2%2Fproduct_brand&post=11829"},{"taxonomy":"product_cat","embeddable":true,"href":"https:\/\/site.redlearning.cl\/index.php?rest_route=%2Fwp%2Fv2%2Fproduct_cat&post=11829"},{"taxonomy":"product_tag","embeddable":true,"href":"https:\/\/site.redlearning.cl\/index.php?rest_route=%2Fwp%2Fv2%2Fproduct_tag&post=11829"}],"curies":[{"name":"wp","href":"https:\/\/api.w.org\/{rel}","templated":true}]}}