{"id":11833,"date":"2024-04-23T19:44:47","date_gmt":"2024-04-23T22:44:47","guid":{"rendered":"https:\/\/site.redlearning.cl\/?post_type=product&#038;p=11833"},"modified":"2025-11-03T17:35:43","modified_gmt":"2025-11-03T20:35:43","slug":"curso-planificacion-y-gestion-de-emergencias-y-desastres-2","status":"publish","type":"product","link":"https:\/\/site.redlearning.cl\/?product=curso-planificacion-y-gestion-de-emergencias-y-desastres-2","title":{"rendered":"Curso Planificaci\u00f3n y Gesti\u00f3n de Emergencias y Desastres"},"content":{"rendered":"<p>Las emergencias y desastres son una realidad que afecta al mundo desde sus or\u00edgenes y los da\u00f1os que ocasionan a las personas y comunidades no s\u00f3lo impactan a un nivel f\u00edsico, sino tambi\u00e9n psicol\u00f3gico y psicosocial. El efecto inmediato de una cat\u00e1strofe a nivel social se expresa en el rompimiento de la malla de relaciones comunitarias, desorganizaci\u00f3n, la p\u00e9rdida de comunicaci\u00f3n, la ruptura de las redes viales, la ca\u00edda de los servicios p\u00fablicos y de telecomunicaciones, que afectan desde la primera hora de ocurrido un evento y generan incertidumbres, desestabilizaci\u00f3n y eventualmente efectos psicol\u00f3gicos en personas. Estos fen\u00f3menos requieren una adecuada comprensi\u00f3n y oportuno abordaje por los equipos t\u00e9cnico \u2013 profesionales en salud que intervienen en el proceso de ayuda, lo que exige una adecuada preparaci\u00f3n para ellos.<\/p>\n<p>El curso que presentamos busca actualizar las competencias atingentes al quehacer de funcionarios de primera l\u00ednea del \u00e1rea de salud, as\u00ed como otras personas vinculadas al trabajo y gesti\u00f3n de respuestas ante contextos de emergencias y desastres en \u00e1rea Atenci\u00f3n Primaria en Salud.<\/p>\n<h2><span style=\"color: #0099cd;\">Objetivo General<\/span><\/h2>\n<hr \/>\n<p>Operar herramientas de gesti\u00f3n del riesgo de emergencias y desastres, buscando la eficiente prevenci\u00f3n y mitigaci\u00f3n de dichos sucesos en el contexto de Atenci\u00f3n Primaria en Salud.<\/p>\n<h2><span style=\"color: #0099cd;\">Metodolog\u00eda<\/span><\/h2>\n<hr \/>\n<p>Modalidad 100% Online, asincr\u00f3nico y a tu ritmo. Contar\u00e1s con tutores desde el principio al fin de tu formaci\u00f3n, nunca estar\u00e1s sol@.<\/p>\n<h2><span style=\"color: #0099cd;\">Temario<\/span><\/h2>\n<hr \/>\n<div class=\"lightweight-accordion bordered has-text-color has-background\"><details><summary class=\"lightweight-accordion-title\" style=\"color:#ffffff;background:#0099cd;\"><span>M\u00f3dulo I - Riesgos, amenazas y vulnerabilidades<\/span><\/summary><div class=\"lightweight-accordion-body\" style=\"border-color:#0099cd;\"><h6><span style=\"color: #0099cd;\">Objetivos espec\u00edficos: <\/span>Examinar el marco internacional y nacional de reducci\u00f3n desastres, as\u00ed como los conceptos del riesgo, amenaza y vulnerabilidad asociados a emergencias en la Atenci\u00f3n Primaria en Salud.<\/h6>\n<h6><span style=\"color: #0099cd;\">Duraci\u00f3n: <\/span>30 horas<\/h6>\n<h6><span style=\"color: #0099cd;\">Contenidos:<\/span><\/h6>\n<ul>\n<li>Marco Internacional, O.N.U: de Yokohama a Sendai.<\/li>\n<li>Sistema Nacional de Protecci\u00f3n Civil. Tipolog\u00eda de riesgos.<\/li>\n<li>Tipolog\u00eda de vulnerabilidades.<\/li>\n<li>Tipolog\u00eda de amenazas.<\/li>\n<\/ul>\n<\/div><\/details><\/div>\n<div class=\"lightweight-accordion bordered has-text-color has-background\"><details><summary class=\"lightweight-accordion-title\" style=\"color:#ffffff;background:#0099cd;\"><span>M\u00f3dulo II - Gesti\u00f3n del Riesgo: antes, durante y despu\u00e9s <\/span><\/summary><div class=\"lightweight-accordion-body\" style=\"border-color:#0099cd;\"><h6><span style=\"color: #0099cd;\">Objetivos espec\u00edficos: <\/span>Distinguir las acciones a ejecutar antes, durante y despu\u00e9s de una cat\u00e1strofe con el objetivo de disminuir y prevenir los da\u00f1os ocasionados por \u00e9sta.<\/h6>\n<h6><span style=\"color: #0099cd;\">Duraci\u00f3n: <\/span>30 horas<\/h6>\n<h6><span style=\"color: #0099cd;\">Contenidos:<\/span><\/h6>\n<ul>\n<li>La intervenci\u00f3n sobre el riesgo y los desastres.<\/li>\n<li>Degradaci\u00f3n ambiental y riesgos.<\/li>\n<li>Las acciones antes: prevenci\u00f3n, preparaci\u00f3n y mitigaci\u00f3n.<\/li>\n<li>Las acciones de respuesta.<\/li>\n<li>Las acciones despu\u00e9s: rehabilitaci\u00f3n y reconstrucci\u00f3n.<\/li>\n<\/ul>\n<\/div><\/details><\/div>\n<div class=\"lightweight-accordion bordered has-text-color has-background\"><details><summary class=\"lightweight-accordion-title\" style=\"color:#ffffff;background:#0099cd;\"><span>M\u00f3dulo III - Herramientas para el manejo de Lesionados<\/span><\/summary><div class=\"lightweight-accordion-body\" style=\"border-color:#0099cd;\"><h6><span style=\"color: #0099cd;\">Objetivos espec\u00edficos: <\/span>Operar herramientas de intervenci\u00f3n social y manejo cl\u00ednico de lesionados en el contexto de desastres y cat\u00e1strofes en la Atenci\u00f3n Primaria en Salud.<\/h6>\n<h6><span style=\"color: #0099cd;\">Duraci\u00f3n: <\/span>30 horas<\/h6>\n<h6><span style=\"color: #0099cd;\">Contenidos:<\/span><\/h6>\n<ul>\n<li>Intervenci\u00f3n con grupos y comunidad.<\/li>\n<li>Primeros auxilios psicol\u00f3gicos: herramientas b\u00e1sicas.<\/li>\n<li>Triaje y manejo de m\u00faltiples v\u00edctimas.<\/li>\n<li>Soporte vital en situaciones especiales.<\/li>\n<\/ul>\n<\/div><\/details><\/div>\n<div class=\"lightweight-accordion bordered has-text-color has-background\"><details><summary class=\"lightweight-accordion-title\" style=\"color:#ffffff;background:#0099cd;\"><span>M\u00f3dulo IV - Planes de Gesti\u00f3n de Emergencias y Desastres<\/span><\/summary><div class=\"lightweight-accordion-body\" style=\"border-color:#0099cd;\"><h6><span style=\"color: #0099cd;\">Objetivos espec\u00edficos: <\/span>Analizar las metodolog\u00edas y protocolos utilizados en la elaboraci\u00f3n de planes de emergencias y desastres en la Atenci\u00f3n Primaria en Salud.<\/h6>\n<h6><span style=\"color: #0099cd;\">Duraci\u00f3n: <\/span>30 horas<\/h6>\n<h6><span style=\"color: #0099cd;\">Contenidos:<\/span><\/h6>\n<ul>\n<li>Planificaci\u00f3n de la emergencia: organismos de protecci\u00f3n, sistemas de alerta, coordinaci\u00f3n.<\/li>\n<li>Tipos de planes de emergencias y respuesta.<\/li>\n<li>Los sistemas de apoyo.<\/li>\n<li>Roles y competencias de organismos e instituciones.<\/li>\n<li>Protocolos de actuaci\u00f3n: elementos y elaboraci\u00f3n<\/li>\n<\/ul>\n<\/div><\/details><\/div>\n<div class=\"lightweight-accordion bordered has-text-color has-background\"><details><summary class=\"lightweight-accordion-title\" style=\"color:#ffffff;background:#0099cd;\"><span>M\u00f3dulo Final - Casos de estudio en contexto de emergencias y desastres<\/span><\/summary><div class=\"lightweight-accordion-body\" style=\"border-color:#0099cd;\"><h6><span style=\"color: #0099cd;\">Test Global<br \/>\nProyecto de integraci\u00f3n te\u00f3rico-practico<\/span><\/h6>\n<h6><span style=\"color: #0099cd;\">Objetivos espec\u00edficos: <\/span>Evaluar las habilidades adquiridas con el estudio de situaciones y casos aplicables en contexto de emergencias y desastres asociados en la Atenci\u00f3n Primaria en Salud.<\/h6>\n<\/div><\/details><\/div>\n","protected":false},"excerpt":{"rendered":"<p><span style=\"color: #0099cd;\">Resumen del Curso<\/span><\/p>\n<hr \/>\n<p><img decoding=\"async\" class=\"alignnone size-full wp-image-333\" style=\"font-weight: inherit;\" src=\"https:\/\/linketeach.cl\/wp-content\/uploads\/2021\/07\/education_computer_school_graduate_cap_monitor_icon_149680.png\" alt=\"\" width=\"48\" height=\"48\" \/>120 horas &#8211; 5 m\u00f3dulos<\/p>\n<p><img decoding=\"async\" class=\"alignnone size-full wp-image-332\" src=\"https:\/\/linketeach.cl\/wp-content\/uploads\/2021\/07\/education_book_learn_learning_icon_149694.png\" alt=\"\" width=\"48\" height=\"48\" \/><a href=\"https:\/\/site.redlearning.cl\/wp-content\/uploads\/2022\/05\/C-Emergencias-y-Desastres-APS.pdf\" target=\"_blank\" rel=\"noopener\">Programa del Curso<\/a><\/p>\n<p><img decoding=\"async\" class=\"alignnone size-medium wp-image-335\" src=\"https:\/\/linketeach.cl\/wp-content\/uploads\/2021\/07\/notes_clipboard_icon_149712-1.png\" alt=\"\" width=\"48\" height=\"48\" \/>Evaluaci\u00f3n Final<\/p>\n<p><img loading=\"lazy\" decoding=\"async\" class=\"alignnone size-medium wp-image-334\" style=\"font-weight: inherit;\" src=\"https:\/\/linketeach.cl\/wp-content\/uploads\/2021\/07\/education_diploma_award_icon_149701.png\" alt=\"\" width=\"48\" height=\"48\" \/>Certificaci\u00f3n<\/p>\n","protected":false},"featured_media":11834,"template":"","meta":{"site-sidebar-layout":"no-sidebar","site-content-layout":"default","ast-site-content-layout":"default","site-content-style":"default","site-sidebar-style":"default","ast-global-header-display":"","ast-banner-title-visibility":"","ast-main-header-display":"","ast-hfb-above-header-display":"","ast-hfb-below-header-display":"","ast-hfb-mobile-header-display":"","site-post-title":"","ast-breadcrumbs-content":"","ast-featured-img":"","footer-sml-layout":"","ast-disable-related-posts":"","theme-transparent-header-meta":"default","adv-header-id-meta":"","stick-header-meta":"","header-above-stick-meta":"","header-main-stick-meta":"","header-below-stick-meta":"","astra-migrate-meta-layouts":"set","ast-page-background-enabled":"default","ast-page-background-meta":{"desktop":{"background-color":"","background-image":"","background-repeat":"repeat","background-position":"center center","background-size":"auto","background-attachment":"scroll","background-type":"","background-media":"","overlay-type":"","overlay-color":"","overlay-opacity":"","overlay-gradient":""},"tablet":{"background-color":"","background-image":"","background-repeat":"repeat","background-position":"center center","background-size":"auto","background-attachment":"scroll","background-type":"","background-media":"","overlay-type":"","overlay-color":"","overlay-opacity":"","overlay-gradient":""},"mobile":{"background-color":"","background-image":"","background-repeat":"repeat","background-position":"center center","background-size":"auto","background-attachment":"scroll","background-type":"","background-media":"","overlay-type":"","overlay-color":"","overlay-opacity":"","overlay-gradient":""}},"ast-content-background-meta":{"desktop":{"background-color":"var(--ast-global-color-5)","background-image":"","background-repeat":"repeat","background-position":"center center","background-size":"auto","background-attachment":"scroll","background-type":"","background-media":"","overlay-type":"","overlay-color":"","overlay-opacity":"","overlay-gradient":""},"tablet":{"background-color":"var(--ast-global-color-5)","background-image":"","background-repeat":"repeat","background-position":"center center","background-size":"auto","background-attachment":"scroll","background-type":"","background-media":"","overlay-type":"","overlay-color":"","overlay-opacity":"","overlay-gradient":""},"mobile":{"background-color":"var(--ast-global-color-5)","background-image":"","background-repeat":"repeat","background-position":"center center","background-size":"auto","background-attachment":"scroll","background-type":"","background-media":"","overlay-type":"","overlay-color":"","overlay-opacity":"","overlay-gradient":""}},"_joinchat":[]},"product_brand":[],"product_cat":[425],"product_tag":[],"class_list":{"0":"post-11833","1":"product","2":"type-product","3":"status-publish","4":"has-post-thumbnail","6":"product_cat-cursos","7":"desktop-align-left","8":"tablet-align-left","9":"mobile-align-left","11":"first","12":"instock","13":"sale","14":"downloadable","15":"virtual","16":"sold-individually","17":"purchasable","18":"product-type-simple"},"_links":{"self":[{"href":"https:\/\/site.redlearning.cl\/index.php?rest_route=\/wp\/v2\/product\/11833","targetHints":{"allow":["GET"]}}],"collection":[{"href":"https:\/\/site.redlearning.cl\/index.php?rest_route=\/wp\/v2\/product"}],"about":[{"href":"https:\/\/site.redlearning.cl\/index.php?rest_route=\/wp\/v2\/types\/product"}],"wp:featuredmedia":[{"embeddable":true,"href":"https:\/\/site.redlearning.cl\/index.php?rest_route=\/wp\/v2\/media\/11834"}],"wp:attachment":[{"href":"https:\/\/site.redlearning.cl\/index.php?rest_route=%2Fwp%2Fv2%2Fmedia&parent=11833"}],"wp:term":[{"taxonomy":"product_brand","embeddable":true,"href":"https:\/\/site.redlearning.cl\/index.php?rest_route=%2Fwp%2Fv2%2Fproduct_brand&post=11833"},{"taxonomy":"product_cat","embeddable":true,"href":"https:\/\/site.redlearning.cl\/index.php?rest_route=%2Fwp%2Fv2%2Fproduct_cat&post=11833"},{"taxonomy":"product_tag","embeddable":true,"href":"https:\/\/site.redlearning.cl\/index.php?rest_route=%2Fwp%2Fv2%2Fproduct_tag&post=11833"}],"curies":[{"name":"wp","href":"https:\/\/api.w.org\/{rel}","templated":true}]}}