{"id":11881,"date":"2022-06-30T13:09:40","date_gmt":"2022-06-30T16:09:40","guid":{"rendered":"https:\/\/site.redlearning.cl\/?post_type=product&#038;p=11881"},"modified":"2025-11-03T17:41:28","modified_gmt":"2025-11-03T20:41:28","slug":"curso-autocuidado-al-interior-de-equipos-educativos-ante-contingencias-criticas","status":"publish","type":"product","link":"https:\/\/site.redlearning.cl\/?product=curso-autocuidado-al-interior-de-equipos-educativos-ante-contingencias-criticas","title":{"rendered":"Curso Autocuidado al interior de Equipos Educativos ante contingencias cr\u00edticas"},"content":{"rendered":"<p>Las crisis sanitarias, las crisis sociales y las cat\u00e1strofes naturales, representan condiciones contextuales de alto impacto en la vida de las personas y en la articulaci\u00f3n y desarrollo de las comunidades educativas. Exigen la adaptaci\u00f3n de distintos agentes educativos, para movilizar procesos de cambio que permitan dar respuesta oportuna a una amplia diversidad de desaf\u00edos, condiciones y necesidades.<\/p>\n<p>La actual pandemia por COVID-19, representa una de las crisis de mayor magnitud en el escenario mundial y nacional de las \u00faltimas d\u00e9cadas. Si bien sus efectos son diversos, dependiendo de cada realidad local, al d\u00eda de hoy es posible reconocer algunos factores de impacto compartidos por distintas comunidades educativas, tales como el cuidado de la salud y el bienestar, el manejo del estr\u00e9s, la motivaci\u00f3n y la incertidumbre, as\u00ed como la restricci\u00f3n de espacios de interacci\u00f3n social y la implementaci\u00f3n de distintas modalidades de teletrabajo.<\/p>\n<p>Reconociendo que los directivos, docentes y asistentes de la educaci\u00f3n cumplen roles fundamentales para liderar el afrontamiento y los procesos de cambio en sus respectivas comunidades educativas, surge la necesidad de fortalecer sus \u00e1mbitos de dominio personal para facilitar el despliegue de estrategias locales que permitan dar continuidad a sus proyectos educativos a trav\u00e9s del tiempo.<\/p>\n<p>El presente curso est\u00e1 enfocado a fortalecer competencias personales de autocuidado, y a aumentar el repertorio de herramientas y pr\u00e1cticas para afrontar las condiciones y los procesos de cambio producto de la crisis sanitaria. Aborda distintos componentes tem\u00e1ticos, y pone \u00e9nfasis en aspectos pr\u00e1cticos para facilitar la transferencia a una amplia gama de contextos locales, con la finalidad de promover la adaptaci\u00f3n y el aprendizaje integral de las comunidades educativas en contextos de alta incertidumbre.<\/p>\n<h2><span style=\"color: #0099cd;\">Objetivo General<\/span><\/h2>\n<hr \/>\n<p>Aumentar el dominio personal y fomentar el uso de pr\u00e1cticas de autocuidado para promover el bienestar y facilitar la adaptaci\u00f3n en tiempos de crisis.<\/p>\n<h2><span style=\"color: #0099cd;\">Metodolog\u00eda<\/span><\/h2>\n<hr \/>\n<p>Modalidad 100% Online, asincr\u00f3nico y a tu ritmo. Contar\u00e1s con tutores desde el principio al fin de tu formaci\u00f3n, nunca estar\u00e1s sol@.<\/p>\n<h2><span style=\"color: #0099cd;\">Temario<\/span><\/h2>\n<hr \/>\n<div class=\"lightweight-accordion bordered has-text-color has-background\"><details><summary class=\"lightweight-accordion-title\" style=\"color:#ffffff;background:#0099cd;\"><span>M\u00f3dulo I - Contextos de crisis y sus efectos en las comunidades educativas<\/span><\/summary><div class=\"lightweight-accordion-body\" style=\"border-color:#0099cd;\"><h6><span style=\"color: #0099cd;\">Objetivos espec\u00edficos: <\/span><\/h6>\n<ul>\n<li>Identificar los efectos, directos e indirectos, de la crisis en las comunidades educativas.<\/li>\n<li>Comprender el rol del liderazgo en el afrontamiento de las crisis.<\/li>\n<li>Reconocer el autocuidado y la adaptaci\u00f3n desde una perspectiva multidimensional integral.<\/li>\n<\/ul>\n<h6><span style=\"color: #0099cd;\">Duraci\u00f3n: <\/span>06 horas<\/h6>\n<h6><span style=\"color: #0099cd;\">Contenidos:<\/span><\/h6>\n<ul>\n<li>Impacto socioemocional de crisis y cat\u00e1strofes externas.<\/li>\n<li>Articulaci\u00f3n de comunidades educativas en tiempos de crisis.<\/li>\n<li>El rol del liderazgo en el afrontamiento de las crisis.<\/li>\n<li>Autocuidado y adaptaci\u00f3n de personas en contextos de alta incertidumbre.<\/li>\n<\/ul>\n<h6><span style=\"color: #0099cd;\">Webinar: <\/span>&#8220;Articulaci\u00f3n de comunidades educativas en tiempos de crisis\u201c.<\/h6>\n<\/div><\/details><\/div>\n<div class=\"lightweight-accordion bordered has-text-color has-background\"><details><summary class=\"lightweight-accordion-title\" style=\"color:#ffffff;background:#0099cd;\"><span>M\u00f3dulo II - Pr\u00e1cticas de autocuidado para el afrontamiento<\/span><\/summary><div class=\"lightweight-accordion-body\" style=\"border-color:#0099cd;\"><h6><span style=\"color: #0099cd;\">Objetivos espec\u00edficos: <\/span><\/h6>\n<ul>\n<li>Identificar pr\u00e1cticas concretas de autocuidado para facilitar la adaptaci\u00f3n y promover el bienestar biopsicosocial.<\/li>\n<li>Reconocer pr\u00e1cticas grupales para facilitar la adaptaci\u00f3n de distintos agentes educativos frente a la crisis.<\/li>\n<\/ul>\n<h6><span style=\"color: #0099cd;\">Duraci\u00f3n: <\/span>05 horas<\/h6>\n<h6><span style=\"color: #0099cd;\">Contenidos:<\/span><\/h6>\n<ul>\n<li>Ejercicios de respiraci\u00f3n y auto masajes.<\/li>\n<li>Comprensi\u00f3n, modulaci\u00f3n y expresi\u00f3n emocional.<\/li>\n<li>Comunicaci\u00f3n y acci\u00f3n.<\/li>\n<li>Trabajo colaborativo y contextualizaci\u00f3n de Proyectos Educativos Institucionales.<\/li>\n<\/ul>\n<h6><span style=\"color: #0099cd;\">Webinar: <\/span>&#8220;Ejercicios de respiraci\u00f3n y auto masaje\u201c.<\/h6>\n<\/div><\/details><\/div>\n<div class=\"lightweight-accordion bordered has-text-color has-background\"><details><summary class=\"lightweight-accordion-title\" style=\"color:#ffffff;background:#0099cd;\"><span>M\u00f3dulo III - Teletrabajo y estrategias para el cuidado de los equipos<\/span><\/summary><div class=\"lightweight-accordion-body\" style=\"border-color:#0099cd;\"><h6><span style=\"color: #0099cd;\">Objetivos espec\u00edficos: <\/span><\/h6>\n<ul>\n<li>Comprender los componentes involucrados en distintas modalidades de teletrabajo.<\/li>\n<li>Reconocer aspectos pr\u00e1cticos para facilitar el teletrabajo.<\/li>\n<li>Identificar pr\u00e1cticas grupales para facilitar la sinergia y la colaboraci\u00f3n.<\/li>\n<\/ul>\n<h6><span style=\"color: #0099cd;\">Duraci\u00f3n: <\/span>05 horas<\/h6>\n<h6><span style=\"color: #0099cd;\">Contenidos:<\/span><\/h6>\n<ul>\n<li>Teletrabajo en contexto: modalidades y componentes.<\/li>\n<li>Aspectos pr\u00e1cticos para facilitar la adaptaci\u00f3n en la implementaci\u00f3n de medidas de teletrabajo.<\/li>\n<li>Pr\u00e1cticas para la autorregulaci\u00f3n de equipos de trabajo.<\/li>\n<li>Gesti\u00f3n del tiempo y trabajo aut\u00f3nomo.<\/li>\n<\/ul>\n<h6><span style=\"color: #0099cd;\">Webinar: <\/span>&#8220;Pr\u00e1cticas para la autorregulaci\u00f3n de equipos de trabajo\u201c.<\/h6>\n<\/div><\/details><\/div>\n<div class=\"lightweight-accordion bordered has-text-color has-background\"><details><summary class=\"lightweight-accordion-title\" style=\"color:#ffffff;background:#0099cd;\"><span>M\u00f3dulo Final - Evaluaci\u00f3n<\/span><\/summary><div class=\"lightweight-accordion-body\" style=\"border-color:#0099cd;\"><h6><span style=\"color: #0099cd;\">Test global de selecci\u00f3n m\u00faltiple.<\/span><\/h6>\n<h6><span style=\"color: #0099cd;\">Objetivos espec\u00edficos: <\/span>Valorar las estrategias de autocuidado implementadas durante el curso, distinguiendo aspectos pr\u00e1cticos que faciliten el afrontamiento de periodos de crisis.<\/h6>\n<\/div><\/details><\/div>\n","protected":false},"excerpt":{"rendered":"<p><span style=\"color: #0099cd;\">Resumen del Curso<\/span><\/p>\n<hr \/>\n<p><img decoding=\"async\" class=\"alignnone size-full wp-image-333\" style=\"font-weight: inherit;\" src=\"https:\/\/linketeach.cl\/wp-content\/uploads\/2021\/07\/education_computer_school_graduate_cap_monitor_icon_149680.png\" alt=\"\" width=\"48\" height=\"48\" \/>16 horas &#8211; 4 m\u00f3dulos<\/p>\n<p><img decoding=\"async\" class=\"alignnone size-full wp-image-332\" src=\"https:\/\/linketeach.cl\/wp-content\/uploads\/2021\/07\/education_book_learn_learning_icon_149694.png\" alt=\"\" width=\"48\" height=\"48\" \/><a href=\"https:\/\/site.redlearning.cl\/wp-content\/uploads\/2021\/03\/31.Programa-c-Autocuidado.pdf\" target=\"_blank\" rel=\"noopener\">Programa del Curso<\/a><\/p>\n<p><img decoding=\"async\" class=\"alignnone size-medium wp-image-335\" src=\"https:\/\/linketeach.cl\/wp-content\/uploads\/2021\/07\/notes_clipboard_icon_149712-1.png\" alt=\"\" width=\"48\" height=\"48\" \/>Evaluaci\u00f3n Final<\/p>\n<p><img loading=\"lazy\" decoding=\"async\" class=\"alignnone size-medium wp-image-334\" style=\"font-weight: inherit;\" src=\"https:\/\/linketeach.cl\/wp-content\/uploads\/2021\/07\/education_diploma_award_icon_149701.png\" alt=\"\" width=\"48\" height=\"48\" \/>Certificaci\u00f3n<\/p>\n","protected":false},"featured_media":11882,"template":"","meta":{"site-sidebar-layout":"no-sidebar","site-content-layout":"default","ast-site-content-layout":"default","site-content-style":"default","site-sidebar-style":"default","ast-global-header-display":"","ast-banner-title-visibility":"","ast-main-header-display":"","ast-hfb-above-header-display":"","ast-hfb-below-header-display":"","ast-hfb-mobile-header-display":"","site-post-title":"","ast-breadcrumbs-content":"","ast-featured-img":"","footer-sml-layout":"","ast-disable-related-posts":"","theme-transparent-header-meta":"default","adv-header-id-meta":"","stick-header-meta":"","header-above-stick-meta":"","header-main-stick-meta":"","header-below-stick-meta":"","astra-migrate-meta-layouts":"set","ast-page-background-enabled":"default","ast-page-background-meta":{"desktop":{"background-color":"","background-image":"","background-repeat":"repeat","background-position":"center center","background-size":"auto","background-attachment":"scroll","background-type":"","background-media":"","overlay-type":"","overlay-color":"","overlay-opacity":"","overlay-gradient":""},"tablet":{"background-color":"","background-image":"","background-repeat":"repeat","background-position":"center center","background-size":"auto","background-attachment":"scroll","background-type":"","background-media":"","overlay-type":"","overlay-color":"","overlay-opacity":"","overlay-gradient":""},"mobile":{"background-color":"","background-image":"","background-repeat":"repeat","background-position":"center center","background-size":"auto","background-attachment":"scroll","background-type":"","background-media":"","overlay-type":"","overlay-color":"","overlay-opacity":"","overlay-gradient":""}},"ast-content-background-meta":{"desktop":{"background-color":"var(--ast-global-color-5)","background-image":"","background-repeat":"repeat","background-position":"center center","background-size":"auto","background-attachment":"scroll","background-type":"","background-media":"","overlay-type":"","overlay-color":"","overlay-opacity":"","overlay-gradient":""},"tablet":{"background-color":"var(--ast-global-color-5)","background-image":"","background-repeat":"repeat","background-position":"center center","background-size":"auto","background-attachment":"scroll","background-type":"","background-media":"","overlay-type":"","overlay-color":"","overlay-opacity":"","overlay-gradient":""},"mobile":{"background-color":"var(--ast-global-color-5)","background-image":"","background-repeat":"repeat","background-position":"center center","background-size":"auto","background-attachment":"scroll","background-type":"","background-media":"","overlay-type":"","overlay-color":"","overlay-opacity":"","overlay-gradient":""}},"_joinchat":[]},"product_brand":[],"product_cat":[425],"product_tag":[],"class_list":{"0":"post-11881","1":"product","2":"type-product","3":"status-publish","4":"has-post-thumbnail","6":"product_cat-cursos","7":"desktop-align-left","8":"tablet-align-left","9":"mobile-align-left","11":"first","12":"instock","13":"sale","14":"downloadable","15":"virtual","16":"sold-individually","17":"purchasable","18":"product-type-simple"},"_links":{"self":[{"href":"https:\/\/site.redlearning.cl\/index.php?rest_route=\/wp\/v2\/product\/11881","targetHints":{"allow":["GET"]}}],"collection":[{"href":"https:\/\/site.redlearning.cl\/index.php?rest_route=\/wp\/v2\/product"}],"about":[{"href":"https:\/\/site.redlearning.cl\/index.php?rest_route=\/wp\/v2\/types\/product"}],"wp:featuredmedia":[{"embeddable":true,"href":"https:\/\/site.redlearning.cl\/index.php?rest_route=\/wp\/v2\/media\/11882"}],"wp:attachment":[{"href":"https:\/\/site.redlearning.cl\/index.php?rest_route=%2Fwp%2Fv2%2Fmedia&parent=11881"}],"wp:term":[{"taxonomy":"product_brand","embeddable":true,"href":"https:\/\/site.redlearning.cl\/index.php?rest_route=%2Fwp%2Fv2%2Fproduct_brand&post=11881"},{"taxonomy":"product_cat","embeddable":true,"href":"https:\/\/site.redlearning.cl\/index.php?rest_route=%2Fwp%2Fv2%2Fproduct_cat&post=11881"},{"taxonomy":"product_tag","embeddable":true,"href":"https:\/\/site.redlearning.cl\/index.php?rest_route=%2Fwp%2Fv2%2Fproduct_tag&post=11881"}],"curies":[{"name":"wp","href":"https:\/\/api.w.org\/{rel}","templated":true}]}}