{"id":11918,"date":"2024-04-22T23:53:27","date_gmt":"2024-04-23T02:53:27","guid":{"rendered":"https:\/\/site.redlearning.cl\/?post_type=product&#038;p=11918"},"modified":"2025-11-03T17:36:40","modified_gmt":"2025-11-03T20:36:40","slug":"curso-abordaje-integral-del-adolescente","status":"publish","type":"product","link":"https:\/\/site.redlearning.cl\/?product=curso-abordaje-integral-del-adolescente","title":{"rendered":"Curso Abordaje Integral del Adolescente"},"content":{"rendered":"<p>En el Curso Abordaje integral del adolescente, se revisar\u00e1 el proceso de crecimiento y desarrollo biopsicosocial, los riesgos que afectan estos procesos, los problemas de salud m\u00e1s frecuentes, las formas de intervenci\u00f3n y las estrategias de implementaci\u00f3n servicios de calidad para adolescentes, teniendo como eje el cumplimiento de sus derechos en tem\u00e1ticas relacionadas con su propia salud.<\/p>\n<p>Con la impartici\u00f3n de este programa, se busca fortalecer y desarrollar las competencias de los profesionales.<\/p>\n<p>En el abordaje e intervenci\u00f3n diaria con adolescentes, con el fin de promover la implementaci\u00f3n de pol\u00edticas, planes, programas y servicios de salud orientados a las necesidades de este grupo etario, con enfoque de derechos humanos equidad de g\u00e9nero e interculturalidad. El marco conceptual de la OPS plantea fortalecer el desarrollo del adolescente dentro del contexto de la familia y su ambiente socioecon\u00f3mico, pol\u00edtico y cultural y promueve los programas que apoyen el desarrollo del adolescente como una estrategia para prevenir sus problemas de salud.<\/p>\n<h2><span style=\"color: #0099cd;\">Objetivo General<\/span><\/h2>\n<hr \/>\n<p>Fomentar el desarrollo de conocimientos, habilidades, competencias y actitudes en torno a la salud integral del\/la adolescente, por medio de reflexi\u00f3n te\u00f3rica y aproximaciones pr\u00e1cticas hacia el abordaje eficaz de las caracter\u00edsticas y necesidades asociadas a esta etapa del ciclo vital, desde el enfoque de derechos humanos, equidad de g\u00e9nero e interculturalidad.<\/p>\n<h2><span style=\"color: #0099cd;\">Metodolog\u00eda<\/span><\/h2>\n<hr \/>\n<p>Modalidad 100% Online, asincr\u00f3nico y a tu ritmo. Contar\u00e1s con tutores desde el principio al fin de tu formaci\u00f3n, nunca estar\u00e1s sol@.<\/p>\n<h2><span style=\"color: #0099cd;\">Temario<\/span><\/h2>\n<hr \/>\n<div class=\"lightweight-accordion bordered has-text-color has-background\"><details><summary class=\"lightweight-accordion-title\" style=\"color:#ffffff;background:#0099cd;\"><span>M\u00f3dulo I - Crecimiento y desarrollo del adolescente. Principales problemas asociados<\/span><\/summary><div class=\"lightweight-accordion-body\" style=\"border-color:#0099cd;\"><h6><span style=\"color: #0099cd;\">Objetivos espec\u00edficos: <\/span><\/h6>\n<ul>\n<li>Conocer el proceso de crecimiento y desarrollo del adolescente en sus aspectos biol\u00f3gicos, psicol\u00f3gicos y sociales.<\/li>\n<li>Identificar los problemas de salud m\u00e1s frecuentes en la adolescencia y conocer estrategias para el desarrollo de planes de intervenci\u00f3n a nivel individual y\/o familiar, utilizando competencias cl\u00ednicas y\/o psicosociales acordes a su pericia.<\/li>\n<\/ul>\n<h6><span style=\"color: #0099cd;\">Duraci\u00f3n: <\/span>25 horas<\/h6>\n<h6><span style=\"color: #0099cd;\">Contenidos:<\/span><\/h6>\n<ol>\n<li>Conceptualizaci\u00f3n de la Adolescencia.<\/li>\n<li>Crecimiento y desarrollo puberal durante la adolescencia<\/li>\n<li>Desarrollo psicosocial y psicosexual durante la adolescencia.<\/li>\n<li>Familia y adolescencia.<\/li>\n<\/ol>\n<\/div><\/details><\/div>\n<div class=\"lightweight-accordion bordered has-text-color has-background\"><details><summary class=\"lightweight-accordion-title\" style=\"color:#ffffff;background:#0099cd;\"><span>M\u00f3dulo II - Evaluaci\u00f3n cl\u00ednica del adolescente<\/span><\/summary><div class=\"lightweight-accordion-body\" style=\"border-color:#0099cd;\"><h6><span style=\"color: #0099cd;\">Objetivos espec\u00edficos: <\/span>Comprender la situaci\u00f3n de salud adolescente a nivel individual, familiar y social, utilizando instrumentos de evaluaci\u00f3n relacionados a la historia cl\u00ednica, la exploraci\u00f3n f\u00edsica, las pruebas de laboratorio y la informaci\u00f3n epidemiol\u00f3gica de los adolescentes.<\/h6>\n<h6><span style=\"color: #0099cd;\">Duraci\u00f3n: <\/span>25 horas<\/h6>\n<h6><span style=\"color: #0099cd;\">Contenidos:<\/span><\/h6>\n<ol>\n<li>Situaci\u00f3n de salud de adolescentes de Am\u00e9rica Latina y el Caribe.<\/li>\n<li>Supervisi\u00f3n de salud del adolescente.<\/li>\n<li>Entrevista al adolescente y su familia.<\/li>\n<li>Evaluaci\u00f3n nutricional. Riesgos nutricionales.<\/li>\n<li>Consejer\u00eda a adolescentes y j\u00f3venes.<\/li>\n<\/ol>\n<\/div><\/details><\/div>\n<div class=\"lightweight-accordion bordered has-text-color has-background\"><details><summary class=\"lightweight-accordion-title\" style=\"color:#ffffff;background:#0099cd;\"><span>M\u00f3dulo III - Problemas de salud del adolescente<\/span><\/summary><div class=\"lightweight-accordion-body\" style=\"border-color:#0099cd;\"><h6><span style=\"color: #0099cd;\">Objetivos espec\u00edficos: <\/span>Identificar los problemas de salud frecuentes en la adolescencia y conocer estrategias para el desarrollo de planes de intervenci\u00f3n a nivel individual y\/o familiar, utilizando competencias cl\u00ednicas y\/o psicosociales acordes a su pericia<\/h6>\n<h6><span style=\"color: #0099cd;\">Duraci\u00f3n: <\/span>25 horas<\/h6>\n<h6><span style=\"color: #0099cd;\">Contenidos:<\/span><\/h6>\n<ol>\n<li>Depresi\u00f3n, suicidio, alcohol y drogas.<\/li>\n<li>Trastornos del crecimiento y desarrollo: Talla baja. Pubertad retrasada.<\/li>\n<li>Anorexia nerviosa, bulimia y obesidad.<\/li>\n<li>Trastornos endocrinos: Trastornos de tiroides. Ginecomastia.<\/li>\n<li>Trastornos menstruales de la adolescente.<\/li>\n<li>Abordaje de la sexualidad del adolescente.<\/li>\n<li>Embarazo y anticoncepci\u00f3n.<\/li>\n<li>J\u00f3venes y VIH.<\/li>\n<li>Acn\u00e9 en el adolescente.<\/li>\n<\/ol>\n<\/div><\/details><\/div>\n<div class=\"lightweight-accordion bordered has-text-color has-background\"><details><summary class=\"lightweight-accordion-title\" style=\"color:#ffffff;background:#0099cd;\"><span>M\u00f3dulo IV - Prevenci\u00f3n de la violencia en adolescentes<\/span><\/summary><div class=\"lightweight-accordion-body\" style=\"border-color:#0099cd;\"><h6><span style=\"color: #0099cd;\">Objetivos espec\u00edficos: <\/span>Analizar las manifestaciones y factores relacionados a la violencia en adolescentes y j\u00f3venes, adquiriendo herramientas eficaces para desarrollar programas destinados a su prevenci\u00f3n.<\/h6>\n<h6><span style=\"color: #0099cd;\">Duraci\u00f3n: <\/span>25 horas<\/h6>\n<h6><span style=\"color: #0099cd;\">Contenidos:<\/span><\/h6>\n<ol>\n<li>Definiciones y antecedentes de violencia juvenil.<\/li>\n<li>Enfoques y estrategias de abordaje de la violencia que afecta a la juventud.<\/li>\n<li>La din\u00e1mica de la violencia.<\/li>\n<li>Violencia Auto-inflingida.<\/li>\n<li>Violencia interpersonal.<\/li>\n<li>Abuso Sexual.<\/li>\n<li>Violencia colectiva.<\/li>\n<li>Marco conceptual para el dise\u00f1o de programas y prevenci\u00f3n de violencia juvenil.<\/li>\n<li>Estrategias de prevenci\u00f3n de violencia juvenil.<\/li>\n<\/ol>\n<\/div><\/details><\/div>\n<div class=\"lightweight-accordion bordered has-text-color has-background\"><details><summary class=\"lightweight-accordion-title\" style=\"color:#ffffff;background:#0099cd;\"><span>M\u00f3dulo Final - Resoluci\u00f3n de un caso de aplicaci\u00f3n<\/span><\/summary><div class=\"lightweight-accordion-body\" style=\"border-color:#0099cd;\"><h6><span style=\"color: #0099cd;\">Test final<br \/>\nTrabajo Pr\u00e1ctico de Aplicaci\u00f3n Final<\/span><\/h6>\n<h6><span style=\"color: #0099cd;\">Duraci\u00f3n: <\/span>20 horas<\/h6>\n<h6><span style=\"color: #0099cd;\">Objetivos espec\u00edficos: <\/span>Desarrollar una reflexi\u00f3n o cr\u00edtica propia, desde la profesional, respecto a uno de los temas transcurso de la formaci\u00f3n, sustentada en aspectos conceptuales revisados.<\/h6>\n<\/div><\/details><\/div>\n","protected":false},"excerpt":{"rendered":"<p><span style=\"color: #0099cd;\">Resumen del Curso<\/span><\/p>\n<hr \/>\n<p><img decoding=\"async\" class=\"alignnone size-full wp-image-333\" style=\"font-weight: inherit;\" src=\"https:\/\/linketeach.cl\/wp-content\/uploads\/2021\/07\/education_computer_school_graduate_cap_monitor_icon_149680.png\" alt=\"\" width=\"48\" height=\"48\" \/>120 horas &#8211; 5 m\u00f3dulos<\/p>\n<p><img decoding=\"async\" class=\"alignnone size-full wp-image-332\" src=\"https:\/\/linketeach.cl\/wp-content\/uploads\/2021\/07\/education_book_learn_learning_icon_149694.png\" alt=\"\" width=\"48\" height=\"48\" \/><a href=\"https:\/\/site.redlearning.cl\/wp-content\/uploads\/2022\/05\/Prog_C-Abordaje-integral-de-la-adolescencia.pdf\" target=\"_blank\" rel=\"noopener\">Programa del Curso<\/a><\/p>\n<p><img decoding=\"async\" class=\"alignnone size-medium wp-image-335\" src=\"https:\/\/linketeach.cl\/wp-content\/uploads\/2021\/07\/notes_clipboard_icon_149712-1.png\" alt=\"\" width=\"48\" height=\"48\" \/>Evaluaci\u00f3n Final<\/p>\n<p><img loading=\"lazy\" decoding=\"async\" class=\"alignnone size-medium wp-image-334\" style=\"font-weight: inherit;\" src=\"https:\/\/linketeach.cl\/wp-content\/uploads\/2021\/07\/education_diploma_award_icon_149701.png\" alt=\"\" width=\"48\" height=\"48\" \/>Certificaci\u00f3n<\/p>\n","protected":false},"featured_media":11919,"template":"","meta":{"site-sidebar-layout":"no-sidebar","site-content-layout":"default","ast-site-content-layout":"default","site-content-style":"default","site-sidebar-style":"default","ast-global-header-display":"","ast-banner-title-visibility":"","ast-main-header-display":"","ast-hfb-above-header-display":"","ast-hfb-below-header-display":"","ast-hfb-mobile-header-display":"","site-post-title":"","ast-breadcrumbs-content":"","ast-featured-img":"","footer-sml-layout":"","ast-disable-related-posts":"","theme-transparent-header-meta":"default","adv-header-id-meta":"","stick-header-meta":"","header-above-stick-meta":"","header-main-stick-meta":"","header-below-stick-meta":"","astra-migrate-meta-layouts":"set","ast-page-background-enabled":"default","ast-page-background-meta":{"desktop":{"background-color":"","background-image":"","background-repeat":"repeat","background-position":"center center","background-size":"auto","background-attachment":"scroll","background-type":"","background-media":"","overlay-type":"","overlay-color":"","overlay-opacity":"","overlay-gradient":""},"tablet":{"background-color":"","background-image":"","background-repeat":"repeat","background-position":"center center","background-size":"auto","background-attachment":"scroll","background-type":"","background-media":"","overlay-type":"","overlay-color":"","overlay-opacity":"","overlay-gradient":""},"mobile":{"background-color":"","background-image":"","background-repeat":"repeat","background-position":"center center","background-size":"auto","background-attachment":"scroll","background-type":"","background-media":"","overlay-type":"","overlay-color":"","overlay-opacity":"","overlay-gradient":""}},"ast-content-background-meta":{"desktop":{"background-color":"var(--ast-global-color-5)","background-image":"","background-repeat":"repeat","background-position":"center center","background-size":"auto","background-attachment":"scroll","background-type":"","background-media":"","overlay-type":"","overlay-color":"","overlay-opacity":"","overlay-gradient":""},"tablet":{"background-color":"var(--ast-global-color-5)","background-image":"","background-repeat":"repeat","background-position":"center center","background-size":"auto","background-attachment":"scroll","background-type":"","background-media":"","overlay-type":"","overlay-color":"","overlay-opacity":"","overlay-gradient":""},"mobile":{"background-color":"var(--ast-global-color-5)","background-image":"","background-repeat":"repeat","background-position":"center center","background-size":"auto","background-attachment":"scroll","background-type":"","background-media":"","overlay-type":"","overlay-color":"","overlay-opacity":"","overlay-gradient":""}},"_joinchat":[]},"product_brand":[],"product_cat":[425,285],"product_tag":[],"class_list":{"0":"post-11918","1":"product","2":"type-product","3":"status-publish","4":"has-post-thumbnail","6":"product_cat-cursos","7":"product_cat-cursos-medicina-y-enfermeria","8":"desktop-align-left","9":"tablet-align-left","10":"mobile-align-left","12":"first","13":"instock","14":"sale","15":"downloadable","16":"virtual","17":"sold-individually","18":"purchasable","19":"product-type-simple"},"_links":{"self":[{"href":"https:\/\/site.redlearning.cl\/index.php?rest_route=\/wp\/v2\/product\/11918","targetHints":{"allow":["GET"]}}],"collection":[{"href":"https:\/\/site.redlearning.cl\/index.php?rest_route=\/wp\/v2\/product"}],"about":[{"href":"https:\/\/site.redlearning.cl\/index.php?rest_route=\/wp\/v2\/types\/product"}],"wp:featuredmedia":[{"embeddable":true,"href":"https:\/\/site.redlearning.cl\/index.php?rest_route=\/wp\/v2\/media\/11919"}],"wp:attachment":[{"href":"https:\/\/site.redlearning.cl\/index.php?rest_route=%2Fwp%2Fv2%2Fmedia&parent=11918"}],"wp:term":[{"taxonomy":"product_brand","embeddable":true,"href":"https:\/\/site.redlearning.cl\/index.php?rest_route=%2Fwp%2Fv2%2Fproduct_brand&post=11918"},{"taxonomy":"product_cat","embeddable":true,"href":"https:\/\/site.redlearning.cl\/index.php?rest_route=%2Fwp%2Fv2%2Fproduct_cat&post=11918"},{"taxonomy":"product_tag","embeddable":true,"href":"https:\/\/site.redlearning.cl\/index.php?rest_route=%2Fwp%2Fv2%2Fproduct_tag&post=11918"}],"curies":[{"name":"wp","href":"https:\/\/api.w.org\/{rel}","templated":true}]}}