{"id":11994,"date":"2024-04-23T19:28:49","date_gmt":"2024-04-23T22:28:49","guid":{"rendered":"https:\/\/site.redlearning.cl\/?post_type=product&#038;p=11994"},"modified":"2025-11-03T17:35:43","modified_gmt":"2025-11-03T20:35:43","slug":"curo-metodologia-para-la-participacion-ciudadana","status":"publish","type":"product","link":"https:\/\/site.redlearning.cl\/?product=curo-metodologia-para-la-participacion-ciudadana","title":{"rendered":"Curso Metodolog\u00eda para la Participaci\u00f3n Ciudadana"},"content":{"rendered":"<p>En los tiempos que corren, se ha tratado de profundizar el valor de la democracia y la participaci\u00f3n ciudadana por parte de los gobiernos y otros organismos. Los cambios en la gobernanza han implicado que las instituciones p\u00fablicas hagan un esfuerzo para llegar a la gente y hacerlo adem\u00e1s de una manera participativa. El modelo Participaci\u00f3n Ciudadana en Salud, en sus diversos ejes program\u00e1ticos pone su foco de trabajo en las personas. Dicho fundamento implica la consideraci\u00f3n de las necesidades y expectativas de los(as) usuarios y sus familias, en un contexto de participaci\u00f3n mutua junto a los Centros de Atenci\u00f3n primaria, en la definici\u00f3n de las diversas acciones para el desarrollo de procesos de mejora. Estos procesos de cambio requieren de la participaci\u00f3n de las personas y organizaciones comunitarias, fruto de la reflexi\u00f3n de sus derechos y de la b\u00fasqueda de soluciones a sus problem\u00e1ticas particulares. Para esto debe establecerse un modelo de relaci\u00f3n, entre el equipo de salud, las personas, sus familias y la comunidad que est\u00e9 basado en la corresponsabilidad del cuidado de la salud y enfatizando en los derechos y deberes de las personas, tanto del equipo de salud como de los usuarios.<\/p>\n<h2><span style=\"color: #0099cd;\">Objetivo General<\/span><\/h2>\n<hr \/>\n<p>Reconocer las principales herramientas te\u00f3ricas y pr\u00e1cticas que permitan la planificaci\u00f3n, implementaci\u00f3n y evaluaci\u00f3n de procesos comunitarios basados en la participaci\u00f3n de la ciudadan\u00eda.<\/p>\n<h2><span style=\"color: #0099cd;\">Metodolog\u00eda<\/span><\/h2>\n<hr \/>\n<p>Modalidad 100% Online, asincr\u00f3nico y a tu ritmo. Contar\u00e1s con tutores desde el principio al fin de tu formaci\u00f3n, nunca estar\u00e1s sol@.<\/p>\n<h2><span style=\"color: #0099cd;\">Temario<\/span><\/h2>\n<hr \/>\n<div class=\"lightweight-accordion bordered has-text-color has-background\"><details><summary class=\"lightweight-accordion-title\" style=\"color:#ffffff;background:#0099cd;\"><span>M\u00f3dulo I - Concepto general y marco legal<\/span><\/summary><div class=\"lightweight-accordion-body\" style=\"border-color:#0099cd;\"><h6><span style=\"color: #0099cd;\">Objetivos espec\u00edficos: <\/span>Identificar los conceptos fundamentales relacionados a la participaci\u00f3n ciudadana, tanto te\u00f3ricamente como en el contexto de su marco legal.<\/h6>\n<h6><span style=\"color: #0099cd;\">Duraci\u00f3n: <\/span>15 horas<\/h6>\n<h6><span style=\"color: #0099cd;\">Contenidos:<\/span><\/h6>\n<ul>\n<li>Elementos te\u00f3ricos de la participaci\u00f3n ciudadana.<\/li>\n<li>Marco legal: ley 20.500.<\/li>\n<li>Mecanismos de participaci\u00f3n ciudadana.<\/li>\n<li>Acceso a informaci\u00f3n relevante.<\/li>\n<li>Consultas ciudadanas.<\/li>\n<li>Cuentas p\u00fablicas participativas.<\/li>\n<li>Consejos de la sociedad civil.<\/li>\n<\/ul>\n<\/div><\/details><\/div>\n<div class=\"lightweight-accordion bordered has-text-color has-background\"><details><summary class=\"lightweight-accordion-title\" style=\"color:#ffffff;background:#0099cd;\"><span>M\u00f3dulo II - Formulaci\u00f3n de proyectos sociales<\/span><\/summary><div class=\"lightweight-accordion-body\" style=\"border-color:#0099cd;\"><h6><span style=\"color: #0099cd;\">Objetivos espec\u00edficos: <\/span>Reconocer las principales fases en la elaboraci\u00f3n de proyectos sociales para ser capaces de dise\u00f1ar uno de manera viable contextualizado a su lugar de trabajo.<\/h6>\n<h6><span style=\"color: #0099cd;\">Duraci\u00f3n: <\/span>15 horas<\/h6>\n<h6><span style=\"color: #0099cd;\">Contenidos:<\/span><\/h6>\n<ul>\n<li>Participaci\u00f3n ciudadana en salud.<\/li>\n<li>Formulaci\u00f3n de proyectos sociales.<\/li>\n<li>Elaboraci\u00f3n del proyecto.<\/li>\n<li>Diagn\u00f3stico, dise\u00f1o, implementaci\u00f3n, dise\u00f1o de la evaluaci\u00f3n del proyecto.<\/li>\n<li>Marco l\u00f3gico de los proyectos.<\/li>\n<\/ul>\n<\/div><\/details><\/div>\n<div class=\"lightweight-accordion bordered has-text-color has-background\"><details><summary class=\"lightweight-accordion-title\" style=\"color:#ffffff;background:#0099cd;\"><span>M\u00f3dulo Final<\/span><\/summary><div class=\"lightweight-accordion-body\" style=\"border-color:#0099cd;\"><h6><span style=\"color: #0099cd;\">Test Integrador Final<\/span><\/h6>\n<h6><span style=\"color: #0099cd;\">Duraci\u00f3n: <\/span>10 horas<\/h6>\n<h6><span style=\"color: #0099cd;\">Objetivos espec\u00edficos: <\/span>Evaluar los contenidos aprendidos a lo largo del curso.<\/h6>\n<\/div><\/details><\/div>\n","protected":false},"excerpt":{"rendered":"<p><span style=\"color: #0099cd;\">Resumen del Curso<\/span><\/p>\n<hr \/>\n<p><img decoding=\"async\" class=\"alignnone size-full wp-image-333\" style=\"font-weight: inherit;\" src=\"https:\/\/linketeach.cl\/wp-content\/uploads\/2021\/07\/education_computer_school_graduate_cap_monitor_icon_149680.png\" alt=\"\" width=\"48\" height=\"48\" \/>40 horas &#8211; 3 m\u00f3dulos<\/p>\n<p><img decoding=\"async\" class=\"alignnone size-full wp-image-332\" src=\"https:\/\/linketeach.cl\/wp-content\/uploads\/2021\/07\/education_book_learn_learning_icon_149694.png\" alt=\"\" width=\"48\" height=\"48\" \/><a href=\"https:\/\/site.redlearning.cl\/wp-content\/uploads\/2022\/05\/Prog.-C-Participacion-Ciudadana.pdf\" target=\"_blank\" rel=\"noopener\">Programa del Curso<\/a><\/p>\n<p><img decoding=\"async\" class=\"alignnone size-medium wp-image-335\" src=\"https:\/\/linketeach.cl\/wp-content\/uploads\/2021\/07\/notes_clipboard_icon_149712-1.png\" alt=\"\" width=\"48\" height=\"48\" \/>Evaluaci\u00f3n Final<\/p>\n<p><img loading=\"lazy\" decoding=\"async\" class=\"alignnone size-medium wp-image-334\" style=\"font-weight: inherit;\" src=\"https:\/\/linketeach.cl\/wp-content\/uploads\/2021\/07\/education_diploma_award_icon_149701.png\" alt=\"\" width=\"48\" height=\"48\" \/>Certificaci\u00f3n<\/p>\n","protected":false},"featured_media":11995,"template":"","meta":{"site-sidebar-layout":"no-sidebar","site-content-layout":"default","ast-site-content-layout":"default","site-content-style":"default","site-sidebar-style":"default","ast-global-header-display":"","ast-banner-title-visibility":"","ast-main-header-display":"","ast-hfb-above-header-display":"","ast-hfb-below-header-display":"","ast-hfb-mobile-header-display":"","site-post-title":"","ast-breadcrumbs-content":"","ast-featured-img":"","footer-sml-layout":"","ast-disable-related-posts":"","theme-transparent-header-meta":"default","adv-header-id-meta":"","stick-header-meta":"","header-above-stick-meta":"","header-main-stick-meta":"","header-below-stick-meta":"","astra-migrate-meta-layouts":"set","ast-page-background-enabled":"default","ast-page-background-meta":{"desktop":{"background-color":"","background-image":"","background-repeat":"repeat","background-position":"center center","background-size":"auto","background-attachment":"scroll","background-type":"","background-media":"","overlay-type":"","overlay-color":"","overlay-opacity":"","overlay-gradient":""},"tablet":{"background-color":"","background-image":"","background-repeat":"repeat","background-position":"center center","background-size":"auto","background-attachment":"scroll","background-type":"","background-media":"","overlay-type":"","overlay-color":"","overlay-opacity":"","overlay-gradient":""},"mobile":{"background-color":"","background-image":"","background-repeat":"repeat","background-position":"center center","background-size":"auto","background-attachment":"scroll","background-type":"","background-media":"","overlay-type":"","overlay-color":"","overlay-opacity":"","overlay-gradient":""}},"ast-content-background-meta":{"desktop":{"background-color":"var(--ast-global-color-5)","background-image":"","background-repeat":"repeat","background-position":"center center","background-size":"auto","background-attachment":"scroll","background-type":"","background-media":"","overlay-type":"","overlay-color":"","overlay-opacity":"","overlay-gradient":""},"tablet":{"background-color":"var(--ast-global-color-5)","background-image":"","background-repeat":"repeat","background-position":"center center","background-size":"auto","background-attachment":"scroll","background-type":"","background-media":"","overlay-type":"","overlay-color":"","overlay-opacity":"","overlay-gradient":""},"mobile":{"background-color":"var(--ast-global-color-5)","background-image":"","background-repeat":"repeat","background-position":"center center","background-size":"auto","background-attachment":"scroll","background-type":"","background-media":"","overlay-type":"","overlay-color":"","overlay-opacity":"","overlay-gradient":""}},"_joinchat":[]},"product_brand":[],"product_cat":[425],"product_tag":[],"class_list":{"0":"post-11994","1":"product","2":"type-product","3":"status-publish","4":"has-post-thumbnail","6":"product_cat-cursos","7":"desktop-align-left","8":"tablet-align-left","9":"mobile-align-left","11":"first","12":"instock","13":"sale","14":"downloadable","15":"virtual","16":"sold-individually","17":"purchasable","18":"product-type-simple"},"_links":{"self":[{"href":"https:\/\/site.redlearning.cl\/index.php?rest_route=\/wp\/v2\/product\/11994","targetHints":{"allow":["GET"]}}],"collection":[{"href":"https:\/\/site.redlearning.cl\/index.php?rest_route=\/wp\/v2\/product"}],"about":[{"href":"https:\/\/site.redlearning.cl\/index.php?rest_route=\/wp\/v2\/types\/product"}],"wp:featuredmedia":[{"embeddable":true,"href":"https:\/\/site.redlearning.cl\/index.php?rest_route=\/wp\/v2\/media\/11995"}],"wp:attachment":[{"href":"https:\/\/site.redlearning.cl\/index.php?rest_route=%2Fwp%2Fv2%2Fmedia&parent=11994"}],"wp:term":[{"taxonomy":"product_brand","embeddable":true,"href":"https:\/\/site.redlearning.cl\/index.php?rest_route=%2Fwp%2Fv2%2Fproduct_brand&post=11994"},{"taxonomy":"product_cat","embeddable":true,"href":"https:\/\/site.redlearning.cl\/index.php?rest_route=%2Fwp%2Fv2%2Fproduct_cat&post=11994"},{"taxonomy":"product_tag","embeddable":true,"href":"https:\/\/site.redlearning.cl\/index.php?rest_route=%2Fwp%2Fv2%2Fproduct_tag&post=11994"}],"curies":[{"name":"wp","href":"https:\/\/api.w.org\/{rel}","templated":true}]}}