{"id":15290,"date":"2023-07-24T22:05:52","date_gmt":"2023-07-25T01:05:52","guid":{"rendered":"https:\/\/site.redlearning.cl\/?post_type=product&#038;p=15290"},"modified":"2025-11-19T19:46:48","modified_gmt":"2025-11-19T22:46:48","slug":"diplomado-salud-mental-y-psiquiatria-comunitaria-2","status":"publish","type":"product","link":"https:\/\/site.redlearning.cl\/?product=diplomado-salud-mental-y-psiquiatria-comunitaria-2","title":{"rendered":"Diplomado Salud Mental y Psiquiatr\u00eda Comunitaria"},"content":{"rendered":"<p>En los \u00faltimos 20 a\u00f1os Chile ha experimentado un cambio sustantivo en lo que respecta a la oferta de servicios en salud mental y psiquiatr\u00eda, tanto en el sistema p\u00fablico de salud como en el privado. La oferta p\u00fablica se ha desarrollado en una red articulada de servicios, que orientada por el Modelo Comunitario de Atenci\u00f3n en Salud Mental, ha tenido como eje el equipo de Salud Mental y Psiquiatr\u00eda Comunitaria, el cual se conforma multidisciplinariamente.<\/p>\n<p>Actualmente m\u00faltiples dispositivos de intervenci\u00f3n comunitaria articulan acciones en el campo de la salud mental. En este renovado campo de pr\u00e1cticas, resulta necesario revisar los marcos te\u00f3rico-conceptuales e incorporar nuevos desarrollos. Se propone el desarrollo de estrategias de intervenci\u00f3n m\u00faltiples y flexibles para el fortalecimiento de v\u00ednculos y la constituci\u00f3n de la comunidad como sujeto activo de transformaci\u00f3n social, aspecto clave en la salud mental comunitaria.<\/p>\n<p>En este escenario, el Diploma que presentamos se orienta a introducir a los profesionales del \u00e1rea en los conocimientos, habilidades y actitudes necesarios para comprender, aplicar y valorar el nuevo modelo de atenci\u00f3n antes descrito.<\/p>\n<h2><span style=\"color: #0099cd;\">Objetivo General<\/span><\/h2>\n<hr \/>\n<p>Desarrollar en los profesionales habilidades cl\u00ednicas, psicosociales y de gesti\u00f3n apropiadas para la implementaci\u00f3n de acciones de promoci\u00f3n, prevenci\u00f3n, tratamiento y rehabilitaci\u00f3n de la salud mental dentro del sistema de redes, desde una mirada cr\u00edtica-reflexiva que potencie el quehacer individual y del equipo en atenci\u00f3n en salud en el contexto comunitario.<\/p>\n<h2><span style=\"color: #0099cd;\">Metodolog\u00eda<\/span><\/h2>\n<hr \/>\n<p>Modalidad 100% Online, asincr\u00f3nico y a tu ritmo. Contar\u00e1s con tutores desde el principio al fin de tu formaci\u00f3n, nunca estar\u00e1s sol@.<\/p>\n<h2><span style=\"color: #0099cd;\">Temario<\/span><\/h2>\n<hr \/>\n<div class=\"lightweight-accordion bordered has-text-color has-background\"><details><summary class=\"lightweight-accordion-title\" style=\"color:#ffffff;background:#0099cd;\"><span>M\u00f3dulo I - Introducci\u00f3n a la salud mental y psiquiatr\u00eda comunitaria<\/span><\/summary><div class=\"lightweight-accordion-body\" style=\"border-color:#0099cd;\"><h6><span style=\"color: #0099cd;\">Objetivos espec\u00edficos: <\/span>Revisar reflexivamente aspectos introductorios a los modelos de salud mental y de psiquiatr\u00eda comunitaria.<\/h6>\n<h6><span style=\"color: #0099cd;\">Duraci\u00f3n: <\/span>46 horas<\/h6>\n<h6><span style=\"color: #0099cd;\">Contenidos:<\/span><\/h6>\n<ul>\n<li>Concepto de salud y enfermedad. Modelo hegem\u00f3nico y modelo integral de salud.<\/li>\n<li>Salud Mental.<\/li>\n<li>Clasificaci\u00f3n de los trastornos mentales.<\/li>\n<li>Modelo de vulnerabilidad.<\/li>\n<li>Modelo comunitario en salud mental.<\/li>\n<li>Salud mental comunitaria en Chile.<\/li>\n<\/ul>\n<\/div><\/details><\/div>\n<div class=\"lightweight-accordion bordered has-text-color has-background\"><details><summary class=\"lightweight-accordion-title\" style=\"color:#ffffff;background:#0099cd;\"><span>M\u00f3dulo II - Psiquiatr\u00eda comunitaria en Chile<\/span><\/summary><div class=\"lightweight-accordion-body\" style=\"border-color:#0099cd;\"><h6><span style=\"color: #0099cd;\">Objetivos espec\u00edficos: <\/span>Describir la evoluci\u00f3n y desarrollo de las reformas en psiquiatr\u00eda en Chile desde una perspectiva comunitaria.<\/h6>\n<h6><span style=\"color: #0099cd;\">Duraci\u00f3n: <\/span>46 horas<\/h6>\n<h6><span style=\"color: #0099cd;\">Contenidos:<\/span><\/h6>\n<ul>\n<li>Perspectiva Comunitaria en Chile: La reforma en psiquiatr\u00eda.<\/li>\n<li>Plan nacional de Salud Mental y Psiquiatr\u00eda.<\/li>\n<li>Estrategia Nacional de Salud Mental.<\/li>\n<li>Desinstitucionalizaci\u00f3n.<\/li>\n<\/ul>\n<\/div><\/details><\/div>\n<div class=\"lightweight-accordion bordered has-text-color has-background\"><details><summary class=\"lightweight-accordion-title\" style=\"color:#ffffff;background:#0099cd;\"><span>M\u00f3dulo III - Programas y planes de salud mental y psiquiatr\u00eda comunitaria<\/span><\/summary><div class=\"lightweight-accordion-body\" style=\"border-color:#0099cd;\"><h6><span style=\"color: #0099cd;\">Objetivos espec\u00edficos: <\/span>Identificar los diferentes enfoques como programas y planes de de abordaje de la problem\u00e1tica de salud mental en pacientes de APS.<\/h6>\n<h6><span style=\"color: #0099cd;\">Duraci\u00f3n: <\/span>46 horas<\/h6>\n<h6><span style=\"color: #0099cd;\">Contenidos:<\/span><\/h6>\n<ul>\n<li>El Plan nacional de salud mental y psiquiatr\u00eda, su modelo de atenci\u00f3n y las orientaciones t\u00e9cnicas m\u00e1s relevantes.<\/li>\n<li>Prevalencia trastornos mentales en Chile.<\/li>\n<li>Niveles de atenci\u00f3n en salud mental y psiquiatr\u00eda comunitaria.<\/li>\n<li>Redes sectoriales e intersectoriales.<\/li>\n<\/ul>\n<\/div><\/details><\/div>\n<div class=\"lightweight-accordion bordered has-text-color has-background\"><details><summary class=\"lightweight-accordion-title\" style=\"color:#ffffff;background:#0099cd;\"><span>M\u00f3dulo IV - Dise\u00f1o de intervenciones en salud mental<\/span><\/summary><div class=\"lightweight-accordion-body\" style=\"border-color:#0099cd;\"><h6><span style=\"color: #0099cd;\">Objetivos espec\u00edficos: <\/span>Analizar el marco conceptual que constituye el dise\u00f1o de intervenciones eficaces dentro de los contextos comunitarios.<\/h6>\n<h6><span style=\"color: #0099cd;\">Duraci\u00f3n: <\/span>46 horas<\/h6>\n<h6><span style=\"color: #0099cd;\">Contenidos:<\/span><\/h6>\n<ul>\n<li>Principales cuadros nosol\u00f3gicos: Depresi\u00f3n, esquizofrenia, alcoholismo y drogodependencias, TGD, TEA.<\/li>\n<li>Abordaje Farmacol\u00f3gico de los principales cuadros nosol\u00f3gicos.<\/li>\n<li>Abordaje Integral de los principales cuadros nosol\u00f3gicos.<\/li>\n<\/ul>\n<\/div><\/details><\/div>\n<div class=\"lightweight-accordion bordered has-text-color has-background\"><details><summary class=\"lightweight-accordion-title\" style=\"color:#ffffff;background:#0099cd;\"><span>M\u00f3dulo V - Equipo de trabajo para la atenci\u00f3n en salud mental y psiquiatr\u00eda comunitaria<\/span><\/summary><div class=\"lightweight-accordion-body\" style=\"border-color:#0099cd;\"><h6><span style=\"color: #0099cd;\">Objetivos espec\u00edficos: <\/span>Distinguir el aporte que pueden generar los equipos de trabajo para la consecuci\u00f3n de los objetivos planteados en la atenci\u00f3n en salud mental y psiquiatr\u00eda comunitaria.<\/h6>\n<h6><span style=\"color: #0099cd;\">Duraci\u00f3n: <\/span>46 horas<\/h6>\n<h6><span style=\"color: #0099cd;\">Contenidos:<\/span><\/h6>\n<ul>\n<li>Concepto de equipo comunitario; La interdisciplinariedad como fundamento matriz del equipo.<\/li>\n<li>La din\u00e1mica interna del equipo: Liderazgo, manejo del conflicto, toma de decisiones.<\/li>\n<li>El da\u00f1o vicario (Burnout Syndrome): concepto y formas de expresi\u00f3n; La salud mental del equipo; Autocuidado del equipo: T\u00e9cnicas de intervenci\u00f3n preventivas y en crisis<\/li>\n<li>Bases conceptuales de gesti\u00f3n en el \u00e1mbito cl\u00ednico-comunitario.<\/li>\n<\/ul>\n<\/div><\/details><\/div>\n<div class=\"lightweight-accordion bordered has-text-color has-background\"><details><summary class=\"lightweight-accordion-title\" style=\"color:#ffffff;background:#0099cd;\"><span>M\u00f3dulo VI - Intervenci\u00f3n en salud mental en la comunidad<\/span><\/summary><div class=\"lightweight-accordion-body\" style=\"border-color:#0099cd;\"><h6><span style=\"color: #0099cd;\">Objetivos espec\u00edficos: <\/span>Examinar los modelos de intervenci\u00f3n comunitaria en cada uno de los niveles de atenci\u00f3n de salud mental y psiquiatr\u00eda.<\/h6>\n<h6><span style=\"color: #0099cd;\">Duraci\u00f3n: <\/span>46 horas<\/h6>\n<h6><span style=\"color: #0099cd;\">Contenidos:<\/span><\/h6>\n<ul>\n<li>Modelo comunitario en salud mental.<\/li>\n<li>Salud mental comunitaria en cada etapa del ciclo vital.<\/li>\n<li>Intervenci\u00f3n comunitaria en los distintos niveles de atenci\u00f3n en salud mental.<\/li>\n<li>Rehabilitaci\u00f3n Psicosocial.<\/li>\n<li>Importancia de la evaluaci\u00f3n en el desarrollo de un programa de salud mental.<\/li>\n<\/ul>\n<\/div><\/details><\/div>\n<div class=\"lightweight-accordion bordered has-text-color has-background\"><details><summary class=\"lightweight-accordion-title\" style=\"color:#ffffff;background:#0099cd;\"><span>M\u00f3dulo Final<\/span><\/summary><div class=\"lightweight-accordion-body\" style=\"border-color:#0099cd;\"><h6><span style=\"color: #0099cd;\">TEST GLOBAL<br \/>\nDESARROLLO DE UN ENSAYO<br \/>\n<\/span><\/h6>\n<h6><span style=\"color: #0099cd;\">Duraci\u00f3n: <\/span>24 horas<\/h6>\n<h6><span style=\"color: #0099cd;\">Objetivo:<\/span><\/h6>\n<ul>\n<li>Aplicar la comprensi\u00f3n y habilidades adquiridas a trav\u00e9s de los contenidos desarrollados en el Diplomado mediante la formulaci\u00f3n de un ensayo.<\/li>\n<\/ul>\n<\/div><\/details><\/div>\n","protected":false},"excerpt":{"rendered":"<h2><span style=\"color: #0099cd;\">Resumen del Curso<\/span><\/h2>\n<hr \/>\n<p><img decoding=\"async\" class=\"alignnone size-full wp-image-333\" style=\"font-weight: inherit;\" src=\"https:\/\/linketeach.cl\/wp-content\/uploads\/2021\/07\/education_computer_school_graduate_cap_monitor_icon_149680.png\" alt=\"\" width=\"48\" height=\"48\" \/>300 horas &#8211; 7 m\u00f3dulos<\/p>\n<p><img decoding=\"async\" class=\"alignnone size-full wp-image-332\" src=\"https:\/\/linketeach.cl\/wp-content\/uploads\/2021\/07\/education_book_learn_learning_icon_149694.png\" alt=\"\" width=\"48\" height=\"48\" \/><a href=\"https:\/\/site.redlearning.cl\/wp-content\/uploads\/2021\/11\/D-Psiquiatria-Comunitaria.pdf\" target=\"_blank\" rel=\"noopener\">Programa del Curso<\/a><\/p>\n<p><img decoding=\"async\" class=\"alignnone size-medium wp-image-335\" src=\"https:\/\/linketeach.cl\/wp-content\/uploads\/2021\/07\/notes_clipboard_icon_149712-1.png\" alt=\"\" width=\"48\" height=\"48\" \/>Evaluaci\u00f3n Final<\/p>\n<p><img loading=\"lazy\" decoding=\"async\" class=\"alignnone size-medium wp-image-334\" style=\"font-weight: inherit;\" src=\"https:\/\/linketeach.cl\/wp-content\/uploads\/2021\/07\/education_diploma_award_icon_149701.png\" alt=\"\" width=\"48\" height=\"48\" \/>Certificaci\u00f3n<\/p>\n","protected":false},"featured_media":10156,"template":"","meta":{"site-sidebar-layout":"no-sidebar","site-content-layout":"default","ast-site-content-layout":"default","site-content-style":"default","site-sidebar-style":"default","ast-global-header-display":"","ast-banner-title-visibility":"","ast-main-header-display":"","ast-hfb-above-header-display":"","ast-hfb-below-header-display":"","ast-hfb-mobile-header-display":"","site-post-title":"","ast-breadcrumbs-content":"","ast-featured-img":"","footer-sml-layout":"","ast-disable-related-posts":"","theme-transparent-header-meta":"default","adv-header-id-meta":"","stick-header-meta":"","header-above-stick-meta":"","header-main-stick-meta":"","header-below-stick-meta":"","astra-migrate-meta-layouts":"set","ast-page-background-enabled":"default","ast-page-background-meta":{"desktop":{"background-color":"","background-image":"","background-repeat":"repeat","background-position":"center center","background-size":"auto","background-attachment":"scroll","background-type":"","background-media":"","overlay-type":"","overlay-color":"","overlay-opacity":"","overlay-gradient":""},"tablet":{"background-color":"","background-image":"","background-repeat":"repeat","background-position":"center center","background-size":"auto","background-attachment":"scroll","background-type":"","background-media":"","overlay-type":"","overlay-color":"","overlay-opacity":"","overlay-gradient":""},"mobile":{"background-color":"","background-image":"","background-repeat":"repeat","background-position":"center center","background-size":"auto","background-attachment":"scroll","background-type":"","background-media":"","overlay-type":"","overlay-color":"","overlay-opacity":"","overlay-gradient":""}},"ast-content-background-meta":{"desktop":{"background-color":"var(--ast-global-color-5)","background-image":"","background-repeat":"repeat","background-position":"center center","background-size":"auto","background-attachment":"scroll","background-type":"","background-media":"","overlay-type":"","overlay-color":"","overlay-opacity":"","overlay-gradient":""},"tablet":{"background-color":"var(--ast-global-color-5)","background-image":"","background-repeat":"repeat","background-position":"center center","background-size":"auto","background-attachment":"scroll","background-type":"","background-media":"","overlay-type":"","overlay-color":"","overlay-opacity":"","overlay-gradient":""},"mobile":{"background-color":"var(--ast-global-color-5)","background-image":"","background-repeat":"repeat","background-position":"center center","background-size":"auto","background-attachment":"scroll","background-type":"","background-media":"","overlay-type":"","overlay-color":"","overlay-opacity":"","overlay-gradient":""}},"_joinchat":[]},"product_brand":[],"product_cat":[424,293],"product_tag":[],"class_list":{"0":"post-15290","1":"product","2":"type-product","3":"status-publish","4":"has-post-thumbnail","6":"product_cat-diplomados","7":"product_cat-diplomados-salud-mental","8":"desktop-align-left","9":"tablet-align-left","10":"mobile-align-left","12":"first","13":"instock","14":"sale","15":"downloadable","16":"virtual","17":"sold-individually","18":"purchasable","19":"product-type-simple"},"_links":{"self":[{"href":"https:\/\/site.redlearning.cl\/index.php?rest_route=\/wp\/v2\/product\/15290","targetHints":{"allow":["GET"]}}],"collection":[{"href":"https:\/\/site.redlearning.cl\/index.php?rest_route=\/wp\/v2\/product"}],"about":[{"href":"https:\/\/site.redlearning.cl\/index.php?rest_route=\/wp\/v2\/types\/product"}],"wp:featuredmedia":[{"embeddable":true,"href":"https:\/\/site.redlearning.cl\/index.php?rest_route=\/wp\/v2\/media\/10156"}],"wp:attachment":[{"href":"https:\/\/site.redlearning.cl\/index.php?rest_route=%2Fwp%2Fv2%2Fmedia&parent=15290"}],"wp:term":[{"taxonomy":"product_brand","embeddable":true,"href":"https:\/\/site.redlearning.cl\/index.php?rest_route=%2Fwp%2Fv2%2Fproduct_brand&post=15290"},{"taxonomy":"product_cat","embeddable":true,"href":"https:\/\/site.redlearning.cl\/index.php?rest_route=%2Fwp%2Fv2%2Fproduct_cat&post=15290"},{"taxonomy":"product_tag","embeddable":true,"href":"https:\/\/site.redlearning.cl\/index.php?rest_route=%2Fwp%2Fv2%2Fproduct_tag&post=15290"}],"curies":[{"name":"wp","href":"https:\/\/api.w.org\/{rel}","templated":true}]}}