{"id":15299,"date":"2023-07-28T10:10:01","date_gmt":"2023-07-28T13:10:01","guid":{"rendered":"https:\/\/site.redlearning.cl\/?post_type=product&#038;p=15299"},"modified":"2025-11-03T17:39:37","modified_gmt":"2025-11-03T20:39:37","slug":"curso-en-actualizacion-y-especializacion-en-medicina-interna-2","status":"publish","type":"product","link":"https:\/\/site.redlearning.cl\/?product=curso-en-actualizacion-y-especializacion-en-medicina-interna-2","title":{"rendered":"Curso en Actualizaci\u00f3n y Especializaci\u00f3n en Medicina Interna"},"content":{"rendered":"<p>La medicina interna constituye uno de los pilares de la pr\u00e1ctica cl\u00ednica, siendo una de las especialidades m\u00e1s amplias en su quehacer cl\u00ednico; esto sumado al enorme y constante crecimiento en la cantidad de informaci\u00f3n m\u00e9dica disponible, transforman en un gran desaf\u00edo que los internistas pueden mantenerse actualizados en todas las \u00e1reas de su competencia.<\/p>\n<p>Conocer los avances de la Medicina y mantenerse actualizado en su especialidad no es solo un deber \u00e9tico de los m\u00e9dicos, sino que prontamente ser\u00e1 tambi\u00e9n un deber legal, en el marco de la ley de recertificaci\u00f3n de especialidades m\u00e9dicas. Este programa contribuir\u00e1 entonces a facilitar la recertificaci\u00f3n de especialidad m\u00e9dica, seg\u00fan lo establecido en la ley N\u00b0 19.937.<\/p>\n<p>Este curso entregar\u00e1 a sus alumnos una actualizaci\u00f3n de los conocimientos necesarios para ejercer la Medicina Interna, de manera de que estos m\u00e9dicos puedan implementar un \u00f3ptimo manejo de sus pacientes en base a la mejor y m\u00e1s actualizada evidencia. El programa cubrir\u00e1 una amplia gama de temas de inter\u00e9s para los internistas, tales como patolog\u00edas cardiovasculares, diabetes, cuidados paliativos, geriatr\u00eda entre otros; a la vez que entregar\u00e1 herramientas para mantener esta actualizaci\u00f3n continua. Los temas ser\u00e1n tratados utilizando variadas herramientas docentes como clases online participativas, lecturas y trabajo a distancia, dirigidos por nuestro equipo de tutores y docentes expertos de reconocida trayectoria.<\/p>\n<h2><span style=\"color: #0099cd;\">Objetivo General<\/span><\/h2>\n<hr \/>\n<p>Integrar conocimientos y competencias actualizadas en los profesionales para la resoluci\u00f3n de situaciones cl\u00ednicas complejas propias de la Medicina Interna, cubriendo una amplia gama de temas como patolog\u00edas cardiovasculares, diabetes, cuidados paliativos, geriatr\u00eda entre otros. Buscando desarrollar una pr\u00e1ctica cl\u00ednica eficiente y actualizada.<\/p>\n<h2><span style=\"color: #0099cd;\">Metodolog\u00eda<\/span><\/h2>\n<hr \/>\n<p>Modalidad 100% Online, asincr\u00f3nico y a tu ritmo. Contar\u00e1s con tutores desde el principio al fin de tu formaci\u00f3n, nunca estar\u00e1s sol@.<\/p>\n<h2><span style=\"color: #0099cd;\">Temario<\/span><\/h2>\n<hr \/>\n<div class=\"lightweight-accordion bordered has-text-color has-background\"><details><summary class=\"lightweight-accordion-title\" style=\"color:#ffffff;background:#0099cd;\"><span>M\u00f3dulo I - Medicina Interna y sus Desaf\u00edos en el Siglo XXI<\/span><\/summary><div class=\"lightweight-accordion-body\" style=\"border-color:#0099cd;\"><h6><span style=\"color: #0099cd;\">Objetivos espec\u00edficos: <\/span>Introducir los actuales principios, conceptos y desaf\u00edos asociados a la Medicina Interna, buscando fomentar el uso de herramientas en base a evidencia en la toma de decisiones.<\/h6>\n<h6><span style=\"color: #0099cd;\">Duraci\u00f3n: <\/span>40 horas<\/h6>\n<h6><span style=\"color: #0099cd;\">Contenidos:<\/span><\/h6>\n<ul>\n<li>Introducci\u00f3n a la Medicina Interna: desaf\u00edos y redes.<\/li>\n<li>Medicina basada en evidencia, una herramienta para la MI.<\/li>\n<li>Transformaci\u00f3n de evidencia cient\u00edfica a recomendaciones cl\u00ednicas (GRADE).<\/li>\n<li>Toma de decisiones de terapia y diagn\u00f3sticas.<\/li>\n<li>Herramientas inform\u00e1ticas para el internista.<\/li>\n<li>Seguridad y calidad asistencial.<\/li>\n<li>Conceptos de seguridad en f\u00e1rmacos. Farmacoeconom\u00eda.<\/li>\n<li>Conciliaci\u00f3n de f\u00e1rmacos.<\/li>\n<li>Adultos con necesidades especiales.<\/li>\n<li>Relaci\u00f3n m\u00e9dico- paciente: Comunicaci\u00f3n de malas noticias, Transici\u00f3n de los cuidados, Entrevista motivacional, Chequeo m\u00e9dico y screening<\/li>\n<\/ul>\n<\/div><\/details><\/div>\n<div class=\"lightweight-accordion bordered has-text-color has-background\"><details><summary class=\"lightweight-accordion-title\" style=\"color:#ffffff;background:#0099cd;\"><span>M\u00f3dulo II - Actualizaci\u00f3n en Medicina Interna Ambulatoria<\/span><\/summary><div class=\"lightweight-accordion-body\" style=\"border-color:#0099cd;\"><h6><span style=\"color: #0099cd;\">Objetivos espec\u00edficos: <\/span>Reconocer los principales s\u00edndromes y patolog\u00edas que enfrentan los m\u00e9dicos internistas, utilizando herramientas diagn\u00f3sticas y los recientes avances terap\u00e9uticos en las Patolog\u00edas Ambulatorias.<\/h6>\n<h6><span style=\"color: #0099cd;\">Duraci\u00f3n: <\/span>40 horas<\/h6>\n<h6><span style=\"color: #0099cd;\">Contenidos:<\/span><\/h6>\n<ul>\n<li>Insuficiencia card\u00edaca cr\u00f3nica. Cardiopat\u00eda coronaria cr\u00f3nica estable.<\/li>\n<li>Fibrilaci\u00f3n y Flutter auricular.<\/li>\n<li>Asma Bronquial. Enfermedad Pulmonar Obstructiva Cr\u00f3nica (EPOC).<\/li>\n<li>Enfermedad pulmonar intersticial difusa.<\/li>\n<li>Influenza y otros virus respiratorios: estudios, vacunas y antivirales.<\/li>\n<li>Generalidades de la infecci\u00f3n por VIH.<\/li>\n<li>Infecci\u00f3n del tracto urinario.<\/li>\n<li>Infecciones cut\u00e1neas y de partes blandas.<\/li>\n<li>Insuficiencia renal cr\u00f3nica. S\u00edndrome Nefr\u00f3tico.<\/li>\n<li>Fiebre de origen desconocido. Cirrosis (DHC) y sus complicaciones: historia natural, estudio etiol\u00f3gico, manejo paciente estable, profilaxis de peritonitis bacteriana espont\u00e1nea (PBE) y Hemorragia Variceal.<\/li>\n<li>Complicaciones de la Terapia Corticoesteroidal. Hipertensi\u00f3n arterial primaria.<\/li>\n<li>Diabetes Mellitus: manejo del paciente cr\u00f3nico.<\/li>\n<li>Dislipidemias. S\u00edndrome Metab\u00f3lico y Obesidad.<\/li>\n<li>Evaluaci\u00f3n Perioperatoria.<\/li>\n<\/ul>\n<\/div><\/details><\/div>\n<div class=\"lightweight-accordion bordered has-text-color has-background\"><details><summary class=\"lightweight-accordion-title\" style=\"color:#ffffff;background:#0099cd;\"><span>M\u00f3dulo III - Actualizaci\u00f3n en Medicina Interna Hospitalaria<\/span><\/summary><div class=\"lightweight-accordion-body\" style=\"border-color:#0099cd;\"><h6><span style=\"color: #0099cd;\">Objetivos espec\u00edficos: <\/span>Aplicar herramientas diagn\u00f3sticas en las principales patolog\u00edas que enfrentan los m\u00e9dicos internistas, buscando identificar los nuevos conocimientos sobre terapia en las patolog\u00edas del \u00e1mbito hospitalario.<\/h6>\n<h6><span style=\"color: #0099cd;\">Duraci\u00f3n: <\/span>30 horas<\/h6>\n<h6><span style=\"color: #0099cd;\">Contenidos:<\/span><\/h6>\n<ul>\n<li>Neumon\u00eda adquirida en la comunidad y sus complicaciones.<\/li>\n<li>Enfermedad Tromboemb\u00f3lica.<\/li>\n<li>Trastornos del Sodio. Trastornos del Potasio. Insuficiencia Renal Aguda.<\/li>\n<li>Glomerulonefritis Aguda (S\u00edndrome nefr\u00edtico).<\/li>\n<li>Hemorragia digestiva alta variceal.<\/li>\n<li>Enfermedad p\u00e9ptica, Helicobacter pylori y hemorragia digestiva no variceal.<\/li>\n<li>Enfermedad inflamatoria intestinal.<\/li>\n<li>Cirrosis Hep\u00e1tica, complicaciones II: Ascitis, Peritonitis Bacteriana espont\u00e1nea,<\/li>\n<li>S\u00edndrome Hepatorrenal, Encefalopat\u00eda Hep\u00e1tica.<\/li>\n<li>Pancreatitis aguda. Endocarditis infecciosa.<\/li>\n<li>Infecciones Asociadas a la Atenci\u00f3n de Salud: infecci\u00f3n asociada a cat\u00e9ter venoso central,<\/li>\n<li>S\u00edndrome Febril en hospitalizado e Infecciones Intrahospitalarias frecuentes.<\/li>\n<li>Hipertensi\u00f3n Secundaria y manejo de emergencias hipertensivas.<\/li>\n<li>Insuficiencia card\u00edaca aguda y cr\u00f3nica descompensada.<\/li>\n<li>Complicaciones agudas de la Diabetes Mellitus: cetoacidosis y s\u00edndrome hiperosmolar.<\/li>\n<li>Meningitis y Encefalitis.<\/li>\n<li>Urgencias Dermatol\u00f3gicas: Eritrodermia, Necrolisis Epid\u00e9rmica t\u00f3xica, S\u00edndrome de Steven Johnson.<\/li>\n<li>Paro Cardiorrespiratorio y manejo de emergencia en Bradi y Taquiarritmias.<\/li>\n<li>SIRS, Sepsis y Shock Septic.<\/li>\n<\/ul>\n<\/div><\/details><\/div>\n<div class=\"lightweight-accordion bordered has-text-color has-background\"><details><summary class=\"lightweight-accordion-title\" style=\"color:#ffffff;background:#0099cd;\"><span>M\u00f3dulo IV - Oncolog\u00eda, Cuidados Paliativos y Patolog\u00edas del Adulto Mayor<\/span><\/summary><div class=\"lightweight-accordion-body\" style=\"border-color:#0099cd;\"><h6><span style=\"color: #0099cd;\">Objetivos espec\u00edficos: <\/span>Manejar adecuadamente los principales problemas de pacientes con enfermedades terminales y pacientes oncol\u00f3gicos, poniendo especial atenci\u00f3n en la proporcionalidad terap\u00e9utica y la aproximaci\u00f3n integral al paciente.<\/h6>\n<h6><span style=\"color: #0099cd;\">Duraci\u00f3n: <\/span>30 horas<\/h6>\n<h6><span style=\"color: #0099cd;\">Contenidos:<\/span><\/h6>\n<ul>\n<li>Introducci\u00f3n a los cuidados paliativos.<\/li>\n<li>Pron\u00f3stico en C\u00e1ncer y en cuidados paliativos.<\/li>\n<li>Problemas frecuentes en cuidados paliativos: manejo del dolor, disnea y n\u00e1useas.<\/li>\n<li>Proporcionalidad terap\u00e9utica. Diagn\u00f3stico del proceso de muerte y manejo del fin de vida.<\/li>\n<li>Hipo e hipercalcemia. Neutropenia febril.<\/li>\n<li>Enfrentamiento del paciente con anemia.<\/li>\n<li>Emergencias Oncol\u00f3gicas: S\u00edndrome de Lisis Tumoral, coagulaci\u00f3n intravascular diseminada, compresi\u00f3n medular, S\u00edndrome de vena cava inferior.<\/li>\n<li>Evaluaci\u00f3n Geri\u00e1trica Integral. Adulto mayor fr\u00e1gil. S\u00edndrome de ca\u00eddas.<\/li>\n<li>Delirium. Enfermedad Cerebrovascular.<\/li>\n<li>Artrosis.<\/li>\n<\/ul>\n<\/div><\/details><\/div>\n<div class=\"lightweight-accordion bordered has-text-color has-background\"><details><summary class=\"lightweight-accordion-title\" style=\"color:#ffffff;background:#0099cd;\"><span>M\u00f3dulo Final<\/span><\/summary><div class=\"lightweight-accordion-body\" style=\"border-color:#0099cd;\"><h6><span style=\"color: #0099cd;\">TEST GLOBAL<br \/>\nENSAYO DE INTEGRACI\u00d3N CONCEPTUAL<br \/>\n<\/span><\/h6>\n<h6><span style=\"color: #0099cd;\">Duraci\u00f3n: <\/span>20 horas<\/h6>\n<h6><span style=\"color: #0099cd;\">Objetivo:<\/span><\/h6>\n<ul>\n<li>Integrar los conceptos de evidencia, calidad y de seguridad de la atenci\u00f3n de medicina interna ambulatoria y hospitalaria a trav\u00e9s del desarrollo de un ensayo<\/li>\n<\/ul>\n<\/div><\/details><\/div>\n","protected":false},"excerpt":{"rendered":"<h2><span style=\"color: #0099cd;\">Resumen del Curso<\/span><\/h2>\n<hr \/>\n<p><img decoding=\"async\" class=\"alignnone size-full wp-image-333\" style=\"font-weight: inherit;\" src=\"https:\/\/linketeach.cl\/wp-content\/uploads\/2021\/07\/education_computer_school_graduate_cap_monitor_icon_149680.png\" alt=\"\" width=\"48\" height=\"48\" \/>160\u00a0horas &#8211; 5 m\u00f3dulos<\/p>\n<p><img decoding=\"async\" class=\"alignnone size-full wp-image-332\" src=\"https:\/\/linketeach.cl\/wp-content\/uploads\/2021\/07\/education_book_learn_learning_icon_149694.png\" alt=\"\" width=\"48\" height=\"48\" \/><a href=\"https:\/\/site.redlearning.cl\/wp-content\/uploads\/2021\/01\/Medicina-Interna.pdf\" target=\"_blank\" rel=\"noopener\">Programa del Curso<\/a><\/p>\n<p><img decoding=\"async\" class=\"alignnone size-medium wp-image-335\" src=\"https:\/\/linketeach.cl\/wp-content\/uploads\/2021\/07\/notes_clipboard_icon_149712-1.png\" alt=\"\" width=\"48\" height=\"48\" \/>Evaluaci\u00f3n Final<\/p>\n<p><img loading=\"lazy\" decoding=\"async\" class=\"alignnone size-medium wp-image-334\" style=\"font-weight: inherit;\" src=\"https:\/\/linketeach.cl\/wp-content\/uploads\/2021\/07\/education_diploma_award_icon_149701.png\" alt=\"\" width=\"48\" height=\"48\" \/>Certificaci\u00f3n<\/p>\n","protected":false},"featured_media":10100,"template":"","meta":{"site-sidebar-layout":"no-sidebar","site-content-layout":"default","ast-site-content-layout":"default","site-content-style":"default","site-sidebar-style":"default","ast-global-header-display":"","ast-banner-title-visibility":"","ast-main-header-display":"","ast-hfb-above-header-display":"","ast-hfb-below-header-display":"","ast-hfb-mobile-header-display":"","site-post-title":"","ast-breadcrumbs-content":"","ast-featured-img":"","footer-sml-layout":"","ast-disable-related-posts":"","theme-transparent-header-meta":"default","adv-header-id-meta":"","stick-header-meta":"","header-above-stick-meta":"","header-main-stick-meta":"","header-below-stick-meta":"","astra-migrate-meta-layouts":"set","ast-page-background-enabled":"default","ast-page-background-meta":{"desktop":{"background-color":"","background-image":"","background-repeat":"repeat","background-position":"center center","background-size":"auto","background-attachment":"scroll","background-type":"","background-media":"","overlay-type":"","overlay-color":"","overlay-opacity":"","overlay-gradient":""},"tablet":{"background-color":"","background-image":"","background-repeat":"repeat","background-position":"center center","background-size":"auto","background-attachment":"scroll","background-type":"","background-media":"","overlay-type":"","overlay-color":"","overlay-opacity":"","overlay-gradient":""},"mobile":{"background-color":"","background-image":"","background-repeat":"repeat","background-position":"center center","background-size":"auto","background-attachment":"scroll","background-type":"","background-media":"","overlay-type":"","overlay-color":"","overlay-opacity":"","overlay-gradient":""}},"ast-content-background-meta":{"desktop":{"background-color":"var(--ast-global-color-5)","background-image":"","background-repeat":"repeat","background-position":"center center","background-size":"auto","background-attachment":"scroll","background-type":"","background-media":"","overlay-type":"","overlay-color":"","overlay-opacity":"","overlay-gradient":""},"tablet":{"background-color":"var(--ast-global-color-5)","background-image":"","background-repeat":"repeat","background-position":"center center","background-size":"auto","background-attachment":"scroll","background-type":"","background-media":"","overlay-type":"","overlay-color":"","overlay-opacity":"","overlay-gradient":""},"mobile":{"background-color":"var(--ast-global-color-5)","background-image":"","background-repeat":"repeat","background-position":"center center","background-size":"auto","background-attachment":"scroll","background-type":"","background-media":"","overlay-type":"","overlay-color":"","overlay-opacity":"","overlay-gradient":""}},"_joinchat":[]},"product_brand":[],"product_cat":[425,285],"product_tag":[],"class_list":{"0":"post-15299","1":"product","2":"type-product","3":"status-publish","4":"has-post-thumbnail","6":"product_cat-cursos","7":"product_cat-cursos-medicina-y-enfermeria","8":"desktop-align-left","9":"tablet-align-left","10":"mobile-align-left","12":"first","13":"instock","14":"sale","15":"downloadable","16":"virtual","17":"sold-individually","18":"purchasable","19":"product-type-simple"},"_links":{"self":[{"href":"https:\/\/site.redlearning.cl\/index.php?rest_route=\/wp\/v2\/product\/15299","targetHints":{"allow":["GET"]}}],"collection":[{"href":"https:\/\/site.redlearning.cl\/index.php?rest_route=\/wp\/v2\/product"}],"about":[{"href":"https:\/\/site.redlearning.cl\/index.php?rest_route=\/wp\/v2\/types\/product"}],"wp:featuredmedia":[{"embeddable":true,"href":"https:\/\/site.redlearning.cl\/index.php?rest_route=\/wp\/v2\/media\/10100"}],"wp:attachment":[{"href":"https:\/\/site.redlearning.cl\/index.php?rest_route=%2Fwp%2Fv2%2Fmedia&parent=15299"}],"wp:term":[{"taxonomy":"product_brand","embeddable":true,"href":"https:\/\/site.redlearning.cl\/index.php?rest_route=%2Fwp%2Fv2%2Fproduct_brand&post=15299"},{"taxonomy":"product_cat","embeddable":true,"href":"https:\/\/site.redlearning.cl\/index.php?rest_route=%2Fwp%2Fv2%2Fproduct_cat&post=15299"},{"taxonomy":"product_tag","embeddable":true,"href":"https:\/\/site.redlearning.cl\/index.php?rest_route=%2Fwp%2Fv2%2Fproduct_tag&post=15299"}],"curies":[{"name":"wp","href":"https:\/\/api.w.org\/{rel}","templated":true}]}}