{"id":15301,"date":"2023-07-28T10:15:24","date_gmt":"2023-07-28T13:15:24","guid":{"rendered":"https:\/\/site.redlearning.cl\/?post_type=product&#038;p=15301"},"modified":"2025-11-03T17:39:37","modified_gmt":"2025-11-03T20:39:37","slug":"diplomado-manejo-integral-de-personas-con-heridas-copia","status":"publish","type":"product","link":"https:\/\/site.redlearning.cl\/?product=diplomado-manejo-integral-de-personas-con-heridas-copia","title":{"rendered":"Diplomado Manejo Integral de Personas con Heridas"},"content":{"rendered":"<p>El cuidado de las heridas es, sin duda, una de las acciones m\u00e1s cotidianas en la actividad desarrollada por los profesionales sanitarios en los diferentes contextos asistenciales, en particular para las enfermeras. Los problemas para tratar de forma eficaz las heridas y \u00falceras son cada vez m\u00e1s complejos, existen diversos enfrentamientos algunos sin evidencia cient\u00edfica y es por esto que muchas veces no se consigue la cicatrizaci\u00f3n r\u00e1pida ni la pronta reinserci\u00f3n de la persona con heridas o \u00falceras. Las evidencias muestran que, las heridas cr\u00f3nicas de dif\u00edcil cicatrizaci\u00f3n requieren terapias avanzadas y la formaci\u00f3n del personal de enfermer\u00eda es imprescindible para disminuir su incidencia, evitar las complicaciones y hacer un correcto abordaje de la herida.<\/p>\n<p>A pesar de la claridad que existe en las recomendaciones, en la pr\u00e1ctica asistencial se objetiva una diversidad en el abordaje de las personas con heridas cr\u00f3nicas, y esta variabilidad est\u00e1 influenciada en gran medida por la formaci\u00f3n recibida por los profesionales.<\/p>\n<p>Considerando la funci\u00f3n de barrera protectora que tiene la piel y lo expuesto que se ve el organismo cuando esta pierde su indemnidad, obliga a los profesionales de enfermer\u00eda a capacitarse continuamente en el adecuado manejo de las heridas con el fin de disminuir los riesgos y problemas asociados a sus complicaciones.<\/p>\n<p>Este programa propone brindar una atenci\u00f3n de calidad en relaci\u00f3n a tratamiento de las heridas y su manejo avanzado, adquiriendo habilidades integrales y especializadas en el cuidado de las mismas, adem\u00e1s te permitir\u00e1 detectar precozmente complicaciones en personas con heridas agudas o cr\u00f3nicas, ostom\u00edas, utilizando protocolos nacionales e internacionales, conocer los m\u00e9todos de tratamiento y cuidados locales en las diferentes lesiones de piel y conocer la fisiolog\u00eda y fisiopatolog\u00eda de la piel, con \u00e9nfasis en aspectos microbiol\u00f3gicos.<\/p>\n<h2><span style=\"color: #0099cd;\">Objetivo General<\/span><\/h2>\n<hr \/>\n<p>Adquirir las competencias necesarias para un abordaje de calidad e integral del paciente en riesgo o con heridas cr\u00f3nicas, a nivel b\u00e1sico y avanzado, basado en las mejores evidencias disponibles, de una manera pr\u00e1ctica y adaptada a todos los \u00e1mbitos asistenciales.<\/p>\n<h2><span style=\"color: #0099cd;\">Metodolog\u00eda<\/span><\/h2>\n<hr \/>\n<p>Modalidad 100% Online, asincr\u00f3nico y a tu ritmo. Contar\u00e1s con tutores desde el principio al fin de tu formaci\u00f3n, nunca estar\u00e1s sol@.<\/p>\n<h2><span style=\"color: #0099cd;\">Temario<\/span><\/h2>\n<hr \/>\n<div class=\"lightweight-accordion bordered has-text-color has-background\"><details><summary class=\"lightweight-accordion-title\" style=\"color:#ffffff;background:#0099cd;\"><span>M\u00f3dulo I - Relaci\u00f3n de la \u00c9tica de cuidar y Enfermer\u00eda<\/span><\/summary><div class=\"lightweight-accordion-body\" style=\"border-color:#0099cd;\"><h6><span style=\"color: #0099cd;\">Objetivos espec\u00edficos: <\/span>Valorar el rol de Enfermer\u00eda en el manejo integral del paciente con heridas cr\u00f3nicas.<\/h6>\n<h6><span style=\"color: #0099cd;\">Duraci\u00f3n: <\/span>25 horas<\/h6>\n<h6><span style=\"color: #0099cd;\">Contenidos:<\/span><\/h6>\n<ul>\n<li>Epidemiolog\u00eda de las heridas en Chile.<\/li>\n<li>Canasta GES.<\/li>\n<li>\u00c9tica y gesti\u00f3n de cuidados de enfermer\u00eda.<\/li>\n<li>Enfermer\u00eda basada en la evidencia aplicada al manejo integral de personas con heridas<\/li>\n<\/ul>\n<\/div><\/details><\/div>\n<div class=\"lightweight-accordion bordered has-text-color has-background\"><details><summary class=\"lightweight-accordion-title\" style=\"color:#ffffff;background:#0099cd;\"><span>M\u00f3dulo II - Marco conceptual de la Fisiolog\u00eda de piel, Reparaci\u00f3n de Heridas.<\/span><\/summary><div class=\"lightweight-accordion-body\" style=\"border-color:#0099cd;\"><h6><span style=\"color: #0099cd;\">Objetivos espec\u00edficos: <\/span>Comprender los fundamentos te\u00f3ricos de la fisiolog\u00eda de la piel y la reparaci\u00f3n de heridas para hacer una valoraci\u00f3n integral del paciente y para adoptar las correctas cuidados preventivos de la piel.<\/h6>\n<h6><span style=\"color: #0099cd;\">Duraci\u00f3n: <\/span>25 horas<\/h6>\n<h6><span style=\"color: #0099cd;\">Contenidos:<\/span><\/h6>\n<ul>\n<li>Generalidades de anatom\u00eda y Fisiolog\u00eda de la piel<\/li>\n<li>Fisiopatolog\u00eda de heridas.<\/li>\n<li>Proceso de cicatrizaci\u00f3n de las heridas. Matriz extracelular.<\/li>\n<li>Factores que alteran el proceso de cicatrizaci\u00f3n.<\/li>\n<li>Descripci\u00f3n y valoraci\u00f3n del paciente con heridas<\/li>\n<li>Valoraci\u00f3n de la heridas<\/li>\n<li>Diagrama de valoraci\u00f3n de heridas\/\u00falceras venosas\/pie diab\u00e9tico.<\/li>\n<li>El papel de la nutrici\u00f3n en la prevenci\u00f3n y tratamiento de las heridas cr\u00f3nicas<\/li>\n<\/ul>\n<\/div><\/details><\/div>\n<div class=\"lightweight-accordion bordered has-text-color has-background\"><details><summary class=\"lightweight-accordion-title\" style=\"color:#ffffff;background:#0099cd;\"><span>M\u00f3dulo III - Manejo avanzado en Curaci\u00f3n de heridas<\/span><\/summary><div class=\"lightweight-accordion-body\" style=\"border-color:#0099cd;\"><h6><span style=\"color: #0099cd;\">Objetivos espec\u00edficos: <\/span>Comprender los aspectos que conlleva el cuidado local y avanzado de las heridas cr\u00f3nicas como la limpieza, desbridamiento y manejo de la carga bacteriana, as\u00ed como la elecci\u00f3n del producto de cuidado y cuidados avanzadas.<\/h6>\n<h6><span style=\"color: #0099cd;\">Duraci\u00f3n: <\/span>25 horas<\/h6>\n<h6><span style=\"color: #0099cd;\">Contenidos:<\/span><\/h6>\n<ul>\n<li>Antis\u00e9pticos y esterilizaci\u00f3n.<\/li>\n<li>Arrastre mec\u00e1nico.<\/li>\n<li>Tipo de Desbridamiento.<\/li>\n<li>Microbiolog\u00eda y toma de cultivo<\/li>\n<li>Curaci\u00f3n Avanzada de la herida.<\/li>\n<li>Tipo de Ap\u00f3sitos para curaci\u00f3n avanzada.<\/li>\n<li>Manejo de heridas y \u00falceras infectadas.<\/li>\n<li>Evaluaci\u00f3n del dolor.<\/li>\n<li>Terapias coadyuvantes que se utilizan para la curaci\u00f3n avanzada.<\/li>\n<\/ul>\n<\/div><\/details><\/div>\n<div class=\"lightweight-accordion bordered has-text-color has-background\"><details><summary class=\"lightweight-accordion-title\" style=\"color:#ffffff;background:#0099cd;\"><span>M\u00f3dulo IV - Gesti\u00f3n del cuidado de personas con \u00dalceras Vasculares<\/span><\/summary><div class=\"lightweight-accordion-body\" style=\"border-color:#0099cd;\"><h6><span style=\"color: #0099cd;\">Objetivos espec\u00edficos: <\/span>Describir el manejo de curaci\u00f3n avanzada en pacientes portadores de \u00falceras vasculares.<\/h6>\n<h6><span style=\"color: #0099cd;\">Duraci\u00f3n: <\/span>25 horas<\/h6>\n<h6><span style=\"color: #0099cd;\">Contenidos:<\/span><\/h6>\n<ul>\n<li>Fisiopatolog\u00eda del sistema venoso y arterial, reaccionado con \u00falceras vasculares.<\/li>\n<li>Valoraci\u00f3n de enfermer\u00eda de personas con lesiones vasculares.<\/li>\n<li>Manejo avanzado de pacientes con \u00falceras vasculares.<\/li>\n<li>Prevenci\u00f3n de \u00falceras vasculares.<\/li>\n<\/ul>\n<\/div><\/details><\/div>\n<div class=\"lightweight-accordion bordered has-text-color has-background\"><details><summary class=\"lightweight-accordion-title\" style=\"color:#ffffff;background:#0099cd;\"><span>M\u00f3dulo V - Gesti\u00f3n del cuidado de personas con Pie Diab\u00e9tico<\/span><\/summary><div class=\"lightweight-accordion-body\" style=\"border-color:#0099cd;\"><h6><span style=\"color: #0099cd;\">Objetivos espec\u00edficos: <\/span>Analizar el manejo de curaci\u00f3n avanzada en pacientes portadores de Pie Diab\u00e9tico.<\/h6>\n<h6><span style=\"color: #0099cd;\">Duraci\u00f3n: <\/span>25 horas<\/h6>\n<h6><span style=\"color: #0099cd;\">Contenidos:<\/span><\/h6>\n<ul>\n<li>Fisiopatolog\u00eda y clasificaci\u00f3n del pie diab\u00e9tico.<\/li>\n<li>Valoraci\u00f3n del pie diab\u00e9tico.<\/li>\n<li>Manejo avanzado de enfermer\u00eda en personas con pie diab\u00e9tico<\/li>\n<li>Prevenci\u00f3n de \u00falceras de pie diab\u00e9tico.<\/li>\n<\/ul>\n<\/div><\/details><\/div>\n<div class=\"lightweight-accordion bordered has-text-color has-background\"><details><summary class=\"lightweight-accordion-title\" style=\"color:#ffffff;background:#0099cd;\"><span>M\u00f3dulo VI - Gesti\u00f3n del cuidado de personas con \u00dalceras de Presi\u00f3n<\/span><\/summary><div class=\"lightweight-accordion-body\" style=\"border-color:#0099cd;\"><h6><span style=\"color: #0099cd;\">Objetivos espec\u00edficos: <\/span>Analizar el manejo de curaci\u00f3n avanzada en pacientes portadores de \u00falceras de presi\u00f3n.<\/h6>\n<h6><span style=\"color: #0099cd;\">Duraci\u00f3n: <\/span>25 horas<\/h6>\n<h6><span style=\"color: #0099cd;\">Contenidos:<\/span><\/h6>\n<ul>\n<li>Fisiopatolog\u00eda y clasificaci\u00f3n de las UPP.<\/li>\n<li>Valoraci\u00f3n del riesgo UPP y prevenci\u00f3n.<\/li>\n<li>Manejo avanzado de enfermer\u00eda en personas con UPP.<\/li>\n<\/ul>\n<\/div><\/details><\/div>\n<div class=\"lightweight-accordion bordered has-text-color has-background\"><details><summary class=\"lightweight-accordion-title\" style=\"color:#ffffff;background:#0099cd;\"><span>M\u00f3dulo VII - Gesti\u00f3n del cuidado de personas con Quemaduras<\/span><\/summary><div class=\"lightweight-accordion-body\" style=\"border-color:#0099cd;\"><h6><span style=\"color: #0099cd;\">Objetivos espec\u00edficos: <\/span>Adquirir herramientas para liderar y guiar equipos e instituciones de salud.<\/h6>\n<h6><span style=\"color: #0099cd;\">Duraci\u00f3n: <\/span>25 horas<\/h6>\n<h6><span style=\"color: #0099cd;\">Contenidos:<\/span><\/h6>\n<ul>\n<li>Clasificaci\u00f3n de Quemaduras y sus complicaciones.<\/li>\n<li>Manejo avanzado de enfermer\u00eda en personas con quemaduras.<\/li>\n<li>Manejo m\u00e9dico quir\u00fargico del gran quemado.<\/li>\n<li>Manejo de cicatrices hipertr\u00f3ficas y queloides.<\/li>\n<\/ul>\n<\/div><\/details><\/div>\n<div class=\"lightweight-accordion bordered has-text-color has-background\"><details><summary class=\"lightweight-accordion-title\" style=\"color:#ffffff;background:#0099cd;\"><span>M\u00f3dulo VIII - Gesti\u00f3n del cuidado de personas con Ostom\u00edas Digestivas, Urinarias y sus complicaciones<\/span><\/summary><div class=\"lightweight-accordion-body\" style=\"border-color:#0099cd;\"><h6><span style=\"color: #0099cd;\">Objetivos espec\u00edficos: <\/span>Describir el manejo de curaci\u00f3n avanzada y sus complicaciones en pacientes portadores de ostom\u00edas digestivas y urinarias.<\/h6>\n<h6><span style=\"color: #0099cd;\">Duraci\u00f3n: <\/span>25 horas<\/h6>\n<h6><span style=\"color: #0099cd;\">Contenidos:<\/span><\/h6>\n<ul>\n<li>Clasificaci\u00f3n de estomas y t\u00e9cnicas quir\u00fargicas relacionadas con estomas digestivos y urinarios m\u00e1s frecuentes.<\/li>\n<li>Valoraci\u00f3n y clasificaci\u00f3n de enfermer\u00eda de las complicaciones del estoma.<\/li>\n<li>Manejo de enfermer\u00eda avanzado en complicaciones de los estomas digestivos y urinarios.<\/li>\n<li>Cuidados de Enfermer\u00eda en el manejo del paciente Ostomizado Pedi\u00e1trico (complicaciones) .<\/li>\n<li>Calidad de vida: una mirada psicoafectiva.<\/li>\n<\/ul>\n<\/div><\/details><\/div>\n<div class=\"lightweight-accordion bordered has-text-color has-background\"><details><summary class=\"lightweight-accordion-title\" style=\"color:#ffffff;background:#0099cd;\"><span>M\u00f3dulo Final<\/span><\/summary><div class=\"lightweight-accordion-body\" style=\"border-color:#0099cd;\"><h6><span style=\"color: #0099cd;\">TEST GLOBAL<br \/>\nPROYECTO DE INTEGRACI\u00d3N TE\u00d3RICO PR\u00c1CTICO<\/span><\/h6>\n<h6><span style=\"color: #0099cd;\">Duraci\u00f3n: <\/span>20 horas<\/h6>\n<h6><span style=\"color: #0099cd;\">Objetivo:<\/span><\/h6>\n<ul>\n<li>Integrar los aprendizajes adquiridos como el manejo integral de cuidado en pacientes portadores de heridas avanzadas.<\/li>\n<\/ul>\n<\/div><\/details><\/div>\n","protected":false},"excerpt":{"rendered":"<h2><span style=\"color: #0099cd;\">Resumen del Curso<\/span><\/h2>\n<hr \/>\n<p><img decoding=\"async\" class=\"alignnone size-full wp-image-333\" style=\"font-weight: inherit;\" src=\"https:\/\/linketeach.cl\/wp-content\/uploads\/2021\/07\/education_computer_school_graduate_cap_monitor_icon_149680.png\" alt=\"\" width=\"48\" height=\"48\" \/>200 horas &#8211; 9 m\u00f3dulos<\/p>\n<p><img decoding=\"async\" class=\"alignnone size-full wp-image-332\" src=\"https:\/\/linketeach.cl\/wp-content\/uploads\/2021\/07\/education_book_learn_learning_icon_149694.png\" alt=\"\" width=\"48\" height=\"48\" \/><a href=\"https:\/\/site.redlearning.cl\/wp-content\/uploads\/2023\/03\/Programa-D-Manejo-Integral-de-la-persona-con-heridas.pdf\" target=\"_blank\" rel=\"noopener\">Programa del Curso<\/a><\/p>\n<p><img decoding=\"async\" class=\"alignnone size-medium wp-image-335\" src=\"https:\/\/linketeach.cl\/wp-content\/uploads\/2021\/07\/notes_clipboard_icon_149712-1.png\" alt=\"\" width=\"48\" height=\"48\" \/>Evaluaci\u00f3n Final<\/p>\n<p><img loading=\"lazy\" decoding=\"async\" class=\"alignnone size-medium wp-image-334\" style=\"font-weight: inherit;\" src=\"https:\/\/linketeach.cl\/wp-content\/uploads\/2021\/07\/education_diploma_award_icon_149701.png\" alt=\"\" width=\"48\" height=\"48\" \/>Certificaci\u00f3n<\/p>\n","protected":false},"featured_media":11044,"template":"","meta":{"site-sidebar-layout":"no-sidebar","site-content-layout":"default","ast-site-content-layout":"default","site-content-style":"default","site-sidebar-style":"default","ast-global-header-display":"","ast-banner-title-visibility":"","ast-main-header-display":"","ast-hfb-above-header-display":"","ast-hfb-below-header-display":"","ast-hfb-mobile-header-display":"","site-post-title":"","ast-breadcrumbs-content":"","ast-featured-img":"","footer-sml-layout":"","ast-disable-related-posts":"","theme-transparent-header-meta":"default","adv-header-id-meta":"","stick-header-meta":"","header-above-stick-meta":"","header-main-stick-meta":"","header-below-stick-meta":"","astra-migrate-meta-layouts":"set","ast-page-background-enabled":"default","ast-page-background-meta":{"desktop":{"background-color":"","background-image":"","background-repeat":"repeat","background-position":"center center","background-size":"auto","background-attachment":"scroll","background-type":"","background-media":"","overlay-type":"","overlay-color":"","overlay-opacity":"","overlay-gradient":""},"tablet":{"background-color":"","background-image":"","background-repeat":"repeat","background-position":"center center","background-size":"auto","background-attachment":"scroll","background-type":"","background-media":"","overlay-type":"","overlay-color":"","overlay-opacity":"","overlay-gradient":""},"mobile":{"background-color":"","background-image":"","background-repeat":"repeat","background-position":"center center","background-size":"auto","background-attachment":"scroll","background-type":"","background-media":"","overlay-type":"","overlay-color":"","overlay-opacity":"","overlay-gradient":""}},"ast-content-background-meta":{"desktop":{"background-color":"var(--ast-global-color-5)","background-image":"","background-repeat":"repeat","background-position":"center center","background-size":"auto","background-attachment":"scroll","background-type":"","background-media":"","overlay-type":"","overlay-color":"","overlay-opacity":"","overlay-gradient":""},"tablet":{"background-color":"var(--ast-global-color-5)","background-image":"","background-repeat":"repeat","background-position":"center center","background-size":"auto","background-attachment":"scroll","background-type":"","background-media":"","overlay-type":"","overlay-color":"","overlay-opacity":"","overlay-gradient":""},"mobile":{"background-color":"var(--ast-global-color-5)","background-image":"","background-repeat":"repeat","background-position":"center center","background-size":"auto","background-attachment":"scroll","background-type":"","background-media":"","overlay-type":"","overlay-color":"","overlay-opacity":"","overlay-gradient":""}},"_joinchat":[]},"product_brand":[],"product_cat":[424,286],"product_tag":[],"class_list":{"0":"post-15301","1":"product","2":"type-product","3":"status-publish","4":"has-post-thumbnail","6":"product_cat-diplomados","7":"product_cat-diplomados-medicina-enfermeria","8":"desktop-align-left","9":"tablet-align-left","10":"mobile-align-left","12":"first","13":"instock","14":"sale","15":"downloadable","16":"virtual","17":"sold-individually","18":"purchasable","19":"product-type-simple"},"_links":{"self":[{"href":"https:\/\/site.redlearning.cl\/index.php?rest_route=\/wp\/v2\/product\/15301","targetHints":{"allow":["GET"]}}],"collection":[{"href":"https:\/\/site.redlearning.cl\/index.php?rest_route=\/wp\/v2\/product"}],"about":[{"href":"https:\/\/site.redlearning.cl\/index.php?rest_route=\/wp\/v2\/types\/product"}],"wp:featuredmedia":[{"embeddable":true,"href":"https:\/\/site.redlearning.cl\/index.php?rest_route=\/wp\/v2\/media\/11044"}],"wp:attachment":[{"href":"https:\/\/site.redlearning.cl\/index.php?rest_route=%2Fwp%2Fv2%2Fmedia&parent=15301"}],"wp:term":[{"taxonomy":"product_brand","embeddable":true,"href":"https:\/\/site.redlearning.cl\/index.php?rest_route=%2Fwp%2Fv2%2Fproduct_brand&post=15301"},{"taxonomy":"product_cat","embeddable":true,"href":"https:\/\/site.redlearning.cl\/index.php?rest_route=%2Fwp%2Fv2%2Fproduct_cat&post=15301"},{"taxonomy":"product_tag","embeddable":true,"href":"https:\/\/site.redlearning.cl\/index.php?rest_route=%2Fwp%2Fv2%2Fproduct_tag&post=15301"}],"curies":[{"name":"wp","href":"https:\/\/api.w.org\/{rel}","templated":true}]}}