{"id":15302,"date":"2023-07-28T10:17:30","date_gmt":"2023-07-28T13:17:30","guid":{"rendered":"https:\/\/site.redlearning.cl\/?post_type=product&#038;p=15302"},"modified":"2025-11-03T17:39:37","modified_gmt":"2025-11-03T20:39:37","slug":"curso-cirugia-menor-2","status":"publish","type":"product","link":"https:\/\/site.redlearning.cl\/?product=curso-cirugia-menor-2","title":{"rendered":"Curso Cirug\u00eda Menor"},"content":{"rendered":"<p>La Cirug\u00eda Menor constituye un campo de la cirug\u00eda enmarcado dentro de los l\u00edmites del uso de la anestesia local y la cirug\u00eda ambulatoria de baja complejidad en tejidos superficiales. Se engloban procedimientos b\u00e1sicos de la Cirug\u00eda General, pero su campo tambi\u00e9n abarca patolog\u00edas de gran prevalencia que para una adecuada resoluci\u00f3n requieren del desarrollo de destrezas quir\u00fargicas espec\u00edficas asociadas a un conocimiento especializado en \u00e1reas tan variadas como el cuidado avanzado de heridas, el correcto uso de suturas, la resecci\u00f3n de lesiones cut\u00e1nea y subcut\u00e1neas, escisi\u00f3n de cuerpos extra\u00f1os, onicocriptosis y procedimientos b\u00e1sicos de colgajos locales.<\/p>\n<h2><span style=\"color: #0099cd;\">Objetivo General<\/span><\/h2>\n<hr \/>\n<p>Este curso tiene la intenci\u00f3n de capacitar a los m\u00e9dicos generales y m\u00e9dicos en programas de formaci\u00f3n de especialidad, en Cirug\u00eda Menor mediante clases te\u00f3ricas y webinar con casos pr\u00e1cticos.<\/p>\n<h2><span style=\"color: #0099cd;\">Metodolog\u00eda<\/span><\/h2>\n<hr \/>\n<p>Modalidad 100% Online, asincr\u00f3nico y a tu ritmo. Contar\u00e1s con tutores desde el principio al fin de tu formaci\u00f3n, nunca estar\u00e1s sol@.<\/p>\n<h2><span style=\"color: #0099cd;\">Temario<\/span><\/h2>\n<hr \/>\n<div class=\"lightweight-accordion bordered has-text-color has-background\"><details><summary class=\"lightweight-accordion-title\" style=\"color:#ffffff;background:#0099cd;\"><span>M\u00f3dulo I - Marco conceptual de la fisiolog\u00eda de piel, reparaci\u00f3n de heridas<\/span><\/summary><div class=\"lightweight-accordion-body\" style=\"border-color:#0099cd;\"><h6><span style=\"color: #0099cd;\">Objetivos espec\u00edficos: <\/span>Determinar el marco te\u00f3rico que explica la regeneraci\u00f3n cut\u00e1nea desde el estudio de la fisiolog\u00eda de la piel.<\/h6>\n<h6><span style=\"color: #0099cd;\">Duraci\u00f3n: 25<\/span>\u00a0horas<\/h6>\n<h6><span style=\"color: #0099cd;\">Contenidos:<\/span><\/h6>\n<ul>\n<li>Qu\u00e9 Fisiolog\u00eda de la piel. Definici\u00f3n de herida.<\/li>\n<li>Proceso de cicatrizaci\u00f3n de las heridas.<\/li>\n<li>Matriz extracelular.<\/li>\n<li>Factores que alteran el proceso de cicatrizaci\u00f3n.<\/li>\n<li>Descripci\u00f3n y valoraci\u00f3n del paciente con heridas Valoraci\u00f3n de la herida.<\/li>\n<li>El papel de la nutrici\u00f3n en la prevenci\u00f3n y tratamiento de las heridas cr\u00f3nicas.<\/li>\n<li>Fisiopatolog\u00eda de heridas: generalidades.<\/li>\n<li>Webinar 1: Generalidades cirug\u00eda menor.<\/li>\n<\/ul>\n<\/div><\/details><\/div>\n<div class=\"lightweight-accordion bordered has-text-color has-background\"><details><summary class=\"lightweight-accordion-title\" style=\"color:#ffffff;background:#0099cd;\"><span>M\u00f3dulo II - Etapas en la curaci\u00f3n de heridas<\/span><\/summary><div class=\"lightweight-accordion-body\" style=\"border-color:#0099cd;\"><h6><span style=\"color: #0099cd;\">Objetivos espec\u00edficos: <\/span>Reconocer los distintos tipos de cuidados de acuerdo a los distintos tipos de tipolog\u00edas de heridas.<\/h6>\n<h6><span style=\"color: #0099cd;\">Duraci\u00f3n: 25<\/span>\u00a0horas<\/h6>\n<h6><span style=\"color: #0099cd;\">Contenidos:<\/span><\/h6>\n<ul>\n<li>Antis\u00e9pticos y esterilizaci\u00f3n.<\/li>\n<li>Arrastre mec\u00e1nico.<\/li>\n<li>Aseo quir\u00fargico y tipos de desbridamiento.<\/li>\n<li>Tipo de ap\u00f3sitos para curaci\u00f3n avanzada.<\/li>\n<li>Manejo de heridas y \u00falceras infectadas.<\/li>\n<li>Escalas de evaluaci\u00f3n del dolor.<\/li>\n<li>Menci\u00f3n de terapias coadyuvantes que se utilizan para la curaci\u00f3n avanzada.<\/li>\n<li>Webinar 2: Curaciones avanzadas de heridas.<\/li>\n<\/ul>\n<\/div><\/details><\/div>\n<div class=\"lightweight-accordion bordered has-text-color has-background\"><details><summary class=\"lightweight-accordion-title\" style=\"color:#ffffff;background:#0099cd;\"><span>M\u00f3dulo III - Gesti\u00f3n del cuidado de personas con \u00falceras de presi\u00f3n<\/span><\/summary><div class=\"lightweight-accordion-body\" style=\"border-color:#0099cd;\"><h6><span style=\"color: #0099cd;\">Objetivos espec\u00edficos: <\/span>Conocer el manejo de curaci\u00f3n avanzada en pacientes portadores de \u00falceras de presi\u00f3n.<\/h6>\n<h6><span style=\"color: #0099cd;\">Duraci\u00f3n: 25<\/span>\u00a0horas<\/h6>\n<h6><span style=\"color: #0099cd;\">Contenidos:<\/span><\/h6>\n<ul>\n<li>Fisiopatolog\u00eda y clasificaci\u00f3n de las UPP: conceptos generales.<\/li>\n<li>Valoraci\u00f3n del riesgo UPP y prevenci\u00f3n.<\/li>\n<li>Manejo avanzado de enfermer\u00eda en personas con UPP.<\/li>\n<li>Prevenci\u00f3n de la \u00falcera por presi\u00f3n.<\/li>\n<li>Webinar 3: Patolog\u00edas frecuentes en APS.<\/li>\n<\/ul>\n<\/div><\/details><\/div>\n<div class=\"lightweight-accordion bordered has-text-color has-background\"><details><summary class=\"lightweight-accordion-title\" style=\"color:#ffffff;background:#0099cd;\"><span>M\u00f3dulo IV - Gesti\u00f3n del cuidado de personas con quemaduras<\/span><\/summary><div class=\"lightweight-accordion-body\" style=\"border-color:#0099cd;\"><h6><span style=\"color: #0099cd;\">Objetivos espec\u00edficos: <\/span>Identificar el manejo de curaci\u00f3n avanzada en pacientes con quemaduras.<\/h6>\n<h6><span style=\"color: #0099cd;\">Duraci\u00f3n: 25<\/span>\u00a0horas<\/h6>\n<h6><span style=\"color: #0099cd;\">Contenidos:<\/span><\/h6>\n<ul>\n<li>Clasificaci\u00f3n de quemaduras y sus complicaciones.<\/li>\n<li>Valoraci\u00f3n de quemaduras.<\/li>\n<li>Manejo avanzado de enfermer\u00eda en personas con quemaduras.<\/li>\n<li>Manejo m\u00e9dico quir\u00fargico del gran quemado<\/li>\n<li>Webinar 4: T\u00e9cnicas quir\u00fargicas b\u00e1sicas<\/li>\n<\/ul>\n<\/div><\/details><\/div>\n<div class=\"lightweight-accordion bordered has-text-color has-background\"><details><summary class=\"lightweight-accordion-title\" style=\"color:#ffffff;background:#0099cd;\"><span>M\u00f3dulo Final <\/span><\/summary><div class=\"lightweight-accordion-body\" style=\"border-color:#0099cd;\"><p><span style=\"color: #0099cd;\">Duraci\u00f3n: 20<\/span>\u00a0horas<\/p>\n<h6><span style=\"color: #0099cd;\">TEST FINAL<br \/>\n<\/span><\/h6>\n<\/div><\/details><\/div>\n","protected":false},"excerpt":{"rendered":"<h2><span style=\"color: #0099cd;\">Resumen del Curso<\/span><\/h2>\n<hr \/>\n<p><img decoding=\"async\" class=\"alignnone size-full wp-image-333\" style=\"font-weight: inherit;\" src=\"https:\/\/linketeach.cl\/wp-content\/uploads\/2021\/07\/education_computer_school_graduate_cap_monitor_icon_149680.png\" alt=\"\" width=\"48\" height=\"48\" \/>120\u00a0horas &#8211; 5 m\u00f3dulos<\/p>\n<p><img decoding=\"async\" class=\"alignnone size-full wp-image-332\" src=\"https:\/\/linketeach.cl\/wp-content\/uploads\/2021\/07\/education_book_learn_learning_icon_149694.png\" alt=\"\" width=\"48\" height=\"48\" \/><a href=\"https:\/\/site.redlearning.cl\/wp-content\/uploads\/2022\/05\/c-cirugiamenorenaps_CompressPdf.pdf\" target=\"_blank\" rel=\"noopener\">Programa del Curso<\/a><\/p>\n<p><img decoding=\"async\" class=\"alignnone size-medium wp-image-335\" src=\"https:\/\/linketeach.cl\/wp-content\/uploads\/2021\/07\/notes_clipboard_icon_149712-1.png\" alt=\"\" width=\"48\" height=\"48\" \/>Evaluaci\u00f3n Final<\/p>\n<p><img loading=\"lazy\" decoding=\"async\" class=\"alignnone size-medium wp-image-334\" style=\"font-weight: inherit;\" src=\"https:\/\/linketeach.cl\/wp-content\/uploads\/2021\/07\/education_diploma_award_icon_149701.png\" alt=\"\" width=\"48\" height=\"48\" \/>Certificaci\u00f3n<\/p>\n","protected":false},"featured_media":11223,"template":"","meta":{"site-sidebar-layout":"no-sidebar","site-content-layout":"default","ast-site-content-layout":"default","site-content-style":"default","site-sidebar-style":"default","ast-global-header-display":"","ast-banner-title-visibility":"","ast-main-header-display":"","ast-hfb-above-header-display":"","ast-hfb-below-header-display":"","ast-hfb-mobile-header-display":"","site-post-title":"","ast-breadcrumbs-content":"","ast-featured-img":"","footer-sml-layout":"","ast-disable-related-posts":"","theme-transparent-header-meta":"default","adv-header-id-meta":"","stick-header-meta":"","header-above-stick-meta":"","header-main-stick-meta":"","header-below-stick-meta":"","astra-migrate-meta-layouts":"set","ast-page-background-enabled":"default","ast-page-background-meta":{"desktop":{"background-color":"","background-image":"","background-repeat":"repeat","background-position":"center center","background-size":"auto","background-attachment":"scroll","background-type":"","background-media":"","overlay-type":"","overlay-color":"","overlay-opacity":"","overlay-gradient":""},"tablet":{"background-color":"","background-image":"","background-repeat":"repeat","background-position":"center center","background-size":"auto","background-attachment":"scroll","background-type":"","background-media":"","overlay-type":"","overlay-color":"","overlay-opacity":"","overlay-gradient":""},"mobile":{"background-color":"","background-image":"","background-repeat":"repeat","background-position":"center center","background-size":"auto","background-attachment":"scroll","background-type":"","background-media":"","overlay-type":"","overlay-color":"","overlay-opacity":"","overlay-gradient":""}},"ast-content-background-meta":{"desktop":{"background-color":"var(--ast-global-color-5)","background-image":"","background-repeat":"repeat","background-position":"center center","background-size":"auto","background-attachment":"scroll","background-type":"","background-media":"","overlay-type":"","overlay-color":"","overlay-opacity":"","overlay-gradient":""},"tablet":{"background-color":"var(--ast-global-color-5)","background-image":"","background-repeat":"repeat","background-position":"center center","background-size":"auto","background-attachment":"scroll","background-type":"","background-media":"","overlay-type":"","overlay-color":"","overlay-opacity":"","overlay-gradient":""},"mobile":{"background-color":"var(--ast-global-color-5)","background-image":"","background-repeat":"repeat","background-position":"center center","background-size":"auto","background-attachment":"scroll","background-type":"","background-media":"","overlay-type":"","overlay-color":"","overlay-opacity":"","overlay-gradient":""}},"_joinchat":[]},"product_brand":[],"product_cat":[425,285],"product_tag":[],"class_list":{"0":"post-15302","1":"product","2":"type-product","3":"status-publish","4":"has-post-thumbnail","6":"product_cat-cursos","7":"product_cat-cursos-medicina-y-enfermeria","8":"desktop-align-left","9":"tablet-align-left","10":"mobile-align-left","12":"first","13":"instock","14":"sale","15":"downloadable","16":"virtual","17":"sold-individually","18":"purchasable","19":"product-type-simple"},"_links":{"self":[{"href":"https:\/\/site.redlearning.cl\/index.php?rest_route=\/wp\/v2\/product\/15302","targetHints":{"allow":["GET"]}}],"collection":[{"href":"https:\/\/site.redlearning.cl\/index.php?rest_route=\/wp\/v2\/product"}],"about":[{"href":"https:\/\/site.redlearning.cl\/index.php?rest_route=\/wp\/v2\/types\/product"}],"wp:featuredmedia":[{"embeddable":true,"href":"https:\/\/site.redlearning.cl\/index.php?rest_route=\/wp\/v2\/media\/11223"}],"wp:attachment":[{"href":"https:\/\/site.redlearning.cl\/index.php?rest_route=%2Fwp%2Fv2%2Fmedia&parent=15302"}],"wp:term":[{"taxonomy":"product_brand","embeddable":true,"href":"https:\/\/site.redlearning.cl\/index.php?rest_route=%2Fwp%2Fv2%2Fproduct_brand&post=15302"},{"taxonomy":"product_cat","embeddable":true,"href":"https:\/\/site.redlearning.cl\/index.php?rest_route=%2Fwp%2Fv2%2Fproduct_cat&post=15302"},{"taxonomy":"product_tag","embeddable":true,"href":"https:\/\/site.redlearning.cl\/index.php?rest_route=%2Fwp%2Fv2%2Fproduct_tag&post=15302"}],"curies":[{"name":"wp","href":"https:\/\/api.w.org\/{rel}","templated":true}]}}