{"id":15303,"date":"2023-07-28T10:20:35","date_gmt":"2023-07-28T13:20:35","guid":{"rendered":"https:\/\/site.redlearning.cl\/?post_type=product&#038;p=15303"},"modified":"2025-11-03T17:39:37","modified_gmt":"2025-11-03T20:39:37","slug":"diplomado-cuidados-paliativos-oncologicos-copia","status":"publish","type":"product","link":"https:\/\/site.redlearning.cl\/?product=diplomado-cuidados-paliativos-oncologicos-copia","title":{"rendered":"DIPLOMADO CUIDADOS PALIATIVOS ONCOL\u00d3GICOS"},"content":{"rendered":"<p>Actualmente, en el mundo, el c\u00e1ncer produce millones de muertes al a\u00f1o, generando altos costos econ\u00f3micos y sociales, tanto por los valores asignados al tratamiento, como por el compromiso que genera en la productividad laboral de las personas directamente afectadas y de su entorno familiar y\/o cuidadores. En la actualidad, el c\u00e1ncer es la segunda causa de muerte a nivel nacional, sin embargo, en algunas regiones del pa\u00eds ya es la primera, superando a las causas relacionadas con el sistema circulatorio. Se proyecta que durante el pr\u00f3ximo decenio se instale como la principal causa de muerte en Chile y se espera que este cambio afecte primero a las mujeres y constituya la primera causa de A\u00f1os de Vida Saludable Perdidos (AVISA) en la poblaci\u00f3n del pa\u00eds.<\/p>\n<p>De aqu\u00ed la importancia de un abordaje multidisciplinario, abordando destrezas diagn\u00f3sticas, terap\u00e9uticas, en comunicaci\u00f3n, en aspectos psicosociales y en gesti\u00f3n de unidades. Los cuidados paliativos oncol\u00f3gicos son una garant\u00eda de salud GES (garant\u00edas expl\u00edcitas en salud), desde el a\u00f1o 2005 y son prioridad como pol\u00edtica sanitaria en el Plan Nacional del C\u00e1ncer. Sumado a esto, recientemente se promulg\u00f3 la Ley de Cuidados Paliativos Universales en nuestro pa\u00eds.<\/p>\n<h2><span style=\"color: #0099cd;\">Objetivo General<\/span><\/h2>\n<hr \/>\n<p>Mejorar el acceso y oportunidad de atenci\u00f3n de los pacientes oncol\u00f3gicos de la red asistencial en cuidados paliativos.<\/p>\n<h2><span style=\"color: #0099cd;\">Metodolog\u00eda<\/span><\/h2>\n<hr \/>\n<p>Modalidad 100% Online, asincr\u00f3nico y a tu ritmo. Contar\u00e1s con tutores desde el principio al fin de tu formaci\u00f3n, nunca estar\u00e1s sol@.<\/p>\n<h2><span style=\"color: #0099cd;\">Temario<\/span><\/h2>\n<hr \/>\n<div class=\"lightweight-accordion bordered has-text-color has-background\"><details><summary class=\"lightweight-accordion-title\" style=\"color:#ffffff;background:#0099cd;\"><span>M\u00f3dulo I - Cuidados paliativos oncol\u00f3gicos <\/span><\/summary><div class=\"lightweight-accordion-body\" style=\"border-color:#0099cd;\"><h6><span style=\"color: #0099cd;\">Objetivos espec\u00edficos: <\/span>Adquirir y aplicar conocimientos con base en la disciplina de cuidados paliativos oncol\u00f3gicos.<\/h6>\n<h6><span style=\"color: #0099cd;\">Duraci\u00f3n: <\/span>50 horas<\/h6>\n<h6><span style=\"color: #0099cd;\">Contenidos:<\/span><\/h6>\n<ul>\n<li>Historia, fundamentos, bio\u00e9tica, aspectos legales y modelos de atenci\u00f3n de los cuidados paliativos.<\/li>\n<li>Manejo de s\u00edntomas (en espec\u00edfico respiratorio, gastrointestinal, neurol\u00f3gico y p\u00e9rdida de funcionalidad) y otros problemas secundarios y concurrentes de enfermedades oncol\u00f3gicas que limitan la vida.<\/li>\n<li>Manejo de forma efectiva el dolor de forma farmacol\u00f3gica y no farmacol\u00f3gica.<\/li>\n<li>Conceptos de nutrici\u00f3n cl\u00ednica en pacientes ingresados a cuidados paliativos.<\/li>\n<li>Prescripci\u00f3n de medicamentos en pacientes oncol\u00f3gicos en cuidados paliativos.<\/li>\n<\/ul>\n<\/div><\/details><\/div>\n<div class=\"lightweight-accordion bordered has-text-color has-background\"><details><summary class=\"lightweight-accordion-title\" style=\"color:#ffffff;background:#0099cd;\"><span>M\u00f3dulo II - Aspectos psicosociales de los cuidados paliativos oncol\u00f3gicas<\/span><\/summary><div class=\"lightweight-accordion-body\" style=\"border-color:#0099cd;\"><h6><span style=\"color: #0099cd;\">Objetivos espec\u00edficos: <\/span>Abordar elementos del cuidado f\u00edsico, psicol\u00f3gico, social y espiritual de los pacientes y sus familias.<\/h6>\n<h6><span style=\"color: #0099cd;\">Duraci\u00f3n: <\/span>50 horas<\/h6>\n<h6><span style=\"color: #0099cd;\">Contenidos:<\/span><\/h6>\n<ul>\n<li>Problemas psicol\u00f3gicos, emocionales y sociales de los pacientes oncol\u00f3gicos en cuidados paliativos y sus familiares.<\/li>\n<li>Enfermedades de salud mental derivadas de la enfermedad oncol\u00f3gica en cuidados paliativos (en espec\u00edfico trastorno del \u00e1nimo depresivo, trastorno de ansiedad y delirium).<\/li>\n<li>El rol de la espiritualidad y el sufrimiento existencial en la experiencia de los pacientes, familiares y cuidadores.<\/li>\n<li>Aspectos del autocuidado de los equipos de salud en cuidados paliativos.<\/li>\n<\/ul>\n<\/div><\/details><\/div>\n<div class=\"lightweight-accordion bordered has-text-color has-background\"><details><summary class=\"lightweight-accordion-title\" style=\"color:#ffffff;background:#0099cd;\"><span>M\u00f3dulo III - Manejo de situaciones frecuentes y urgencias en cuidados paliativos oncol\u00f3gicos<\/span><\/summary><div class=\"lightweight-accordion-body\" style=\"border-color:#0099cd;\"><h6><span style=\"color: #0099cd;\">Objetivos espec\u00edficos: <\/span><\/h6>\n<ul>\n<li>Adquirir y aplicar competencias cl\u00ednicas y no cl\u00ednicas (comunicativas y colaborativas) que mejoren el desempe\u00f1o en situaciones frecuentes.<\/li>\n<li>Manejo apropiado de urgencias en la atenci\u00f3n de pacientes en cuidados paliativos oncol\u00f3gicos en los distintos niveles de atenci\u00f3n.<\/li>\n<\/ul>\n<h6><span style=\"color: #0099cd;\">Duraci\u00f3n: <\/span>50 horas<\/h6>\n<h6><span style=\"color: #0099cd;\">Contenidos:<\/span><\/h6>\n<ul>\n<li>Emergencias comunes en cuidados paliativos oncol\u00f3gicos y opciones de \u00faltimo recurso.<\/li>\n<li>Estrategias de cuidados para el paciente en las \u00faltimas horas de vida en los \u00e1mbitos de enfermer\u00eda, sedaci\u00f3n paliativa, hidrataci\u00f3n y nutrici\u00f3n.<\/li>\n<li>Estrategias para la comunicaci\u00f3n de manera efectiva bas\u00e1ndose en comprensi\u00f3n, confianza, empat\u00eda y confidencialidad.<\/li>\n<li>T\u00e1cticas adecuadas para la gesti\u00f3n de conversaciones dif\u00edciles y entrega de malas noticias.<\/li>\n<\/ul>\n<\/div><\/details><\/div>\n<div class=\"lightweight-accordion bordered has-text-color has-background\"><details><summary class=\"lightweight-accordion-title\" style=\"color:#ffffff;background:#0099cd;\"><span>M\u00f3dulo IV - Competencias profesionales NO cl\u00ednicas especificas en cuidados paliativos oncologicos<\/span><\/summary><div class=\"lightweight-accordion-body\" style=\"border-color:#0099cd;\"><h6><span style=\"color: #0099cd;\">Objetivos espec\u00edficos: <\/span>Adquirir y aplicar competencias profesionales en el \u00e1mbito de la gesti\u00f3n de unidades o equipos de cuidados paliativos, con respeto a la \u00e9tica, la multiculturalidad y las creencias de los pacientes, familiares y equipo de atenci\u00f3n de salud.<\/h6>\n<h6><span style=\"color: #0099cd;\">Duraci\u00f3n: <\/span>50 horas<\/h6>\n<h6><span style=\"color: #0099cd;\">Contenidos:<\/span><\/h6>\n<ul>\n<li>Gesti\u00f3n efectiva de equipos multidisciplinarios<\/li>\n<li>Desarrollo del equipo mediante el respeto por los distintos roles profesionales y de otras especialidades m\u00e9dicas. Resoluci\u00f3n de conflictos positiva.<\/li>\n<li>Planificaci\u00f3n y gesti\u00f3n de servicios de cuidados paliativos<\/li>\n<li>Claves \u00e9ticas del ejercicio profesional, en funci\u00f3n de la multiculturalidad y las creencias particulares de los pacientes<\/li>\n<\/ul>\n<\/div><\/details><\/div>\n<div class=\"lightweight-accordion bordered has-text-color has-background\"><details><summary class=\"lightweight-accordion-title\" style=\"color:#ffffff;background:#0099cd;\"><span>M\u00f3dulo Final<\/span><\/summary><div class=\"lightweight-accordion-body\" style=\"border-color:#0099cd;\"><h6><span style=\"color: #0099cd;\">PROYECTO DE INTEGRACI\u00d3N FINAL<br \/>\nTEST FINAL DE MULTIPLE CHOICE<\/span><\/h6>\n<h6><span style=\"color: #0099cd;\">Duraci\u00f3n: <\/span>48 horas<\/h6>\n<\/div><\/details><\/div>\n","protected":false},"excerpt":{"rendered":"<p><span style=\"color: #0099cd;\">Resumen del Curso<\/span><\/p>\n<hr \/>\n<p><img decoding=\"async\" class=\"alignnone size-full wp-image-333\" style=\"font-weight: inherit;\" src=\"https:\/\/linketeach.cl\/wp-content\/uploads\/2021\/07\/education_computer_school_graduate_cap_monitor_icon_149680.png\" alt=\"\" width=\"48\" height=\"48\" \/>248\u00a0horas &#8211; 5 m\u00f3dulos<\/p>\n<p><img decoding=\"async\" class=\"alignnone size-full wp-image-332\" src=\"https:\/\/linketeach.cl\/wp-content\/uploads\/2021\/07\/education_book_learn_learning_icon_149694.png\" alt=\"\" width=\"48\" height=\"48\" \/><a href=\"https:\/\/site.redlearning.cl\/wp-content\/uploads\/2022\/12\/d-cuidadospaliativosoncologicos.pdf\" target=\"_blank\" rel=\"noopener\">Programa del Curso<\/a><\/p>\n<p><img decoding=\"async\" class=\"alignnone size-medium wp-image-335\" src=\"https:\/\/linketeach.cl\/wp-content\/uploads\/2021\/07\/notes_clipboard_icon_149712-1.png\" alt=\"\" width=\"48\" height=\"48\" \/>Evaluaci\u00f3n Final<\/p>\n<p><img loading=\"lazy\" decoding=\"async\" class=\"alignnone size-medium wp-image-334\" style=\"font-weight: inherit;\" src=\"https:\/\/linketeach.cl\/wp-content\/uploads\/2021\/07\/education_diploma_award_icon_149701.png\" alt=\"\" width=\"48\" height=\"48\" \/>Certificaci\u00f3n<\/p>\n","protected":false},"featured_media":13321,"template":"","meta":{"site-sidebar-layout":"no-sidebar","site-content-layout":"default","ast-site-content-layout":"default","site-content-style":"default","site-sidebar-style":"default","ast-global-header-display":"","ast-banner-title-visibility":"","ast-main-header-display":"","ast-hfb-above-header-display":"","ast-hfb-below-header-display":"","ast-hfb-mobile-header-display":"","site-post-title":"","ast-breadcrumbs-content":"","ast-featured-img":"","footer-sml-layout":"","ast-disable-related-posts":"","theme-transparent-header-meta":"default","adv-header-id-meta":"","stick-header-meta":"","header-above-stick-meta":"","header-main-stick-meta":"","header-below-stick-meta":"","astra-migrate-meta-layouts":"set","ast-page-background-enabled":"default","ast-page-background-meta":{"desktop":{"background-color":"","background-image":"","background-repeat":"repeat","background-position":"center center","background-size":"auto","background-attachment":"scroll","background-type":"","background-media":"","overlay-type":"","overlay-color":"","overlay-opacity":"","overlay-gradient":""},"tablet":{"background-color":"","background-image":"","background-repeat":"repeat","background-position":"center center","background-size":"auto","background-attachment":"scroll","background-type":"","background-media":"","overlay-type":"","overlay-color":"","overlay-opacity":"","overlay-gradient":""},"mobile":{"background-color":"","background-image":"","background-repeat":"repeat","background-position":"center center","background-size":"auto","background-attachment":"scroll","background-type":"","background-media":"","overlay-type":"","overlay-color":"","overlay-opacity":"","overlay-gradient":""}},"ast-content-background-meta":{"desktop":{"background-color":"var(--ast-global-color-5)","background-image":"","background-repeat":"repeat","background-position":"center center","background-size":"auto","background-attachment":"scroll","background-type":"","background-media":"","overlay-type":"","overlay-color":"","overlay-opacity":"","overlay-gradient":""},"tablet":{"background-color":"var(--ast-global-color-5)","background-image":"","background-repeat":"repeat","background-position":"center center","background-size":"auto","background-attachment":"scroll","background-type":"","background-media":"","overlay-type":"","overlay-color":"","overlay-opacity":"","overlay-gradient":""},"mobile":{"background-color":"var(--ast-global-color-5)","background-image":"","background-repeat":"repeat","background-position":"center center","background-size":"auto","background-attachment":"scroll","background-type":"","background-media":"","overlay-type":"","overlay-color":"","overlay-opacity":"","overlay-gradient":""}},"_joinchat":[]},"product_brand":[],"product_cat":[424,286],"product_tag":[],"class_list":{"0":"post-15303","1":"product","2":"type-product","3":"status-publish","4":"has-post-thumbnail","6":"product_cat-diplomados","7":"product_cat-diplomados-medicina-enfermeria","8":"desktop-align-left","9":"tablet-align-left","10":"mobile-align-left","12":"first","13":"instock","14":"sale","15":"downloadable","16":"virtual","17":"sold-individually","18":"purchasable","19":"product-type-simple"},"_links":{"self":[{"href":"https:\/\/site.redlearning.cl\/index.php?rest_route=\/wp\/v2\/product\/15303","targetHints":{"allow":["GET"]}}],"collection":[{"href":"https:\/\/site.redlearning.cl\/index.php?rest_route=\/wp\/v2\/product"}],"about":[{"href":"https:\/\/site.redlearning.cl\/index.php?rest_route=\/wp\/v2\/types\/product"}],"wp:featuredmedia":[{"embeddable":true,"href":"https:\/\/site.redlearning.cl\/index.php?rest_route=\/wp\/v2\/media\/13321"}],"wp:attachment":[{"href":"https:\/\/site.redlearning.cl\/index.php?rest_route=%2Fwp%2Fv2%2Fmedia&parent=15303"}],"wp:term":[{"taxonomy":"product_brand","embeddable":true,"href":"https:\/\/site.redlearning.cl\/index.php?rest_route=%2Fwp%2Fv2%2Fproduct_brand&post=15303"},{"taxonomy":"product_cat","embeddable":true,"href":"https:\/\/site.redlearning.cl\/index.php?rest_route=%2Fwp%2Fv2%2Fproduct_cat&post=15303"},{"taxonomy":"product_tag","embeddable":true,"href":"https:\/\/site.redlearning.cl\/index.php?rest_route=%2Fwp%2Fv2%2Fproduct_tag&post=15303"}],"curies":[{"name":"wp","href":"https:\/\/api.w.org\/{rel}","templated":true}]}}