{"id":15305,"date":"2023-07-28T10:26:30","date_gmt":"2023-07-28T13:26:30","guid":{"rendered":"https:\/\/site.redlearning.cl\/?post_type=product&#038;p=15305"},"modified":"2025-11-03T17:39:37","modified_gmt":"2025-11-03T20:39:37","slug":"diplomado-gestion-de-calidad-y-seguridad-asistencial-2","status":"publish","type":"product","link":"https:\/\/site.redlearning.cl\/?product=diplomado-gestion-de-calidad-y-seguridad-asistencial-2","title":{"rendered":"Diplomado Gesti\u00f3n de Calidad y Seguridad Asistencial"},"content":{"rendered":"<p>En el contexto del proceso de modernizaci\u00f3n del estado y en un mundo cada vez m\u00e1s globalizado, la calidad de los procesos de gesti\u00f3n y la presentaci\u00f3n de servicios, constituye hoy en d\u00eda un imperativo para todas las organizaciones que quieren hacer de la satisfacci\u00f3n de sus clientes\/usuarios, la medida de la calidad de sus productos o servicios, m\u00e1s a\u00fan cuando se trata de la salud.<\/p>\n<p>Desde hace m\u00e1s de 14 a\u00f1os la calidad a nivel del sector salud, viene intentando romper antiguos y arcaicos paradigmas, para modificar la cultura negativa e inadecuada de las organizaciones de salud, intentando introducir innovaci\u00f3n y creatividad en el modelo de gesti\u00f3n imperante, en la perspectiva de producir un mejoramiento continuo de los procesos, tanto asistenciales como administrativos que se llevan a efecto en ellas.<\/p>\n<p>Este programa te permitir\u00e1 dise\u00f1ar y aplicar planes de calidad, conocer los diferentes conceptos, dimensiones, componentes y modelos de calidad que persigue el sistema de Salud e identificar herramientas que permitan desarrollar el ciclo de mejora continua en la gesti\u00f3n de calidad en salud, profundizando en calidad y humanizaci\u00f3n en el trato al usuario y desarrollo organizacional y equipo.<\/p>\n<h2><span style=\"color: #0099cd;\">Objetivo General<\/span><\/h2>\n<hr \/>\n<p>Reconocer el marco general, la metodolog\u00eda de evaluaci\u00f3n y las exigencias del Sistema de Acreditaci\u00f3n de Prestadores Institucionales de Salud existentes en Chile, lo que contribuye en la implementaci\u00f3n de un modelo de gesti\u00f3n de calidad y seguridad asistencial \u00f3ptimo.<\/p>\n<h2><span style=\"color: #0099cd;\">Metodolog\u00eda<\/span><\/h2>\n<hr \/>\n<p><strong>Contenido:<\/strong><\/p>\n<ul>\n<li>Clases Magistrales por Secci\u00f3n grabadas.<\/li>\n<li>Asincr\u00f3nico: Manuales y lecturas descargables, clases en presentaciones o videos del relator.<\/li>\n<\/ul>\n<p><strong>Evaluaci\u00f3n:<\/strong><\/p>\n<ul>\n<li>Test por secci\u00f3n.<\/li>\n<li>Tarea por secci\u00f3n.<\/li>\n<li>Foro de preguntas por m\u00f3dulo. (Formativo)<\/li>\n<\/ul>\n<h2><span style=\"color: #0099cd;\">Temario<\/span><\/h2>\n<hr \/>\n<div class=\"lightweight-accordion bordered has-text-color has-background\"><details><summary class=\"lightweight-accordion-title\" style=\"color:#ffffff;background:#0099cd;\"><span>Secci\u00f3n 1: Conceptos de Gesti\u00f3n de Calidad y Seguridad de la Atenci\u00f3n Cl\u00ednica <\/span><\/summary><div class=\"lightweight-accordion-body\" style=\"border-color:#0099cd;\"><h6><span style=\"color: #0099cd;\">Objetivos espec\u00edficos: <\/span>Conocer el marco te\u00f3rico, y desarrollar habilidades para identificar y priorizar problemas de calidad y seguridad asistencial, as\u00ed como formular indicadores y monitorearla calidad y seguridad de los procesos asistenciales, de apoyo cl\u00ednico y de servicios de soporte<\/h6>\n<h6><span style=\"color: #0099cd;\">Duraci\u00f3n: <\/span>96 horas<\/h6>\n<h6><span style=\"color: #0099cd;\">Descripci\u00f3n de los M\u00f3dulos:<\/span><\/h6>\n<p><strong>M\u00d3DULO 1:<\/strong> La industria de la salud, y los modelos de gesti\u00f3n y evaluaci\u00f3n de la calidad en salud.<br \/>\nDuraci\u00f3n: 24 Hrs<\/p>\n<p><strong>M\u00d3DULO 2:<\/strong> Planificaci\u00f3n estrat\u00e9gica y gesti\u00f3n de servicios en instituciones prestadoras de servicios de salud.<br \/>\nDuraci\u00f3n: 24 Hrs<\/p>\n<p><strong>M\u00d3DULO 3<\/strong>: Epidemiolog\u00eda y bioestad\u00edstica aplicada a la gesti\u00f3n de calidad y seguridad en salud. Ciclo de mejora continua de la calidad.<br \/>\nDuraci\u00f3n: 24 Hrs<\/p>\n<p><strong>M\u00d3DULO 4:<\/strong> Marco jur\u00eddico normativo del actual sistema de salud chileno, respeto a la dignidad del paciente, y contexto jur\u00eddico.<br \/>\nDuraci\u00f3n: 24 Hrs<\/p>\n<\/div><\/details><\/div>\n<div class=\"lightweight-accordion bordered has-text-color has-background\"><details><summary class=\"lightweight-accordion-title\" style=\"color:#ffffff;background:#0099cd;\"><span>Secci\u00f3n 2: Modelo chileno de Acreditaci\u00f3n del Sistema de Prestadores Institucionales de Salud <\/span><\/summary><div class=\"lightweight-accordion-body\" style=\"border-color:#0099cd;\"><h6><span style=\"color: #0099cd;\">Objetivos espec\u00edficos: <\/span>Conocer el modelo chileno de acreditaci\u00f3n del sistema de prestadores institucionales de salud, la conceptualizaci\u00f3n, estructura y evaluaci\u00f3n de los est\u00e1ndares de acreditaci\u00f3n de prestadores institucionales de salud de atenci\u00f3n cerrada, atenci\u00f3n abierta, laboratorios cl\u00ednicos y centros de di\u00e1lisis, y busca desarrollar habilidades para dise\u00f1ar y evaluar un programa institucional de Gesti\u00f3n de Calidad y Seguridad de Pacientes con mirada sist\u00e9mica.<\/h6>\n<h6><span style=\"color: #0099cd;\">Duraci\u00f3n: <\/span>96 horas<\/h6>\n<h6><span style=\"color: #0099cd;\">Descripci\u00f3n de los M\u00f3dulos:<\/span><\/h6>\n<p><strong>M\u00d3DULO 1:<\/strong> Marco pol\u00edtico normativo del Sistema de Salud en Chile.<br \/>\nDuraci\u00f3n: 24 Hrs<\/p>\n<p><strong>M\u00d3DULO 2:<\/strong> Conceptualizaci\u00f3n, estructura y evaluaci\u00f3n del manual del est\u00e1ndar general de acreditaci\u00f3n para prestadores institucionales de atenci\u00f3n cerrada y abierta.<br \/>\nDuraci\u00f3n: 24 Hrs<\/p>\n<p><strong>M\u00d3DULO 3:<\/strong> Estructura y evaluaci\u00f3n de la pauta de cotejo del est\u00e1ndar de acreditaci\u00f3n de prestadores de atenci\u00f3n cerrada y abierta.<br \/>\nDuraci\u00f3n: 24 Hrs<\/p>\n<p><strong>M\u00d3DULO 4:<\/strong> Conceptualizaci\u00f3n, estructura y evaluaci\u00f3n del manual del est\u00e1ndar general de acreditaci\u00f3n para laboratorios cl\u00ednicos y centros de di\u00e1lisis.<br \/>\nDuraci\u00f3n: 24 Hrs<\/p>\n<\/div><\/details><\/div>\n<div class=\"lightweight-accordion bordered has-text-color has-background\"><details><summary class=\"lightweight-accordion-title\" style=\"color:#ffffff;background:#0099cd;\"><span>Secci\u00f3n 3: Cultura de Seguridad Cl\u00ednica: Prevenci\u00f3n y Gesti\u00f3n de Incidentes de Seguridad de Pacientes <\/span><\/summary><div class=\"lightweight-accordion-body\" style=\"border-color:#0099cd;\"><h6><span style=\"color: #0099cd;\">Objetivos espec\u00edficos: <\/span>Conocer el marco jur\u00eddico y la gesti\u00f3n de registros cl\u00ednicos asociados a la seguridad del paciente, y aplicar la herramienta de An\u00e1lisis de Causa Ra\u00edz en casos de incidentes de seguridad asistencial y desarrollar habilidades para identificar, reconocer y gestionar los riesgos cl\u00ednicos y asistenciales.<\/h6>\n<h6><span style=\"color: #0099cd;\">Duraci\u00f3n: <\/span>96 horas<\/h6>\n<h6><span style=\"color: #0099cd;\">Descripci\u00f3n de los M\u00f3dulos:<\/span><\/h6>\n<p><strong>M\u00d3DULO 1:<\/strong> Proceso de gesti\u00f3n de riesgos, conceptualizaci\u00f3n y herramientas de gesti\u00f3n de los riesgos cl\u00ednicos.<br \/>\nDuraci\u00f3n: 19 Hrs<\/p>\n<p><strong>M\u00d3DULO 2:<\/strong> Identificaci\u00f3n de potenciales riesgos cl\u00ednicos seg\u00fan tipo de atenci\u00f3n y complejidad de las prestaciones.<br \/>\nDuraci\u00f3n: 19 Hrs<\/p>\n<p><strong>M\u00d3DULO 3:<\/strong> An\u00e1lisis de Causa Ra\u00edz: metodolog\u00eda, aplicaci\u00f3n y documentaci\u00f3n. Gesti\u00f3n de eventos adversos: definici\u00f3n conceptual, nomenclatura y dise\u00f1o de sistemas de notificaci\u00f3n.<br \/>\nDuraci\u00f3n: 19 Hrs<\/p>\n<p><strong>M\u00d3DULO 4:<\/strong> Programa IAAS, y revisi\u00f3n de la normativa vigente.<br \/>\nDuraci\u00f3n: 19 Hrs<\/p>\n<p><strong>M\u00d3DULO 5:<\/strong> Liderazgo y cultura de seguridad de pacientes en una instituci\u00f3n prestadora de servicios de salud. Gesti\u00f3n por procesos en la implementaci\u00f3n de un programa de calidad y seguridad asistencial.<br \/>\nDuraci\u00f3n: 20 Hrs<\/p>\n<\/div><\/details><\/div>\n<div class=\"lightweight-accordion bordered has-text-color has-background\"><details><summary class=\"lightweight-accordion-title\" style=\"color:#ffffff;background:#0099cd;\"><span>Secci\u00f3n 4: \u00c1mbitos y Servicios de Apoyo en la Gesti\u00f3n de Calidad y Seguridad de Acreditaci\u00f3n <\/span><\/summary><div class=\"lightweight-accordion-body\" style=\"border-color:#0099cd;\"><h6><span style=\"color: #0099cd;\">Objetivos espec\u00edficos: <\/span>Conocer los elementos esenciales de la gesti\u00f3n de calidad y seguridad en los \u00e1mbitos de recursos humanos, acceso, oportunidad y continuidad de la atenci\u00f3n; equipamiento e instalaciones del sistema de acreditaci\u00f3n de prestadores institucionales de servicios de salud, servicios de apoyo cl\u00ednico de esterilizaci\u00f3n, laboratorio cl\u00ednico, banco de sangre, imagenolog\u00eda y farmacia del sistema de acreditaci\u00f3n de prestadores institucionales de servicios de salud.<\/h6>\n<h6><span style=\"color: #0099cd;\">Duraci\u00f3n: <\/span>96 horas<\/h6>\n<h6><span style=\"color: #0099cd;\">Descripci\u00f3n de los M\u00f3dulos:<\/span><\/h6>\n<p><strong>M\u00d3DULO 1:<\/strong> Gesti\u00f3n de calidad y seguridad asistencial y recursos humanos. Gesti\u00f3n de calidad y seguridad asistencial en lo relativo al acceso, oportunidad y continuidad de la atenci\u00f3n.<br \/>\nDuraci\u00f3n: 19 Hrs<\/p>\n<p><strong>M\u00d3DULO 2:<\/strong> Gesti\u00f3n de calidad y seguridad asistencial en lo relativo al equipamiento de uso cl\u00ednico. Gesti\u00f3n de calidad y seguridad asistencial en lo relativo a las instalaciones de una instituci\u00f3n prestadora de servicios de salud.<br \/>\nDuraci\u00f3n: 19 Hrs<\/p>\n<p><strong>M\u00d3DULO 3:<\/strong> Gesti\u00f3n de calidad y seguridad asistencial en el servicio de apoyo farmacia. Gesti\u00f3n de calidad y seguridad asistencial en los servicios de laboratorio cl\u00ednico y banco de sangre.<br \/>\nDuraci\u00f3n: 19 Hrs<\/p>\n<p><strong>M\u00d3DULO 4:<\/strong> Gesti\u00f3n de calidad y seguridad asistencial en la esterilizaci\u00f3n de elementos cl\u00ednicos.<br \/>\nDuraci\u00f3n: 19 Hrs<\/p>\n<p><strong>M\u00d3DULO 5:<\/strong> Gesti\u00f3n de calidad y seguridad asistencial en el servicio de imagenolog\u00eda.<br \/>\nDuraci\u00f3n: 20 Hrs<\/p>\n<\/div><\/details><\/div>\n<p>&nbsp;<\/p>\n","protected":false},"excerpt":{"rendered":"<p><span style=\"color: #0099cd;\">Resumen del Curso<\/span><\/p>\n<hr \/>\n<p><img decoding=\"async\" class=\"alignnone size-full wp-image-333\" style=\"font-weight: inherit;\" src=\"https:\/\/linketeach.cl\/wp-content\/uploads\/2021\/07\/education_computer_school_graduate_cap_monitor_icon_149680.png\" alt=\"\" width=\"48\" height=\"48\" \/>384 horas &#8211; 4 Secciones<\/p>\n<p><img decoding=\"async\" class=\"alignnone size-full wp-image-332\" src=\"https:\/\/linketeach.cl\/wp-content\/uploads\/2021\/07\/education_book_learn_learning_icon_149694.png\" alt=\"\" width=\"48\" height=\"48\" \/><a href=\"https:\/\/site.redlearning.cl\/wp-content\/uploads\/2022\/12\/Prog.-D-Gestion-y-Seguridad-Asistencial_Formato-Light.pdf\" target=\"_blank\" rel=\"noopener\">Programa del Curso<\/a><\/p>\n<p><img decoding=\"async\" class=\"alignnone size-medium wp-image-335\" src=\"https:\/\/linketeach.cl\/wp-content\/uploads\/2021\/07\/notes_clipboard_icon_149712-1.png\" alt=\"\" width=\"48\" height=\"48\" \/>Evaluaci\u00f3n Final<\/p>\n<p><img loading=\"lazy\" decoding=\"async\" class=\"alignnone size-medium wp-image-334\" style=\"font-weight: inherit;\" src=\"https:\/\/linketeach.cl\/wp-content\/uploads\/2021\/07\/education_diploma_award_icon_149701.png\" alt=\"\" width=\"48\" height=\"48\" \/>Certificaci\u00f3n<\/p>\n","protected":false},"featured_media":13315,"template":"","meta":{"site-sidebar-layout":"no-sidebar","site-content-layout":"default","ast-site-content-layout":"default","site-content-style":"default","site-sidebar-style":"default","ast-global-header-display":"","ast-banner-title-visibility":"","ast-main-header-display":"","ast-hfb-above-header-display":"","ast-hfb-below-header-display":"","ast-hfb-mobile-header-display":"","site-post-title":"","ast-breadcrumbs-content":"","ast-featured-img":"","footer-sml-layout":"","ast-disable-related-posts":"","theme-transparent-header-meta":"default","adv-header-id-meta":"","stick-header-meta":"","header-above-stick-meta":"","header-main-stick-meta":"","header-below-stick-meta":"","astra-migrate-meta-layouts":"set","ast-page-background-enabled":"default","ast-page-background-meta":{"desktop":{"background-color":"","background-image":"","background-repeat":"repeat","background-position":"center center","background-size":"auto","background-attachment":"scroll","background-type":"","background-media":"","overlay-type":"","overlay-color":"","overlay-opacity":"","overlay-gradient":""},"tablet":{"background-color":"","background-image":"","background-repeat":"repeat","background-position":"center center","background-size":"auto","background-attachment":"scroll","background-type":"","background-media":"","overlay-type":"","overlay-color":"","overlay-opacity":"","overlay-gradient":""},"mobile":{"background-color":"","background-image":"","background-repeat":"repeat","background-position":"center center","background-size":"auto","background-attachment":"scroll","background-type":"","background-media":"","overlay-type":"","overlay-color":"","overlay-opacity":"","overlay-gradient":""}},"ast-content-background-meta":{"desktop":{"background-color":"var(--ast-global-color-5)","background-image":"","background-repeat":"repeat","background-position":"center center","background-size":"auto","background-attachment":"scroll","background-type":"","background-media":"","overlay-type":"","overlay-color":"","overlay-opacity":"","overlay-gradient":""},"tablet":{"background-color":"var(--ast-global-color-5)","background-image":"","background-repeat":"repeat","background-position":"center center","background-size":"auto","background-attachment":"scroll","background-type":"","background-media":"","overlay-type":"","overlay-color":"","overlay-opacity":"","overlay-gradient":""},"mobile":{"background-color":"var(--ast-global-color-5)","background-image":"","background-repeat":"repeat","background-position":"center center","background-size":"auto","background-attachment":"scroll","background-type":"","background-media":"","overlay-type":"","overlay-color":"","overlay-opacity":"","overlay-gradient":""}},"_joinchat":[]},"product_brand":[],"product_cat":[424,296],"product_tag":[],"class_list":{"0":"post-15305","1":"product","2":"type-product","3":"status-publish","4":"has-post-thumbnail","6":"product_cat-diplomados","7":"product_cat-diplomados-gestion-administracion-salud","8":"desktop-align-left","9":"tablet-align-left","10":"mobile-align-left","12":"first","13":"instock","14":"sale","15":"downloadable","16":"virtual","17":"sold-individually","18":"purchasable","19":"product-type-simple"},"_links":{"self":[{"href":"https:\/\/site.redlearning.cl\/index.php?rest_route=\/wp\/v2\/product\/15305","targetHints":{"allow":["GET"]}}],"collection":[{"href":"https:\/\/site.redlearning.cl\/index.php?rest_route=\/wp\/v2\/product"}],"about":[{"href":"https:\/\/site.redlearning.cl\/index.php?rest_route=\/wp\/v2\/types\/product"}],"wp:featuredmedia":[{"embeddable":true,"href":"https:\/\/site.redlearning.cl\/index.php?rest_route=\/wp\/v2\/media\/13315"}],"wp:attachment":[{"href":"https:\/\/site.redlearning.cl\/index.php?rest_route=%2Fwp%2Fv2%2Fmedia&parent=15305"}],"wp:term":[{"taxonomy":"product_brand","embeddable":true,"href":"https:\/\/site.redlearning.cl\/index.php?rest_route=%2Fwp%2Fv2%2Fproduct_brand&post=15305"},{"taxonomy":"product_cat","embeddable":true,"href":"https:\/\/site.redlearning.cl\/index.php?rest_route=%2Fwp%2Fv2%2Fproduct_cat&post=15305"},{"taxonomy":"product_tag","embeddable":true,"href":"https:\/\/site.redlearning.cl\/index.php?rest_route=%2Fwp%2Fv2%2Fproduct_tag&post=15305"}],"curies":[{"name":"wp","href":"https:\/\/api.w.org\/{rel}","templated":true}]}}