{"id":15306,"date":"2023-07-28T10:28:32","date_gmt":"2023-07-28T13:28:32","guid":{"rendered":"https:\/\/site.redlearning.cl\/?post_type=product&#038;p=15306"},"modified":"2025-11-03T17:39:36","modified_gmt":"2025-11-03T20:39:36","slug":"curso-actualizacion-en-aplicacion-de-procedimientos-de-compras-publicas-2","status":"publish","type":"product","link":"https:\/\/site.redlearning.cl\/?product=curso-actualizacion-en-aplicacion-de-procedimientos-de-compras-publicas-2","title":{"rendered":"CURSO ACTUALIZACI\u00d3N EN  APLICACI\u00d3N DE PROCEDIMIENTOS DE COMPRAS P\u00daBLICAS"},"content":{"rendered":"<p>La gesti\u00f3n de compras con recursos p\u00fablicos es clave para el funcionamiento de los organismos p\u00fablicos, as\u00ed como para el cumplimiento de sus objetivos. El contar con bienes y servicios en tiempo y forma permite desarrollar proyectos tanto operacionales como estrat\u00e9gicos cumpliendo con los fines para los cuales existe ese organismo. Para llevar a cabo esta tarea, se requiere de personal id\u00f3neo, que cuente con conocimientos necesarios para poder discriminar y tomar decisiones, de manera eficiente, con altos est\u00e1ndares de probidad, ajustada a la normativa, brindando recomendaciones a los tomadores de decisi\u00f3n.<\/p>\n<p>El alcance considera todo el proceso de contrataci\u00f3n, comenzando desde la planificaci\u00f3n y definici\u00f3n de las necesidades, modalidad de contrataci\u00f3n, evaluaci\u00f3n de propuestas, adjudicaci\u00f3n y gesti\u00f3n de contratos. La complejidad del sistema est\u00e1 dada por la cantidad de subetapas y de actores que interact\u00faan en \u00e9l, por lo que un gestor de compra adem\u00e1s de conocer la normativa debe desarrollar competencias que le permitan trabajar en equipos multidisciplinarios, donde coexisten multiplicidad de intereses y de objetivos.<\/p>\n<h2><span style=\"color: #0099cd;\">Objetivo General<\/span><\/h2>\n<hr \/>\n<p>Aplicar procedimientos de compras p\u00fablicas de una manera efectiva de acuerdo con los procesos, protocolos y normativa vigente.<\/p>\n<h2><span style=\"color: #0099cd;\">Metodolog\u00eda<\/span><\/h2>\n<hr \/>\n<p>Modalidad 100% Online, asincr\u00f3nico y a tu ritmo. Contar\u00e1s con tutores desde el principio al fin de tu formaci\u00f3n, nunca estar\u00e1s sol@.<\/p>\n<h2><span style=\"color: #0099cd;\">Temario<\/span><\/h2>\n<hr \/>\n<div class=\"lightweight-accordion bordered has-text-color has-background\"><details><summary class=\"lightweight-accordion-title\" style=\"color:#ffffff;background:#0099cd;\"><span>M\u00f3dulo I - Antecedentes e institucionalidad de ChileCompras<\/span><\/summary><div class=\"lightweight-accordion-body\" style=\"border-color:#0099cd;\"><h6><span style=\"color: #0099cd;\">Objetivos espec\u00edficos: <\/span>Identificar el marco regulatorio de compras de bienes y servicios p\u00fablicos de acuerdo con normativa vigente.<\/h6>\n<h6><span style=\"color: #0099cd;\">Duraci\u00f3n: <\/span>04 horas<\/h6>\n<h6><span style=\"color: #0099cd;\">Contenidos:<\/span><\/h6>\n<ul>\n<li>Historia de Chile Compras.<\/li>\n<li>Institucionalidad de Chile Compras.<\/li>\n<li>Antecedentes e institucionalidad de ChileCompras:\n<ul>\n<li style=\"list-style-type: none;\">\n<ul>\n<li>Leyes.<\/li>\n<li>Actores.<\/li>\n<li>Organizaci\u00f3n<\/li>\n<\/ul>\n<\/li>\n<\/ul>\n<\/li>\n<\/ul>\n<\/div><\/details><\/div>\n<div class=\"lightweight-accordion bordered has-text-color has-background\"><details><summary class=\"lightweight-accordion-title\" style=\"color:#ffffff;background:#0099cd;\"><span>M\u00f3dulo II - Mecanismos de compra y contrataciones de ChileCompras<\/span><\/summary><div class=\"lightweight-accordion-body\" style=\"border-color:#0099cd;\"><h6><span style=\"color: #0099cd;\">Objetivos espec\u00edficos: <\/span>Reconocer las caracter\u00edsticas fundamentales y etapas de las compras p\u00fablicas en aras de una correcta planificaci\u00f3n.<\/h6>\n<h6><span style=\"color: #0099cd;\">Duraci\u00f3n: <\/span>06 horas<\/h6>\n<h6><span style=\"color: #0099cd;\">Contenidos:<\/span><\/h6>\n<ul>\n<li>Compras P\u00fablicas.<\/li>\n<li>Etapas y aspectos relevantes de una Compra P\u00fablica.<\/li>\n<li>Consideraciones Generales.<\/li>\n<li>Gesti\u00f3n de contratos.<\/li>\n<li>Pago oportuno.<\/li>\n<li>\u00c9tica y Probidad.<\/li>\n<li>Contrataci\u00f3n Administrativa.<\/li>\n<\/ul>\n<\/div><\/details><\/div>\n<div class=\"lightweight-accordion bordered has-text-color has-background\"><details><summary class=\"lightweight-accordion-title\" style=\"color:#ffffff;background:#0099cd;\"><span>M\u00f3dulo III - Modalidades de compra y contrataciones de ChileCompras<\/span><\/summary><div class=\"lightweight-accordion-body\" style=\"border-color:#0099cd;\"><h6><span style=\"color: #0099cd;\">Objetivos espec\u00edficos: <\/span>Comprender las distintas modalidades de compra y contrataciones enmarcadas en la instituci\u00f3n ChileCompras.<\/h6>\n<h6><span style=\"color: #0099cd;\">Duraci\u00f3n: <\/span>10 horas<\/h6>\n<h6><span style=\"color: #0099cd;\">Contenidos:<\/span><\/h6>\n<ul>\n<li>Compra \u00c1gil.<\/li>\n<li>Convenio Marco.<\/li>\n<li>Licitaciones (p\u00fablicas y privadas).<\/li>\n<li>Compras Coordinadas.<\/li>\n<li>Tratos Directos.<\/li>\n<\/ul>\n<\/div><\/details><\/div>\n<div class=\"lightweight-accordion bordered has-text-color has-background\"><details><summary class=\"lightweight-accordion-title\" style=\"color:#ffffff;background:#0099cd;\"><span>M\u00f3dulo IV - B\u00fasqueda de procesos de adquisici\u00f3n. Casos pr\u00e1cticos<\/span><\/summary><div class=\"lightweight-accordion-body\" style=\"border-color:#0099cd;\"><h6><span style=\"color: #0099cd;\">Objetivos espec\u00edficos: <\/span>Planificar un proceso de adquisici\u00f3n contemplando todas las etapas necesarias seg\u00fan las distintas modalidades.<\/h6>\n<h6><span style=\"color: #0099cd;\">Duraci\u00f3n: <\/span>10 horas<\/h6>\n<h6><span style=\"color: #0099cd;\">Contenidos:<\/span><\/h6>\n<ul>\n<li>Planificaci\u00f3n de compras y sus t\u00e9cnicas.<\/li>\n<li>Elaboraci\u00f3n y Aprobaci\u00f3n de Bases.<\/li>\n<li>Llamado, Recepci\u00f3n y Evaluaci\u00f3n de Ofertas.<\/li>\n<li>Adjudicaci\u00f3n y Formalizaci\u00f3n de la Compra.<\/li>\n<li>Simplificaci\u00f3n de bases. Licitaciones L1.<\/li>\n<\/ul>\n<\/div><\/details><\/div>\n<div class=\"lightweight-accordion bordered has-text-color has-background\"><details><summary class=\"lightweight-accordion-title\" style=\"color:#ffffff;background:#0099cd;\"><span>M\u00f3dulo Final<\/span><\/summary><div class=\"lightweight-accordion-body\" style=\"border-color:#0099cd;\"><h6><span style=\"color: #0099cd;\">TEST DE ALTERNATIVAS M\u00daLTIPLES<br \/>\n<\/span><span style=\"color: #0099cd;\">Duraci\u00f3n: <\/span>02 horas<\/h6>\n<\/div><\/details><\/div>\n","protected":false},"excerpt":{"rendered":"<p><span style=\"color: #0099cd;\">Resumen del Curso<\/span><\/p>\n<hr \/>\n<p><img decoding=\"async\" class=\"alignnone size-full wp-image-333\" style=\"font-weight: inherit;\" src=\"https:\/\/linketeach.cl\/wp-content\/uploads\/2021\/07\/education_computer_school_graduate_cap_monitor_icon_149680.png\" alt=\"\" width=\"48\" height=\"48\" \/>32 horas &#8211; 5 m\u00f3dulos<\/p>\n<p><img decoding=\"async\" class=\"alignnone size-full wp-image-332\" src=\"https:\/\/linketeach.cl\/wp-content\/uploads\/2021\/07\/education_book_learn_learning_icon_149694.png\" alt=\"\" width=\"48\" height=\"48\" \/><a href=\"https:\/\/site.redlearning.cl\/wp-content\/uploads\/2022\/08\/c-actualizacionenaplicaciondeprocedimientosdecompraspublicas.pdf\" target=\"_blank\" rel=\"noopener\">Programa del Curso<\/a><\/p>\n<p><img decoding=\"async\" class=\"alignnone size-medium wp-image-335\" src=\"https:\/\/linketeach.cl\/wp-content\/uploads\/2021\/07\/notes_clipboard_icon_149712-1.png\" alt=\"\" width=\"48\" height=\"48\" \/>Evaluaci\u00f3n Final<\/p>\n<p><img loading=\"lazy\" decoding=\"async\" class=\"alignnone size-medium wp-image-334\" style=\"font-weight: inherit;\" src=\"https:\/\/linketeach.cl\/wp-content\/uploads\/2021\/07\/education_diploma_award_icon_149701.png\" alt=\"\" width=\"48\" height=\"48\" \/>Certificaci\u00f3n<\/p>\n","protected":false},"featured_media":12298,"template":"","meta":{"site-sidebar-layout":"no-sidebar","site-content-layout":"default","ast-site-content-layout":"default","site-content-style":"default","site-sidebar-style":"default","ast-global-header-display":"","ast-banner-title-visibility":"","ast-main-header-display":"","ast-hfb-above-header-display":"","ast-hfb-below-header-display":"","ast-hfb-mobile-header-display":"","site-post-title":"","ast-breadcrumbs-content":"","ast-featured-img":"","footer-sml-layout":"","ast-disable-related-posts":"","theme-transparent-header-meta":"default","adv-header-id-meta":"","stick-header-meta":"","header-above-stick-meta":"","header-main-stick-meta":"","header-below-stick-meta":"","astra-migrate-meta-layouts":"set","ast-page-background-enabled":"default","ast-page-background-meta":{"desktop":{"background-color":"","background-image":"","background-repeat":"repeat","background-position":"center center","background-size":"auto","background-attachment":"scroll","background-type":"","background-media":"","overlay-type":"","overlay-color":"","overlay-opacity":"","overlay-gradient":""},"tablet":{"background-color":"","background-image":"","background-repeat":"repeat","background-position":"center center","background-size":"auto","background-attachment":"scroll","background-type":"","background-media":"","overlay-type":"","overlay-color":"","overlay-opacity":"","overlay-gradient":""},"mobile":{"background-color":"","background-image":"","background-repeat":"repeat","background-position":"center center","background-size":"auto","background-attachment":"scroll","background-type":"","background-media":"","overlay-type":"","overlay-color":"","overlay-opacity":"","overlay-gradient":""}},"ast-content-background-meta":{"desktop":{"background-color":"var(--ast-global-color-5)","background-image":"","background-repeat":"repeat","background-position":"center center","background-size":"auto","background-attachment":"scroll","background-type":"","background-media":"","overlay-type":"","overlay-color":"","overlay-opacity":"","overlay-gradient":""},"tablet":{"background-color":"var(--ast-global-color-5)","background-image":"","background-repeat":"repeat","background-position":"center center","background-size":"auto","background-attachment":"scroll","background-type":"","background-media":"","overlay-type":"","overlay-color":"","overlay-opacity":"","overlay-gradient":""},"mobile":{"background-color":"var(--ast-global-color-5)","background-image":"","background-repeat":"repeat","background-position":"center center","background-size":"auto","background-attachment":"scroll","background-type":"","background-media":"","overlay-type":"","overlay-color":"","overlay-opacity":"","overlay-gradient":""}},"_joinchat":[]},"product_brand":[],"product_cat":[425,294],"product_tag":[],"class_list":{"0":"post-15306","1":"product","2":"type-product","3":"status-publish","4":"has-post-thumbnail","6":"product_cat-cursos","7":"product_cat-cursos-gestion-administracion-salud","8":"desktop-align-left","9":"tablet-align-left","10":"mobile-align-left","12":"first","13":"instock","14":"sale","15":"downloadable","16":"virtual","17":"sold-individually","18":"purchasable","19":"product-type-simple"},"_links":{"self":[{"href":"https:\/\/site.redlearning.cl\/index.php?rest_route=\/wp\/v2\/product\/15306","targetHints":{"allow":["GET"]}}],"collection":[{"href":"https:\/\/site.redlearning.cl\/index.php?rest_route=\/wp\/v2\/product"}],"about":[{"href":"https:\/\/site.redlearning.cl\/index.php?rest_route=\/wp\/v2\/types\/product"}],"wp:featuredmedia":[{"embeddable":true,"href":"https:\/\/site.redlearning.cl\/index.php?rest_route=\/wp\/v2\/media\/12298"}],"wp:attachment":[{"href":"https:\/\/site.redlearning.cl\/index.php?rest_route=%2Fwp%2Fv2%2Fmedia&parent=15306"}],"wp:term":[{"taxonomy":"product_brand","embeddable":true,"href":"https:\/\/site.redlearning.cl\/index.php?rest_route=%2Fwp%2Fv2%2Fproduct_brand&post=15306"},{"taxonomy":"product_cat","embeddable":true,"href":"https:\/\/site.redlearning.cl\/index.php?rest_route=%2Fwp%2Fv2%2Fproduct_cat&post=15306"},{"taxonomy":"product_tag","embeddable":true,"href":"https:\/\/site.redlearning.cl\/index.php?rest_route=%2Fwp%2Fv2%2Fproduct_tag&post=15306"}],"curies":[{"name":"wp","href":"https:\/\/api.w.org\/{rel}","templated":true}]}}