{"id":15308,"date":"2023-07-28T10:34:45","date_gmt":"2023-07-28T13:34:45","guid":{"rendered":"https:\/\/site.redlearning.cl\/?post_type=product&#038;p=15308"},"modified":"2025-11-03T17:39:36","modified_gmt":"2025-11-03T20:39:36","slug":"curso-ecografia-mamaria-2","status":"publish","type":"product","link":"https:\/\/site.redlearning.cl\/?product=curso-ecografia-mamaria-2","title":{"rendered":"Curso Ecograf\u00eda Mamaria"},"content":{"rendered":"<p>La Ecograf\u00eda es en la actualidad una t\u00e9cnica imprescindible en el estudio de la patolog\u00eda mamaria, por lo que su utilizaci\u00f3n se ha incrementado de forma significativa en los \u00faltimos a\u00f1os. Sin embargo, y a pesar de la amplia difusi\u00f3n de su uso, la mayor rentabilidad diagn\u00f3stica se obtiene cuando se realiza en las condiciones t\u00e9cnicas adecuadas, y cuando los hallazgos ecogr\u00e1ficos se correlacionan con la exploraci\u00f3n f\u00edsica y el resto de t\u00e9cnicas de diagn\u00f3stico por imagen de la mama.<\/p>\n<p>En consideraci\u00f3n de lo anterior, el presente curso busca actualizar el conocimiento de los profesionales de la salud en el uso de la ecograf\u00eda mamaria, a fin de capacitar a los participantes con t\u00e9cnicas de diagn\u00f3stico de patolog\u00edas malignas, herramientas innovadoras de uso para la toma de Ecograf\u00eda y el desarrollo de Bio\u00e9tica en la toma de la ecograf\u00eda.<\/p>\n<h2><span style=\"color: #0099cd;\">Objetivo General<\/span><\/h2>\n<hr \/>\n<p>El curso tiene como objetivo Proporcionar conocimientos s\u00f3lidos y habilidades pr\u00e1cticas para el uso de la Ecograf\u00eda Mamaria y el manejo del Ultrasonido en mujeres, a fin de que los profesionales logren integrar una metodolog\u00eda practica y las destrezas apropiadas para reconocer alg\u00fan tipo de hallazgo ecogr\u00e1fico en una mama sana o patol\u00f3gica, y buscar posibles alternativas de soluci\u00f3n a la paciente.<\/p>\n<h2><span style=\"color: #0099cd;\">Metodolog\u00eda<\/span><\/h2>\n<hr \/>\n<p>Modalidad 100% Online, asincr\u00f3nico y a tu ritmo. Contar\u00e1s con tutores desde el principio al fin de tu formaci\u00f3n, nunca estar\u00e1s sol@.<\/p>\n<h2><span style=\"color: #0099cd;\">Temario<\/span><\/h2>\n<hr \/>\n<div class=\"lightweight-accordion bordered has-text-color has-background\"><details><summary class=\"lightweight-accordion-title\" style=\"color:#ffffff;background:#0099cd;\"><span>M\u00f3dulo I - Generalidades del Ultrasonido en Patolog\u00eda Mamaria<\/span><\/summary><div class=\"lightweight-accordion-body\" style=\"border-color:#0099cd;\"><h6><span style=\"color: #0099cd;\">Objetivos espec\u00edficos: <\/span>Adquirir los conocimientos te\u00f3ricos, t\u00e9cnicos y pr\u00e1cticos necesarios para efectuar y comprender un estudio Ecogr\u00e1fico Mamario.<\/h6>\n<h6><span style=\"color: #0099cd;\">Duraci\u00f3n: <\/span>25 horas<\/h6>\n<h6><span style=\"color: #0099cd;\">Contenidos:<\/span><\/h6>\n<ul>\n<li>Principios f\u00edsicos de los ultrasonidos. Imagen e instrumentaci\u00f3n ecogr\u00e1fica.<\/li>\n<li>Principios b\u00e1sicos del funcionamiento de los equipos de ecograf\u00eda.<\/li>\n<li>Utillaje y calibraci\u00f3n del ec\u00f3grafo para una correcta valoraci\u00f3n de la mama.<\/li>\n<li>Anatom\u00eda normal de la mama.<\/li>\n<li>T\u00e9cnica de exploraci\u00f3n y educaci\u00f3n en auto examen.<\/li>\n<li>Indicaciones de la ecograf\u00eda mamaria.<\/li>\n<\/ul>\n<\/div><\/details><\/div>\n<div class=\"lightweight-accordion bordered has-text-color has-background\"><details><summary class=\"lightweight-accordion-title\" style=\"color:#ffffff;background:#0099cd;\"><span>M\u00f3dulo II - Ecograf\u00eda Mamaria en el Diagn\u00f3stico de Patolog\u00edas benigna o maligna<\/span><\/summary><div class=\"lightweight-accordion-body\" style=\"border-color:#0099cd;\"><h6><span style=\"color: #0099cd;\">Objetivos espec\u00edficos: <\/span>Identificar los criterios diagn\u00f3sticos b\u00e1sicos de las lesiones benignas y malignas para aplicarlos conjuntamente en el manejo de la paciente.<\/h6>\n<h6><span style=\"color: #0099cd;\">Duraci\u00f3n: <\/span>25 horas<\/h6>\n<h6><span style=\"color: #0099cd;\">Contenidos:<\/span><\/h6>\n<ul>\n<li>BI-RADS en ecograf\u00eda.<\/li>\n<li>Ecograf\u00eda y diagnostico en patolog\u00eda benigna de la mama.<\/li>\n<li>Diagn\u00f3stico ecogr\u00e1fico del c\u00e1ncer de mama.<\/li>\n<li>Estudio ecogr\u00e1fico de la axila. Papel de la ecograf\u00eda en la biopsia selectiva del ganglio centinela.<\/li>\n<li>Evaluaci\u00f3n de la mama operada. Diagn\u00f3stico de la recidiva.<\/li>\n<\/ul>\n<\/div><\/details><\/div>\n<div class=\"lightweight-accordion bordered has-text-color has-background\"><details><summary class=\"lightweight-accordion-title\" style=\"color:#ffffff;background:#0099cd;\"><span>M\u00f3dulo III - Usos innovadores de la Ecograf\u00eda Mamaria<\/span><\/summary><div class=\"lightweight-accordion-body\" style=\"border-color:#0099cd;\"><h6><span style=\"color: #0099cd;\">Objetivos espec\u00edficos: <\/span>Integrar las nuevas tecnolog\u00edas de la ecograf\u00eda mamaria, as\u00ed como las diferentes t\u00e9cnicas de intervencionismo mamario guiado para la mejora de la pr\u00e1ctica ecogr\u00e1fica diaria<\/h6>\n<h6><span style=\"color: #0099cd;\">Duraci\u00f3n: <\/span>25 horas<\/h6>\n<h6><span style=\"color: #0099cd;\">Contenidos:<\/span><\/h6>\n<ul>\n<li>Ecograf\u00eda 3D de la mama.<\/li>\n<li>Elastograf\u00eda en el estudio de la patolog\u00eda mamaria.<\/li>\n<li>Utilidad de los contrastes ecogr\u00e1ficos.<\/li>\n<li>T\u00e9cnicas intervencionistas guiadas por ecograf\u00eda.<\/li>\n<\/ul>\n<\/div><\/details><\/div>\n<div class=\"lightweight-accordion bordered has-text-color has-background\"><details><summary class=\"lightweight-accordion-title\" style=\"color:#ffffff;background:#0099cd;\"><span>M\u00f3dulo IV - Bio\u00e9tica en la toma de Ecograf\u00eda<\/span><\/summary><div class=\"lightweight-accordion-body\" style=\"border-color:#0099cd;\"><h6><span style=\"color: #0099cd;\">Objetivos espec\u00edficos: <\/span>Aplicar un enfoque \u00e9tico en el manejo y toma de informaci\u00f3n ecogr\u00e1fica para el desarrollo y construcci\u00f3n de un quehacer cl\u00ednico dentro de un marco de respeto al paciente.<\/h6>\n<h6><span style=\"color: #0099cd;\">Duraci\u00f3n: <\/span>25 horas<\/h6>\n<h6><span style=\"color: #0099cd;\">Contenidos:<\/span><\/h6>\n<ul>\n<li>Efectos biol\u00f3gicos y seguridad del diagn\u00f3stico ecogr\u00e1fico.<\/li>\n<li>Aspectos \u00e9tico-legales asociados al informe ecogr\u00e1fico.<\/li>\n<li>Qu\u00e9 no puede faltar en un informe.<\/li>\n<\/ul>\n<\/div><\/details><\/div>\n<div class=\"lightweight-accordion bordered has-text-color has-background\"><details><summary class=\"lightweight-accordion-title\" style=\"color:#ffffff;background:#0099cd;\"><span>M\u00f3dulo Final: Programa Pr\u00e1ctico<\/span><\/summary><div class=\"lightweight-accordion-body\" style=\"border-color:#0099cd;\"><h6><span style=\"color: #0099cd;\">An\u00e1lisis de casos cl\u00ednicos (Tres casos cl\u00ednicos, anamnesis, informaci\u00f3n relevante y soporte imagenol\u00f3gico). <\/span><\/h6>\n<h6><span style=\"color: #0099cd;\">Objetivo:<\/span><\/h6>\n<ul>\n<li>Evaluar las habilidades y destreza de los participantes en la realizaci\u00f3n de un examen radiol\u00f3gico,<br \/>\ndiferenciando una mama sana o con alguna patolog\u00eda benigna o maligna.<\/li>\n<\/ul>\n<\/div><\/details><\/div>\n","protected":false},"excerpt":{"rendered":"<h2><span style=\"color: #0099cd;\">Resumen del Curso<\/span><\/h2>\n<hr \/>\n<p><img decoding=\"async\" class=\"alignnone size-full wp-image-333\" style=\"font-weight: inherit;\" src=\"https:\/\/linketeach.cl\/wp-content\/uploads\/2021\/07\/education_computer_school_graduate_cap_monitor_icon_149680.png\" alt=\"\" width=\"48\" height=\"48\" \/>120 horas &#8211; 5 m\u00f3dulos<\/p>\n<p><img decoding=\"async\" class=\"alignnone size-full wp-image-332\" src=\"https:\/\/linketeach.cl\/wp-content\/uploads\/2021\/07\/education_book_learn_learning_icon_149694.png\" alt=\"\" width=\"48\" height=\"48\" \/><a href=\"https:\/\/site.redlearning.cl\/wp-content\/uploads\/2022\/07\/c-ecografiamamaria_compressed-1.pdf\" target=\"_blank\" rel=\"noopener\">Programa del Curso<\/a><\/p>\n<p><img decoding=\"async\" class=\"alignnone size-medium wp-image-335\" src=\"https:\/\/linketeach.cl\/wp-content\/uploads\/2021\/07\/notes_clipboard_icon_149712-1.png\" alt=\"\" width=\"48\" height=\"48\" \/>Evaluaci\u00f3n Final<\/p>\n<p><img loading=\"lazy\" decoding=\"async\" class=\"alignnone size-medium wp-image-334\" style=\"font-weight: inherit;\" src=\"https:\/\/linketeach.cl\/wp-content\/uploads\/2021\/07\/education_diploma_award_icon_149701.png\" alt=\"\" width=\"48\" height=\"48\" \/>Certificaci\u00f3n<\/p>\n","protected":false},"featured_media":11684,"template":"","meta":{"site-sidebar-layout":"no-sidebar","site-content-layout":"default","ast-site-content-layout":"default","site-content-style":"default","site-sidebar-style":"default","ast-global-header-display":"","ast-banner-title-visibility":"","ast-main-header-display":"","ast-hfb-above-header-display":"","ast-hfb-below-header-display":"","ast-hfb-mobile-header-display":"","site-post-title":"","ast-breadcrumbs-content":"","ast-featured-img":"","footer-sml-layout":"","ast-disable-related-posts":"","theme-transparent-header-meta":"default","adv-header-id-meta":"","stick-header-meta":"","header-above-stick-meta":"","header-main-stick-meta":"","header-below-stick-meta":"","astra-migrate-meta-layouts":"set","ast-page-background-enabled":"default","ast-page-background-meta":{"desktop":{"background-color":"","background-image":"","background-repeat":"repeat","background-position":"center center","background-size":"auto","background-attachment":"scroll","background-type":"","background-media":"","overlay-type":"","overlay-color":"","overlay-opacity":"","overlay-gradient":""},"tablet":{"background-color":"","background-image":"","background-repeat":"repeat","background-position":"center center","background-size":"auto","background-attachment":"scroll","background-type":"","background-media":"","overlay-type":"","overlay-color":"","overlay-opacity":"","overlay-gradient":""},"mobile":{"background-color":"","background-image":"","background-repeat":"repeat","background-position":"center center","background-size":"auto","background-attachment":"scroll","background-type":"","background-media":"","overlay-type":"","overlay-color":"","overlay-opacity":"","overlay-gradient":""}},"ast-content-background-meta":{"desktop":{"background-color":"var(--ast-global-color-5)","background-image":"","background-repeat":"repeat","background-position":"center center","background-size":"auto","background-attachment":"scroll","background-type":"","background-media":"","overlay-type":"","overlay-color":"","overlay-opacity":"","overlay-gradient":""},"tablet":{"background-color":"var(--ast-global-color-5)","background-image":"","background-repeat":"repeat","background-position":"center center","background-size":"auto","background-attachment":"scroll","background-type":"","background-media":"","overlay-type":"","overlay-color":"","overlay-opacity":"","overlay-gradient":""},"mobile":{"background-color":"var(--ast-global-color-5)","background-image":"","background-repeat":"repeat","background-position":"center center","background-size":"auto","background-attachment":"scroll","background-type":"","background-media":"","overlay-type":"","overlay-color":"","overlay-opacity":"","overlay-gradient":""}},"_joinchat":[]},"product_brand":[],"product_cat":[425,285],"product_tag":[],"class_list":{"0":"post-15308","1":"product","2":"type-product","3":"status-publish","4":"has-post-thumbnail","6":"product_cat-cursos","7":"product_cat-cursos-medicina-y-enfermeria","8":"desktop-align-left","9":"tablet-align-left","10":"mobile-align-left","12":"first","13":"instock","14":"sale","15":"downloadable","16":"virtual","17":"sold-individually","18":"purchasable","19":"product-type-simple"},"_links":{"self":[{"href":"https:\/\/site.redlearning.cl\/index.php?rest_route=\/wp\/v2\/product\/15308","targetHints":{"allow":["GET"]}}],"collection":[{"href":"https:\/\/site.redlearning.cl\/index.php?rest_route=\/wp\/v2\/product"}],"about":[{"href":"https:\/\/site.redlearning.cl\/index.php?rest_route=\/wp\/v2\/types\/product"}],"wp:featuredmedia":[{"embeddable":true,"href":"https:\/\/site.redlearning.cl\/index.php?rest_route=\/wp\/v2\/media\/11684"}],"wp:attachment":[{"href":"https:\/\/site.redlearning.cl\/index.php?rest_route=%2Fwp%2Fv2%2Fmedia&parent=15308"}],"wp:term":[{"taxonomy":"product_brand","embeddable":true,"href":"https:\/\/site.redlearning.cl\/index.php?rest_route=%2Fwp%2Fv2%2Fproduct_brand&post=15308"},{"taxonomy":"product_cat","embeddable":true,"href":"https:\/\/site.redlearning.cl\/index.php?rest_route=%2Fwp%2Fv2%2Fproduct_cat&post=15308"},{"taxonomy":"product_tag","embeddable":true,"href":"https:\/\/site.redlearning.cl\/index.php?rest_route=%2Fwp%2Fv2%2Fproduct_tag&post=15308"}],"curies":[{"name":"wp","href":"https:\/\/api.w.org\/{rel}","templated":true}]}}