{"id":15316,"date":"2023-07-28T11:08:01","date_gmt":"2023-07-28T14:08:01","guid":{"rendered":"https:\/\/site.redlearning.cl\/?post_type=product&#038;p=15316"},"modified":"2025-11-03T17:39:36","modified_gmt":"2025-11-03T20:39:36","slug":"curso-en-imagenologia-basica-para-profesionales-2","status":"publish","type":"product","link":"https:\/\/site.redlearning.cl\/?product=curso-en-imagenologia-basica-para-profesionales-2","title":{"rendered":"Curso en Imagenolog\u00eda B\u00e1sica para Profesionales"},"content":{"rendered":"<p>El avance tecnol\u00f3gico que ha experimentado el mundo actual ha dejado su huella en todas las ciencias, muy especialmente en las ciencias m\u00e9dicas. Los estudios imagenol\u00f3gicos constituyen un ejemplo de tecnolog\u00eda aplicada a la medicina y representan un elemento clave para el diagn\u00f3stico temprano de muchas patolog\u00edas, para conocer su gravedad o estadio y, adem\u00e1s, sirven de base para la indicaci\u00f3n y seguimiento de tratamientos. Esto ha permitido disminuir la mortalidad e incrementar la esperanza de vida y la calidad de la misma. Entre los estudios imagenol\u00f3gicos m\u00e1s usados est\u00e1n los rayos X, primera prueba diagn\u00f3stica por imagen utilizada, adem\u00e1s del ultrasonido, el Ecodoppler, la tomograf\u00eda axial computarizada (TAC), la resonancia magn\u00e9tica (RM) y la densitometria.<\/p>\n<p>Este curso est\u00e1 compuesto por 4 m\u00f3dulos, los cuates le permitir\u00e1n adquirir conocimientos sobre: fundamentos del diagn\u00f3stico por im\u00e1genes, diagn\u00f3stico por im\u00e1genes en t\u00f3rax y abdomen, exploraciones radiol\u00f3gicas en urgencias y mamograf\u00edas y ecograf\u00eda obst\u00e9trica.<\/p>\n<h2><span style=\"color: #0099cd;\">Objetivo General<\/span><\/h2>\n<hr \/>\n<p>Reforzar a profesionales de la salud con conocimientos y habilidades para la evaluaci\u00f3n diagn\u00f3stica de im\u00e1genes Radiol\u00f3gicas en T\u00f3rax y Abdomen y otras exploraciones Radiol\u00f3gicas de urgencias, buscando orientar derivaciones de forma adecuada en el nivel primario de Atenci\u00f3n en Salud.<\/p>\n<h2><span style=\"color: #0099cd;\">Metodolog\u00eda<\/span><\/h2>\n<hr \/>\n<p>Modalidad 100% Online, asincr\u00f3nico y a tu ritmo. Contar\u00e1s con tutores desde el principio al fin de tu formaci\u00f3n, nunca estar\u00e1s sol@.<\/p>\n<h2><span style=\"color: #0099cd;\">Temario<\/span><\/h2>\n<hr \/>\n<div class=\"lightweight-accordion bordered has-text-color has-background\"><details><summary class=\"lightweight-accordion-title\" style=\"color:#ffffff;background:#0099cd;\"><span>M\u00f3dulo I - Fundamentos del diagn\u00f3stico por im\u00e1genes<\/span><\/summary><div class=\"lightweight-accordion-body\" style=\"border-color:#0099cd;\"><h6><span style=\"color: #0099cd;\">Objetivos espec\u00edficos: <\/span>Comprender los conceptos f\u00edsicos de los distintos tipos de tecnolog\u00edas radiol\u00f3gicas, as\u00ed como el funcionamiento de los equipos de imagenolog\u00eda b\u00e1sica.<\/h6>\n<h6><span style=\"color: #0099cd;\">Duraci\u00f3n: <\/span>20 horas<\/h6>\n<h6><span style=\"color: #0099cd;\">Contenidos:<\/span><\/h6>\n<ul>\n<li>Introducci\u00f3n al diagn\u00f3stico por im\u00e1genes.<\/li>\n<li>Mapa de la especialidad en Chile.<\/li>\n<li>Tecnolog\u00edas: Radiolog\u00eda convencional y digital, ultrasonido, doppler, tomograf\u00eda computada. Resonancia magn\u00e9tica.<\/li>\n<li>Bases f\u00edsicas de Rx simple. Bases f\u00edsicas de TAC, RM.<\/li>\n<li>Consideraciones t\u00e9cnicas. PACS-RIS.<\/li>\n<li>Densidades radiol\u00f3gicas b\u00e1sicas: Estructuras \u00f3seas y musculares.<\/li>\n<li>Ultrasonido. Principios f\u00edsicos de los ultrasonidos.<\/li>\n<li>Imagen e instrumentaci\u00f3n ecogr\u00e1fica.<\/li>\n<li>Utilizaci\u00f3n de sonda abdominal y sonda vaginal.<\/li>\n<li>Modos de ecograf\u00eda: Modos B, M, Doppler, tridimensional.<\/li>\n<li>Sistematizaci\u00f3n de los planos de la pelvis. Anatom\u00eda ecogr\u00e1fica.<\/li>\n<li>Protecci\u00f3n radiol\u00f3gica: Efectos biol\u00f3gicos y Radiobiolog\u00eda.<\/li>\n<li>Criterios generales para la justificaci\u00f3n, optimizaci\u00f3n y limitaci\u00f3n de dosis.<\/li>\n<li>Dosis t\u00edpicas por estudio.<\/li>\n<li>Regulaciones internacionales para radiodiagn\u00f3stico, TAC y RM<\/li>\n<\/ul>\n<\/div><\/details><\/div>\n<div class=\"lightweight-accordion bordered has-text-color has-background\"><details><summary class=\"lightweight-accordion-title\" style=\"color:#ffffff;background:#0099cd;\"><span>M\u00f3dulo II - T\u00f3rax y abdomen<\/span><\/summary><div class=\"lightweight-accordion-body\" style=\"border-color:#0099cd;\"><h6><span style=\"color: #0099cd;\">Objetivos espec\u00edficos: <\/span>Adquirir los conocimientos te\u00f3ricos, t\u00e9cnicos y pr\u00e1cticos necesarios para efectuar y comprender una Radiolog\u00eda (RX) de t\u00f3rax y\/o abdominal.<\/h6>\n<h6><span style=\"color: #0099cd;\">Duraci\u00f3n: <\/span>30 horas<\/h6>\n<h6><span style=\"color: #0099cd;\">Contenidos:<\/span><\/h6>\n<ul>\n<li>Radiolog\u00eda b\u00e1sica normal del t\u00f3rax. Gl\u00e1ndulas mamarias, esqueleto, pleuras, pulmones, coraz\u00f3n.<\/li>\n<li>Principales variantes anat\u00f3micas del t\u00f3rax y patolog\u00edas m\u00e1s frecuentes:<\/li>\n<li>C\u00e1ncer de mama, neumon\u00eda, c\u00e1ncer pulmonar, T.E.P. derrame pleural. E.P.O.C.<\/li>\n<li>Abdomen. Patrones de aire normal, peritoneo, v\u00edsceras. Principales patolog\u00edas del abdomen: Apendicitis, colecistitis, pancreatitis, absceso hep\u00e1tico, c\u00e1ncer g\u00e1strico, c\u00e1ncer de colon, etc.<\/li>\n<\/ul>\n<\/div><\/details><\/div>\n<div class=\"lightweight-accordion bordered has-text-color has-background\"><details><summary class=\"lightweight-accordion-title\" style=\"color:#ffffff;background:#0099cd;\"><span>M\u00f3dulo III - Sistema m\u00fasculo-esquel\u00e9tico y radiolog\u00eda de urgencia<\/span><\/summary><div class=\"lightweight-accordion-body\" style=\"border-color:#0099cd;\"><h6><span style=\"color: #0099cd;\">Objetivos espec\u00edficos: <\/span>Distinguir las caracter\u00edsticas propias de la imagenolog\u00eda y radiolog\u00eda en situaci\u00f3n Urgencia y aplicar algoritmos de atenci\u00f3n eficaces.<\/h6>\n<h6><span style=\"color: #0099cd;\">Duraci\u00f3n: <\/span>30 horas<\/h6>\n<h6><span style=\"color: #0099cd;\">Contenidos:<\/span><\/h6>\n<ul>\n<li>Enfermedades degenerativas, inflamatorias e infecciosas.<\/li>\n<li>Pelvis ni\u00f1o y adulto. Columna.<\/li>\n<li>Traumatismo cr\u00e1neo encef\u00e1lico, hematoma sub dural, epidural, hemorragias, contusiones, fracturas.<\/li>\n<li>Imagenolog\u00eda en el servicio de urgencia. Algoritmos de atenci\u00f3n.<\/li>\n<\/ul>\n<\/div><\/details><\/div>\n<div class=\"lightweight-accordion bordered has-text-color has-background\"><details><summary class=\"lightweight-accordion-title\" style=\"color:#ffffff;background:#0099cd;\"><span>M\u00f3dulo IV - Mamograf\u00edas y ecograf\u00eda obst\u00e9trica<\/span><\/summary><div class=\"lightweight-accordion-body\" style=\"border-color:#0099cd;\"><h6><span style=\"color: #0099cd;\">Objetivos espec\u00edficos: <\/span>Analizar correctamente una imagen de mamograf\u00eda y ecograf\u00eda obst\u00e9trica, pesquisando<br \/>\nel desarrollo anormal o normal de la gestaci\u00f3n en base a un proceso de seguimiento adecuado.<\/h6>\n<h6><span style=\"color: #0099cd;\">Duraci\u00f3n: <\/span>20 horas<\/h6>\n<h6><span style=\"color: #0099cd;\">Contenidos:<\/span><\/h6>\n<ul>\n<li>Im\u00e1genes de la mama normal y patol\u00f3gica (RX y US). Screening. BIRADS.<\/li>\n<li>En los tres trimestres de gestaci\u00f3n, exploraci\u00f3n normal.<\/li>\n<li><strong>1er trim:<\/strong> Anatom\u00eda ecogr\u00e1fica fetal. Biometr\u00eda fetal. Evaluaci\u00f3n de vitalidad embrionaria. Diagn\u00f3stico de embarazo m\u00faltiple. Diagn\u00f3stico de embarazo patol\u00f3gico (anembrionado, restos aborto, mola, desprendimiento ovular, embarazo con DIU).<\/li>\n<li><strong>2do.trim:<\/strong> estudio del sistema nervioso central, eco-cardiograf\u00eda fetal,<br \/>\nalteraciones de la placenta y cord\u00f3n umbilical.<\/li>\n<li><strong>3er. trim:<\/strong> Evaluaci\u00f3n de posici\u00f3n y bienestar fetal, evaluaci\u00f3n de cuello, evaluaci\u00f3n de placenta y l\u00edquido amni\u00f3tico y alteraciones del crecimiento intrauterino.<\/li>\n<li>Ultrasonograf\u00eda del ovario. Formaciones disfuncionales.<\/li>\n<li>S\u00edndrome del ovario poliqu\u00edstico. (S.O.P.).<\/li>\n<li>Endometriosis. C\u00e1ncer de ovario. Aspectos b\u00e1sicos en miomatosis uterina.<\/li>\n<li>Evaluaci\u00f3n y control ecogr\u00e1fico de dispositivos intrauterinos (DIU).<\/li>\n<\/ul>\n<\/div><\/details><\/div>\n<div class=\"lightweight-accordion bordered has-text-color has-background\"><details><summary class=\"lightweight-accordion-title\" style=\"color:#ffffff;background:#0099cd;\"><span>M\u00f3dulo Final<\/span><\/summary><div class=\"lightweight-accordion-body\" style=\"border-color:#0099cd;\"><h6><span style=\"color: #0099cd;\">TEST GLOBAL<br \/>\n<\/span><\/h6>\n<h6><span style=\"color: #0099cd;\">Objetivo:<\/span><\/h6>\n<ul>\n<li>Evaluar en forma global la capacidad adquirida en la interpretaci\u00f3n y lectura de estudios diagn\u00f3sticos imagenol\u00f3gicos durante el proceso de formaci\u00f3n.<\/li>\n<\/ul>\n<\/div><\/details><\/div>\n<div id=\"gtx-trans\" style=\"position: absolute; left: 187px; top: 2660.34px;\">\n<div class=\"gtx-trans-icon\"><\/div>\n<\/div>\n","protected":false},"excerpt":{"rendered":"<h2><span style=\"color: #0099cd;\">Resumen del Curso<\/span><\/h2>\n<hr \/>\n<p><img decoding=\"async\" class=\"alignnone size-full wp-image-333\" style=\"font-weight: inherit;\" src=\"https:\/\/linketeach.cl\/wp-content\/uploads\/2021\/07\/education_computer_school_graduate_cap_monitor_icon_149680.png\" alt=\"\" width=\"48\" height=\"48\" \/>120\u00a0horas &#8211; 5 m\u00f3dulos<\/p>\n<p><img decoding=\"async\" class=\"alignnone size-medium wp-image-335\" src=\"https:\/\/linketeach.cl\/wp-content\/uploads\/2021\/07\/notes_clipboard_icon_149712-1.png\" alt=\"\" width=\"48\" height=\"48\" \/>Evaluaci\u00f3n Final<\/p>\n<p><img decoding=\"async\" class=\"alignnone size-medium wp-image-334\" style=\"font-weight: inherit;\" src=\"https:\/\/linketeach.cl\/wp-content\/uploads\/2021\/07\/education_diploma_award_icon_149701.png\" alt=\"\" width=\"48\" height=\"48\" \/>Certificaci\u00f3n<\/p>\n","protected":false},"featured_media":10099,"template":"","meta":{"site-sidebar-layout":"no-sidebar","site-content-layout":"default","ast-site-content-layout":"default","site-content-style":"default","site-sidebar-style":"default","ast-global-header-display":"","ast-banner-title-visibility":"","ast-main-header-display":"","ast-hfb-above-header-display":"","ast-hfb-below-header-display":"","ast-hfb-mobile-header-display":"","site-post-title":"","ast-breadcrumbs-content":"","ast-featured-img":"","footer-sml-layout":"","ast-disable-related-posts":"","theme-transparent-header-meta":"default","adv-header-id-meta":"","stick-header-meta":"","header-above-stick-meta":"","header-main-stick-meta":"","header-below-stick-meta":"","astra-migrate-meta-layouts":"set","ast-page-background-enabled":"default","ast-page-background-meta":{"desktop":{"background-color":"","background-image":"","background-repeat":"repeat","background-position":"center center","background-size":"auto","background-attachment":"scroll","background-type":"","background-media":"","overlay-type":"","overlay-color":"","overlay-opacity":"","overlay-gradient":""},"tablet":{"background-color":"","background-image":"","background-repeat":"repeat","background-position":"center center","background-size":"auto","background-attachment":"scroll","background-type":"","background-media":"","overlay-type":"","overlay-color":"","overlay-opacity":"","overlay-gradient":""},"mobile":{"background-color":"","background-image":"","background-repeat":"repeat","background-position":"center center","background-size":"auto","background-attachment":"scroll","background-type":"","background-media":"","overlay-type":"","overlay-color":"","overlay-opacity":"","overlay-gradient":""}},"ast-content-background-meta":{"desktop":{"background-color":"var(--ast-global-color-5)","background-image":"","background-repeat":"repeat","background-position":"center center","background-size":"auto","background-attachment":"scroll","background-type":"","background-media":"","overlay-type":"","overlay-color":"","overlay-opacity":"","overlay-gradient":""},"tablet":{"background-color":"var(--ast-global-color-5)","background-image":"","background-repeat":"repeat","background-position":"center center","background-size":"auto","background-attachment":"scroll","background-type":"","background-media":"","overlay-type":"","overlay-color":"","overlay-opacity":"","overlay-gradient":""},"mobile":{"background-color":"var(--ast-global-color-5)","background-image":"","background-repeat":"repeat","background-position":"center center","background-size":"auto","background-attachment":"scroll","background-type":"","background-media":"","overlay-type":"","overlay-color":"","overlay-opacity":"","overlay-gradient":""}},"_joinchat":[]},"product_brand":[],"product_cat":[425,285],"product_tag":[],"class_list":{"0":"post-15316","1":"product","2":"type-product","3":"status-publish","4":"has-post-thumbnail","6":"product_cat-cursos","7":"product_cat-cursos-medicina-y-enfermeria","8":"desktop-align-left","9":"tablet-align-left","10":"mobile-align-left","12":"first","13":"instock","14":"sale","15":"downloadable","16":"virtual","17":"sold-individually","18":"purchasable","19":"product-type-simple"},"_links":{"self":[{"href":"https:\/\/site.redlearning.cl\/index.php?rest_route=\/wp\/v2\/product\/15316","targetHints":{"allow":["GET"]}}],"collection":[{"href":"https:\/\/site.redlearning.cl\/index.php?rest_route=\/wp\/v2\/product"}],"about":[{"href":"https:\/\/site.redlearning.cl\/index.php?rest_route=\/wp\/v2\/types\/product"}],"wp:featuredmedia":[{"embeddable":true,"href":"https:\/\/site.redlearning.cl\/index.php?rest_route=\/wp\/v2\/media\/10099"}],"wp:attachment":[{"href":"https:\/\/site.redlearning.cl\/index.php?rest_route=%2Fwp%2Fv2%2Fmedia&parent=15316"}],"wp:term":[{"taxonomy":"product_brand","embeddable":true,"href":"https:\/\/site.redlearning.cl\/index.php?rest_route=%2Fwp%2Fv2%2Fproduct_brand&post=15316"},{"taxonomy":"product_cat","embeddable":true,"href":"https:\/\/site.redlearning.cl\/index.php?rest_route=%2Fwp%2Fv2%2Fproduct_cat&post=15316"},{"taxonomy":"product_tag","embeddable":true,"href":"https:\/\/site.redlearning.cl\/index.php?rest_route=%2Fwp%2Fv2%2Fproduct_tag&post=15316"}],"curies":[{"name":"wp","href":"https:\/\/api.w.org\/{rel}","templated":true}]}}