{"id":15317,"date":"2023-07-28T11:10:41","date_gmt":"2023-07-28T14:10:41","guid":{"rendered":"https:\/\/site.redlearning.cl\/?post_type=product&#038;p=15317"},"modified":"2025-11-03T17:39:36","modified_gmt":"2025-11-03T20:39:36","slug":"curso-ventilacion-mecanica-invasiva-y-no-invasiva-120-hrs-2","status":"publish","type":"product","link":"https:\/\/site.redlearning.cl\/?product=curso-ventilacion-mecanica-invasiva-y-no-invasiva-120-hrs-2","title":{"rendered":"Curso Ventilaci\u00f3n Mec\u00e1nica Invasiva y No Invasiva &#8211; 120 Hrs"},"content":{"rendered":"<p>Este curso est\u00e1 orientado a formar a trav\u00e9s de una propuesta e-elearning a profesionales y t\u00e9cnicos del \u00e1rea de la salud, con inter\u00e9s en la atenci\u00f3n de pacientes con requerimientos de soporte de ventilaci\u00f3n mec\u00e1nica Invasiva y No Invasiva. Este Curso de 120 horas acad\u00e9micas, con apoyos audiovisuales y la posibilidad de participar de Videoconferencias opcionales con los docentes, aborda el manejo te\u00f3rico-pr\u00e1ctico de este soporte vital.<\/p>\n<p>El uso de ventilaci\u00f3n mec\u00e1nica es una pr\u00e1ctica frecuente e indispensable en el manejo de los pacientes en los servicios de cuidados intensivos. Llevar a cabo este procedimiento implica el riesgo de tener complicaciones que da\u00f1an al paciente, que modifican la evoluci\u00f3n de la enfermedad y que prolongan la estancia intrahospitalaria y mas a\u00fan pueden poner en peligro su vida. De esta manera damos respuesta a la creciente necesidad que tanto la salud p\u00fablica como privada de nuestro pa\u00eds tiene de profesionales, que no solo est\u00e9n informados sino que adiestrados en este campo para cumplir con los requerimientos actuales en Unidades de Paciente Cr\u00edtico, Intermedio, Sala com\u00fan, urgencias y paciente domiciliario.<\/p>\n<h2><span style=\"color: #0099cd;\">Objetivo General<\/span><\/h2>\n<hr \/>\n<p>Comprender la fisiopatolog\u00eda del paciente conectado a ventilaci\u00f3n mec\u00e1nica, a fin de programar las diferentes modalidades y t\u00e9cnicas ventilatorias de acuerdo a los requerimientos individuales de cada paciente, permitiendo dominar de forma pr\u00e1ctica y rigurosa el estudio de la ventilaci\u00f3n mec\u00e1nica invasiva y no invasiva.<\/p>\n<h2><span style=\"color: #0099cd;\">Metodolog\u00eda<\/span><\/h2>\n<hr \/>\n<p>Modalidad 100% Online, asincr\u00f3nico y a tu ritmo. Contar\u00e1s con tutores desde el principio al fin de tu formaci\u00f3n, nunca estar\u00e1s sol@.<\/p>\n<h2><span style=\"color: #0099cd;\">Temario<\/span><\/h2>\n<hr \/>\n<div class=\"lightweight-accordion bordered has-text-color has-background\"><details><summary class=\"lightweight-accordion-title\" style=\"color:#ffffff;background:#0099cd;\"><span>M\u00f3dulo I - Anatomofisiolog\u00eda del aparato respiratorio y funci\u00f3n pulmonar <\/span><\/summary><div class=\"lightweight-accordion-body\" style=\"border-color:#0099cd;\"><h6><span style=\"color: #0099cd;\">Objetivos espec\u00edficos: <\/span><\/h6>\n<ul>\n<li>Actualizar los conocimientos acerca de la anatom\u00eda y fisiolog\u00eda del aparato respiratorio.<\/li>\n<li>Analizar las distintas caracter\u00edsticas de la respiraci\u00f3n normal para poder reconocer alteraciones de la respiraci\u00f3n.<\/li>\n<li>Actualizar el conocimiento sobre los distintos m\u00e9todos para valorar la salud del paciente respiratorio a trav\u00e9s de su atenci\u00f3n.<\/li>\n<\/ul>\n<h6><span style=\"color: #0099cd;\">Contenidos:<\/span><\/h6>\n<ol>\n<li>Anatom\u00eda del aparato respiratorio.<\/li>\n<li>Ventilaci\u00f3n pulmonar.<\/li>\n<li>Fisiolog\u00eda respiratoria<\/li>\n<li>Caracter\u00edsticas de la respiraci\u00f3n.<\/li>\n<li>Valoraci\u00f3n en el paciente respiratorio.<\/li>\n<\/ol>\n<\/div><\/details><\/div>\n<div class=\"lightweight-accordion bordered has-text-color has-background\"><details><summary class=\"lightweight-accordion-title\" style=\"color:#ffffff;background:#0099cd;\"><span>M\u00f3dulo II - Ventilaci\u00f3n mec\u00e1nica no invasiva<\/span><\/summary><div class=\"lightweight-accordion-body\" style=\"border-color:#0099cd;\"><h6><span style=\"color: #0099cd;\">Objetivos espec\u00edficos: <\/span><\/h6>\n<ul>\n<li>Profundizar en los conceptos b\u00e1sicos necesarios para poder individualizar el tratamiento con ventilaci\u00f3n mec\u00e1nica no invasiva en funci\u00f3n de las necesidades del paciente.<\/li>\n<li>Describir los diferentes modos ventilatorios para ajustar el ventilador a las necesidades del paciente.<\/li>\n<li>Conocer los principales problemas de adaptaci\u00f3n a la ventilaci\u00f3n mec\u00e1nica no invasiva y saber aplicar las mejores soluciones para cada caso.<\/li>\n<li>Explicar el modo de realizar un correcto seguimiento del paciente ventilado.<\/li>\n<\/ul>\n<h6><span style=\"color: #0099cd;\">Contenidos:<\/span><\/h6>\n<ol>\n<li>Fisiopatolog\u00eda.<\/li>\n<li>Conceptos b\u00e1sicos de la ventilaci\u00f3n no invasiva.<\/li>\n<li>M\u00e9todos de ventilaci\u00f3n no invasiva.<\/li>\n<li>Dispositivos utilizados para ventilaci\u00f3n mec\u00e1nica no invasiva.<\/li>\n<li>Modos ventilatorios.<\/li>\n<li>Material necesario.<\/li>\n<li>Principales problemas de adaptaci\u00f3n y posibles soluciones.<\/li>\n<li>VMNI domiciliaria y su seguimiento.<\/li>\n<\/ol>\n<\/div><\/details><\/div>\n<div class=\"lightweight-accordion bordered has-text-color has-background\"><details><summary class=\"lightweight-accordion-title\" style=\"color:#ffffff;background:#0099cd;\"><span>M\u00f3dulo III - Ventilaci\u00f3n mec\u00e1nica invasiva: Definici\u00f3n y dispositivos<\/span><\/summary><div class=\"lightweight-accordion-body\" style=\"border-color:#0099cd;\"><h6><span style=\"color: #0099cd;\">Objetivos espec\u00edficos: <\/span><\/h6>\n<ul>\n<li>Conocer los fundamentos b\u00e1sicos de la ventilaci\u00f3n mec\u00e1nica invasiva, las indicaciones, contraindicaciones y posibles complicaciones del tratamiento.<\/li>\n<li>Actualizar los conocimientos en dispositivos para ventilaci\u00f3n mec\u00e1nica invasiva.<\/li>\n<li>Conocer indicaciones y complicaciones de la ventilaci\u00f3n mec\u00e1nica invasiva.<\/li>\n<li>Conocer las diferentes modalidades de ventilaci\u00f3n mec\u00e1nica invasiva.<\/li>\n<\/ul>\n<h6><span style=\"color: #0099cd;\">Contenidos:<\/span><\/h6>\n<ol>\n<li><strong>Fundamentos b\u00e1sicos de la ventilaci\u00f3n mec\u00e1nica invasiva.<\/strong><br \/>\na. Definici\u00f3n y objetivos.<br \/>\nb. Indicaciones y contraindicaciones.<br \/>\nc. Complicaciones.<\/li>\n<li><strong>Dispositivos para VMI.<\/strong><br \/>\na. Tipos de respiradores.<br \/>\nb. Modalidades de VMI.<br \/>\nc. Fases del ciclo respiratorio.<br \/>\nd. Par\u00e1metros habituales.<br \/>\ne. Sustituci\u00f3n total de la respiraci\u00f3n.<br \/>\nf. Sustituci\u00f3n parcial de la respiraci\u00f3n<\/li>\n<\/ol>\n<\/div><\/details><\/div>\n<div class=\"lightweight-accordion bordered has-text-color has-background\"><details><summary class=\"lightweight-accordion-title\" style=\"color:#ffffff;background:#0099cd;\"><span>M\u00f3dulo IV - Ventilaci\u00f3n mec\u00e1nica invasiva: Intubaci\u00f3n endotraqueal y suspensi\u00f3n de la ventilaci\u00f3n mec\u00e1nica<\/span><\/summary><div class=\"lightweight-accordion-body\" style=\"border-color:#0099cd;\"><h6><span style=\"color: #0099cd;\">Objetivos espec\u00edficos: <\/span><\/h6>\n<ul>\n<li>Conocer la t\u00e9cnica de intubaci\u00f3n endotraqueal, as\u00ed como los cuidados y mantenimientos que requiere.<\/li>\n<li>Describir las distintas fases del proceso de suspensi\u00f3n de la ventilaci\u00f3n mec\u00e1nica.<\/li>\n<li>Conocer el plan de cuidados a aplicar en ventilaci\u00f3n mec\u00e1nica invasiva.<\/li>\n<\/ul>\n<h6><span style=\"color: #0099cd;\">Contenidos:<\/span><\/h6>\n<ol>\n<li><strong>Intubaci\u00f3n endotraqueal.<\/strong><br \/>\na. T\u00e9cnica de intubaci\u00f3n endotraqueal.<br \/>\nb. Cuidados y mantenimiento del paciente intubado.<\/li>\n<li><strong>Suspensi\u00f3n de la ventilaci\u00f3n mec\u00e1nica.<\/strong><br \/>\na. Estudio de la funci\u00f3n pulmonar para decidir la interrupci\u00f3n.<br \/>\nb. Prueba de respiraci\u00f3n espont\u00e1nea.<br \/>\nc. Extubaci\u00f3n.<br \/>\nd. Traqueostom\u00eda en caso de fracaso de la extubaci\u00f3n.<\/li>\n<li><strong>Plan de cuidados en VMI.<\/strong><br \/>\na. Cuidados espec\u00edficos en la VMI.<\/li>\n<\/ol>\n<\/div><\/details><\/div>\n","protected":false},"excerpt":{"rendered":"<h2><span style=\"color: #0099cd;\">Resumen del Curso<\/span><\/h2>\n<hr \/>\n<p><img decoding=\"async\" class=\"alignnone size-full wp-image-333\" style=\"font-weight: inherit;\" src=\"https:\/\/linketeach.cl\/wp-content\/uploads\/2021\/07\/education_computer_school_graduate_cap_monitor_icon_149680.png\" alt=\"\" width=\"48\" height=\"48\" \/>120 horas &#8211; 4 m\u00f3dulos<\/p>\n<p><img decoding=\"async\" class=\"alignnone size-full wp-image-332\" src=\"https:\/\/linketeach.cl\/wp-content\/uploads\/2021\/07\/education_book_learn_learning_icon_149694.png\" alt=\"\" width=\"48\" height=\"48\" \/><a href=\"https:\/\/site.redlearning.cl\/wp-content\/uploads\/2021\/05\/Programa-Ventilacion-Mecanica-Invasiva-y-no-invasiva-2021.pdf\" target=\"_blank\" rel=\"noopener\">Programa del Curso<\/a><\/p>\n<p><img decoding=\"async\" class=\"alignnone size-medium wp-image-335\" src=\"https:\/\/linketeach.cl\/wp-content\/uploads\/2021\/07\/notes_clipboard_icon_149712-1.png\" alt=\"\" width=\"48\" height=\"48\" \/>Evaluaci\u00f3n Final<\/p>\n<p><img loading=\"lazy\" decoding=\"async\" class=\"alignnone size-medium wp-image-334\" style=\"font-weight: inherit;\" src=\"https:\/\/linketeach.cl\/wp-content\/uploads\/2021\/07\/education_diploma_award_icon_149701.png\" alt=\"\" width=\"48\" height=\"48\" \/>Certificaci\u00f3n<\/p>\n","protected":false},"featured_media":10481,"template":"","meta":{"site-sidebar-layout":"no-sidebar","site-content-layout":"default","ast-site-content-layout":"default","site-content-style":"default","site-sidebar-style":"default","ast-global-header-display":"","ast-banner-title-visibility":"","ast-main-header-display":"","ast-hfb-above-header-display":"","ast-hfb-below-header-display":"","ast-hfb-mobile-header-display":"","site-post-title":"","ast-breadcrumbs-content":"","ast-featured-img":"","footer-sml-layout":"","ast-disable-related-posts":"","theme-transparent-header-meta":"default","adv-header-id-meta":"","stick-header-meta":"","header-above-stick-meta":"","header-main-stick-meta":"","header-below-stick-meta":"","astra-migrate-meta-layouts":"set","ast-page-background-enabled":"default","ast-page-background-meta":{"desktop":{"background-color":"","background-image":"","background-repeat":"repeat","background-position":"center center","background-size":"auto","background-attachment":"scroll","background-type":"","background-media":"","overlay-type":"","overlay-color":"","overlay-opacity":"","overlay-gradient":""},"tablet":{"background-color":"","background-image":"","background-repeat":"repeat","background-position":"center center","background-size":"auto","background-attachment":"scroll","background-type":"","background-media":"","overlay-type":"","overlay-color":"","overlay-opacity":"","overlay-gradient":""},"mobile":{"background-color":"","background-image":"","background-repeat":"repeat","background-position":"center center","background-size":"auto","background-attachment":"scroll","background-type":"","background-media":"","overlay-type":"","overlay-color":"","overlay-opacity":"","overlay-gradient":""}},"ast-content-background-meta":{"desktop":{"background-color":"var(--ast-global-color-5)","background-image":"","background-repeat":"repeat","background-position":"center center","background-size":"auto","background-attachment":"scroll","background-type":"","background-media":"","overlay-type":"","overlay-color":"","overlay-opacity":"","overlay-gradient":""},"tablet":{"background-color":"var(--ast-global-color-5)","background-image":"","background-repeat":"repeat","background-position":"center center","background-size":"auto","background-attachment":"scroll","background-type":"","background-media":"","overlay-type":"","overlay-color":"","overlay-opacity":"","overlay-gradient":""},"mobile":{"background-color":"var(--ast-global-color-5)","background-image":"","background-repeat":"repeat","background-position":"center center","background-size":"auto","background-attachment":"scroll","background-type":"","background-media":"","overlay-type":"","overlay-color":"","overlay-opacity":"","overlay-gradient":""}},"_joinchat":[]},"product_brand":[],"product_cat":[425,418],"product_tag":[],"class_list":{"0":"post-15317","1":"product","2":"type-product","3":"status-publish","4":"has-post-thumbnail","6":"product_cat-cursos","7":"product_cat-kine-am","8":"desktop-align-left","9":"tablet-align-left","10":"mobile-align-left","12":"first","13":"instock","14":"sale","15":"downloadable","16":"virtual","17":"sold-individually","18":"purchasable","19":"product-type-simple"},"_links":{"self":[{"href":"https:\/\/site.redlearning.cl\/index.php?rest_route=\/wp\/v2\/product\/15317","targetHints":{"allow":["GET"]}}],"collection":[{"href":"https:\/\/site.redlearning.cl\/index.php?rest_route=\/wp\/v2\/product"}],"about":[{"href":"https:\/\/site.redlearning.cl\/index.php?rest_route=\/wp\/v2\/types\/product"}],"wp:featuredmedia":[{"embeddable":true,"href":"https:\/\/site.redlearning.cl\/index.php?rest_route=\/wp\/v2\/media\/10481"}],"wp:attachment":[{"href":"https:\/\/site.redlearning.cl\/index.php?rest_route=%2Fwp%2Fv2%2Fmedia&parent=15317"}],"wp:term":[{"taxonomy":"product_brand","embeddable":true,"href":"https:\/\/site.redlearning.cl\/index.php?rest_route=%2Fwp%2Fv2%2Fproduct_brand&post=15317"},{"taxonomy":"product_cat","embeddable":true,"href":"https:\/\/site.redlearning.cl\/index.php?rest_route=%2Fwp%2Fv2%2Fproduct_cat&post=15317"},{"taxonomy":"product_tag","embeddable":true,"href":"https:\/\/site.redlearning.cl\/index.php?rest_route=%2Fwp%2Fv2%2Fproduct_tag&post=15317"}],"curies":[{"name":"wp","href":"https:\/\/api.w.org\/{rel}","templated":true}]}}