{"id":15321,"date":"2023-07-28T11:27:11","date_gmt":"2023-07-28T14:27:11","guid":{"rendered":"https:\/\/site.redlearning.cl\/?post_type=product&#038;p=15321"},"modified":"2025-11-03T17:39:36","modified_gmt":"2025-11-03T20:39:36","slug":"curso-urgencias-odontologicas-2","status":"publish","type":"product","link":"https:\/\/site.redlearning.cl\/?product=curso-urgencias-odontologicas-2","title":{"rendered":"Curso Urgencias Odontol\u00f3gicas"},"content":{"rendered":"<p>La necesidad de educaci\u00f3n continua de los profesionales de la salud es permanente. En los \u00faltimos 20 a\u00f1os Chile ha experimentado un cambio sustantivo en lo que respecta a la oferta de servicios, tanto en el sistema p\u00fablico de salud como en el privado. En este escenario, el curso que presentamos se orienta a introducir a los profesionales del \u00e1rea en los conocimientos, habilidades y actitudes necesarios para comprender, aplicar y valorar un nuevo modelo de atenci\u00f3n.<\/p>\n<p>Esencialmente se har\u00e1 un an\u00e1lisis del paciente de urgencias desde su llegada. Por esta raz\u00f3n, se debe relacionar posibles enfermedades sist\u00e9micas con la patolog\u00eda en s\u00ed. Se tendr\u00e1n en cuenta los cuidados pertinentes en caso de diabetes, hipertensi\u00f3n, alteraci\u00f3n cardiovascular, de coagulaci\u00f3n, entre otras.<\/p>\n<p>En lo que concierne directamente al \u00e1rea odontol\u00f3gica, los temas a revisar ser\u00e1n: trauma, infecciones, complicaciones post exodoncia o endodoncia, urgencias en la consulta dental y urgencias del paciente pedi\u00e1trico. Esta formaci\u00f3n te permitir\u00e1 fortalecer tus competencias para el proceso de diagn\u00f3stico y tratamiento de urgencias odontol\u00f3gicas, en relaci\u00f3n a los fundamentos te\u00f3ricos y evidencia cient\u00edfica af\u00edn m\u00e1s recientes.<\/p>\n<h2><span style=\"color: #0099cd;\">Objetivo General<\/span><\/h2>\n<hr \/>\n<p>Fortalecer las competencias de profesionales para el diagn\u00f3stico y tratamiento de urgencias odontol\u00f3gicas en pacientes adultos y pedi\u00e1tricos<\/p>\n<h2><span style=\"color: #0099cd;\">Metodolog\u00eda<\/span><\/h2>\n<hr \/>\n<p>Modalidad 100% Online, asincr\u00f3nico y a tu ritmo. Contar\u00e1s con tutores desde el principio al fin de tu formaci\u00f3n, nunca estar\u00e1s sol@.<\/p>\n<h2><span style=\"color: #0099cd;\">Temario<\/span><\/h2>\n<hr \/>\n<div class=\"lightweight-accordion bordered has-text-color has-background\"><details><summary class=\"lightweight-accordion-title\" style=\"color:#ffffff;background:#0099cd;\"><span>M\u00f3dulo I - Evaluaci\u00f3n Sist\u00e9mica del paciente de Urgencias<\/span><\/summary><div class=\"lightweight-accordion-body\" style=\"border-color:#0099cd;\"><h6><span style=\"color: #0099cd;\">Objetivos espec\u00edficos: <\/span>Reconocer la Anamnesis como una actividad fundamental en la evaluaci\u00f3n sistem\u00e1tica de urgencia y la influencia de algunas enfermedades en la realizaci\u00f3n de un tratamiento dental.<\/h6>\n<h6><span style=\"color: #0099cd;\">Duraci\u00f3n: <\/span>25 horas<\/h6>\n<h6><span style=\"color: #0099cd;\">Contenidos:<\/span><\/h6>\n<ul>\n<li>Evaluaci\u00f3n Sist\u00e9mica: Enfermedades Cardiovasculares, Infarto al Miocardio,<\/li>\n<li>HTA, Marcapasos, Endocarditis bacteriana y v\u00e1lvulas card\u00edacas<\/li>\n<li>Insuficiencia renal, Paciente dializado<\/li>\n<li>Diabetes<\/li>\n<li>Enfermedades infectocontagiosas: Tuberculosis y s\u00edfilis, VIH<\/li>\n<li>Enfermedades hep\u00e1ticas<\/li>\n<li>Corticoides: Lupus, P\u00farpura trombocitopenica, artritis reumatoide, Crohn,<\/li>\n<li>Pacientes trasplantados.<\/li>\n<li>Discrasias sangu\u00edneas<\/li>\n<li>Epilepsia<\/li>\n<li>Alergias<\/li>\n<li>C\u00e1ncer de cabeza y cuello<\/li>\n<li>Patolog\u00edas tiroideas: Tirotoxicosis y coma mixedematoso<\/li>\n<li>Osteonecrosis por bifosfonatos, su importancia cl\u00ednica.<\/li>\n<\/ul>\n<\/div><\/details><\/div>\n<div class=\"lightweight-accordion bordered has-text-color has-background\"><details><summary class=\"lightweight-accordion-title\" style=\"color:#ffffff;background:#0099cd;\"><span>M\u00f3dulo II - Traumatolog\u00eda e infecciones<\/span><\/summary><div class=\"lightweight-accordion-body\" style=\"border-color:#0099cd;\"><h6><span style=\"color: #0099cd;\">Objetivos espec\u00edficos: <\/span>Describir los protocolos que permiten un tratamiento efectivo del trauma dentario, distinguiendo traumas a nivel maxilofacial y dentoalveolar as\u00ed como algunas infecciones odontog\u00e9nicas.<\/h6>\n<h6><span style=\"color: #0099cd;\">Duraci\u00f3n: <\/span>25 horas<\/h6>\n<h6><span style=\"color: #0099cd;\">Contenidos:<\/span><\/h6>\n<ul>\n<li><strong>Traumatolog\u00eda Maxilofacial: <\/strong>Fracturas del tercio superior, Fracturas del tercio medio, Fracturas del tercio inferior (Le-Fort I, II, III)<\/li>\n<li><strong>Trauma Dentoalveolar: En dentici\u00f3n temporal y permanente: <\/strong>Fractura coronaria complicada, Fractura dentaria no complicada, Fractura radicular, Fractura corono-radicular, Fractura alveolar, Avulsi\u00f3n, Intrusi\u00f3n, Luxaci\u00f3n, Concusi\u00f3n, Extrusi\u00f3n, Seguimiento.<\/li>\n<li><strong>Infecciones Odontol\u00f3gicas de cabeza y cuello: <\/strong>Pulpitis, Evaluaci\u00f3n del paciente con infecci\u00f3n odontog\u00e9nica, Pericoronaritis, Absceso dentoalveolar agudo, Absceso submucoso<\/li>\n<\/ul>\n<\/div><\/details><\/div>\n<div class=\"lightweight-accordion bordered has-text-color has-background\"><details><summary class=\"lightweight-accordion-title\" style=\"color:#ffffff;background:#0099cd;\"><span>M\u00f3dulo III - Accidentes y Complicaciones asociadas a la Exodoncia y Endodoncia<\/span><\/summary><div class=\"lightweight-accordion-body\" style=\"border-color:#0099cd;\"><h6><span style=\"color: #0099cd;\">Objetivos espec\u00edficos: <\/span>Estimar las posibles urgencias m\u00e1s comunes ante la consulta del paciente.<\/h6>\n<h6><span style=\"color: #0099cd;\">Duraci\u00f3n: <\/span>25 horas<\/h6>\n<h6><span style=\"color: #0099cd;\">Contenidos:<\/span><\/h6>\n<ul>\n<li>Accidentes y complicaciones de la exodoncia: Estad\u00edstica, frecuencia, indicaciones.\n<ul>\n<li>Complicaciones inmediatas:\n<ul>\n<li>Dentarias<\/li>\n<li>\u00d3seas<\/li>\n<li>De tejidos blandos<\/li>\n<li>Nerviosas<\/li>\n<li>Hemorr\u00e1gicas<\/li>\n<li>Infecciosas (alveolitis).<\/li>\n<li>Otras<\/li>\n<\/ul>\n<\/li>\n<\/ul>\n<\/li>\n<li>Accidentes y complicaciones de la endodoncia: Estad\u00edstica, estrategias convencionales y emp\u00edricas de manejo de accidentes endodonticos.<\/li>\n<li>Generalidades, clasificaci\u00f3n (Analg\u00e9sicos, antiinflamatorios, antipir\u00e9ticos, analg\u00e9sicos-antipir\u00e9ticos, AAA), complicaciones anat\u00f3micas, Iatrogenia durante la trepanaci\u00f3n, iatrogenia durante la instrumentaci\u00f3n biomec\u00e1nica.<\/li>\n<\/ul>\n<\/div><\/details><\/div>\n<div class=\"lightweight-accordion bordered has-text-color has-background\"><details><summary class=\"lightweight-accordion-title\" style=\"color:#ffffff;background:#0099cd;\"><span>M\u00f3dulo IV - Urgencia odontol\u00f3gica Pedi\u00e1trica y urgencias m\u00e9dicas en la consulta odontol\u00f3gica<\/span><\/summary><div class=\"lightweight-accordion-body\" style=\"border-color:#0099cd;\"><h6><span style=\"color: #0099cd;\">Objetivos espec\u00edficos: <\/span>Desarrollar habilidades para el manejo de potenciales urgencias en la consulta dental en el \u00e1mbito m\u00e9dico como pedi\u00e1trico.<\/h6>\n<h6><span style=\"color: #0099cd;\">Duraci\u00f3n: <\/span>25 horas<\/h6>\n<h6><span style=\"color: #0099cd;\">Contenidos:<\/span><\/h6>\n<ul>\n<li>Urgencia Odontol\u00f3gica: pediatr\u00eda, urgencias pedi\u00e1tricas, estad\u00edstica.<\/li>\n<li>Alteraciones de la erupci\u00f3n.<\/li>\n<li>Dolor y\/o infecci\u00f3n de los tejidos blandos.<\/li>\n<li>Dolor y\/o infecci\u00f3n por caries<\/li>\n<li>Alteraci\u00f3n del desarrollo.<\/li>\n<li>Traumatismo.<\/li>\n<li>Urgencia M\u00e9dica: Hipoglicemia, obstrucci\u00f3n de v\u00eda a\u00e9rea, infarto al miocardio, anafilaxis, s\u00edncope, hiperventilaci\u00f3n, convulsi\u00f3n, crisis asm\u00e1tica.<\/li>\n<\/ul>\n<\/div><\/details><\/div>\n<div class=\"lightweight-accordion bordered has-text-color has-background\"><details><summary class=\"lightweight-accordion-title\" style=\"color:#ffffff;background:#0099cd;\"><span>M\u00f3dulo Final<\/span><\/summary><div class=\"lightweight-accordion-body\" style=\"border-color:#0099cd;\"><h6><span style=\"color: #0099cd;\">TEST GLOBAL<br \/>\nPROYECTO DE INTEGRACI\u00d3N TE\u00d3RICO PR\u00c1CTICO<\/span><\/h6>\n<h6><span style=\"color: #0099cd;\">Duraci\u00f3n: <\/span>20 horas<\/h6>\n<h6><span style=\"color: #0099cd;\">Objetivo:<\/span><\/h6>\n<ul>\n<li>Integrar los fundamentos relacionados con la evaluaci\u00f3n sist\u00e9mica, traumatolog\u00eda e infecciones, complicaciones asociadas a endodoncia y exodoncia en pacientes adultos y pedi\u00e1tricos mediante el desarrollo de un Proyecto de Integraci\u00f3n.<\/li>\n<\/ul>\n<\/div><\/details><\/div>\n","protected":false},"excerpt":{"rendered":"<h2><span style=\"color: #0099cd;\">Resumen del Curso<\/span><\/h2>\n<hr \/>\n<p><img decoding=\"async\" class=\"alignnone size-full wp-image-333\" style=\"font-weight: inherit;\" src=\"https:\/\/linketeach.cl\/wp-content\/uploads\/2021\/07\/education_computer_school_graduate_cap_monitor_icon_149680.png\" alt=\"\" width=\"48\" height=\"48\" \/>120 horas &#8211; 5 m\u00f3dulos<\/p>\n<p><img decoding=\"async\" class=\"alignnone size-full wp-image-332\" src=\"https:\/\/linketeach.cl\/wp-content\/uploads\/2021\/07\/education_book_learn_learning_icon_149694.png\" alt=\"\" width=\"48\" height=\"48\" \/><a href=\"https:\/\/site.redlearning.cl\/wp-content\/uploads\/2021\/01\/C-Urgencias-Odontologicas.pdf\" target=\"_blank\" rel=\"noopener\">Programa del Curso<\/a><\/p>\n<p><img decoding=\"async\" class=\"alignnone size-medium wp-image-335\" src=\"https:\/\/linketeach.cl\/wp-content\/uploads\/2021\/07\/notes_clipboard_icon_149712-1.png\" alt=\"\" width=\"48\" height=\"48\" \/>Evaluaci\u00f3n Final<\/p>\n<p><img loading=\"lazy\" decoding=\"async\" class=\"alignnone size-medium wp-image-334\" style=\"font-weight: inherit;\" src=\"https:\/\/linketeach.cl\/wp-content\/uploads\/2021\/07\/education_diploma_award_icon_149701.png\" alt=\"\" width=\"48\" height=\"48\" \/>Certificaci\u00f3n<\/p>\n","protected":false},"featured_media":10142,"template":"","meta":{"site-sidebar-layout":"no-sidebar","site-content-layout":"default","ast-site-content-layout":"default","site-content-style":"default","site-sidebar-style":"default","ast-global-header-display":"","ast-banner-title-visibility":"","ast-main-header-display":"","ast-hfb-above-header-display":"","ast-hfb-below-header-display":"","ast-hfb-mobile-header-display":"","site-post-title":"","ast-breadcrumbs-content":"","ast-featured-img":"","footer-sml-layout":"","ast-disable-related-posts":"","theme-transparent-header-meta":"default","adv-header-id-meta":"","stick-header-meta":"","header-above-stick-meta":"","header-main-stick-meta":"","header-below-stick-meta":"","astra-migrate-meta-layouts":"set","ast-page-background-enabled":"default","ast-page-background-meta":{"desktop":{"background-color":"","background-image":"","background-repeat":"repeat","background-position":"center center","background-size":"auto","background-attachment":"scroll","background-type":"","background-media":"","overlay-type":"","overlay-color":"","overlay-opacity":"","overlay-gradient":""},"tablet":{"background-color":"","background-image":"","background-repeat":"repeat","background-position":"center center","background-size":"auto","background-attachment":"scroll","background-type":"","background-media":"","overlay-type":"","overlay-color":"","overlay-opacity":"","overlay-gradient":""},"mobile":{"background-color":"","background-image":"","background-repeat":"repeat","background-position":"center center","background-size":"auto","background-attachment":"scroll","background-type":"","background-media":"","overlay-type":"","overlay-color":"","overlay-opacity":"","overlay-gradient":""}},"ast-content-background-meta":{"desktop":{"background-color":"var(--ast-global-color-5)","background-image":"","background-repeat":"repeat","background-position":"center center","background-size":"auto","background-attachment":"scroll","background-type":"","background-media":"","overlay-type":"","overlay-color":"","overlay-opacity":"","overlay-gradient":""},"tablet":{"background-color":"var(--ast-global-color-5)","background-image":"","background-repeat":"repeat","background-position":"center center","background-size":"auto","background-attachment":"scroll","background-type":"","background-media":"","overlay-type":"","overlay-color":"","overlay-opacity":"","overlay-gradient":""},"mobile":{"background-color":"var(--ast-global-color-5)","background-image":"","background-repeat":"repeat","background-position":"center center","background-size":"auto","background-attachment":"scroll","background-type":"","background-media":"","overlay-type":"","overlay-color":"","overlay-opacity":"","overlay-gradient":""}},"_joinchat":[]},"product_brand":[],"product_cat":[425,290],"product_tag":[],"class_list":{"0":"post-15321","1":"product","2":"type-product","3":"status-publish","4":"has-post-thumbnail","6":"product_cat-cursos","7":"product_cat-cursos-odontologia","8":"desktop-align-left","9":"tablet-align-left","10":"mobile-align-left","12":"first","13":"instock","14":"sale","15":"downloadable","16":"virtual","17":"sold-individually","18":"purchasable","19":"product-type-simple"},"_links":{"self":[{"href":"https:\/\/site.redlearning.cl\/index.php?rest_route=\/wp\/v2\/product\/15321","targetHints":{"allow":["GET"]}}],"collection":[{"href":"https:\/\/site.redlearning.cl\/index.php?rest_route=\/wp\/v2\/product"}],"about":[{"href":"https:\/\/site.redlearning.cl\/index.php?rest_route=\/wp\/v2\/types\/product"}],"wp:featuredmedia":[{"embeddable":true,"href":"https:\/\/site.redlearning.cl\/index.php?rest_route=\/wp\/v2\/media\/10142"}],"wp:attachment":[{"href":"https:\/\/site.redlearning.cl\/index.php?rest_route=%2Fwp%2Fv2%2Fmedia&parent=15321"}],"wp:term":[{"taxonomy":"product_brand","embeddable":true,"href":"https:\/\/site.redlearning.cl\/index.php?rest_route=%2Fwp%2Fv2%2Fproduct_brand&post=15321"},{"taxonomy":"product_cat","embeddable":true,"href":"https:\/\/site.redlearning.cl\/index.php?rest_route=%2Fwp%2Fv2%2Fproduct_cat&post=15321"},{"taxonomy":"product_tag","embeddable":true,"href":"https:\/\/site.redlearning.cl\/index.php?rest_route=%2Fwp%2Fv2%2Fproduct_tag&post=15321"}],"curies":[{"name":"wp","href":"https:\/\/api.w.org\/{rel}","templated":true}]}}