{"id":15323,"date":"2023-07-28T11:32:56","date_gmt":"2023-07-28T14:32:56","guid":{"rendered":"https:\/\/site.redlearning.cl\/?post_type=product&#038;p=15323"},"modified":"2025-11-03T17:38:44","modified_gmt":"2025-11-03T20:38:44","slug":"curso-demencia-y-trastornos-del-animo-2","status":"publish","type":"product","link":"https:\/\/site.redlearning.cl\/?product=curso-demencia-y-trastornos-del-animo-2","title":{"rendered":"Curso Demencia y Trastornos del \u00c1nimo"},"content":{"rendered":"<p>El envejecimiento trae aparejado un aumento de ECNT y entre ellas las demencias, las ECV, las cardiopat\u00edas, ERC, DM, Parkinson, trastornos emocionales, etc. La Demencias son enfermedades neurodegenerativas muy discapacitantes. Hoy en d\u00eda en el Mundo existen 48 millones de personas cifra que aumentar\u00e1 a 80 millones en 2040, y a 135 millones en 2050. Su costo econ\u00f3mico es de 900 billones de d\u00f3lares mientras que el humano es inestimable. El objetivo de los sistemas de salud es diagnosticar precozmente esta enfermedad.<\/p>\n<p>Los trastornos del estado de \u00e1nimo constituyen uno de los trastornos con m\u00e1s incidencia en la poblaci\u00f3n general y cl\u00ednica, de ah\u00ed la importancia de su detecci\u00f3n y abordaje. Debido a esta importancia, es que, en nuestro pa\u00eds, se pretende anticiparse a este tipo de trastornos y cerrar brechas de atenci\u00f3n, como un desaf\u00edo permanente que compromete el quehacer diario de todo el sistema de salud. En ese sentido, y de acuerdo al Plan de Demencia presentado en el a\u00f1o 2017 por el MINSAL, las demencias forman parte de los trastornos neuropsiqui\u00e1tricos, siendo en Chile responsables de un 23% de la carga de enfermedad, una primera causa de a\u00f1os de vida perdidos para la salud. Tambi\u00e9n, cabe destacar, que son alrededor de doscientas mil personas las que viven en esta condici\u00f3n, necesitando cuidados permanentes.<\/p>\n<p>Pensando, adem\u00e1s, que, en Chile, se estima que el 1% de la poblaci\u00f3n total pa\u00eds presenta alg\u00fan tipo de demencia (concentr\u00e1ndose en las edades m\u00e1s avanzadas de la vida), es que esta formaci\u00f3n procura formar y otorgar una concepci\u00f3n integral en este tipo de trastornos, aportando conocimientos en cuanto a la influencia de la depresi\u00f3n sobre la conducta humana que permiten una mayor comprensi\u00f3n del fen\u00f3meno, a fin de facilitar su evaluaci\u00f3n e intervenci\u00f3n. Es imperioso, que los profesionales de la Salud adquieran las herramientas sobre las t\u00e9cnicas de abordaje a personas que viven con trastornos de Salud Mental, valorando su importancia, y conociendo las futuras intervenci\u00f3n, t\u00e9cnicas y tratamientos desde el enfoque de la Enfermer\u00eda.<\/p>\n<h2><span style=\"color: #0099cd;\">Objetivo General<\/span><\/h2>\n<hr \/>\n<p>Aplicar nuevas herramientas en lo que respecta a salud mental, tanto desde el punto de vista emocional como patol\u00f3gico, orientado hacia la actividad cl\u00ednica, para optimizar los tratamientos desde el punto de vista de la efectividad, seguridad y necesidad del paciente.<\/p>\n<h2><span style=\"color: #0099cd;\">Metodolog\u00eda<\/span><\/h2>\n<hr \/>\n<p>Modalidad 100% Online, asincr\u00f3nico y a tu ritmo. Contar\u00e1s con tutores desde el principio al fin de tu formaci\u00f3n, nunca estar\u00e1s sol@.<\/p>\n<h2><span style=\"color: #0099cd;\">Temario<\/span><\/h2>\n<hr \/>\n<div class=\"lightweight-accordion bordered has-text-color has-background\"><details><summary class=\"lightweight-accordion-title\" style=\"color:#ffffff;background:#0099cd;\"><span>M\u00f3dulo I - Introducci\u00f3n a la salud mental<\/span><\/summary><div class=\"lightweight-accordion-body\" style=\"border-color:#0099cd;\"><h6><span style=\"color: #0099cd;\">Objetivos espec\u00edficos: <\/span>Examinar los conceptos introductorios alusivos a la salud mental, tales como niveles de intervenci\u00f3n, recursos, cambios en la vejez y la influencia de las emociones en los trastornos de \u00e1nimo y demencia.<\/h6>\n<h6><span style=\"color: #0099cd;\">Duraci\u00f3n: <\/span>30 horas<\/h6>\n<h6><span style=\"color: #0099cd;\">Contenidos:<\/span><\/h6>\n<ul>\n<li>Cambios biol\u00f3gicos, sociales y psicol\u00f3gicos en la vejez.<\/li>\n<li>Introducci\u00f3n a la Salud Mental: concepto y teor\u00edas.<\/li>\n<li>Recursos en salud mental: Recursos materiales, recursos asistenciales y recursos humanos.<\/li>\n<li>Niveles de intervenci\u00f3n en salud mental: Promoci\u00f3n de la salud y Prevenci\u00f3n de la enfermedad.<\/li>\n<li>Salud mental en situaciones de Emergencia y desastre.<\/li>\n<li>El sujeto en el contexto social actual: El decaimiento de la autoridad y la subjetividad.<\/li>\n<li>Estrategia nacional de salud y plan para el abordaje De las demencias y trastornos de \u00e1nimo.<\/li>\n<li>Cuidados al cuidador.<\/li>\n<li>Programas de estimulaci\u00f3n cognitiva.<\/li>\n<li>Costos de los trastornos de \u00e1nimo y demencia en Chile<\/li>\n<\/ul>\n<\/div><\/details><\/div>\n<div class=\"lightweight-accordion bordered has-text-color has-background\"><details><summary class=\"lightweight-accordion-title\" style=\"color:#ffffff;background:#0099cd;\"><span>M\u00f3dulo II - S\u00edndromes cerebrales org\u00e1nicos y enfermer\u00eda<\/span><\/summary><div class=\"lightweight-accordion-body\" style=\"border-color:#0099cd;\"><h6><span style=\"color: #0099cd;\">Objetivos espec\u00edficos: <\/span>Se\u00f1alar la prevalencia de la demencia en Chile, as\u00ed como sus aspectos \u00e9ticos y jur\u00eddicos, conociendo los diversos trastornos del estado de \u00e1nimo que afectan a la poblaci\u00f3n en nuestro pa\u00eds.<\/h6>\n<h6><span style=\"color: #0099cd;\">Duraci\u00f3n: <\/span>30 horas<\/h6>\n<h6><span style=\"color: #0099cd;\">Contenidos:<\/span><\/h6>\n<ul>\n<li>Envejecimiento poblacional y enfermedades cr\u00f3nicas<\/li>\n<li>Epidemiologia de las demencias: situaci\u00f3n mundial y en Chile.<\/li>\n<li>Demencia en Chile: Aspectos \u00e9ticos y jur\u00eddicos de la demencia en Chile<\/li>\n<li>Demencia. Concepto. Tipos. Diagn\u00f3stico positivo y diferencial, tratamiento: M\u00e9dico (higieno-detetico: alimentaci\u00f3n seg\u00fan estadio del paciente y medicamentoso) y rehabilitaci\u00f3n (f\u00edsica y mental)<\/li>\n<li>Rol de la familia en pacientes con demencia.<\/li>\n<li>Cuidados domiciliarios.<\/li>\n<li>Sobrecarga del cuidador.<\/li>\n<li>Cuidados de enfermer\u00eda.<\/li>\n<li>Sondaje nasog\u00e1strico.<\/li>\n<\/ul>\n<\/div><\/details><\/div>\n<div class=\"lightweight-accordion bordered has-text-color has-background\"><details><summary class=\"lightweight-accordion-title\" style=\"color:#ffffff;background:#0099cd;\"><span>M\u00f3dulo III - Trastornos emocionales<\/span><\/summary><div class=\"lightweight-accordion-body\" style=\"border-color:#0099cd;\"><h6><span style=\"color: #0099cd;\">Objetivos espec\u00edficos: <\/span>Identificar las diversas estrategias, t\u00e9cnicas y tratamientos que requieren las personas con trastornos de \u00e1nimos con el fin de asegurar la calidad de las intervenciones sanitarias de la actualidad. conociendo los diversos trastornos del estado de \u00e1nimo que afectan a la poblaci\u00f3n en nuestro pa\u00eds. Suicidio y drogadicci\u00f3n en Chile.<\/h6>\n<h6><span style=\"color: #0099cd;\">Duraci\u00f3n: <\/span>30 horas<\/h6>\n<h6><span style=\"color: #0099cd;\">Contenidos:<\/span><\/h6>\n<ul>\n<li>Suicidio y Drogadicci\u00f3n. Aspectos fundamentales.<\/li>\n<li>Influencia de las emociones en la conducta humana.<\/li>\n<li>Introducci\u00f3n a los trastornos emocionales o del estado de \u00e1nimo: Trastorno de desregulaci\u00f3n destructiva del estado de \u00e1nimo, Trastorno de depresi\u00f3n mayor, Trastorno depresivo persistente o distimia, Trastorno disf\u00f3rico premenstrual, otros trastornos depresivos.<\/li>\n<li>Comorbilidad en los trastornos del estado de \u00e1nimo en Chile: Trastornos concomitantes con la depresi\u00f3n, Trastorno bipolar, Trastornos de ansiedad, Trastorno de ansiedad social (fobia social), Trastorno de ansiedad generalizada, trastorno de estr\u00e9s post traum\u00e1tico y Trastorno obsesivo compulsivo.<\/li>\n<\/ul>\n<\/div><\/details><\/div>\n<div class=\"lightweight-accordion bordered has-text-color has-background\"><details><summary class=\"lightweight-accordion-title\" style=\"color:#ffffff;background:#0099cd;\"><span>M\u00f3dulo Final<\/span><\/summary><div class=\"lightweight-accordion-body\" style=\"border-color:#0099cd;\"><h6><span style=\"color: #0099cd;\">TEST GLOBAL<br \/>\nPROYECTO DE INTEGRACI\u00d3N TE\u00d3RICO PR\u00c1CTICO<\/span><\/h6>\n<h6><span style=\"color: #0099cd;\">Duraci\u00f3n: <\/span>30 horas<\/h6>\n<h6><span style=\"color: #0099cd;\">Objetivo:<\/span><\/h6>\n<ul>\n<li>Aplicar las t\u00e9cnicas de abordaje y tratamiento en un trastorno de \u00e1nimo determinado.<\/li>\n<\/ul>\n<\/div><\/details><\/div>\n","protected":false},"excerpt":{"rendered":"<h2><span style=\"color: #0099cd;\">Resumen del Curso<\/span><\/h2>\n<hr \/>\n<p><img decoding=\"async\" class=\"alignnone size-full wp-image-333\" style=\"font-weight: inherit;\" src=\"https:\/\/linketeach.cl\/wp-content\/uploads\/2021\/07\/education_computer_school_graduate_cap_monitor_icon_149680.png\" alt=\"\" width=\"48\" height=\"48\" \/>120 horas &#8211; 4 m\u00f3dulos<\/p>\n<p><img decoding=\"async\" class=\"alignnone size-full wp-image-332\" src=\"https:\/\/linketeach.cl\/wp-content\/uploads\/2021\/07\/education_book_learn_learning_icon_149694.png\" alt=\"\" width=\"48\" height=\"48\" \/><a href=\"https:\/\/site.redlearning.cl\/wp-content\/uploads\/2021\/01\/C-Demencia.pdf\" target=\"_blank\" rel=\"noopener\">Programa del Curso<\/a><\/p>\n<p><img decoding=\"async\" class=\"alignnone size-medium wp-image-335\" src=\"https:\/\/linketeach.cl\/wp-content\/uploads\/2021\/07\/notes_clipboard_icon_149712-1.png\" alt=\"\" width=\"48\" height=\"48\" \/>Evaluaci\u00f3n Final<\/p>\n<p><img loading=\"lazy\" decoding=\"async\" class=\"alignnone size-medium wp-image-334\" style=\"font-weight: inherit;\" src=\"https:\/\/linketeach.cl\/wp-content\/uploads\/2021\/07\/education_diploma_award_icon_149701.png\" alt=\"\" width=\"48\" height=\"48\" \/>Certificaci\u00f3n<\/p>\n","protected":false},"featured_media":10153,"template":"","meta":{"site-sidebar-layout":"no-sidebar","site-content-layout":"default","ast-site-content-layout":"default","site-content-style":"default","site-sidebar-style":"default","ast-global-header-display":"","ast-banner-title-visibility":"","ast-main-header-display":"","ast-hfb-above-header-display":"","ast-hfb-below-header-display":"","ast-hfb-mobile-header-display":"","site-post-title":"","ast-breadcrumbs-content":"","ast-featured-img":"","footer-sml-layout":"","ast-disable-related-posts":"","theme-transparent-header-meta":"default","adv-header-id-meta":"","stick-header-meta":"","header-above-stick-meta":"","header-main-stick-meta":"","header-below-stick-meta":"","astra-migrate-meta-layouts":"set","ast-page-background-enabled":"default","ast-page-background-meta":{"desktop":{"background-color":"","background-image":"","background-repeat":"repeat","background-position":"center center","background-size":"auto","background-attachment":"scroll","background-type":"","background-media":"","overlay-type":"","overlay-color":"","overlay-opacity":"","overlay-gradient":""},"tablet":{"background-color":"","background-image":"","background-repeat":"repeat","background-position":"center center","background-size":"auto","background-attachment":"scroll","background-type":"","background-media":"","overlay-type":"","overlay-color":"","overlay-opacity":"","overlay-gradient":""},"mobile":{"background-color":"","background-image":"","background-repeat":"repeat","background-position":"center center","background-size":"auto","background-attachment":"scroll","background-type":"","background-media":"","overlay-type":"","overlay-color":"","overlay-opacity":"","overlay-gradient":""}},"ast-content-background-meta":{"desktop":{"background-color":"var(--ast-global-color-5)","background-image":"","background-repeat":"repeat","background-position":"center center","background-size":"auto","background-attachment":"scroll","background-type":"","background-media":"","overlay-type":"","overlay-color":"","overlay-opacity":"","overlay-gradient":""},"tablet":{"background-color":"var(--ast-global-color-5)","background-image":"","background-repeat":"repeat","background-position":"center center","background-size":"auto","background-attachment":"scroll","background-type":"","background-media":"","overlay-type":"","overlay-color":"","overlay-opacity":"","overlay-gradient":""},"mobile":{"background-color":"var(--ast-global-color-5)","background-image":"","background-repeat":"repeat","background-position":"center center","background-size":"auto","background-attachment":"scroll","background-type":"","background-media":"","overlay-type":"","overlay-color":"","overlay-opacity":"","overlay-gradient":""}},"_joinchat":[]},"product_brand":[],"product_cat":[425,291],"product_tag":[],"class_list":{"0":"post-15323","1":"product","2":"type-product","3":"status-publish","4":"has-post-thumbnail","6":"product_cat-cursos","7":"product_cat-cursos-salud-mental","8":"desktop-align-left","9":"tablet-align-left","10":"mobile-align-left","12":"first","13":"instock","14":"sale","15":"downloadable","16":"virtual","17":"sold-individually","18":"purchasable","19":"product-type-simple"},"_links":{"self":[{"href":"https:\/\/site.redlearning.cl\/index.php?rest_route=\/wp\/v2\/product\/15323","targetHints":{"allow":["GET"]}}],"collection":[{"href":"https:\/\/site.redlearning.cl\/index.php?rest_route=\/wp\/v2\/product"}],"about":[{"href":"https:\/\/site.redlearning.cl\/index.php?rest_route=\/wp\/v2\/types\/product"}],"wp:featuredmedia":[{"embeddable":true,"href":"https:\/\/site.redlearning.cl\/index.php?rest_route=\/wp\/v2\/media\/10153"}],"wp:attachment":[{"href":"https:\/\/site.redlearning.cl\/index.php?rest_route=%2Fwp%2Fv2%2Fmedia&parent=15323"}],"wp:term":[{"taxonomy":"product_brand","embeddable":true,"href":"https:\/\/site.redlearning.cl\/index.php?rest_route=%2Fwp%2Fv2%2Fproduct_brand&post=15323"},{"taxonomy":"product_cat","embeddable":true,"href":"https:\/\/site.redlearning.cl\/index.php?rest_route=%2Fwp%2Fv2%2Fproduct_cat&post=15323"},{"taxonomy":"product_tag","embeddable":true,"href":"https:\/\/site.redlearning.cl\/index.php?rest_route=%2Fwp%2Fv2%2Fproduct_tag&post=15323"}],"curies":[{"name":"wp","href":"https:\/\/api.w.org\/{rel}","templated":true}]}}