{"id":15326,"date":"2023-07-28T12:06:01","date_gmt":"2023-07-28T15:06:01","guid":{"rendered":"https:\/\/site.redlearning.cl\/?post_type=product&#038;p=15326"},"modified":"2025-11-03T17:38:44","modified_gmt":"2025-11-03T20:38:44","slug":"curso-rehabilitacion-pulmonar","status":"publish","type":"product","link":"https:\/\/site.redlearning.cl\/?product=curso-rehabilitacion-pulmonar","title":{"rendered":"Curso Rehabilitaci\u00f3n Pulmonar"},"content":{"rendered":"<p>La Enfermedad Pulmonar Obstructiva Cr\u00f3nica representa uno de los mayores problemas de salud p\u00fablica, siendo una importante causa de morbimortalidad entre las enfermedades cr\u00f3nicas a nivel mundial. Actualmente se reconoce que el \u00f3ptimo manejo de estos pacientes requiere de una combinaci\u00f3n de terapias farmacol\u00f3gicas y no farmacol\u00f3gicas.<\/p>\n<p>En este sentido, los Programas de Rehabilitaci\u00f3n Pulmonar son el componente m\u00e1s importante del manejo no farmacol\u00f3gico del paciente EPOC y sus intervenciones deben formar parte del tratamiento integral de estos pacientes.<\/p>\n<p>Esta formaci\u00f3n, te permitir\u00e1 ayudar a que disminuyan los s\u00edntomas, mejorar la tolerancia al ejercicio y la calidad de vida relacionada con la salud; estos resultados se logran sin cambios en la funci\u00f3n pulmonar. Por otra parte, se ha demostrado que existe una disminuci\u00f3n en la utilizaci\u00f3n de los servicios de salud (frecuencia de reagudizaciones, numero de hospitalizaciones, d\u00edas de hospitalizaci\u00f3n). Siendo este un tratamiento con una buena relaci\u00f3n costo beneficio en el manejo de estos pacientes.<\/p>\n<p>La actual situaci\u00f3n de pandemia por COVID 19, que se vive a nivel mundial, requiere una actualizaci\u00f3n y concientizaci\u00f3n de todo el personal de salud y de la poblaci\u00f3n en general, motivo por el cual es menester revisar y conocer todas las medidas y acciones pertinentes para la rehabilitaci\u00f3n pulmonar de pacientes post pandemia.<\/p>\n<h2><span style=\"color: #0099cd;\">Objetivo General<\/span><\/h2>\n<hr \/>\n<p>Adquirir competencias para el conocimiento e implementaci\u00f3n de Programas de Rehabilitaci\u00f3n pulmonar en APS, mediante la revisi\u00f3n de la anatom\u00eda y fisiolog\u00eda del aparato respiratorio, el diagn\u00f3stico y tratamiento precoz frente a una EPOC y la utilizaci\u00f3n de instrumentos de evaluaci\u00f3n y registros para la rehabilitaci\u00f3n pulmonar.<\/p>\n<h2><span style=\"color: #0099cd;\">Metodolog\u00eda<\/span><\/h2>\n<hr \/>\n<p>Modalidad 100% Online, asincr\u00f3nico y a tu ritmo. Contar\u00e1s con tutores desde el principio al fin de tu formaci\u00f3n, nunca estar\u00e1s sol@.<\/p>\n<h2><span style=\"color: #0099cd;\">Temario<\/span><\/h2>\n<hr \/>\n<div class=\"lightweight-accordion bordered has-text-color has-background\"><details><summary class=\"lightweight-accordion-title\" style=\"color:#ffffff;background:#0099cd;\"><span>M\u00f3dulo I - Anatom\u00eda y fisiolog\u00eda del aparato respiratorio<\/span><\/summary><div class=\"lightweight-accordion-body\" style=\"border-color:#0099cd;\"><h6><span style=\"color: #0099cd;\">Objetivos espec\u00edficos: <\/span>Comprender la anatom\u00eda y fisiolog\u00eda respiratoria que fundamenta la rehabilitaci\u00f3n pulmonar.<\/h6>\n<h6><span style=\"color: #0099cd;\">Duraci\u00f3n: <\/span>20 horas<\/h6>\n<h6><span style=\"color: #0099cd;\">Contenidos:<\/span><\/h6>\n<ul>\n<li>Anatom\u00eda del aparato respiratorio (v\u00eda a\u00e9rea superior, pulmones, pleura, vascularizaci\u00f3n).<\/li>\n<li>Fundamentos de la fisiolog\u00eda respiratoria (mec\u00e1nica ventilatoria, ventilaci\u00f3n e intercambio gaseoso, circulaci\u00f3n pulmonar, transporte de gases, equilibrio \u00e1cido \u2013 base, control de la ventilaci\u00f3n).<\/li>\n<li>Fisiopatolog\u00eda en las enfermedades cr\u00f3nicas respiratorias (alteraci\u00f3n de la ventilaci\u00f3n alveolar, trastornos relaci\u00f3n V\/Q, hipoxemia, hipoxia, hipercapnia, alteraciones funcionales de los m\u00fasculos respiratorios y t\u00f3rax).<\/li>\n<\/ul>\n<\/div><\/details><\/div>\n<div class=\"lightweight-accordion bordered has-text-color has-background\"><details><summary class=\"lightweight-accordion-title\" style=\"color:#ffffff;background:#0099cd;\"><span>M\u00f3dulo II - Valoraci\u00f3n fisioterap\u00e9utica y manejo del paciente EPOC<\/span><\/summary><div class=\"lightweight-accordion-body\" style=\"border-color:#0099cd;\"><h6><span style=\"color: #0099cd;\">Objetivos espec\u00edficos: <\/span>Estimar el diagn\u00f3stico y tratamiento precoz frente a una EPOC.<\/h6>\n<h6><span style=\"color: #0099cd;\">Duraci\u00f3n: <\/span>30 horas<\/h6>\n<h6><span style=\"color: #0099cd;\">Contenidos:<\/span><\/h6>\n<ul>\n<li>Semiolog\u00eda respiratoria y pruebas funcionales (radiograf\u00eda de t\u00f3rax, espirometr\u00eda, gases en sangre arterial, Test de marcha 6 minutos, disnea, encuestas, ventilometr\u00eda).<\/li>\n<li>Cl\u00ednica y tratamiento farmacol\u00f3gico de la EPOC, aspectos nutricionales y repercusiones musculoesquel\u00e9ticas.<\/li>\n<li>Reagudizaci\u00f3n de la EPOC (manejo de las exacerbaciones agudas y graves).<\/li>\n<li>Ventilaci\u00f3n mec\u00e1nica no invasiva.<\/li>\n<li>Educaci\u00f3n en el paciente con EPOC (deshabituaci\u00f3n tab\u00e1quica en EPOC).<\/li>\n<li>Valoraci\u00f3n psicol\u00f3gica del paciente EPOC.<\/li>\n<\/ul>\n<\/div><\/details><\/div>\n<div class=\"lightweight-accordion bordered has-text-color has-background\"><details><summary class=\"lightweight-accordion-title\" style=\"color:#ffffff;background:#0099cd;\"><span>M\u00f3dulo III - Rehabilitaci\u00f3n pulmonar<\/span><\/summary><div class=\"lightweight-accordion-body\" style=\"border-color:#0099cd;\"><h6><span style=\"color: #0099cd;\">Objetivos espec\u00edficos: <\/span>Aplicar estrategias orientadas a la rehabilitaci\u00f3n de la capacidad pulmonar del paciente desde una perspectiva integral.<\/h6>\n<h6><span style=\"color: #0099cd;\">Duraci\u00f3n: <\/span>30 horas<\/h6>\n<h6><span style=\"color: #0099cd;\">Contenidos:<\/span><\/h6>\n<ul>\n<li>Rehabilitaci\u00f3n pulmonar en APS.<\/li>\n<li>Instrumentos de evaluaci\u00f3n para la rehabilitaci\u00f3n pulmonar.<\/li>\n<li>Rehabilitaci\u00f3n de la musculatura respiratoria (evaluaci\u00f3n inicial, principios de entrenamientos, carga inicial y de entrenamiento adaptada).<\/li>\n<li>Entrenamiento f\u00edsico (miembros superiores e inferiores).<\/li>\n<li>Protocolos de entrenamiento.<\/li>\n<\/ul>\n<\/div><\/details><\/div>\n<div class=\"lightweight-accordion bordered has-text-color has-background\"><details><summary class=\"lightweight-accordion-title\" style=\"color:#ffffff;background:#0099cd;\"><span>M\u00f3dulo IV - Herramientas de diagn\u00f3stico y tratamiento en el contexto COVID-19<\/span><\/summary><div class=\"lightweight-accordion-body\" style=\"border-color:#0099cd;\"><h6><span style=\"color: #0099cd;\">Objetivos espec\u00edficos: <\/span><\/h6>\n<ul>\n<li>Explicar las herramientas de registro, indicadores y monitoreo del Registro Estad\u00edstico Mensual (REM 23) en APS.<\/li>\n<li>Actualizar las estrategias frente a la COVID-19<\/li>\n<\/ul>\n<h6><span style=\"color: #0099cd;\">Duraci\u00f3n: <\/span>20 horas<\/h6>\n<h6><span style=\"color: #0099cd;\">Contenidos:<\/span><\/h6>\n<ul>\n<li>Registros estad\u00edsticos.<\/li>\n<li>Monitoreo.<\/li>\n<li>Gesti\u00f3n e indicadores.<\/li>\n<li>Situaci\u00f3n actual de la COVID-19<\/li>\n<li>Estrategia mundial de respuesta a la COVID-19<\/li>\n<li>Estrategias nacionales de respuesta a la COVID-19<\/li>\n<\/ul>\n<\/div><\/details><\/div>\n<div class=\"lightweight-accordion bordered has-text-color has-background\"><details><summary class=\"lightweight-accordion-title\" style=\"color:#ffffff;background:#0099cd;\"><span>M\u00f3dulo Final<\/span><\/summary><div class=\"lightweight-accordion-body\" style=\"border-color:#0099cd;\"><h6><span style=\"color: #0099cd;\">TEST GLOBAL<br \/>\n<\/span><\/h6>\n<\/div><\/details><\/div>\n","protected":false},"excerpt":{"rendered":"<h2><span style=\"color: #0099cd;\">Resumen del Curso<\/span><\/h2>\n<hr \/>\n<p><img decoding=\"async\" class=\"alignnone size-full wp-image-333\" style=\"font-weight: inherit;\" src=\"https:\/\/linketeach.cl\/wp-content\/uploads\/2021\/07\/education_computer_school_graduate_cap_monitor_icon_149680.png\" alt=\"\" width=\"48\" height=\"48\" \/>120 horas &#8211; 5 m\u00f3dulos<\/p>\n<p><img decoding=\"async\" class=\"alignnone size-full wp-image-332\" src=\"https:\/\/linketeach.cl\/wp-content\/uploads\/2021\/07\/education_book_learn_learning_icon_149694.png\" alt=\"\" width=\"48\" height=\"48\" \/><a href=\"https:\/\/site.redlearning.cl\/wp-content\/uploads\/2021\/01\/C-Rehabilitacion-Pulmonar.pdf\" target=\"_blank\" rel=\"noopener\">Programa del Curso<\/a><\/p>\n<p><img decoding=\"async\" class=\"alignnone size-medium wp-image-335\" src=\"https:\/\/linketeach.cl\/wp-content\/uploads\/2021\/07\/notes_clipboard_icon_149712-1.png\" alt=\"\" width=\"48\" height=\"48\" \/>Evaluaci\u00f3n Final<\/p>\n<p><img loading=\"lazy\" decoding=\"async\" class=\"alignnone size-medium wp-image-334\" style=\"font-weight: inherit;\" src=\"https:\/\/linketeach.cl\/wp-content\/uploads\/2021\/07\/education_diploma_award_icon_149701.png\" alt=\"\" width=\"48\" height=\"48\" \/>Certificaci\u00f3n<\/p>\n","protected":false},"featured_media":11753,"template":"","meta":{"site-sidebar-layout":"no-sidebar","site-content-layout":"default","ast-site-content-layout":"default","site-content-style":"default","site-sidebar-style":"default","ast-global-header-display":"","ast-banner-title-visibility":"","ast-main-header-display":"","ast-hfb-above-header-display":"","ast-hfb-below-header-display":"","ast-hfb-mobile-header-display":"","site-post-title":"","ast-breadcrumbs-content":"","ast-featured-img":"","footer-sml-layout":"","ast-disable-related-posts":"","theme-transparent-header-meta":"default","adv-header-id-meta":"","stick-header-meta":"","header-above-stick-meta":"","header-main-stick-meta":"","header-below-stick-meta":"","astra-migrate-meta-layouts":"set","ast-page-background-enabled":"default","ast-page-background-meta":{"desktop":{"background-color":"","background-image":"","background-repeat":"repeat","background-position":"center center","background-size":"auto","background-attachment":"scroll","background-type":"","background-media":"","overlay-type":"","overlay-color":"","overlay-opacity":"","overlay-gradient":""},"tablet":{"background-color":"","background-image":"","background-repeat":"repeat","background-position":"center center","background-size":"auto","background-attachment":"scroll","background-type":"","background-media":"","overlay-type":"","overlay-color":"","overlay-opacity":"","overlay-gradient":""},"mobile":{"background-color":"","background-image":"","background-repeat":"repeat","background-position":"center center","background-size":"auto","background-attachment":"scroll","background-type":"","background-media":"","overlay-type":"","overlay-color":"","overlay-opacity":"","overlay-gradient":""}},"ast-content-background-meta":{"desktop":{"background-color":"var(--ast-global-color-5)","background-image":"","background-repeat":"repeat","background-position":"center center","background-size":"auto","background-attachment":"scroll","background-type":"","background-media":"","overlay-type":"","overlay-color":"","overlay-opacity":"","overlay-gradient":""},"tablet":{"background-color":"var(--ast-global-color-5)","background-image":"","background-repeat":"repeat","background-position":"center center","background-size":"auto","background-attachment":"scroll","background-type":"","background-media":"","overlay-type":"","overlay-color":"","overlay-opacity":"","overlay-gradient":""},"mobile":{"background-color":"var(--ast-global-color-5)","background-image":"","background-repeat":"repeat","background-position":"center center","background-size":"auto","background-attachment":"scroll","background-type":"","background-media":"","overlay-type":"","overlay-color":"","overlay-opacity":"","overlay-gradient":""}},"_joinchat":[]},"product_brand":[],"product_cat":[425,418],"product_tag":[],"class_list":{"0":"post-15326","1":"product","2":"type-product","3":"status-publish","4":"has-post-thumbnail","6":"product_cat-cursos","7":"product_cat-kine-am","8":"desktop-align-left","9":"tablet-align-left","10":"mobile-align-left","12":"first","13":"instock","14":"sale","15":"downloadable","16":"virtual","17":"sold-individually","18":"purchasable","19":"product-type-simple"},"_links":{"self":[{"href":"https:\/\/site.redlearning.cl\/index.php?rest_route=\/wp\/v2\/product\/15326","targetHints":{"allow":["GET"]}}],"collection":[{"href":"https:\/\/site.redlearning.cl\/index.php?rest_route=\/wp\/v2\/product"}],"about":[{"href":"https:\/\/site.redlearning.cl\/index.php?rest_route=\/wp\/v2\/types\/product"}],"wp:featuredmedia":[{"embeddable":true,"href":"https:\/\/site.redlearning.cl\/index.php?rest_route=\/wp\/v2\/media\/11753"}],"wp:attachment":[{"href":"https:\/\/site.redlearning.cl\/index.php?rest_route=%2Fwp%2Fv2%2Fmedia&parent=15326"}],"wp:term":[{"taxonomy":"product_brand","embeddable":true,"href":"https:\/\/site.redlearning.cl\/index.php?rest_route=%2Fwp%2Fv2%2Fproduct_brand&post=15326"},{"taxonomy":"product_cat","embeddable":true,"href":"https:\/\/site.redlearning.cl\/index.php?rest_route=%2Fwp%2Fv2%2Fproduct_cat&post=15326"},{"taxonomy":"product_tag","embeddable":true,"href":"https:\/\/site.redlearning.cl\/index.php?rest_route=%2Fwp%2Fv2%2Fproduct_tag&post=15326"}],"curies":[{"name":"wp","href":"https:\/\/api.w.org\/{rel}","templated":true}]}}