{"id":15333,"date":"2023-07-28T13:04:31","date_gmt":"2023-07-28T16:04:31","guid":{"rendered":"https:\/\/site.redlearning.cl\/?post_type=product&#038;p=15333"},"modified":"2025-11-03T17:38:43","modified_gmt":"2025-11-03T20:38:43","slug":"curso-ira-infecciones-respiratorias-agudas-del-nino-copia","status":"publish","type":"product","link":"https:\/\/site.redlearning.cl\/?product=curso-ira-infecciones-respiratorias-agudas-del-nino-copia","title":{"rendered":"Curso IRA &#8211; Infecciones Respiratorias Agudas del Ni\u00f1o"},"content":{"rendered":"<p>Las Infecciones Respiratorias Agudas (IRA) corresponden a las patolog\u00edas que m\u00e1s afectan a los ni\u00f1os y que consumen m\u00e1s recursos en la atenci\u00f3n primaria de salud (APS) En los a\u00f1os 80, a pesar de la intervenci\u00f3n en la mayor\u00eda de los factores que incid\u00edan en la mortalidad infantil (lo que produjo a la disminuci\u00f3n de estas), a\u00fan faltaba saber porque exist\u00edan muertes en domicilio por neumon\u00eda. Es as\u00ed, como la investigaci\u00f3n y la evidencia permitieron crear el Programa IRA, el cual mediante la preparaci\u00f3n de profesionales de la Salud con competencias en el diagn\u00f3stico y tratamiento de patolog\u00edas respiratorias, sumado a la estandarizaci\u00f3n de procesos e inyecci\u00f3n de tecnolog\u00eda en atenci\u00f3n primaria, logr\u00f3 mejorar y llevar la mortalidad infantil a niveles m\u00e1s bajos.<\/p>\n<p>El Programa IRA, entonces significa un avance en el manejo y control de patolog\u00edas de alta prevalencia y de gran trascendencia en salud p\u00fablica. Su modelo representa la adecuaci\u00f3n a los enfoques modernos de administraci\u00f3n sanitaria, en donde se hace perentoria la colaboraci\u00f3n intersectorial e interdisciplinaria.<\/p>\n<p>Esta formaci\u00f3n, te permitir\u00e1 conocer y actualizarte en los desaf\u00edos de algunas patolog\u00edas como el asma, displasia broncopulmonar, fibrosis qu\u00edstica, entre otras. Es importante que consideremos el modelo de salud familiar en esta formaci\u00f3n, cuyo objetivo es proponer la integraci\u00f3n de la familia como un componente determinante en el diagn\u00f3stico, tratamiento y pron\u00f3stico del paciente.<\/p>\n<h2><span style=\"color: #0099cd;\">Objetivo General<\/span><\/h2>\n<hr \/>\n<p>Preparar a profesionales en la atenci\u00f3n de enfermos pedi\u00e1tricos con Infecciones Respiratorias Agudas (IRA), aplicando estrategias para el buen funcionamiento de la sala IRA que mejoren la calidad de vida de los pacientes y disminuyan la mortalidad y morbilidad Infantil por las IRA.<\/p>\n<h2><span style=\"color: #0099cd;\">Metodolog\u00eda<\/span><\/h2>\n<hr \/>\n<p>Modalidad 100% Online, asincr\u00f3nico y a tu ritmo. Contar\u00e1s con tutores desde el principio al fin de tu formaci\u00f3n, nunca estar\u00e1s sol@.<\/p>\n<h2><span style=\"color: #0099cd;\">Temario<\/span><\/h2>\n<hr \/>\n<div class=\"lightweight-accordion bordered has-text-color has-background\"><details><summary class=\"lightweight-accordion-title\" style=\"color:#ffffff;background:#0099cd;\"><span>M\u00f3dulo I - Introducci\u00f3n a las Enfermedades Respiratorias<\/span><\/summary><div class=\"lightweight-accordion-body\" style=\"border-color:#0099cd;\"><h6><span style=\"color: #0099cd;\">Objetivos espec\u00edficos: <\/span>Conocer informaci\u00f3n sobre las enfermedades respiratorias agudas (IRA) en el contexto nacional, latinoamericano y mundial.<\/h6>\n<h6><span style=\"color: #0099cd;\">Duraci\u00f3n: <\/span>25 horas<\/h6>\n<h6><span style=\"color: #0099cd;\">Contenidos:<\/span><\/h6>\n<ul>\n<li>Epidemiolog\u00eda. Indicadores. Factores de Riesgo y Protecci\u00f3n.<\/li>\n<li>Programas IRA.<\/li>\n<li>Mecanismos de defensa del aparato respiratorio.<\/li>\n<\/ul>\n<\/div><\/details><\/div>\n<div class=\"lightweight-accordion bordered has-text-color has-background\"><details><summary class=\"lightweight-accordion-title\" style=\"color:#ffffff;background:#0099cd;\"><span>M\u00f3dulo II - Enfermedades Respiratorias y su impacto individual, familiar y social<\/span><\/summary><div class=\"lightweight-accordion-body\" style=\"border-color:#0099cd;\"><h6><span style=\"color: #0099cd;\">Objetivos espec\u00edficos: <\/span>Reconocer desde el modelo de salud familiar las diversas patolog\u00edas y tratamientos para las enfermedades respiratorias, buscando tratamientos ambulatorios adecuados para cada patolog\u00eda.<\/h6>\n<h6><span style=\"color: #0099cd;\">Duraci\u00f3n: <\/span>25 horas<\/h6>\n<h6><span style=\"color: #0099cd;\">Contenidos:<\/span><\/h6>\n<ul>\n<li>IRA alta.<\/li>\n<li>IRA baja.<\/li>\n<li>Uso racional de Antimicrobianos y otros f\u00e1rmacos.<\/li>\n<li>SBO, Asma, niveles de control.<\/li>\n<li>Fibrosis qu\u00edstica (manejo integral).<\/li>\n<li>Da\u00f1o pulmonar cr\u00f3nico.<\/li>\n<li>Insuficiencia respiratoria aguda y cr\u00f3nica.<\/li>\n<\/ul>\n<\/div><\/details><\/div>\n<div class=\"lightweight-accordion bordered has-text-color has-background\"><details><summary class=\"lightweight-accordion-title\" style=\"color:#ffffff;background:#0099cd;\"><span>M\u00f3dulo III - M\u00e9todos de apoyo diagn\u00f3stico y evaluaci\u00f3n<\/span><\/summary><div class=\"lightweight-accordion-body\" style=\"border-color:#0099cd;\"><h6><span style=\"color: #0099cd;\">Objetivos espec\u00edficos: <\/span>Emplear m\u00e9todos de apoyo diagn\u00f3stico y evaluaci\u00f3n en la aplicaci\u00f3n de estrategias para el tratamiento de las IRA.<\/h6>\n<h6><span style=\"color: #0099cd;\">Duraci\u00f3n: <\/span>25 horas<\/h6>\n<h6><span style=\"color: #0099cd;\">Contenidos:<\/span><\/h6>\n<ul>\n<li>Aerosolterapia.<\/li>\n<li>Oxigenometr\u00eda.<\/li>\n<li>Saturometr\u00eda.<\/li>\n<li>Kinesiterapia.<\/li>\n<li>Rehabilitaci\u00f3n.<\/li>\n<li>Estudio funcional. Espirometr\u00eda. Test de Provocaci\u00f3n.<\/li>\n<li>Radiograf\u00eda e im\u00e1genes.<\/li>\n<\/ul>\n<\/div><\/details><\/div>\n<div class=\"lightweight-accordion bordered has-text-color has-background\"><details><summary class=\"lightweight-accordion-title\" style=\"color:#ffffff;background:#0099cd;\"><span>M\u00f3dulo IV - Algoritmos diagn\u00f3stico-terap\u00e9uticos y funcionamiento de sala IRA<\/span><\/summary><div class=\"lightweight-accordion-body\" style=\"border-color:#0099cd;\"><h6><span style=\"color: #0099cd;\">Objetivos espec\u00edficos: <\/span>Distinguir estrategias de diagnostico y trato del usuario a partir del enfoque de salud familiar buscando aplicar desde evidencia acreditada el tratamiento m\u00e1s oportuno.<\/h6>\n<h6><span style=\"color: #0099cd;\">Duraci\u00f3n: <\/span>25 horas<\/h6>\n<h6><span style=\"color: #0099cd;\">Contenidos:<\/span><\/h6>\n<ul>\n<li>Buenas pr\u00e1cticas en gesti\u00f3n de la demanda en APS.<\/li>\n<li>Sistematizaci\u00f3n de las buenas pr\u00e1cticas de gesti\u00f3n de la demanda a nivel local.<\/li>\n<li>An\u00e1lisis de la gesti\u00f3n de la demanda, resolutividad y capacidad de gesti\u00f3n en la satisfacci\u00f3n usuaria.<\/li>\n<\/ul>\n<\/div><\/details><\/div>\n<div class=\"lightweight-accordion bordered has-text-color has-background\"><details><summary class=\"lightweight-accordion-title\" style=\"color:#ffffff;background:#0099cd;\"><span>M\u00f3dulo Final<\/span><\/summary><div class=\"lightweight-accordion-body\" style=\"border-color:#0099cd;\"><h6><span style=\"color: #0099cd;\">TEST GLOBAL<br \/>\nPROYECTO DE INTEGRACI\u00d3N TE\u00d3RICO PR\u00c1CTICO<\/span><\/h6>\n<h6><span style=\"color: #0099cd;\">Duraci\u00f3n: <\/span>20 horas<\/h6>\n<h6><span style=\"color: #0099cd;\">Objetivo:<\/span><\/h6>\n<ul>\n<li>Dise\u00f1ar una intervenci\u00f3n en la comunidad que integre los contenidos estudiados en la formaci\u00f3n, buscando estrategias para el buen funcionamiento de una sala IRA<\/li>\n<\/ul>\n<\/div><\/details><\/div>\n","protected":false},"excerpt":{"rendered":"<h2><span style=\"color: #0099cd;\">Resumen del Curso<\/span><\/h2>\n<hr \/>\n<p><img decoding=\"async\" class=\"alignnone size-full wp-image-333\" style=\"font-weight: inherit;\" src=\"https:\/\/linketeach.cl\/wp-content\/uploads\/2021\/07\/education_computer_school_graduate_cap_monitor_icon_149680.png\" alt=\"\" width=\"48\" height=\"48\" \/>120 horas &#8211; 5 m\u00f3dulos<\/p>\n<p><img decoding=\"async\" class=\"alignnone size-full wp-image-332\" src=\"https:\/\/linketeach.cl\/wp-content\/uploads\/2021\/07\/education_book_learn_learning_icon_149694.png\" alt=\"\" width=\"48\" height=\"48\" \/><a href=\"https:\/\/site.redlearning.cl\/wp-content\/uploads\/2021\/01\/C-IRA-1.pdf\" target=\"_blank\" rel=\"noopener\">Programa del Curso<\/a><\/p>\n<p><img decoding=\"async\" class=\"alignnone size-medium wp-image-335\" src=\"https:\/\/linketeach.cl\/wp-content\/uploads\/2021\/07\/notes_clipboard_icon_149712-1.png\" alt=\"\" width=\"48\" height=\"48\" \/>Evaluaci\u00f3n Final<\/p>\n<p><img loading=\"lazy\" decoding=\"async\" class=\"alignnone size-medium wp-image-334\" style=\"font-weight: inherit;\" src=\"https:\/\/linketeach.cl\/wp-content\/uploads\/2021\/07\/education_diploma_award_icon_149701.png\" alt=\"\" width=\"48\" height=\"48\" \/>Certificaci\u00f3n<\/p>\n","protected":false},"featured_media":10116,"template":"","meta":{"site-sidebar-layout":"no-sidebar","site-content-layout":"default","ast-site-content-layout":"default","site-content-style":"default","site-sidebar-style":"default","ast-global-header-display":"","ast-banner-title-visibility":"","ast-main-header-display":"","ast-hfb-above-header-display":"","ast-hfb-below-header-display":"","ast-hfb-mobile-header-display":"","site-post-title":"","ast-breadcrumbs-content":"","ast-featured-img":"","footer-sml-layout":"","ast-disable-related-posts":"","theme-transparent-header-meta":"default","adv-header-id-meta":"","stick-header-meta":"","header-above-stick-meta":"","header-main-stick-meta":"","header-below-stick-meta":"","astra-migrate-meta-layouts":"set","ast-page-background-enabled":"default","ast-page-background-meta":{"desktop":{"background-color":"","background-image":"","background-repeat":"repeat","background-position":"center center","background-size":"auto","background-attachment":"scroll","background-type":"","background-media":"","overlay-type":"","overlay-color":"","overlay-opacity":"","overlay-gradient":""},"tablet":{"background-color":"","background-image":"","background-repeat":"repeat","background-position":"center center","background-size":"auto","background-attachment":"scroll","background-type":"","background-media":"","overlay-type":"","overlay-color":"","overlay-opacity":"","overlay-gradient":""},"mobile":{"background-color":"","background-image":"","background-repeat":"repeat","background-position":"center center","background-size":"auto","background-attachment":"scroll","background-type":"","background-media":"","overlay-type":"","overlay-color":"","overlay-opacity":"","overlay-gradient":""}},"ast-content-background-meta":{"desktop":{"background-color":"var(--ast-global-color-5)","background-image":"","background-repeat":"repeat","background-position":"center center","background-size":"auto","background-attachment":"scroll","background-type":"","background-media":"","overlay-type":"","overlay-color":"","overlay-opacity":"","overlay-gradient":""},"tablet":{"background-color":"var(--ast-global-color-5)","background-image":"","background-repeat":"repeat","background-position":"center center","background-size":"auto","background-attachment":"scroll","background-type":"","background-media":"","overlay-type":"","overlay-color":"","overlay-opacity":"","overlay-gradient":""},"mobile":{"background-color":"var(--ast-global-color-5)","background-image":"","background-repeat":"repeat","background-position":"center center","background-size":"auto","background-attachment":"scroll","background-type":"","background-media":"","overlay-type":"","overlay-color":"","overlay-opacity":"","overlay-gradient":""}},"_joinchat":[]},"product_brand":[],"product_cat":[425,418],"product_tag":[],"class_list":{"0":"post-15333","1":"product","2":"type-product","3":"status-publish","4":"has-post-thumbnail","6":"product_cat-cursos","7":"product_cat-kine-am","8":"desktop-align-left","9":"tablet-align-left","10":"mobile-align-left","12":"first","13":"instock","14":"sale","15":"downloadable","16":"virtual","17":"sold-individually","18":"purchasable","19":"product-type-simple"},"_links":{"self":[{"href":"https:\/\/site.redlearning.cl\/index.php?rest_route=\/wp\/v2\/product\/15333","targetHints":{"allow":["GET"]}}],"collection":[{"href":"https:\/\/site.redlearning.cl\/index.php?rest_route=\/wp\/v2\/product"}],"about":[{"href":"https:\/\/site.redlearning.cl\/index.php?rest_route=\/wp\/v2\/types\/product"}],"wp:featuredmedia":[{"embeddable":true,"href":"https:\/\/site.redlearning.cl\/index.php?rest_route=\/wp\/v2\/media\/10116"}],"wp:attachment":[{"href":"https:\/\/site.redlearning.cl\/index.php?rest_route=%2Fwp%2Fv2%2Fmedia&parent=15333"}],"wp:term":[{"taxonomy":"product_brand","embeddable":true,"href":"https:\/\/site.redlearning.cl\/index.php?rest_route=%2Fwp%2Fv2%2Fproduct_brand&post=15333"},{"taxonomy":"product_cat","embeddable":true,"href":"https:\/\/site.redlearning.cl\/index.php?rest_route=%2Fwp%2Fv2%2Fproduct_cat&post=15333"},{"taxonomy":"product_tag","embeddable":true,"href":"https:\/\/site.redlearning.cl\/index.php?rest_route=%2Fwp%2Fv2%2Fproduct_tag&post=15333"}],"curies":[{"name":"wp","href":"https:\/\/api.w.org\/{rel}","templated":true}]}}