{"id":15335,"date":"2023-07-28T13:26:26","date_gmt":"2023-07-28T16:26:26","guid":{"rendered":"https:\/\/site.redlearning.cl\/?post_type=product&#038;p=15335"},"modified":"2025-11-03T17:38:43","modified_gmt":"2025-11-03T20:38:43","slug":"curso-pediatria-2","status":"publish","type":"product","link":"https:\/\/redlearning.cl\/producto\/curso-pediatria-2\/","title":{"rendered":"Curso Pediatr\u00eda"},"content":{"rendered":"<p><span style=\"font-size: 16px;\">Los constantes avances en las ciencias m\u00e9dicas y en la pediatr\u00eda, la necesidad de promover el desarrollo f\u00edsico y ps\u00edquico, as\u00ed como diagnosticar y tratar oportunamente las enfermedades en la poblaci\u00f3n infantil, representan desaf\u00edos permanentes para los profesionales que se desempe\u00f1an en medicina ambulatoria pedi\u00e1trica, p\u00fablica y privada. Es evidente que la realidad de las consultas pedi\u00e1tricas est\u00e1 cambiando. Los problemas sociales que acaban teniendo efectos en la salud requieren de los equipos pedi\u00e1tricos una visi\u00f3n integral de la situaci\u00f3n cl\u00ednica y social del ni\u00f1o\/a y adolescente para poder prevenir, detectar, diagnosticar y abordar este tipo de casos. Por otra parte, algunos diagn\u00f3sticos cl\u00ednicos tienen como consecuencia un fuerte impacto psicosocial en los ni\u00f1os\/as y sus familias, que tambi\u00e9n es necesario considerar.<\/span><\/p>\n<p><span style=\"font-size: 16px;\">El Programa que se presenta a continuaci\u00f3n, se llevar\u00e1 a cabo desde la perspectiva de la Pediatr\u00eda Social, implementada ya en algunas universidades europeas. Desde esta mirada, se obtiene una visi\u00f3n integral de los\/las ni\u00f1os\/as y j\u00f3venes, incluyendo el entorno donde se desenvuelven, las influencias de la familia y la sociedad sobre la salud global de los mismos. De esta manera, se corresponde con el enfoque biopsicosocial de la salud que se pretende implementar en Chile.<\/span><\/p>\n<p><span style=\"font-size: 16px;\">En ese sentido, es que la siguiente formaci\u00f3n acercar\u00e1 al profesional a la Pediatr\u00eda Social y entregar\u00e1 los conocimientos, habilidades, herramientas y recursos para comprender la ra\u00edz del problema y el motivo de la consulta, y de este modo, poder realizar una intervenci\u00f3n adecuada. El Curso hace hincapi\u00e9 en el abordaje multidisciplinar, en la coordinaci\u00f3n entre dispositivos sanitarios\/comunitarios y en el conocimiento de las redes de apoyo y recursos existentes. A trav\u00e9s de los contenidos que se exponen a continuaci\u00f3n, los\/los profesionales m\u00e9dicos estar\u00e1n preparados para aplicar los procedimientos y protocolos pertinentes, adem\u00e1s de detectar, abordar, tratar y derivar con eficacia y eficiencia los diferentes casos, teniendo en cuenta las repercusiones <\/span><span style=\"font-size: 16px;\">psicosociales del paciente, considerando su realidad local.<\/span><\/p>\n<h2><span style=\"color: #0099cd;\">Objetivo General<\/span><\/h2>\n<hr \/>\n<p>Adquirir y actualizar herramientas para llevar a cabo eficientemente acciones de promoci\u00f3n de salud, prevenci\u00f3n, diagn\u00f3stico, derivaci\u00f3n y tratamiento oportuno de patolog\u00edas prevalentes y urgentes en la atenci\u00f3n ambulatoria del paciente pedi\u00e1trico, desde una perspectiva biopsicosocial.<\/p>\n<h2><span style=\"color: #0099cd;\">Metodolog\u00eda<\/span><\/h2>\n<hr \/>\n<p>Modalidad 100% Online, asincr\u00f3nico y a tu ritmo. Contar\u00e1s con tutores desde el principio al fin de tu formaci\u00f3n, nunca estar\u00e1s sol@.<\/p>\n<h2><span style=\"color: #0099cd;\">Temario<\/span><\/h2>\n<hr \/>\n<div class=\"lightweight-accordion bordered has-text-color has-background\"><details><summary class=\"lightweight-accordion-title\" style=\"color:#ffffff;background:#0099cd;\"><span>M\u00f3dulo I - Pediatr\u00eda social: conceptos generales<\/span><\/summary><div class=\"lightweight-accordion-body\" style=\"border-color:#0099cd;\"><h6><span style=\"color: #0099cd;\">Objetivos espec\u00edficos: <\/span>Conocer la conceptualizaci\u00f3n gen\u00e9rica de la pediatr\u00eda social, con enfoque en los aspectos legales y cl\u00ednicos.<\/h6>\n<h6><span style=\"color: #0099cd;\">Duraci\u00f3n: <\/span>25 horas<\/h6>\n<h6><span style=\"color: #0099cd;\">Contenidos:<\/span><\/h6>\n<ul>\n<li>Marco legal y derechos de los\/as ni\u00f1os\/as.<\/li>\n<li>Rol del pediatra y del equipo multidisciplinar en la salud infantil y familiar.<\/li>\n<li>Entrevista al paciente pedi\u00e1trico.<\/li>\n<li>Detecci\u00f3n precoz cl\u00ednica y psicosocial.<\/li>\n<li>Aspectos sociales de la historia cl\u00ednica.<\/li>\n<li>Redes de apoyo y trabajo comunitario.<\/li>\n<\/ul>\n<\/div><\/details><\/div>\n<div class=\"lightweight-accordion bordered has-text-color has-background\"><details><summary class=\"lightweight-accordion-title\" style=\"color:#ffffff;background:#0099cd;\"><span>M\u00f3dulo II - Supervisi\u00f3n de Salud durante la Infancia y adolescencia<\/span><\/summary><div class=\"lightweight-accordion-body\" style=\"border-color:#0099cd;\"><h6><span style=\"color: #0099cd;\">Objetivos espec\u00edficos: <\/span>Identificar los aspectos de intervenci\u00f3n en casos cl\u00ednicos de infantes y adolescentes.<\/h6>\n<h6><span style=\"color: #0099cd;\">Duraci\u00f3n: <\/span>25 horas<\/h6>\n<h6><span style=\"color: #0099cd;\">Contenidos:<\/span><\/h6>\n<ul>\n<li>Control del ni\u00f1o\/a sano\/a. Control del\/de la adolescente.<\/li>\n<li>El\/la ni\u00f1o\/a con discapacidad.<\/li>\n<li>Trastornos de salud mental prevalentes en pediatr\u00eda.<\/li>\n<li>Nutrici\u00f3n, obesidad y otras patolog\u00edas prevalentes.<\/li>\n<li>Enfermedades Respiratorias Infantiles.<\/li>\n<li>Enfermedades Infecciosas Pedi\u00e1tricas.<\/li>\n<li>Prescripci\u00f3n m\u00e9dica.<\/li>\n<\/ul>\n<\/div><\/details><\/div>\n<div class=\"lightweight-accordion bordered has-text-color has-background\"><details><summary class=\"lightweight-accordion-title\" style=\"color:#ffffff;background:#0099cd;\"><span>M\u00f3dulo III - Promoci\u00f3n de la salud y enfoque familiar<\/span><\/summary><div class=\"lightweight-accordion-body\" style=\"border-color:#0099cd;\"><h6><span style=\"color: #0099cd;\">Objetivos espec\u00edficos: <\/span>Se\u00f1alar los procesos de las redes familiares en el abordaje durante la Infancia y Adolescencia, incluyendo pacientes en riesgo social.<\/h6>\n<h6><span style=\"color: #0099cd;\">Duraci\u00f3n: <\/span>25 horas<\/h6>\n<h6><span style=\"color: #0099cd;\">Contenidos:<\/span><\/h6>\n<ul>\n<li>Concepto de familia y sus funciones. Diversidad de n\u00facleos familiares.<\/li>\n<li>Familias en situaci\u00f3n de riesgo o vulnerabilidad social. Detecci\u00f3n y manejo.<\/li>\n<li>Parentalidad positiva: educaci\u00f3n de los h\u00e1bitos y las emociones.<\/li>\n<li>Concepto de salud y enfermedad en las diferentes culturas.<\/li>\n<li>Tipos de acogimiento: familias de acogida. Atenci\u00f3n de ni\u00f1os cuya tutela tiene el estado: Hogares dependientes del Sename.<\/li>\n<\/ul>\n<\/div><\/details><\/div>\n<div class=\"lightweight-accordion bordered has-text-color has-background\"><details><summary class=\"lightweight-accordion-title\" style=\"color:#ffffff;background:#0099cd;\"><span>M\u00f3dulo IV - Maltrato infantil: signos de alerta y gesti\u00f3n multidisciplinar<\/span><\/summary><div class=\"lightweight-accordion-body\" style=\"border-color:#0099cd;\"><h6><span style=\"color: #0099cd;\">Objetivos espec\u00edficos: <\/span>Reconocer los signos de alerta en casos de maltrato Infantil y manejar de manera integral los diferentes aspectos y etapas en casos de maltrato infantil.<\/h6>\n<h6><span style=\"color: #0099cd;\">Duraci\u00f3n: <\/span>25 horas<\/h6>\n<h6><span style=\"color: #0099cd;\">Contenidos:<\/span><\/h6>\n<ul>\n<li>Concepto de Negligencia.<\/li>\n<li>Maltrato f\u00edsico, psicol\u00f3gico, o sexual: sospecha, diagn\u00f3stico y diagn\u00f3stico diferencial.<\/li>\n<li>Manejo multidisciplinar del maltrato: Funci\u00f3n del equipo.<\/li>\n<li>Etapas y procesos del desarrollo psicosocial del adolescente.<\/li>\n<li>Prevenci\u00f3n de las relaciones abusivas: violencia de g\u00e9nero y violencia ascendente.<\/li>\n<li>Consecuencias del diagn\u00f3stico de maltrato. Protecci\u00f3n del menor.<\/li>\n<\/ul>\n<\/div><\/details><\/div>\n<div class=\"lightweight-accordion bordered has-text-color has-background\"><details><summary class=\"lightweight-accordion-title\" style=\"color:#ffffff;background:#0099cd;\"><span>M\u00f3dulo Final<\/span><\/summary><div class=\"lightweight-accordion-body\" style=\"border-color:#0099cd;\"><h6><span style=\"color: #0099cd;\">EVALUACI\u00d3N FINAL<br \/>\n<\/span><\/h6>\n<h6><span style=\"color: #0099cd;\">Duraci\u00f3n: <\/span>20 horas<\/h6>\n<h6><span style=\"color: #0099cd;\">Objetivo:<\/span><\/h6>\n<ul>\n<li>Aplicar mediante un caso, la comprensi\u00f3n y habilidades adquiridas a trav\u00e9s de la revisi\u00f3n de los contenidos del Curso.<\/li>\n<\/ul>\n<\/div><\/details><\/div>\n","protected":false},"excerpt":{"rendered":"<h2><span style=\"color: #0099cd;\">Resumen del Curso<\/span><\/h2>\n<hr \/>\n<p><img decoding=\"async\" class=\"alignnone size-full wp-image-333\" style=\"font-weight: inherit;\" src=\"https:\/\/linketeach.cl\/wp-content\/uploads\/2021\/07\/education_computer_school_graduate_cap_monitor_icon_149680.png\" alt=\"\" width=\"48\" height=\"48\" \/>120 horas &#8211; 5 m\u00f3dulos<\/p>\n<p><img decoding=\"async\" class=\"alignnone size-full wp-image-332\" src=\"https:\/\/linketeach.cl\/wp-content\/uploads\/2021\/07\/education_book_learn_learning_icon_149694.png\" alt=\"\" width=\"48\" height=\"48\" \/><a href=\"https:\/\/site.redlearning.cl\/wp-content\/uploads\/2021\/01\/C-Pediatria.pdf\" target=\"_blank\" rel=\"noopener\">Programa del Curso<\/a><\/p>\n<p><img decoding=\"async\" class=\"alignnone size-medium wp-image-335\" src=\"https:\/\/linketeach.cl\/wp-content\/uploads\/2021\/07\/notes_clipboard_icon_149712-1.png\" alt=\"\" width=\"48\" height=\"48\" \/>Evaluaci\u00f3n Final<\/p>\n<p><img loading=\"lazy\" decoding=\"async\" class=\"alignnone size-medium wp-image-334\" style=\"font-weight: inherit;\" src=\"https:\/\/linketeach.cl\/wp-content\/uploads\/2021\/07\/education_diploma_award_icon_149701.png\" alt=\"\" width=\"48\" height=\"48\" \/>Certificaci\u00f3n<\/p>\n","protected":false},"featured_media":10102,"template":"","meta":{"site-sidebar-layout":"no-sidebar","site-content-layout":"default","ast-site-content-layout":"default","site-content-style":"default","site-sidebar-style":"default","ast-global-header-display":"","ast-banner-title-visibility":"","ast-main-header-display":"","ast-hfb-above-header-display":"","ast-hfb-below-header-display":"","ast-hfb-mobile-header-display":"","site-post-title":"","ast-breadcrumbs-content":"","ast-featured-img":"","footer-sml-layout":"","ast-disable-related-posts":"","theme-transparent-header-meta":"default","adv-header-id-meta":"","stick-header-meta":"","header-above-stick-meta":"","header-main-stick-meta":"","header-below-stick-meta":"","astra-migrate-meta-layouts":"set","ast-page-background-enabled":"default","ast-page-background-meta":{"desktop":{"background-color":"","background-image":"","background-repeat":"repeat","background-position":"center center","background-size":"auto","background-attachment":"scroll","background-type":"","background-media":"","overlay-type":"","overlay-color":"","overlay-opacity":"","overlay-gradient":""},"tablet":{"background-color":"","background-image":"","background-repeat":"repeat","background-position":"center center","background-size":"auto","background-attachment":"scroll","background-type":"","background-media":"","overlay-type":"","overlay-color":"","overlay-opacity":"","overlay-gradient":""},"mobile":{"background-color":"","background-image":"","background-repeat":"repeat","background-position":"center center","background-size":"auto","background-attachment":"scroll","background-type":"","background-media":"","overlay-type":"","overlay-color":"","overlay-opacity":"","overlay-gradient":""}},"ast-content-background-meta":{"desktop":{"background-color":"var(--ast-global-color-5)","background-image":"","background-repeat":"repeat","background-position":"center center","background-size":"auto","background-attachment":"scroll","background-type":"","background-media":"","overlay-type":"","overlay-color":"","overlay-opacity":"","overlay-gradient":""},"tablet":{"background-color":"var(--ast-global-color-5)","background-image":"","background-repeat":"repeat","background-position":"center center","background-size":"auto","background-attachment":"scroll","background-type":"","background-media":"","overlay-type":"","overlay-color":"","overlay-opacity":"","overlay-gradient":""},"mobile":{"background-color":"var(--ast-global-color-5)","background-image":"","background-repeat":"repeat","background-position":"center center","background-size":"auto","background-attachment":"scroll","background-type":"","background-media":"","overlay-type":"","overlay-color":"","overlay-opacity":"","overlay-gradient":""}},"_joinchat":[]},"product_brand":[],"product_cat":[425,285],"product_tag":[],"class_list":{"0":"post-15335","1":"product","2":"type-product","3":"status-publish","4":"has-post-thumbnail","6":"product_cat-cursos","7":"product_cat-cursos-medicina-y-enfermeria","8":"desktop-align-left","9":"tablet-align-left","10":"mobile-align-left","12":"first","13":"instock","14":"sale","15":"downloadable","16":"virtual","17":"sold-individually","18":"purchasable","19":"product-type-simple"},"_links":{"self":[{"href":"https:\/\/redlearning.cl\/wp-json\/wp\/v2\/product\/15335","targetHints":{"allow":["GET"]}}],"collection":[{"href":"https:\/\/redlearning.cl\/wp-json\/wp\/v2\/product"}],"about":[{"href":"https:\/\/redlearning.cl\/wp-json\/wp\/v2\/types\/product"}],"wp:featuredmedia":[{"embeddable":true,"href":"https:\/\/redlearning.cl\/wp-json\/wp\/v2\/media\/10102"}],"wp:attachment":[{"href":"https:\/\/redlearning.cl\/wp-json\/wp\/v2\/media?parent=15335"}],"wp:term":[{"taxonomy":"product_brand","embeddable":true,"href":"https:\/\/redlearning.cl\/wp-json\/wp\/v2\/product_brand?post=15335"},{"taxonomy":"product_cat","embeddable":true,"href":"https:\/\/redlearning.cl\/wp-json\/wp\/v2\/product_cat?post=15335"},{"taxonomy":"product_tag","embeddable":true,"href":"https:\/\/redlearning.cl\/wp-json\/wp\/v2\/product_tag?post=15335"}],"curies":[{"name":"wp","href":"https:\/\/api.w.org\/{rel}","templated":true}]}}