{"id":15336,"date":"2023-07-28T13:30:22","date_gmt":"2023-07-28T16:30:22","guid":{"rendered":"https:\/\/site.redlearning.cl\/?post_type=product&#038;p=15336"},"modified":"2025-11-03T17:38:43","modified_gmt":"2025-11-03T20:38:43","slug":"curso-ventilacion-mecanica-no-invasiva-2","status":"publish","type":"product","link":"https:\/\/site.redlearning.cl\/?product=curso-ventilacion-mecanica-no-invasiva-2","title":{"rendered":"Curso Ventilaci\u00f3n Mec\u00e1nica No Invasiva"},"content":{"rendered":"<p>Este Curso est\u00e1 orientado a formar a trav\u00e9s de una propuesta e-elearning a profesionales y t\u00e9cnicos del \u00e1rea de la salud, con inter\u00e9s en la atenci\u00f3n de pacientes con requerimientos de soporte de ventilaci\u00f3n mec\u00e1nica No Invasiva. Este Curso de 90 horas acad\u00e9micas, con apoyos audiovisuales y la posibilidad de participar de Videoconferencias opcionales con los docentes, aborda el manejo te\u00f3rico-pr\u00e1ctico de este soporte vital.<\/p>\n<p>De esta manera damos respuesta a la creciente necesidad que tanto la salud p\u00fablica como privada de nuestro pa\u00eds tiene de profesionales, que no solo est\u00e9n informados sino que adiestrados en este campo para cumplir con los requerimientos actuales en Unidades de Paciente Cr\u00edtico, Intermedio, Sala com\u00fan, Urgencias y paciente domiciliario.<\/p>\n<h2><span style=\"color: #0099cd;\">Objetivo General<\/span><\/h2>\n<hr \/>\n<p>Comprender la fisiopatolog\u00eda del paciente conectado a ventilaci\u00f3n mec\u00e1nica No Invasiva a fin de programar las diferentes modalidades y t\u00e9cnicas ventilatorias de acuerdo a los requerimientos individuales de cada paciente.<\/p>\n<h2><span style=\"color: #0099cd;\">Metodolog\u00eda<\/span><\/h2>\n<hr \/>\n<p>Modalidad 100% Online, asincr\u00f3nico y a tu ritmo. Contar\u00e1s con tutores desde el principio al fin de tu formaci\u00f3n, nunca estar\u00e1s sol@.<\/p>\n<h2><span style=\"color: #0099cd;\">Temario<\/span><\/h2>\n<hr \/>\n<div class=\"lightweight-accordion bordered has-text-color has-background\"><details><summary class=\"lightweight-accordion-title\" style=\"color:#ffffff;background:#0099cd;\"><span>M\u00f3dulo I - Generalidades de Ventilaci\u00f3n No Invasiva <\/span><\/summary><div class=\"lightweight-accordion-body\" style=\"border-color:#0099cd;\"><h6><span style=\"color: #0099cd;\">Contenidos:<\/span><\/h6>\n<ol>\n<li>La VMNI en la actualidad.<\/li>\n<li>Fisiolog\u00eda del aparato respiratorio: del control ventilatorio al intercambio gaseoso<\/li>\n<li>La ventilaci\u00f3n fisiol\u00f3gica: mec\u00e1nica ventilatoria<\/li>\n<li>Fisiopatolog\u00eda del fallo respiratorio<\/li>\n<li>Causas de insuficiencia respiratoria<\/li>\n<li>Evaluaci\u00f3n Integral del Paciente con soporte ventilatorio no invasivo.<\/li>\n<\/ol>\n<\/div><\/details><\/div>\n<div class=\"lightweight-accordion bordered has-text-color has-background\"><details><summary class=\"lightweight-accordion-title\" style=\"color:#ffffff;background:#0099cd;\"><span>M\u00f3dulo II - Distintos Equipos de VNI<\/span><\/summary><div class=\"lightweight-accordion-body\" style=\"border-color:#0099cd;\"><h6><span style=\"color: #0099cd;\">Contenidos:<\/span><\/h6>\n<ol>\n<li>Fisiolog\u00eda de la ventilaci\u00f3n mec\u00e1nica.<\/li>\n<li>Ventilaci\u00f3n con presi\u00f3n negativa.<\/li>\n<li>Ventilaci\u00f3n con presi\u00f3n positiva.<\/li>\n<li>Claves de la VMNI en la insuficiencia respiratoria aguda.<\/li>\n<li>Claves de la VMNI en la insuficiencia respiratoria cr\u00f3nica.<\/li>\n<li>Modos Ventilatorios.<\/li>\n<li>Conexi\u00f3n del Ventilador Paso a Paso.<\/li>\n<\/ol>\n<\/div><\/details><\/div>\n<div class=\"lightweight-accordion bordered has-text-color has-background\"><details><summary class=\"lightweight-accordion-title\" style=\"color:#ffffff;background:#0099cd;\"><span>M\u00f3dulo III - CPAP y Tipos de VMNI<\/span><\/summary><div class=\"lightweight-accordion-body\" style=\"border-color:#0099cd;\"><h6><span style=\"color: #0099cd;\">Contenidos:<\/span><\/h6>\n<ol>\n<li>Introducci\u00f3n a la CPAP<\/li>\n<li>Efectos de la CPAP<\/li>\n<li>Indicaciones cl\u00ednicas para el uso de la CPAP<\/li>\n<li>Tipos de dispositivos de CPAP<\/li>\n<li>Sistemas de alto flujo de ox\u00edgeno<\/li>\n<li>Funcionamiento de los ventiladores<\/li>\n<li>Caracter\u00edsticas de los ventiladores de VMNI<\/li>\n<\/ol>\n<\/div><\/details><\/div>\n<div class=\"lightweight-accordion bordered has-text-color has-background\"><details><summary class=\"lightweight-accordion-title\" style=\"color:#ffffff;background:#0099cd;\"><span>M\u00f3dulo IV - V\u00edas de acceso e interfaces<\/span><\/summary><div class=\"lightweight-accordion-body\" style=\"border-color:#0099cd;\"><h6><span style=\"color: #0099cd;\">Contenidos:<\/span><\/h6>\n<ol>\n<li>Tubuladuras<\/li>\n<li>M\u00e1scaras y otras interfaces<\/li>\n<li>Material auxiliar. Conectores<\/li>\n<li>Indicaciones de la VMNI<\/li>\n<li>Intervenciones cl\u00ednicas en el manejo y monitorizaci\u00f3n de pacientes con soporte ventilatorio no invasivo<br \/>\na. Falla Hipox\u00e9mica VNI en hiperc\u00e1pnico<br \/>\nb. VNI en Domicilio<\/li>\n<\/ol>\n<\/div><\/details><\/div>\n","protected":false},"excerpt":{"rendered":"<h2><span style=\"color: #0099cd;\">Resumen del Curso<\/span><\/h2>\n<hr \/>\n<p><img decoding=\"async\" class=\"alignnone size-full wp-image-333\" style=\"font-weight: inherit;\" src=\"https:\/\/linketeach.cl\/wp-content\/uploads\/2021\/07\/education_computer_school_graduate_cap_monitor_icon_149680.png\" alt=\"\" width=\"48\" height=\"48\" \/>90 horas &#8211; 4 m\u00f3dulos<\/p>\n<p><img decoding=\"async\" class=\"alignnone size-full wp-image-332\" src=\"https:\/\/linketeach.cl\/wp-content\/uploads\/2021\/07\/education_book_learn_learning_icon_149694.png\" alt=\"\" width=\"48\" height=\"48\" \/><a href=\"https:\/\/site.redlearning.cl\/wp-content\/uploads\/2021\/01\/C-Ventilacion-Mecanica-No-invasiva.pdf\" target=\"_blank\" rel=\"noopener\">Programa del Curso<\/a><\/p>\n<p><img decoding=\"async\" class=\"alignnone size-medium wp-image-335\" src=\"https:\/\/linketeach.cl\/wp-content\/uploads\/2021\/07\/notes_clipboard_icon_149712-1.png\" alt=\"\" width=\"48\" height=\"48\" \/>Evaluaci\u00f3n Final<\/p>\n<p><img loading=\"lazy\" decoding=\"async\" class=\"alignnone size-medium wp-image-334\" style=\"font-weight: inherit;\" src=\"https:\/\/linketeach.cl\/wp-content\/uploads\/2021\/07\/education_diploma_award_icon_149701.png\" alt=\"\" width=\"48\" height=\"48\" \/>Certificaci\u00f3n<\/p>\n","protected":false},"featured_media":10483,"template":"","meta":{"site-sidebar-layout":"no-sidebar","site-content-layout":"default","ast-site-content-layout":"default","site-content-style":"default","site-sidebar-style":"default","ast-global-header-display":"","ast-banner-title-visibility":"","ast-main-header-display":"","ast-hfb-above-header-display":"","ast-hfb-below-header-display":"","ast-hfb-mobile-header-display":"","site-post-title":"","ast-breadcrumbs-content":"","ast-featured-img":"","footer-sml-layout":"","ast-disable-related-posts":"","theme-transparent-header-meta":"default","adv-header-id-meta":"","stick-header-meta":"","header-above-stick-meta":"","header-main-stick-meta":"","header-below-stick-meta":"","astra-migrate-meta-layouts":"set","ast-page-background-enabled":"default","ast-page-background-meta":{"desktop":{"background-color":"","background-image":"","background-repeat":"repeat","background-position":"center center","background-size":"auto","background-attachment":"scroll","background-type":"","background-media":"","overlay-type":"","overlay-color":"","overlay-opacity":"","overlay-gradient":""},"tablet":{"background-color":"","background-image":"","background-repeat":"repeat","background-position":"center center","background-size":"auto","background-attachment":"scroll","background-type":"","background-media":"","overlay-type":"","overlay-color":"","overlay-opacity":"","overlay-gradient":""},"mobile":{"background-color":"","background-image":"","background-repeat":"repeat","background-position":"center center","background-size":"auto","background-attachment":"scroll","background-type":"","background-media":"","overlay-type":"","overlay-color":"","overlay-opacity":"","overlay-gradient":""}},"ast-content-background-meta":{"desktop":{"background-color":"var(--ast-global-color-5)","background-image":"","background-repeat":"repeat","background-position":"center center","background-size":"auto","background-attachment":"scroll","background-type":"","background-media":"","overlay-type":"","overlay-color":"","overlay-opacity":"","overlay-gradient":""},"tablet":{"background-color":"var(--ast-global-color-5)","background-image":"","background-repeat":"repeat","background-position":"center center","background-size":"auto","background-attachment":"scroll","background-type":"","background-media":"","overlay-type":"","overlay-color":"","overlay-opacity":"","overlay-gradient":""},"mobile":{"background-color":"var(--ast-global-color-5)","background-image":"","background-repeat":"repeat","background-position":"center center","background-size":"auto","background-attachment":"scroll","background-type":"","background-media":"","overlay-type":"","overlay-color":"","overlay-opacity":"","overlay-gradient":""}},"_joinchat":[]},"product_brand":[],"product_cat":[425,418],"product_tag":[],"class_list":{"0":"post-15336","1":"product","2":"type-product","3":"status-publish","4":"has-post-thumbnail","6":"product_cat-cursos","7":"product_cat-kine-am","8":"desktop-align-left","9":"tablet-align-left","10":"mobile-align-left","12":"first","13":"instock","14":"sale","15":"downloadable","16":"virtual","17":"sold-individually","18":"purchasable","19":"product-type-simple"},"_links":{"self":[{"href":"https:\/\/site.redlearning.cl\/index.php?rest_route=\/wp\/v2\/product\/15336","targetHints":{"allow":["GET"]}}],"collection":[{"href":"https:\/\/site.redlearning.cl\/index.php?rest_route=\/wp\/v2\/product"}],"about":[{"href":"https:\/\/site.redlearning.cl\/index.php?rest_route=\/wp\/v2\/types\/product"}],"wp:featuredmedia":[{"embeddable":true,"href":"https:\/\/site.redlearning.cl\/index.php?rest_route=\/wp\/v2\/media\/10483"}],"wp:attachment":[{"href":"https:\/\/site.redlearning.cl\/index.php?rest_route=%2Fwp%2Fv2%2Fmedia&parent=15336"}],"wp:term":[{"taxonomy":"product_brand","embeddable":true,"href":"https:\/\/site.redlearning.cl\/index.php?rest_route=%2Fwp%2Fv2%2Fproduct_brand&post=15336"},{"taxonomy":"product_cat","embeddable":true,"href":"https:\/\/site.redlearning.cl\/index.php?rest_route=%2Fwp%2Fv2%2Fproduct_cat&post=15336"},{"taxonomy":"product_tag","embeddable":true,"href":"https:\/\/site.redlearning.cl\/index.php?rest_route=%2Fwp%2Fv2%2Fproduct_tag&post=15336"}],"curies":[{"name":"wp","href":"https:\/\/api.w.org\/{rel}","templated":true}]}}