{"id":15337,"date":"2023-07-28T13:35:53","date_gmt":"2023-07-28T16:35:53","guid":{"rendered":"https:\/\/site.redlearning.cl\/?post_type=product&#038;p=15337"},"modified":"2025-11-03T17:38:43","modified_gmt":"2025-11-03T20:38:43","slug":"curso-general-grd-clinico-financiero-copia","status":"publish","type":"product","link":"https:\/\/site.redlearning.cl\/?product=curso-general-grd-clinico-financiero-copia","title":{"rendered":"Curso General GRD Cl\u00ednico Financiero"},"content":{"rendered":"<p>Los GRD consisten en un sistema de clasificaci\u00f3n de pacientes que relacionan la mezcla de casos de un hospital con las demandas de recursos y los gastos asociados experimentados por el hospital. En numerosos pa\u00edses de Norteam\u00e9rica y Europa, se ha avanzado en la incorporaci\u00f3n de los Grupos Relacionados de Diagn\u00f3stico (GRD) como instrumento de gesti\u00f3n sanitaria y de financiamiento para la contenci\u00f3n de los costos en salud.<\/p>\n<p>Este mismo proceso se est\u00e1 experimentando actualmente en nuestro pa\u00eds. De all\u00ed la importancia que diversos profesionales se capaciten en este tema: tanto en los procesos financieros y de obtenci\u00f3n de costos asociados a su implementaci\u00f3n, como en su utilizaci\u00f3n en las distintas \u00e1reas asociadas a la gesti\u00f3n cl\u00ednica y estrat\u00e9gica de la instituciones prestadoras de atenci\u00f3n de salud.<\/p>\n<p>Este curso provee a los alumnos de contenidos te\u00f3ricos y ejercicios pr\u00e1cticos necesarios para aplicar la metodolog\u00eda de Grupos Relacionados al Diagn\u00f3stico en la gesti\u00f3n financiera y de costos de instituciones de salud. La metodolog\u00eda de este curso combina clases a sincr\u00f3nicas mediante webinar y asincr\u00f3nicas con recursos digitales en plataforma.<\/p>\n<h2><span style=\"color: #0099cd;\">Objetivo General<\/span><\/h2>\n<hr \/>\n<p>Formar a los estudiantes en la conceptualizaci\u00f3n e implementaci\u00f3n de los GRD y su aplicaci\u00f3n en la gesti\u00f3n cl\u00ednica, financiera, comercial y estrat\u00e9gica de la organizaci\u00f3n.<\/p>\n<h2><span style=\"color: #0099cd;\">Metodolog\u00eda<\/span><\/h2>\n<hr \/>\n<p>Modalidad 100% Online, asincr\u00f3nico y a tu ritmo. Contar\u00e1s con tutores desde el principio al fin de tu formaci\u00f3n, nunca estar\u00e1s sol@.<\/p>\n<h2><span style=\"color: #0099cd;\">Temario<\/span><\/h2>\n<hr \/>\n<div class=\"lightweight-accordion bordered has-text-color has-background\"><details><summary class=\"lightweight-accordion-title\" style=\"color:#ffffff;background:#0099cd;\"><span>M\u00f3dulo I - El ABC de los GRD<\/span><\/summary><div class=\"lightweight-accordion-body\" style=\"border-color:#0099cd;\"><h6><span style=\"color: #0099cd;\">Objetivos espec\u00edficos: <\/span>Conocer los conceptos fundamentales del GRD como elemento esencial de la gesti\u00f3n cl\u00ednica y financiera de la organizaci\u00f3n.<\/h6>\n<h6><span style=\"color: #0099cd;\">Duraci\u00f3n: <\/span>07 horas<\/h6>\n<h6><span style=\"color: #0099cd;\">Contenidos:<\/span><\/h6>\n<ul>\n<li>Introducci\u00f3n a los Grupos Relacionados al Diagn\u00f3stico<\/li>\n<li>Conjunto M\u00ednimo b\u00e1sico de datos (CMBD)<\/li>\n<li>Calidad del CMBD<\/li>\n<\/ul>\n<\/div><\/details><\/div>\n<div class=\"lightweight-accordion bordered has-text-color has-background\"><details><summary class=\"lightweight-accordion-title\" style=\"color:#ffffff;background:#0099cd;\"><span>M\u00f3dulo II - Indicadores GRD<\/span><\/summary><div class=\"lightweight-accordion-body\" style=\"border-color:#0099cd;\"><h6><span style=\"color: #0099cd;\">Objetivos espec\u00edficos: <\/span>Identificar los principales indicadores GRD y sus normas de comparaci\u00f3n.<\/h6>\n<h6><span style=\"color: #0099cd;\">Duraci\u00f3n: <\/span>07 horas<\/h6>\n<h6><span style=\"color: #0099cd;\">Contenidos:<\/span><\/h6>\n<ul>\n<li>C\u00f3mo se obtienen los GRD<\/li>\n<li>Introducci\u00f3n a los indicadores GRD y norma de comparaci\u00f3n<\/li>\n<li>Indicadores de Complejidad<\/li>\n<\/ul>\n<\/div><\/details><\/div>\n<div class=\"lightweight-accordion bordered has-text-color has-background\"><details><summary class=\"lightweight-accordion-title\" style=\"color:#ffffff;background:#0099cd;\"><span>M\u00f3dulo III - Usos pr\u00e1cticos de los GRD para la gesti\u00f3n cl\u00ednica y financiera<\/span><\/summary><div class=\"lightweight-accordion-body\" style=\"border-color:#0099cd;\"><h6><span style=\"color: #0099cd;\">Objetivos espec\u00edficos: <\/span><\/h6>\n<ul>\n<li>Describir mediante casos pr\u00e1cticos la importancia del uso de los GRD en la gesti\u00f3n cl\u00ednica y financiera de la organizaci\u00f3n.<\/li>\n<li>Obtener herramientas pr\u00e1cticas para la gesti\u00f3n de costos, presupuesto y an\u00e1lisis financiero de las organizaciones.<\/li>\n<\/ul>\n<h6><span style=\"color: #0099cd;\">Duraci\u00f3n: <\/span>07 horas<\/h6>\n<h6><span style=\"color: #0099cd;\">Contenidos:<\/span><\/h6>\n<ul>\n<li>Usos de los GRD para la gesti\u00f3n cl\u00ednica<\/li>\n<li>Introducci\u00f3n a la gesti\u00f3n de costos, presupuesto y an\u00e1lisis financiero<\/li>\n<li>An\u00e1lisis de productividad<\/li>\n<\/ul>\n<\/div><\/details><\/div>\n<div class=\"lightweight-accordion bordered has-text-color has-background\"><details><summary class=\"lightweight-accordion-title\" style=\"color:#ffffff;background:#0099cd;\"><span>M\u00f3dulo Final<\/span><\/summary><div class=\"lightweight-accordion-body\" style=\"border-color:#0099cd;\"><h6><span style=\"color: #0099cd;\">TEST FINAL DE SELECCI\u00d3N M\u00daLTIPLE<br \/>\n<\/span><\/h6>\n<h6><span style=\"color: #0099cd;\">Objetivo:<\/span><\/h6>\n<ul>\n<li>\u00a0Verificar la adquisici\u00f3n de herramientas pr\u00e1cticas necesarias para la implementaci\u00f3n de los GRD y su aplicaci\u00f3n en la gesti\u00f3n cl\u00ednica, financiera, comercial y estrat\u00e9gica de la organizaci\u00f3n.<\/li>\n<\/ul>\n<\/div><\/details><\/div>\n","protected":false},"excerpt":{"rendered":"<h2><span style=\"color: #0099cd;\">Resumen del Curso<\/span><\/h2>\n<hr \/>\n<p><img decoding=\"async\" class=\"alignnone size-full wp-image-333\" style=\"font-weight: inherit;\" src=\"https:\/\/linketeach.cl\/wp-content\/uploads\/2021\/07\/education_computer_school_graduate_cap_monitor_icon_149680.png\" alt=\"\" width=\"48\" height=\"48\" \/>120 horas &#8211; 4 m\u00f3dulos<\/p>\n<p><img decoding=\"async\" class=\"alignnone size-full wp-image-332\" src=\"https:\/\/linketeach.cl\/wp-content\/uploads\/2021\/07\/education_book_learn_learning_icon_149694.png\" alt=\"\" width=\"48\" height=\"48\" \/><a href=\"https:\/\/site.redlearning.cl\/wp-content\/uploads\/2024\/08\/programagrdclinicofinanciero.pdf\" target=\"_blank\" rel=\"noopener\">Programa del Curso<\/a><\/p>\n<p><img decoding=\"async\" class=\"alignnone size-medium wp-image-335\" src=\"https:\/\/linketeach.cl\/wp-content\/uploads\/2021\/07\/notes_clipboard_icon_149712-1.png\" alt=\"\" width=\"48\" height=\"48\" \/>Evaluaci\u00f3n Final<\/p>\n<p><img loading=\"lazy\" decoding=\"async\" class=\"alignnone size-medium wp-image-334\" style=\"font-weight: inherit;\" src=\"https:\/\/linketeach.cl\/wp-content\/uploads\/2021\/07\/education_diploma_award_icon_149701.png\" alt=\"\" width=\"48\" height=\"48\" \/>Certificaci\u00f3n<\/p>\n","protected":false},"featured_media":10817,"template":"","meta":{"site-sidebar-layout":"no-sidebar","site-content-layout":"default","ast-site-content-layout":"default","site-content-style":"default","site-sidebar-style":"default","ast-global-header-display":"","ast-banner-title-visibility":"","ast-main-header-display":"","ast-hfb-above-header-display":"","ast-hfb-below-header-display":"","ast-hfb-mobile-header-display":"","site-post-title":"","ast-breadcrumbs-content":"","ast-featured-img":"","footer-sml-layout":"","ast-disable-related-posts":"","theme-transparent-header-meta":"default","adv-header-id-meta":"","stick-header-meta":"","header-above-stick-meta":"","header-main-stick-meta":"","header-below-stick-meta":"","astra-migrate-meta-layouts":"set","ast-page-background-enabled":"default","ast-page-background-meta":{"desktop":{"background-color":"","background-image":"","background-repeat":"repeat","background-position":"center center","background-size":"auto","background-attachment":"scroll","background-type":"","background-media":"","overlay-type":"","overlay-color":"","overlay-opacity":"","overlay-gradient":""},"tablet":{"background-color":"","background-image":"","background-repeat":"repeat","background-position":"center center","background-size":"auto","background-attachment":"scroll","background-type":"","background-media":"","overlay-type":"","overlay-color":"","overlay-opacity":"","overlay-gradient":""},"mobile":{"background-color":"","background-image":"","background-repeat":"repeat","background-position":"center center","background-size":"auto","background-attachment":"scroll","background-type":"","background-media":"","overlay-type":"","overlay-color":"","overlay-opacity":"","overlay-gradient":""}},"ast-content-background-meta":{"desktop":{"background-color":"var(--ast-global-color-5)","background-image":"","background-repeat":"repeat","background-position":"center center","background-size":"auto","background-attachment":"scroll","background-type":"","background-media":"","overlay-type":"","overlay-color":"","overlay-opacity":"","overlay-gradient":""},"tablet":{"background-color":"var(--ast-global-color-5)","background-image":"","background-repeat":"repeat","background-position":"center center","background-size":"auto","background-attachment":"scroll","background-type":"","background-media":"","overlay-type":"","overlay-color":"","overlay-opacity":"","overlay-gradient":""},"mobile":{"background-color":"var(--ast-global-color-5)","background-image":"","background-repeat":"repeat","background-position":"center center","background-size":"auto","background-attachment":"scroll","background-type":"","background-media":"","overlay-type":"","overlay-color":"","overlay-opacity":"","overlay-gradient":""}},"_joinchat":[]},"product_brand":[],"product_cat":[425,294],"product_tag":[],"class_list":{"0":"post-15337","1":"product","2":"type-product","3":"status-publish","4":"has-post-thumbnail","6":"product_cat-cursos","7":"product_cat-cursos-gestion-administracion-salud","8":"desktop-align-left","9":"tablet-align-left","10":"mobile-align-left","12":"first","13":"instock","14":"sale","15":"downloadable","16":"virtual","17":"sold-individually","18":"purchasable","19":"product-type-simple"},"_links":{"self":[{"href":"https:\/\/site.redlearning.cl\/index.php?rest_route=\/wp\/v2\/product\/15337","targetHints":{"allow":["GET"]}}],"collection":[{"href":"https:\/\/site.redlearning.cl\/index.php?rest_route=\/wp\/v2\/product"}],"about":[{"href":"https:\/\/site.redlearning.cl\/index.php?rest_route=\/wp\/v2\/types\/product"}],"wp:featuredmedia":[{"embeddable":true,"href":"https:\/\/site.redlearning.cl\/index.php?rest_route=\/wp\/v2\/media\/10817"}],"wp:attachment":[{"href":"https:\/\/site.redlearning.cl\/index.php?rest_route=%2Fwp%2Fv2%2Fmedia&parent=15337"}],"wp:term":[{"taxonomy":"product_brand","embeddable":true,"href":"https:\/\/site.redlearning.cl\/index.php?rest_route=%2Fwp%2Fv2%2Fproduct_brand&post=15337"},{"taxonomy":"product_cat","embeddable":true,"href":"https:\/\/site.redlearning.cl\/index.php?rest_route=%2Fwp%2Fv2%2Fproduct_cat&post=15337"},{"taxonomy":"product_tag","embeddable":true,"href":"https:\/\/site.redlearning.cl\/index.php?rest_route=%2Fwp%2Fv2%2Fproduct_tag&post=15337"}],"curies":[{"name":"wp","href":"https:\/\/api.w.org\/{rel}","templated":true}]}}