{"id":15341,"date":"2023-07-28T13:56:23","date_gmt":"2023-07-28T16:56:23","guid":{"rendered":"https:\/\/site.redlearning.cl\/?post_type=product&#038;p=15341"},"modified":"2025-11-03T17:38:43","modified_gmt":"2025-11-03T20:38:43","slug":"curso-herramientas-para-el-control-de-gestion-en-salud-3","status":"publish","type":"product","link":"https:\/\/site.redlearning.cl\/?product=curso-herramientas-para-el-control-de-gestion-en-salud-3","title":{"rendered":"Curso Herramientas para el Control de Gesti\u00f3n en Salud"},"content":{"rendered":"<p>Las organizaciones encargadas de la asistencia sanitaria han adaptado sus estructuras para dar respuesta a los cambios y reformas de los sistemas de salud, comenzando a aplicar la metodolog\u00eda y las herramientas de la teor\u00eda de gesti\u00f3n de organizaciones. La forma de ver si la instituci\u00f3n de salud logra objetivos como, ser sostenible en el tiempo, competitiva y eficiente; se ver\u00e1 reflejado en los indicadores econ\u00f3micos. Si se desea brindar servicios de calidad y consistentes, se debe garantizar la salud financiera de la instituci\u00f3n de Salud.<\/p>\n<p>Este curso describe un conjunto de herramientas de gesti\u00f3n que se vienen utilizando en la actualidad en las instituciones de salud; adem\u00e1s te permitir\u00e1 contribuir con un mejor acceso de la poblaci\u00f3n a los servicios de salud prioritarios y con el manejo eficiente de los recursos, promoviendo la solidaridad y colaboraci\u00f3n interna; con habilidades de comunicaci\u00f3n y liderazgo efectivo en equipos de trabajo; al mismo tiempo que te entregar\u00e1 competencias para promover la econom\u00eda a escala en la administraci\u00f3n de los servicios de salud.<\/p>\n<h2><span style=\"color: #0099cd;\">Objetivo General<\/span><\/h2>\n<hr \/>\n<p>Aplicar herramientas de gesti\u00f3n en las distintas etapas y \u00e1rea de la gesti\u00f3n en salud, para mantener un control integral de la gesti\u00f3n de instituciones de salud.<\/p>\n<h2><span style=\"color: #0099cd;\">Metodolog\u00eda<\/span><\/h2>\n<hr \/>\n<p>Modalidad 100% Online, asincr\u00f3nico y a tu ritmo. Contar\u00e1s con tutores desde el principio al fin de tu formaci\u00f3n, nunca estar\u00e1s sol@.<\/p>\n<h2><span style=\"color: #0099cd;\">Temario<\/span><\/h2>\n<hr \/>\n<div class=\"lightweight-accordion bordered has-text-color has-background\"><details><summary class=\"lightweight-accordion-title\" style=\"color:#ffffff;background:#0099cd;\"><span>M\u00f3dulo I - Gesti\u00f3n de recursos financieros<\/span><\/summary><div class=\"lightweight-accordion-body\" style=\"border-color:#0099cd;\"><h6><span style=\"color: #0099cd;\">Objetivos espec\u00edficos: <\/span>Reconocer los conceptos te\u00f3ricos de gesti\u00f3n econ\u00f3mica financiera y su aplicabilidad en los sistemas de salud.<\/h6>\n<h6><span style=\"color: #0099cd;\">Duraci\u00f3n: <\/span>17 horas<\/h6>\n<h6><span style=\"color: #0099cd;\">Contenidos:<\/span><\/h6>\n<ul>\n<li>Conceptos de econom\u00eda.<\/li>\n<li>Financiamiento en salud.<\/li>\n<li>Control de gesti\u00f3n.<\/li>\n<li>An\u00e1lisis de presupuesto.<\/li>\n<\/ul>\n<\/div><\/details><\/div>\n<div class=\"lightweight-accordion bordered has-text-color has-background\"><details><summary class=\"lightweight-accordion-title\" style=\"color:#ffffff;background:#0099cd;\"><span>M\u00f3dulo II - Gesti\u00f3n de la calidad<\/span><\/summary><div class=\"lightweight-accordion-body\" style=\"border-color:#0099cd;\"><h6><span style=\"color: #0099cd;\">Objetivos espec\u00edficos: <\/span>Identificar aspectos te\u00f3ricos de los sistemas de gesti\u00f3n de la calidad que aseguren el mejoramiento continuo y el funcionamiento arm\u00f3nico en instituciones de salud.<\/h6>\n<h6><span style=\"color: #0099cd;\">Duraci\u00f3n: <\/span>17 horas<\/h6>\n<h6><span style=\"color: #0099cd;\">Contenidos:<\/span><\/h6>\n<ul>\n<li>Enfoque actual de la calidad.<\/li>\n<li>Herramientas para la gesti\u00f3n de la calidad.<\/li>\n<li>Mejora continua.<\/li>\n<li>Marketing en salud.<\/li>\n<\/ul>\n<\/div><\/details><\/div>\n<div class=\"lightweight-accordion bordered has-text-color has-background\"><details><summary class=\"lightweight-accordion-title\" style=\"color:#ffffff;background:#0099cd;\"><span>M\u00f3dulo III - Planificaci\u00f3n y toma de decisiones<\/span><\/summary><div class=\"lightweight-accordion-body\" style=\"border-color:#0099cd;\"><h6><span style=\"color: #0099cd;\">Objetivos espec\u00edficos: <\/span>Aplicar herramientas pr\u00e1cticas para conseguir con \u00e9xito la implementaci\u00f3n de la estrategia organizacional, en procesos asistenciales para el mejoramiento de la eficiencia productiva.<\/h6>\n<h6><span style=\"color: #0099cd;\">Duraci\u00f3n: <\/span>17 horas<\/h6>\n<h6><span style=\"color: #0099cd;\">Contenidos:<\/span><\/h6>\n<ul>\n<li>Planificaci\u00f3n estrat\u00e9gica.<\/li>\n<li>Etapas de la planificaci\u00f3n.<\/li>\n<li>T\u00e9cnicas utilizadas en la planificaci\u00f3n estrat\u00e9gica.<\/li>\n<li>Toma de decisi\u00f3n.<\/li>\n<li>Control de los plazos y compromisos<\/li>\n<\/ul>\n<\/div><\/details><\/div>\n<div class=\"lightweight-accordion bordered has-text-color has-background\"><details><summary class=\"lightweight-accordion-title\" style=\"color:#ffffff;background:#0099cd;\"><span>M\u00f3dulo IV - Habilidades directivas en la direcci\u00f3n de salud<\/span><\/summary><div class=\"lightweight-accordion-body\" style=\"border-color:#0099cd;\"><h6><span style=\"color: #0099cd;\">Objetivos espec\u00edficos: <\/span>Utilizar herramientas para liderar y guiar equipos e instituciones de salud.<\/h6>\n<h6><span style=\"color: #0099cd;\">Duraci\u00f3n: <\/span>17 horas<\/h6>\n<h6><span style=\"color: #0099cd;\">Contenidos:<\/span><\/h6>\n<ul>\n<li>Manejo de la comunicaci\u00f3n.<\/li>\n<li>Direcci\u00f3n y trabajo en equipo.<\/li>\n<li>Liderazgo en el control de la gesti\u00f3n.<\/li>\n<li>Resoluci\u00f3n de conflicto-negociaci\u00f3n.<\/li>\n<\/ul>\n<\/div><\/details><\/div>\n<div class=\"lightweight-accordion bordered has-text-color has-background\"><details><summary class=\"lightweight-accordion-title\" style=\"color:#ffffff;background:#0099cd;\"><span>M\u00f3dulo Final<\/span><\/summary><div class=\"lightweight-accordion-body\" style=\"border-color:#0099cd;\"><h6><span style=\"color: #0099cd;\">Evaluaci\u00f3n de los contenidos vistos mediante un test de alternativas m\u00faltiples y un trabajo final basado en un estudio de caso. <\/span><\/h6>\n<h6><span style=\"color: #0099cd;\">Duraci\u00f3n: <\/span>04 horas<\/h6>\n<h6><\/h6>\n<\/div><\/details><\/div>\n","protected":false},"excerpt":{"rendered":"<h2><span style=\"color: #0099cd;\">Resumen del Curso<\/span><\/h2>\n<hr \/>\n<p><img decoding=\"async\" class=\"alignnone size-full wp-image-333\" style=\"font-weight: inherit;\" src=\"https:\/\/linketeach.cl\/wp-content\/uploads\/2021\/07\/education_computer_school_graduate_cap_monitor_icon_149680.png\" alt=\"\" width=\"48\" height=\"48\" \/>72 horas &#8211; 5 m\u00f3dulos<\/p>\n<p><img decoding=\"async\" class=\"alignnone size-full wp-image-332\" src=\"https:\/\/linketeach.cl\/wp-content\/uploads\/2021\/07\/education_book_learn_learning_icon_149694.png\" alt=\"\" width=\"48\" height=\"48\" \/><a href=\"https:\/\/site.redlearning.cl\/wp-content\/uploads\/2021\/05\/Programa-C-Control-gestion-salud.pdf\" target=\"_blank\" rel=\"noopener\">Programa del Curso<\/a><\/p>\n<p><img decoding=\"async\" class=\"alignnone size-medium wp-image-335\" src=\"https:\/\/linketeach.cl\/wp-content\/uploads\/2021\/07\/notes_clipboard_icon_149712-1.png\" alt=\"\" width=\"48\" height=\"48\" \/>Evaluaci\u00f3n Final<\/p>\n<p><img loading=\"lazy\" decoding=\"async\" class=\"alignnone size-medium wp-image-334\" style=\"font-weight: inherit;\" src=\"https:\/\/linketeach.cl\/wp-content\/uploads\/2021\/07\/education_diploma_award_icon_149701.png\" alt=\"\" width=\"48\" height=\"48\" \/>Certificaci\u00f3n<\/p>\n","protected":false},"featured_media":10702,"template":"","meta":{"site-sidebar-layout":"no-sidebar","site-content-layout":"default","ast-site-content-layout":"default","site-content-style":"default","site-sidebar-style":"default","ast-global-header-display":"","ast-banner-title-visibility":"","ast-main-header-display":"","ast-hfb-above-header-display":"","ast-hfb-below-header-display":"","ast-hfb-mobile-header-display":"","site-post-title":"","ast-breadcrumbs-content":"","ast-featured-img":"","footer-sml-layout":"","ast-disable-related-posts":"","theme-transparent-header-meta":"default","adv-header-id-meta":"","stick-header-meta":"","header-above-stick-meta":"","header-main-stick-meta":"","header-below-stick-meta":"","astra-migrate-meta-layouts":"set","ast-page-background-enabled":"default","ast-page-background-meta":{"desktop":{"background-color":"","background-image":"","background-repeat":"repeat","background-position":"center center","background-size":"auto","background-attachment":"scroll","background-type":"","background-media":"","overlay-type":"","overlay-color":"","overlay-opacity":"","overlay-gradient":""},"tablet":{"background-color":"","background-image":"","background-repeat":"repeat","background-position":"center center","background-size":"auto","background-attachment":"scroll","background-type":"","background-media":"","overlay-type":"","overlay-color":"","overlay-opacity":"","overlay-gradient":""},"mobile":{"background-color":"","background-image":"","background-repeat":"repeat","background-position":"center center","background-size":"auto","background-attachment":"scroll","background-type":"","background-media":"","overlay-type":"","overlay-color":"","overlay-opacity":"","overlay-gradient":""}},"ast-content-background-meta":{"desktop":{"background-color":"var(--ast-global-color-5)","background-image":"","background-repeat":"repeat","background-position":"center center","background-size":"auto","background-attachment":"scroll","background-type":"","background-media":"","overlay-type":"","overlay-color":"","overlay-opacity":"","overlay-gradient":""},"tablet":{"background-color":"var(--ast-global-color-5)","background-image":"","background-repeat":"repeat","background-position":"center center","background-size":"auto","background-attachment":"scroll","background-type":"","background-media":"","overlay-type":"","overlay-color":"","overlay-opacity":"","overlay-gradient":""},"mobile":{"background-color":"var(--ast-global-color-5)","background-image":"","background-repeat":"repeat","background-position":"center center","background-size":"auto","background-attachment":"scroll","background-type":"","background-media":"","overlay-type":"","overlay-color":"","overlay-opacity":"","overlay-gradient":""}},"_joinchat":[]},"product_brand":[],"product_cat":[425,294],"product_tag":[],"class_list":{"0":"post-15341","1":"product","2":"type-product","3":"status-publish","4":"has-post-thumbnail","6":"product_cat-cursos","7":"product_cat-cursos-gestion-administracion-salud","8":"desktop-align-left","9":"tablet-align-left","10":"mobile-align-left","12":"first","13":"instock","14":"sale","15":"downloadable","16":"virtual","17":"sold-individually","18":"purchasable","19":"product-type-simple"},"_links":{"self":[{"href":"https:\/\/site.redlearning.cl\/index.php?rest_route=\/wp\/v2\/product\/15341","targetHints":{"allow":["GET"]}}],"collection":[{"href":"https:\/\/site.redlearning.cl\/index.php?rest_route=\/wp\/v2\/product"}],"about":[{"href":"https:\/\/site.redlearning.cl\/index.php?rest_route=\/wp\/v2\/types\/product"}],"wp:featuredmedia":[{"embeddable":true,"href":"https:\/\/site.redlearning.cl\/index.php?rest_route=\/wp\/v2\/media\/10702"}],"wp:attachment":[{"href":"https:\/\/site.redlearning.cl\/index.php?rest_route=%2Fwp%2Fv2%2Fmedia&parent=15341"}],"wp:term":[{"taxonomy":"product_brand","embeddable":true,"href":"https:\/\/site.redlearning.cl\/index.php?rest_route=%2Fwp%2Fv2%2Fproduct_brand&post=15341"},{"taxonomy":"product_cat","embeddable":true,"href":"https:\/\/site.redlearning.cl\/index.php?rest_route=%2Fwp%2Fv2%2Fproduct_cat&post=15341"},{"taxonomy":"product_tag","embeddable":true,"href":"https:\/\/site.redlearning.cl\/index.php?rest_route=%2Fwp%2Fv2%2Fproduct_tag&post=15341"}],"curies":[{"name":"wp","href":"https:\/\/api.w.org\/{rel}","templated":true}]}}