{"id":15342,"date":"2023-07-28T14:00:58","date_gmt":"2023-07-28T17:00:58","guid":{"rendered":"https:\/\/site.redlearning.cl\/?post_type=product&#038;p=15342"},"modified":"2026-02-23T10:19:59","modified_gmt":"2026-02-23T13:19:59","slug":"diplomado-kinesioterapia-respiratoria-2","status":"publish","type":"product","link":"https:\/\/site.redlearning.cl\/?product=diplomado-kinesioterapia-respiratoria-2","title":{"rendered":"Diplomado Kinesioterapia Respiratoria"},"content":{"rendered":"<p>Las enfermedades respiratorias afectan a una proporci\u00f3n muy importante de nuestra poblaci\u00f3n e inciden de manera preponderante en la morbi-mortalidad del pa\u00eds.<\/p>\n<p>Seg\u00fan an\u00e1lisis de la Organizaci\u00f3n Mundial de la Salud, Chile a\u00fan conserva tasas de mortalidad por enfermedades respiratorias por sobre la mayor\u00eda de los pa\u00edses de la OCDE. Uno de cada 10 pacientes que fallecen en Chile, lo hacen por causa respiratoria. Para el a\u00f1o 2017 de las 17.385.805 atenciones de urgencia registradas el 29% (5.114.471) fueron diagn\u00f3sticos del sistema respiratorio. Este escenario epidemiol\u00f3gico requiere profesionales kinesi\u00f3logos o fisioterapeutas encargados de los cuidados respiratorios que act\u00faen como agentes de prevenci\u00f3n de factores de riesgo del sistema respiratorio, pero que sobre todo usen el razonamiento cl\u00ednico.<\/p>\n<p>La actualizaci\u00f3n de los conocimientos en el \u00e1rea, el avance tecnol\u00f3gico, un mejor entendimiento de la fisiolog\u00eda y fisiopatolog\u00edas respiratorias y por supuesto, el fen\u00f3meno de virus COVID-19 han modificado el escenario de la rehabilitaci\u00f3n pulmonar y la Kinesioterapia Respiratoria. Por ende, en este diplomado hemos querido actualizar y complementar formaciones, con el objetivo de lograr preparaci\u00f3n de profesionales \u00edntegros y preparados ante cualquier situaci\u00f3n.<\/p>\n<h2><span style=\"color: #0099cd;\">Objetivo General<\/span><\/h2>\n<hr \/>\n<p>Reconocer correctamente los problemas kinesiol\u00f3gicos respiratorios que presentan los pacientes, fundamentando la intervenci\u00f3n terap\u00e9utica y tratamientos posteriores; incorporando nuevas estrat\u00e9gicas terap\u00e9uticas y tomando en cuenta el nuevo contexto post pandemia.<\/p>\n<h2><span style=\"color: #0099cd;\">Metodolog\u00eda<\/span><\/h2>\n<hr \/>\n<p>Modalidad 100% Online, asincr\u00f3nico y a tu ritmo. Contar\u00e1s con tutores desde el principio al fin de tu formaci\u00f3n, nunca estar\u00e1s sol@.<\/p>\n<h2><span style=\"color: #0099cd;\">Temario<\/span><\/h2>\n<hr \/>\n<div class=\"lightweight-accordion bordered has-text-color has-background\"><details><summary class=\"lightweight-accordion-title\" style=\"color:#ffffff;background:#0099cd;\"><span>UNIDAD I: ANATOM\u00cdA, FISIOLOG\u00cdA Y FISIOPATOLOG\u00cdA DEL SISTEMA RESPIRATORIO.<\/span><\/summary><div class=\"lightweight-accordion-body\" style=\"border-color:#0099cd;\"><p><strong>Duraci\u00f3n:<\/strong> 50 Horas<\/p>\n<p><strong>Objetivo general:<\/strong> Facilitar en el estudiante la adquisici\u00f3n de conocimientos y desarrollo de capacidad de an\u00e1lisis con respecto a los mecanismos que regulan el funcionamiento del organismo, aplicando principios de fisiolog\u00eda humana que coadyuven a un mejor entendimiento del Sistema respiratorio.<\/p>\n<p><strong>M\u00d3DULO 1: ANATOM\u00cdA Y FISIOLOG\u00cdA DEL SISTEMA RESPIRATORIO<\/strong><\/p>\n<p><strong>Objetivos espec\u00edficos:<\/strong><\/p>\n<p>\u2022 Identificar cada uno de los \u00f3rganos del aparato respiratorio y sus caracter\u00edsticas anat\u00f3micas.<br \/>\n\u2022 Explicar los procesos fisiol\u00f3gicos en los que est\u00e1n implicados los \u00f3rganos del aparato respiratorio.<\/p>\n<p><strong>Contenidos:<\/strong><\/p>\n<p>1. Anatom\u00eda aplicada al sistema respiratorio.<br \/>\n1.1 Anatom\u00eda de la caja tor\u00e1cica.<br \/>\n1.2 Anatom\u00eda del diafragma.<br \/>\n1.3 Las v\u00edas respiratorias.<br \/>\n1.3.1 Nariz.<br \/>\n1.3.2 Laringe.<br \/>\n1.3.3 Tr\u00e1quea.<br \/>\n1.3.4 \u00c1rbol bronquial.<br \/>\n1.3.5 Anatom\u00eda de los pulmones.<br \/>\n1.3.6 Pleuras.<br \/>\n1.3.7 Anatom\u00eda de la caja tor\u00e1cica.<br \/>\n2. Fisiolog\u00eda respiratoria.<br \/>\n2.1 Mec\u00e1nica de la ventilaci\u00f3n pulmonar.<br \/>\n2.2 Registro de las variaciones del volumen pulmonar: espirometr\u00eda.<br \/>\n2.3 Funciones de las v\u00edas a\u00e9reas.<br \/>\n2.4 Composici\u00f3n aire alveolar y difusi\u00f3n de gases en la membrana respiratoria.<br \/>\n2.5 Regulaci\u00f3n de la respiraci\u00f3n.<br \/>\n3. Fisiolog\u00eda del diafragma.<\/p>\n<p><strong>M\u00d3DULO 2: FISIOPATOLOG\u00cdA DEL SISTEMA RESPIRATORIO Y ENFERMEDAD <\/strong><strong>POR COVID-19.<\/strong><\/p>\n<p><strong>Objetivo espec\u00edfico:<\/strong><\/p>\n<p>\u2022 Comprender las presentaciones cl\u00ednicas de las enfermedades pulmonares, tomando como base el comportamiento fisiopatol\u00f3gico de las mismas.<\/p>\n<p><strong>Contenidos:<\/strong><\/p>\n<p>1. Fisiopatolog\u00eda de las enfermedades obstructivas.<br \/>\n1.1 Mecanismos de obstrucci\u00f3n de la v\u00eda a\u00e9rea.<br \/>\n1.2 Enfermedad pulmonar obstructiva cr\u00f3nica (EPOC).<br \/>\n1.3 Asma bronquial.<br \/>\n2. Fisiopatolog\u00eda de las enfermedades restrictivas.<br \/>\n2.1 Fibrosis pulmonar idiop\u00e1tica.<br \/>\n3. Insuficiencia respiratoria.<br \/>\n4. Fisiopatolog\u00eda de la disnea.<br \/>\n5. Fisiopatolog\u00eda de la enfermedad por covid-19.<br \/>\n6. Sintomatolog\u00eda persistente en post covid-19.<\/p>\n<p><strong>M\u00d3DULO FINAL: EVALUACI\u00d3N.<\/strong><br \/>\n<strong>Instrumento:<\/strong><br \/>\n\u2022 Test de selecci\u00f3n m\u00faltiple choice.<\/p>\n<\/div><\/details><\/div>\n<div class=\"lightweight-accordion bordered has-text-color has-background\"><details><summary class=\"lightweight-accordion-title\" style=\"color:#ffffff;background:#0099cd;\"><span>UNIDAD II: INFECCIONES RESPIRATORIAS AGUDAS DEL NI\u00d1O EN ATENCI\u00d3N PRIMARIA<\/span><\/summary><div class=\"lightweight-accordion-body\" style=\"border-color:#0099cd;\"><p><strong>Duraci\u00f3n:<\/strong> 60 Horas<\/p>\n<p><strong>Objetivo general:<\/strong> Preparar a profesionales en la atenci\u00f3n de enfermos pedi\u00e1tricos con Infecciones Respiratorias Agudas (IRA), aplicando estrategias para el buen funcionamiento de la sala IRA que mejoren la calidad de vida de los pacientes y disminuyan la mortalidad y morbilidad Infantil por las IRA.<\/p>\n<p><strong>M\u00d3DULO 1: INTRODUCCI\u00d3N A LAS ENFERMEDADES RESPIRATORIAS<\/strong><\/p>\n<p>1. Contexto de las patolog\u00edas respiratorias.<br \/>\n2. Programa ira en Chile.<br \/>\n3. Am\u00e9rica latina y las salas de IRA.<\/p>\n<p><strong>M\u00d3DULO 2: INFECCIONES RESPIRATORIAS AGUDAS<\/strong><\/p>\n<p>1. Resfr\u00edo com\u00fan.<br \/>\n2. Faringoamigdalitis aguda bacteriana.<br \/>\n3. Laringitis obstructiva aguda.<br \/>\n4. S\u00edndrome bronquial obstructivo sbo.<br \/>\n5. S\u00edndrome bronquial obstructivo secundario.<br \/>\n6. Asma bronquial.<br \/>\n7. Neumon\u00eda.<\/p>\n<p><strong>M\u00d3DULO 3: M\u00c9TODOS DE APOYO DIAGN\u00d3STICO Y EVALUACI\u00d3N<\/strong><\/p>\n<p>1. M\u00e9todos de apoyo diagn\u00f3stico.<br \/>\n2. Evaluaci\u00f3n.<br \/>\n3. Tratamiento<\/p>\n<p><strong>M\u00d3DULO 4: ALGORITMOS, CALIDAD DE VIDA Y SALA IRA.<\/strong><\/p>\n<p>1. Ingreso. Severidad. Riesgo.<br \/>\n2. Escalas de calidad de vida e intervenci\u00f3n en salud familiar.<br \/>\n3. Otras intervenciones.<br \/>\n4. Indicadores y gesti\u00f3n en sala IRA.<br \/>\n5. Registro en atenci\u00f3n primaria.<\/p>\n<p><strong>M\u00d3DULO FINAL: EVALUACI\u00d3N.<\/strong><\/p>\n<p><strong>Instrumentos:<\/strong><br \/>\n1. Test de selecci\u00f3n m\u00faltiple choice.<br \/>\n2. Trabajo de integraci\u00f3n te\u00f3rico-pr\u00e1ctico<\/p>\n<\/div><\/details><\/div>\n<div class=\"lightweight-accordion bordered has-text-color has-background\"><details><summary class=\"lightweight-accordion-title\" style=\"color:#ffffff;background:#0099cd;\"><span>UNIDAD III: AEROSOLTERAPIA<\/span><\/summary><div class=\"lightweight-accordion-body\" style=\"border-color:#0099cd;\"><p><strong>Duraci\u00f3n:<\/strong> 20 Horas<\/p>\n<p><strong>Objetivo general:<\/strong> Capacitar a profesionales de la salud para aplicar t\u00e9cnicas de aerosolterapia de manera correcta en pacientes conpatolog\u00eda respiratoria en centros de atenci\u00f3n cerrada, en contexto COVID-19.<\/p>\n<p><strong>M\u00d3DULO 1: CONSIDERACIONES GENERALES EN EL CONTEXTO COVID-19.<\/strong><\/p>\n<p>1. Aparato respiratorio.<br \/>\n2. \u00bfPor qu\u00e9 aerosolterapia?<br \/>\n3. \u00bfCu\u00e1ndo se indica la aerosolterapia?<br \/>\n4. Individuos con mayor riesgo en el contexto de la pandemia.<br \/>\n5. Historia sobre la nebulizaci\u00f3n y la situaci\u00f3n actual en chile.<br \/>\n6. Relaci\u00f3n entre covid-19, sistema respiratorio y la indicaci\u00f3n de aeresolterapia.<\/p>\n<p><strong>M\u00d3DULO 2: CONCEPTOS B\u00c1SICOS DE AEROSOLTERAPIA.<\/strong><\/p>\n<p>1. Definici\u00f3n.<br \/>\n1. Indicaciones y contraindicaciones.<br \/>\n2. F\u00e1rmacos utilizados.<br \/>\n3. \u00bfQu\u00e9 es un aerosol? \u00bfc\u00f3mo se obtiene? \u00bfde qu\u00e9 depende su deposici\u00f3n?<br \/>\n4. Factores que influyen sen la deposici\u00f3n del aerosol.<\/p>\n<p><strong>M\u00d3DULO 3: FUNDAMENTOS TE\u00d3RICOS DE LA AEROSOLTERAPIA.<\/strong><\/p>\n<p>1. Tipos de aerosoles.<br \/>\n1. Tama\u00f1o de la part\u00edcula y dep\u00f3sito pulmonar.<br \/>\n2. Mecanismo dispensador y t\u00e9cnica de inhalaci\u00f3n.<br \/>\n3. Geometr\u00eda y caracter\u00edsticas de la v\u00eda a\u00e9rea.<br \/>\n4. Maniobra inspiratoria.<br \/>\n5. Aclaratoria mucociliar.<\/p>\n<p><strong>M\u00d3DULO 4: NEBULIZADORES: EQUIPOS Y SISTEMAS DE ADMINISTRACI\u00d3N.<\/strong><\/p>\n<p>1. Nebulizadores neum\u00e1ticos de chorro de bajo y alto flujo.<br \/>\n2. Nebulizadores ultras\u00f3nicos.<br \/>\n3. Nebulizador de malla.<br \/>\n4. Dispositivos de inhalaci\u00f3n.<br \/>\n5. Criterios de selecci\u00f3n del tipo de nebulizador.<br \/>\n6. Seguimiento del tratamiento con nebulizadores.<\/p>\n<p><strong>M\u00d3DULO FINAL: EVALUACI\u00d3N.<\/strong><\/p>\n<p><strong>Instrumentos:<\/strong><br \/>\n1. Test de selecci\u00f3n m\u00faltiple choice.<br \/>\n2. Estudio de casos<\/p>\n<\/div><\/details><\/div>\n<div class=\"lightweight-accordion bordered has-text-color has-background\"><details><summary class=\"lightweight-accordion-title\" style=\"color:#ffffff;background:#0099cd;\"><span>UNIDAD IV: ENFERMEDADES RESPIRATORIAS DEL ADULTO EN ATENCI\u00d3N PRIMARIA DE SALUD<\/span><\/summary><div class=\"lightweight-accordion-body\" style=\"border-color:#0099cd;\"><p><strong>Duraci\u00f3n:<\/strong> 60 Horas<\/p>\n<p><strong>Objetivo general:<\/strong> Preparar a profesionales en la atenci\u00f3n de enfermos Adulto mayor con Infecciones Respiratorias Agudas (ERA), aplicando estrategias para el buen funcionamiento de la sala ERA que mejoren la calidad de vida de los pacientes y disminuyan la mortalidad y morbilidad de personas por ERA.<\/p>\n<p><strong>M\u00d3DULO 1: INTRODUCCI\u00d3N A LAS ENFERMEDADES RESPIRATORIAS<\/strong><\/p>\n<p>1. Enfermedades respiratorias del adulto y adulto mayor en Chile.<br \/>\n2. Carga de enfermedad.<br \/>\n3. Carga atribuible y evitable.<\/p>\n<p><strong>M\u00d3DULO 2: ENFERMEDADES RESPIRATORIAS Y SU IMPACTO INDIVIDUAL<\/strong><\/p>\n<p>1. Infecciones respiratorias.<br \/>\n1.1 Resfr\u00edo com\u00fan.<br \/>\n1.2 Faringitis aguda.<br \/>\n2. Influenza.<br \/>\n3. Neumon\u00eda adquirida en la comunidad.<br \/>\n4. Asma.<br \/>\n5. Enfermedad pulmonar obstructiva cr\u00f3nica (EPOC).<br \/>\n6. Fibrosis qu\u00edstica.<br \/>\n7. Insuficiencia respiratoria.<br \/>\n8. Neumoconiosis.<br \/>\n9. Silicosis.<\/p>\n<p><strong>M\u00d3DULO 3: M\u00c9TODOS DE APOYO DIAGN\u00d3STICO Y EVALUACI\u00d3N<\/strong><\/p>\n<p>1. Ox\u00edmetro de pulso (satur\u00f3metro).<br \/>\n2. Estudio radiogr\u00e1fico.<br \/>\n3. Flujometr\u00eda.<br \/>\n4. Espirometr\u00eda.<br \/>\n5. Gases en sangre arterial.<br \/>\n6. Curb-65.<br \/>\n7. Calidad de vida en el paciente con enfermedad pulmonar cr\u00f3nica.<br \/>\n8. Escala de disnea.<\/p>\n<p><strong>M\u00d3DULO 4: SALA ERA, CARACTERIST\u00cdCAS Y EVALUACI\u00d3N<\/strong><\/p>\n<p>1. V\u00edas de ingreso a programa ERA.<br \/>\n1.1 Influenza.<br \/>\n1.2 Neumon\u00eda.<br \/>\n1.3 Asma.<br \/>\n1.4 EPOC.<br \/>\n2. Indicadores y gesti\u00f3n en sala ERA.<br \/>\n2.1 Sala ERA.<br \/>\n2.2 Monitoreo y evaluaci\u00f3n: Indicadores en sala ERA.<br \/>\n2.3 IAAPS.<br \/>\n3. Registros en atenci\u00f3n primaria.<br \/>\n3.1 rem 23.<br \/>\n3.2 rem 19.<br \/>\n3.3 rem 26.<br \/>\n3.4 rem 27.<\/p>\n<p><strong>M\u00d3DULO FINAL: EVALUACI\u00d3N<\/strong><\/p>\n<p><strong>Instrumentos:<\/strong><br \/>\n1. Test de selecci\u00f3n m\u00faltiple choice.<br \/>\n2. Trabajo de integraci\u00f3n te\u00f3rico-pr\u00e1ctico.<\/p>\n<\/div><\/details><\/div>\n<div class=\"lightweight-accordion bordered has-text-color has-background\"><details><summary class=\"lightweight-accordion-title\" style=\"color:#ffffff;background:#0099cd;\"><span>UNIDAD V: OXIGENOTERAPIA<\/span><\/summary><div class=\"lightweight-accordion-body\" style=\"border-color:#0099cd;\"><p><strong>Duraci\u00f3n:<\/strong> 20 Horas<\/p>\n<p><strong>Objetivo general:<\/strong> Capacitar a profesionales de la salud que se encuentran centros de atenci\u00f3n cerrada, donde frecuentemente se ve la necesidad de realizar cuidado y atenci\u00f3n de pacientes con indicaci\u00f3n de oxigenoterapia, en contexto de COVID-19.<\/p>\n<p><strong>M\u00d3DULO 1: CONSIDERACIONES GENERALES SOBRE EL OX\u00cdGENO<\/strong><\/p>\n<p>1. Oxigenoterapia.<br \/>\n2. Objetivos e indicaciones.<br \/>\n3. Candidatos a recibirla.<\/p>\n<p><strong>M\u00d3DULO 2: PROCEDIMIENTOS PARA ADMINISTRACI\u00d3N DE OX\u00cdGENO<\/strong><\/p>\n<p>1. Sistemas primarios de administraci\u00f3n de O2.<br \/>\n2. Sistemas Convencionales administraci\u00f3n de O2.<br \/>\n3. \u00bfC\u00f3mo se propaga la covid-19? Mortalidad, morbilidad y dosis efectiva.<br \/>\n4. Tratamiento est\u00e1ndar: Oxigenoterapia.<\/p>\n<p><strong>M\u00d3DULO 3: DISPOSITIVOS NO INVASIVOS DE AYUDA A LA OXIGENACI\u00d3N<\/strong><br \/>\n1. Aspiraci\u00f3n de secreciones.<br \/>\n2. Dispositivos de bajo flujo.<br \/>\n3. Dispositivos de alto flujo: C\u00e1nula nasal de alto flujo. Descripci\u00f3n, fundamentos<br \/>\nfisiol\u00f3gicos, indicaciones, aspectos t\u00e9cnicos.<br \/>\n4. Mascarillas de ox\u00edgeno para nebulizaci\u00f3n.<\/p>\n<p><strong>M\u00d3DULO 4: OXIGENOTERAPIA EN CONTEXTO COVID-19<\/strong><\/p>\n<p>1. Sistemas primarios de administraci\u00f3n de O2.<br \/>\n2. Sistemas Convencionales administraci\u00f3n de O2.<br \/>\n3. \u00bfC\u00f3mo se propaga la covid-19? Mortalidad, morbilidad y dosis efectiva.<br \/>\n4. Tratamiento est\u00e1ndar: Oxigenoterapia.<\/p>\n<p><strong>M\u00d3DULO FINAL: EVALUACI\u00d3N<\/strong><\/p>\n<p><strong>Instrumentos:<\/strong><br \/>\n1. Test de selecci\u00f3n m\u00faltiple choice.<br \/>\n2. Trabajo de integraci\u00f3n te\u00f3rico-pr\u00e1ctico.<\/p>\n<\/div><\/details><\/div>\n<div class=\"lightweight-accordion bordered has-text-color has-background\"><details><summary class=\"lightweight-accordion-title\" style=\"color:#ffffff;background:#0099cd;\"><span>UNIDAD VI: ESPIROMETR\u00cdA<\/span><\/summary><div class=\"lightweight-accordion-body\" style=\"border-color:#0099cd;\"><p><strong>Duraci\u00f3n:<\/strong> 60 Horas<\/p>\n<p><strong>Objetivo general:<\/strong> Fortalecer los conocimientos y habilidades de profesionales de la Salud con estrategias y procedimientos oportunos que faciliten la aplicaci\u00f3n de un Estudio de Espirometr\u00eda en base a las gu\u00edas de recomendaci\u00f3n nacionales.<\/p>\n<p><strong>M\u00d3DULO 1: ANATOM\u00cdA Y FISIOLOG\u00cdA RESPIRATORIA<\/strong><\/p>\n<p>1. Estructura del aparato respiratorio.<br \/>\n2. Anatom\u00eda del aparato respiratorio.<br \/>\n3. Funciones del sistema respiratorio.<br \/>\n4. Mec\u00e1nica ventilatoria.<br \/>\n5. M\u00fasculos de la ventilaci\u00f3n.<br \/>\n6. Propiedades el\u00e1sticas del pulm\u00f3n.<br \/>\n7. Propiedades el\u00e1sticas de la v\u00eda a\u00e9rea.<\/p>\n<p><strong>M\u00d3DULO 2: PATOLOG\u00cdAS QUE GENERAN ALTERACIONES VENTILATORIAS<\/strong><\/p>\n<p>1. Mediciones que permiten pesquisar patolog\u00edas respiratorias.<br \/>\n2. Patolog\u00edas respiratorias.<\/p>\n<p><strong>M\u00d3DULO 3: ESPIROMETR\u00cdA<\/strong><\/p>\n<p>1. Aspectos generales.<br \/>\n2. Informaci\u00f3n de los equipos.<br \/>\n3. Recomendaciones al paciente previo al examen.<br \/>\n4. T\u00e9cnicas para la realizaci\u00f3n.<br \/>\n5. Criterios de aceptabilidad y reproducibilidad.<br \/>\n6. Espirometr\u00eda y covid-19.<\/p>\n<p><strong>M\u00d3DULO FINAL: EVALUACI\u00d3N<\/strong><\/p>\n<p><strong>Instrumentos:<\/strong><br \/>\n1. Test de selecci\u00f3n multiplechoice.<br \/>\n2. Trabajo de integraci\u00f3n te\u00f3rico-pr\u00e1ctico.<\/p>\n<\/div><\/details><\/div>\n<div class=\"lightweight-accordion bordered has-text-color has-background\"><details><summary class=\"lightweight-accordion-title\" style=\"color:#ffffff;background:#0099cd;\"><span>UNIDAD VII: VENTILACI\u00d3N MEC\u00c1NICA INVASIVA Y NO INVASIVA<\/span><\/summary><div class=\"lightweight-accordion-body\" style=\"border-color:#0099cd;\"><p><strong>Duraci\u00f3n:<\/strong> 60 Horas<\/p>\n<p><strong>Objetivo general:<\/strong> Comprender la fisiopatolog\u00eda del paciente conectado a ventilaci\u00f3n mec\u00e1nica, a fin de programar las diferentes modalidades y t\u00e9cnicas ventilatorias de acuerdo a los requerimientos individuales de cada paciente, permitiendo dominar de forma pr\u00e1ctica y rigurosa el estudio de la ventilaci\u00f3n mec\u00e1nica invasiva y no invasiva.<\/p>\n<p><strong>M\u00d3DULO 1: ANATOMOFISIOLOG\u00cdA DEL APARATO RESPIRATORIO Y VALORACI\u00d3N DE LA FUNCI\u00d3N PULMONAR.<\/strong><\/p>\n<p>1. La VMNI en la actualidad.<br \/>\n2. Ventilaci\u00f3n fisiol\u00f3gica: mec\u00e1nica ventilatoria.<br \/>\n3. Fisiolog\u00eda del aparato respiratorio: del intercambio gaseoso al control ventilatorio.<br \/>\n4. Caracter\u00edsticas de la respiraci\u00f3n.<br \/>\n5. Valoraci\u00f3n del paciente respiratorio.<\/p>\n<p><strong>M\u00d3DULO 2: VENTILACI\u00d3N MEC\u00c1NICA NO INVASIVA.<\/strong><\/p>\n<p>1. Fisiopatolog\u00eda respiratoria.<br \/>\n2. Conceptos b\u00e1sicos de la ventilaci\u00f3n mec\u00e1nica.<br \/>\n3. M\u00e9todos de ventilaci\u00f3n no invasiva.<br \/>\n4. Dispositivos utilizados.<br \/>\n5. Modos ventilatorios.<br \/>\n6. Materiales utilizados en VMNI.<br \/>\n7. Problemas de adaptaci\u00f3n y soluciones.<br \/>\n8. VMNI domiciliaria y su seguimiento.<\/p>\n<p><strong>M\u00d3DULO 3: VENTILACI\u00d3N MEC\u00c1NICA INVASIVA: DEFINICI\u00d3N Y DISPOSITIVOS.<\/strong><\/p>\n<p>1. Fundamentos b\u00e1sicos de la ventilaci\u00f3n mec\u00e1nica invasiva informaci\u00f3n de los equipos.<br \/>\n2. Dispositivos para VMI.<\/p>\n<p><strong>M\u00d3DULO 4: VENTILACI\u00d3N MEC\u00c1NICA INVASIVA: SU SUSPENSI\u00d3N.<\/strong><\/p>\n<p>1. Intubaci\u00f3n endotraqueal.<br \/>\n2. Suspensi\u00f3n de la ventilaci\u00f3n mec\u00e1nica.<br \/>\n3. Plan de cuidados en ventilaci\u00f3n mec\u00e1nica invasiva.<\/p>\n<p><strong>M\u00d3DULO FINAL: EVALUACI\u00d3N.<\/strong><\/p>\n<p><strong>Instrumentos:<\/strong><br \/>\n1. Test de selecci\u00f3n multiplechoice.<br \/>\n2. Trabajo de integraci\u00f3n te\u00f3rico-pr\u00e1ctico.<\/p>\n<\/div><\/details><\/div>\n<div class=\"lightweight-accordion bordered has-text-color has-background\"><details><summary class=\"lightweight-accordion-title\" style=\"color:#ffffff;background:#0099cd;\"><span>UNIDAD VIII: REHABILITACI\u00d3N PULMONAR<\/span><\/summary><div class=\"lightweight-accordion-body\" style=\"border-color:#0099cd;\"><p><strong>Duraci\u00f3n:<\/strong> 60 Horas<\/p>\n<p><strong>Objetivo general:<\/strong> Adquirir competencias para el conocimiento e implementaci\u00f3n de Programas de Rehabilitaci\u00f3n pulmonar en APS, mediante la revisi\u00f3n de la anatom\u00eda y fisiolog\u00eda del aparato respiratorio, el diagn\u00f3stico y tratamiento precoz frente a una EPOC y la utilizaci\u00f3n de instrumentos de evaluaci\u00f3n y registros para la rehabilitaci\u00f3n pulmonar.<\/p>\n<p><strong>M\u00d3DULO 1: ANATOMOFISIOLOG\u00cdA DEL APARATO RESPIRATORIO Y VALORACI\u00d3N DE LA FUNCI\u00d3N PULMONAR.<\/strong><\/p>\n<p>1. La VMNI en la actualidad.<br \/>\n2. Ventilaci\u00f3n fisiol\u00f3gica: mec\u00e1nica ventilatoria.<br \/>\n3. Fisiolog\u00eda del aparato respiratorio: del intercambio gaseoso al control. Ventilatorio.<br \/>\n4. Caracter\u00edsticas de la respiraci\u00f3n.<br \/>\n5. Valoraci\u00f3n del paciente respiratorio.<\/p>\n<p><strong>M\u00d3DULO 2: VENTILACI\u00d3N MEC\u00c1NICA NO INVASIVA.<\/strong><\/p>\n<p>1. Fisiopatolog\u00eda respiratoria.<br \/>\n2. Conceptos b\u00e1sicos de la ventilaci\u00f3n mec\u00e1nica.<br \/>\n3. M\u00e9todos de ventilaci\u00f3n no invasiva.<br \/>\n4. Dispositivos utilizados.<br \/>\n5. Modos ventilatorios.<br \/>\n6. Materiales utilizados en VMNI.<br \/>\n7. Problemas de adaptaci\u00f3n y soluciones.<br \/>\n8. VMNI domiciliaria y su seguimiento.<\/p>\n<p><strong>M\u00d3DULO 3: VENTILACI\u00d3N MEC\u00c1NICA INVASIVA: DEFINICI\u00d3N Y DISPOSITIVOS.<\/strong><\/p>\n<p>1. Fundamentos b\u00e1sicos de la ventilaci\u00f3n mec\u00e1nica invasiva informaci\u00f3n de los equipos.<br \/>\n2. Dispositivos para VMI.<\/p>\n<p><strong>M\u00d3DULO 4: VENTILACI\u00d3N MEC\u00c1NICA INVASIVA: SU SUSPENSI\u00d3N.<\/strong><\/p>\n<p>1. Intubaci\u00f3n endotraqueal.<br \/>\n2. Suspensi\u00f3n de la ventilaci\u00f3n mec\u00e1nica.<br \/>\n3. Plan de cuidados en ventilaci\u00f3n mec\u00e1nica invasiva.<\/p>\n<p><strong>M\u00d3DULO FINAL: EVALUACI\u00d3N.<\/strong><\/p>\n<p><strong>Instrumentos:<\/strong><br \/>\n1. Test de selecci\u00f3n multiplechoice.<br \/>\n2. Trabajo de integraci\u00f3n te\u00f3rico-pr\u00e1ctico.<\/p>\n<\/div><\/details><\/div>\n","protected":false},"excerpt":{"rendered":"<h2><span style=\"color: #0099cd;\">Resumen del Curso<\/span><\/h2>\n<hr \/>\n<p><img decoding=\"async\" class=\"alignnone size-full wp-image-333\" style=\"font-weight: inherit;\" src=\"https:\/\/linketeach.cl\/wp-content\/uploads\/2021\/07\/education_computer_school_graduate_cap_monitor_icon_149680.png\" alt=\"\" width=\"48\" height=\"48\" \/>390 horas &#8211; 8 Unidades<\/p>\n<p><img decoding=\"async\" class=\"alignnone size-full wp-image-332\" src=\"https:\/\/linketeach.cl\/wp-content\/uploads\/2021\/07\/education_book_learn_learning_icon_149694.png\" alt=\"\" width=\"48\" height=\"48\" \/><a href=\"https:\/\/site.redlearning.cl\/wp-content\/uploads\/2022\/05\/d-kinesioterapiarespiratoria-2-1-1.pdf\" target=\"_blank\" rel=\"noopener\">Programa del Curso<\/a><\/p>\n<p><img decoding=\"async\" class=\"alignnone size-medium wp-image-334\" style=\"font-weight: inherit;\" src=\"https:\/\/linketeach.cl\/wp-content\/uploads\/2021\/07\/education_diploma_award_icon_149701.png\" alt=\"\" width=\"48\" height=\"48\" \/>Certificaci\u00f3n<\/p>\n","protected":false},"featured_media":11231,"template":"","meta":{"site-sidebar-layout":"no-sidebar","site-content-layout":"default","ast-site-content-layout":"default","site-content-style":"default","site-sidebar-style":"default","ast-global-header-display":"","ast-banner-title-visibility":"","ast-main-header-display":"","ast-hfb-above-header-display":"","ast-hfb-below-header-display":"","ast-hfb-mobile-header-display":"","site-post-title":"","ast-breadcrumbs-content":"","ast-featured-img":"","footer-sml-layout":"","ast-disable-related-posts":"","theme-transparent-header-meta":"default","adv-header-id-meta":"","stick-header-meta":"","header-above-stick-meta":"","header-main-stick-meta":"","header-below-stick-meta":"","astra-migrate-meta-layouts":"set","ast-page-background-enabled":"default","ast-page-background-meta":{"desktop":{"background-color":"","background-image":"","background-repeat":"repeat","background-position":"center center","background-size":"auto","background-attachment":"scroll","background-type":"","background-media":"","overlay-type":"","overlay-color":"","overlay-opacity":"","overlay-gradient":""},"tablet":{"background-color":"","background-image":"","background-repeat":"repeat","background-position":"center center","background-size":"auto","background-attachment":"scroll","background-type":"","background-media":"","overlay-type":"","overlay-color":"","overlay-opacity":"","overlay-gradient":""},"mobile":{"background-color":"","background-image":"","background-repeat":"repeat","background-position":"center center","background-size":"auto","background-attachment":"scroll","background-type":"","background-media":"","overlay-type":"","overlay-color":"","overlay-opacity":"","overlay-gradient":""}},"ast-content-background-meta":{"desktop":{"background-color":"var(--ast-global-color-5)","background-image":"","background-repeat":"repeat","background-position":"center center","background-size":"auto","background-attachment":"scroll","background-type":"","background-media":"","overlay-type":"","overlay-color":"","overlay-opacity":"","overlay-gradient":""},"tablet":{"background-color":"var(--ast-global-color-5)","background-image":"","background-repeat":"repeat","background-position":"center center","background-size":"auto","background-attachment":"scroll","background-type":"","background-media":"","overlay-type":"","overlay-color":"","overlay-opacity":"","overlay-gradient":""},"mobile":{"background-color":"var(--ast-global-color-5)","background-image":"","background-repeat":"repeat","background-position":"center center","background-size":"auto","background-attachment":"scroll","background-type":"","background-media":"","overlay-type":"","overlay-color":"","overlay-opacity":"","overlay-gradient":""}},"_joinchat":[]},"product_brand":[],"product_cat":[418,424],"product_tag":[],"class_list":{"0":"post-15342","1":"product","2":"type-product","3":"status-publish","4":"has-post-thumbnail","6":"product_cat-kine-am","7":"product_cat-diplomados","8":"desktop-align-left","9":"tablet-align-left","10":"mobile-align-left","12":"first","13":"instock","14":"sale","15":"downloadable","16":"virtual","17":"sold-individually","18":"purchasable","19":"product-type-simple"},"_links":{"self":[{"href":"https:\/\/site.redlearning.cl\/index.php?rest_route=\/wp\/v2\/product\/15342","targetHints":{"allow":["GET"]}}],"collection":[{"href":"https:\/\/site.redlearning.cl\/index.php?rest_route=\/wp\/v2\/product"}],"about":[{"href":"https:\/\/site.redlearning.cl\/index.php?rest_route=\/wp\/v2\/types\/product"}],"wp:featuredmedia":[{"embeddable":true,"href":"https:\/\/site.redlearning.cl\/index.php?rest_route=\/wp\/v2\/media\/11231"}],"wp:attachment":[{"href":"https:\/\/site.redlearning.cl\/index.php?rest_route=%2Fwp%2Fv2%2Fmedia&parent=15342"}],"wp:term":[{"taxonomy":"product_brand","embeddable":true,"href":"https:\/\/site.redlearning.cl\/index.php?rest_route=%2Fwp%2Fv2%2Fproduct_brand&post=15342"},{"taxonomy":"product_cat","embeddable":true,"href":"https:\/\/site.redlearning.cl\/index.php?rest_route=%2Fwp%2Fv2%2Fproduct_cat&post=15342"},{"taxonomy":"product_tag","embeddable":true,"href":"https:\/\/site.redlearning.cl\/index.php?rest_route=%2Fwp%2Fv2%2Fproduct_tag&post=15342"}],"curies":[{"name":"wp","href":"https:\/\/api.w.org\/{rel}","templated":true}]}}