{"id":15344,"date":"2023-07-28T14:28:33","date_gmt":"2023-07-28T17:28:33","guid":{"rendered":"https:\/\/site.redlearning.cl\/?post_type=product&#038;p=15344"},"modified":"2025-11-03T17:38:43","modified_gmt":"2025-11-03T20:38:43","slug":"diplomado-ecografia-obstetrica-2","status":"publish","type":"product","link":"https:\/\/site.redlearning.cl\/?product=diplomado-ecografia-obstetrica-2","title":{"rendered":"Diplomado Ecograf\u00eda Obst\u00e9trica"},"content":{"rendered":"<p>Los ultrasonidos se han convertido en un \u00e1rea diagn\u00f3stica necesaria e imprescindible en Obstetricia y Ginecolog\u00eda en las \u00faltimas tres d\u00e9cadas. Sobre esta base se puede afirmar que el 90% de las malformaciones fetales pueden ser diagnosticadas actualmente por esta t\u00e9cnica.<\/p>\n<p>Desde 1985, la ecograf\u00eda transvaginal se ha empleado como un examen de rutina en la mujer durante todo su ciclo vital, dentro de sus m\u00faltiples usos podemos mencionar; la exploraci\u00f3n del primer, segundo y tercer trimestre de embarazo, seguimiento folicular, en asistencia de reproducci\u00f3n, el control de patolog\u00edas ginecol\u00f3gicas, diagn\u00f3stico de s\u00edndrome de ovario poliqu\u00edstico, entre muchos otros. En Chile la ecograf\u00eda precoz en el primer trimestre de embarazo se ha instaurado por norma en el control de toda mujer embarazada, como asimismo durante todo el per\u00edodo gestacional. Sobre la base de lo anteriormente expuesto podemos mencionar que el examen ultrasonogr\u00e1fico es de vital necesidad en el control y pesquisa de anormalidades durante la gestaci\u00f3n, cabe destacar tambi\u00e9n que dentro de las directrices del control prenatal se encuentra el ingreso precoz de embarazo y con una edad gestacional segura, dichos par\u00e1metros procuran un mejor pron\u00f3stico de la evoluci\u00f3n del propio control del embarazo.<\/p>\n<p>Con este Diplomado nos hemos propuesto hacer un aporte a trav\u00e9s de la capacitaci\u00f3n de los profesionales obstetras, m\u00e9dicos y matronas\/es que trabajen en el nivel primario de atenci\u00f3n; en el \u00e1rea de la ecograf\u00eda obst\u00e9trica y ginecol\u00f3gica b\u00e1sica. Esto no excluye a los profesionales que est\u00e9n en busca de capacitaci\u00f3n continua y deseen adquirir nuevos conocimientos y destrezas en el \u00e1rea de la ultrasonograf\u00eda obst\u00e9trica y ginecol\u00f3gica.<\/p>\n<h2><span style=\"color: #0099cd;\">Objetivo General<\/span><\/h2>\n<hr \/>\n<ul>\n<li>Formar profesionales capaces de realizar ecograf\u00edas obst\u00e9tricas-ginecol\u00f3gicas en el contexto de la atenci\u00f3n primaria de salud, que contribuyan a mejorar indicadores de calidad de atenci\u00f3n y sean capaces de servir a la salud p\u00fablica y a la sociedad.<\/li>\n<li>Adquirir conocimientos te\u00f3rico-pr\u00e1cticos para efectuar un estudio ecogr\u00e1fico morfobiom\u00e9trico fetal completo y sistem\u00e1tico.<\/li>\n<li>Describir en el uso de la ecograf\u00eda en el estudio de la anatom\u00eda del suelo p\u00e9lvico.<\/li>\n<\/ul>\n<h2><span style=\"color: #0099cd;\">Metodolog\u00eda<\/span><\/h2>\n<hr \/>\n<p>Modalidad 100% Online, asincr\u00f3nico y a tu ritmo. Contar\u00e1s con tutores desde el principio al fin de tu formaci\u00f3n, nunca estar\u00e1s sol@.<\/p>\n<h2><span style=\"color: #0099cd;\">Temario<\/span><\/h2>\n<hr \/>\n<div class=\"lightweight-accordion bordered has-text-color has-background\"><details><summary class=\"lightweight-accordion-title\" style=\"color:#ffffff;background:#0099cd;\"><span>M\u00f3dulo I - Generalidades en aspectos f\u00edsicos de ultrasonido<\/span><\/summary><div class=\"lightweight-accordion-body\" style=\"border-color:#0099cd;\"><h6><span style=\"color: #0099cd;\">Objetivos espec\u00edficos: <\/span>Adquirir los conocimientos te\u00f3ricos, t\u00e9cnicos y pr\u00e1cticos necesarios para efectuar y comprender un estudio Ecogr\u00e1fico Ginecol\u00f3gico.<\/h6>\n<h6><span style=\"color: #0099cd;\">Duraci\u00f3n: <\/span>50 horas<\/h6>\n<h6><span style=\"color: #0099cd;\">Contenidos:<\/span><\/h6>\n<ul>\n<li>Principios f\u00edsicos de los ultrasonidos. Imagen e instrumentaci\u00f3n ecogr\u00e1fica.<\/li>\n<li>Principios b\u00e1sicos del funcionamiento de los equipos de ecograf\u00eda.<\/li>\n<li>Utilizaci\u00f3n de sonda abdominal y sonda vaginal.<\/li>\n<li>Modos de ecograf\u00eda: Modos B, M, Doppler, tridimensional.<\/li>\n<li>Sistematizaci\u00f3n de los planos de la pelvis. Anatom\u00eda ecogr\u00e1fica.<\/li>\n<\/ul>\n<\/div><\/details><\/div>\n<div class=\"lightweight-accordion bordered has-text-color has-background\"><details><summary class=\"lightweight-accordion-title\" style=\"color:#ffffff;background:#0099cd;\"><span>M\u00f3dulo II - Ecograf\u00eda del primer trimestre de gestaci\u00f3n<\/span><\/summary><div class=\"lightweight-accordion-body\" style=\"border-color:#0099cd;\"><h6><span style=\"color: #0099cd;\">Objetivos espec\u00edficos: <\/span><\/h6>\n<ul>\n<li>Establecer criterios para interpretar los resultados de la ecograf\u00eda fetal e incorporarlos a la pr\u00e1ctica diaria.<\/li>\n<li>Ser capaz de evaluar y derivar embarazos con crecimientos anormales.<\/li>\n<\/ul>\n<h6><span style=\"color: #0099cd;\">Duraci\u00f3n: <\/span>50 horas<\/h6>\n<h6><span style=\"color: #0099cd;\">Contenidos:<\/span><\/h6>\n<ul>\n<li>Exploraci\u00f3n normal. Anatom\u00eda ecogr\u00e1fica fetal. Biometr\u00eda fetal. Criterios b\u00e1sicos en la evaluaci\u00f3n del RCIU (retardo del crecimiento intrauterino).<\/li>\n<li>Evaluaci\u00f3n de Vitalidad embrionaria. Diagn\u00f3stico de embarazo M\u00faltiple. Determinaci\u00f3n de Edad Gestacional.<\/li>\n<li>Diagn\u00f3stico de Embarazo Patol\u00f3gico (Anembrionado, restos aborto, Mola,<\/li>\n<li>Desprendimiento ovular, Embarazo con DIU)<\/li>\n<\/ul>\n<\/div><\/details><\/div>\n<div class=\"lightweight-accordion bordered has-text-color has-background\"><details><summary class=\"lightweight-accordion-title\" style=\"color:#ffffff;background:#0099cd;\"><span>M\u00f3dulo III - Ecograf\u00eda en el segundo trimestre de gestaci\u00f3n<\/span><\/summary><div class=\"lightweight-accordion-body\" style=\"border-color:#0099cd;\"><h6><span style=\"color: #0099cd;\">Objetivos espec\u00edficos: <\/span><\/h6>\n<ul>\n<li>Ser capaz de evaluar correctamente la morfolog\u00eda normal de cabeza y columna.<\/li>\n<li>Definir edad gestacional correctamente.<\/li>\n<\/ul>\n<h6><span style=\"color: #0099cd;\">Duraci\u00f3n: <\/span>50 horas<\/h6>\n<h6><span style=\"color: #0099cd;\">Contenidos:<\/span><\/h6>\n<ul>\n<li>Estudio b\u00e1sico: estudio del sistema nervioso central, cara y cuello, eco-cardiograf\u00eda fetal, estudio del abdomen y pared abdominal, sistema nefrourol\u00f3gico, extremidades, alteraciones de la placenta y cord\u00f3n umbilical. Determinaci\u00f3n de Edad Gestacional.<\/li>\n<li>Biometr\u00eda fetal, anatom\u00eda fetal normal y anormal.<\/li>\n<\/ul>\n<\/div><\/details><\/div>\n<div class=\"lightweight-accordion bordered has-text-color has-background\"><details><summary class=\"lightweight-accordion-title\" style=\"color:#ffffff;background:#0099cd;\"><span>M\u00f3dulo IV - Ecograf\u00eda en el tercer trimestre de la gestaci\u00f3n<\/span><\/summary><div class=\"lightweight-accordion-body\" style=\"border-color:#0099cd;\"><h6><span style=\"color: #0099cd;\">Objetivos espec\u00edficos: <\/span><\/h6>\n<ul>\n<li>Ser capaz de determinar presentaci\u00f3n y posici\u00f3n fetal.<\/li>\n<li>Ser capaz de evaluar largo y caracter\u00edsticas del cuello uterino.<\/li>\n<\/ul>\n<h6><span style=\"color: #0099cd;\">Duraci\u00f3n: <\/span>50 horas<\/h6>\n<h6><span style=\"color: #0099cd;\">Contenidos:<\/span><\/h6>\n<ul>\n<li>Estudio b\u00e1sico: Evaluaci\u00f3n morfol\u00f3gica detallada: cabeza y columna, \u00f3rganos abdominales y pared, genitales y extremidades, coraz\u00f3n. Peso y crecimiento fetal.\u00a0 Posici\u00f3n fetal. Definir edad gestacional.<\/li>\n<li>Riesgo de parto prematuro: largo y caracter\u00edsticas del cuello uterino.<\/li>\n<li>Placenta y l\u00edquido amni\u00f3tico: ubicaci\u00f3n y estado de la placenta, cantidad de l\u00edquido amni\u00f3tico.<\/li>\n<li>Alteraciones del crecimiento fetal: estudio del doppler materno y fetal, perfil biof\u00edsico fetal.<\/li>\n<li>Ecograf\u00eda del tercer trimestre: Evaluaci\u00f3n de posici\u00f3n y bienestar fetal, evaluaci\u00f3n de cuello, evaluaci\u00f3n de placenta y l\u00edquido amni\u00f3tico y alteraciones del crecimiento intrauterino.<\/li>\n<\/ul>\n<\/div><\/details><\/div>\n<div class=\"lightweight-accordion bordered has-text-color has-background\"><details><summary class=\"lightweight-accordion-title\" style=\"color:#ffffff;background:#0099cd;\"><span>M\u00f3dulo V - Ecograf\u00eda ginecol\u00f3gica<\/span><\/summary><div class=\"lightweight-accordion-body\" style=\"border-color:#0099cd;\"><h6><span style=\"color: #0099cd;\">Objetivos espec\u00edficos: <\/span><\/h6>\n<ul>\n<li>Conocer la anatom\u00eda p\u00e9lvica y las patolog\u00edas ginecol\u00f3gicas m\u00e1s frecuentes.<\/li>\n<\/ul>\n<h6><span style=\"color: #0099cd;\">Duraci\u00f3n: <\/span>50 horas<\/h6>\n<h6><span style=\"color: #0099cd;\">Contenidos:<\/span><\/h6>\n<ul>\n<li>Anatom\u00eda de la Pelvis.\n<ul>\n<li style=\"list-style-type: none;\">\n<ul>\n<li>Cuello Uterino<\/li>\n<li>\u00datero<\/li>\n<li>Endometrio<\/li>\n<li>Trompas de Falopio<\/li>\n<li>Ovarios<\/li>\n<li>Fondo de saco de Douglas<\/li>\n<\/ul>\n<\/li>\n<\/ul>\n<\/li>\n<li>Patolog\u00eda ginecol\u00f3gica frecuente.\n<ul>\n<li style=\"list-style-type: none;\">\n<ul>\n<li>Miomas<\/li>\n<li>Mioma Submucoso<\/li>\n<li>Adenomiosis<\/li>\n<li>Enfermedad P\u00e9lvica inflamatoria<\/li>\n<li>L\u00edquido en el fondo del saco<\/li>\n<li>Compromiso Ov\u00e1rico<\/li>\n<li>Malformaciones uterinas<\/li>\n<li>Dispositivo Intrauterino<\/li>\n<\/ul>\n<\/li>\n<\/ul>\n<\/li>\n<\/ul>\n<\/div><\/details><\/div>\n<div class=\"lightweight-accordion bordered has-text-color has-background\"><details><summary class=\"lightweight-accordion-title\" style=\"color:#ffffff;background:#0099cd;\"><span>M\u00f3dulo VI - Pr\u00e1ctica ecogr\u00e1fica y bio\u00e9tica<\/span><\/summary><div class=\"lightweight-accordion-body\" style=\"border-color:#0099cd;\"><h6><span style=\"color: #0099cd;\">Objetivos espec\u00edficos: <\/span><\/h6>\n<ul>\n<li>Desarrollar el quehacer cl\u00ednico en un marco de respeto a la paciente.<\/li>\n<li>Aplicar un enfoque \u00e9tico en el manejo de informaci\u00f3n y su derivaci\u00f3n.<\/li>\n<\/ul>\n<h6><span style=\"color: #0099cd;\">Duraci\u00f3n: <\/span>50 horas<\/h6>\n<h6><span style=\"color: #0099cd;\">Contenidos:<\/span><\/h6>\n<ul>\n<li>Metodolog\u00eda de exploraci\u00f3n ultrasonogr\u00e1fica I, II y III trimestre de gestaci\u00f3n.<\/li>\n<li>Efectos biol\u00f3gicos y seguridad del diagn\u00f3stico ecogr\u00e1fico.<\/li>\n<li>Aspectos \u00e9tico-legales asociados al informe ecogr\u00e1fico.<\/li>\n<\/ul>\n<\/div><\/details><\/div>\n<div class=\"lightweight-accordion bordered has-text-color has-background\"><details><summary class=\"lightweight-accordion-title\" style=\"color:#ffffff;background:#0099cd;\"><span>M\u00f3dulo Final - Programa Pr\u00e1ctico<\/span><\/summary><div class=\"lightweight-accordion-body\" style=\"border-color:#0099cd;\"><h6><span style=\"color: #0099cd;\">Test Final m\u00faltiple choice.<\/span><\/h6>\n<h6><span style=\"color: #0099cd;\">Objetivos espec\u00edficos: <\/span>Adquirir destreza en la exploraci\u00f3n ginecol\u00f3gica durante el estudio de ultrasonido. Mejorar habilidades comunicativas en la transmisi\u00f3n del diagn\u00f3stico a otros profesionales.<\/h6>\n<\/div><\/details><\/div>\n","protected":false},"excerpt":{"rendered":"<p><span style=\"color: #0099cd;\">Resumen del Curso<\/span><\/p>\n<hr \/>\n<p><img decoding=\"async\" class=\"alignnone size-full wp-image-333\" style=\"font-weight: inherit;\" src=\"https:\/\/linketeach.cl\/wp-content\/uploads\/2021\/07\/education_computer_school_graduate_cap_monitor_icon_149680.png\" alt=\"\" width=\"48\" height=\"48\" \/>300 horas &#8211; 7 m\u00f3dulos<\/p>\n<p><img decoding=\"async\" class=\"alignnone size-full wp-image-332\" src=\"https:\/\/linketeach.cl\/wp-content\/uploads\/2021\/07\/education_book_learn_learning_icon_149694.png\" alt=\"\" width=\"48\" height=\"48\" \/><a href=\"https:\/\/site.redlearning.cl\/wp-content\/uploads\/2021\/11\/D-Ecografia-Obstetrica.pdf\" target=\"_blank\" rel=\"noopener\">Programa del Curso<\/a><\/p>\n<p><img decoding=\"async\" class=\"alignnone size-medium wp-image-335\" src=\"https:\/\/linketeach.cl\/wp-content\/uploads\/2021\/07\/notes_clipboard_icon_149712-1.png\" alt=\"\" width=\"48\" height=\"48\" \/>Evaluaci\u00f3n Final<\/p>\n<p><img loading=\"lazy\" decoding=\"async\" class=\"alignnone size-medium wp-image-334\" style=\"font-weight: inherit;\" src=\"https:\/\/linketeach.cl\/wp-content\/uploads\/2021\/07\/education_diploma_award_icon_149701.png\" alt=\"\" width=\"48\" height=\"48\" \/>Certificaci\u00f3n<\/p>\n","protected":false},"featured_media":11902,"template":"","meta":{"site-sidebar-layout":"no-sidebar","site-content-layout":"default","ast-site-content-layout":"default","site-content-style":"default","site-sidebar-style":"default","ast-global-header-display":"","ast-banner-title-visibility":"","ast-main-header-display":"","ast-hfb-above-header-display":"","ast-hfb-below-header-display":"","ast-hfb-mobile-header-display":"","site-post-title":"","ast-breadcrumbs-content":"","ast-featured-img":"","footer-sml-layout":"","ast-disable-related-posts":"","theme-transparent-header-meta":"default","adv-header-id-meta":"","stick-header-meta":"","header-above-stick-meta":"","header-main-stick-meta":"","header-below-stick-meta":"","astra-migrate-meta-layouts":"set","ast-page-background-enabled":"default","ast-page-background-meta":{"desktop":{"background-color":"","background-image":"","background-repeat":"repeat","background-position":"center center","background-size":"auto","background-attachment":"scroll","background-type":"","background-media":"","overlay-type":"","overlay-color":"","overlay-opacity":"","overlay-gradient":""},"tablet":{"background-color":"","background-image":"","background-repeat":"repeat","background-position":"center center","background-size":"auto","background-attachment":"scroll","background-type":"","background-media":"","overlay-type":"","overlay-color":"","overlay-opacity":"","overlay-gradient":""},"mobile":{"background-color":"","background-image":"","background-repeat":"repeat","background-position":"center center","background-size":"auto","background-attachment":"scroll","background-type":"","background-media":"","overlay-type":"","overlay-color":"","overlay-opacity":"","overlay-gradient":""}},"ast-content-background-meta":{"desktop":{"background-color":"var(--ast-global-color-5)","background-image":"","background-repeat":"repeat","background-position":"center center","background-size":"auto","background-attachment":"scroll","background-type":"","background-media":"","overlay-type":"","overlay-color":"","overlay-opacity":"","overlay-gradient":""},"tablet":{"background-color":"var(--ast-global-color-5)","background-image":"","background-repeat":"repeat","background-position":"center center","background-size":"auto","background-attachment":"scroll","background-type":"","background-media":"","overlay-type":"","overlay-color":"","overlay-opacity":"","overlay-gradient":""},"mobile":{"background-color":"var(--ast-global-color-5)","background-image":"","background-repeat":"repeat","background-position":"center center","background-size":"auto","background-attachment":"scroll","background-type":"","background-media":"","overlay-type":"","overlay-color":"","overlay-opacity":"","overlay-gradient":""}},"_joinchat":[]},"product_brand":[],"product_cat":[424,286],"product_tag":[],"class_list":{"0":"post-15344","1":"product","2":"type-product","3":"status-publish","4":"has-post-thumbnail","6":"product_cat-diplomados","7":"product_cat-diplomados-medicina-enfermeria","8":"desktop-align-left","9":"tablet-align-left","10":"mobile-align-left","12":"first","13":"instock","14":"sale","15":"downloadable","16":"virtual","17":"sold-individually","18":"purchasable","19":"product-type-simple"},"_links":{"self":[{"href":"https:\/\/site.redlearning.cl\/index.php?rest_route=\/wp\/v2\/product\/15344","targetHints":{"allow":["GET"]}}],"collection":[{"href":"https:\/\/site.redlearning.cl\/index.php?rest_route=\/wp\/v2\/product"}],"about":[{"href":"https:\/\/site.redlearning.cl\/index.php?rest_route=\/wp\/v2\/types\/product"}],"wp:featuredmedia":[{"embeddable":true,"href":"https:\/\/site.redlearning.cl\/index.php?rest_route=\/wp\/v2\/media\/11902"}],"wp:attachment":[{"href":"https:\/\/site.redlearning.cl\/index.php?rest_route=%2Fwp%2Fv2%2Fmedia&parent=15344"}],"wp:term":[{"taxonomy":"product_brand","embeddable":true,"href":"https:\/\/site.redlearning.cl\/index.php?rest_route=%2Fwp%2Fv2%2Fproduct_brand&post=15344"},{"taxonomy":"product_cat","embeddable":true,"href":"https:\/\/site.redlearning.cl\/index.php?rest_route=%2Fwp%2Fv2%2Fproduct_cat&post=15344"},{"taxonomy":"product_tag","embeddable":true,"href":"https:\/\/site.redlearning.cl\/index.php?rest_route=%2Fwp%2Fv2%2Fproduct_tag&post=15344"}],"curies":[{"name":"wp","href":"https:\/\/api.w.org\/{rel}","templated":true}]}}