{"id":15347,"date":"2023-07-28T15:04:51","date_gmt":"2023-07-28T18:04:51","guid":{"rendered":"https:\/\/site.redlearning.cl\/?post_type=product&#038;p=15347"},"modified":"2026-02-16T16:06:23","modified_gmt":"2026-02-16T19:06:23","slug":"curso-prehospital-trauma-life-support-phtls-2","status":"publish","type":"product","link":"https:\/\/site.redlearning.cl\/?product=curso-prehospital-trauma-life-support-phtls-2","title":{"rendered":"Curso Prehospital Trauma Life Support (PHTLS)"},"content":{"rendered":"<h2><span style=\"color: #0099cd;\">Objetivo General<\/span><\/h2>\n<hr \/>\n<p>Integrar t\u00e9cnicas para correcto diagn\u00f3stico y tratamiento de pacientes poli traumatizados, buscando mejorar el proceso de movilizaci\u00f3n y traslado que realizan los equipos de urgencias y rescate de pacientes con Trauma Pre hospitalario.<\/p>\n<h2><span style=\"color: #0099cd;\">Metodolog\u00eda<\/span><\/h2>\n<hr \/>\n<p>Modalidad 100% Online, asincr\u00f3nico y a tu ritmo. Contar\u00e1s con tutores desde el principio al fin de tu formaci\u00f3n, nunca estar\u00e1s sol@.<\/p>\n<h2><span style=\"color: #0099cd;\">Temario<\/span><\/h2>\n<hr \/>\n<div class=\"lightweight-accordion bordered has-text-color has-background\"><details><summary class=\"lightweight-accordion-title\" style=\"color:#ffffff;background:#0099cd;\"><span>M\u00f3dulo I - Claves para el abordaje del Paciente Prehospitalario<\/span><\/summary><div class=\"lightweight-accordion-body\" style=\"border-color:#0099cd;\"><h6><span style=\"color: #0099cd;\">Objetivos espec\u00edficos: <\/span>Examinar las claves conceptuales y pr\u00e1cticas de los equipos de rescate y urgencia para la correcta gesti\u00f3n y atenci\u00f3n de la salud de pacientes con trauma cr\u00edtico prehospitalario.<\/h6>\n<h6><span style=\"color: #0099cd;\">Duraci\u00f3n: <\/span>20 horas<\/h6>\n<h6><span style=\"color: #0099cd;\">Contenidos:<\/span><\/h6>\n<ul>\n<li>Protocolos de asistencia prehospitalaria.<\/li>\n<li>Evaluaci\u00f3n de la escena.<\/li>\n<li>Evaluaci\u00f3n del paciente.<\/li>\n<li>T\u00e9cnicas b\u00e1sicas de manejo de la v\u00eda a\u00e9rea y ventilaci\u00f3n.<\/li>\n<\/ul>\n<\/div><\/details><\/div>\n<div class=\"lightweight-accordion bordered has-text-color has-background\"><details><summary class=\"lightweight-accordion-title\" style=\"color:#ffffff;background:#0099cd;\"><span>M\u00f3dulo II - Pacientes y traumas prehospitalarios<\/span><\/summary><div class=\"lightweight-accordion-body\" style=\"border-color:#0099cd;\"><h6><span style=\"color: #0099cd;\">Objetivos espec\u00edficos: <\/span>Identificar a los tipos de pacientes con trauma prehospitalario, as\u00ed como el abordaje de los principales traumas cr\u00edticos relacionados en las prestaciones de atenci\u00f3n prehospitalaria.<\/h6>\n<h6><span style=\"color: #0099cd;\">Duraci\u00f3n: <\/span>20 horas<\/h6>\n<h6><span style=\"color: #0099cd;\">Contenidos:<\/span><\/h6>\n<ul>\n<li>Tipos de Pacientes.<\/li>\n<li>Tipos de usuarios adulto y pedi\u00e1trico.<\/li>\n<li>Tipos de traumas cr\u00edticos.<\/li>\n<li>Trauma tor\u00e1cico, craneoencef\u00e1lico<\/li>\n<\/ul>\n<\/div><\/details><\/div>\n<div class=\"lightweight-accordion bordered has-text-color has-background\"><details><summary class=\"lightweight-accordion-title\" style=\"color:#ffffff;background:#0099cd;\"><span>M\u00f3dulo III - T\u00e9cnicas de Movilizaci\u00f3n y Traslado <\/span><\/summary><div class=\"lightweight-accordion-body\" style=\"border-color:#0099cd;\"><h6><span style=\"color: #0099cd;\">Objetivos espec\u00edficos: <\/span>Manejar t\u00e9cnicas de movilizaci\u00f3n y traslado de pacientes cr\u00edticos, de acuerdo a los actuales programas de atenci\u00f3n prehospitalaria de urgencia y emergencia.<\/h6>\n<h6><span style=\"color: #0099cd;\">Duraci\u00f3n: <\/span>20 horas<\/h6>\n<h6><span style=\"color: #0099cd;\">Contenidos:<\/span><\/h6>\n<ul>\n<li>Proceso de traslados inmovilizaci\u00f3n de pacientes.<\/li>\n<li>Proceso de traslados de pacientes.<\/li>\n<li>Especificaciones por Trauma prehospitalario.<\/li>\n<li>La Evaluaci\u00f3n del paciente Politraumatizado.<\/li>\n<\/ul>\n<\/div><\/details><\/div>\n<div class=\"lightweight-accordion bordered has-text-color has-background\"><details><summary class=\"lightweight-accordion-title\" style=\"color:#ffffff;background:#0099cd;\"><span>M\u00f3dulo Final: Estudio de Caso<\/span><\/summary><div class=\"lightweight-accordion-body\" style=\"border-color:#0099cd;\"><h6><span style=\"color: #0099cd;\">TEST FINAL<br \/>\nCASOS PR\u00c1CTICOS DE SIMULACI\u00d3N<\/span><\/h6>\n<h6><span style=\"color: #0099cd;\">Duraci\u00f3n: <\/span>10 horas<\/h6>\n<h6><span style=\"color: #0099cd;\">Objetivo:<\/span><\/h6>\n<ul>\n<li>Analizar escenas de simulaci\u00f3n de atenci\u00f3n de pacientes con trauma Prehospitalario, de acuerdo a la normativa nacional e internacional del programa PHTLS<\/li>\n<\/ul>\n<\/div><\/details><\/div>\n","protected":false},"excerpt":{"rendered":"<h2><span style=\"color: #0099cd;\">Resumen del Curso<\/span><\/h2>\n<hr \/>\n<p><img decoding=\"async\" class=\"alignnone size-full wp-image-333\" style=\"font-weight: inherit;\" src=\"https:\/\/linketeach.cl\/wp-content\/uploads\/2021\/07\/education_computer_school_graduate_cap_monitor_icon_149680.png\" alt=\"\" width=\"48\" height=\"48\" \/>70 horas &#8211; 4 m\u00f3dulos<\/p>\n<p><img decoding=\"async\" class=\"alignnone size-full wp-image-332\" src=\"https:\/\/linketeach.cl\/wp-content\/uploads\/2021\/07\/education_book_learn_learning_icon_149694.png\" alt=\"\" width=\"48\" height=\"48\" \/><a href=\"https:\/\/site.redlearning.cl\/wp-content\/uploads\/2021\/01\/C_PHTLS.pdf\" target=\"_blank\" rel=\"noopener\">Programa del Curso<\/a><\/p>\n<p><img decoding=\"async\" class=\"alignnone size-medium wp-image-335\" src=\"https:\/\/linketeach.cl\/wp-content\/uploads\/2021\/07\/notes_clipboard_icon_149712-1.png\" alt=\"\" width=\"48\" height=\"48\" \/>Evaluaci\u00f3n Final<\/p>\n<p><img loading=\"lazy\" decoding=\"async\" class=\"alignnone size-medium wp-image-334\" style=\"font-weight: inherit;\" src=\"https:\/\/linketeach.cl\/wp-content\/uploads\/2021\/07\/education_diploma_award_icon_149701.png\" alt=\"\" width=\"48\" height=\"48\" \/>Certificaci\u00f3n<\/p>\n","protected":false},"featured_media":10451,"template":"","meta":{"site-sidebar-layout":"no-sidebar","site-content-layout":"default","ast-site-content-layout":"default","site-content-style":"default","site-sidebar-style":"default","ast-global-header-display":"","ast-banner-title-visibility":"","ast-main-header-display":"","ast-hfb-above-header-display":"","ast-hfb-below-header-display":"","ast-hfb-mobile-header-display":"","site-post-title":"","ast-breadcrumbs-content":"","ast-featured-img":"","footer-sml-layout":"","ast-disable-related-posts":"","theme-transparent-header-meta":"default","adv-header-id-meta":"","stick-header-meta":"","header-above-stick-meta":"","header-main-stick-meta":"","header-below-stick-meta":"","astra-migrate-meta-layouts":"set","ast-page-background-enabled":"default","ast-page-background-meta":{"desktop":{"background-color":"","background-image":"","background-repeat":"repeat","background-position":"center center","background-size":"auto","background-attachment":"scroll","background-type":"","background-media":"","overlay-type":"","overlay-color":"","overlay-opacity":"","overlay-gradient":""},"tablet":{"background-color":"","background-image":"","background-repeat":"repeat","background-position":"center center","background-size":"auto","background-attachment":"scroll","background-type":"","background-media":"","overlay-type":"","overlay-color":"","overlay-opacity":"","overlay-gradient":""},"mobile":{"background-color":"","background-image":"","background-repeat":"repeat","background-position":"center center","background-size":"auto","background-attachment":"scroll","background-type":"","background-media":"","overlay-type":"","overlay-color":"","overlay-opacity":"","overlay-gradient":""}},"ast-content-background-meta":{"desktop":{"background-color":"var(--ast-global-color-5)","background-image":"","background-repeat":"repeat","background-position":"center center","background-size":"auto","background-attachment":"scroll","background-type":"","background-media":"","overlay-type":"","overlay-color":"","overlay-opacity":"","overlay-gradient":""},"tablet":{"background-color":"var(--ast-global-color-5)","background-image":"","background-repeat":"repeat","background-position":"center center","background-size":"auto","background-attachment":"scroll","background-type":"","background-media":"","overlay-type":"","overlay-color":"","overlay-opacity":"","overlay-gradient":""},"mobile":{"background-color":"var(--ast-global-color-5)","background-image":"","background-repeat":"repeat","background-position":"center center","background-size":"auto","background-attachment":"scroll","background-type":"","background-media":"","overlay-type":"","overlay-color":"","overlay-opacity":"","overlay-gradient":""}},"_joinchat":[]},"product_brand":[],"product_cat":[425,285],"product_tag":[],"class_list":{"0":"post-15347","1":"product","2":"type-product","3":"status-publish","4":"has-post-thumbnail","6":"product_cat-cursos","7":"product_cat-cursos-medicina-y-enfermeria","8":"desktop-align-left","9":"tablet-align-left","10":"mobile-align-left","12":"first","13":"instock","14":"sale","15":"downloadable","16":"virtual","17":"sold-individually","18":"purchasable","19":"product-type-simple"},"_links":{"self":[{"href":"https:\/\/site.redlearning.cl\/index.php?rest_route=\/wp\/v2\/product\/15347","targetHints":{"allow":["GET"]}}],"collection":[{"href":"https:\/\/site.redlearning.cl\/index.php?rest_route=\/wp\/v2\/product"}],"about":[{"href":"https:\/\/site.redlearning.cl\/index.php?rest_route=\/wp\/v2\/types\/product"}],"wp:featuredmedia":[{"embeddable":true,"href":"https:\/\/site.redlearning.cl\/index.php?rest_route=\/wp\/v2\/media\/10451"}],"wp:attachment":[{"href":"https:\/\/site.redlearning.cl\/index.php?rest_route=%2Fwp%2Fv2%2Fmedia&parent=15347"}],"wp:term":[{"taxonomy":"product_brand","embeddable":true,"href":"https:\/\/site.redlearning.cl\/index.php?rest_route=%2Fwp%2Fv2%2Fproduct_brand&post=15347"},{"taxonomy":"product_cat","embeddable":true,"href":"https:\/\/site.redlearning.cl\/index.php?rest_route=%2Fwp%2Fv2%2Fproduct_cat&post=15347"},{"taxonomy":"product_tag","embeddable":true,"href":"https:\/\/site.redlearning.cl\/index.php?rest_route=%2Fwp%2Fv2%2Fproduct_tag&post=15347"}],"curies":[{"name":"wp","href":"https:\/\/api.w.org\/{rel}","templated":true}]}}