{"id":15348,"date":"2023-07-28T15:07:56","date_gmt":"2023-07-28T18:07:56","guid":{"rendered":"https:\/\/site.redlearning.cl\/?post_type=product&#038;p=15348"},"modified":"2025-11-03T17:37:58","modified_gmt":"2025-11-03T20:37:58","slug":"diplomado-herramientas-de-gestion-en-salud-2","status":"publish","type":"product","link":"https:\/\/site.redlearning.cl\/?product=diplomado-herramientas-de-gestion-en-salud-2","title":{"rendered":"Diplomado Herramientas de Gesti\u00f3n en Salud"},"content":{"rendered":"<p>Las organizaciones encargadas de la asistencia sanitaria han adaptado sus estructuras para dar respuesta a los cambios y reformas de los sistemas de salud, comenzando a aplicar la metodolog\u00eda y las herramientas de la teor\u00eda de gesti\u00f3n de organizaciones. La forma de ver si la instituci\u00f3n de salud logra objetivos como, ser sostenible en el tiempo, competitiva y eficiente; se ver\u00e1 reflejado en los indicadores econ\u00f3micos. Si se desea brindar servicios de calidad y consistentes, se debe garantizar la salud financiera de la instituci\u00f3n de Salud.<\/p>\n<p>Este diploma describe un conjunto de herramientas de gesti\u00f3n que se vienen utilizando en la actualidad en las instituciones de salud; adem\u00e1s te permitir\u00e1 contribuir con un mejor acceso de la poblaci\u00f3n a los servicios de salud prioritarios y con el manejo eficiente de los recursos, promoviendo la solidaridad y colaboraci\u00f3n interna; con habilidades de comunicaci\u00f3n y liderazgo efectivo en equipos de trabajo; al mismo tiempo que te entregar\u00e1 competencias para promover la econom\u00eda a escala en la administraci\u00f3n de los servicios de salud. Se procura entonces, que al finalizar el programa, la promoci\u00f3n una adopci\u00f3n critican de los instrumentos y propuestas de difusi\u00f3n.<\/p>\n<h2><span style=\"color: #0099cd;\">Objetivo General<\/span><\/h2>\n<hr \/>\n<p>Planear diversas herramientas y habilidades para el desarrollo de una acci\u00f3n \u00e9tica y eficiente en la administraci\u00f3n de los centros e instituciones de salud.<\/p>\n<h2><span style=\"color: #0099cd;\">Metodolog\u00eda<\/span><\/h2>\n<hr \/>\n<p>Modalidad 100% Online, asincr\u00f3nico y a tu ritmo. Contar\u00e1s con tutores desde el principio al fin de tu formaci\u00f3n, nunca estar\u00e1s sol@.<\/p>\n<h2><span style=\"color: #0099cd;\">Temario<\/span><\/h2>\n<hr \/>\n<div class=\"lightweight-accordion bordered has-text-color has-background\"><details><summary class=\"lightweight-accordion-title\" style=\"color:#ffffff;background:#0099cd;\"><span>M\u00f3dulo I - Salud global, determinantes sociales y diversidad Cultural<\/span><\/summary><div class=\"lightweight-accordion-body\" style=\"border-color:#0099cd;\"><h6><span style=\"color: #0099cd;\">Objetivos espec\u00edficos: <\/span>Analizar el concepto de salud global en el contexto de la globalizaci\u00f3n y sus implicancias en el sistema sanitario.<\/h6>\n<h6><span style=\"color: #0099cd;\">Duraci\u00f3n: <\/span>35 horas<\/h6>\n<h6><span style=\"color: #0099cd;\">Contenidos:<\/span><\/h6>\n<ul>\n<li>Salud global y globalizaci\u00f3n, equidad y determinantes sociales.<\/li>\n<li>Protecci\u00f3n social en salud.<\/li>\n<li>Interculturalidad y diversidad cultural.<\/li>\n<\/ul>\n<\/div><\/details><\/div>\n<div class=\"lightweight-accordion bordered has-text-color has-background\"><details><summary class=\"lightweight-accordion-title\" style=\"color:#ffffff;background:#0099cd;\"><span>M\u00f3dulo II - Pol\u00edtica de salud y modelo de salud en Chile<\/span><\/summary><div class=\"lightweight-accordion-body\" style=\"border-color:#0099cd;\"><h6><span style=\"color: #0099cd;\">Objetivos espec\u00edficos: <\/span>Identificar los aspectos pol\u00edticos que influyen en el sistema sanitario y el modelo de salud vigente.<\/h6>\n<h6><span style=\"color: #0099cd;\">Duraci\u00f3n: <\/span>35 horas<\/h6>\n<h6><span style=\"color: #0099cd;\">Contenidos:<\/span><\/h6>\n<ul>\n<li>Situaci\u00f3n de salud vigente en chile.<\/li>\n<li>Reforma de salud.<\/li>\n<li>Objetivos sanitarios y prioridades en salud.<\/li>\n<li>Modelos de salud.<\/li>\n<\/ul>\n<\/div><\/details><\/div>\n<div class=\"lightweight-accordion bordered has-text-color has-background\"><details><summary class=\"lightweight-accordion-title\" style=\"color:#ffffff;background:#0099cd;\"><span>M\u00f3dulo III - Desarrollo de las organizaciones<\/span><\/summary><div class=\"lightweight-accordion-body\" style=\"border-color:#0099cd;\"><h6><span style=\"color: #0099cd;\">Objetivos espec\u00edficos: <\/span>Identificar las estrategias de gesti\u00f3n para el desarrollo de las organizaciones de salud.<\/h6>\n<h6><span style=\"color: #0099cd;\">Duraci\u00f3n: <\/span>35 horas<\/h6>\n<h6><span style=\"color: #0099cd;\">Contenidos:<\/span><\/h6>\n<ul>\n<li>Tipos de organizaciones.<\/li>\n<li>La cultura organizacional.<\/li>\n<li>Gesti\u00f3n de cambios y desarrollo organizacional.<\/li>\n<li>Clima organizacional.<\/li>\n<\/ul>\n<\/div><\/details><\/div>\n<div class=\"lightweight-accordion bordered has-text-color has-background\"><details><summary class=\"lightweight-accordion-title\" style=\"color:#ffffff;background:#0099cd;\"><span>M\u00f3dulo IV - Gesti\u00f3n y desarrollo de las personas<\/span><\/summary><div class=\"lightweight-accordion-body\" style=\"border-color:#0099cd;\"><h6><span style=\"color: #0099cd;\">Objetivos espec\u00edficos: <\/span>Reconocer las estrategias de gesti\u00f3n para el desarrollo de las personas en instituciones de salud.<\/h6>\n<h6><span style=\"color: #0099cd;\">Duraci\u00f3n: <\/span>35 horas<\/h6>\n<h6><span style=\"color: #0099cd;\">Contenidos:<\/span><\/h6>\n<ul>\n<li>Gesti\u00f3n de recursos humanos.<\/li>\n<li>Gesti\u00f3n para las competencias laborales.<\/li>\n<li>Motivaci\u00f3n y satisfacci\u00f3n laboral.<\/li>\n<li>\u00c9tica y gesti\u00f3n de la atenci\u00f3n en salud.<\/li>\n<\/ul>\n<\/div><\/details><\/div>\n<div class=\"lightweight-accordion bordered has-text-color has-background\"><details><summary class=\"lightweight-accordion-title\" style=\"color:#ffffff;background:#0099cd;\"><span>M\u00f3dulo V - Gesti\u00f3n de recursos financieros<\/span><\/summary><div class=\"lightweight-accordion-body\" style=\"border-color:#0099cd;\"><h6><span style=\"color: #0099cd;\">Objetivos espec\u00edficos: <\/span>Examinar los conceptos te\u00f3ricos de gesti\u00f3n econ\u00f3mica financiera en y su aplicabilidad en los sistemas de salud.<\/h6>\n<h6><span style=\"color: #0099cd;\">Duraci\u00f3n: <\/span>35 horas<\/h6>\n<h6><span style=\"color: #0099cd;\">Contenidos:<\/span><\/h6>\n<ul>\n<li>Conceptos de econom\u00eda.<\/li>\n<li>Financiamiento en salud.<\/li>\n<li>Control de gesti\u00f3n.<\/li>\n<li>An\u00e1lisis de presupuesto.<\/li>\n<\/ul>\n<\/div><\/details><\/div>\n<div class=\"lightweight-accordion bordered has-text-color has-background\"><details><summary class=\"lightweight-accordion-title\" style=\"color:#ffffff;background:#0099cd;\"><span>M\u00f3dulo VI - Gesti\u00f3n de la calidad<\/span><\/summary><div class=\"lightweight-accordion-body\" style=\"border-color:#0099cd;\"><h6><span style=\"color: #0099cd;\">Objetivos espec\u00edficos: <\/span>Conocer aspectos te\u00f3ricos de los sistemas de gesti\u00f3n de la calidad que aseguren el mejoramiento continuo y el funcionamiento arm\u00f3nico en instituciones de salud.<\/h6>\n<h6><span style=\"color: #0099cd;\">Duraci\u00f3n: <\/span>35 horas<\/h6>\n<h6><span style=\"color: #0099cd;\">Contenidos:<\/span><\/h6>\n<ul>\n<li>Enfoque actual de la calidad.<\/li>\n<li>Herramientas para la gesti\u00f3n de la calidad.<\/li>\n<li>Mejora continua.<\/li>\n<li>Marketing en salud.<\/li>\n<\/ul>\n<\/div><\/details><\/div>\n<div class=\"lightweight-accordion bordered has-text-color has-background\"><details><summary class=\"lightweight-accordion-title\" style=\"color:#ffffff;background:#0099cd;\"><span>M\u00f3dulo VII - Planificaci\u00f3n y toma de decisiones<\/span><\/summary><div class=\"lightweight-accordion-body\" style=\"border-color:#0099cd;\"><h6><span style=\"color: #0099cd;\">Objetivos espec\u00edficos: <\/span>Comprender y aplicar herramientas pr\u00e1cticas para conseguir con \u00e9xito la implementaci\u00f3n de la estrategia organizacional, en procesos asistenciales para el mejoramiento de la eficiencia productiva.<\/h6>\n<h6><span style=\"color: #0099cd;\">Duraci\u00f3n: <\/span>35 horas<\/h6>\n<h6><span style=\"color: #0099cd;\">Contenidos:<\/span><\/h6>\n<ul>\n<li>Planificaci\u00f3n estrat\u00e9gica.<\/li>\n<li>Etapas de la planificaci\u00f3n.<\/li>\n<li>T\u00e9cnicas utilizadas en la planificaci\u00f3n estrat\u00e9gica.<\/li>\n<li>Toma de decisi\u00f3n.<\/li>\n<\/ul>\n<\/div><\/details><\/div>\n<div class=\"lightweight-accordion bordered has-text-color has-background\"><details><summary class=\"lightweight-accordion-title\" style=\"color:#ffffff;background:#0099cd;\"><span>M\u00f3dulo VIII - Habilidades directivas en la gesti\u00f3n de salud <\/span><\/summary><div class=\"lightweight-accordion-body\" style=\"border-color:#0099cd;\"><h6><span style=\"color: #0099cd;\">Objetivos espec\u00edficos: <\/span>Adquirir herramientas para liderar y guiar equipos e instituciones de salud.<\/h6>\n<h6><span style=\"color: #0099cd;\">Duraci\u00f3n: <\/span>35 horas<\/h6>\n<h6><span style=\"color: #0099cd;\">Contenidos:<\/span><\/h6>\n<ul>\n<li>Manejo de la comunicaci\u00f3n.<\/li>\n<li>Direcci\u00f3n y trabajo en equipo.<\/li>\n<li>Liderazgo.<\/li>\n<li>Resoluci\u00f3n de conflicto-negociaci\u00f3n.<\/li>\n<\/ul>\n<\/div><\/details><\/div>\n<div class=\"lightweight-accordion bordered has-text-color has-background\"><details><summary class=\"lightweight-accordion-title\" style=\"color:#ffffff;background:#0099cd;\"><span>M\u00f3dulo Final<\/span><\/summary><div class=\"lightweight-accordion-body\" style=\"border-color:#0099cd;\"><h6><span style=\"color: #0099cd;\">TEST GLOBAL<br \/>\nPROYECTO DE INTEGRACI\u00d3N TE\u00d3RICO PR\u00c1CTICO<\/span><\/h6>\n<h6><span style=\"color: #0099cd;\">Duraci\u00f3n: <\/span>20 horas<\/h6>\n<h6><span style=\"color: #0099cd;\">Objetivo:<\/span><\/h6>\n<ul>\n<li>Integrar los aspectos de gesti\u00f3n de personas, de recursos financieros, de calidad y las habilidades directivas mediante la creaci\u00f3n de un proyecto pr\u00e1ctico.<\/li>\n<\/ul>\n<\/div><\/details><\/div>\n","protected":false},"excerpt":{"rendered":"<h2><span style=\"color: #0099cd;\">Resumen del Curso<\/span><\/h2>\n<hr \/>\n<p><img decoding=\"async\" class=\"alignnone size-full wp-image-333\" style=\"font-weight: inherit;\" src=\"https:\/\/linketeach.cl\/wp-content\/uploads\/2021\/07\/education_computer_school_graduate_cap_monitor_icon_149680.png\" alt=\"\" width=\"48\" height=\"48\" \/>300 horas &#8211; 9 m\u00f3dulos<\/p>\n<p><img decoding=\"async\" class=\"alignnone size-full wp-image-332\" src=\"https:\/\/linketeach.cl\/wp-content\/uploads\/2021\/07\/education_book_learn_learning_icon_149694.png\" alt=\"\" width=\"48\" height=\"48\" \/><a href=\"https:\/\/site.redlearning.cl\/wp-content\/uploads\/2021\/01\/D-Herramientas-GestionSalud.pdf\" target=\"_blank\" rel=\"noopener\">Programa del Curso<\/a><\/p>\n<p><img decoding=\"async\" class=\"alignnone size-medium wp-image-335\" src=\"https:\/\/linketeach.cl\/wp-content\/uploads\/2021\/07\/notes_clipboard_icon_149712-1.png\" alt=\"\" width=\"48\" height=\"48\" \/>Evaluaci\u00f3n Final<\/p>\n<p><img loading=\"lazy\" decoding=\"async\" class=\"alignnone size-medium wp-image-334\" style=\"font-weight: inherit;\" src=\"https:\/\/linketeach.cl\/wp-content\/uploads\/2021\/07\/education_diploma_award_icon_149701.png\" alt=\"\" width=\"48\" height=\"48\" \/>Certificaci\u00f3n<\/p>\n","protected":false},"featured_media":10080,"template":"","meta":{"site-sidebar-layout":"no-sidebar","site-content-layout":"default","ast-site-content-layout":"default","site-content-style":"default","site-sidebar-style":"default","ast-global-header-display":"","ast-banner-title-visibility":"","ast-main-header-display":"","ast-hfb-above-header-display":"","ast-hfb-below-header-display":"","ast-hfb-mobile-header-display":"","site-post-title":"","ast-breadcrumbs-content":"","ast-featured-img":"","footer-sml-layout":"","ast-disable-related-posts":"","theme-transparent-header-meta":"default","adv-header-id-meta":"","stick-header-meta":"","header-above-stick-meta":"","header-main-stick-meta":"","header-below-stick-meta":"","astra-migrate-meta-layouts":"set","ast-page-background-enabled":"default","ast-page-background-meta":{"desktop":{"background-color":"","background-image":"","background-repeat":"repeat","background-position":"center center","background-size":"auto","background-attachment":"scroll","background-type":"","background-media":"","overlay-type":"","overlay-color":"","overlay-opacity":"","overlay-gradient":""},"tablet":{"background-color":"","background-image":"","background-repeat":"repeat","background-position":"center center","background-size":"auto","background-attachment":"scroll","background-type":"","background-media":"","overlay-type":"","overlay-color":"","overlay-opacity":"","overlay-gradient":""},"mobile":{"background-color":"","background-image":"","background-repeat":"repeat","background-position":"center center","background-size":"auto","background-attachment":"scroll","background-type":"","background-media":"","overlay-type":"","overlay-color":"","overlay-opacity":"","overlay-gradient":""}},"ast-content-background-meta":{"desktop":{"background-color":"var(--ast-global-color-5)","background-image":"","background-repeat":"repeat","background-position":"center center","background-size":"auto","background-attachment":"scroll","background-type":"","background-media":"","overlay-type":"","overlay-color":"","overlay-opacity":"","overlay-gradient":""},"tablet":{"background-color":"var(--ast-global-color-5)","background-image":"","background-repeat":"repeat","background-position":"center center","background-size":"auto","background-attachment":"scroll","background-type":"","background-media":"","overlay-type":"","overlay-color":"","overlay-opacity":"","overlay-gradient":""},"mobile":{"background-color":"var(--ast-global-color-5)","background-image":"","background-repeat":"repeat","background-position":"center center","background-size":"auto","background-attachment":"scroll","background-type":"","background-media":"","overlay-type":"","overlay-color":"","overlay-opacity":"","overlay-gradient":""}},"_joinchat":[]},"product_brand":[],"product_cat":[424,296],"product_tag":[],"class_list":{"0":"post-15348","1":"product","2":"type-product","3":"status-publish","4":"has-post-thumbnail","6":"product_cat-diplomados","7":"product_cat-diplomados-gestion-administracion-salud","8":"desktop-align-left","9":"tablet-align-left","10":"mobile-align-left","12":"first","13":"instock","14":"sale","15":"downloadable","16":"virtual","17":"sold-individually","18":"purchasable","19":"product-type-simple"},"_links":{"self":[{"href":"https:\/\/site.redlearning.cl\/index.php?rest_route=\/wp\/v2\/product\/15348","targetHints":{"allow":["GET"]}}],"collection":[{"href":"https:\/\/site.redlearning.cl\/index.php?rest_route=\/wp\/v2\/product"}],"about":[{"href":"https:\/\/site.redlearning.cl\/index.php?rest_route=\/wp\/v2\/types\/product"}],"wp:featuredmedia":[{"embeddable":true,"href":"https:\/\/site.redlearning.cl\/index.php?rest_route=\/wp\/v2\/media\/10080"}],"wp:attachment":[{"href":"https:\/\/site.redlearning.cl\/index.php?rest_route=%2Fwp%2Fv2%2Fmedia&parent=15348"}],"wp:term":[{"taxonomy":"product_brand","embeddable":true,"href":"https:\/\/site.redlearning.cl\/index.php?rest_route=%2Fwp%2Fv2%2Fproduct_brand&post=15348"},{"taxonomy":"product_cat","embeddable":true,"href":"https:\/\/site.redlearning.cl\/index.php?rest_route=%2Fwp%2Fv2%2Fproduct_cat&post=15348"},{"taxonomy":"product_tag","embeddable":true,"href":"https:\/\/site.redlearning.cl\/index.php?rest_route=%2Fwp%2Fv2%2Fproduct_tag&post=15348"}],"curies":[{"name":"wp","href":"https:\/\/api.w.org\/{rel}","templated":true}]}}