{"id":15355,"date":"2023-07-28T15:33:13","date_gmt":"2023-07-28T18:33:13","guid":{"rendered":"https:\/\/site.redlearning.cl\/?post_type=product&#038;p=15355"},"modified":"2025-11-03T17:37:58","modified_gmt":"2025-11-03T20:37:58","slug":"curso-farmacia-clinica-y-enfermedades-cronicas-2","status":"publish","type":"product","link":"https:\/\/site.redlearning.cl\/?product=curso-farmacia-clinica-y-enfermedades-cronicas-2","title":{"rendered":"Curso Farmacia Cl\u00ednica y Enfermedades Cr\u00f3nicas"},"content":{"rendered":"<p>La farmacia cl\u00ednica y la atenci\u00f3n farmac\u00e9utica han iniciado a un nuevo marco de trabajo y de ejercicio profesional hacia una intervenci\u00f3n farmac\u00e9utica orientada al paciente. Es decir, trata de conseguir el mayor beneficio terap\u00e9utico con la m\u00e1xima eficiencia posible, velando siempre por la seguridad del paciente. Si se anhela que los profesionales que se desempe\u00f1an en farmacias de atenci\u00f3n primaria y servicios de salud participen activamente estimulando el uso racional y eficiente de los medicamentos, y que dicha actividad tenga una consecuencia evidente en la salud de la poblaci\u00f3n con beneficios cuantificables para los sistemas de salud, ser\u00e1 imperioso que cada vez se especialicen m\u00e1s en la farmacia cl\u00ednica, y de esa manera incorporarse activamente al equipo de atenci\u00f3n de salud, como un profesional necesario para el manejo integral del paciente.<\/p>\n<p>Bajo este escenario, es que esta Formaci\u00f3n, otorga al alumno una formaci\u00f3n de excelencia en el \u00e1mbito farmac\u00e9utico, permitiendo que est\u00e9 sobradamente cualificado para ejercer las responsabilidades y labores de un auxiliar de farmacia. Adem\u00e1s, estudiar\u00e1 los f\u00e1rmacos que act\u00faan sobre los distintos sistemas del organismo, patolog\u00edas y tratamientos farmacol\u00f3gicos espec\u00edficos, los f\u00e1rmacos aintinflamatorios, analg\u00e9sicos, inmunosupresores, antial\u00e9rgenos. De todos ellos conocer\u00e1 la fisiolog\u00eda org\u00e1nica elemental sobre el \u00e1mbito de actuaci\u00f3n de los f\u00e1rmacos, los trastornos m\u00e1s frecuentes asociados a los sistemas o a los tipos de f\u00e1rmacos y los tipos de tratamientos recomendados para cada uno de ellos. Adem\u00e1s, un objetivo imprescindible de esta formaci\u00f3n es utilizar las herramientas otorgadas por la farmacocin\u00e9tica cl\u00ednica con el fin de ajustar las dosis de los medicamentos y as\u00ed, racionalizar su uso.<\/p>\n<h2><span style=\"color: #0099cd;\">Objetivo General<\/span><\/h2>\n<hr \/>\n<p>Otorgar al equipo de salud nuevas herramientas desde el punto de vista farmacol\u00f3gico, orientado hacia la actividad cl\u00ednica, para optimizar los tratamientos desde el punto de vista de la efectividad, seguridad y necesidad.<\/p>\n<hr \/>\n<p>Modalidad 100% Online, asincr\u00f3nico y a tu ritmo. Contar\u00e1s con tutores desde el principio al fin de tu formaci\u00f3n, nunca estar\u00e1s sol@.<\/p>\n<h2><span style=\"color: #0099cd;\">Temario<\/span><\/h2>\n<hr \/>\n<div class=\"lightweight-accordion bordered has-text-color has-background\"><details><summary class=\"lightweight-accordion-title\" style=\"color:#ffffff;background:#0099cd;\"><span>M\u00f3dulo I - Farmacolog\u00eda de la inflamaci\u00f3n, analgesia e inmunidad. Uso adecuado de antibi\u00f3ticos<\/span><\/summary><div class=\"lightweight-accordion-body\" style=\"border-color:#0099cd;\"><h6><span style=\"color: #0099cd;\">Objetivos espec\u00edficos: <\/span>Examinar los f\u00e1rmacos aintinflamatorios, analg\u00e9sicos, inmunosupresores, y antial\u00e9rgenos, as\u00ed como el uso racional de antibi\u00f3ticos en pacientes.<\/h6>\n<h6><span style=\"color: #0099cd;\">Duraci\u00f3n: <\/span>20 horas<\/h6>\n<h6><span style=\"color: #0099cd;\">Contenidos:<\/span><\/h6>\n<ul>\n<li>Inflamaci\u00f3n, dolor y fiebre (Fisiolog\u00eda del dolor y de la inflamaci\u00f3n y t\u00e9cnica preventiva para el control del dolor).<\/li>\n<li>Analg\u00e9sicos y antiinflamatorios (Analg\u00e9sicos opioides, antagonistas: la naloxona y antiinflamatorios).<\/li>\n<li>Inmunidad y alergia (F\u00e1rmacos inmunosupresores y F\u00e1rmacos antial\u00e9rgicos).<\/li>\n<li>Uso racional de antibi\u00f3ticos.<\/li>\n<\/ul>\n<\/div><\/details><\/div>\n<div class=\"lightweight-accordion bordered has-text-color has-background\"><details><summary class=\"lightweight-accordion-title\" style=\"color:#ffffff;background:#0099cd;\"><span>M\u00f3dulo II - F\u00e1rmacos activos sobre sistemas y su tratamiento en enfermedades cr\u00f3nicas<\/span><\/summary><div class=\"lightweight-accordion-body\" style=\"border-color:#0099cd;\"><h6><span style=\"color: #0099cd;\">Objetivos espec\u00edficos: <\/span>Examinar los f\u00e1rmacos aintinflamatorios, analg\u00e9sicos, inmunosupresores, y antial\u00e9rgenos, as\u00ed como el uso racional de antibi\u00f3ticos en pacientes.<\/h6>\n<h6><span style=\"color: #0099cd;\">Duraci\u00f3n: <\/span>25 horas<\/h6>\n<h6><span style=\"color: #0099cd;\">Contenidos:<\/span><\/h6>\n<ul>\n<li><strong>F\u00e1rmacos activos sobre el sistema nervioso:<\/strong> fisiolog\u00eda, patolog\u00edas m\u00e1s comunes, tratamientos farmacol\u00f3gicos para enfermedades cr\u00f3nicas, analg\u00e9sicos, somn\u00edferos, ansiol\u00edticos y antidepresivos.<\/li>\n<li><strong>F\u00e1rmacos activos sobre el sistema endocrino:<\/strong> las hormonas, patolog\u00edas m\u00e1s frecuentes, terap\u00e9utica farmacol\u00f3gica y utilizaci\u00f3n cl\u00ednica.<\/li>\n<li>F\u00e1rmacos activos sobre el sistema cardiovascular: fisiolog\u00eda, s\u00edntomas de enfermedad cardiaca, tratamientos farmacol\u00f3gicos (Farmacolog\u00eda de la Insuficiencia Card\u00edaca, Hipertensi\u00f3n Arterial, antianginosa, vasoconstrictora y para problemas de coagulaci\u00f3n.<\/li>\n<li><strong>F\u00e1rmacos activos sobre el aparato respiratorio:<\/strong> conceptos generales: patolog\u00eda y tratamiento, broncodilatadores, anticolin\u00e9rgicos, xantinas, antihistam\u00ednicos, tipos de antagonistas H1, profil\u00e1cticos y antiinflamatorios, estabilizadores del amstocito, glucocorticoides, antitus\u00edgenos, mucol\u00edticos y<br \/>\ndescongestionantes nasales.<\/li>\n<li><strong>F\u00e1rmacos activos sobre el aparato digestivo:<\/strong> s\u00edntomas de enfermedad digestiva. Anti\u00e1cidos y antiulcerosos (inhibidores de la bomba de protones, antagonistas de los receptores H2, agentes que refuerzan la mucosa, antibi\u00f3ticos), laxantes, antidiarr\u00e9icos.<\/li>\n<li><strong>Farmacolog\u00eda del aparato reproductor:<\/strong> Esteroides Sexuales Sint\u00e9ticos. Tratamientos farmacol\u00f3gicos en el Sistema Renal.<\/li>\n<\/ul>\n<\/div><\/details><\/div>\n<div class=\"lightweight-accordion bordered has-text-color has-background\"><details><summary class=\"lightweight-accordion-title\" style=\"color:#ffffff;background:#0099cd;\"><span>M\u00f3dulo III - Uso de f\u00e1rmacos en situaciones especiales y sus situaciones adversas <\/span><\/summary><div class=\"lightweight-accordion-body\" style=\"border-color:#0099cd;\"><h6><span style=\"color: #0099cd;\">Objetivos espec\u00edficos: <\/span>Analizar los casos especiales para los que hay que considerar v\u00edas farmacol\u00f3gicas alternativas como el caso de embarazo y lactancia, f\u00e1rmacos para neonatos y ni\u00f1os y v\u00edas para su administraci\u00f3n, farmacolog\u00eda para pacientes geri\u00e1tricos, tratamiento de trastornos psiqui\u00e1tricos y tratamientos en funci\u00f3n de insuficiencias org\u00e1nicas como la renal o la hep\u00e1tica.<\/h6>\n<h6><span style=\"color: #0099cd;\">Duraci\u00f3n: <\/span>25 horas<\/h6>\n<h6><span style=\"color: #0099cd;\">Contenidos:<\/span><\/h6>\n<ul>\n<li>Embarazo y lactancia (f\u00e1rmacos en obstetricia, gestaci\u00f3n, lactancia)<\/li>\n<li>Neonatos y ni\u00f1os (T\u00e9cnicas para facilitar la correcta administraci\u00f3n de medicamentos a los ni\u00f1os)<\/li>\n<li>Pacientes geri\u00e1tricos<\/li>\n<li>Tratamiento de trastornos psic\u00f3ticos<\/li>\n<li>Insuficiencias org\u00e1nicas: renal y hep\u00e1tica<\/li>\n<li>Introducci\u00f3n a la Reacciones Adversas a Medicamentos: definiciones, clasificaci\u00f3n, epidemiolog\u00eda.<\/li>\n<\/ul>\n<\/div><\/details><\/div>\n<div class=\"lightweight-accordion bordered has-text-color has-background\"><details><summary class=\"lightweight-accordion-title\" style=\"color:#ffffff;background:#0099cd;\"><span>M\u00f3dulo IV - Los modelos farmacocin\u00e9ticos\/farmacodin\u00e1micos (PK\/PD) <\/span><\/summary><div class=\"lightweight-accordion-body\" style=\"border-color:#0099cd;\"><h6><span style=\"color: #0099cd;\">Objetivos espec\u00edficos: <\/span>Explicar la metodolog\u00eda PK\/PD para describir, predecir y en lo posible comprender la evoluci\u00f3n temporal del efecto farmacol\u00f3gico en funci\u00f3n de la dosis administrada.<\/h6>\n<h6><span style=\"color: #0099cd;\">Duraci\u00f3n: <\/span>25 horas<\/h6>\n<h6><span style=\"color: #0099cd;\">Contenidos:<\/span><\/h6>\n<ul>\n<li>Caracter\u00edsticas farmacocin\u00e9ticas asociadas a propiedades fisicoqu\u00edmicas<\/li>\n<li>Comportamiento farmacocin\u00e9tico en un paciente con sepsis<\/li>\n<li>Niveles y modelos PK\/PD<\/li>\n<li>\u00cdndices PK\/PD<\/li>\n<li>Determinaci\u00f3n de un r\u00e9gimen de dosificaci\u00f3n para un antibi\u00f3tico<\/li>\n<li>Evidencia de la relaci\u00f3n PK\/PD<\/li>\n<\/ul>\n<\/div><\/details><\/div>\n<div class=\"lightweight-accordion bordered has-text-color has-background\"><details><summary class=\"lightweight-accordion-title\" style=\"color:#ffffff;background:#0099cd;\"><span>M\u00f3dulo Final<\/span><\/summary><div class=\"lightweight-accordion-body\" style=\"border-color:#0099cd;\"><h6><span style=\"color: #0099cd;\">TEST GLOBAL<br \/>\nTRABAJO PR\u00c1CTICO<br \/>\n<\/span><\/h6>\n<h6><span style=\"color: #0099cd;\">Duraci\u00f3n: <\/span>20 horas<\/h6>\n<h6><span style=\"color: #0099cd;\">Objetivo:<\/span><\/h6>\n<ul>\n<li>Analizar una patolog\u00eda cr\u00f3nica espec\u00edfica mediante la aplicaci\u00f3n de la hereramienta PK\/PD, con el fin de optimizar los reg\u00edmenes terap\u00e9uticos.<\/li>\n<\/ul>\n<\/div><\/details><\/div>\n","protected":false},"excerpt":{"rendered":"<h2><span style=\"color: #0099cd;\">Resumen del Curso<\/span><\/h2>\n<hr \/>\n<p><img decoding=\"async\" class=\"alignnone size-full wp-image-333\" style=\"font-weight: inherit;\" src=\"https:\/\/linketeach.cl\/wp-content\/uploads\/2021\/07\/education_computer_school_graduate_cap_monitor_icon_149680.png\" alt=\"\" width=\"48\" height=\"48\" \/>120\u00a0horas &#8211; 5 m\u00f3dulos<\/p>\n<p><img decoding=\"async\" class=\"alignnone size-full wp-image-332\" src=\"https:\/\/linketeach.cl\/wp-content\/uploads\/2021\/07\/education_book_learn_learning_icon_149694.png\" alt=\"\" width=\"48\" height=\"48\" \/><a href=\"https:\/\/site.redlearning.cl\/wp-content\/uploads\/2021\/01\/C-Farmacia-Clinica.pdf\" target=\"_blank\" rel=\"noopener\">Programa del Curso<\/a><\/p>\n<p><img decoding=\"async\" class=\"alignnone size-medium wp-image-335\" src=\"https:\/\/linketeach.cl\/wp-content\/uploads\/2021\/07\/notes_clipboard_icon_149712-1.png\" alt=\"\" width=\"48\" height=\"48\" \/>Evaluaci\u00f3n Final<\/p>\n<p><img loading=\"lazy\" decoding=\"async\" class=\"alignnone size-medium wp-image-334\" style=\"font-weight: inherit;\" src=\"https:\/\/linketeach.cl\/wp-content\/uploads\/2021\/07\/education_diploma_award_icon_149701.png\" alt=\"\" width=\"48\" height=\"48\" \/>Certificaci\u00f3n<\/p>\n","protected":false},"featured_media":10097,"template":"","meta":{"site-sidebar-layout":"no-sidebar","site-content-layout":"default","ast-site-content-layout":"default","site-content-style":"default","site-sidebar-style":"default","ast-global-header-display":"","ast-banner-title-visibility":"","ast-main-header-display":"","ast-hfb-above-header-display":"","ast-hfb-below-header-display":"","ast-hfb-mobile-header-display":"","site-post-title":"","ast-breadcrumbs-content":"","ast-featured-img":"","footer-sml-layout":"","ast-disable-related-posts":"","theme-transparent-header-meta":"default","adv-header-id-meta":"","stick-header-meta":"","header-above-stick-meta":"","header-main-stick-meta":"","header-below-stick-meta":"","astra-migrate-meta-layouts":"set","ast-page-background-enabled":"default","ast-page-background-meta":{"desktop":{"background-color":"","background-image":"","background-repeat":"repeat","background-position":"center center","background-size":"auto","background-attachment":"scroll","background-type":"","background-media":"","overlay-type":"","overlay-color":"","overlay-opacity":"","overlay-gradient":""},"tablet":{"background-color":"","background-image":"","background-repeat":"repeat","background-position":"center center","background-size":"auto","background-attachment":"scroll","background-type":"","background-media":"","overlay-type":"","overlay-color":"","overlay-opacity":"","overlay-gradient":""},"mobile":{"background-color":"","background-image":"","background-repeat":"repeat","background-position":"center center","background-size":"auto","background-attachment":"scroll","background-type":"","background-media":"","overlay-type":"","overlay-color":"","overlay-opacity":"","overlay-gradient":""}},"ast-content-background-meta":{"desktop":{"background-color":"var(--ast-global-color-5)","background-image":"","background-repeat":"repeat","background-position":"center center","background-size":"auto","background-attachment":"scroll","background-type":"","background-media":"","overlay-type":"","overlay-color":"","overlay-opacity":"","overlay-gradient":""},"tablet":{"background-color":"var(--ast-global-color-5)","background-image":"","background-repeat":"repeat","background-position":"center center","background-size":"auto","background-attachment":"scroll","background-type":"","background-media":"","overlay-type":"","overlay-color":"","overlay-opacity":"","overlay-gradient":""},"mobile":{"background-color":"var(--ast-global-color-5)","background-image":"","background-repeat":"repeat","background-position":"center center","background-size":"auto","background-attachment":"scroll","background-type":"","background-media":"","overlay-type":"","overlay-color":"","overlay-opacity":"","overlay-gradient":""}},"_joinchat":[]},"product_brand":[],"product_cat":[425,285],"product_tag":[],"class_list":{"0":"post-15355","1":"product","2":"type-product","3":"status-publish","4":"has-post-thumbnail","6":"product_cat-cursos","7":"product_cat-cursos-medicina-y-enfermeria","8":"desktop-align-left","9":"tablet-align-left","10":"mobile-align-left","12":"first","13":"instock","14":"sale","15":"downloadable","16":"virtual","17":"sold-individually","18":"purchasable","19":"product-type-simple"},"_links":{"self":[{"href":"https:\/\/site.redlearning.cl\/index.php?rest_route=\/wp\/v2\/product\/15355","targetHints":{"allow":["GET"]}}],"collection":[{"href":"https:\/\/site.redlearning.cl\/index.php?rest_route=\/wp\/v2\/product"}],"about":[{"href":"https:\/\/site.redlearning.cl\/index.php?rest_route=\/wp\/v2\/types\/product"}],"wp:featuredmedia":[{"embeddable":true,"href":"https:\/\/site.redlearning.cl\/index.php?rest_route=\/wp\/v2\/media\/10097"}],"wp:attachment":[{"href":"https:\/\/site.redlearning.cl\/index.php?rest_route=%2Fwp%2Fv2%2Fmedia&parent=15355"}],"wp:term":[{"taxonomy":"product_brand","embeddable":true,"href":"https:\/\/site.redlearning.cl\/index.php?rest_route=%2Fwp%2Fv2%2Fproduct_brand&post=15355"},{"taxonomy":"product_cat","embeddable":true,"href":"https:\/\/site.redlearning.cl\/index.php?rest_route=%2Fwp%2Fv2%2Fproduct_cat&post=15355"},{"taxonomy":"product_tag","embeddable":true,"href":"https:\/\/site.redlearning.cl\/index.php?rest_route=%2Fwp%2Fv2%2Fproduct_tag&post=15355"}],"curies":[{"name":"wp","href":"https:\/\/api.w.org\/{rel}","templated":true}]}}