{"id":15356,"date":"2023-07-28T15:35:28","date_gmt":"2023-07-28T18:35:28","guid":{"rendered":"https:\/\/site.redlearning.cl\/?post_type=product&#038;p=15356"},"modified":"2025-11-03T17:37:58","modified_gmt":"2025-11-03T20:37:58","slug":"curso-radiografia-de-torax-para-profesionales-2","status":"publish","type":"product","link":"https:\/\/site.redlearning.cl\/?product=curso-radiografia-de-torax-para-profesionales-2","title":{"rendered":"Curso Radiograf\u00eda de T\u00f3rax para Profesionales"},"content":{"rendered":"<p>Actualmente, la Radiograf\u00eda de T\u00f3rax es un examen b\u00e1sico en la evaluaci\u00f3n diaria de pacientes. Sin embargo, su ejecuci\u00f3n, an\u00e1lisis e interpretaci\u00f3n es incompleto en la formaci\u00f3n general de los profesionales de la salud.<\/p>\n<p>El objetivo de este curso, de modalidad e-learning, es entregar a los alumnos las competencias necesarias para la correcta interpretaci\u00f3n de la radiograf\u00eda de T\u00f3rax en sus diversas modalidades. Este programa abarca desde el reconocimiento de los elementos anat\u00f3micos, t\u00e9cnicas, modalidades y variantes de la normalidad observadas en una radiograf\u00eda, hasta aquellas patolog\u00edas m\u00e1s frecuentes del aparato respiratorio, cardiovascular, as\u00ed como la pared tor\u00e1cica que, por su importancia pron\u00f3stica y\/o diagn\u00f3stica, requieren de su derivaci\u00f3n oportuna al especialista.<\/p>\n<h2><span style=\"color: #0099cd;\">Objetivo General<\/span><\/h2>\n<hr \/>\n<p>Desarrollar competencias en los profesionales para la interpretaci\u00f3n del Examen Radiol\u00f3gico del T\u00f3rax, en el nivel primario de atenci\u00f3n en salud<\/p>\n<h2><span style=\"color: #0099cd;\">Metodolog\u00eda<\/span><\/h2>\n<hr \/>\n<p>Modalidad 100% Online, asincr\u00f3nico y a tu ritmo. Contar\u00e1s con tutores desde el principio al fin de tu formaci\u00f3n, nunca estar\u00e1s sol@.<\/p>\n<h2><span style=\"color: #0099cd;\">Temario<\/span><\/h2>\n<hr \/>\n<div class=\"lightweight-accordion bordered has-text-color has-background\"><details><summary class=\"lightweight-accordion-title\" style=\"color:#ffffff;background:#0099cd;\"><span>M\u00f3dulo I - Radiograf\u00eda de T\u00f3rax Convencional: aspectos b\u00e1sicos<\/span><\/summary><div class=\"lightweight-accordion-body\" style=\"border-color:#0099cd;\"><h6><span style=\"color: #0099cd;\">Objetivos espec\u00edficos: <\/span>Introducir las modalidades de estudio b\u00e1sicas en Radiolog\u00eda del T\u00f3rax, as\u00ed como los Par\u00e1metros de Calidad para la evaluaci\u00f3n de Radiograf\u00edas Diagn\u00f3sticas.<\/h6>\n<h6><span style=\"color: #0099cd;\">Duraci\u00f3n: <\/span>25 horas<\/h6>\n<h6><span style=\"color: #0099cd;\">Contenidos:<\/span><\/h6>\n<ul>\n<li>Introducci\u00f3n al diagn\u00f3stico por im\u00e1genes.<\/li>\n<li>Estudios imagenol\u00f3gicos en radiograf\u00edas simples de t\u00f3rax.<\/li>\n<li>Beneficios, riesgos, limitaciones, indicaciones y contraindicaciones.<\/li>\n<li>Densidades.<\/li>\n<li>Par\u00e1metros de calidad radiol\u00f3gica.<\/li>\n<li>Sistematizaci\u00f3n para el reconocimiento de la anatom\u00eda radiol\u00f3gica tor\u00e1cica.<\/li>\n<\/ul>\n<\/div><\/details><\/div>\n<div class=\"lightweight-accordion bordered has-text-color has-background\"><details><summary class=\"lightweight-accordion-title\" style=\"color:#ffffff;background:#0099cd;\"><span>M\u00f3dulo II - Pulm\u00f3n<\/span><\/summary><div class=\"lightweight-accordion-body\" style=\"border-color:#0099cd;\"><h6><span style=\"color: #0099cd;\">Objetivos espec\u00edficos: <\/span>Adquirir conocimientos te\u00f3ricos- pr\u00e1cticos para efectuar un identificaci\u00f3n y an\u00e1lisis adecuada de las principales Enfermedades Respiratorias en un RX de T\u00f3rax.<\/h6>\n<h6><span style=\"color: #0099cd;\">Duraci\u00f3n: <\/span>25 horas<\/h6>\n<h6><span style=\"color: #0099cd;\">Contenidos:<\/span><\/h6>\n<ul>\n<li>Im\u00e1genes hipertransparentes: Hipertransparencias generalizadas,<\/li>\n<li>Hipertransparencias localizadas;<\/li>\n<li>Im\u00e1genes radiopacas: Radiopacidades extensas y homog\u00e9neas,<\/li>\n<li>Radiopacidades circunscritas aisladas o diseminadas,<\/li>\n<li>Im\u00e1genes radiopacas anormales.<\/li>\n<\/ul>\n<\/div><\/details><\/div>\n<div class=\"lightweight-accordion bordered has-text-color has-background\"><details><summary class=\"lightweight-accordion-title\" style=\"color:#ffffff;background:#0099cd;\"><span>M\u00f3dulo III - Mediastino y Coraz\u00f3n<\/span><\/summary><div class=\"lightweight-accordion-body\" style=\"border-color:#0099cd;\"><h6><span style=\"color: #0099cd;\">Objetivos espec\u00edficos: <\/span>Diferenciar las caracter\u00edsticas propias de una Radiograf\u00eda (Rx) Card\u00edaca.<\/h6>\n<h6><span style=\"color: #0099cd;\">Duraci\u00f3n: <\/span>25 horas<\/h6>\n<h6><span style=\"color: #0099cd;\">Contenidos:<\/span><\/h6>\n<ul>\n<li>Anatom\u00eda del mediastino, coraz\u00f3n y grandes vasos en RX de t\u00f3rax.<\/li>\n<li>Anatom\u00eda radiol\u00f3gica del coraz\u00f3n<\/li>\n<li>Sistem\u00e1tica de lectura:\n<ul>\n<li style=\"list-style-type: none;\">\n<ul>\n<li>Tama\u00f1o<\/li>\n<li>Posici\u00f3n<\/li>\n<li>Contorno<\/li>\n<li>Densidad<\/li>\n<li>Vascularizaci\u00f3n pulmonar<\/li>\n<li>Otros hallazgos<\/li>\n<\/ul>\n<\/li>\n<\/ul>\n<\/li>\n<\/ul>\n<\/div><\/details><\/div>\n<div class=\"lightweight-accordion bordered has-text-color has-background\"><details><summary class=\"lightweight-accordion-title\" style=\"color:#ffffff;background:#0099cd;\"><span>M\u00f3dulo IV - Enfermedades sist\u00e9micas en la Radiograf\u00eda de T\u00f3rax y alteraciones de la Pared Tor\u00e1cica<\/span><\/summary><div class=\"lightweight-accordion-body\" style=\"border-color:#0099cd;\"><h6><span style=\"color: #0099cd;\">Objetivos espec\u00edficos: <\/span>Analizar las principales afectaciones que se observan en una Rx de T\u00f3rax a nivel de la Pared Tor\u00e1cica, as\u00ed como las Enfermedades Respiratorias de origen autoinmune, infeccioso y laboral.<\/h6>\n<h6><span style=\"color: #0099cd;\">Duraci\u00f3n: <\/span>25 horas<\/h6>\n<h6><span style=\"color: #0099cd;\">Contenidos:<\/span><\/h6>\n<ul>\n<li>Semiolog\u00eda de la pared tor\u00e1cica: esqueleto \u00f3seo y partes blandas.<\/li>\n<li>Miscel\u00e1neas.<\/li>\n<li>Semiolog\u00eda radiol\u00f3gica del t\u00f3rax en: Sarcoidosis, Micosis pulmonar, Parasitosis, VIH y Neumopat\u00edas laborales.<\/li>\n<\/ul>\n<\/div><\/details><\/div>\n<div class=\"lightweight-accordion bordered has-text-color has-background\"><details><summary class=\"lightweight-accordion-title\" style=\"color:#ffffff;background:#0099cd;\"><span>M\u00f3dulo Final<\/span><\/summary><div class=\"lightweight-accordion-body\" style=\"border-color:#0099cd;\"><h6><span style=\"color: #0099cd;\">TEST GLOBAL<br \/>\nPROYECTO DE INTEGRACI\u00d3N TE\u00d3RICO PR\u00c1CTICO<\/span><\/h6>\n<h6><span style=\"color: #0099cd;\">Duraci\u00f3n: <\/span>20 horas<\/h6>\n<h6><span style=\"color: #0099cd;\">Objetivo:<\/span><\/h6>\n<ul>\n<li>Aplicar los conocimientos te\u00f3ricos-pr\u00e1cticos y las competencias t\u00e9cnicas en la lectura, interpretaci\u00f3n y an\u00e1lisis de Estudios Diagn\u00f3sticos.<\/li>\n<\/ul>\n<\/div><\/details><\/div>\n","protected":false},"excerpt":{"rendered":"<h2><span style=\"color: #0099cd;\">Resumen del Curso<\/span><\/h2>\n<hr \/>\n<p><img decoding=\"async\" class=\"alignnone size-full wp-image-333\" style=\"font-weight: inherit;\" src=\"https:\/\/linketeach.cl\/wp-content\/uploads\/2021\/07\/education_computer_school_graduate_cap_monitor_icon_149680.png\" alt=\"\" width=\"48\" height=\"48\" \/>120 horas &#8211; 5 m\u00f3dulos<\/p>\n<p><img decoding=\"async\" class=\"alignnone size-full wp-image-332\" src=\"https:\/\/linketeach.cl\/wp-content\/uploads\/2021\/07\/education_book_learn_learning_icon_149694.png\" alt=\"\" width=\"48\" height=\"48\" \/><a href=\"https:\/\/site.redlearning.cl\/wp-content\/uploads\/2021\/01\/Radiografia-de-Torax.pdf\" target=\"_blank\" rel=\"noopener\">Programa del Curso<\/a><\/p>\n<p><img decoding=\"async\" class=\"alignnone size-medium wp-image-335\" src=\"https:\/\/linketeach.cl\/wp-content\/uploads\/2021\/07\/notes_clipboard_icon_149712-1.png\" alt=\"\" width=\"48\" height=\"48\" \/>Evaluaci\u00f3n Final<\/p>\n<p><img loading=\"lazy\" decoding=\"async\" class=\"alignnone size-medium wp-image-334\" style=\"font-weight: inherit;\" src=\"https:\/\/linketeach.cl\/wp-content\/uploads\/2021\/07\/education_diploma_award_icon_149701.png\" alt=\"\" width=\"48\" height=\"48\" \/>Certificaci\u00f3n<\/p>\n","protected":false},"featured_media":10486,"template":"","meta":{"site-sidebar-layout":"no-sidebar","site-content-layout":"default","ast-site-content-layout":"default","site-content-style":"default","site-sidebar-style":"default","ast-global-header-display":"","ast-banner-title-visibility":"","ast-main-header-display":"","ast-hfb-above-header-display":"","ast-hfb-below-header-display":"","ast-hfb-mobile-header-display":"","site-post-title":"","ast-breadcrumbs-content":"","ast-featured-img":"","footer-sml-layout":"","ast-disable-related-posts":"","theme-transparent-header-meta":"default","adv-header-id-meta":"","stick-header-meta":"","header-above-stick-meta":"","header-main-stick-meta":"","header-below-stick-meta":"","astra-migrate-meta-layouts":"set","ast-page-background-enabled":"default","ast-page-background-meta":{"desktop":{"background-color":"","background-image":"","background-repeat":"repeat","background-position":"center center","background-size":"auto","background-attachment":"scroll","background-type":"","background-media":"","overlay-type":"","overlay-color":"","overlay-opacity":"","overlay-gradient":""},"tablet":{"background-color":"","background-image":"","background-repeat":"repeat","background-position":"center center","background-size":"auto","background-attachment":"scroll","background-type":"","background-media":"","overlay-type":"","overlay-color":"","overlay-opacity":"","overlay-gradient":""},"mobile":{"background-color":"","background-image":"","background-repeat":"repeat","background-position":"center center","background-size":"auto","background-attachment":"scroll","background-type":"","background-media":"","overlay-type":"","overlay-color":"","overlay-opacity":"","overlay-gradient":""}},"ast-content-background-meta":{"desktop":{"background-color":"var(--ast-global-color-5)","background-image":"","background-repeat":"repeat","background-position":"center center","background-size":"auto","background-attachment":"scroll","background-type":"","background-media":"","overlay-type":"","overlay-color":"","overlay-opacity":"","overlay-gradient":""},"tablet":{"background-color":"var(--ast-global-color-5)","background-image":"","background-repeat":"repeat","background-position":"center center","background-size":"auto","background-attachment":"scroll","background-type":"","background-media":"","overlay-type":"","overlay-color":"","overlay-opacity":"","overlay-gradient":""},"mobile":{"background-color":"var(--ast-global-color-5)","background-image":"","background-repeat":"repeat","background-position":"center center","background-size":"auto","background-attachment":"scroll","background-type":"","background-media":"","overlay-type":"","overlay-color":"","overlay-opacity":"","overlay-gradient":""}},"_joinchat":[]},"product_brand":[],"product_cat":[425,285],"product_tag":[],"class_list":{"0":"post-15356","1":"product","2":"type-product","3":"status-publish","4":"has-post-thumbnail","6":"product_cat-cursos","7":"product_cat-cursos-medicina-y-enfermeria","8":"desktop-align-left","9":"tablet-align-left","10":"mobile-align-left","12":"first","13":"instock","14":"sale","15":"downloadable","16":"virtual","17":"sold-individually","18":"purchasable","19":"product-type-simple"},"_links":{"self":[{"href":"https:\/\/site.redlearning.cl\/index.php?rest_route=\/wp\/v2\/product\/15356","targetHints":{"allow":["GET"]}}],"collection":[{"href":"https:\/\/site.redlearning.cl\/index.php?rest_route=\/wp\/v2\/product"}],"about":[{"href":"https:\/\/site.redlearning.cl\/index.php?rest_route=\/wp\/v2\/types\/product"}],"wp:featuredmedia":[{"embeddable":true,"href":"https:\/\/site.redlearning.cl\/index.php?rest_route=\/wp\/v2\/media\/10486"}],"wp:attachment":[{"href":"https:\/\/site.redlearning.cl\/index.php?rest_route=%2Fwp%2Fv2%2Fmedia&parent=15356"}],"wp:term":[{"taxonomy":"product_brand","embeddable":true,"href":"https:\/\/site.redlearning.cl\/index.php?rest_route=%2Fwp%2Fv2%2Fproduct_brand&post=15356"},{"taxonomy":"product_cat","embeddable":true,"href":"https:\/\/site.redlearning.cl\/index.php?rest_route=%2Fwp%2Fv2%2Fproduct_cat&post=15356"},{"taxonomy":"product_tag","embeddable":true,"href":"https:\/\/site.redlearning.cl\/index.php?rest_route=%2Fwp%2Fv2%2Fproduct_tag&post=15356"}],"curies":[{"name":"wp","href":"https:\/\/api.w.org\/{rel}","templated":true}]}}