{"id":15358,"date":"2023-07-28T15:41:40","date_gmt":"2023-07-28T18:41:40","guid":{"rendered":"https:\/\/site.redlearning.cl\/?post_type=product&#038;p=15358"},"modified":"2025-11-03T17:37:57","modified_gmt":"2025-11-03T20:37:57","slug":"curso-introduccion-al-manejo-integral-de-la-artrosis-2","status":"publish","type":"product","link":"https:\/\/site.redlearning.cl\/?product=curso-introduccion-al-manejo-integral-de-la-artrosis-2","title":{"rendered":"Curso Introducci\u00f3n al Manejo Integral de la Artrosis"},"content":{"rendered":"<p>La Artrosis u Osteoartritis es una condici\u00f3n altamente prevalente en todo el mundo, se asocia principalmente al envejecimiento de la poblaci\u00f3n. Tiene un gran impacto funcional en los individuos que la padecen, de ah\u00ed la importancia de realizar el diagn\u00f3stico de esta patolog\u00eda a nivel de atenci\u00f3n primaria, para tratarla a tiempo y evitar la progresi\u00f3n y da\u00f1o articular.<\/p>\n<p>En Chile, la artrosis de rodilla y cadera han sido incorporadas al sistema de garant\u00edas explicitas en salud (GES), para lo cual, grupos de expertos, han desarrollado gu\u00edas de pr\u00e1ctica cl\u00ednica. Sin embargo, la adherencia a estas gu\u00edas ha tenido serias dificultades en su implementaci\u00f3n, tanto por falta de conocimientos, como por falta de acceso a ex\u00e1menes, a medicamentos y a especialistas.<\/p>\n<p>Este curso pretende actualizar y profundizar los conocimientos sobre Artrosis para profesionales APS, con respecto a la fisiopatolog\u00eda, diagn\u00f3stico y tratamiento, basado en las gu\u00edas cl\u00ednicas nacionales e internacionales.<\/p>\n<h2><span style=\"color: #0099cd;\">Objetivo General<\/span><\/h2>\n<hr \/>\n<p>Actualizar la formaci\u00f3n de profesionales con conocimientos te\u00f3ricos-pr\u00e1cticos respecto a la fisiopatolog\u00eda, diagn\u00f3stico y tratamiento de la Osteoartrosis o Artrosis condicionante, en base a las gu\u00edas cl\u00ednicas nacionales e internacionales y al estudio de casos cl\u00ednicos.<\/p>\n<h2><span style=\"color: #0099cd;\">Metodolog\u00eda<\/span><\/h2>\n<hr \/>\n<p>Modalidad 100% Online, asincr\u00f3nico y a tu ritmo. Contar\u00e1s con tutores desde el principio al fin de tu formaci\u00f3n, nunca estar\u00e1s sol@.<\/p>\n<h2><span style=\"color: #0099cd;\">Temario<\/span><\/h2>\n<hr \/>\n<div class=\"lightweight-accordion bordered has-text-color has-background\"><details><summary class=\"lightweight-accordion-title\" style=\"color:#ffffff;background:#0099cd;\"><span>M\u00f3dulo I - Artrosis, caracterizaci\u00f3n<\/span><\/summary><div class=\"lightweight-accordion-body\" style=\"border-color:#0099cd;\"><h6><span style=\"color: #0099cd;\">Objetivos espec\u00edficos: <\/span>Comprender los elementos Fisiopatol\u00f3gicos de la Artrosis tomando en consideraci\u00f3n el an\u00e1lisis de un caso hipot\u00e9tico.<\/h6>\n<h6><span style=\"color: #0099cd;\">Duraci\u00f3n: <\/span>25 horas<\/h6>\n<h6><span style=\"color: #0099cd;\">Contenidos:<\/span><\/h6>\n<ul>\n<li>Patogenia, aspectos epidemiol\u00f3gicos, gen\u00e9ticos, ambientales e inmunol\u00f3gicos de la artrosis.<\/li>\n<li>Manifestaciones cl\u00ednicas de la artrosis, criterios de clasificaci\u00f3n y evaluaci\u00f3n.<\/li>\n<li>Subtipos de artrosis y artrosis secundarias.<\/li>\n<li>Recomendaciones de la OMS y OPS.<\/li>\n<\/ul>\n<\/div><\/details><\/div>\n<div class=\"lightweight-accordion bordered has-text-color has-background\"><details><summary class=\"lightweight-accordion-title\" style=\"color:#ffffff;background:#0099cd;\"><span>M\u00f3dulo II - Manifestaciones cl\u00ednicas<\/span><\/summary><div class=\"lightweight-accordion-body\" style=\"border-color:#0099cd;\"><h6><span style=\"color: #0099cd;\">Objetivos espec\u00edficos: <\/span>Precisar las manifestaciones cl\u00ednicas de la artrosis en relaci\u00f3n a los hallazgos Radiol\u00f3gicos de diagn\u00f3stico.<\/h6>\n<h6><span style=\"color: #0099cd;\">Duraci\u00f3n: <\/span>25 horas<\/h6>\n<h6><span style=\"color: #0099cd;\">Contenidos:<\/span><\/h6>\n<ul>\n<li>Patrones de afectaci\u00f3n articular.<\/li>\n<li>Factores de riesgo y posibles causas de artrosis.<\/li>\n<li>Manifestaciones cl\u00ednicas generales.<\/li>\n<li>Caracter\u00edsticas de afectaciones particulares espec\u00edficas.<\/li>\n<li>Diagn\u00f3stico: Exploraci\u00f3n f\u00edsica. Radiograf\u00edas.<\/li>\n<\/ul>\n<\/div><\/details><\/div>\n<div class=\"lightweight-accordion bordered has-text-color has-background\"><details><summary class=\"lightweight-accordion-title\" style=\"color:#ffffff;background:#0099cd;\"><span>M\u00f3dulo III - Tratamientos<\/span><\/summary><div class=\"lightweight-accordion-body\" style=\"border-color:#0099cd;\"><h6><span style=\"color: #0099cd;\">Objetivos espec\u00edficos: <\/span>Explicar mediante el an\u00e1lisis de un caso cl\u00ednico espec\u00edfico los tratamientos oportunos para un paciente con Artrosis.<\/h6>\n<h6><span style=\"color: #0099cd;\">Duraci\u00f3n: <\/span>25 horas<\/h6>\n<h6><span style=\"color: #0099cd;\">Contenidos:<\/span><\/h6>\n<ul>\n<li>Manejo no farmacol\u00f3gico, educaci\u00f3n, fisioterapia y rehabilitaci\u00f3n.<\/li>\n<li>Rol de la atenci\u00f3n primaria.<\/li>\n<li>Tratamiento farmacol\u00f3gico, sist\u00e9mico y local.<\/li>\n<li>Tratamiento quir\u00fargico, indicaciones y opciones.<\/li>\n<li>Terapias complementarias.<\/li>\n<\/ul>\n<\/div><\/details><\/div>\n<div class=\"lightweight-accordion bordered has-text-color has-background\"><details><summary class=\"lightweight-accordion-title\" style=\"color:#ffffff;background:#0099cd;\"><span>M\u00f3dulo IV - Gu\u00eda Cl\u00ednica Auge<\/span><\/summary><div class=\"lightweight-accordion-body\" style=\"border-color:#0099cd;\"><h6><span style=\"color: #0099cd;\">Objetivos espec\u00edficos: <\/span>Integrar los elementos de la gu\u00eda Cl\u00ednica Auge buscando el manejo m\u00e9dico del<br \/>\npacientes de 55 a\u00f1os y m\u00e1s con Artrosis.<\/h6>\n<h6><span style=\"color: #0099cd;\">Duraci\u00f3n: <\/span>25 horas<\/h6>\n<h6><span style=\"color: #0099cd;\">Contenidos:<\/span><\/h6>\n<ul>\n<li>Flujograma de manejo m\u00e9dico del paciente de 55 a\u00f1os y m\u00e1s con artrosis de cadera y\/o rodilla, leve o moderada.<\/li>\n<li>Prevenci\u00f3n primaria, tamizaje y sospecha diagn\u00f3stica.<\/li>\n<li>Confirmaci\u00f3n diagn\u00f3stica.<\/li>\n<li>Tratamiento para la artrosis leve y moderada de caderas y rodillas.<\/li>\n<li>Seguimiento y Rehabilitaci\u00f3n.<\/li>\n<li>Evaluaci\u00f3n global de la Capacidad Funcional por el Paciente.<\/li>\n<\/ul>\n<\/div><\/details><\/div>\n<div class=\"lightweight-accordion bordered has-text-color has-background\"><details><summary class=\"lightweight-accordion-title\" style=\"color:#ffffff;background:#0099cd;\"><span>M\u00f3dulo Final<\/span><\/summary><div class=\"lightweight-accordion-body\" style=\"border-color:#0099cd;\"><h6><span style=\"color: #0099cd;\">TEST GLOBAL DE CONOCIMIENTOS<br \/>\nTRABAJO PR\u00c1CTICO FINAL<\/span><\/h6>\n<h6><span style=\"color: #0099cd;\">Duraci\u00f3n: <\/span>20 horas<\/h6>\n<h6><span style=\"color: #0099cd;\">Objetivo:<\/span><\/h6>\n<ul>\n<li>Revisar mediante el an\u00e1lisis de dos casos cl\u00ednicos con Artrosis los contenidos de formaci\u00f3n general del curso.<\/li>\n<\/ul>\n<\/div><\/details><\/div>\n","protected":false},"excerpt":{"rendered":"<h2><span style=\"color: #0099cd;\">Resumen del Curso<\/span><\/h2>\n<hr \/>\n<p><img decoding=\"async\" class=\"alignnone size-full wp-image-333\" style=\"font-weight: inherit;\" src=\"https:\/\/linketeach.cl\/wp-content\/uploads\/2021\/07\/education_computer_school_graduate_cap_monitor_icon_149680.png\" alt=\"\" width=\"48\" height=\"48\" \/>120\u00a0horas &#8211; 5 m\u00f3dulos<\/p>\n<p><img decoding=\"async\" class=\"alignnone size-full wp-image-332\" src=\"https:\/\/linketeach.cl\/wp-content\/uploads\/2021\/07\/education_book_learn_learning_icon_149694.png\" alt=\"\" width=\"48\" height=\"48\" \/><a href=\"https:\/\/site.redlearning.cl\/wp-content\/uploads\/2021\/01\/C-Artrosis.pdf\" target=\"_blank\" rel=\"noopener\">Programa del Curso<\/a><\/p>\n<p><img decoding=\"async\" class=\"alignnone size-medium wp-image-335\" src=\"https:\/\/linketeach.cl\/wp-content\/uploads\/2021\/07\/notes_clipboard_icon_149712-1.png\" alt=\"\" width=\"48\" height=\"48\" \/>Evaluaci\u00f3n Final<\/p>\n<p><img loading=\"lazy\" decoding=\"async\" class=\"alignnone size-medium wp-image-334\" style=\"font-weight: inherit;\" src=\"https:\/\/linketeach.cl\/wp-content\/uploads\/2021\/07\/education_diploma_award_icon_149701.png\" alt=\"\" width=\"48\" height=\"48\" \/>Certificaci\u00f3n<\/p>\n","protected":false},"featured_media":10438,"template":"","meta":{"site-sidebar-layout":"no-sidebar","site-content-layout":"default","ast-site-content-layout":"default","site-content-style":"default","site-sidebar-style":"default","ast-global-header-display":"","ast-banner-title-visibility":"","ast-main-header-display":"","ast-hfb-above-header-display":"","ast-hfb-below-header-display":"","ast-hfb-mobile-header-display":"","site-post-title":"","ast-breadcrumbs-content":"","ast-featured-img":"","footer-sml-layout":"","ast-disable-related-posts":"","theme-transparent-header-meta":"default","adv-header-id-meta":"","stick-header-meta":"","header-above-stick-meta":"","header-main-stick-meta":"","header-below-stick-meta":"","astra-migrate-meta-layouts":"set","ast-page-background-enabled":"default","ast-page-background-meta":{"desktop":{"background-color":"","background-image":"","background-repeat":"repeat","background-position":"center center","background-size":"auto","background-attachment":"scroll","background-type":"","background-media":"","overlay-type":"","overlay-color":"","overlay-opacity":"","overlay-gradient":""},"tablet":{"background-color":"","background-image":"","background-repeat":"repeat","background-position":"center center","background-size":"auto","background-attachment":"scroll","background-type":"","background-media":"","overlay-type":"","overlay-color":"","overlay-opacity":"","overlay-gradient":""},"mobile":{"background-color":"","background-image":"","background-repeat":"repeat","background-position":"center center","background-size":"auto","background-attachment":"scroll","background-type":"","background-media":"","overlay-type":"","overlay-color":"","overlay-opacity":"","overlay-gradient":""}},"ast-content-background-meta":{"desktop":{"background-color":"var(--ast-global-color-5)","background-image":"","background-repeat":"repeat","background-position":"center center","background-size":"auto","background-attachment":"scroll","background-type":"","background-media":"","overlay-type":"","overlay-color":"","overlay-opacity":"","overlay-gradient":""},"tablet":{"background-color":"var(--ast-global-color-5)","background-image":"","background-repeat":"repeat","background-position":"center center","background-size":"auto","background-attachment":"scroll","background-type":"","background-media":"","overlay-type":"","overlay-color":"","overlay-opacity":"","overlay-gradient":""},"mobile":{"background-color":"var(--ast-global-color-5)","background-image":"","background-repeat":"repeat","background-position":"center center","background-size":"auto","background-attachment":"scroll","background-type":"","background-media":"","overlay-type":"","overlay-color":"","overlay-opacity":"","overlay-gradient":""}},"_joinchat":[]},"product_brand":[],"product_cat":[425,285],"product_tag":[],"class_list":{"0":"post-15358","1":"product","2":"type-product","3":"status-publish","4":"has-post-thumbnail","6":"product_cat-cursos","7":"product_cat-cursos-medicina-y-enfermeria","8":"desktop-align-left","9":"tablet-align-left","10":"mobile-align-left","12":"first","13":"instock","14":"sale","15":"downloadable","16":"virtual","17":"sold-individually","18":"purchasable","19":"product-type-simple"},"_links":{"self":[{"href":"https:\/\/site.redlearning.cl\/index.php?rest_route=\/wp\/v2\/product\/15358","targetHints":{"allow":["GET"]}}],"collection":[{"href":"https:\/\/site.redlearning.cl\/index.php?rest_route=\/wp\/v2\/product"}],"about":[{"href":"https:\/\/site.redlearning.cl\/index.php?rest_route=\/wp\/v2\/types\/product"}],"wp:featuredmedia":[{"embeddable":true,"href":"https:\/\/site.redlearning.cl\/index.php?rest_route=\/wp\/v2\/media\/10438"}],"wp:attachment":[{"href":"https:\/\/site.redlearning.cl\/index.php?rest_route=%2Fwp%2Fv2%2Fmedia&parent=15358"}],"wp:term":[{"taxonomy":"product_brand","embeddable":true,"href":"https:\/\/site.redlearning.cl\/index.php?rest_route=%2Fwp%2Fv2%2Fproduct_brand&post=15358"},{"taxonomy":"product_cat","embeddable":true,"href":"https:\/\/site.redlearning.cl\/index.php?rest_route=%2Fwp%2Fv2%2Fproduct_cat&post=15358"},{"taxonomy":"product_tag","embeddable":true,"href":"https:\/\/site.redlearning.cl\/index.php?rest_route=%2Fwp%2Fv2%2Fproduct_tag&post=15358"}],"curies":[{"name":"wp","href":"https:\/\/api.w.org\/{rel}","templated":true}]}}