{"id":15359,"date":"2023-07-28T15:43:49","date_gmt":"2023-07-28T18:43:49","guid":{"rendered":"https:\/\/site.redlearning.cl\/?post_type=product&#038;p=15359"},"modified":"2025-11-03T17:37:57","modified_gmt":"2025-11-03T20:37:57","slug":"curso-electrocardiograma-2","status":"publish","type":"product","link":"https:\/\/site.redlearning.cl\/?product=curso-electrocardiograma-2","title":{"rendered":"Curso Electrocardiograma"},"content":{"rendered":"<p>Actualmente, el electrocardiograma es un examen b\u00e1sico en la evaluaci\u00f3n diaria de pacientes. Sin embargo, su ejecuci\u00f3n, an\u00e1lisis e interpretaci\u00f3n adecuados no forman parte importante en la formaci\u00f3n general de los m\u00e9dicos. El objetivo de este curso, de modalidad e-learning, es entregar a los alumnos las competencias necesarias para la correcta interpretaci\u00f3n del trazado electrocardiogr\u00e1fico de reposo. Este curso abarca desde el reconocimiento de un electrocardiograma normal, hasta aquellas patolog\u00edas que su importancia pron\u00f3stica y\/o diagn\u00f3stica requieren de su derivaci\u00f3n oportuna al especialista.<\/p>\n<p>En ese sentido, es de vital importancia la formaci\u00f3n de los profesionales de la medicina en esta materia a todos los niveles de la Atenci\u00f3n de Salud, ya que permite diferenciar la urgencia de cada caso, as\u00ed como la implantaci\u00f3n de tratamientos efectivos desde el inicio de la cadena asistencial, reduciendo considerablemente la morbimortalidad asociada a trastornos cardiovasculares, adem\u00e1s te permitir\u00e1 reconocer los principios, conceptos y t\u00e9cnicas b\u00e1sicas de los Campos El\u00e9ctricos Cardiacos as\u00ed como sus variantes as\u00ed como examinar Electrocardiogramas alterados por Patolog\u00edas Isqu\u00e9micas de diversa consideraci\u00f3n, interpretando correctamente Taquicardias de complejo angosto y de complejo ancho.<\/p>\n<h2><span style=\"color: #0099cd;\">Objetivo General<\/span><\/h2>\n<hr \/>\n<p>Desarrollar en los profesionales competencias para la correcta toma, an\u00e1lisis e interpretaci\u00f3n de un Examen Trazado Electrocardiogr\u00e1fico.<\/p>\n<h2><span style=\"color: #0099cd;\">Metodolog\u00eda<\/span><\/h2>\n<hr \/>\n<p>Modalidad 100% Online, asincr\u00f3nico y a tu ritmo. Contar\u00e1s con tutores desde el principio al fin de tu formaci\u00f3n, nunca estar\u00e1s sol@.<\/p>\n<h2><span style=\"color: #0099cd;\">Temario<\/span><\/h2>\n<hr \/>\n<div class=\"lightweight-accordion bordered has-text-color has-background\"><details><summary class=\"lightweight-accordion-title\" style=\"color:#ffffff;background:#0099cd;\"><span>M\u00f3dulo I - Conceptos b\u00e1sicos y ECG Normal<\/span><\/summary><div class=\"lightweight-accordion-body\" style=\"border-color:#0099cd;\"><h6><span style=\"color: #0099cd;\">Objetivos espec\u00edficos: <\/span>Reconocer los principios, conceptos y t\u00e9cnicas b\u00e1sicas de los Campos El\u00e9ctricos Cardiacos as\u00ed como sus variantes.<\/h6>\n<h6><span style=\"color: #0099cd;\">Duraci\u00f3n: <\/span>25 horas<\/h6>\n<h6><span style=\"color: #0099cd;\">Contenidos:<\/span><\/h6>\n<ul>\n<li>Origen del campo el\u00e9ctrico.<\/li>\n<li>Nomenclatura en la descripci\u00f3n del Electrocardiograma.<\/li>\n<li>Derivadas cardiacas y eje el\u00e9ctrico.<\/li>\n<li>Electrocardiograma normal.<\/li>\n<li>Variantes normales del ECG (patr\u00f3n juvenil, repolarizaci\u00f3n precoz, etc.).<\/li>\n<\/ul>\n<\/div><\/details><\/div>\n<div class=\"lightweight-accordion bordered has-text-color has-background\"><details><summary class=\"lightweight-accordion-title\" style=\"color:#ffffff;background:#0099cd;\"><span>M\u00f3dulo II - Crecimientos Atriales y Ventriculares<\/span><\/summary><div class=\"lightweight-accordion-body\" style=\"border-color:#0099cd;\"><h6><span style=\"color: #0099cd;\">Objetivos espec\u00edficos: <\/span>Describir los variados trastornos relacionados a las Cavidades Cardiacas estimando los Trastornos de Conducci\u00f3n Aur\u00edculo Ventricular e Intraventricular<\/h6>\n<h6><span style=\"color: #0099cd;\">Duraci\u00f3n: <\/span>25 horas<\/h6>\n<h6><span style=\"color: #0099cd;\">Contenidos:<\/span><\/h6>\n<ul>\n<li>Bloqueos aur\u00edculo-ventriculares.<\/li>\n<li>Bloqueos de rama y alteraciones de la conducci\u00f3n intraventricular.<\/li>\n<li>Diagn\u00f3stico electrocardiogr\u00e1fico del paciente con marcapaso y terapias de resincronizaci\u00f3n.<\/li>\n<\/ul>\n<\/div><\/details><\/div>\n<div class=\"lightweight-accordion bordered has-text-color has-background\"><details><summary class=\"lightweight-accordion-title\" style=\"color:#ffffff;background:#0099cd;\"><span>M\u00f3dulo III - Cambios de onda Q y segmento ST durante la Isquemia y\/o Infarto<\/span><\/summary><div class=\"lightweight-accordion-body\" style=\"border-color:#0099cd;\"><h6><span style=\"color: #0099cd;\">Objetivos espec\u00edficos: <\/span>Examinar Electrocardiogramas alterados por Patolog\u00edas Isqu\u00e9micas de diversa consideraci\u00f3n, interpretando correctamente Taquicardias de complejo angosto y de complejo ancho<\/h6>\n<h6><span style=\"color: #0099cd;\">Duraci\u00f3n: <\/span>25 horas<\/h6>\n<h6><span style=\"color: #0099cd;\">Contenidos:<\/span><\/h6>\n<ul>\n<li>Localizaci\u00f3n del infarto.<\/li>\n<li>Diagn\u00f3stico diferencial de los cambios del segmento ST \u2013 T (condiciones que simulan un infarto).<\/li>\n<li>Diagn\u00f3stico y clasificaci\u00f3n en taquicardias de complejo angosto (incluye: fibrilaci\u00f3n auricular, flutter auricular, taquicardias auriculares, taquicardias por reentrada).<\/li>\n<li>Reconocimiento y clasificaci\u00f3n de taquicardias de complejo ancho.<\/li>\n<\/ul>\n<\/div><\/details><\/div>\n<div class=\"lightweight-accordion bordered has-text-color has-background\"><details><summary class=\"lightweight-accordion-title\" style=\"color:#ffffff;background:#0099cd;\"><span>M\u00f3dulo IV - ECG en el contexto de Alteraciones Hidroelectrol\u00edticas y Metab\u00f3licas Habituales <\/span><\/summary><div class=\"lightweight-accordion-body\" style=\"border-color:#0099cd;\"><h6><span style=\"color: #0099cd;\">Objetivos espec\u00edficos: <\/span>Analizar las alteraciones Electrocardiogr\u00e1ficas comunes en trastornos metab\u00f3licos y de drogas de uso habitual, reconociendo aquellos Trazados Electrocardiogr\u00e1ficos que requieren una derivaci\u00f3n al especialista.<\/h6>\n<h6><span style=\"color: #0099cd;\">Duraci\u00f3n: <\/span>25 horas<\/h6>\n<h6><span style=\"color: #0099cd;\">Contenidos:<\/span><\/h6>\n<ul>\n<li>Alteraciones electrocardiogr\u00e1ficas en el contexto de drogas de uso habitual.<\/li>\n<li>Miscel\u00e1neas (QT largo, Sd Brugada), artefactos.<\/li>\n<li>Repaso de condiciones de mayor gravedad que requieren derivaci\u00f3n a especialista.<\/li>\n<\/ul>\n<\/div><\/details><\/div>\n<div class=\"lightweight-accordion bordered has-text-color has-background\"><details><summary class=\"lightweight-accordion-title\" style=\"color:#ffffff;background:#0099cd;\"><span>M\u00f3dulo Final<\/span><\/summary><div class=\"lightweight-accordion-body\" style=\"border-color:#0099cd;\"><h6><span style=\"color: #0099cd;\">TEST GLOBAL<br \/>\nRESOLUCI\u00d3N DE CASO CL\u00cdNICO<br \/>\n<\/span><\/h6>\n<h6><span style=\"color: #0099cd;\">Duraci\u00f3n: <\/span>20 horas<\/h6>\n<h6><span style=\"color: #0099cd;\">Objetivo:<\/span><\/h6>\n<ul>\n<li>Resolver adecuadamente un Estudio de caso aplicando los conocimientos y habilidades adquiridas a lo largo del curso.<\/li>\n<\/ul>\n<\/div><\/details><\/div>\n","protected":false},"excerpt":{"rendered":"<h2><span style=\"color: #0099cd;\">Resumen del Curso<\/span><\/h2>\n<hr \/>\n<p><img decoding=\"async\" class=\"alignnone size-full wp-image-333\" style=\"font-weight: inherit;\" src=\"https:\/\/linketeach.cl\/wp-content\/uploads\/2021\/07\/education_computer_school_graduate_cap_monitor_icon_149680.png\" alt=\"\" width=\"48\" height=\"48\" \/>120\u00a0horas &#8211; 5 m\u00f3dulos<\/p>\n<p><img decoding=\"async\" class=\"alignnone size-full wp-image-332\" src=\"https:\/\/linketeach.cl\/wp-content\/uploads\/2021\/07\/education_book_learn_learning_icon_149694.png\" alt=\"\" width=\"48\" height=\"48\" \/><a href=\"https:\/\/site.redlearning.cl\/wp-content\/uploads\/2021\/01\/Electrocardiograma.pdf\" target=\"_blank\" rel=\"noopener\">Programa del Curso<\/a><\/p>\n<p><img decoding=\"async\" class=\"alignnone size-medium wp-image-335\" src=\"https:\/\/linketeach.cl\/wp-content\/uploads\/2021\/07\/notes_clipboard_icon_149712-1.png\" alt=\"\" width=\"48\" height=\"48\" \/>Evaluaci\u00f3n Final<\/p>\n<p><img loading=\"lazy\" decoding=\"async\" class=\"alignnone size-medium wp-image-334\" style=\"font-weight: inherit;\" src=\"https:\/\/linketeach.cl\/wp-content\/uploads\/2021\/07\/education_diploma_award_icon_149701.png\" alt=\"\" width=\"48\" height=\"48\" \/>Certificaci\u00f3n<\/p>\n","protected":false},"featured_media":10096,"template":"","meta":{"site-sidebar-layout":"no-sidebar","site-content-layout":"default","ast-site-content-layout":"default","site-content-style":"default","site-sidebar-style":"default","ast-global-header-display":"","ast-banner-title-visibility":"","ast-main-header-display":"","ast-hfb-above-header-display":"","ast-hfb-below-header-display":"","ast-hfb-mobile-header-display":"","site-post-title":"","ast-breadcrumbs-content":"","ast-featured-img":"","footer-sml-layout":"","ast-disable-related-posts":"","theme-transparent-header-meta":"default","adv-header-id-meta":"","stick-header-meta":"","header-above-stick-meta":"","header-main-stick-meta":"","header-below-stick-meta":"","astra-migrate-meta-layouts":"set","ast-page-background-enabled":"default","ast-page-background-meta":{"desktop":{"background-color":"","background-image":"","background-repeat":"repeat","background-position":"center center","background-size":"auto","background-attachment":"scroll","background-type":"","background-media":"","overlay-type":"","overlay-color":"","overlay-opacity":"","overlay-gradient":""},"tablet":{"background-color":"","background-image":"","background-repeat":"repeat","background-position":"center center","background-size":"auto","background-attachment":"scroll","background-type":"","background-media":"","overlay-type":"","overlay-color":"","overlay-opacity":"","overlay-gradient":""},"mobile":{"background-color":"","background-image":"","background-repeat":"repeat","background-position":"center center","background-size":"auto","background-attachment":"scroll","background-type":"","background-media":"","overlay-type":"","overlay-color":"","overlay-opacity":"","overlay-gradient":""}},"ast-content-background-meta":{"desktop":{"background-color":"var(--ast-global-color-5)","background-image":"","background-repeat":"repeat","background-position":"center center","background-size":"auto","background-attachment":"scroll","background-type":"","background-media":"","overlay-type":"","overlay-color":"","overlay-opacity":"","overlay-gradient":""},"tablet":{"background-color":"var(--ast-global-color-5)","background-image":"","background-repeat":"repeat","background-position":"center center","background-size":"auto","background-attachment":"scroll","background-type":"","background-media":"","overlay-type":"","overlay-color":"","overlay-opacity":"","overlay-gradient":""},"mobile":{"background-color":"var(--ast-global-color-5)","background-image":"","background-repeat":"repeat","background-position":"center center","background-size":"auto","background-attachment":"scroll","background-type":"","background-media":"","overlay-type":"","overlay-color":"","overlay-opacity":"","overlay-gradient":""}},"_joinchat":[]},"product_brand":[],"product_cat":[425,285],"product_tag":[],"class_list":{"0":"post-15359","1":"product","2":"type-product","3":"status-publish","4":"has-post-thumbnail","6":"product_cat-cursos","7":"product_cat-cursos-medicina-y-enfermeria","8":"desktop-align-left","9":"tablet-align-left","10":"mobile-align-left","12":"first","13":"instock","14":"sale","15":"downloadable","16":"virtual","17":"sold-individually","18":"purchasable","19":"product-type-simple"},"_links":{"self":[{"href":"https:\/\/site.redlearning.cl\/index.php?rest_route=\/wp\/v2\/product\/15359","targetHints":{"allow":["GET"]}}],"collection":[{"href":"https:\/\/site.redlearning.cl\/index.php?rest_route=\/wp\/v2\/product"}],"about":[{"href":"https:\/\/site.redlearning.cl\/index.php?rest_route=\/wp\/v2\/types\/product"}],"wp:featuredmedia":[{"embeddable":true,"href":"https:\/\/site.redlearning.cl\/index.php?rest_route=\/wp\/v2\/media\/10096"}],"wp:attachment":[{"href":"https:\/\/site.redlearning.cl\/index.php?rest_route=%2Fwp%2Fv2%2Fmedia&parent=15359"}],"wp:term":[{"taxonomy":"product_brand","embeddable":true,"href":"https:\/\/site.redlearning.cl\/index.php?rest_route=%2Fwp%2Fv2%2Fproduct_brand&post=15359"},{"taxonomy":"product_cat","embeddable":true,"href":"https:\/\/site.redlearning.cl\/index.php?rest_route=%2Fwp%2Fv2%2Fproduct_cat&post=15359"},{"taxonomy":"product_tag","embeddable":true,"href":"https:\/\/site.redlearning.cl\/index.php?rest_route=%2Fwp%2Fv2%2Fproduct_tag&post=15359"}],"curies":[{"name":"wp","href":"https:\/\/api.w.org\/{rel}","templated":true}]}}