{"id":15360,"date":"2023-07-28T15:46:25","date_gmt":"2023-07-28T18:46:25","guid":{"rendered":"https:\/\/site.redlearning.cl\/?post_type=product&#038;p=15360"},"modified":"2025-11-03T17:37:57","modified_gmt":"2025-11-03T20:37:57","slug":"curso-ges-sigges-2","status":"publish","type":"product","link":"https:\/\/redlearning.cl\/producto\/curso-ges-sigges-2\/","title":{"rendered":"Curso GES-SIGGES"},"content":{"rendered":"<p>La ley GES es un proceso transversal en la red de atenci\u00f3n p\u00fablica, los hitos que ella conlleva son relevantes a la hora de la atenci\u00f3n de los usuarios, por lo que el desconocimiento de la ley, de las atenciones garantizadas, de los plazos, de los procesos y la exigencia de la documentaci\u00f3n auditada por las entidades fiscalizadoras, hace la necesidad que el GES sea conocido y manejado por quienes son gestores de las atenciones y de las garant\u00edas asociadas a las patolog\u00edas establecidas en el r\u00e9gimen.<\/p>\n<p>La rotaci\u00f3n de profesionales, la incorporaci\u00f3n de funcionarios as\u00ed como la relevancia del tema, requiere permanente actualizaci\u00f3n del Equipo de salud para garantizar un buen proceso de Gesti\u00f3n del GES, ya que cada beneficiario GES debe recibir las atenciones garantizadas por ley, que involucra varias etapas de un proceso establecido, el cual tiene una l\u00f3gica cl\u00ednica y administrativa. El desconocer este proceso influye directamente en la oportunidad de la atenci\u00f3n y en el trabajo y producci\u00f3n del Equipo.<\/p>\n<p>Al no tener conocimiento de los procesos, los usuarios pueden sufrir vulneraci\u00f3n de sus derechos, siendo estos reclamables cuando no se conoce bien el proceso cl\u00ednico \u2013 administrativo y no se cumple lo establecido por ley, traduci\u00e9ndose en garant\u00edas retrasadas y en insatisfacci\u00f3n usuaria.<\/p>\n<h2><span style=\"color: #0099cd;\">Objetivo General<\/span><\/h2>\n<hr \/>\n<p>Actualizar y estandarizar los conocimientos que implica el Sistema de informaci\u00f3n para la gesti\u00f3n de garant\u00edas en Salud, haci\u00e9ndolos comprensibles a todos los funcionarios involucrados en este proceso.<\/p>\n<h2><span style=\"color: #0099cd;\">Metodolog\u00eda<\/span><\/h2>\n<hr \/>\n<p>Modalidad 100% Online, asincr\u00f3nico y a tu ritmo. Contar\u00e1s con tutores desde el principio al fin de tu formaci\u00f3n, nunca estar\u00e1s sol@.<\/p>\n<h2><span style=\"color: #0099cd;\">Temario<\/span><\/h2>\n<hr \/>\n<div class=\"lightweight-accordion bordered has-text-color has-background\"><details><summary class=\"lightweight-accordion-title\" style=\"color:#ffffff;background:#0099cd;\"><span>M\u00f3dulo I - Sistema de informaci\u00f3n para la gesti\u00f3n de garant\u00edas en Salud<\/span><\/summary><div class=\"lightweight-accordion-body\" style=\"border-color:#0099cd;\"><h6><span style=\"color: #0099cd;\">Objetivos espec\u00edficos: <\/span><\/h6>\n<ul>\n<li>Adquirir conocimientos te\u00f3ricos sobre los pilares fundamentales del GES<\/li>\n<li>Conocer la base jur\u00eddica del GES.<\/li>\n<li>Conocer y actualizar el funcionamiento del GES.<\/li>\n<li>Determinar Responsabilidades y competencias.<\/li>\n<\/ul>\n<h6><span style=\"color: #0099cd;\">Duraci\u00f3n: <\/span>12 horas<\/h6>\n<h6><span style=\"color: #0099cd;\">Contenidos:<\/span><\/h6>\n<ol>\n<li>Breve Historia de la salud p\u00fablica.<\/li>\n<li>Importantes Logros de la Salud P\u00fablica Chilena.<\/li>\n<li>Aspectos Claves de la reforma de salud.<\/li>\n<li>Ley GES N\u00b0 19.966.<\/li>\n<li>Procesos de atenci\u00f3n GES<\/li>\n<li>Niveles de ingreso y atenci\u00f3n GES en la Red y espec\u00edficamente en APS<\/li>\n<li>Beneficiarios que pueden optar al GES<\/li>\n<li>Garant\u00edas y plazos establecidos<\/li>\n<li>Causal de excepci\u00f3n y gesti\u00f3n de ello<\/li>\n<li>Responsabilidad y deberes de quienes atienden pacientes GES<\/li>\n<li>Quienes pueden atender pacientes GES<\/li>\n<\/ol>\n<\/div><\/details><\/div>\n<div class=\"lightweight-accordion bordered has-text-color has-background\"><details><summary class=\"lightweight-accordion-title\" style=\"color:#ffffff;background:#0099cd;\"><span>M\u00f3dulo II - Estructura del R\u00e9gimen de garant\u00edas, y sistema SIGGES<\/span><\/summary><div class=\"lightweight-accordion-body\" style=\"border-color:#0099cd;\"><h6><span style=\"color: #0099cd;\">Objetivos espec\u00edficos: <\/span>Conocer el R\u00e9gimen de las Garant\u00edas GES, el sistema Inform\u00e1tico que monitorea el cumplimiento de la garant\u00eda de oportunidad y el rol de los funcionarios que manejan el sistema.<\/h6>\n<h6><span style=\"color: #0099cd;\">Duraci\u00f3n: <\/span>12 horas<\/h6>\n<h6><span style=\"color: #0099cd;\">Contenidos:<\/span><\/h6>\n<ol>\n<li>Descripci\u00f3n del proceso de atenci\u00f3n GES<\/li>\n<li>Definiciones descriptivas de patolog\u00edas ges en los reg\u00edmenes de garant\u00edas<\/li>\n<li>Gu\u00edas cl\u00ednica<\/li>\n<li>Atenci\u00f3n pacientes GES, en tiempos de pandemia<\/li>\n<li>Sistema SIGGES\n<ol>\n<li style=\"list-style-type: none;\">\n<ul>\n<li>Gestaci\u00f3n del SIGGES<\/li>\n<li>Responsabilidad de los funcionarios que participan en el sistema<\/li>\n<\/ul>\n<\/li>\n<\/ol>\n<\/li>\n<\/ol>\n<\/div><\/details><\/div>\n<div class=\"lightweight-accordion bordered has-text-color has-background\"><details><summary class=\"lightweight-accordion-title\" style=\"color:#ffffff;background:#0099cd;\"><span>M\u00f3dulo Final: Resoluci\u00f3n de un caso de aplicaci\u00f3n<\/span><\/summary><div class=\"lightweight-accordion-body\" style=\"border-color:#0099cd;\"><h6><span style=\"color: #0099cd;\">TEST FINAL<br \/>\nPROYECTO DE INTEGRACI\u00d3N TE\u00d3RICO PR\u00c1CTICO<\/span><\/h6>\n<h6><span style=\"color: #0099cd;\">Objetivo:<\/span><\/h6>\n<ul>\n<li>Demostrar la comprensi\u00f3n y habilidades de aplicaci\u00f3n a la labor de los contenidos desarrollados en el Curso.<\/li>\n<\/ul>\n<\/div><\/details><\/div>\n","protected":false},"excerpt":{"rendered":"<h2><span style=\"color: #0099cd;\">Resumen del Curso<\/span><\/h2>\n<hr \/>\n<p><img decoding=\"async\" class=\"alignnone size-full wp-image-333\" style=\"font-weight: inherit;\" src=\"https:\/\/linketeach.cl\/wp-content\/uploads\/2021\/07\/education_computer_school_graduate_cap_monitor_icon_149680.png\" alt=\"\" width=\"48\" height=\"48\" \/>24 horas &#8211; 3 m\u00f3dulos<\/p>\n<p><img decoding=\"async\" class=\"alignnone size-full wp-image-332\" src=\"https:\/\/linketeach.cl\/wp-content\/uploads\/2021\/07\/education_book_learn_learning_icon_149694.png\" alt=\"\" width=\"48\" height=\"48\" \/><a href=\"https:\/\/site.redlearning.cl\/wp-content\/uploads\/2021\/01\/programa-GES-sigges-1.pdf\" target=\"_blank\" rel=\"noopener\">Programa del Curso<\/a><\/p>\n<p><img decoding=\"async\" class=\"alignnone size-medium wp-image-335\" src=\"https:\/\/linketeach.cl\/wp-content\/uploads\/2021\/07\/notes_clipboard_icon_149712-1.png\" alt=\"\" width=\"48\" height=\"48\" \/>Evaluaci\u00f3n Final<\/p>\n<p><img loading=\"lazy\" decoding=\"async\" class=\"alignnone size-medium wp-image-334\" style=\"font-weight: inherit;\" src=\"https:\/\/linketeach.cl\/wp-content\/uploads\/2021\/07\/education_diploma_award_icon_149701.png\" alt=\"\" width=\"48\" height=\"48\" \/>Certificaci\u00f3n<\/p>\n","protected":false},"featured_media":10727,"template":"","meta":{"site-sidebar-layout":"no-sidebar","site-content-layout":"default","ast-site-content-layout":"default","site-content-style":"default","site-sidebar-style":"default","ast-global-header-display":"","ast-banner-title-visibility":"","ast-main-header-display":"","ast-hfb-above-header-display":"","ast-hfb-below-header-display":"","ast-hfb-mobile-header-display":"","site-post-title":"","ast-breadcrumbs-content":"","ast-featured-img":"","footer-sml-layout":"","ast-disable-related-posts":"","theme-transparent-header-meta":"default","adv-header-id-meta":"","stick-header-meta":"","header-above-stick-meta":"","header-main-stick-meta":"","header-below-stick-meta":"","astra-migrate-meta-layouts":"set","ast-page-background-enabled":"default","ast-page-background-meta":{"desktop":{"background-color":"","background-image":"","background-repeat":"repeat","background-position":"center center","background-size":"auto","background-attachment":"scroll","background-type":"","background-media":"","overlay-type":"","overlay-color":"","overlay-opacity":"","overlay-gradient":""},"tablet":{"background-color":"","background-image":"","background-repeat":"repeat","background-position":"center center","background-size":"auto","background-attachment":"scroll","background-type":"","background-media":"","overlay-type":"","overlay-color":"","overlay-opacity":"","overlay-gradient":""},"mobile":{"background-color":"","background-image":"","background-repeat":"repeat","background-position":"center center","background-size":"auto","background-attachment":"scroll","background-type":"","background-media":"","overlay-type":"","overlay-color":"","overlay-opacity":"","overlay-gradient":""}},"ast-content-background-meta":{"desktop":{"background-color":"var(--ast-global-color-5)","background-image":"","background-repeat":"repeat","background-position":"center center","background-size":"auto","background-attachment":"scroll","background-type":"","background-media":"","overlay-type":"","overlay-color":"","overlay-opacity":"","overlay-gradient":""},"tablet":{"background-color":"var(--ast-global-color-5)","background-image":"","background-repeat":"repeat","background-position":"center center","background-size":"auto","background-attachment":"scroll","background-type":"","background-media":"","overlay-type":"","overlay-color":"","overlay-opacity":"","overlay-gradient":""},"mobile":{"background-color":"var(--ast-global-color-5)","background-image":"","background-repeat":"repeat","background-position":"center center","background-size":"auto","background-attachment":"scroll","background-type":"","background-media":"","overlay-type":"","overlay-color":"","overlay-opacity":"","overlay-gradient":""}},"_joinchat":[]},"product_brand":[],"product_cat":[425,294],"product_tag":[],"class_list":{"0":"post-15360","1":"product","2":"type-product","3":"status-publish","4":"has-post-thumbnail","6":"product_cat-cursos","7":"product_cat-cursos-gestion-administracion-salud","8":"desktop-align-left","9":"tablet-align-left","10":"mobile-align-left","12":"first","13":"instock","14":"sale","15":"downloadable","16":"virtual","17":"sold-individually","18":"purchasable","19":"product-type-simple"},"_links":{"self":[{"href":"https:\/\/redlearning.cl\/wp-json\/wp\/v2\/product\/15360","targetHints":{"allow":["GET"]}}],"collection":[{"href":"https:\/\/redlearning.cl\/wp-json\/wp\/v2\/product"}],"about":[{"href":"https:\/\/redlearning.cl\/wp-json\/wp\/v2\/types\/product"}],"wp:featuredmedia":[{"embeddable":true,"href":"https:\/\/redlearning.cl\/wp-json\/wp\/v2\/media\/10727"}],"wp:attachment":[{"href":"https:\/\/redlearning.cl\/wp-json\/wp\/v2\/media?parent=15360"}],"wp:term":[{"taxonomy":"product_brand","embeddable":true,"href":"https:\/\/redlearning.cl\/wp-json\/wp\/v2\/product_brand?post=15360"},{"taxonomy":"product_cat","embeddable":true,"href":"https:\/\/redlearning.cl\/wp-json\/wp\/v2\/product_cat?post=15360"},{"taxonomy":"product_tag","embeddable":true,"href":"https:\/\/redlearning.cl\/wp-json\/wp\/v2\/product_tag?post=15360"}],"curies":[{"name":"wp","href":"https:\/\/api.w.org\/{rel}","templated":true}]}}