{"id":17299,"date":"2024-04-23T00:10:11","date_gmt":"2024-04-23T03:10:11","guid":{"rendered":"https:\/\/site.redlearning.cl\/?post_type=product&#038;p=17299"},"modified":"2025-11-03T17:36:40","modified_gmt":"2025-11-03T20:36:40","slug":"curso-manejo-hipertension-arterial-en-poblaciones-especiales-2","status":"publish","type":"product","link":"https:\/\/redlearning.cl\/?product=curso-manejo-hipertension-arterial-en-poblaciones-especiales-2","title":{"rendered":"Curso Manejo Hipertensi\u00f3n Arterial en Poblaciones Especiales"},"content":{"rendered":"<p>El curso est\u00e1 orientado a m\u00e9dicos de atenci\u00f3n primaria, con el objeto de aportar los elementos b\u00e1sicos para el manejo de la hipertensi\u00f3n arterial sobre los fundamentos de las evidencias cient\u00edficas m\u00e1s recientes, y ajustados a su pr\u00e1ctica sociocultural. Su orientaci\u00f3n es eminentemente pr\u00e1ctica, profundizando aspectos te\u00f3ricos que consoliden conductas validadas, y metodolog\u00edas para la adopci\u00f3n y evaluaci\u00f3n del tratamiento antihipertensivo.<\/p>\n<h2><span style=\"color: #0099cd;\">Objetivo General<\/span><\/h2>\n<hr \/>\n<p>Adquirir conocimientos que contribuyan a mejorar el desempe\u00f1o cl\u00ednico en el diagn\u00f3stico, tratamiento y seguimiento de los pacientes con hipertensi\u00f3n arterial, en poblaciones especiales.<\/p>\n<h2><span style=\"color: #0099cd;\">Objetivo General<\/span><\/h2>\n<hr \/>\n<ul>\n<li>Conocer manejo inicial de patolog\u00eda hipertensiva en atenci\u00f3n primaria.<\/li>\n<li>Conocer esquemas terap\u00e9uticos y de manejo en poblaciones especiales de hipertensi\u00f3n arterial.<\/li>\n<li>Actualizar conocimientos y conocer enfrentamiento en situaciones especiales de paciente hipertenso.<\/li>\n<\/ul>\n<h2><span style=\"color: #0099cd;\">Metodolog\u00eda<\/span><\/h2>\n<hr \/>\n<p>Modalidad 100% Online, asincr\u00f3nico y a tu ritmo. Contar\u00e1s con tutores desde el principio al fin de tu formaci\u00f3n, nunca estar\u00e1s sol@.<\/p>\n<h2><span style=\"color: #0099cd;\">Temario<\/span><\/h2>\n<hr \/>\n<div class=\"lightweight-accordion bordered has-text-color has-background\"><details><summary class=\"lightweight-accordion-title\" style=\"color:#ffffff;background:#0099cd;\"><span>M\u00f3dulo I - Hipertensi\u00f3n arterial<\/span><\/summary><div class=\"lightweight-accordion-body\" style=\"border-color:#0099cd;\"><h6><span style=\"color: #0099cd;\">Contenidos:<\/span><\/h6>\n<ul>\n<li>Mirada poblacional: comportamiento de la presi\u00f3n arterial con la edad.<\/li>\n<li>\u00bfDe d\u00f3nde surgen los puntos de corte para definir HTA?<\/li>\n<li>\u00bfQu\u00e9 consecuencias tiene los niveles de presi\u00f3n arterial sist\u00f3lica y diast\u00f3lica sobre la salud cardiovascular, cerebral y renal?<\/li>\n<\/ul>\n<\/div><\/details><\/div>\n<div class=\"lightweight-accordion bordered has-text-color has-background\"><details><summary class=\"lightweight-accordion-title\" style=\"color:#ffffff;background:#0099cd;\"><span>M\u00f3dulo II - Diagn\u00f3stico de hipertensi\u00f3n arterial en atenci\u00f3n primaria<\/span><\/summary><div class=\"lightweight-accordion-body\" style=\"border-color:#0099cd;\"><h6><span style=\"color: #0099cd;\">Contenidos:<\/span><\/h6>\n<ul>\n<li>Manejo de la hipertensi\u00f3n en el embarazo y puerperio.<\/li>\n<li>Hipertensi\u00f3n arterial en el ni\u00f1o. Diagn\u00f3stico y tratamiento.<\/li>\n<li>El adolescente con presi\u00f3n arterial elevada.<\/li>\n<li>Hipertensi\u00f3n arterial en el adulto mayor.<\/li>\n<li>Manejo de la hipertensi\u00f3n en el paciente diab\u00e9tico.<\/li>\n<li>Manejo de la hipertensi\u00f3n en insuficiencia renal.<\/li>\n<li>Diagn\u00f3stico y tratamiento en hipertensi\u00f3n arterial resistente.<\/li>\n<li>Diagn\u00f3stico y manejo de las crisis hipertensivas.<\/li>\n<\/ul>\n<\/div><\/details><\/div>\n<div class=\"lightweight-accordion bordered has-text-color has-background\"><details><summary class=\"lightweight-accordion-title\" style=\"color:#ffffff;background:#0099cd;\"><span>M\u00f3dulo III - Hipertensi\u00f3n arterial en poblaciones especiales<\/span><\/summary><div class=\"lightweight-accordion-body\" style=\"border-color:#0099cd;\"><h6><span style=\"color: #0099cd;\">Contenidos:<\/span><\/h6>\n<ul>\n<li>HTA en ni\u00f1os y adolescentes.<\/li>\n<li>HTA y embarazo.<\/li>\n<li>HTA en ancianos.<\/li>\n<li>HTA en el paciente renal.<\/li>\n<li>HTA en el paciente coronario<\/li>\n<li>HTA en el paciente diab\u00e9tico<\/li>\n<li>HTA en el paciente con enfermedad cerebrovascular<\/li>\n<\/ul>\n<\/div><\/details><\/div>\n<div class=\"lightweight-accordion bordered has-text-color has-background\"><details><summary class=\"lightweight-accordion-title\" style=\"color:#ffffff;background:#0099cd;\"><span>M\u00f3dulo Final - Evaluaci\u00f3n<\/span><\/summary><div class=\"lightweight-accordion-body\" style=\"border-color:#0099cd;\"><h6><span style=\"color: #0099cd;\">TEST GLOBAL<\/span><\/h6>\n<\/div><\/details><\/div>\n","protected":false},"excerpt":{"rendered":"<p><span style=\"color: #0099cd;\">Resumen del Curso<\/span><\/p>\n<hr \/>\n<p><img decoding=\"async\" class=\"alignnone size-full wp-image-333\" style=\"font-weight: inherit;\" src=\"https:\/\/linketeach.cl\/wp-content\/uploads\/2021\/07\/education_computer_school_graduate_cap_monitor_icon_149680.png\" alt=\"\" width=\"48\" height=\"48\" \/>100 horas &#8211; 4 m\u00f3dulos<\/p>\n<p><img decoding=\"async\" class=\"alignnone size-full wp-image-332\" src=\"https:\/\/linketeach.cl\/wp-content\/uploads\/2021\/07\/education_book_learn_learning_icon_149694.png\" alt=\"\" width=\"48\" height=\"48\" \/><a href=\"https:\/\/site.redlearning.cl\/wp-content\/uploads\/2021\/11\/C-Manejo-hipertension-arterial-1-1.pdf\" target=\"_blank\" rel=\"noopener\">Programa del Curso<\/a><\/p>\n<p><img decoding=\"async\" class=\"alignnone size-medium wp-image-335\" src=\"https:\/\/linketeach.cl\/wp-content\/uploads\/2021\/07\/notes_clipboard_icon_149712-1.png\" alt=\"\" width=\"48\" height=\"48\" \/>Evaluaci\u00f3n Final<\/p>\n<p><img loading=\"lazy\" decoding=\"async\" class=\"alignnone size-medium wp-image-334\" style=\"font-weight: inherit;\" src=\"https:\/\/linketeach.cl\/wp-content\/uploads\/2021\/07\/education_diploma_award_icon_149701.png\" alt=\"\" width=\"48\" height=\"48\" \/>Certificaci\u00f3n<\/p>\n","protected":false},"featured_media":11980,"template":"","meta":{"site-sidebar-layout":"no-sidebar","site-content-layout":"default","ast-site-content-layout":"default","site-content-style":"default","site-sidebar-style":"default","ast-global-header-display":"","ast-banner-title-visibility":"","ast-main-header-display":"","ast-hfb-above-header-display":"","ast-hfb-below-header-display":"","ast-hfb-mobile-header-display":"","site-post-title":"","ast-breadcrumbs-content":"","ast-featured-img":"","footer-sml-layout":"","ast-disable-related-posts":"","theme-transparent-header-meta":"default","adv-header-id-meta":"","stick-header-meta":"","header-above-stick-meta":"","header-main-stick-meta":"","header-below-stick-meta":"","astra-migrate-meta-layouts":"set","ast-page-background-enabled":"default","ast-page-background-meta":{"desktop":{"background-color":"","background-image":"","background-repeat":"repeat","background-position":"center center","background-size":"auto","background-attachment":"scroll","background-type":"","background-media":"","overlay-type":"","overlay-color":"","overlay-opacity":"","overlay-gradient":""},"tablet":{"background-color":"","background-image":"","background-repeat":"repeat","background-position":"center center","background-size":"auto","background-attachment":"scroll","background-type":"","background-media":"","overlay-type":"","overlay-color":"","overlay-opacity":"","overlay-gradient":""},"mobile":{"background-color":"","background-image":"","background-repeat":"repeat","background-position":"center center","background-size":"auto","background-attachment":"scroll","background-type":"","background-media":"","overlay-type":"","overlay-color":"","overlay-opacity":"","overlay-gradient":""}},"ast-content-background-meta":{"desktop":{"background-color":"var(--ast-global-color-5)","background-image":"","background-repeat":"repeat","background-position":"center center","background-size":"auto","background-attachment":"scroll","background-type":"","background-media":"","overlay-type":"","overlay-color":"","overlay-opacity":"","overlay-gradient":""},"tablet":{"background-color":"var(--ast-global-color-5)","background-image":"","background-repeat":"repeat","background-position":"center center","background-size":"auto","background-attachment":"scroll","background-type":"","background-media":"","overlay-type":"","overlay-color":"","overlay-opacity":"","overlay-gradient":""},"mobile":{"background-color":"var(--ast-global-color-5)","background-image":"","background-repeat":"repeat","background-position":"center center","background-size":"auto","background-attachment":"scroll","background-type":"","background-media":"","overlay-type":"","overlay-color":"","overlay-opacity":"","overlay-gradient":""}},"_joinchat":[]},"product_brand":[],"product_cat":[425,285],"product_tag":[],"class_list":{"0":"post-17299","1":"product","2":"type-product","3":"status-publish","4":"has-post-thumbnail","6":"product_cat-cursos","7":"product_cat-cursos-medicina-y-enfermeria","8":"desktop-align-left","9":"tablet-align-left","10":"mobile-align-left","12":"first","13":"instock","14":"sale","15":"downloadable","16":"virtual","17":"sold-individually","18":"purchasable","19":"product-type-simple"},"_links":{"self":[{"href":"https:\/\/redlearning.cl\/index.php?rest_route=\/wp\/v2\/product\/17299","targetHints":{"allow":["GET"]}}],"collection":[{"href":"https:\/\/redlearning.cl\/index.php?rest_route=\/wp\/v2\/product"}],"about":[{"href":"https:\/\/redlearning.cl\/index.php?rest_route=\/wp\/v2\/types\/product"}],"wp:featuredmedia":[{"embeddable":true,"href":"https:\/\/redlearning.cl\/index.php?rest_route=\/wp\/v2\/media\/11980"}],"wp:attachment":[{"href":"https:\/\/redlearning.cl\/index.php?rest_route=%2Fwp%2Fv2%2Fmedia&parent=17299"}],"wp:term":[{"taxonomy":"product_brand","embeddable":true,"href":"https:\/\/redlearning.cl\/index.php?rest_route=%2Fwp%2Fv2%2Fproduct_brand&post=17299"},{"taxonomy":"product_cat","embeddable":true,"href":"https:\/\/redlearning.cl\/index.php?rest_route=%2Fwp%2Fv2%2Fproduct_cat&post=17299"},{"taxonomy":"product_tag","embeddable":true,"href":"https:\/\/redlearning.cl\/index.php?rest_route=%2Fwp%2Fv2%2Fproduct_tag&post=17299"}],"curies":[{"name":"wp","href":"https:\/\/api.w.org\/{rel}","templated":true}]}}