{"id":17312,"date":"2024-04-23T17:49:25","date_gmt":"2024-04-23T20:49:25","guid":{"rendered":"https:\/\/site.redlearning.cl\/?post_type=product&#038;p=17312"},"modified":"2025-11-03T17:36:39","modified_gmt":"2025-11-03T20:36:39","slug":"curso-abordaje-integral-de-la-adolescencia-3","status":"publish","type":"product","link":"https:\/\/redlearning.cl\/producto\/curso-abordaje-integral-de-la-adolescencia-3\/","title":{"rendered":"Curso Abordaje Integral de la Adolescencia"},"content":{"rendered":"<p>El marco conceptual de la OPS plantea fortalecer el desarrollo del adolescente dentro del contexto de la familia y su ambiente socioecon\u00f3mico, pol\u00edtico y cultural y promueve los programas que apoyen el desarrollo del adolescente como una estrategia para prevenir sus problemas de salud.<\/p>\n<p>En ese sentido, con la impartici\u00f3n de este Diploma, se busca fortalecer y desarrollar las competencias de los profesionales en el abordaje e intervenci\u00f3n diaria con adolescentes, con el fin de promover la implementaci\u00f3n de pol\u00edticas, planes, programas y servicios de salud orientados a las necesidades de este grupo etario, con enfoque de derechos humanos equidad de g\u00e9nero e interculturalidad. Asimismo, se revisar\u00e1n el proceso de crecimiento y desarrollo biopsicosocial, los riesgos que afectan estos procesos, los problemas de salud m\u00e1s frecuentes, las formas de intervenci\u00f3n y las estrategias de implementaci\u00f3n de servicios de calidad para adolescentes, teniendo como eje el cumplimiento de sus derechos en tem\u00e1ticas relacionadas con su propia salud.<\/p>\n<h2><span style=\"color: #0099cd;\">Objetivo General<\/span><\/h2>\n<hr \/>\n<p>Examinar los aspectos psicosociales, psicosexuales y fisiol\u00f3gicos del\/la adolescente para una gesti\u00f3n preventiva y promotora de la salud en diversos contextos de vida.<\/p>\n<h2><span style=\"color: #0099cd;\">Metodolog\u00eda<\/span><\/h2>\n<hr \/>\n<p>Modalidad 100% Online, asincr\u00f3nico y a tu ritmo. Contar\u00e1s con tutores desde el principio al fin de tu formaci\u00f3n, nunca estar\u00e1s sol@.<\/p>\n<h2><span style=\"color: #0099cd;\">Temario<\/span><\/h2>\n<hr \/>\n<div class=\"lightweight-accordion bordered has-text-color has-background\"><details><summary class=\"lightweight-accordion-title\" style=\"color:#ffffff;background:#0099cd;\"><span>M\u00f3dulo I - Crecimiento y Desarrollo del\/a adolescente<\/span><\/summary><div class=\"lightweight-accordion-body\" style=\"border-color:#0099cd;\"><h6><span style=\"color: #0099cd;\">Objetivos espec\u00edficos: <\/span>Identificar los fundamentos te\u00f3ricos del crecimiento y desarrollo del\/a adolescente y su relaci\u00f3n con el contexto familiar.<\/h6>\n<h6><span style=\"color: #0099cd;\">Duraci\u00f3n: <\/span>25 horas<\/h6>\n<h6><span style=\"color: #0099cd;\">Contenidos:<\/span><\/h6>\n<ul>\n<li>Conceptualizaci\u00f3n de la adolescencia.<\/li>\n<li>Crecimiento y desarrollo puberal durante la adolescencia.<\/li>\n<li>Desarrollo psicosocial y psicosexual durante la adolescencia.<\/li>\n<li>Familia y adolescencia.<\/li>\n<\/ul>\n<\/div><\/details><\/div>\n<div class=\"lightweight-accordion bordered has-text-color has-background\"><details><summary class=\"lightweight-accordion-title\" style=\"color:#ffffff;background:#0099cd;\"><span>M\u00f3dulo II - Evaluaci\u00f3n cl\u00ednica del\/a adolescente y Problemas de salud I<\/span><\/summary><div class=\"lightweight-accordion-body\" style=\"border-color:#0099cd;\"><h6><span style=\"color: #0099cd;\">Objetivos espec\u00edficos: <\/span>Analizar el contexto sanitario adolescente en la regi\u00f3n latinoamericana y los diversos trastornos que en su desarrollo se manifiestan.<\/h6>\n<h6><span style=\"color: #0099cd;\">Duraci\u00f3n: <\/span>25 horas<\/h6>\n<h6><span style=\"color: #0099cd;\">Contenidos:<\/span><\/h6>\n<ul>\n<li>Situaci\u00f3n de salud de adolescentes de Am\u00e9rica Latina y el Caribe.<\/li>\n<li>Supervisi\u00f3n de salud del adolescente.<\/li>\n<li>Evaluaci\u00f3n nutricional. Riesgos nutricionales.<\/li>\n<li>Trastornos del crecimiento y desarrollo: Talla baja. Pubertad retrasada.<\/li>\n<li>Anorexia nerviosa, bulimia y obesidad.<\/li>\n<li>Trastornos endocrinos: Trastornos de tiroides. Ginecomastia.<\/li>\n<li>Trastornos menstruales de la adolescente.<\/li>\n<li>Acn\u00e9 en el adolescente.<\/li>\n<\/ul>\n<\/div><\/details><\/div>\n<div class=\"lightweight-accordion bordered has-text-color has-background\"><details><summary class=\"lightweight-accordion-title\" style=\"color:#ffffff;background:#0099cd;\"><span>M\u00f3dulo III - Evaluaci\u00f3n cl\u00ednica del\/a adolescente y Problemas de salud II<\/span><\/summary><div class=\"lightweight-accordion-body\" style=\"border-color:#0099cd;\"><h6><span style=\"color: #0099cd;\">Objetivos espec\u00edficos: <\/span>Analizar los aspectos psicosociales y psicosexuales de\/a adolescente y su impacto en el contexto familiar.<\/h6>\n<h6><span style=\"color: #0099cd;\">Duraci\u00f3n: <\/span>25 horas<\/h6>\n<h6><span style=\"color: #0099cd;\">Contenidos:<\/span><\/h6>\n<ul>\n<li>\u00a0Depresi\u00f3n<\/li>\n<li>Consumo de sustancias.<\/li>\n<li>Sexualidad del\/la adolescente.<\/li>\n<li>Entrevista al adolescente y su familia.<\/li>\n<li>Consejer\u00eda a adolescentes y j\u00f3venes.<\/li>\n<\/ul>\n<\/div><\/details><\/div>\n<div class=\"lightweight-accordion bordered has-text-color has-background\"><details><summary class=\"lightweight-accordion-title\" style=\"color:#ffffff;background:#0099cd;\"><span>M\u00f3dulo IV - Violencia Juvenil<\/span><\/summary><div class=\"lightweight-accordion-body\" style=\"border-color:#0099cd;\"><h6><span style=\"color: #0099cd;\">Objetivos espec\u00edficos: <\/span>Distinguir los tipos de violencia en la vida del\/a adolescente para gestionar estrategias que la prevengan.<\/h6>\n<h6><span style=\"color: #0099cd;\">Duraci\u00f3n: <\/span>25 horas<\/h6>\n<h6><span style=\"color: #0099cd;\">Contenidos:<\/span><\/h6>\n<ul>\n<li>Definiciones y antecedentes de violencia juvenil.<\/li>\n<li>La din\u00e1mica de la violencia.<\/li>\n<li>Violencia autoinflingida.<\/li>\n<li>Violencia interpersonal.\n<ul>\n<li style=\"list-style-type: none;\">\n<ul>\n<li>Maltrato y Abuso sexual.<\/li>\n<li>Violencia en \u00e1mbitos escolares.<\/li>\n<\/ul>\n<\/li>\n<\/ul>\n<\/li>\n<li>Violencia colectiva.<\/li>\n<li>Enfoques y estrategias de prevenci\u00f3n de la violencia que afecta a la juventud<\/li>\n<\/ul>\n<\/div><\/details><\/div>\n<div class=\"lightweight-accordion bordered has-text-color has-background\"><details><summary class=\"lightweight-accordion-title\" style=\"color:#ffffff;background:#0099cd;\"><span>M\u00f3dulo Final<\/span><\/summary><div class=\"lightweight-accordion-body\" style=\"border-color:#0099cd;\"><h6><span style=\"color: #0099cd;\">TEST GLOBAL<br \/>\nPROYECTO DE INTEGRACI\u00d3N TE\u00d3RICO PR\u00c1CTICO<\/span><\/h6>\n<h6><span style=\"color: #0099cd;\">Duraci\u00f3n: <\/span>20 horas<\/h6>\n<h6><span style=\"color: #0099cd;\">Objetivo:<\/span><\/h6>\n<ul>\n<li>Analizar el contexto del\/a adolescente en la regi\u00f3n Latinoam\u00e9rica en funci\u00f3n a los Derechos Humanos y su impacto en el desarrollo psicosocial.<\/li>\n<\/ul>\n<\/div><\/details><\/div>\n","protected":false},"excerpt":{"rendered":"<h2><span style=\"color: #0099cd;\">Resumen del Curso: <\/span><\/h2>\n<hr \/>\n<p><img decoding=\"async\" class=\"alignnone size-full wp-image-333\" style=\"font-weight: inherit;\" src=\"https:\/\/linketeach.cl\/wp-content\/uploads\/2021\/07\/education_computer_school_graduate_cap_monitor_icon_149680.png\" alt=\"\" width=\"48\" height=\"48\" \/>120 horas &#8211; 5 m\u00f3dulos<\/p>\n<p><img decoding=\"async\" class=\"alignnone size-full wp-image-332\" src=\"https:\/\/linketeach.cl\/wp-content\/uploads\/2021\/07\/education_book_learn_learning_icon_149694.png\" alt=\"\" width=\"48\" height=\"48\" \/><a href=\"https:\/\/site.redlearning.cl\/wp-content\/uploads\/2022\/04\/Programa-C-Abordaje-Adolescente.pdf\" target=\"_blank\" rel=\"noopener\">Programa del Curso<\/a><\/p>\n<p><img decoding=\"async\" class=\"alignnone size-medium wp-image-335\" src=\"https:\/\/linketeach.cl\/wp-content\/uploads\/2021\/07\/notes_clipboard_icon_149712-1.png\" alt=\"\" width=\"48\" height=\"48\" \/>Evaluaci\u00f3n Final<\/p>\n<p><img loading=\"lazy\" decoding=\"async\" class=\"alignnone size-medium wp-image-334\" style=\"font-weight: inherit;\" src=\"https:\/\/linketeach.cl\/wp-content\/uploads\/2021\/07\/education_diploma_award_icon_149701.png\" alt=\"\" width=\"48\" height=\"48\" \/>Certificaci\u00f3n<\/p>\n","protected":false},"featured_media":10967,"template":"","meta":{"site-sidebar-layout":"no-sidebar","site-content-layout":"default","ast-site-content-layout":"default","site-content-style":"default","site-sidebar-style":"default","ast-global-header-display":"","ast-banner-title-visibility":"","ast-main-header-display":"","ast-hfb-above-header-display":"","ast-hfb-below-header-display":"","ast-hfb-mobile-header-display":"","site-post-title":"","ast-breadcrumbs-content":"","ast-featured-img":"","footer-sml-layout":"","ast-disable-related-posts":"","theme-transparent-header-meta":"default","adv-header-id-meta":"","stick-header-meta":"","header-above-stick-meta":"","header-main-stick-meta":"","header-below-stick-meta":"","astra-migrate-meta-layouts":"set","ast-page-background-enabled":"default","ast-page-background-meta":{"desktop":{"background-color":"","background-image":"","background-repeat":"repeat","background-position":"center center","background-size":"auto","background-attachment":"scroll","background-type":"","background-media":"","overlay-type":"","overlay-color":"","overlay-opacity":"","overlay-gradient":""},"tablet":{"background-color":"","background-image":"","background-repeat":"repeat","background-position":"center center","background-size":"auto","background-attachment":"scroll","background-type":"","background-media":"","overlay-type":"","overlay-color":"","overlay-opacity":"","overlay-gradient":""},"mobile":{"background-color":"","background-image":"","background-repeat":"repeat","background-position":"center center","background-size":"auto","background-attachment":"scroll","background-type":"","background-media":"","overlay-type":"","overlay-color":"","overlay-opacity":"","overlay-gradient":""}},"ast-content-background-meta":{"desktop":{"background-color":"var(--ast-global-color-5)","background-image":"","background-repeat":"repeat","background-position":"center center","background-size":"auto","background-attachment":"scroll","background-type":"","background-media":"","overlay-type":"","overlay-color":"","overlay-opacity":"","overlay-gradient":""},"tablet":{"background-color":"var(--ast-global-color-5)","background-image":"","background-repeat":"repeat","background-position":"center center","background-size":"auto","background-attachment":"scroll","background-type":"","background-media":"","overlay-type":"","overlay-color":"","overlay-opacity":"","overlay-gradient":""},"mobile":{"background-color":"var(--ast-global-color-5)","background-image":"","background-repeat":"repeat","background-position":"center center","background-size":"auto","background-attachment":"scroll","background-type":"","background-media":"","overlay-type":"","overlay-color":"","overlay-opacity":"","overlay-gradient":""}},"_joinchat":[]},"product_brand":[],"product_cat":[425,291],"product_tag":[],"class_list":{"0":"post-17312","1":"product","2":"type-product","3":"status-publish","4":"has-post-thumbnail","6":"product_cat-cursos","7":"product_cat-cursos-salud-mental","8":"desktop-align-left","9":"tablet-align-left","10":"mobile-align-left","12":"first","13":"instock","14":"sale","15":"downloadable","16":"virtual","17":"sold-individually","18":"purchasable","19":"product-type-simple"},"_links":{"self":[{"href":"https:\/\/redlearning.cl\/wp-json\/wp\/v2\/product\/17312","targetHints":{"allow":["GET"]}}],"collection":[{"href":"https:\/\/redlearning.cl\/wp-json\/wp\/v2\/product"}],"about":[{"href":"https:\/\/redlearning.cl\/wp-json\/wp\/v2\/types\/product"}],"wp:featuredmedia":[{"embeddable":true,"href":"https:\/\/redlearning.cl\/wp-json\/wp\/v2\/media\/10967"}],"wp:attachment":[{"href":"https:\/\/redlearning.cl\/wp-json\/wp\/v2\/media?parent=17312"}],"wp:term":[{"taxonomy":"product_brand","embeddable":true,"href":"https:\/\/redlearning.cl\/wp-json\/wp\/v2\/product_brand?post=17312"},{"taxonomy":"product_cat","embeddable":true,"href":"https:\/\/redlearning.cl\/wp-json\/wp\/v2\/product_cat?post=17312"},{"taxonomy":"product_tag","embeddable":true,"href":"https:\/\/redlearning.cl\/wp-json\/wp\/v2\/product_tag?post=17312"}],"curies":[{"name":"wp","href":"https:\/\/api.w.org\/{rel}","templated":true}]}}