{"id":17512,"date":"2024-04-24T19:18:38","date_gmt":"2024-04-24T22:18:38","guid":{"rendered":"https:\/\/site.redlearning.cl\/?post_type=product&#038;p=17512"},"modified":"2025-11-03T17:35:42","modified_gmt":"2025-11-03T20:35:42","slug":"curso-abordaje-integral-para-personas-con-dependencia-severa-2","status":"publish","type":"product","link":"https:\/\/site.redlearning.cl\/?product=curso-abordaje-integral-para-personas-con-dependencia-severa-2","title":{"rendered":"Curso Abordaje Integral para Personas con Dependencia Severa"},"content":{"rendered":"<p>La atenci\u00f3n domiciliaria a personas con dependencia severa, corresponde a una estrategia que ejecutan los equipos de salud de los establecimientos de atenci\u00f3n primaria. De acuerdo a la prevalencia, la tendencia est\u00e1 en aumento, de ah\u00ed la importancia que cobra la capacitaci\u00f3n en los equipos de salud, quienes deben brindar atenci\u00f3n a un grupo de personas que presenta alg\u00fan grado de dependencia. Esto constituye un gran desaf\u00edo para los profesionales y t\u00e9cnicos de salud, quienes deben estar preparados para entregar una atenci\u00f3n integral y de calidad, en virtud de lo cual se propone el siguiente curso, de 120 horas de formaci\u00f3n online.<\/p>\n<p>Esta formaci\u00f3n te permitir\u00e1 adquirir las herramientas cl\u00ednicas y psicosociales para abordar pacientes y familias con el enfoque del programa PADS; estas competencias se adscriben a conocer los par\u00e1metros b\u00e1sicos de nutrici\u00f3n para las personas con dependencia severa, manejar el dolor de forma integral, conocer los aspectos espirituales y sociales que impactan a la familia y a la persona con dependencia severa; todo ello con la meta de identificar los principales desaf\u00edos de la atenci\u00f3n domiciliaria y evaluar su impacto.<\/p>\n<h2><span style=\"color: #0099cd;\">Objetivo General<\/span><\/h2>\n<hr \/>\n<p>Fortalecer la formaci\u00f3n de profesionales con herramientas cl\u00ednicas como psicosociales para el abordaje de pacientes, familias y cuidadores en el desarrollo del programa PADS, otorgando una atenci\u00f3n integral y de calidad que permita coordinar actividades pertinentes a trav\u00e9s de todos los niveles de atenci\u00f3n de salud.<\/p>\n<h2><span style=\"color: #0099cd;\">Metodolog\u00eda<\/span><\/h2>\n<hr \/>\n<p>Modalidad 100% Online, asincr\u00f3nico y a tu ritmo. Contar\u00e1s con tutores desde el principio al fin de tu formaci\u00f3n, nunca estar\u00e1s sol@.<\/p>\n<h2><span style=\"color: #0099cd;\">Temario<\/span><\/h2>\n<hr \/>\n<div class=\"lightweight-accordion bordered has-text-color has-background\"><details><summary class=\"lightweight-accordion-title\" style=\"color:#ffffff;background:#0099cd;\"><span>M\u00f3dulo I - Principales problemas de salud de personas dependientes severas y su abordaje<\/span><\/summary><div class=\"lightweight-accordion-body\" style=\"border-color:#0099cd;\"><h6><span style=\"color: #0099cd;\">Objetivos espec\u00edficos: <\/span>Comprender los principales problemas de salud en personas dependientes severas y los procesos de abordaje involucrados.<\/h6>\n<h6><span style=\"color: #0099cd;\">Duraci\u00f3n: <\/span>25 horas<\/h6>\n<h6><span style=\"color: #0099cd;\">Contenidos:<\/span><\/h6>\n<ul>\n<li>Generalidades y dimensi\u00f3n del problema de la dependencia severa en Chile.<\/li>\n<li>Manejo integral de la persona con dependencia severa y su cuidadora.<\/li>\n<li>Tramitaci\u00f3n de expedientes y su abordaje.<\/li>\n<li>Estipendios<\/li>\n<li>Manejo de dolor de manera integral en la persona con dependencia severa.<\/li>\n<li>Manejar elementos b\u00e1sicos de una nutrici\u00f3n adecuada en las personas con dependencia severa. (C\u00e1lculo de IMC. Visitas y evaluaci\u00f3n nutricional por profesional)<\/li>\n<\/ul>\n<\/div><\/details><\/div>\n<div class=\"lightweight-accordion bordered has-text-color has-background\"><details><summary class=\"lightweight-accordion-title\" style=\"color:#ffffff;background:#0099cd;\"><span>M\u00f3dulo II - Autocuidado del equipo de salud<\/span><\/summary><div class=\"lightweight-accordion-body\" style=\"border-color:#0099cd;\"><h6><span style=\"color: #0099cd;\">Objetivos espec\u00edficos: <\/span>Examinar las medidas y estrategias de autocuidado del equipo de salud utilizadas en la atenci\u00f3n<br \/>\nintegral de personas con dependencia severa.<\/h6>\n<h6><span style=\"color: #0099cd;\">Duraci\u00f3n: <\/span>25 horas<\/h6>\n<h6><span style=\"color: #0099cd;\">Contenidos:<\/span><\/h6>\n<ul>\n<li>Rol del equipo de salud en atenci\u00f3n integral de personas con dependencia severa.<\/li>\n<li>Actividades de equipo y coordinaci\u00f3n.<\/li>\n<li>Planificaci\u00f3n y coordinaci\u00f3n socio sanitaria.<\/li>\n<li>Autocuidado: estrategias de ayuda y humanizaci\u00f3n del trato en el equipo de salud.<\/li>\n<li>Pausas saludables.<\/li>\n<\/ul>\n<\/div><\/details><\/div>\n<div class=\"lightweight-accordion bordered has-text-color has-background\"><details><summary class=\"lightweight-accordion-title\" style=\"color:#ffffff;background:#0099cd;\"><span>M\u00f3dulo III - Coordinaci\u00f3n de la red asistencial<\/span><\/summary><div class=\"lightweight-accordion-body\" style=\"border-color:#0099cd;\"><h6><span style=\"color: #0099cd;\">Objetivos espec\u00edficos: <\/span>Integrar el manejo del programa de dependencia severa en los diferentes centros de atenci\u00f3n de salud en APS y atenci\u00f3n hospitalaria, a trav\u00e9s de un proceso de coordinaci\u00f3n de la red asistencial.<\/h6>\n<h6><span style=\"color: #0099cd;\">Duraci\u00f3n: <\/span>25 horas<\/h6>\n<h6><span style=\"color: #0099cd;\">Contenidos:<\/span><\/h6>\n<ul>\n<li>Intervenci\u00f3n psicosocial para la integraci\u00f3n y convivencia social y familiar de la persona dependiente.<\/li>\n<li>Apoyo a la familia y cuidadores informales<\/li>\n<li>Tem\u00e1ticas legales relacionadas al estado de dependencia severa.<\/li>\n<li>Polifarmacia y dependencia severa.<\/li>\n<li>Aplicaci\u00f3n del programa de dependencia severa en diferentes centros de APS: Cesfam &#8211; hospitales.<\/li>\n<li>Prestaciones por parte de atenci\u00f3n primaria: Curaciones, procedimientos, ex\u00e1menes, entrega de material, capacitaciones que se pueden realizar a cuidadores, talleres etc.<\/li>\n<\/ul>\n<\/div><\/details><\/div>\n<div class=\"lightweight-accordion bordered has-text-color has-background\"><details><summary class=\"lightweight-accordion-title\" style=\"color:#ffffff;background:#0099cd;\"><span>M\u00f3dulo IV - Test de Barthel y test de Zarit<\/span><\/summary><div class=\"lightweight-accordion-body\" style=\"border-color:#0099cd;\"><h6><span style=\"color: #0099cd;\">Objetivos espec\u00edficos: <\/span>Aplicar el \u00edndice de Barthel (grado de dependencia) y el \u00edndice Zarit (sobrecarga del cuidado)<br \/>\ncomo medidas de apoyo al programa de dependencia severa.<\/h6>\n<h6><span style=\"color: #0099cd;\">Duraci\u00f3n: <\/span>25 horas<\/h6>\n<h6><span style=\"color: #0099cd;\">Contenidos:<\/span><\/h6>\n<ul>\n<li>Fundamentos en la aplicaci\u00f3n de los test.<\/li>\n<li>Valoraci\u00f3n de la dependencia.<\/li>\n<li>Valoraci\u00f3n de la sobrecarga del cuidador.<\/li>\n<li>An\u00e1lisis de casos.<\/li>\n<li>Metodolog\u00eda de aplicaci\u00f3n e Informe de hallazgos.<\/li>\n<\/ul>\n<\/div><\/details><\/div>\n<div class=\"lightweight-accordion bordered has-text-color has-background\"><details><summary class=\"lightweight-accordion-title\" style=\"color:#ffffff;background:#0099cd;\"><span>M\u00f3dulo Final<\/span><\/summary><div class=\"lightweight-accordion-body\" style=\"border-color:#0099cd;\"><h6><span style=\"color: #0099cd;\">TEST GLOBAL<br \/>\nPROYECTO DE INTEGRACI\u00d3N TE\u00d3RICO PR\u00c1CTICO<br \/>\n<\/span><\/h6>\n<h6><span style=\"color: #0099cd;\">Duraci\u00f3n: <\/span>20 horas<\/h6>\n<h6><span style=\"color: #0099cd;\">Objetivo:<\/span><\/h6>\n<ul>\n<li>Evaluar los contenidos revisados durante el proceso de formaci\u00f3n en base a un trabajo pr\u00e1ctico final.<\/li>\n<\/ul>\n<\/div><\/details><\/div>\n","protected":false},"excerpt":{"rendered":"<h2><span style=\"color: #0099cd;\">Resumen del Curso<\/span><\/h2>\n<hr \/>\n<p><img decoding=\"async\" class=\"alignnone size-full wp-image-333\" style=\"font-weight: inherit;\" src=\"https:\/\/linketeach.cl\/wp-content\/uploads\/2021\/07\/education_computer_school_graduate_cap_monitor_icon_149680.png\" alt=\"\" width=\"48\" height=\"48\" \/>120\u00a0horas &#8211; 5 m\u00f3dulos<\/p>\n<p><img decoding=\"async\" class=\"alignnone size-full wp-image-332\" src=\"https:\/\/linketeach.cl\/wp-content\/uploads\/2021\/07\/education_book_learn_learning_icon_149694.png\" alt=\"\" width=\"48\" height=\"48\" \/><a href=\"https:\/\/site.redlearning.cl\/wp-content\/uploads\/2021\/01\/C-Dependencia-Severa.pdf\" target=\"_blank\" rel=\"noopener\">Programa del Curso<\/a><\/p>\n<p><img decoding=\"async\" class=\"alignnone size-medium wp-image-335\" src=\"https:\/\/linketeach.cl\/wp-content\/uploads\/2021\/07\/notes_clipboard_icon_149712-1.png\" alt=\"\" width=\"48\" height=\"48\" \/>Evaluaci\u00f3n Final<\/p>\n<p><img loading=\"lazy\" decoding=\"async\" class=\"alignnone size-medium wp-image-334\" style=\"font-weight: inherit;\" src=\"https:\/\/linketeach.cl\/wp-content\/uploads\/2021\/07\/education_diploma_award_icon_149701.png\" alt=\"\" width=\"48\" height=\"48\" \/>Certificaci\u00f3n<\/p>\n","protected":false},"featured_media":10395,"template":"","meta":{"site-sidebar-layout":"no-sidebar","site-content-layout":"default","ast-site-content-layout":"default","site-content-style":"default","site-sidebar-style":"default","ast-global-header-display":"","ast-banner-title-visibility":"","ast-main-header-display":"","ast-hfb-above-header-display":"","ast-hfb-below-header-display":"","ast-hfb-mobile-header-display":"","site-post-title":"","ast-breadcrumbs-content":"","ast-featured-img":"","footer-sml-layout":"","ast-disable-related-posts":"","theme-transparent-header-meta":"default","adv-header-id-meta":"","stick-header-meta":"","header-above-stick-meta":"","header-main-stick-meta":"","header-below-stick-meta":"","astra-migrate-meta-layouts":"set","ast-page-background-enabled":"default","ast-page-background-meta":{"desktop":{"background-color":"","background-image":"","background-repeat":"repeat","background-position":"center center","background-size":"auto","background-attachment":"scroll","background-type":"","background-media":"","overlay-type":"","overlay-color":"","overlay-opacity":"","overlay-gradient":""},"tablet":{"background-color":"","background-image":"","background-repeat":"repeat","background-position":"center center","background-size":"auto","background-attachment":"scroll","background-type":"","background-media":"","overlay-type":"","overlay-color":"","overlay-opacity":"","overlay-gradient":""},"mobile":{"background-color":"","background-image":"","background-repeat":"repeat","background-position":"center center","background-size":"auto","background-attachment":"scroll","background-type":"","background-media":"","overlay-type":"","overlay-color":"","overlay-opacity":"","overlay-gradient":""}},"ast-content-background-meta":{"desktop":{"background-color":"var(--ast-global-color-5)","background-image":"","background-repeat":"repeat","background-position":"center center","background-size":"auto","background-attachment":"scroll","background-type":"","background-media":"","overlay-type":"","overlay-color":"","overlay-opacity":"","overlay-gradient":""},"tablet":{"background-color":"var(--ast-global-color-5)","background-image":"","background-repeat":"repeat","background-position":"center center","background-size":"auto","background-attachment":"scroll","background-type":"","background-media":"","overlay-type":"","overlay-color":"","overlay-opacity":"","overlay-gradient":""},"mobile":{"background-color":"var(--ast-global-color-5)","background-image":"","background-repeat":"repeat","background-position":"center center","background-size":"auto","background-attachment":"scroll","background-type":"","background-media":"","overlay-type":"","overlay-color":"","overlay-opacity":"","overlay-gradient":""}},"_joinchat":[]},"product_brand":[],"product_cat":[425,285],"product_tag":[],"class_list":{"0":"post-17512","1":"product","2":"type-product","3":"status-publish","4":"has-post-thumbnail","6":"product_cat-cursos","7":"product_cat-cursos-medicina-y-enfermeria","8":"desktop-align-left","9":"tablet-align-left","10":"mobile-align-left","12":"first","13":"instock","14":"sale","15":"downloadable","16":"virtual","17":"sold-individually","18":"purchasable","19":"product-type-simple"},"_links":{"self":[{"href":"https:\/\/site.redlearning.cl\/index.php?rest_route=\/wp\/v2\/product\/17512","targetHints":{"allow":["GET"]}}],"collection":[{"href":"https:\/\/site.redlearning.cl\/index.php?rest_route=\/wp\/v2\/product"}],"about":[{"href":"https:\/\/site.redlearning.cl\/index.php?rest_route=\/wp\/v2\/types\/product"}],"wp:featuredmedia":[{"embeddable":true,"href":"https:\/\/site.redlearning.cl\/index.php?rest_route=\/wp\/v2\/media\/10395"}],"wp:attachment":[{"href":"https:\/\/site.redlearning.cl\/index.php?rest_route=%2Fwp%2Fv2%2Fmedia&parent=17512"}],"wp:term":[{"taxonomy":"product_brand","embeddable":true,"href":"https:\/\/site.redlearning.cl\/index.php?rest_route=%2Fwp%2Fv2%2Fproduct_brand&post=17512"},{"taxonomy":"product_cat","embeddable":true,"href":"https:\/\/site.redlearning.cl\/index.php?rest_route=%2Fwp%2Fv2%2Fproduct_cat&post=17512"},{"taxonomy":"product_tag","embeddable":true,"href":"https:\/\/site.redlearning.cl\/index.php?rest_route=%2Fwp%2Fv2%2Fproduct_tag&post=17512"}],"curies":[{"name":"wp","href":"https:\/\/api.w.org\/{rel}","templated":true}]}}