{"id":17521,"date":"2024-04-24T19:51:39","date_gmt":"2024-04-24T22:51:39","guid":{"rendered":"https:\/\/site.redlearning.cl\/?post_type=product&#038;p=17521"},"modified":"2025-11-03T17:35:42","modified_gmt":"2025-11-03T20:35:42","slug":"curso-introduccion-a-la-farmacoeconomia-2","status":"publish","type":"product","link":"https:\/\/site.redlearning.cl\/?product=curso-introduccion-a-la-farmacoeconomia-2","title":{"rendered":"Curso Introducci\u00f3n a la Farmacoeconom\u00eda"},"content":{"rendered":"<p>La farmacoeconom\u00eda se ha constituido, especialmente a partir de la d\u00e9cada de los ochenta, como una herramienta importante para la toma de decisiones y para mejorar los niveles de eficiencia en el sistema de salud, procurando determinar la eficiencia de un tratamiento farmacol\u00f3gico y su comparaci\u00f3n con el resto de las opciones, con el fin de seleccionar aquella con una relaci\u00f3n coste\/efecto m\u00e1s favorable.<\/p>\n<p>En ese sentido, este programa entrega las directrices te\u00f3ricas para determinar tales efectos en la pr\u00e1ctica cl\u00ednica, otorgando las herramientas para la decisi\u00f3n final y las consecuencias de esta decisi\u00f3n en el paciente y los actores implicados. Asimismo, permitir dilucidar cu\u00e1l va a ser la relaci\u00f3n coste\/efectividad de las alternativas terap\u00e9uticas farmacol\u00f3gicas existentes en el mercado para tratar las distintas enfermedades, lo que nos va a ayudar a la hora de tener que decidir qu\u00e9 medicamentos deber\u00edan ser usados de forma rutinaria en la pr\u00e1ctica m\u00e9dica diaria. En este sentido, nos van a dar informaci\u00f3n complementaria a la eficacia, seguridad y calidad que nos proporcionan los programas de investigaci\u00f3n cl\u00ednica.<\/p>\n<h2><span style=\"color: #0099cd;\">Objetivo General<\/span><\/h2>\n<hr \/>\n<p>Proporcionar herramientas te\u00f3ricas y pr\u00e1cticas a profesionales relacionadas a la evaluaci\u00f3n asistencial de Estudios Farmacoecon\u00f3micos, integrando la participaci\u00f3n de las familias y el entorno local en el an\u00e1lisis econ\u00f3mico.<\/p>\n<h2><span style=\"color: #0099cd;\">Metodolog\u00eda<\/span><\/h2>\n<hr \/>\n<p>Modalidad 100% Online, asincr\u00f3nico y a tu ritmo. Contar\u00e1s con tutores desde el principio al fin de tu formaci\u00f3n, nunca estar\u00e1s sol@.<\/p>\n<h2><span style=\"color: #0099cd;\">Temario<\/span><\/h2>\n<hr \/>\n<div class=\"lightweight-accordion bordered has-text-color has-background\"><details><summary class=\"lightweight-accordion-title\" style=\"color:#ffffff;background:#0099cd;\"><span>M\u00f3dulo I - Introducci\u00f3n evaluaci\u00f3n de tecnolog\u00edas sanitarias (ETESA)<\/span><\/summary><div class=\"lightweight-accordion-body\" style=\"border-color:#0099cd;\"><h6><span style=\"color: #0099cd;\">Objetivos espec\u00edficos: <\/span>Introducir los conceptos y definiciones b\u00e1sicas asociados a la Farmacoeconom\u00eda aplicada en Salud<\/h6>\n<h6><span style=\"color: #0099cd;\">Duraci\u00f3n: <\/span>25 horas<\/h6>\n<h6><span style=\"color: #0099cd;\">Contenidos:<\/span><\/h6>\n<ul>\n<li>Introducci\u00f3n a la Econom\u00eda en Salud: conceptos generales y definiciones (eficacia, efectividad), consideraciones \u00e9ticas en evaluaciones econ\u00f3micas.<\/li>\n<li>Medida de los efectos en salud: calidad de vida, instrumentos de medida de la calidad de vida, medidas de utilidad y preferencias.<\/li>\n<li>T\u00e9cnicas de valoraci\u00f3n del estado de salud auto-percibido, haciendo \u00e9nfasis en los m\u00e9todos de VAS, SG y TTO.<\/li>\n<li>Etapas del proceso ETESA (An\u00e1lisis de Evidencia, Resultados (Outcomes), Costos, Costo-efectividad, \u00c9tico y Legal)<\/li>\n<li>Organizaci\u00f3n de ETESA en los Sistemas de Salud (Assessment, Appraisal &amp; Decision Making) &#8211; Casos de ETESA a nivel internacional y en nuestro pa\u00eds.<\/li>\n<\/ul>\n<\/div><\/details><\/div>\n<div class=\"lightweight-accordion bordered has-text-color has-background\"><details><summary class=\"lightweight-accordion-title\" style=\"color:#ffffff;background:#0099cd;\"><span>M\u00f3dulo II - Modelos en econom\u00eda de la salud<\/span><\/summary><div class=\"lightweight-accordion-body\" style=\"border-color:#0099cd;\"><h6><span style=\"color: #0099cd;\">Objetivos espec\u00edficos: <\/span>Describir los Modelos de Econom\u00eda usados en estudios de evaluaci\u00f3n econ\u00f3mica en Salud.<\/h6>\n<h6><span style=\"color: #0099cd;\">Duraci\u00f3n: <\/span>25 horas<\/h6>\n<h6><span style=\"color: #0099cd;\">Contenidos:<\/span><\/h6>\n<ul>\n<li>Modelos en Econom\u00eda de la Salud, tipos y aplicaciones. Tipos de evaluaci\u00f3n econ\u00f3mica en salud: Estudios costo-beneficio, costo-efectividad, costo-utilidad, costo minimizaci\u00f3n.<\/li>\n<li>M\u00e9todo general de la Evaluaci\u00f3n Econ\u00f3mica en Salud.<\/li>\n<li>M\u00e9todos de Evaluaci\u00f3n Econ\u00f3mica en Salud (an\u00e1lisis de costo-efectividad, costo-utilidad, costo-beneficio y costo-minimizaci\u00f3n).<\/li>\n<li>Estimaci\u00f3n de beneficios (Outcomes: QALY y DALY).<\/li>\n<li>An\u00e1lisis de costos en salud.<\/li>\n<li>Modelamiento en Salud: nociones de un \u00e1rbol de decisi\u00f3n y modelos de Markov.<\/li>\n<li>An\u00e1lisis de costo efectividad e incertidumbre &#8211; Modelos de decisi\u00f3n.<\/li>\n<\/ul>\n<\/div><\/details><\/div>\n<div class=\"lightweight-accordion bordered has-text-color has-background\"><details><summary class=\"lightweight-accordion-title\" style=\"color:#ffffff;background:#0099cd;\"><span>M\u00f3dulo III - An\u00e1lisis de datos<\/span><\/summary><div class=\"lightweight-accordion-body\" style=\"border-color:#0099cd;\"><h6><span style=\"color: #0099cd;\">Objetivos espec\u00edficos: <\/span>Integrar los principales Modelos de an\u00e1lisis de datos involucrados en los estudios de evaluaci\u00f3n econ\u00f3mica en Salud.<\/h6>\n<h6><span style=\"color: #0099cd;\">Duraci\u00f3n: <\/span>25 horas<\/h6>\n<h6><span style=\"color: #0099cd;\">Contenidos:<\/span><\/h6>\n<ul>\n<li>An\u00e1lisis y presentaci\u00f3n de resultados: an\u00e1lisis incremental, an\u00e1lisis de sensibilidad,estandarizaci\u00f3n de los resultados. Estudios de an\u00e1lisis de impacto en el presupuesto y Estudios de costo\/carga de enfermedad.<\/li>\n<li>Atributos del mercado farmac\u00e9utico.<\/li>\n<li>Pol\u00edticas de tarificaci\u00f3n y reembolso (Value Based Pricing, Reference Pricing y Pharmaceutical Price Regulation Scheme) &#8211; Acuerdos de riesgo compartido y su rol en el acceso a medicamentos en de alto costo.<\/li>\n<\/ul>\n<\/div><\/details><\/div>\n<div class=\"lightweight-accordion bordered has-text-color has-background\"><details><summary class=\"lightweight-accordion-title\" style=\"color:#ffffff;background:#0099cd;\"><span>M\u00f3dulo IV - Aplicaciones de la farmacoeconom\u00eda<\/span><\/summary><div class=\"lightweight-accordion-body\" style=\"border-color:#0099cd;\"><h6><span style=\"color: #0099cd;\">Objetivos espec\u00edficos: <\/span>Aplicar algunos modelos de evaluaci\u00f3n econ\u00f3mica de la Farmacoeconom\u00eda para la toma de decisiones en el sector Salud.<\/h6>\n<h6><span style=\"color: #0099cd;\">Duraci\u00f3n: <\/span>25 horas<\/h6>\n<h6><span style=\"color: #0099cd;\">Contenidos:<\/span><\/h6>\n<ul>\n<li>Buenas pr\u00e1cticas en gesti\u00f3n de la demanda en APS.<\/li>\n<li>Sistematizaci\u00f3n de las buenas pr\u00e1cticas de gesti\u00f3n de la demanda a nivel local.<\/li>\n<li>An\u00e1lisis de la gesti\u00f3n de la demanda, resolutividad y capacidad de gesti\u00f3n en la satisfacci\u00f3n usuaria.<\/li>\n<\/ul>\n<\/div><\/details><\/div>\n<div class=\"lightweight-accordion bordered has-text-color has-background\"><details><summary class=\"lightweight-accordion-title\" style=\"color:#ffffff;background:#0099cd;\"><span>M\u00f3dulo Final<\/span><\/summary><div class=\"lightweight-accordion-body\" style=\"border-color:#0099cd;\"><h6><span style=\"color: #0099cd;\">TEST GLOBAL<br \/>\nPROYECTO FINAL<\/span><\/h6>\n<h6><span style=\"color: #0099cd;\">Duraci\u00f3n: <\/span>20 horas<\/h6>\n<h6><span style=\"color: #0099cd;\">Objetivo:<\/span><\/h6>\n<ul>\n<li>Aplicar los conceptos de tecnolog\u00edas sanitarias, modelo de econom\u00eda de la salud, an\u00e1lisis de datos mediante el an\u00e1lisis de un art\u00edculo cient\u00edfico.<\/li>\n<\/ul>\n<\/div><\/details><\/div>\n","protected":false},"excerpt":{"rendered":"<h2><span style=\"color: #0099cd;\">Resumen del Curso<\/span><\/h2>\n<hr \/>\n<p><img decoding=\"async\" class=\"alignnone size-full wp-image-333\" style=\"font-weight: inherit;\" src=\"https:\/\/linketeach.cl\/wp-content\/uploads\/2021\/07\/education_computer_school_graduate_cap_monitor_icon_149680.png\" alt=\"\" width=\"48\" height=\"48\" \/>120 horas &#8211; 5 m\u00f3dulos<\/p>\n<p><img decoding=\"async\" class=\"alignnone size-full wp-image-332\" src=\"https:\/\/linketeach.cl\/wp-content\/uploads\/2021\/07\/education_book_learn_learning_icon_149694.png\" alt=\"\" width=\"48\" height=\"48\" \/><a href=\"https:\/\/site.redlearning.cl\/wp-content\/uploads\/2021\/01\/C-Farmaeconomia.pdf\" target=\"_blank\" rel=\"noopener\">Programa del Curso<\/a><\/p>\n<p><img decoding=\"async\" class=\"alignnone size-medium wp-image-335\" src=\"https:\/\/linketeach.cl\/wp-content\/uploads\/2021\/07\/notes_clipboard_icon_149712-1.png\" alt=\"\" width=\"48\" height=\"48\" \/>Evaluaci\u00f3n Final<\/p>\n<p><img loading=\"lazy\" decoding=\"async\" class=\"alignnone size-medium wp-image-334\" style=\"font-weight: inherit;\" src=\"https:\/\/linketeach.cl\/wp-content\/uploads\/2021\/07\/education_diploma_award_icon_149701.png\" alt=\"\" width=\"48\" height=\"48\" \/>Certificaci\u00f3n<\/p>\n<h3 style=\"text-align: left;\"><em><strong><a href=\"https:\/\/site.redlearning.cl\/inscripcion\/\" target=\"_blank\" rel=\"noopener\">!INSCRIBETE AQU\u00cd!<\/a><\/strong><\/em><\/h3>\n","protected":false},"featured_media":10749,"template":"","meta":{"site-sidebar-layout":"no-sidebar","site-content-layout":"default","ast-site-content-layout":"default","site-content-style":"default","site-sidebar-style":"default","ast-global-header-display":"","ast-banner-title-visibility":"","ast-main-header-display":"","ast-hfb-above-header-display":"","ast-hfb-below-header-display":"","ast-hfb-mobile-header-display":"","site-post-title":"","ast-breadcrumbs-content":"","ast-featured-img":"","footer-sml-layout":"","ast-disable-related-posts":"","theme-transparent-header-meta":"default","adv-header-id-meta":"","stick-header-meta":"","header-above-stick-meta":"","header-main-stick-meta":"","header-below-stick-meta":"","astra-migrate-meta-layouts":"set","ast-page-background-enabled":"default","ast-page-background-meta":{"desktop":{"background-color":"","background-image":"","background-repeat":"repeat","background-position":"center center","background-size":"auto","background-attachment":"scroll","background-type":"","background-media":"","overlay-type":"","overlay-color":"","overlay-opacity":"","overlay-gradient":""},"tablet":{"background-color":"","background-image":"","background-repeat":"repeat","background-position":"center center","background-size":"auto","background-attachment":"scroll","background-type":"","background-media":"","overlay-type":"","overlay-color":"","overlay-opacity":"","overlay-gradient":""},"mobile":{"background-color":"","background-image":"","background-repeat":"repeat","background-position":"center center","background-size":"auto","background-attachment":"scroll","background-type":"","background-media":"","overlay-type":"","overlay-color":"","overlay-opacity":"","overlay-gradient":""}},"ast-content-background-meta":{"desktop":{"background-color":"var(--ast-global-color-5)","background-image":"","background-repeat":"repeat","background-position":"center center","background-size":"auto","background-attachment":"scroll","background-type":"","background-media":"","overlay-type":"","overlay-color":"","overlay-opacity":"","overlay-gradient":""},"tablet":{"background-color":"var(--ast-global-color-5)","background-image":"","background-repeat":"repeat","background-position":"center center","background-size":"auto","background-attachment":"scroll","background-type":"","background-media":"","overlay-type":"","overlay-color":"","overlay-opacity":"","overlay-gradient":""},"mobile":{"background-color":"var(--ast-global-color-5)","background-image":"","background-repeat":"repeat","background-position":"center center","background-size":"auto","background-attachment":"scroll","background-type":"","background-media":"","overlay-type":"","overlay-color":"","overlay-opacity":"","overlay-gradient":""}},"_joinchat":[]},"product_brand":[],"product_cat":[425,294],"product_tag":[],"class_list":{"0":"post-17521","1":"product","2":"type-product","3":"status-publish","4":"has-post-thumbnail","6":"product_cat-cursos","7":"product_cat-cursos-gestion-administracion-salud","8":"desktop-align-left","9":"tablet-align-left","10":"mobile-align-left","12":"first","13":"instock","14":"sale","15":"downloadable","16":"virtual","17":"sold-individually","18":"purchasable","19":"product-type-simple"},"_links":{"self":[{"href":"https:\/\/site.redlearning.cl\/index.php?rest_route=\/wp\/v2\/product\/17521","targetHints":{"allow":["GET"]}}],"collection":[{"href":"https:\/\/site.redlearning.cl\/index.php?rest_route=\/wp\/v2\/product"}],"about":[{"href":"https:\/\/site.redlearning.cl\/index.php?rest_route=\/wp\/v2\/types\/product"}],"wp:featuredmedia":[{"embeddable":true,"href":"https:\/\/site.redlearning.cl\/index.php?rest_route=\/wp\/v2\/media\/10749"}],"wp:attachment":[{"href":"https:\/\/site.redlearning.cl\/index.php?rest_route=%2Fwp%2Fv2%2Fmedia&parent=17521"}],"wp:term":[{"taxonomy":"product_brand","embeddable":true,"href":"https:\/\/site.redlearning.cl\/index.php?rest_route=%2Fwp%2Fv2%2Fproduct_brand&post=17521"},{"taxonomy":"product_cat","embeddable":true,"href":"https:\/\/site.redlearning.cl\/index.php?rest_route=%2Fwp%2Fv2%2Fproduct_cat&post=17521"},{"taxonomy":"product_tag","embeddable":true,"href":"https:\/\/site.redlearning.cl\/index.php?rest_route=%2Fwp%2Fv2%2Fproduct_tag&post=17521"}],"curies":[{"name":"wp","href":"https:\/\/api.w.org\/{rel}","templated":true}]}}