{"id":17522,"date":"2024-04-24T19:54:02","date_gmt":"2024-04-24T22:54:02","guid":{"rendered":"https:\/\/site.redlearning.cl\/?post_type=product&#038;p=17522"},"modified":"2025-11-03T17:35:42","modified_gmt":"2025-11-03T20:35:42","slug":"curso-curacion-avanzada-de-heridas-2","status":"publish","type":"product","link":"https:\/\/site.redlearning.cl\/?product=curso-curacion-avanzada-de-heridas-2","title":{"rendered":"Curso Curaci\u00f3n Avanzada de Heridas"},"content":{"rendered":"<p>Los problemas para tratar de forma eficaz las heridas y \u00falceras son cada vez m\u00e1s complejos, existen diversos enfrentamientos algunos sin evidencia cient\u00edfica y es por esto que muchas veces no se consigue la cicatrizaci\u00f3n r\u00e1pida ni la pronta reinserci\u00f3n de la persona con heridas o \u00falceras. Las evidencias muestran que, las heridas cr\u00f3nicas de dif\u00edcil cicatrizaci\u00f3n requieren de terapias avanzadas y la formaci\u00f3n del personal de enfermer\u00eda es imprescindible para disminuir su incidencia, para evitar las complicaciones y hacer un correcto abordaje de la herida.<\/p>\n<p>A pesar de estar claras las recomendaciones, en la pr\u00e1ctica asistencial se objetiva una diversidad en el abordaje de las personas con heridas cr\u00f3nicas, y esta variabilidad est\u00e1 influenciada en gran medida por la formaci\u00f3n recibida por los profesionales.<\/p>\n<p>Considerando la funci\u00f3n de barrera protectora que tiene la piel y lo expuesto que se ve el organismo cuando esta pierde su indemnidad, obliga a los t\u00e9cnicos de enfermer\u00eda a capacitarse continuamente en el adecuado manejo de las heridas con el fin de disminuir los riesgos y problemas asociados a sus complicaciones. Este programa dirigidos a t\u00e9cnicos de la salud propone reconocer los factores que influyen en el proceso de cicatrizaci\u00f3n, conocer las terapias complementarias, identificar el manejo de curaci\u00f3n avanzada en pacientes portadores de \u00falceras venosas, \u00falceras por presi\u00f3n, \u00falceras por pie diab\u00e9tico y quemaduras; por ejemplo, como asistente en el proceso de manejo de pacientes con manifestaciones de heridas avanzadas y\/o cr\u00f3nicas.<\/p>\n<h2><span style=\"color: #0099cd;\">Objetivo General<\/span><\/h2>\n<hr \/>\n<p>Examinar las herramientas de tratamiento integral para las personas con heridas avanzadas, \u00falceras, pie diab\u00e9tico, y ostom\u00edas, as\u00ed como los diversos tipos de lesiones, el manejo avanzado y tratamientos afines.<\/p>\n<h2><span style=\"color: #0099cd;\">Metodolog\u00eda<\/span><\/h2>\n<hr \/>\n<p>Modalidad 100% Online, asincr\u00f3nico y a tu ritmo. Contar\u00e1s con tutores desde el principio al fin de tu formaci\u00f3n, nunca estar\u00e1s sol@.<\/p>\n<h2><span style=\"color: #0099cd;\">Temario<\/span><\/h2>\n<hr \/>\n<div class=\"lightweight-accordion bordered has-text-color has-background\"><details><summary class=\"lightweight-accordion-title\" style=\"color:#ffffff;background:#0099cd;\"><span>M\u00f3dulo I - Marco conceptual de la fisiolog\u00eda de piel, reparaci\u00f3n de heridas<\/span><\/summary><div class=\"lightweight-accordion-body\" style=\"border-color:#0099cd;\"><h6><span style=\"color: #0099cd;\">Objetivos espec\u00edficos: <\/span>Definir el marco conceptual de la fisiolog\u00eda de la piel.<\/h6>\n<h6><span style=\"color: #0099cd;\">Duraci\u00f3n: <\/span>25 horas<\/h6>\n<h6><span style=\"color: #0099cd;\">Contenidos:<\/span><\/h6>\n<ul>\n<li>Proceso de cicatrizaci\u00f3n de las heridas. Matriz extracelular.<\/li>\n<li>Factores que alteran el proceso de cicatrizaci\u00f3n.<\/li>\n<li>Descripci\u00f3n y valoraci\u00f3n del paciente con heridas<\/li>\n<li>Valoraci\u00f3n de la heridas<\/li>\n<li>El papel de la nutrici\u00f3n en la prevenci\u00f3n y tratamiento de las heridas cr\u00f3nicas.<\/li>\n<li>Fisiopatolog\u00eda de heridas: generalidades.<\/li>\n<\/ul>\n<\/div><\/details><\/div>\n<div class=\"lightweight-accordion bordered has-text-color has-background\"><details><summary class=\"lightweight-accordion-title\" style=\"color:#ffffff;background:#0099cd;\"><span>M\u00f3dulo II - Manejo avanzado en curaci\u00f3n de heridas<\/span><\/summary><div class=\"lightweight-accordion-body\" style=\"border-color:#0099cd;\"><h6><span style=\"color: #0099cd;\">Objetivos espec\u00edficos: <\/span>Examinar los componentes adscritos a los cuidados de heridas avanzadas.<\/h6>\n<h6><span style=\"color: #0099cd;\">Duraci\u00f3n: <\/span>25 horas<\/h6>\n<h6><span style=\"color: #0099cd;\">Contenidos:<\/span><\/h6>\n<ul>\n<li>Antis\u00e9pticos y esterilizaci\u00f3n.<\/li>\n<li>Arrastre mec\u00e1nico.<\/li>\n<li>Tipo de desbridamiento.<\/li>\n<li>Curaci\u00f3n avanzada de la herida<\/li>\n<li>Tipo de ap\u00f3sitos para curaci\u00f3n avanzada.<\/li>\n<li>Manejo de heridas y \u00falceras infectadas.<\/li>\n<li>Evaluaci\u00f3n del dolor.<\/li>\n<li>Menci\u00f3n de terapias coadyuvantes que se utilizan para la curaci\u00f3n avanzada.<\/li>\n<\/ul>\n<\/div><\/details><\/div>\n<div class=\"lightweight-accordion bordered has-text-color has-background\"><details><summary class=\"lightweight-accordion-title\" style=\"color:#ffffff;background:#0099cd;\"><span>M\u00f3dulo III - Gesti\u00f3n del cuidado de personas con pie diab\u00e9tico<\/span><\/summary><div class=\"lightweight-accordion-body\" style=\"border-color:#0099cd;\"><h6><span style=\"color: #0099cd;\">Objetivos espec\u00edficos: <\/span>Conocer el manejo de curaci\u00f3n avanzada en pacientes portadores de pie diab\u00e9tico.<\/h6>\n<h6><span style=\"color: #0099cd;\">Duraci\u00f3n: <\/span>25 horas<\/h6>\n<h6><span style=\"color: #0099cd;\">Contenidos:<\/span><\/h6>\n<ul>\n<li>Fisiopatolog\u00eda y clasificaci\u00f3n del pie diab\u00e9tico: Conceptos generales.<\/li>\n<li>Valoraci\u00f3n del pie diab\u00e9tico.<\/li>\n<li>Manejo avanzado de enfermer\u00eda en personas con pie diab\u00e9tico.<\/li>\n<li>Prevenci\u00f3n de \u00falceras de pie diab\u00e9tico.<\/li>\n<\/ul>\n<\/div><\/details><\/div>\n<div class=\"lightweight-accordion bordered has-text-color has-background\"><details><summary class=\"lightweight-accordion-title\" style=\"color:#ffffff;background:#0099cd;\"><span>M\u00f3dulo IV - Gesti\u00f3n del cuidado de personas con \u00falceras vasculares<\/span><\/summary><div class=\"lightweight-accordion-body\" style=\"border-color:#0099cd;\"><h6><span style=\"color: #0099cd;\">Objetivos espec\u00edficos: <\/span>Conocer el manejo de curaci\u00f3n avanzada en pacientes portadores de \u00falceras vasculares.<\/h6>\n<h6><span style=\"color: #0099cd;\">Duraci\u00f3n: <\/span>25 horas<\/h6>\n<h6><span style=\"color: #0099cd;\">Contenidos:<\/span><\/h6>\n<ul>\n<li>Fisiopatolog\u00eda del sistema venoso y arterial, reaccionado con \u00falceras vasculares: Conceptos generales<\/li>\n<li>Valoraci\u00f3n de enfermer\u00eda de personas con lesiones vasculares.<\/li>\n<li>Manejo avanzado de pacientes con \u00falceras vasculares.<\/li>\n<li>Prevenci\u00f3n de \u00falceras vasculares.<\/li>\n<\/ul>\n<\/div><\/details><\/div>\n<div class=\"lightweight-accordion bordered has-text-color has-background\"><details><summary class=\"lightweight-accordion-title\" style=\"color:#ffffff;background:#0099cd;\"><span>M\u00f3dulo Final<\/span><\/summary><div class=\"lightweight-accordion-body\" style=\"border-color:#0099cd;\"><h6><span style=\"color: #0099cd;\">TEST GLOBAL<br \/>\nPROYECTO DE INTEGRACI\u00d3N TE\u00d3RICO PR\u00c1CTICO<\/span><\/h6>\n<h6><span style=\"color: #0099cd;\">Objetivo:<\/span><\/h6>\n<ul>\n<li>Explicar los diferentes manejos integrales en relaci\u00f3n a cada tipo de herida que porta un paciente mediante el an\u00e1lisis de un caso cl\u00ednico.<\/li>\n<\/ul>\n<\/div><\/details><\/div>\n","protected":false},"excerpt":{"rendered":"<h2><span style=\"color: #0099cd;\">Resumen del Curso<\/span><\/h2>\n<hr \/>\n<p><img decoding=\"async\" class=\"alignnone size-full wp-image-333\" style=\"font-weight: inherit;\" src=\"https:\/\/linketeach.cl\/wp-content\/uploads\/2021\/07\/education_computer_school_graduate_cap_monitor_icon_149680.png\" alt=\"\" width=\"48\" height=\"48\" \/>120 horas &#8211; 4 m\u00f3dulos<\/p>\n<p><img decoding=\"async\" class=\"alignnone size-full wp-image-332\" src=\"https:\/\/linketeach.cl\/wp-content\/uploads\/2021\/07\/education_book_learn_learning_icon_149694.png\" alt=\"\" width=\"48\" height=\"48\" \/><a href=\"https:\/\/site.redlearning.cl\/wp-content\/uploads\/2023\/03\/C-Manejo-Integral-de-Personas-con-Heridas.pdf\" target=\"_blank\" rel=\"noopener\">Programa del Curso<\/a><\/p>\n<p><img decoding=\"async\" class=\"alignnone size-medium wp-image-335\" src=\"https:\/\/linketeach.cl\/wp-content\/uploads\/2021\/07\/notes_clipboard_icon_149712-1.png\" alt=\"\" width=\"48\" height=\"48\" \/>Evaluaci\u00f3n Final<\/p>\n<p><img loading=\"lazy\" decoding=\"async\" class=\"alignnone size-medium wp-image-334\" style=\"font-weight: inherit;\" src=\"https:\/\/linketeach.cl\/wp-content\/uploads\/2021\/07\/education_diploma_award_icon_149701.png\" alt=\"\" width=\"48\" height=\"48\" \/>Certificaci\u00f3n<\/p>\n","protected":false},"featured_media":14108,"template":"","meta":{"site-sidebar-layout":"no-sidebar","site-content-layout":"default","ast-site-content-layout":"default","site-content-style":"default","site-sidebar-style":"default","ast-global-header-display":"","ast-banner-title-visibility":"","ast-main-header-display":"","ast-hfb-above-header-display":"","ast-hfb-below-header-display":"","ast-hfb-mobile-header-display":"","site-post-title":"","ast-breadcrumbs-content":"","ast-featured-img":"","footer-sml-layout":"","ast-disable-related-posts":"","theme-transparent-header-meta":"default","adv-header-id-meta":"","stick-header-meta":"","header-above-stick-meta":"","header-main-stick-meta":"","header-below-stick-meta":"","astra-migrate-meta-layouts":"set","ast-page-background-enabled":"default","ast-page-background-meta":{"desktop":{"background-color":"","background-image":"","background-repeat":"repeat","background-position":"center center","background-size":"auto","background-attachment":"scroll","background-type":"","background-media":"","overlay-type":"","overlay-color":"","overlay-opacity":"","overlay-gradient":""},"tablet":{"background-color":"","background-image":"","background-repeat":"repeat","background-position":"center center","background-size":"auto","background-attachment":"scroll","background-type":"","background-media":"","overlay-type":"","overlay-color":"","overlay-opacity":"","overlay-gradient":""},"mobile":{"background-color":"","background-image":"","background-repeat":"repeat","background-position":"center center","background-size":"auto","background-attachment":"scroll","background-type":"","background-media":"","overlay-type":"","overlay-color":"","overlay-opacity":"","overlay-gradient":""}},"ast-content-background-meta":{"desktop":{"background-color":"var(--ast-global-color-5)","background-image":"","background-repeat":"repeat","background-position":"center center","background-size":"auto","background-attachment":"scroll","background-type":"","background-media":"","overlay-type":"","overlay-color":"","overlay-opacity":"","overlay-gradient":""},"tablet":{"background-color":"var(--ast-global-color-5)","background-image":"","background-repeat":"repeat","background-position":"center center","background-size":"auto","background-attachment":"scroll","background-type":"","background-media":"","overlay-type":"","overlay-color":"","overlay-opacity":"","overlay-gradient":""},"mobile":{"background-color":"var(--ast-global-color-5)","background-image":"","background-repeat":"repeat","background-position":"center center","background-size":"auto","background-attachment":"scroll","background-type":"","background-media":"","overlay-type":"","overlay-color":"","overlay-opacity":"","overlay-gradient":""}},"_joinchat":[]},"product_brand":[],"product_cat":[425,285],"product_tag":[],"class_list":{"0":"post-17522","1":"product","2":"type-product","3":"status-publish","4":"has-post-thumbnail","6":"product_cat-cursos","7":"product_cat-cursos-medicina-y-enfermeria","8":"desktop-align-left","9":"tablet-align-left","10":"mobile-align-left","12":"first","13":"instock","14":"sale","15":"downloadable","16":"virtual","17":"sold-individually","18":"purchasable","19":"product-type-simple"},"_links":{"self":[{"href":"https:\/\/site.redlearning.cl\/index.php?rest_route=\/wp\/v2\/product\/17522","targetHints":{"allow":["GET"]}}],"collection":[{"href":"https:\/\/site.redlearning.cl\/index.php?rest_route=\/wp\/v2\/product"}],"about":[{"href":"https:\/\/site.redlearning.cl\/index.php?rest_route=\/wp\/v2\/types\/product"}],"wp:featuredmedia":[{"embeddable":true,"href":"https:\/\/site.redlearning.cl\/index.php?rest_route=\/wp\/v2\/media\/14108"}],"wp:attachment":[{"href":"https:\/\/site.redlearning.cl\/index.php?rest_route=%2Fwp%2Fv2%2Fmedia&parent=17522"}],"wp:term":[{"taxonomy":"product_brand","embeddable":true,"href":"https:\/\/site.redlearning.cl\/index.php?rest_route=%2Fwp%2Fv2%2Fproduct_brand&post=17522"},{"taxonomy":"product_cat","embeddable":true,"href":"https:\/\/site.redlearning.cl\/index.php?rest_route=%2Fwp%2Fv2%2Fproduct_cat&post=17522"},{"taxonomy":"product_tag","embeddable":true,"href":"https:\/\/site.redlearning.cl\/index.php?rest_route=%2Fwp%2Fv2%2Fproduct_tag&post=17522"}],"curies":[{"name":"wp","href":"https:\/\/api.w.org\/{rel}","templated":true}]}}