{"id":17524,"date":"2024-04-24T19:59:08","date_gmt":"2024-04-24T22:59:08","guid":{"rendered":"https:\/\/site.redlearning.cl\/?post_type=product&#038;p=17524"},"modified":"2025-11-03T17:35:42","modified_gmt":"2025-11-03T20:35:42","slug":"curso-anatomia-fisiologia-y-fisiopatologia-del-sistema-respiratorio-2","status":"publish","type":"product","link":"https:\/\/site.redlearning.cl\/?product=curso-anatomia-fisiologia-y-fisiopatologia-del-sistema-respiratorio-2","title":{"rendered":"CURSO ANATOM\u00cdA, FISIOLOG\u00cdA Y FISIOPATOLOG\u00cdA DEL SISTEMA RESPIRATORIO"},"content":{"rendered":"<h2><span style=\"color: #0099cd;\">Objetivo General<\/span><\/h2>\n<hr \/>\n<p>\u201cIntegrar conocimientos y competencias actualizadas en los profesionales para la resoluci\u00f3n de situaciones cl\u00ednicas complejas propias de la Medicina Interna, cubriendo una amplia gama de temas como patolog\u00edas cardiovasculares, diabetes, cuidados paliativos, geriatr\u00eda entre otros. Buscando desarrollar una pr\u00e1ctica cl\u00ednica eficiente y actualizada\u201d<\/p>\n<h2><span style=\"color: #0099cd;\">Metodolog\u00eda<\/span><\/h2>\n<hr \/>\n<p>Modalidad 100% Online y a tu ritmo.\u00a0Comienza de inmediato, completa todas las actividades y descarga tu certificado.<\/p>\n<h2><span style=\"color: #0099cd;\">Temario<\/span><\/h2>\n<hr \/>\n<div class=\"lightweight-accordion bordered has-text-color has-background\"><details><summary class=\"lightweight-accordion-title\" style=\"color:#ffffff;background:#0099cd;\"><span>M\u00f3dulo I - Anatom\u00eda y fisiolog\u00eda del sistema respiratorio<\/span><\/summary><div class=\"lightweight-accordion-body\" style=\"border-color:#0099cd;\"><h6><span style=\"color: #0099cd;\">Objetivos espec\u00edficos: <\/span><\/h6>\n<ul>\n<li>Identificar cada uno de los \u00f3rganos del aparato respiratorio y sus caracter\u00edsticas anat\u00f3micas.<\/li>\n<li>Explicar los procesos fisiol\u00f3gicos en los que est\u00e1n implicados los \u00f3rganos del aparato respiratorio.<\/li>\n<\/ul>\n<h6><span style=\"color: #0099cd;\">Duraci\u00f3n: <\/span>15 horas<\/h6>\n<h6><span style=\"color: #0099cd;\">Contenidos:<\/span><\/h6>\n<ol>\n<li>ANATOM\u00cdA APLICADA AL SISTEMA RESPIRATORIO\n<ol>\n<li>Anatom\u00eda de la caja tor\u00e1cica.<\/li>\n<li>Anatom\u00eda del diafragma.<\/li>\n<li>Las v\u00edas respiratorias\n<ol>\n<li>Nariz.<\/li>\n<li>Laringe.<\/li>\n<li>Tr\u00e1quea.<\/li>\n<li>\u00c1rbol bronquial.<\/li>\n<\/ol>\n<\/li>\n<li>Anatom\u00eda de los pulmones.\n<ol>\n<li>Pleuras.<\/li>\n<li>Anatom\u00eda de la caja tor\u00e1cica.<\/li>\n<\/ol>\n<\/li>\n<\/ol>\n<\/li>\n<li>FISIOLOG\u00cdA RESPIRATORIA\n<ol>\n<li>Mec\u00e1nica de la ventilaci\u00f3n pulmonar.<\/li>\n<li>Registro de las variaciones del volumen pulmonar: espirometr\u00eda.<\/li>\n<li>Funciones de las v\u00edas a\u00e9reas.<\/li>\n<li>Composici\u00f3n aire alveolar y difusi\u00f3n de gases en la membrana respiratoria.<\/li>\n<li>Regulaci\u00f3n de la respiraci\u00f3n<\/li>\n<\/ol>\n<\/li>\n<li>FISIOLOGIA DEL DIAFRAGMA<\/li>\n<\/ol>\n<\/div><\/details><\/div>\n<div class=\"lightweight-accordion bordered has-text-color has-background\"><details><summary class=\"lightweight-accordion-title\" style=\"color:#ffffff;background:#0099cd;\"><span>M\u00f3dulo II - Fisiopatolog\u00eda del sistema respiratorio y enfermedad por covid-19<\/span><\/summary><div class=\"lightweight-accordion-body\" style=\"border-color:#0099cd;\"><h6><span style=\"color: #0099cd;\">Objetivos espec\u00edficos: <\/span>Comprender las presentaciones cl\u00ednicas de las enfermedades pulmonares, tomando como base el comportamiento fisiopatol\u00f3gico de las mismas.<\/h6>\n<h6><span style=\"color: #0099cd;\">Duraci\u00f3n: <\/span>15 horas<\/h6>\n<h6><span style=\"color: #0099cd;\">Contenidos:<\/span><\/h6>\n<ol>\n<li>Fisiopatolog\u00eda de las enfermedades obstructivas\n<ol>\n<li>Mecanismos de obstrucci\u00f3n de la v\u00eda a\u00e9rea<\/li>\n<li>Enfermedad pulmonar obstructiva cr\u00f3nica (epoc)<\/li>\n<li>Asma Bronquial<\/li>\n<\/ol>\n<\/li>\n<li>Fisiopatolog\u00eda de las enfermedades restrictivas\n<ol>\n<li>Fibrosis pulmonar idiop\u00e1tica<\/li>\n<\/ol>\n<\/li>\n<li>Insuficiencia respiratoria<\/li>\n<li>Fisiopatolog\u00eda de la disnea<\/li>\n<li>Fisiopatolog\u00eda de la enfermedad por covid-19<\/li>\n<li>Sintomalog\u00eda persistente en estado post covid-19<\/li>\n<\/ol>\n<\/div><\/details><\/div>\n<div class=\"lightweight-accordion bordered has-text-color has-background\"><details><summary class=\"lightweight-accordion-title\" style=\"color:#ffffff;background:#0099cd;\"><span>M\u00f3dulo Final<\/span><\/summary><div class=\"lightweight-accordion-body\" style=\"border-color:#0099cd;\"><h6><span style=\"color: #0099cd;\">TEST FINAL DE SELECCI\u00d3N M\u00daLTIPLE<br \/>\n<\/span><\/h6>\n<\/div><\/details><\/div>\n","protected":false},"excerpt":{"rendered":"<h2><span style=\"color: #0099cd;\">Resumen del Curso<\/span><\/h2>\n<p><img decoding=\"async\" class=\"alignnone size-full wp-image-333\" style=\"font-weight: inherit;\" src=\"https:\/\/linketeach.cl\/wp-content\/uploads\/2021\/07\/education_computer_school_graduate_cap_monitor_icon_149680.png\" alt=\"\" width=\"48\" height=\"48\" \/>35 horas<\/p>\n<p><img decoding=\"async\" class=\"alignnone size-medium wp-image-335\" src=\"https:\/\/linketeach.cl\/wp-content\/uploads\/2021\/07\/notes_clipboard_icon_149712-1.png\" alt=\"\" width=\"48\" height=\"48\" \/>Evaluaci\u00f3n Final<\/p>\n<p><img decoding=\"async\" class=\"alignnone size-medium wp-image-334\" style=\"font-weight: inherit;\" src=\"https:\/\/linketeach.cl\/wp-content\/uploads\/2021\/07\/education_diploma_award_icon_149701.png\" alt=\"\" width=\"48\" height=\"48\" \/>Certificaci\u00f3n<\/p>\n","protected":false},"featured_media":18072,"template":"","meta":{"site-sidebar-layout":"no-sidebar","site-content-layout":"default","ast-site-content-layout":"default","site-content-style":"default","site-sidebar-style":"default","ast-global-header-display":"","ast-banner-title-visibility":"","ast-main-header-display":"","ast-hfb-above-header-display":"","ast-hfb-below-header-display":"","ast-hfb-mobile-header-display":"","site-post-title":"","ast-breadcrumbs-content":"","ast-featured-img":"","footer-sml-layout":"","ast-disable-related-posts":"","theme-transparent-header-meta":"default","adv-header-id-meta":"","stick-header-meta":"","header-above-stick-meta":"","header-main-stick-meta":"","header-below-stick-meta":"","astra-migrate-meta-layouts":"set","ast-page-background-enabled":"default","ast-page-background-meta":{"desktop":{"background-color":"","background-image":"","background-repeat":"repeat","background-position":"center center","background-size":"auto","background-attachment":"scroll","background-type":"","background-media":"","overlay-type":"","overlay-color":"","overlay-opacity":"","overlay-gradient":""},"tablet":{"background-color":"","background-image":"","background-repeat":"repeat","background-position":"center center","background-size":"auto","background-attachment":"scroll","background-type":"","background-media":"","overlay-type":"","overlay-color":"","overlay-opacity":"","overlay-gradient":""},"mobile":{"background-color":"","background-image":"","background-repeat":"repeat","background-position":"center center","background-size":"auto","background-attachment":"scroll","background-type":"","background-media":"","overlay-type":"","overlay-color":"","overlay-opacity":"","overlay-gradient":""}},"ast-content-background-meta":{"desktop":{"background-color":"var(--ast-global-color-5)","background-image":"","background-repeat":"repeat","background-position":"center center","background-size":"auto","background-attachment":"scroll","background-type":"","background-media":"","overlay-type":"","overlay-color":"","overlay-opacity":"","overlay-gradient":""},"tablet":{"background-color":"var(--ast-global-color-5)","background-image":"","background-repeat":"repeat","background-position":"center center","background-size":"auto","background-attachment":"scroll","background-type":"","background-media":"","overlay-type":"","overlay-color":"","overlay-opacity":"","overlay-gradient":""},"mobile":{"background-color":"var(--ast-global-color-5)","background-image":"","background-repeat":"repeat","background-position":"center center","background-size":"auto","background-attachment":"scroll","background-type":"","background-media":"","overlay-type":"","overlay-color":"","overlay-opacity":"","overlay-gradient":""}},"_joinchat":[]},"product_brand":[],"product_cat":[425,418],"product_tag":[],"class_list":{"0":"post-17524","1":"product","2":"type-product","3":"status-publish","4":"has-post-thumbnail","6":"product_cat-cursos","7":"product_cat-kine-am","8":"desktop-align-left","9":"tablet-align-left","10":"mobile-align-left","12":"first","13":"instock","14":"sale","15":"downloadable","16":"virtual","17":"sold-individually","18":"purchasable","19":"product-type-simple"},"_links":{"self":[{"href":"https:\/\/site.redlearning.cl\/index.php?rest_route=\/wp\/v2\/product\/17524","targetHints":{"allow":["GET"]}}],"collection":[{"href":"https:\/\/site.redlearning.cl\/index.php?rest_route=\/wp\/v2\/product"}],"about":[{"href":"https:\/\/site.redlearning.cl\/index.php?rest_route=\/wp\/v2\/types\/product"}],"wp:featuredmedia":[{"embeddable":true,"href":"https:\/\/site.redlearning.cl\/index.php?rest_route=\/wp\/v2\/media\/18072"}],"wp:attachment":[{"href":"https:\/\/site.redlearning.cl\/index.php?rest_route=%2Fwp%2Fv2%2Fmedia&parent=17524"}],"wp:term":[{"taxonomy":"product_brand","embeddable":true,"href":"https:\/\/site.redlearning.cl\/index.php?rest_route=%2Fwp%2Fv2%2Fproduct_brand&post=17524"},{"taxonomy":"product_cat","embeddable":true,"href":"https:\/\/site.redlearning.cl\/index.php?rest_route=%2Fwp%2Fv2%2Fproduct_cat&post=17524"},{"taxonomy":"product_tag","embeddable":true,"href":"https:\/\/site.redlearning.cl\/index.php?rest_route=%2Fwp%2Fv2%2Fproduct_tag&post=17524"}],"curies":[{"name":"wp","href":"https:\/\/api.w.org\/{rel}","templated":true}]}}