{"id":17533,"date":"2024-04-24T20:39:18","date_gmt":"2024-04-24T23:39:18","guid":{"rendered":"https:\/\/site.redlearning.cl\/?post_type=product&#038;p=17533"},"modified":"2025-11-03T17:34:57","modified_gmt":"2025-11-03T20:34:57","slug":"curso-tecnicas-de-contencion-para-paciente-con-agitacion-psicomotora-4","status":"publish","type":"product","link":"https:\/\/site.redlearning.cl\/?product=curso-tecnicas-de-contencion-para-paciente-con-agitacion-psicomotora-4","title":{"rendered":"Curso T\u00e9cnicas de Contenci\u00f3n para Paciente con Agitaci\u00f3n Psicomotora"},"content":{"rendered":"<p>En la actualidad, se ha hecho necesario intervenir de forma profesional situaciones de urgencia con pacientes con Agitaci\u00f3n Psicomotora dentro de cualquier Instituci\u00f3n de salud m\u00e9dica, dado lo incomodo y dificultoso que puede llegar hacer un tipo de situaci\u00f3n como est\u00e1, tanto para el paciente como su familia y el personal m\u00e9dico tratante. A menudo, esta situaci\u00f3n poco inusual para la poblaci\u00f3n puede transformarse en un problema para los equipos de salud, debido a la falta de preparaci\u00f3n del personal, y la carencia de protocolos cl\u00ednicos para la toma oportuna de acciones remediales al enfrentar este tipo de situaciones.<\/p>\n<p>Por lo anterior es que la presente formaci\u00f3n buscar\u00e1 entregar a los participantes los conocimientos, competencias y habilidades necesarias para el abordaje y manejo cl\u00ednico de pacientes con agitaci\u00f3n psicomotriz, a fin de generar un correcto diagn\u00f3stico y tratamiento de acuerdo a la normativa legal vigente en pa\u00eds.<\/p>\n<h2><span style=\"color: #0099cd;\">Objetivo General<\/span><\/h2>\n<hr \/>\n<p>Analizar situaciones riesgosas con pacientes con Agitaci\u00f3n Psicomotora, a fin de formar competencias para el diagn\u00f3stico, abordaje y manejo cl\u00ednico de cualquier situaci\u00f3n de urgencia con pacientes agitados.<\/p>\n<h2><span style=\"color: #0099cd;\">Metodolog\u00eda<\/span><\/h2>\n<hr \/>\n<p>Modalidad 100% Online y a tu ritmo.\u00a0Comienza de inmediato, completa todas las actividades y descarga tu certificado.<\/p>\n<h2><span style=\"color: #0099cd;\">Temario<\/span><\/h2>\n<hr \/>\n<div class=\"lightweight-accordion bordered has-text-color has-background\"><details><summary class=\"lightweight-accordion-title\" style=\"color:#ffffff;background:#0099cd;\"><span>M\u00f3dulo I - Estrategias de comunicaci\u00f3n para enfrentar situaciones riesgosas<\/span><\/summary><div class=\"lightweight-accordion-body\" style=\"border-color:#0099cd;\"><h6><span style=\"color: #0099cd;\">Objetivos espec\u00edficos: <\/span>Identificar los conocimientos te\u00f3ricos, estrategias y t\u00e9cnicas comunicativas necesarias para comprender y enfrentar una situaci\u00f3n riesgosa con pacientes agitados y sus familias.<\/h6>\n<h6><span style=\"color: #0099cd;\">Duraci\u00f3n: <\/span>10 horas<\/h6>\n<h6><span style=\"color: #0099cd;\">Contenidos:<\/span><\/h6>\n<ol>\n<li>ESTRATEGIAS DE COMUNICACI\u00d3N VERBAL Y NO VERBAL.\n<ol>\n<li style=\"list-style-type: none;\">\n<ul>\n<li>Comunicaci\u00f3n verbal.<\/li>\n<li>Comunicaci\u00f3n no verbal.<\/li>\n<li>Diferentes estilos de comunicaci\u00f3n.<\/li>\n<\/ul>\n<\/li>\n<\/ol>\n<\/li>\n<li>LA COMUNICACI\u00d3N EMOCIONAL CON EL PACIENTE Y LAS FAMILIAS.\n<ol>\n<li style=\"list-style-type: none;\">\n<ul>\n<li>Habilidades Sociales<\/li>\n<\/ul>\n<\/li>\n<\/ol>\n<\/li>\n<li>LAS RELACIONES HORIZONTALES Y VERTICALES EN CONTEXTOS DE INTERACCI\u00d3N SOCIOSANITARIA.<\/li>\n<li>LA FAMILIA Y LA COMUNICACI\u00d3N CON PROFESIONALES DE SALUD.<\/li>\n<li>ESTRATEGIAS DE CUIDADO F\u00cdSICO Y PSICOL\u00d3GICO CON PACIENTE Y FAMILIAS.\n<ol>\n<li style=\"list-style-type: none;\">\n<ul>\n<li>Manejo de la agresi\u00f3n: cuando la comunicaci\u00f3n fracasa.<\/li>\n<li>Agresi\u00f3n en entornos sanitarios.<\/li>\n<li>Preparaci\u00f3n de condiciones del ambiente sanitario para prevenir agresiones.<\/li>\n<li>Valoraci\u00f3n de conductas de riesgo en pacientes.<\/li>\n<\/ul>\n<\/li>\n<\/ol>\n<\/li>\n<li>ESTRATEGIAS DE COMUNICACI\u00d3N EFECTIVA Y RESILIENTE\n<ol>\n<li style=\"list-style-type: none;\">\n<ul>\n<li>Empat\u00eda.<\/li>\n<li>Resiliencia.<\/li>\n<\/ul>\n<\/li>\n<\/ol>\n<\/li>\n<\/ol>\n<\/div><\/details><\/div>\n<div class=\"lightweight-accordion bordered has-text-color has-background\"><details><summary class=\"lightweight-accordion-title\" style=\"color:#ffffff;background:#0099cd;\"><span>M\u00f3dulo II - Tipos de pacientes con Agitaci\u00f3n Psicomotora y sus s\u00edntomas<\/span><\/summary><div class=\"lightweight-accordion-body\" style=\"border-color:#0099cd;\"><h6><span style=\"color: #0099cd;\">Objetivos espec\u00edficos: <\/span>Identificar los tipos de pacientes que presentan Agitaci\u00f3n Psicomotora, as\u00ed como los criterios b\u00e1sicos asociados a la sintomatolog\u00eda psiqui\u00e1trica de la agitaci\u00f3n psicomotora.<\/h6>\n<h6><span style=\"color: #0099cd;\">Duraci\u00f3n: <\/span>09 horas<\/h6>\n<h6><span style=\"color: #0099cd;\">Contenidos:<\/span><\/h6>\n<ol>\n<li>TRASTORNOS DE CONDUCTA\n<ol>\n<li style=\"list-style-type: none;\">\n<ul>\n<li>Trastorno por d\u00e9ficit de atenci\u00f3n e hiperactividad (TDAH)<\/li>\n<li>Trastorno negativista desafiante<\/li>\n<li>Trastorno disocial (TD)<\/li>\n<\/ul>\n<\/li>\n<\/ol>\n<\/li>\n<li>SINTOMATOLOG\u00cdA PSIC\u00d3TICA\n<ol>\n<li style=\"list-style-type: none;\">\n<ul>\n<li>Psicosis inducida por las drogas<\/li>\n<li>Psicosis org\u00e1nica<\/li>\n<li>Psicosis reactiva breve<\/li>\n<li>Trastorno delirante<\/li>\n<li>Esquizofrenia<\/li>\n<li>Trastorno Bipolar (man\u00edaco &#8211; depresivo)<\/li>\n<li>Tipos de trastorno bipolar:<\/li>\n<\/ul>\n<\/li>\n<\/ol>\n<\/li>\n<li>CRISIS DE ANSIEDAD Y CRISIS DE P\u00c1NICO\n<ol>\n<li style=\"list-style-type: none;\">\n<ul>\n<li>Crisis de ansiedad<\/li>\n<li>Crisis de p\u00e1nico<\/li>\n<li>S\u00edndrome de abstinencia alcoh\u00f3lica<\/li>\n<\/ul>\n<\/li>\n<\/ol>\n<\/li>\n<\/ol>\n<\/div><\/details><\/div>\n<div class=\"lightweight-accordion bordered has-text-color has-background\"><details><summary class=\"lightweight-accordion-title\" style=\"color:#ffffff;background:#0099cd;\"><span>M\u00f3dulo III - Tipos de Procedimientos de contenci\u00f3n y opciones de tratamiento<\/span><\/summary><div class=\"lightweight-accordion-body\" style=\"border-color:#0099cd;\"><h6><span style=\"color: #0099cd;\">Objetivos espec\u00edficos: <\/span>Analizar los procedimientos de contenci\u00f3n y opciones de tratamiento terap\u00e9utico frente a situaciones riesgosas con pacientes con agitaci\u00f3n psicomotora.<\/h6>\n<h6><span style=\"color: #0099cd;\">Duraci\u00f3n: <\/span>10 horas<\/h6>\n<h6><span style=\"color: #0099cd;\">Contenidos:<\/span><\/h6>\n<ol>\n<li>PROTOCOLOS CL\u00cdNICOS FRENTE A SITUACIONES RIESGOSAS.<\/li>\n<li>TIPOS DE CONTENCI\u00d3N: EMOCIONAL, AMBIENTAL, FARMACOL\u00d3GICA.<\/li>\n<li>PROCEDIMIENTOS DE CONTENCI\u00d3N MEC\u00c1NICA.<\/li>\n<li>OPCIONES DE TRATAMIENTO TERAP\u00c9UTICO Y AMBULATORIO.<\/li>\n<\/ol>\n<\/div><\/details><\/div>\n<div class=\"lightweight-accordion bordered has-text-color has-background\"><details><summary class=\"lightweight-accordion-title\" style=\"color:#ffffff;background:#0099cd;\"><span>M\u00f3dulo Final - Evaluando lo aprendido<\/span><\/summary><div class=\"lightweight-accordion-body\" style=\"border-color:#0099cd;\"><h6><span style=\"color: #0099cd;\">Test Global de alternativas.<\/span><\/h6>\n<h6><span style=\"color: #0099cd;\">Duraci\u00f3n: <\/span>01 hora<\/h6>\n<\/div><\/details><\/div>\n","protected":false},"excerpt":{"rendered":"<h2><span style=\"color: #0099cd;\">Resumen del Curso<\/span><\/h2>\n<hr \/>\n<p><img decoding=\"async\" class=\"alignnone size-full wp-image-333\" style=\"font-weight: inherit;\" src=\"https:\/\/linketeach.cl\/wp-content\/uploads\/2021\/07\/education_computer_school_graduate_cap_monitor_icon_149680.png\" alt=\"\" width=\"48\" height=\"48\" \/>30 horas<\/p>\n<p><img decoding=\"async\" class=\"alignnone size-full wp-image-332\" src=\"https:\/\/linketeach.cl\/wp-content\/uploads\/2021\/07\/education_book_learn_learning_icon_149694.png\" alt=\"\" width=\"48\" height=\"48\" \/><a href=\"https:\/\/site.redlearning.cl\/wp-content\/uploads\/2023\/03\/auto-c-tecnicasdecontencionparapacientesconagitacionpsicomotora.pdf\" target=\"_blank\" rel=\"noopener\">Programa del Curso<\/a><\/p>\n<p><img decoding=\"async\" class=\"alignnone size-medium wp-image-335\" src=\"https:\/\/linketeach.cl\/wp-content\/uploads\/2021\/07\/notes_clipboard_icon_149712-1.png\" alt=\"\" width=\"48\" height=\"48\" \/>Evaluaci\u00f3n Final<\/p>\n<p><img loading=\"lazy\" decoding=\"async\" class=\"alignnone size-medium wp-image-334\" style=\"font-weight: inherit;\" src=\"https:\/\/linketeach.cl\/wp-content\/uploads\/2021\/07\/education_diploma_award_icon_149701.png\" alt=\"\" width=\"48\" height=\"48\" \/>Certificaci\u00f3n<\/p>\n","protected":false},"featured_media":14231,"template":"","meta":{"site-sidebar-layout":"no-sidebar","site-content-layout":"default","ast-site-content-layout":"default","site-content-style":"default","site-sidebar-style":"default","ast-global-header-display":"","ast-banner-title-visibility":"","ast-main-header-display":"","ast-hfb-above-header-display":"","ast-hfb-below-header-display":"","ast-hfb-mobile-header-display":"","site-post-title":"","ast-breadcrumbs-content":"","ast-featured-img":"","footer-sml-layout":"","ast-disable-related-posts":"","theme-transparent-header-meta":"default","adv-header-id-meta":"","stick-header-meta":"","header-above-stick-meta":"","header-main-stick-meta":"","header-below-stick-meta":"","astra-migrate-meta-layouts":"set","ast-page-background-enabled":"default","ast-page-background-meta":{"desktop":{"background-color":"","background-image":"","background-repeat":"repeat","background-position":"center center","background-size":"auto","background-attachment":"scroll","background-type":"","background-media":"","overlay-type":"","overlay-color":"","overlay-opacity":"","overlay-gradient":""},"tablet":{"background-color":"","background-image":"","background-repeat":"repeat","background-position":"center center","background-size":"auto","background-attachment":"scroll","background-type":"","background-media":"","overlay-type":"","overlay-color":"","overlay-opacity":"","overlay-gradient":""},"mobile":{"background-color":"","background-image":"","background-repeat":"repeat","background-position":"center center","background-size":"auto","background-attachment":"scroll","background-type":"","background-media":"","overlay-type":"","overlay-color":"","overlay-opacity":"","overlay-gradient":""}},"ast-content-background-meta":{"desktop":{"background-color":"var(--ast-global-color-5)","background-image":"","background-repeat":"repeat","background-position":"center center","background-size":"auto","background-attachment":"scroll","background-type":"","background-media":"","overlay-type":"","overlay-color":"","overlay-opacity":"","overlay-gradient":""},"tablet":{"background-color":"var(--ast-global-color-5)","background-image":"","background-repeat":"repeat","background-position":"center center","background-size":"auto","background-attachment":"scroll","background-type":"","background-media":"","overlay-type":"","overlay-color":"","overlay-opacity":"","overlay-gradient":""},"mobile":{"background-color":"var(--ast-global-color-5)","background-image":"","background-repeat":"repeat","background-position":"center center","background-size":"auto","background-attachment":"scroll","background-type":"","background-media":"","overlay-type":"","overlay-color":"","overlay-opacity":"","overlay-gradient":""}},"_joinchat":[]},"product_brand":[],"product_cat":[425],"product_tag":[],"class_list":{"0":"post-17533","1":"product","2":"type-product","3":"status-publish","4":"has-post-thumbnail","6":"product_cat-cursos","7":"desktop-align-left","8":"tablet-align-left","9":"mobile-align-left","11":"first","12":"instock","13":"sale","14":"downloadable","15":"virtual","16":"sold-individually","17":"purchasable","18":"product-type-simple"},"_links":{"self":[{"href":"https:\/\/site.redlearning.cl\/index.php?rest_route=\/wp\/v2\/product\/17533","targetHints":{"allow":["GET"]}}],"collection":[{"href":"https:\/\/site.redlearning.cl\/index.php?rest_route=\/wp\/v2\/product"}],"about":[{"href":"https:\/\/site.redlearning.cl\/index.php?rest_route=\/wp\/v2\/types\/product"}],"wp:featuredmedia":[{"embeddable":true,"href":"https:\/\/site.redlearning.cl\/index.php?rest_route=\/wp\/v2\/media\/14231"}],"wp:attachment":[{"href":"https:\/\/site.redlearning.cl\/index.php?rest_route=%2Fwp%2Fv2%2Fmedia&parent=17533"}],"wp:term":[{"taxonomy":"product_brand","embeddable":true,"href":"https:\/\/site.redlearning.cl\/index.php?rest_route=%2Fwp%2Fv2%2Fproduct_brand&post=17533"},{"taxonomy":"product_cat","embeddable":true,"href":"https:\/\/site.redlearning.cl\/index.php?rest_route=%2Fwp%2Fv2%2Fproduct_cat&post=17533"},{"taxonomy":"product_tag","embeddable":true,"href":"https:\/\/site.redlearning.cl\/index.php?rest_route=%2Fwp%2Fv2%2Fproduct_tag&post=17533"}],"curies":[{"name":"wp","href":"https:\/\/api.w.org\/{rel}","templated":true}]}}