{"id":17535,"date":"2024-04-24T20:45:34","date_gmt":"2024-04-24T23:45:34","guid":{"rendered":"https:\/\/site.redlearning.cl\/?post_type=product&#038;p=17535"},"modified":"2025-11-03T17:34:57","modified_gmt":"2025-11-03T20:34:57","slug":"curso-medios-de-contraste-en-imagenologia-2","status":"publish","type":"product","link":"https:\/\/site.redlearning.cl\/?product=curso-medios-de-contraste-en-imagenologia-2","title":{"rendered":"CURSO MEDIOS DE CONTRASTE EN IMAGENOLOG\u00cdA"},"content":{"rendered":"<p>Los medios de contraste son sustancias de amplia utilizaci\u00f3n en el \u00e1rea de la Imagenolog\u00eda diagn\u00f3stica, pues permiten mejorar el contraste intr\u00ednseco de las estructuras normales, detectar y caracterizar procesos patol\u00f3gicos, evaluar la vasculatura y estudiar la perfusi\u00f3n de tejidos.<\/p>\n<p>Este curso tiene como objetivo evaluar la utilizaci\u00f3n de medio de contraste en Radiolog\u00eda General, Tomograf\u00eda Computada, Ecograf\u00eda y Resonancia Magn\u00e9tica considerando propiedades f\u00edsico- qu\u00edmicas y farmacocin\u00e9ticas, factores de riesgo, posibles reacciones adversas y tratamiento inmediato. Junto a esto busca analizar aspectos transversales relacionados con la administraci\u00f3n de medios de contraste, referentes a v\u00edas venosas, administraci\u00f3n a embarazadas y pacientes pedi\u00e1tricos, e implicancias medico legales relacionados con el uso de estos f\u00e1rmacos.<\/p>\n<h2><span style=\"color: #0099cd;\">Objetivo General<\/span><\/h2>\n<hr \/>\n<p>Adquirir conocimientos sobre conceptos b\u00e1sicos de evaluaci\u00f3n y utilizaci\u00f3n de medios de contraste (MC) en TC y RM.<\/p>\n<h2><span style=\"color: #0099cd;\">Metodolog\u00eda<\/span><\/h2>\n<hr \/>\n<p>Modalidad 100% Online y a tu ritmo.\u00a0Comienza de inmediato, completa todas las actividades y descarga tu certificado.<\/p>\n<h2><span style=\"color: #0099cd;\">Temario<\/span><\/h2>\n<hr \/>\n<div class=\"lightweight-accordion bordered has-text-color has-background\"><details><summary class=\"lightweight-accordion-title\" style=\"color:#ffffff;background:#0099cd;\"><span>M\u00f3dulo I - Conceptos generales en el uso y manejo de medios de contraste<\/span><\/summary><div class=\"lightweight-accordion-body\" style=\"border-color:#0099cd;\"><h6><span style=\"color: #0099cd;\">Objetivos espec\u00edficos: <\/span>Conocer propiedades f\u00edsico-qu\u00edmicas, farmacocin\u00e9ticas, factores de riego, posibles reacciones adversas y sus tratamientos.<\/h6>\n<h6><span style=\"color: #0099cd;\">Duraci\u00f3n: <\/span>17 horas<\/h6>\n<h6><span style=\"color: #0099cd;\">Contenidos:<\/span><\/h6>\n<ul>\n<li>Fundamentos b\u00e1sicos y Clasificaci\u00f3n de los medios de contraste.<\/li>\n<li>Caracter\u00edsticas de los diferentes estudios contrastados.<\/li>\n<li>Ventajas de su uso para el diagn\u00f3stico.<\/li>\n<li>Caracter\u00edsticas Fisicoqu\u00edmicas.<\/li>\n<li>Reacciones adversas.<\/li>\n<li>Nefrotoxicidad.<\/li>\n<\/ul>\n<\/div><\/details><\/div>\n<div class=\"lightweight-accordion bordered has-text-color has-background\"><details><summary class=\"lightweight-accordion-title\" style=\"color:#ffffff;background:#0099cd;\"><span>M\u00f3dulo II - Uso y manejo de medios de contraste en CT<\/span><\/summary><div class=\"lightweight-accordion-body\" style=\"border-color:#0099cd;\"><h6><span style=\"color: #0099cd;\">Objetivos espec\u00edficos: <\/span>Analizar aspectos transversales relacionados con su administraci\u00f3n.<\/h6>\n<h6><span style=\"color: #0099cd;\">Duraci\u00f3n: <\/span>17 horas<\/h6>\n<h6><span style=\"color: #0099cd;\">Contenidos:<\/span><\/h6>\n<ul>\n<li>Distribuci\u00f3n y eliminaci\u00f3n de los Medios de contraste.<\/li>\n<li>Dosis m\u00e1xima inyectable.<\/li>\n<li>Tiempo de circulaci\u00f3n y calidad de imagen.<\/li>\n<li>Inyecci\u00f3n Autom\u00e1tica.<\/li>\n<li>Factores de riesgo para la afectaci\u00f3n renal y medidas profil\u00e1cticas.<\/li>\n<li>Nefropat\u00eda inducida por contraste.<\/li>\n<li>Factores de riego para la ocurrencia de reacciones anafilacto\u00eddeas y medidas profil\u00e1cticas.<\/li>\n<li>Medios de contraste y Miastenia Gravis.<\/li>\n<\/ul>\n<\/div><\/details><\/div>\n<div class=\"lightweight-accordion bordered has-text-color has-background\"><details><summary class=\"lightweight-accordion-title\" style=\"color:#ffffff;background:#0099cd;\"><span>M\u00f3dulo III - Uso y manejo de medios de contraste en Resonancia Magn\u00e9tica<\/span><\/summary><div class=\"lightweight-accordion-body\" style=\"border-color:#0099cd;\"><h6><span style=\"color: #0099cd;\">Objetivos espec\u00edficos: <\/span>Identificar eventos adversos que los medios de contraste puedan originar en poblaci\u00f3n de riesgo.<\/h6>\n<h6><span style=\"color: #0099cd;\">Duraci\u00f3n: <\/span>17 horas<\/h6>\n<h6><span style=\"color: #0099cd;\">Contenidos:<\/span><\/h6>\n<ul>\n<li>Medios de contraste basados en Gadolinio, caracter\u00edsticas y mecanismo de acci\u00f3n.<\/li>\n<li>Mecanismo del da\u00f1o renal.<\/li>\n<li>Reacciones Adversas.<\/li>\n<li>Dosis m\u00e1xima permitida.<\/li>\n<li>Medios de contraste basados en part\u00edculas peque\u00f1a y ultrapeque\u00f1as, caracter\u00edsticas y mecanismo de acci\u00f3n.<\/li>\n<li>Distribuci\u00f3n y eliminaci\u00f3n de los Medios de contraste.<\/li>\n<li>Factores de riesgo para la afectaci\u00f3n renal y medidas profil\u00e1cticas.<\/li>\n<li>Factores de riego para la ocurrencia de reacciones anafilacto\u00eddeas y medidas profil\u00e1cticas.<\/li>\n<\/ul>\n<\/div><\/details><\/div>\n<div class=\"lightweight-accordion bordered has-text-color has-background\"><details><summary class=\"lightweight-accordion-title\" style=\"color:#ffffff;background:#0099cd;\"><span>M\u00f3dulo IV - Aspectos relevantes en el uso de Medio de Contraste <\/span><\/summary><div class=\"lightweight-accordion-body\" style=\"border-color:#0099cd;\"><h6><span style=\"color: #0099cd;\">Objetivos espec\u00edficos: <\/span>Conocer las implicancias m\u00e9dico \u2013 legales en la tem\u00e1tica.<\/h6>\n<h6><span style=\"color: #0099cd;\">Duraci\u00f3n: <\/span>17 horas<\/h6>\n<h6><span style=\"color: #0099cd;\">Contenidos:<\/span><\/h6>\n<ul>\n<li>Signos y s\u00edntomas de reacciones anafilacto\u00eddeas leves, moderas y graves y sus respectivos manejos.<\/li>\n<li>Carro de paro.<\/li>\n<li>Manejo ante un paro cardio-respiratorio.<\/li>\n<li>Manejo de v\u00eda venosa perif\u00e9rica y centrales.<\/li>\n<li>Detecci\u00f3n y manejo de extravasaciones del Medios de contraste.<\/li>\n<li>S\u00edndrome Compartimental.<\/li>\n<li>Medios de contraste en embarazas y en proceso de lactancia.<\/li>\n<li>Farmacocin\u00e9tica en pacientes pedi\u00e1tricos, reacciones adversas, premedicaci\u00f3n y dosis m\u00e1xima.<\/li>\n<li>Aspectos legales y consentimiento informado.<\/li>\n<\/ul>\n<\/div><\/details><\/div>\n<div class=\"lightweight-accordion bordered has-text-color has-background\"><details><summary class=\"lightweight-accordion-title\" style=\"color:#ffffff;background:#0099cd;\"><span>M\u00f3dulo Final<\/span><\/summary><div class=\"lightweight-accordion-body\" style=\"border-color:#0099cd;\"><h6><span style=\"color: #0099cd;\">TEST GLOBAL<br \/>\n<\/span><\/h6>\n<\/div><\/details><\/div>\n","protected":false},"excerpt":{"rendered":"<h2><span style=\"color: #0099cd;\">Resumen del Curso<\/span><\/h2>\n<p><img decoding=\"async\" class=\"alignnone size-full wp-image-333\" style=\"font-weight: inherit;\" src=\"https:\/\/linketeach.cl\/wp-content\/uploads\/2021\/07\/education_computer_school_graduate_cap_monitor_icon_149680.png\" alt=\"\" width=\"48\" height=\"48\" \/>72\u00a0horas &#8211; 5 m\u00f3dulos<\/p>\n<p><img decoding=\"async\" class=\"alignnone size-full wp-image-332\" src=\"https:\/\/linketeach.cl\/wp-content\/uploads\/2021\/07\/education_book_learn_learning_icon_149694.png\" alt=\"\" width=\"48\" height=\"48\" \/><a href=\"https:\/\/site.redlearning.cl\/wp-content\/uploads\/2023\/02\/auto-c-mediosdecontrasteenimagenologia.pdf\" target=\"_blank\" rel=\"noopener\">Programa del Curso<\/a><\/p>\n<p><img decoding=\"async\" class=\"alignnone size-medium wp-image-335\" src=\"https:\/\/linketeach.cl\/wp-content\/uploads\/2021\/07\/notes_clipboard_icon_149712-1.png\" alt=\"\" width=\"48\" height=\"48\" \/>Evaluaci\u00f3n Final<\/p>\n<p><img loading=\"lazy\" decoding=\"async\" class=\"alignnone size-medium wp-image-334\" style=\"font-weight: inherit;\" src=\"https:\/\/linketeach.cl\/wp-content\/uploads\/2021\/07\/education_diploma_award_icon_149701.png\" alt=\"\" width=\"48\" height=\"48\" \/>Certificaci\u00f3n<\/p>\n","protected":false},"featured_media":14067,"template":"","meta":{"site-sidebar-layout":"no-sidebar","site-content-layout":"default","ast-site-content-layout":"default","site-content-style":"default","site-sidebar-style":"default","ast-global-header-display":"","ast-banner-title-visibility":"","ast-main-header-display":"","ast-hfb-above-header-display":"","ast-hfb-below-header-display":"","ast-hfb-mobile-header-display":"","site-post-title":"","ast-breadcrumbs-content":"","ast-featured-img":"","footer-sml-layout":"","ast-disable-related-posts":"","theme-transparent-header-meta":"default","adv-header-id-meta":"","stick-header-meta":"","header-above-stick-meta":"","header-main-stick-meta":"","header-below-stick-meta":"","astra-migrate-meta-layouts":"set","ast-page-background-enabled":"default","ast-page-background-meta":{"desktop":{"background-color":"","background-image":"","background-repeat":"repeat","background-position":"center center","background-size":"auto","background-attachment":"scroll","background-type":"","background-media":"","overlay-type":"","overlay-color":"","overlay-opacity":"","overlay-gradient":""},"tablet":{"background-color":"","background-image":"","background-repeat":"repeat","background-position":"center center","background-size":"auto","background-attachment":"scroll","background-type":"","background-media":"","overlay-type":"","overlay-color":"","overlay-opacity":"","overlay-gradient":""},"mobile":{"background-color":"","background-image":"","background-repeat":"repeat","background-position":"center center","background-size":"auto","background-attachment":"scroll","background-type":"","background-media":"","overlay-type":"","overlay-color":"","overlay-opacity":"","overlay-gradient":""}},"ast-content-background-meta":{"desktop":{"background-color":"var(--ast-global-color-5)","background-image":"","background-repeat":"repeat","background-position":"center center","background-size":"auto","background-attachment":"scroll","background-type":"","background-media":"","overlay-type":"","overlay-color":"","overlay-opacity":"","overlay-gradient":""},"tablet":{"background-color":"var(--ast-global-color-5)","background-image":"","background-repeat":"repeat","background-position":"center center","background-size":"auto","background-attachment":"scroll","background-type":"","background-media":"","overlay-type":"","overlay-color":"","overlay-opacity":"","overlay-gradient":""},"mobile":{"background-color":"var(--ast-global-color-5)","background-image":"","background-repeat":"repeat","background-position":"center center","background-size":"auto","background-attachment":"scroll","background-type":"","background-media":"","overlay-type":"","overlay-color":"","overlay-opacity":"","overlay-gradient":""}},"_joinchat":[]},"product_brand":[],"product_cat":[425],"product_tag":[],"class_list":{"0":"post-17535","1":"product","2":"type-product","3":"status-publish","4":"has-post-thumbnail","6":"product_cat-cursos","7":"desktop-align-left","8":"tablet-align-left","9":"mobile-align-left","11":"first","12":"instock","13":"sale","14":"downloadable","15":"virtual","16":"purchasable","17":"product-type-simple"},"_links":{"self":[{"href":"https:\/\/site.redlearning.cl\/index.php?rest_route=\/wp\/v2\/product\/17535","targetHints":{"allow":["GET"]}}],"collection":[{"href":"https:\/\/site.redlearning.cl\/index.php?rest_route=\/wp\/v2\/product"}],"about":[{"href":"https:\/\/site.redlearning.cl\/index.php?rest_route=\/wp\/v2\/types\/product"}],"wp:featuredmedia":[{"embeddable":true,"href":"https:\/\/site.redlearning.cl\/index.php?rest_route=\/wp\/v2\/media\/14067"}],"wp:attachment":[{"href":"https:\/\/site.redlearning.cl\/index.php?rest_route=%2Fwp%2Fv2%2Fmedia&parent=17535"}],"wp:term":[{"taxonomy":"product_brand","embeddable":true,"href":"https:\/\/site.redlearning.cl\/index.php?rest_route=%2Fwp%2Fv2%2Fproduct_brand&post=17535"},{"taxonomy":"product_cat","embeddable":true,"href":"https:\/\/site.redlearning.cl\/index.php?rest_route=%2Fwp%2Fv2%2Fproduct_cat&post=17535"},{"taxonomy":"product_tag","embeddable":true,"href":"https:\/\/site.redlearning.cl\/index.php?rest_route=%2Fwp%2Fv2%2Fproduct_tag&post=17535"}],"curies":[{"name":"wp","href":"https:\/\/api.w.org\/{rel}","templated":true}]}}