{"id":17541,"date":"2024-04-24T21:05:37","date_gmt":"2024-04-25T00:05:37","guid":{"rendered":"https:\/\/site.redlearning.cl\/?post_type=product&#038;p=17541"},"modified":"2025-11-03T17:34:57","modified_gmt":"2025-11-03T20:34:57","slug":"curso-control-de-gestion-3","status":"publish","type":"product","link":"https:\/\/site.redlearning.cl\/?product=curso-control-de-gestion-3","title":{"rendered":"Curso Control de Gesti\u00f3n"},"content":{"rendered":"<p>La principal responsabilidad de la direcci\u00f3n de una empresa es la consecuci\u00f3n de los fines para los que ha sido creada. La funci\u00f3n directiva estar\u00e1 basada, por consiguiente, en la toma de aquellas decisiones que posibiliten el que la empresa consiga lograr sus fines y orientar, igualmente, en la toma de decisiones a los diferentes componentes de la organizaci\u00f3n. Dentro de este proceso tiene un papel fundamental la planificaci\u00f3n. Por lo tanto, la finalidad del proceso de Control de Gesti\u00f3n es verificar la realizaci\u00f3n o implementaci\u00f3n de las estrategias que fueron aprobadas en el proceso de planificaci\u00f3n estrat\u00e9gica y, de esta forma, asegurar el cumplimiento de los objetivos de la organizaci\u00f3n.<\/p>\n<h2><span style=\"color: #0099cd;\">Objetivo General<\/span><\/h2>\n<hr \/>\n<p>Entregar conocimientos s\u00f3lidos y una metodolog\u00eda pr\u00e1ctica para dise\u00f1ar un sistema de control de gesti\u00f3n estrat\u00e9gico en las organizaciones, a fin diagnosticar, controlar y planificar los diferentes procesos organizacionales internos y externos y dar cumplimiento a las metas y los objetivos estrat\u00e9gicos esperados por las organizaciones.<\/p>\n<h2><span style=\"color: #0099cd;\">Metodolog\u00eda<\/span><\/h2>\n<hr \/>\n<p>Modalidad 100% Online y a tu ritmo.\u00a0Comienza de inmediato, completa todas las actividades y descarga tu certificado.<\/p>\n<h2><span style=\"color: #0099cd;\">Temario<\/span><\/h2>\n<hr \/>\n<div class=\"lightweight-accordion bordered has-text-color has-background\"><details><summary class=\"lightweight-accordion-title\" style=\"color:#ffffff;background:#0099cd;\"><span>M\u00f3dulo I - GENERALIDADES DEL SISTEMA DE CONTROL DE GESTI\u00d3N<\/span><\/summary><div class=\"lightweight-accordion-body\" style=\"border-color:#0099cd;\"><h6><span style=\"color: #0099cd;\">Objetivos espec\u00edficos: <\/span>Examinar los aspectos generales involucrados en el desarrollo y ejecuci\u00f3n de un sistema de control de gesti\u00f3n estrat\u00e9gico dentro de las organizaciones.<\/h6>\n<h6><span style=\"color: #0099cd;\">Duraci\u00f3n: <\/span>10 horas<\/h6>\n<h6><span style=\"color: #0099cd;\">Contenidos:<\/span><\/h6>\n<ul>\n<li>Aspectos generales de control y gesti\u00f3n estrat\u00e9gica.<\/li>\n<li>Fundamento de la planificaci\u00f3n y control de Gesti\u00f3n.<\/li>\n<li>An\u00e1lisis de capacidades y recursos estrat\u00e9gicos.<\/li>\n<\/ul>\n<\/div><\/details><\/div>\n<div class=\"lightweight-accordion bordered has-text-color has-background\"><details><summary class=\"lightweight-accordion-title\" style=\"color:#ffffff;background:#0099cd;\"><span>M\u00f3dulo II - NORMAS INTERNACIONALES DE INFORMACI\u00d3N FINANCIERA<\/span><\/summary><div class=\"lightweight-accordion-body\" style=\"border-color:#0099cd;\"><h6><span style=\"color: #0099cd;\">Objetivos espec\u00edficos: <\/span>Aplicar las actuales herramientas metodol\u00f3gicas para el dise\u00f1o de un sistema de control de gesti\u00f3n, a fin de generar un impacto positivo en el desempe\u00f1o operacional, como en la productividad de las organizaciones .<\/h6>\n<h6><span style=\"color: #0099cd;\">Duraci\u00f3n: <\/span>10 horas<\/h6>\n<h6><span style=\"color: #0099cd;\">Contenidos:<\/span><\/h6>\n<ul>\n<li>Instrumentalizaci\u00f3n del control de gesti\u00f3n: objetivos y metas.<\/li>\n<li>Herramientas tradicionales para el control de la Gesti\u00f3n.<\/li>\n<li>Balance Scorecard, carta Gantt, Activity Based Costing (ABC) y Ms project.<\/li>\n<li>Tipos de control y \u00e1reas de control.<\/li>\n<li>7 tipos de P\u00e9rdidas y las 5 S.<\/li>\n<\/ul>\n<\/div><\/details><\/div>\n<div class=\"lightweight-accordion bordered has-text-color has-background\"><details><summary class=\"lightweight-accordion-title\" style=\"color:#ffffff;background:#0099cd;\"><span>M\u00f3dulo III - HERRAMIENTAS CONTABLES Y REVISI\u00d3N DE ESTADOS FINANCIEROS<\/span><\/summary><div class=\"lightweight-accordion-body\" style=\"border-color:#0099cd;\"><h6><span style=\"color: #0099cd;\">Objetivos espec\u00edficos: <\/span>Implementar un sistema de control de Gesti\u00f3n dentro de la cultura de una organizaci\u00f3n, buscando monitorear el grado de cumplimiento de los objetivos estrat\u00e9gicos trazados para la oportuna toma de decisiones.<\/h6>\n<h6><span style=\"color: #0099cd;\">Duraci\u00f3n: <\/span>10 horas<\/h6>\n<h6><span style=\"color: #0099cd;\">Contenidos:<\/span><\/h6>\n<ul>\n<li>An\u00e1lisis de implementaci\u00f3n estrat\u00e9gica y responsabilidades.<\/li>\n<li>Relaci\u00f3n entre estrategia y Balanced Scorecard.<\/li>\n<li>El concepto de mapa estrat\u00e9gico: dise\u00f1o y aplicaci\u00f3n<\/li>\n<li>Desarrollo de indicadores de desempe\u00f1o<\/li>\n<li>Relaci\u00f3n entre alineamiento e indicadores.<\/li>\n<\/ul>\n<\/div><\/details><\/div>\n<div class=\"lightweight-accordion bordered has-text-color has-background\"><details><summary class=\"lightweight-accordion-title\" style=\"color:#ffffff;background:#0099cd;\"><span>M\u00f3dulo Final<\/span><\/summary><div class=\"lightweight-accordion-body\" style=\"border-color:#0099cd;\"><h6><span style=\"color: #0099cd;\">Test integrador de alternativas.<\/span><\/h6>\n<h6><span style=\"color: #0099cd;\">Duraci\u00f3n: <\/span>02 horas<\/h6>\n<\/div><\/details><\/div>\n","protected":false},"excerpt":{"rendered":"<h2><span style=\"color: #0099cd;\">Resumen del Curso<\/span><\/h2>\n<hr \/>\n<p><img decoding=\"async\" class=\"alignnone size-full wp-image-333\" style=\"font-weight: inherit;\" src=\"https:\/\/linketeach.cl\/wp-content\/uploads\/2021\/07\/education_computer_school_graduate_cap_monitor_icon_149680.png\" alt=\"\" width=\"48\" height=\"48\" \/>32 horas &#8211; 4 m\u00f3dulos<\/p>\n<p><img decoding=\"async\" class=\"alignnone size-full wp-image-332\" src=\"https:\/\/linketeach.cl\/wp-content\/uploads\/2021\/07\/education_book_learn_learning_icon_149694.png\" alt=\"\" width=\"48\" height=\"48\" \/><a href=\"https:\/\/site.redlearning.cl\/wp-content\/uploads\/2022\/08\/c-controldegestion.pdf\" target=\"_blank\" rel=\"noopener\">Programa del Curso<\/a><\/p>\n<p><img decoding=\"async\" class=\"alignnone size-medium wp-image-335\" src=\"https:\/\/linketeach.cl\/wp-content\/uploads\/2021\/07\/notes_clipboard_icon_149712-1.png\" alt=\"\" width=\"48\" height=\"48\" \/>Evaluaci\u00f3n Final<\/p>\n<p><img loading=\"lazy\" decoding=\"async\" class=\"alignnone size-medium wp-image-334\" style=\"font-weight: inherit;\" src=\"https:\/\/linketeach.cl\/wp-content\/uploads\/2021\/07\/education_diploma_award_icon_149701.png\" alt=\"\" width=\"48\" height=\"48\" \/>Certificaci\u00f3n<\/p>\n","protected":false},"featured_media":12350,"template":"","meta":{"site-sidebar-layout":"no-sidebar","site-content-layout":"default","ast-site-content-layout":"default","site-content-style":"default","site-sidebar-style":"default","ast-global-header-display":"","ast-banner-title-visibility":"","ast-main-header-display":"","ast-hfb-above-header-display":"","ast-hfb-below-header-display":"","ast-hfb-mobile-header-display":"","site-post-title":"","ast-breadcrumbs-content":"","ast-featured-img":"","footer-sml-layout":"","ast-disable-related-posts":"","theme-transparent-header-meta":"default","adv-header-id-meta":"","stick-header-meta":"","header-above-stick-meta":"","header-main-stick-meta":"","header-below-stick-meta":"","astra-migrate-meta-layouts":"set","ast-page-background-enabled":"default","ast-page-background-meta":{"desktop":{"background-color":"","background-image":"","background-repeat":"repeat","background-position":"center center","background-size":"auto","background-attachment":"scroll","background-type":"","background-media":"","overlay-type":"","overlay-color":"","overlay-opacity":"","overlay-gradient":""},"tablet":{"background-color":"","background-image":"","background-repeat":"repeat","background-position":"center center","background-size":"auto","background-attachment":"scroll","background-type":"","background-media":"","overlay-type":"","overlay-color":"","overlay-opacity":"","overlay-gradient":""},"mobile":{"background-color":"","background-image":"","background-repeat":"repeat","background-position":"center center","background-size":"auto","background-attachment":"scroll","background-type":"","background-media":"","overlay-type":"","overlay-color":"","overlay-opacity":"","overlay-gradient":""}},"ast-content-background-meta":{"desktop":{"background-color":"var(--ast-global-color-5)","background-image":"","background-repeat":"repeat","background-position":"center center","background-size":"auto","background-attachment":"scroll","background-type":"","background-media":"","overlay-type":"","overlay-color":"","overlay-opacity":"","overlay-gradient":""},"tablet":{"background-color":"var(--ast-global-color-5)","background-image":"","background-repeat":"repeat","background-position":"center center","background-size":"auto","background-attachment":"scroll","background-type":"","background-media":"","overlay-type":"","overlay-color":"","overlay-opacity":"","overlay-gradient":""},"mobile":{"background-color":"var(--ast-global-color-5)","background-image":"","background-repeat":"repeat","background-position":"center center","background-size":"auto","background-attachment":"scroll","background-type":"","background-media":"","overlay-type":"","overlay-color":"","overlay-opacity":"","overlay-gradient":""}},"_joinchat":[]},"product_brand":[],"product_cat":[425],"product_tag":[],"class_list":{"0":"post-17541","1":"product","2":"type-product","3":"status-publish","4":"has-post-thumbnail","6":"product_cat-cursos","7":"desktop-align-left","8":"tablet-align-left","9":"mobile-align-left","11":"first","12":"instock","13":"sale","14":"downloadable","15":"virtual","16":"sold-individually","17":"purchasable","18":"product-type-simple"},"_links":{"self":[{"href":"https:\/\/site.redlearning.cl\/index.php?rest_route=\/wp\/v2\/product\/17541","targetHints":{"allow":["GET"]}}],"collection":[{"href":"https:\/\/site.redlearning.cl\/index.php?rest_route=\/wp\/v2\/product"}],"about":[{"href":"https:\/\/site.redlearning.cl\/index.php?rest_route=\/wp\/v2\/types\/product"}],"wp:featuredmedia":[{"embeddable":true,"href":"https:\/\/site.redlearning.cl\/index.php?rest_route=\/wp\/v2\/media\/12350"}],"wp:attachment":[{"href":"https:\/\/site.redlearning.cl\/index.php?rest_route=%2Fwp%2Fv2%2Fmedia&parent=17541"}],"wp:term":[{"taxonomy":"product_brand","embeddable":true,"href":"https:\/\/site.redlearning.cl\/index.php?rest_route=%2Fwp%2Fv2%2Fproduct_brand&post=17541"},{"taxonomy":"product_cat","embeddable":true,"href":"https:\/\/site.redlearning.cl\/index.php?rest_route=%2Fwp%2Fv2%2Fproduct_cat&post=17541"},{"taxonomy":"product_tag","embeddable":true,"href":"https:\/\/site.redlearning.cl\/index.php?rest_route=%2Fwp%2Fv2%2Fproduct_tag&post=17541"}],"curies":[{"name":"wp","href":"https:\/\/api.w.org\/{rel}","templated":true}]}}