{"id":17542,"date":"2024-04-24T21:07:50","date_gmt":"2024-04-25T00:07:50","guid":{"rendered":"https:\/\/site.redlearning.cl\/?post_type=product&#038;p=17542"},"modified":"2025-11-03T17:34:57","modified_gmt":"2025-11-03T20:34:57","slug":"curso-supply-chain-management-scm-2","status":"publish","type":"product","link":"https:\/\/site.redlearning.cl\/?product=curso-supply-chain-management-scm-2","title":{"rendered":"Curso SUPPLY CHAIN MANAGEMENT (SCM)"},"content":{"rendered":"<p>Un Supply Chain Manager es responsable de gestionar y organizar todas las actividades de adquisici\u00f3n, producci\u00f3n y distribuci\u00f3n de los bienes que una compa\u00f1\u00eda pone a disposici\u00f3n de sus clientes. En definitiva, es el mayor gestor de la cadena de suministro o Supply Chain.<\/p>\n<p>Un Supply Chain Manager debe ser capaz de integrar las operaciones a nivel de flujos de material y flujos de informaci\u00f3n, que cubre todo el radio de proveedores, el centro de producci\u00f3n, los operadores log\u00edsticos, puntos de venta y clientes finales.<\/p>\n<p>La gesti\u00f3n de la cadena de suministro se inicia en la adquisici\u00f3n de materia bruta y termina con la entrega del producto final al cliente, pasando por toda esta serie de agentes implicados en la cadena. Es por ello que el Supply Chain Manager requiere de unas buenas habilidades de comunicaci\u00f3n, negociaci\u00f3n y gesti\u00f3n.<\/p>\n<p>El Supply Chain Management es un factor clave para el \u00e9xito de una empresa, adquiriendo una importancia especial en la estrategia de ciertas empresas que basan su mayor ventaja competitiva en la gesti\u00f3n de su cadena de suministro.<\/p>\n<h2><span style=\"color: #0099cd;\">Objetivo General<\/span><\/h2>\n<hr \/>\n<p>Dise\u00f1ar una correcta estrategia de administraci\u00f3n y planificaci\u00f3n log\u00edstica de los procesos y recursos de una cadena de suministros, mediante el an\u00e1lisis conceptual de las dimensiones del SCM, que permita la integraci\u00f3n entre la eficiencia en la entrega de productos, y la optimizaci\u00f3n de los niveles de competitividad de las organizaciones dentro del mercado.<\/p>\n<h2><span style=\"color: #0099cd;\">Metodolog\u00eda<\/span><\/h2>\n<hr \/>\n<p>Modalidad 100% Online y a tu ritmo.\u00a0Comienza de inmediato, completa todas las actividades y descarga tu certificado.<\/p>\n<h2><span style=\"color: #0099cd;\">Temario<\/span><\/h2>\n<hr \/>\n<div class=\"lightweight-accordion bordered has-text-color has-background\"><details><summary class=\"lightweight-accordion-title\" style=\"color:#ffffff;background:#0099cd;\"><span>M\u00f3dulo I - FUNDAMENTOS SUPPLY CHAIN MANAGER (SCM)<\/span><\/summary><div class=\"lightweight-accordion-body\" style=\"border-color:#0099cd;\"><h6><span style=\"color: #0099cd;\">Objetivos espec\u00edficos: <\/span>Comprender la Gesti\u00f3n Log\u00edstica de la Cadena de Suministros (SCM), as\u00ed como las tendencias e impacto de los modelos de referencia a trav\u00e9s de la interpretaci\u00f3n clarificadora de las distintas dimensiones que definen la SCM.<\/h6>\n<h6><span style=\"color: #0099cd;\">Duraci\u00f3n: <\/span>08 horas<\/h6>\n<h6><span style=\"color: #0099cd;\">Contenidos:<\/span><\/h6>\n<ul>\n<li>Introducci\u00f3n a los enfoques de cadenas de suministro.<\/li>\n<li>Modelo de referencia de la SC.<\/li>\n<li>Evoluci\u00f3n, y tendencias del Supply Chain.<\/li>\n<li>Impacto de la globalizaci\u00f3n en las operaciones de supply Chain.<\/li>\n<li>El concepto de calidad de servicio.<\/li>\n<\/ul>\n<\/div><\/details><\/div>\n<div class=\"lightweight-accordion bordered has-text-color has-background\"><details><summary class=\"lightweight-accordion-title\" style=\"color:#ffffff;background:#0099cd;\"><span>M\u00f3dulo II - ESTRATEGIAS Y T\u00c9CNICAS SUPPLY CHAIN MANAGER (SCM)<\/span><\/summary><div class=\"lightweight-accordion-body\" style=\"border-color:#0099cd;\"><h6><span style=\"color: #0099cd;\">Objetivos espec\u00edficos: <\/span>Identificar las estrategias y t\u00e9cnicas m\u00e1s eficientes y usadas de la Supply Chain Manager dentro de las organizaciones, con el fin de integrarlos dentro de los procesos de la empresa incorporando procesos continuos en la mejora de la administraci\u00f3n de los productos y servicios entregados por una organizaci\u00f3n.<\/h6>\n<h6><span style=\"color: #0099cd;\">Duraci\u00f3n: <\/span>08 horas<\/h6>\n<h6><span style=\"color: #0099cd;\">Contenidos:<\/span><\/h6>\n<ul>\n<li>Gestionando cadenas de suministro.<\/li>\n<li>\u00bfC\u00f3mo elegir la estrategia apropiada?<\/li>\n<li>M\u00e9todos espec\u00edficos y etapas de madurez.<\/li>\n<li>Buenas Pr\u00e1cticas en la gesti\u00f3n de la cadena de suministro.<\/li>\n<li>Integraci\u00f3n vertical en la SC.<\/li>\n<li>Colaboraci\u00f3n entre fabricantes y distribuidores.<\/li>\n<li>Colaboraci\u00f3n horizontal en la SC.<\/li>\n<\/ul>\n<\/div><\/details><\/div>\n<div class=\"lightweight-accordion bordered has-text-color has-background\"><details><summary class=\"lightweight-accordion-title\" style=\"color:#ffffff;background:#0099cd;\"><span>M\u00f3dulo III - CLAVES LOG\u00cdSTICAS DEL SUPPLY CHAIN MANAGER (SCM)<\/span><\/summary><div class=\"lightweight-accordion-body\" style=\"border-color:#0099cd;\"><h6><span style=\"color: #0099cd;\">Objetivos espec\u00edficos: <\/span>Localizar las etapas log\u00edsticas claves del SCM dentro del modelo de gesti\u00f3n de la Empresa a trav\u00e9s del estudio de los distintos procesos que componen la cadena de producci\u00f3n, apuntando a la optimizaci\u00f3n de los niveles de competitividad de las organizaciones dentro del mercado.<\/h6>\n<h6><span style=\"color: #0099cd;\">Duraci\u00f3n: <\/span>07 horas<\/h6>\n<h6><span style=\"color: #0099cd;\">Contenidos:<\/span><\/h6>\n<ul>\n<li>Administraci\u00f3n de inventarios y compras.<\/li>\n<li>Distribuci\u00f3n y transporte de mercanc\u00edas.<\/li>\n<li>Planificaci\u00f3n y control de producci\u00f3n<\/li>\n<li>Administraci\u00f3n de la informaci\u00f3n.<\/li>\n<li>Gesti\u00f3n de la Distribuci\u00f3n F\u00edsica.<\/li>\n<\/ul>\n<\/div><\/details><\/div>\n<div class=\"lightweight-accordion bordered has-text-color has-background\"><details><summary class=\"lightweight-accordion-title\" style=\"color:#ffffff;background:#0099cd;\"><span>M\u00f3dulo IV - ESTUDIO DE CASOS DE ADMINISTRACI\u00d3N LOG\u00cdSTICA (SCM)<\/span><\/summary><div class=\"lightweight-accordion-body\" style=\"border-color:#0099cd;\"><h6><span style=\"color: #0099cd;\">Test Global<\/span><\/h6>\n<h6><span style=\"color: #0099cd;\">Objetivos espec\u00edficos: <\/span>Analizar situaciones y casos aplicables a la administraci\u00f3n y planificaci\u00f3n log\u00edstica de Supply Chain Manager (SCM) de las organizaciones.<\/h6>\n<h6><span style=\"color: #0099cd;\">Duraci\u00f3n: <\/span>07 horas<\/h6>\n<\/div><\/details><\/div>\n","protected":false},"excerpt":{"rendered":"<h2><span style=\"color: #0099cd;\">Resumen del Curso<\/span><\/h2>\n<hr \/>\n<p><img decoding=\"async\" class=\"alignnone size-full wp-image-333\" style=\"font-weight: inherit;\" src=\"https:\/\/linketeach.cl\/wp-content\/uploads\/2021\/07\/education_computer_school_graduate_cap_monitor_icon_149680.png\" alt=\"\" width=\"48\" height=\"48\" \/>32 horas &#8211; 4 m\u00f3dulos<\/p>\n<p><img decoding=\"async\" class=\"alignnone size-full wp-image-332\" src=\"https:\/\/linketeach.cl\/wp-content\/uploads\/2021\/07\/education_book_learn_learning_icon_149694.png\" alt=\"\" width=\"48\" height=\"48\" \/><a href=\"https:\/\/site.redlearning.cl\/wp-content\/uploads\/2022\/09\/C-SCM.pdf\" target=\"_blank\" rel=\"noopener\">Programa del Curso<\/a><\/p>\n<p><img decoding=\"async\" class=\"alignnone size-medium wp-image-335\" src=\"https:\/\/linketeach.cl\/wp-content\/uploads\/2021\/07\/notes_clipboard_icon_149712-1.png\" alt=\"\" width=\"48\" height=\"48\" \/>Evaluaci\u00f3n Final<\/p>\n<p><img loading=\"lazy\" decoding=\"async\" class=\"alignnone size-medium wp-image-334\" style=\"font-weight: inherit;\" src=\"https:\/\/linketeach.cl\/wp-content\/uploads\/2021\/07\/education_diploma_award_icon_149701.png\" alt=\"\" width=\"48\" height=\"48\" \/>Certificaci\u00f3n<\/p>\n","protected":false},"featured_media":12347,"template":"","meta":{"site-sidebar-layout":"no-sidebar","site-content-layout":"default","ast-site-content-layout":"default","site-content-style":"default","site-sidebar-style":"default","ast-global-header-display":"","ast-banner-title-visibility":"","ast-main-header-display":"","ast-hfb-above-header-display":"","ast-hfb-below-header-display":"","ast-hfb-mobile-header-display":"","site-post-title":"","ast-breadcrumbs-content":"","ast-featured-img":"","footer-sml-layout":"","ast-disable-related-posts":"","theme-transparent-header-meta":"default","adv-header-id-meta":"","stick-header-meta":"","header-above-stick-meta":"","header-main-stick-meta":"","header-below-stick-meta":"","astra-migrate-meta-layouts":"set","ast-page-background-enabled":"default","ast-page-background-meta":{"desktop":{"background-color":"","background-image":"","background-repeat":"repeat","background-position":"center center","background-size":"auto","background-attachment":"scroll","background-type":"","background-media":"","overlay-type":"","overlay-color":"","overlay-opacity":"","overlay-gradient":""},"tablet":{"background-color":"","background-image":"","background-repeat":"repeat","background-position":"center center","background-size":"auto","background-attachment":"scroll","background-type":"","background-media":"","overlay-type":"","overlay-color":"","overlay-opacity":"","overlay-gradient":""},"mobile":{"background-color":"","background-image":"","background-repeat":"repeat","background-position":"center center","background-size":"auto","background-attachment":"scroll","background-type":"","background-media":"","overlay-type":"","overlay-color":"","overlay-opacity":"","overlay-gradient":""}},"ast-content-background-meta":{"desktop":{"background-color":"var(--ast-global-color-5)","background-image":"","background-repeat":"repeat","background-position":"center center","background-size":"auto","background-attachment":"scroll","background-type":"","background-media":"","overlay-type":"","overlay-color":"","overlay-opacity":"","overlay-gradient":""},"tablet":{"background-color":"var(--ast-global-color-5)","background-image":"","background-repeat":"repeat","background-position":"center center","background-size":"auto","background-attachment":"scroll","background-type":"","background-media":"","overlay-type":"","overlay-color":"","overlay-opacity":"","overlay-gradient":""},"mobile":{"background-color":"var(--ast-global-color-5)","background-image":"","background-repeat":"repeat","background-position":"center center","background-size":"auto","background-attachment":"scroll","background-type":"","background-media":"","overlay-type":"","overlay-color":"","overlay-opacity":"","overlay-gradient":""}},"_joinchat":[]},"product_brand":[],"product_cat":[425],"product_tag":[],"class_list":{"0":"post-17542","1":"product","2":"type-product","3":"status-publish","4":"has-post-thumbnail","6":"product_cat-cursos","7":"desktop-align-left","8":"tablet-align-left","9":"mobile-align-left","11":"first","12":"instock","13":"sale","14":"downloadable","15":"virtual","16":"sold-individually","17":"purchasable","18":"product-type-simple"},"_links":{"self":[{"href":"https:\/\/site.redlearning.cl\/index.php?rest_route=\/wp\/v2\/product\/17542","targetHints":{"allow":["GET"]}}],"collection":[{"href":"https:\/\/site.redlearning.cl\/index.php?rest_route=\/wp\/v2\/product"}],"about":[{"href":"https:\/\/site.redlearning.cl\/index.php?rest_route=\/wp\/v2\/types\/product"}],"wp:featuredmedia":[{"embeddable":true,"href":"https:\/\/site.redlearning.cl\/index.php?rest_route=\/wp\/v2\/media\/12347"}],"wp:attachment":[{"href":"https:\/\/site.redlearning.cl\/index.php?rest_route=%2Fwp%2Fv2%2Fmedia&parent=17542"}],"wp:term":[{"taxonomy":"product_brand","embeddable":true,"href":"https:\/\/site.redlearning.cl\/index.php?rest_route=%2Fwp%2Fv2%2Fproduct_brand&post=17542"},{"taxonomy":"product_cat","embeddable":true,"href":"https:\/\/site.redlearning.cl\/index.php?rest_route=%2Fwp%2Fv2%2Fproduct_cat&post=17542"},{"taxonomy":"product_tag","embeddable":true,"href":"https:\/\/site.redlearning.cl\/index.php?rest_route=%2Fwp%2Fv2%2Fproduct_tag&post=17542"}],"curies":[{"name":"wp","href":"https:\/\/api.w.org\/{rel}","templated":true}]}}