{"id":17545,"date":"2024-04-24T21:18:36","date_gmt":"2024-04-25T00:18:36","guid":{"rendered":"https:\/\/site.redlearning.cl\/?post_type=product&#038;p=17545"},"modified":"2025-11-03T17:34:57","modified_gmt":"2025-11-03T20:34:57","slug":"curso-tecnicas-de-primeros-auxilios-y-rcp-basico-3","status":"publish","type":"product","link":"https:\/\/redlearning.cl\/producto\/curso-tecnicas-de-primeros-auxilios-y-rcp-basico-3\/","title":{"rendered":"Curso T\u00e9cnicas de Primeros Auxilios y RCP b\u00e1sico"},"content":{"rendered":"<p>Los Primeros Auxilios son las medidas b\u00e1sicas y fundamentales a seguir para la atenci\u00f3n de una persona con lesiones provocadas por un incidente, ya sea en el hogar o en la v\u00eda p\u00fablica, hasta que llegue la asistencia del servicio de emergencia o se realice el traslado a un lugar de atenci\u00f3n adecuado; esto con el fin de que las lesiones que ha sufrido no empeoren. Por lo anterior, tenemos que saber que estas maniobras ayudar\u00e1n a la sobre vida del paciente y no ser\u00e1 el tratamiento definitivo.<\/p>\n<h2><span style=\"color: #0099cd;\">Objetivo General<\/span><\/h2>\n<hr \/>\n<p>Al finalizar el curso, los participantes estar\u00e1n en condiciones de Aplicar t\u00e9cnicas de primeros auxilios, entregar atenci\u00f3n b\u00e1sica en el caso de accidentes, trasladar personas accidentadas en forma segura, realizar reanimaci\u00f3n Cardio-Respiratoria.<\/p>\n<h2><span style=\"color: #0099cd;\">Metodolog\u00eda<\/span><\/h2>\n<hr \/>\n<p>Modalidad 100% Online y a tu ritmo.\u00a0Comienza de inmediato, completa todas las actividades y descarga tu certificado.<\/p>\n<h2><span style=\"color: #0099cd;\">Temario<\/span><\/h2>\n<hr \/>\n<div class=\"lightweight-accordion bordered has-text-color has-background\"><details><summary class=\"lightweight-accordion-title\" style=\"color:#ffffff;background:#0099cd;\"><span>M\u00f3dulo I - Primeros auxilios <\/span><\/summary><div class=\"lightweight-accordion-body\" style=\"border-color:#0099cd;\"><h6><span style=\"color: #0099cd;\">Duraci\u00f3n: <\/span>12 horas<\/h6>\n<h6><span style=\"color: #0099cd;\">Contenidos:<\/span><\/h6>\n<ol>\n<li>Definici\u00f3n de Primeros Auxilios<\/li>\n<li>Principios fundamentales para el aprendizaje de los PP.AA<\/li>\n<li>Definici\u00f3n de Pulso, Respiraci\u00f3n y Temperatura<\/li>\n<li>Formas y Lugares de medici\u00f3n de signos vitales<\/li>\n<li>Registro e interpretaci\u00f3n de los signos vitales.<\/li>\n<li>Normas B\u00e1sicas de Actuaci\u00f3n ante una Emergencia:\n<ul>\n<li>\u00a0a. Lesiones en las Partes Blandas\n<ul>\n<li>i. Contusiones<\/li>\n<li>ii. Heridas y sus Tipos<\/li>\n<li>iii. H. Cortante, Punzante, Erosiva y Contusas<\/li>\n<\/ul>\n<\/li>\n<li>b. Hemorragias\n<ul>\n<li>i. Tipos de hemorragias.<\/li>\n<li>ii. Medidas de contenci\u00f3n de hemorragias.<\/li>\n<\/ul>\n<\/li>\n<li>c. Quemaduras\n<ul>\n<li>i. Tipos de Quemaduras y su manejo<\/li>\n<li>ii. Definici\u00f3n y Causas de Shock. Manejo de Shock<\/li>\n<\/ul>\n<\/li>\n<li>d. Intoxicaciones\n<ul>\n<li>i. Reconocimiento y Manejo<\/li>\n<\/ul>\n<\/li>\n<li>e. Accidentes Comunes<\/li>\n<li>i. Atragantamiento\n<ul>\n<li>ii. Picaduras y Mordeduras<\/li>\n<li>iii. Reconocimiento de fatigas, extenuaciones e insolaci\u00f3n.<\/li>\n<li>iv. Reconocimiento de lesiones por fr\u00edo: Hipotermia y congelamiento.<\/li>\n<li>v. Reconocimiento de la Epilepsia<\/li>\n<li>vi. Medidas de atenci\u00f3n primarias<\/li>\n<\/ul>\n<\/li>\n<li>f. Vendaje y Transporte de v\u00edctimas\n<ul>\n<li>i. Tipos de vendajes<\/li>\n<li>ii. T\u00e9cnicas de Traslado y Transporte de Victimas<\/li>\n<\/ul>\n<\/li>\n<\/ul>\n<\/li>\n<\/ol>\n<\/div><\/details><\/div>\n<div class=\"lightweight-accordion bordered has-text-color has-background\"><details><summary class=\"lightweight-accordion-title\" style=\"color:#ffffff;background:#0099cd;\"><span>M\u00f3dulo II - Resucitaci\u00f3n cardiopulmonar b\u00e1sica <\/span><\/summary><div class=\"lightweight-accordion-body\" style=\"border-color:#0099cd;\"><h6><span style=\"color: #0099cd;\">Duraci\u00f3n: <\/span>12 horas<\/h6>\n<h6><span style=\"color: #0099cd;\">Contenidos:<\/span><\/h6>\n<ol>\n<li>Introducci\u00f3n<\/li>\n<li>Definici\u00f3n y diagn\u00f3stico<\/li>\n<li>Justificaci\u00f3n de la necesidad de RCP. Consideraciones \u00e9ticas<\/li>\n<li>Resucitaci\u00f3n cardiopulmonar<\/li>\n<li>Inicio y fin de maniobras de RCP. Diferencias entre adultos y ni\u00f1os.<\/li>\n<\/ol>\n<\/div><\/details><\/div>\n<div class=\"lightweight-accordion bordered has-text-color has-background\"><details><summary class=\"lightweight-accordion-title\" style=\"color:#ffffff;background:#0099cd;\"><span>M\u00f3dulo Final - Evaluando lo aprendido<\/span><\/summary><div class=\"lightweight-accordion-body\" style=\"border-color:#0099cd;\"><h6><span style=\"color: #0099cd;\">Test Global<br \/>\n<\/span><\/h6>\n<h6><span style=\"color: #0099cd;\">Duraci\u00f3n: <\/span>02 horas<\/h6>\n<\/div><\/details><\/div>\n","protected":false},"excerpt":{"rendered":"<p><span style=\"color: #0099cd;\">Resumen del Curso<\/span><\/p>\n<hr \/>\n<p><img decoding=\"async\" class=\"alignnone size-full wp-image-333\" style=\"font-weight: inherit;\" src=\"https:\/\/linketeach.cl\/wp-content\/uploads\/2021\/07\/education_computer_school_graduate_cap_monitor_icon_149680.png\" alt=\"\" width=\"48\" height=\"48\" \/>26 horas &#8211; 3 m\u00f3dulos<\/p>\n<p><img decoding=\"async\" class=\"alignnone size-full wp-image-332\" src=\"https:\/\/linketeach.cl\/wp-content\/uploads\/2021\/07\/education_book_learn_learning_icon_149694.png\" alt=\"\" width=\"48\" height=\"48\" \/><a href=\"https:\/\/site.redlearning.cl\/wp-content\/uploads\/2022\/06\/Tecnicas-de-Primeros-Auxilios-y-RCP-basico.pdf\" target=\"_blank\" rel=\"noopener\">Programa del Curso<\/a><\/p>\n<p><img decoding=\"async\" class=\"alignnone size-medium wp-image-335\" src=\"https:\/\/linketeach.cl\/wp-content\/uploads\/2021\/07\/notes_clipboard_icon_149712-1.png\" alt=\"\" width=\"48\" height=\"48\" \/>Evaluaci\u00f3n Final<\/p>\n<p><img loading=\"lazy\" decoding=\"async\" class=\"alignnone size-medium wp-image-334\" style=\"font-weight: inherit;\" src=\"https:\/\/linketeach.cl\/wp-content\/uploads\/2021\/07\/education_diploma_award_icon_149701.png\" alt=\"\" width=\"48\" height=\"48\" \/>Certificaci\u00f3n<\/p>\n","protected":false},"featured_media":11817,"template":"","meta":{"site-sidebar-layout":"no-sidebar","site-content-layout":"default","ast-site-content-layout":"default","site-content-style":"default","site-sidebar-style":"default","ast-global-header-display":"","ast-banner-title-visibility":"","ast-main-header-display":"","ast-hfb-above-header-display":"","ast-hfb-below-header-display":"","ast-hfb-mobile-header-display":"","site-post-title":"","ast-breadcrumbs-content":"","ast-featured-img":"","footer-sml-layout":"","ast-disable-related-posts":"","theme-transparent-header-meta":"default","adv-header-id-meta":"","stick-header-meta":"","header-above-stick-meta":"","header-main-stick-meta":"","header-below-stick-meta":"","astra-migrate-meta-layouts":"set","ast-page-background-enabled":"default","ast-page-background-meta":{"desktop":{"background-color":"","background-image":"","background-repeat":"repeat","background-position":"center center","background-size":"auto","background-attachment":"scroll","background-type":"","background-media":"","overlay-type":"","overlay-color":"","overlay-opacity":"","overlay-gradient":""},"tablet":{"background-color":"","background-image":"","background-repeat":"repeat","background-position":"center center","background-size":"auto","background-attachment":"scroll","background-type":"","background-media":"","overlay-type":"","overlay-color":"","overlay-opacity":"","overlay-gradient":""},"mobile":{"background-color":"","background-image":"","background-repeat":"repeat","background-position":"center center","background-size":"auto","background-attachment":"scroll","background-type":"","background-media":"","overlay-type":"","overlay-color":"","overlay-opacity":"","overlay-gradient":""}},"ast-content-background-meta":{"desktop":{"background-color":"var(--ast-global-color-5)","background-image":"","background-repeat":"repeat","background-position":"center center","background-size":"auto","background-attachment":"scroll","background-type":"","background-media":"","overlay-type":"","overlay-color":"","overlay-opacity":"","overlay-gradient":""},"tablet":{"background-color":"var(--ast-global-color-5)","background-image":"","background-repeat":"repeat","background-position":"center center","background-size":"auto","background-attachment":"scroll","background-type":"","background-media":"","overlay-type":"","overlay-color":"","overlay-opacity":"","overlay-gradient":""},"mobile":{"background-color":"var(--ast-global-color-5)","background-image":"","background-repeat":"repeat","background-position":"center center","background-size":"auto","background-attachment":"scroll","background-type":"","background-media":"","overlay-type":"","overlay-color":"","overlay-opacity":"","overlay-gradient":""}},"_joinchat":[]},"product_brand":[],"product_cat":[425],"product_tag":[],"class_list":{"0":"post-17545","1":"product","2":"type-product","3":"status-publish","4":"has-post-thumbnail","6":"product_cat-cursos","7":"desktop-align-left","8":"tablet-align-left","9":"mobile-align-left","11":"first","12":"instock","13":"sale","14":"downloadable","15":"virtual","16":"sold-individually","17":"purchasable","18":"product-type-simple"},"_links":{"self":[{"href":"https:\/\/redlearning.cl\/wp-json\/wp\/v2\/product\/17545","targetHints":{"allow":["GET"]}}],"collection":[{"href":"https:\/\/redlearning.cl\/wp-json\/wp\/v2\/product"}],"about":[{"href":"https:\/\/redlearning.cl\/wp-json\/wp\/v2\/types\/product"}],"wp:featuredmedia":[{"embeddable":true,"href":"https:\/\/redlearning.cl\/wp-json\/wp\/v2\/media\/11817"}],"wp:attachment":[{"href":"https:\/\/redlearning.cl\/wp-json\/wp\/v2\/media?parent=17545"}],"wp:term":[{"taxonomy":"product_brand","embeddable":true,"href":"https:\/\/redlearning.cl\/wp-json\/wp\/v2\/product_brand?post=17545"},{"taxonomy":"product_cat","embeddable":true,"href":"https:\/\/redlearning.cl\/wp-json\/wp\/v2\/product_cat?post=17545"},{"taxonomy":"product_tag","embeddable":true,"href":"https:\/\/redlearning.cl\/wp-json\/wp\/v2\/product_tag?post=17545"}],"curies":[{"name":"wp","href":"https:\/\/api.w.org\/{rel}","templated":true}]}}