{"id":17559,"date":"2024-04-25T16:24:44","date_gmt":"2024-04-25T19:24:44","guid":{"rendered":"https:\/\/site.redlearning.cl\/?post_type=product&#038;p=17559"},"modified":"2025-11-03T17:34:25","modified_gmt":"2025-11-03T20:34:25","slug":"curso-discapacidad-desafios-para-la-red-asistencial-4","status":"publish","type":"product","link":"https:\/\/site.redlearning.cl\/?product=curso-discapacidad-desafios-para-la-red-asistencial-4","title":{"rendered":"Curso Discapacidad: Desaf\u00edos para la Red Asistencial"},"content":{"rendered":"<p>Actualmente, Chile cuenta con una nueva base estad\u00edstica en Discapacidad, liderada por el INE; de acuerdo a esto, al momento, se hab\u00eda registrado principalmente la deficiencia en sus grados severos, y en la mayor\u00eda de los casos solo a trav\u00e9s de una pregunta CENSO. En ese sentido, es importante mencionar que la discapacidad no se ha estudiado de la mejor manera. As\u00ed y con todo, por d\u00e9cadas, el paradigma de la rehabilitaci\u00f3n de la discapacidad y los enfoques biom\u00e9dicos centraron los esfuerzos principalmente en la provisi\u00f3n de servicios, hoy es importante buscar los accesos justos y oportunos, enmarcado en la autonom\u00eda y en los Derechos Humanos.<\/p>\n<p>S\u00f3lo como bot\u00f3n de muestra, la ENDISC entrega informaci\u00f3n nacional y regional en la cual es posible observar que la mitad de la poblaci\u00f3n con discapacidad se concentra mayoritariamente en las regiones Metropolitana y del Bio B\u00edo, y que las mayores tasas regionales se encuentran en el Maule y la Araucan\u00eda. Por otro lado, la accesibilidad tambi\u00e9n representa un gran desaf\u00edo para el Chile actual, las barreras f\u00edsicas y\/o arquitect\u00f3nicas, sociales y tecnol\u00f3gicas debieran constituir un aspecto important\u00edsimo a considerar en la planificaci\u00f3n de programas y acciones gubernamentales y en instituciones \/organismos privados.<\/p>\n<p>Es importante que la formaci\u00f3n promueve la integraci\u00f3n de las diversas disciplinas al interior de la red asistencial, para transformarse en \u00e1mbitos relevantes para planificar y desarrollar programas y acciones m\u00e1s certeras. Bajo este escenario, es que representa un paso significativo los nuevos enfoques de atenci\u00f3n a personas que padecen alguna discapacidad, tanto para el\/ella como para sus familias y\/o cuidadores.<\/p>\n<h2><span style=\"color: #0099cd;\">Objetivo General<\/span><\/h2>\n<hr \/>\n<p>Aplicar los fundamentos te\u00f3ricos con un enfoque de derechos humanos en discapacidad, en la red asistencial, con el fin de generar y promover una atenci\u00f3n de calidad e inclusiva con la sociedad.<\/p>\n<h2><span style=\"color: #0099cd;\">Metodolog\u00eda<\/span><\/h2>\n<hr \/>\n<p>Modalidad 100% Online y a tu ritmo.\u00a0Comienza de inmediato, completa todas las actividades y descarga tu certificado.<\/p>\n<h2><span style=\"color: #0099cd;\">Temario<\/span><\/h2>\n<hr \/>\n<div class=\"lightweight-accordion bordered has-text-color has-background\"><details><summary class=\"lightweight-accordion-title\" style=\"color:#ffffff;background:#0099cd;\"><span>M\u00f3dulo I - Aspectos generales<\/span><\/summary><div class=\"lightweight-accordion-body\" style=\"border-color:#0099cd;\"><h6><span style=\"color: #0099cd;\">Objetivos espec\u00edficos: <\/span>Examinar los fundamentos te\u00f3ricos de la discapacidad en el contexto Global y nacional con el enfoque de Derechos Humanos.<\/h6>\n<h6><span style=\"color: #0099cd;\">Duraci\u00f3n: <\/span>15 horas<\/h6>\n<h6><span style=\"color: #0099cd;\">Contenidos:<\/span><\/h6>\n<ul>\n<li>La Discapacidad en el mundo actual y en Chile: prevalencia e incidencia, impacto social<\/li>\n<li>Salud, Enfermedad, Deficiencia. Discapacidad y Rehabilitaci\u00f3n. Derechos Humanos. Concepto.<\/li>\n<li>Tipos de discapacidad y sus principales causas: f\u00edsica, mental y sensorial.<\/li>\n<\/ul>\n<\/div><\/details><\/div>\n<div class=\"lightweight-accordion bordered has-text-color has-background\"><details><summary class=\"lightweight-accordion-title\" style=\"color:#ffffff;background:#0099cd;\"><span>M\u00f3dulo II - Situaci\u00f3n en Chile: Marco Legal<\/span><\/summary><div class=\"lightweight-accordion-body\" style=\"border-color:#0099cd;\"><h6><span style=\"color: #0099cd;\">Objetivos espec\u00edficos: <\/span>Conocer los Programas, lineamientos y acciones gubernamentales para personas con discapacidad en la realidad chilena del siglo XXI.<\/h6>\n<h6><span style=\"color: #0099cd;\">Duraci\u00f3n: <\/span>15 horas<\/h6>\n<h6><span style=\"color: #0099cd;\">Contenidos:<\/span><\/h6>\n<ul>\n<li>Maltrato y discriminaci\u00f3n social a personas con discapacidad en el mundo y en Chile.<\/li>\n<li>Leyes chilenas de protecci\u00f3n al discapacitado.<\/li>\n<li>Programas y servicios nacionales para pacientes discapacitados.<\/li>\n<\/ul>\n<\/div><\/details><\/div>\n<div class=\"lightweight-accordion bordered has-text-color has-background\"><details><summary class=\"lightweight-accordion-title\" style=\"color:#ffffff;background:#0099cd;\"><span>M\u00f3dulo III - Discapacidad y Atenci\u00f3n M\u00e9dica<\/span><\/summary><div class=\"lightweight-accordion-body\" style=\"border-color:#0099cd;\"><h6><span style=\"color: #0099cd;\">Objetivos espec\u00edficos: <\/span>Analizar las redes de relaci\u00f3n entre las diversas instituciones de salud del pa\u00eds y sus equipos de atenci\u00f3n primaria y los aspectos que estos consideran, tales como, la evaluaci\u00f3n integral, rehabilitaci\u00f3n y atenci\u00f3n de calidad.<\/h6>\n<h6><span style=\"color: #0099cd;\">Duraci\u00f3n: <\/span>15 horas<\/h6>\n<h6><span style=\"color: #0099cd;\">Contenidos:<\/span><\/h6>\n<ul>\n<li>Equipo de salud en atenci\u00f3n primaria: Rol elemental del equipo de salud en la prevenci\u00f3n de discapacidades: Prevenci\u00f3n: primaria, secundaria y terciaria de los pacientes.<\/li>\n<li>Importancia de la interrelaci\u00f3n atenci\u00f3n primaria, centros de rehabilitaci\u00f3n y comunidad en la rehabilitaci\u00f3n de los pacientes con discapacidades.<\/li>\n<li>Centros de Rehabilitaci\u00f3n: Rehabilitaci\u00f3n F\u00cdSICA: Evaluaci\u00f3n integral del paciente con discapacidad f\u00edsica-motora (escalas). Objetivos y principales labores de rehabilitaci\u00f3n f\u00edsica a patolog\u00edas pedi\u00e1tricas (par\u00e1lisis, distrofias, enfermedades respiratorias, fibrosis qu\u00edstica, malformaciones, etc. y de adultos (ECV, Amputaciones, enfermedades cardiovasculares, respiratorias, \u00f3seas y reumatol\u00f3gicas, etc.).<\/li>\n<li>Rehabilitaci\u00f3n SENSORIAL: Evaluaci\u00f3n integral al paciente con d\u00e9ficit sensorial (escalas): hipoacusia, sordera, ceguera total y parcial. Objetivos y principales labores de Rehabilitaci\u00f3n sensorial tanto en pediatr\u00eda como en adultos.<\/li>\n<li>Rehabilitaci\u00f3n SOCIAL: Evaluaci\u00f3n integral al paciente con problemas sociales (escalas). Objetivos y principales labores de rehabilitaci\u00f3n social para delincuencia juvenil, la drogadicci\u00f3n y criminalidad.<\/li>\n<li>Rehabilitaci\u00f3n en patolog\u00edas mentales. Valoraci\u00f3n integral del paciente con enfermedades mentales Retraso mental y demencia (escalas). Objetivos y principales labores de rehabilitaci\u00f3n.<\/li>\n<\/ul>\n<\/div><\/details><\/div>\n<div class=\"lightweight-accordion bordered has-text-color has-background\"><details><summary class=\"lightweight-accordion-title\" style=\"color:#ffffff;background:#0099cd;\"><span>M\u00f3dulo IV - Familia y Discapacitados<\/span><\/summary><div class=\"lightweight-accordion-body\" style=\"border-color:#0099cd;\"><h6><span style=\"color: #0099cd;\">Objetivos espec\u00edficos: <\/span>Identificar los roles de los cuidadores de personas con discapacidad, logrando identificar a tiempo los aspectos que puedan repercutir en su bienestar y salud.<\/h6>\n<h6><span style=\"color: #0099cd;\">Duraci\u00f3n: <\/span>15 horas<\/h6>\n<h6><span style=\"color: #0099cd;\">Contenidos:<\/span><\/h6>\n<ul>\n<li>Discapacidad y repercusi\u00f3n en la familia.<\/li>\n<li>Identificaci\u00f3n de sobrecarga en las familias con pacientes discapacitados.<\/li>\n<li>V\u00edas formales y no formales de ayuda a las familias con pacientes discapacitados. Intersectorialidad.<\/li>\n<li>Tecnolog\u00edas y dispositivos de apoyo para pacientes con discapacidades.<\/li>\n<li>Discapacitados sin familia<\/li>\n<\/ul>\n<\/div><\/details><\/div>\n<div class=\"lightweight-accordion bordered has-text-color has-background\"><details><summary class=\"lightweight-accordion-title\" style=\"color:#ffffff;background:#0099cd;\"><span>M\u00f3dulo Final<\/span><\/summary><div class=\"lightweight-accordion-body\" style=\"border-color:#0099cd;\"><h6><span style=\"color: #0099cd;\">TEST GLOBAL<\/span><\/h6>\n<h6><\/h6>\n<\/div><\/details><\/div><\/h6>\n","protected":false},"excerpt":{"rendered":"<h2><span style=\"color: #0099cd;\">Resumen del Curso<\/span><\/h2>\n<hr \/>\n<p><img decoding=\"async\" class=\"alignnone size-full wp-image-333\" style=\"font-weight: inherit;\" src=\"https:\/\/linketeach.cl\/wp-content\/uploads\/2021\/07\/education_computer_school_graduate_cap_monitor_icon_149680.png\" alt=\"\" width=\"48\" height=\"48\" \/>80 horas &#8211; 5 m\u00f3dulos<\/p>\n<p><img decoding=\"async\" class=\"alignnone size-full wp-image-332\" src=\"https:\/\/linketeach.cl\/wp-content\/uploads\/2021\/07\/education_book_learn_learning_icon_149694.png\" alt=\"\" width=\"48\" height=\"48\" \/><a href=\"https:\/\/site.redlearning.cl\/wp-content\/uploads\/2023\/02\/auto-c-discapacidaddesafiosparalaredasistencial.pdf\" target=\"_blank\" rel=\"noopener\">Programa del Curso<\/a><\/p>\n<p><img decoding=\"async\" class=\"alignnone size-medium wp-image-335\" src=\"https:\/\/linketeach.cl\/wp-content\/uploads\/2021\/07\/notes_clipboard_icon_149712-1.png\" alt=\"\" width=\"48\" height=\"48\" \/>Evaluaci\u00f3n Final<\/p>\n<p><img loading=\"lazy\" decoding=\"async\" class=\"alignnone size-medium wp-image-334\" style=\"font-weight: inherit;\" src=\"https:\/\/linketeach.cl\/wp-content\/uploads\/2021\/07\/education_diploma_award_icon_149701.png\" alt=\"\" width=\"48\" height=\"48\" \/>Certificaci\u00f3n<\/p>\n","protected":false},"featured_media":14053,"template":"","meta":{"site-sidebar-layout":"no-sidebar","site-content-layout":"default","ast-site-content-layout":"default","site-content-style":"default","site-sidebar-style":"default","ast-global-header-display":"","ast-banner-title-visibility":"","ast-main-header-display":"","ast-hfb-above-header-display":"","ast-hfb-below-header-display":"","ast-hfb-mobile-header-display":"","site-post-title":"","ast-breadcrumbs-content":"","ast-featured-img":"","footer-sml-layout":"","ast-disable-related-posts":"","theme-transparent-header-meta":"default","adv-header-id-meta":"","stick-header-meta":"","header-above-stick-meta":"","header-main-stick-meta":"","header-below-stick-meta":"","astra-migrate-meta-layouts":"set","ast-page-background-enabled":"default","ast-page-background-meta":{"desktop":{"background-color":"","background-image":"","background-repeat":"repeat","background-position":"center center","background-size":"auto","background-attachment":"scroll","background-type":"","background-media":"","overlay-type":"","overlay-color":"","overlay-opacity":"","overlay-gradient":""},"tablet":{"background-color":"","background-image":"","background-repeat":"repeat","background-position":"center center","background-size":"auto","background-attachment":"scroll","background-type":"","background-media":"","overlay-type":"","overlay-color":"","overlay-opacity":"","overlay-gradient":""},"mobile":{"background-color":"","background-image":"","background-repeat":"repeat","background-position":"center center","background-size":"auto","background-attachment":"scroll","background-type":"","background-media":"","overlay-type":"","overlay-color":"","overlay-opacity":"","overlay-gradient":""}},"ast-content-background-meta":{"desktop":{"background-color":"var(--ast-global-color-5)","background-image":"","background-repeat":"repeat","background-position":"center center","background-size":"auto","background-attachment":"scroll","background-type":"","background-media":"","overlay-type":"","overlay-color":"","overlay-opacity":"","overlay-gradient":""},"tablet":{"background-color":"var(--ast-global-color-5)","background-image":"","background-repeat":"repeat","background-position":"center center","background-size":"auto","background-attachment":"scroll","background-type":"","background-media":"","overlay-type":"","overlay-color":"","overlay-opacity":"","overlay-gradient":""},"mobile":{"background-color":"var(--ast-global-color-5)","background-image":"","background-repeat":"repeat","background-position":"center center","background-size":"auto","background-attachment":"scroll","background-type":"","background-media":"","overlay-type":"","overlay-color":"","overlay-opacity":"","overlay-gradient":""}},"_joinchat":[]},"product_brand":[],"product_cat":[425],"product_tag":[],"class_list":{"0":"post-17559","1":"product","2":"type-product","3":"status-publish","4":"has-post-thumbnail","6":"product_cat-cursos","7":"desktop-align-left","8":"tablet-align-left","9":"mobile-align-left","11":"first","12":"instock","13":"sale","14":"downloadable","15":"virtual","16":"sold-individually","17":"purchasable","18":"product-type-simple"},"_links":{"self":[{"href":"https:\/\/site.redlearning.cl\/index.php?rest_route=\/wp\/v2\/product\/17559","targetHints":{"allow":["GET"]}}],"collection":[{"href":"https:\/\/site.redlearning.cl\/index.php?rest_route=\/wp\/v2\/product"}],"about":[{"href":"https:\/\/site.redlearning.cl\/index.php?rest_route=\/wp\/v2\/types\/product"}],"wp:featuredmedia":[{"embeddable":true,"href":"https:\/\/site.redlearning.cl\/index.php?rest_route=\/wp\/v2\/media\/14053"}],"wp:attachment":[{"href":"https:\/\/site.redlearning.cl\/index.php?rest_route=%2Fwp%2Fv2%2Fmedia&parent=17559"}],"wp:term":[{"taxonomy":"product_brand","embeddable":true,"href":"https:\/\/site.redlearning.cl\/index.php?rest_route=%2Fwp%2Fv2%2Fproduct_brand&post=17559"},{"taxonomy":"product_cat","embeddable":true,"href":"https:\/\/site.redlearning.cl\/index.php?rest_route=%2Fwp%2Fv2%2Fproduct_cat&post=17559"},{"taxonomy":"product_tag","embeddable":true,"href":"https:\/\/site.redlearning.cl\/index.php?rest_route=%2Fwp%2Fv2%2Fproduct_tag&post=17559"}],"curies":[{"name":"wp","href":"https:\/\/api.w.org\/{rel}","templated":true}]}}