{"id":17571,"date":"2024-04-25T17:06:39","date_gmt":"2024-04-25T20:06:39","guid":{"rendered":"https:\/\/site.redlearning.cl\/?post_type=product&#038;p=17571"},"modified":"2025-11-03T17:34:24","modified_gmt":"2025-11-03T20:34:24","slug":"curso-bases-conceptuales-de-salud-publica-3","status":"publish","type":"product","link":"https:\/\/site.redlearning.cl\/?product=curso-bases-conceptuales-de-salud-publica-3","title":{"rendered":"Curso Bases Conceptuales de Salud P\u00fablica"},"content":{"rendered":"<p>Gen\u00e9ricamente, la salud p\u00fablica se ha definido como la disciplina encargada de la protecci\u00f3n de la salud a nivel poblacional, buscando la mejora continua de las condiciones de salud de las comunidades. Por otro lado, seg\u00fan la OCDE, los desaf\u00edos en salud p\u00fablica que Chile est\u00e1 enfrentado, podr\u00edan tensionar cualquier sistema de salud. Algunos factores que inciden en dicha aseveraci\u00f3n son el consumo acrecentado del alcohol, la alta tasa de fumadores, as\u00ed como la mortalidad por c\u00e1ncer, en relaci\u00f3n a su incidencia. Sin embargo, y a pesar de lo anterior; el mayor desaf\u00edo de Chile, es que el 25,1% de los adultos son obesos y el 39% de los ni\u00f1os(as) la presentan, o tiene sobrepeso.<\/p>\n<p>Considerando el escenario anterior, es que se ha introducido un paquete integral de pol\u00edticas dise\u00f1adas para mejorar el estado de salud de los chilenos, y promover la calidad de vida saludable y activa. Una de estas iniciativas, tiene relaci\u00f3n con la introducci\u00f3n del esquema de etiquetado de alimentos envasados. Para comenzar a conocer los resultados de esta iniciativa o de otras, se debe aplicar la riguridad y planificaci\u00f3n estrat\u00e9gica de los programas implementados; lo cual repercute indudablemente en la formaci\u00f3n de los profesionales de la salud, y desde luego, de otras \u00e1reas con mayor o menor incidencia en la promoci\u00f3n de la vida saludable.<\/p>\n<p>Siguiendo esta l\u00ednea, la presente formaci\u00f3n pretende desarrollar y fortalecer las competencias de reflexi\u00f3n y an\u00e1lisis de las bases te\u00f3ricas y\/o conceptuales de la salud p\u00fablica global y nacional, en relaci\u00f3n al contexto actual; de esa manera, aportar con la prevenci\u00f3n y promoci\u00f3n de la salud chilena a los pacientes, mejorando as\u00ed, la alfabetizaci\u00f3n en salud de los ciudadanos.<\/p>\n<h2><span style=\"color: #0099cd;\">Objetivo General<\/span><\/h2>\n<hr \/>\n<p>Fortalecer competencias anal\u00edticas, de reflexi\u00f3n y aproximaci\u00f3n al conocimiento de las bases te\u00f3ricas de la salud p\u00fablica y los fundamentos de la salud p\u00fablica basada en evidencia, aplicadas al contexto nacional y con una perspectiva internacional.<\/p>\n<h2><span style=\"color: #0099cd;\">Metodolog\u00eda<\/span><\/h2>\n<hr \/>\n<p>Modalidad 100% Online y a tu ritmo.\u00a0Comienza de inmediato, completa todas las actividades y descarga tu certificado.<\/p>\n<h2><span style=\"color: #0099cd;\">Temario<\/span><\/h2>\n<hr \/>\n<div class=\"lightweight-accordion bordered has-text-color has-background\"><details><summary class=\"lightweight-accordion-title\" style=\"color:#ffffff;background:#0099cd;\"><span>M\u00f3dulo I - Introducci\u00f3n a la salud p\u00fablica<\/span><\/summary><div class=\"lightweight-accordion-body\" style=\"border-color:#0099cd;\"><h6><span style=\"color: #0099cd;\">Objetivos espec\u00edficos: <\/span>Reconocer la base te\u00f3rico-metodol\u00f3gica de la salud p\u00fablica, con un \u00e9nfasis<br \/>\nen actividades que ayudan al pensamiento l\u00f3gico y el razonamiento cient\u00edfico.<\/h6>\n<h6><span style=\"color: #0099cd;\">Duraci\u00f3n: <\/span>20 horas<\/h6>\n<h6><span style=\"color: #0099cd;\">Contenidos:<\/span><\/h6>\n<ul>\n<li>Historia de la salud p\u00fablica.<\/li>\n<li>Teor\u00edas, modelos y paradigmas de la salud p\u00fablica contempor\u00e1nea.<\/li>\n<\/ul>\n<\/div><\/details><\/div>\n<div class=\"lightweight-accordion bordered has-text-color has-background\"><details><summary class=\"lightweight-accordion-title\" style=\"color:#ffffff;background:#0099cd;\"><span>M\u00f3dulo II - Contexto global de la salud p\u00fablica<\/span><\/summary><div class=\"lightweight-accordion-body\" style=\"border-color:#0099cd;\"><h6><span style=\"color: #0099cd;\">Objetivos espec\u00edficos: <\/span>Conocer el contexto contempor\u00e1neo de la salud p\u00fablica global, su evoluci\u00f3n e impacto en nuestro pa\u00eds; acentuando en la relaci\u00f3n entre el gobierno y los sistemas de salud.<\/h6>\n<h6><span style=\"color: #0099cd;\">Duraci\u00f3n: <\/span>25 horas<\/h6>\n<h6><span style=\"color: #0099cd;\">Contenidos:<\/span><\/h6>\n<ul>\n<li>Evoluci\u00f3n e institucionalidad<\/li>\n<li>Regulaciones internacionales<\/li>\n<li>Problem\u00e1ticas sanitarias en el mundo<\/li>\n<\/ul>\n<\/div><\/details><\/div>\n<div class=\"lightweight-accordion bordered has-text-color has-background\"><details><summary class=\"lightweight-accordion-title\" style=\"color:#ffffff;background:#0099cd;\"><span>M\u00f3dulo III - Chile y salud p\u00fablica: Desaf\u00edos<\/span><\/summary><div class=\"lightweight-accordion-body\" style=\"border-color:#0099cd;\"><h6><span style=\"color: #0099cd;\">Objetivos espec\u00edficos: <\/span>Describir el acceso y oportunidad de atenci\u00f3n a la poblaci\u00f3n a cargo, mediante la individualizaci\u00f3n<br \/>\nde las \u00e1reas de mejora factibles de implementar en la realidad local.<\/h6>\n<h6><span style=\"color: #0099cd;\">Duraci\u00f3n: <\/span>25 horas<\/h6>\n<h6><span style=\"color: #0099cd;\">Contenidos:<\/span><\/h6>\n<ul>\n<li>Funciones e importancia de la salud p\u00fablica chilena<\/li>\n<li>Programas y pol\u00edticas<\/li>\n<li>Desaf\u00edos de la salud p\u00fablica en Chile<\/li>\n<li>T\u00f3picos de salud p\u00fablica<\/li>\n<\/ul>\n<\/div><\/details><\/div>\n<div class=\"lightweight-accordion bordered has-text-color has-background\"><details><summary class=\"lightweight-accordion-title\" style=\"color:#ffffff;background:#0099cd;\"><span>M\u00f3dulo Final<\/span><\/summary><div class=\"lightweight-accordion-body\" style=\"border-color:#0099cd;\"><h6><span style=\"color: #0099cd;\">TEST GLOBAL<br \/>\n<\/span><\/h6>\n<\/div><\/details><\/div>\n","protected":false},"excerpt":{"rendered":"<h2><span style=\"color: #0099cd;\">Resumen del Curso<\/span><\/h2>\n<hr \/>\n<p><img decoding=\"async\" class=\"alignnone size-full wp-image-333\" style=\"font-weight: inherit;\" src=\"https:\/\/linketeach.cl\/wp-content\/uploads\/2021\/07\/education_computer_school_graduate_cap_monitor_icon_149680.png\" alt=\"\" width=\"48\" height=\"48\" \/>80 horas &#8211; 4 m\u00f3dulos<\/p>\n<p><img decoding=\"async\" class=\"alignnone size-medium wp-image-335\" src=\"https:\/\/linketeach.cl\/wp-content\/uploads\/2021\/07\/notes_clipboard_icon_149712-1.png\" alt=\"\" width=\"48\" height=\"48\" \/>Evaluaci\u00f3n Final<\/p>\n<p><img decoding=\"async\" class=\"alignnone size-medium wp-image-334\" style=\"font-weight: inherit;\" src=\"https:\/\/linketeach.cl\/wp-content\/uploads\/2021\/07\/education_diploma_award_icon_149701.png\" alt=\"\" width=\"48\" height=\"48\" \/>Certificaci\u00f3n<\/p>\n","protected":false},"featured_media":10407,"template":"","meta":{"site-sidebar-layout":"no-sidebar","site-content-layout":"default","ast-site-content-layout":"default","site-content-style":"default","site-sidebar-style":"default","ast-global-header-display":"","ast-banner-title-visibility":"","ast-main-header-display":"","ast-hfb-above-header-display":"","ast-hfb-below-header-display":"","ast-hfb-mobile-header-display":"","site-post-title":"","ast-breadcrumbs-content":"","ast-featured-img":"","footer-sml-layout":"","ast-disable-related-posts":"","theme-transparent-header-meta":"default","adv-header-id-meta":"","stick-header-meta":"","header-above-stick-meta":"","header-main-stick-meta":"","header-below-stick-meta":"","astra-migrate-meta-layouts":"set","ast-page-background-enabled":"default","ast-page-background-meta":{"desktop":{"background-color":"","background-image":"","background-repeat":"repeat","background-position":"center center","background-size":"auto","background-attachment":"scroll","background-type":"","background-media":"","overlay-type":"","overlay-color":"","overlay-opacity":"","overlay-gradient":""},"tablet":{"background-color":"","background-image":"","background-repeat":"repeat","background-position":"center center","background-size":"auto","background-attachment":"scroll","background-type":"","background-media":"","overlay-type":"","overlay-color":"","overlay-opacity":"","overlay-gradient":""},"mobile":{"background-color":"","background-image":"","background-repeat":"repeat","background-position":"center center","background-size":"auto","background-attachment":"scroll","background-type":"","background-media":"","overlay-type":"","overlay-color":"","overlay-opacity":"","overlay-gradient":""}},"ast-content-background-meta":{"desktop":{"background-color":"var(--ast-global-color-5)","background-image":"","background-repeat":"repeat","background-position":"center center","background-size":"auto","background-attachment":"scroll","background-type":"","background-media":"","overlay-type":"","overlay-color":"","overlay-opacity":"","overlay-gradient":""},"tablet":{"background-color":"var(--ast-global-color-5)","background-image":"","background-repeat":"repeat","background-position":"center center","background-size":"auto","background-attachment":"scroll","background-type":"","background-media":"","overlay-type":"","overlay-color":"","overlay-opacity":"","overlay-gradient":""},"mobile":{"background-color":"var(--ast-global-color-5)","background-image":"","background-repeat":"repeat","background-position":"center center","background-size":"auto","background-attachment":"scroll","background-type":"","background-media":"","overlay-type":"","overlay-color":"","overlay-opacity":"","overlay-gradient":""}},"_joinchat":[]},"product_brand":[],"product_cat":[425],"product_tag":[],"class_list":{"0":"post-17571","1":"product","2":"type-product","3":"status-publish","4":"has-post-thumbnail","6":"product_cat-cursos","7":"desktop-align-left","8":"tablet-align-left","9":"mobile-align-left","11":"first","12":"instock","13":"sale","14":"downloadable","15":"virtual","16":"sold-individually","17":"purchasable","18":"product-type-simple"},"_links":{"self":[{"href":"https:\/\/site.redlearning.cl\/index.php?rest_route=\/wp\/v2\/product\/17571","targetHints":{"allow":["GET"]}}],"collection":[{"href":"https:\/\/site.redlearning.cl\/index.php?rest_route=\/wp\/v2\/product"}],"about":[{"href":"https:\/\/site.redlearning.cl\/index.php?rest_route=\/wp\/v2\/types\/product"}],"wp:featuredmedia":[{"embeddable":true,"href":"https:\/\/site.redlearning.cl\/index.php?rest_route=\/wp\/v2\/media\/10407"}],"wp:attachment":[{"href":"https:\/\/site.redlearning.cl\/index.php?rest_route=%2Fwp%2Fv2%2Fmedia&parent=17571"}],"wp:term":[{"taxonomy":"product_brand","embeddable":true,"href":"https:\/\/site.redlearning.cl\/index.php?rest_route=%2Fwp%2Fv2%2Fproduct_brand&post=17571"},{"taxonomy":"product_cat","embeddable":true,"href":"https:\/\/site.redlearning.cl\/index.php?rest_route=%2Fwp%2Fv2%2Fproduct_cat&post=17571"},{"taxonomy":"product_tag","embeddable":true,"href":"https:\/\/site.redlearning.cl\/index.php?rest_route=%2Fwp%2Fv2%2Fproduct_tag&post=17571"}],"curies":[{"name":"wp","href":"https:\/\/api.w.org\/{rel}","templated":true}]}}